{"id":745,"date":"2019-03-28T16:16:09","date_gmt":"2019-03-28T15:16:09","guid":{"rendered":"https:\/\/ship-tracker.org\/?page_id=745"},"modified":"2021-11-08T21:05:13","modified_gmt":"2021-11-08T20:05:13","slug":"cruise-ship-tracker","status":"publish","type":"page","link":"https:\/\/ship-tracker.org\/tr\/cruise-ship-tracker\/","title":{"rendered":"Cruise Gemi Takibi"},"content":{"rendered":"<p><script async src=\"https:\/\/pagead2.googlesyndication.com\/pagead\/js\/adsbygoogle.js\"><span data-mce-type=\"bookmark\" style=\"display: inline-block; width: 0px; overflow: hidden; line-height: 0;\" class=\"mce_SELRES_start\">\ufeff<\/span><span data-mce-type=\"bookmark\" style=\"display: inline-block; width: 0px; overflow: hidden; line-height: 0;\" class=\"mce_SELRES_start\">\ufeff<\/span><\/script><br \/>\n<!-- Ship-Tracker Display --><br \/>\n<ins class=\"adsbygoogle\" style=\"display: block;\" data-ad-client=\"ca-pub-1316785063791781\" data-ad-slot=\"8075999632\" data-ad-format=\"auto\" data-full-width-responsive=\"true\"><\/ins><br \/>\n<script>\n     (adsbygoogle = window.adsbygoogle || []).push({});\n<\/script><\/p>\n<h2 class=\"p1\"><span class=\"s1\">Cruise Gemi Takibi - <\/span>Ger\u00e7ek zamanl\u0131 gemi konumu<\/h2>\n<p><script type=\"text\/javascript\">\nwidth='100%';\nheight='450';\n<\/script><br \/>\n<script type=\"text\/javascript\" src=\"\/\/www.marinetraffic.com\/js\/embed.js\"><\/script><\/p>\n<p><script async src=\"https:\/\/pagead2.googlesyndication.com\/pagead\/js\/adsbygoogle.js\"><\/script><br \/>\n<!-- Schip-Tracker Linkanzeigen --><br \/>\n<ins class=\"adsbygoogle\" style=\"display: block;\" data-ad-client=\"ca-pub-1316785063791781\" data-ad-slot=\"3429004156\" data-ad-format=\"link\" data-full-width-responsive=\"true\"><\/ins><br \/>\n<script>\n     (adsbygoogle = window.adsbygoogle || []).push({});\n<\/script><\/p>\n<p style=\"text-align: justify;\">Gemi takibi en pop\u00fcler kruvaziyer gemisidir. Akrabalar genellikle kruvaziyer gemisinin yolculu\u011funun sorunsuz devam edip etmedi\u011fini veya geminin limana m\u0131 yoksa var\u0131\u015f noktas\u0131na zaman\u0131nda m\u0131 gidece\u011fini bilmek ister.<\/p>\n<p class=\"p1\" style=\"text-align: justify;\"><span class=\"s1\">Belli bir \u015fey var ve seyir izleme izleme bilmek gerekir. Ne t\u00fcr bir ara\u00e7 s\u00fcrd\u00fc\u011f\u00fcn\u00fczde de\u011fil, ayn\u0131 zamanda ve d\u0131\u015far\u0131da oldu\u011funu bilmeniz \u00f6nemlidir. Gl\u00e1b\u00e1lAl AIS tr\u0430\u0441ing ile, geminizin s\u00fcr\u00fcc\u00fclerinin iyi ve g\u00fcvenli oldu\u011funu bildi\u011finiz bir yer oldu\u011funu anlayabilirsiniz. <\/span><\/p>\n<p class=\"p1\" style=\"text-align: justify;\"><span class=\"s1\">Bu, sadece titremesidir ve \u00e7\u00fcnk\u00fc her \u015feyden \u00f6t\u00fcr\u00fc ve \u00e7ok azd\u0131r. E\u011fer i\u015ften ve ayn\u0131 zamanda bir uygulama ve telefonunuzda indirilen var - ve her \u015fey ve her \u015fey i\u00e7in do\u011fru bir \u015fekilde \u00e7al\u0131\u015facak \u015fekilde gezmek olabilir\u00a0<\/span><\/p>\n<h2>Yolcu gemileri nas\u0131l bulunur?<\/h2>\n<p style=\"text-align: justify;\">Kruvaziyer gemilerinin konumu en \u00e7ok arananlard\u0131r. Akrabalar genellikle kruvaziyer gemisinin yolculu\u011funun sorunsuz bir \u015fekilde devam edip etmedi\u011fini veya geminin limana veya var\u0131\u015f noktas\u0131na planlanan zamanda ula\u015f\u0131p ula\u015fmayaca\u011f\u0131n\u0131 bilmek ister. Belirli bir yolcu gemisinin konumunu g\u00f6r\u00fcnt\u00fclemek i\u00e7in sol \u00fcst k\u00f6\u015fedeki b\u00fcy\u00fcte\u00e7 simgesine t\u0131klay\u0131n. Ard\u0131ndan arad\u0131\u011f\u0131n\u0131z geminin ad\u0131n\u0131 girebilirsiniz. Daha sonra gemi mevcut konumunda t\u00fcm bilgilerle birlikte g\u00f6r\u00fcnt\u00fclenecektir.<\/p>\n<figure id=\"attachment_2025\" aria-describedby=\"caption-attachment-2025\" style=\"width: 768px\" class=\"wp-caption aligncenter\"><img loading=\"lazy\" decoding=\"async\" class=\"wp-image-2025 size-full\" src=\"https:\/\/ship-tracker.org\/wp-content\/uploads\/2020\/04\/karte-kreuzfahrt-kreuzfahrtschiff-schiffsposition-schiffsradar-768x388-1.jpg\" alt=\"Yolcu gemileri nas\u0131l bulunur?\" width=\"768\" height=\"388\" srcset=\"https:\/\/ship-tracker.org\/wp-content\/uploads\/2020\/04\/karte-kreuzfahrt-kreuzfahrtschiff-schiffsposition-schiffsradar-768x388-1.jpg 768w, https:\/\/ship-tracker.org\/wp-content\/uploads\/2020\/04\/karte-kreuzfahrt-kreuzfahrtschiff-schiffsposition-schiffsradar-768x388-1-300x152.jpg 300w\" sizes=\"auto, (max-width: 768px) 100vw, 768px\" \/><figcaption id=\"caption-attachment-2025\" class=\"wp-caption-text\">Ekran g\u00f6r\u00fcnt\u00fcs\u00fc \u00a9 Marinetraffic.com<\/figcaption><\/figure>\n<p style=\"text-align: justify;\">Marinetraffic&#039;te yolcu gemileri mavi sembollerle temsil edilir. Burada t\u00fcm yolcu gemilerine genel bir bak\u0131\u015f sa\u011flamak ve belirli aramalar yapmak i\u00e7in kolayca se\u00e7ilebilir.<\/p>\n<h2>Cruise gemilerinin t\u00fcm d\u00fcnyada konumu<\/h2>\n<p style=\"text-align: justify;\">\u00d6zellikle b\u00fcy\u00fck gemilerde en g\u00fcncel konumun her zaman bilinmesi \u00e7ok \u00f6nemlidir. Modern teknoloji sayesinde bu elbette art\u0131k sorun de\u011fil. Bu ama\u00e7la, s\u00f6zde <a href=\"https:\/\/en.wikipedia.org\/wiki\/Automatic_identification_system\" target=\"_blank\" rel=\"noopener noreferrer\">Otomatik Tan\u0131mlama Sistemi<\/a> geminin mevcut konumunu t\u00fcm d\u00fcnyaya da\u011f\u0131t\u0131lan gerekli baz istasyonlar\u0131na kal\u0131c\u0131 olarak g\u00f6nderen kullan\u0131l\u0131r. Asl\u0131nda, bu sisteme sahip gemilerin te\u00e7hizat\u0131 ile ilgili d\u00fcnya \u00e7ap\u0131nda bir d\u00fczenleme vard\u0131r.<\/p>\n<p style=\"text-align: justify;\">Bu y\u00fczden bu sistem her zaman gemide ve elbette aktif olmal\u0131d\u0131r. Sistemin verileri daha sonra de\u011ferlendirilir ve grafiksel olarak i\u015flenir, b\u00f6ylece sizin i\u00e7in kullan\u0131labilir hale getirilir.<\/p>\n<p>Y\u00fczlerce tatilcinin g\u00fcne\u015fi emdi\u011fi ve personel taraf\u0131ndan kendilerini \u015f\u0131martt\u0131\u011f\u0131 klasik yolcu gemisi Mariner Of The Seas&#039;tan, mallar\u0131n d\u00fcnyadaki t\u00fcm \u00fclkelere ta\u015f\u0131nd\u0131\u011f\u0131 b\u00fcy\u00fck konteyner gemisine, gemi se\u00e7imi daha b\u00fcy\u00fck olamazd\u0131.<\/p>\n<h2>Geminin konumu nas\u0131l belirlenir?<\/h2>\n<p style=\"text-align: justify;\">AIS hakk\u0131ndaki ara\u015ft\u0131rman\u0131n tam olarak nas\u0131l \u00e7al\u0131\u015ft\u0131\u011f\u0131n\u0131 merak ediyorsan\u0131z, i\u015fte a\u00e7\u0131klama. AIS, Otomatik Tan\u0131mlama Sisteminin k\u0131sa \u015feklidir. Gemi ve navigasyon verilerini iletmek i\u00e7in kullan\u0131lan bir radyo sistemidir. Gemilerin do\u011fru tan\u0131mlanmas\u0131n\u0131 sa\u011flar. Bu olas\u0131l\u0131k geminin g\u00fcvenli\u011fini b\u00fcy\u00fck \u00f6l\u00e7\u00fcde art\u0131r\u0131r. Gemiler, \u00f6zel vericiler ve al\u0131c\u0131lar arac\u0131l\u0131\u011f\u0131yla AIS \u00fczerinden 2 saniye ila 3 dakika aras\u0131nda d\u00fczenli aral\u0131klarla \u00f6nemli istatistik ve yolculukla ilgili verileri iletir.<\/p>\n<h2>Bu Cruise gemisi radar\u0131 \u00fccretsiz olarak hizmetinizdedir<\/h2>\n<p style=\"text-align: justify;\">Cruise gemisi takip ile ilgileniyorsan\u0131z ve belirli bir gemi pozisyonu belirlemek istiyorsan\u0131z, Marinetraffic.com veya Vesselfinder.com sayfalar\u0131nda do\u011fru yerdesiniz. G\u00fcn\u00fcm\u00fczde, t\u00fcm gemiler mevcut konumlar\u0131n\u0131 s\u00fcrekli olarak iletmelerini sa\u011flayan AIS sistemi ile donat\u0131lm\u0131\u015ft\u0131r.<\/p>\n<p style=\"text-align: justify;\">Bu, verilerin haritaya ger\u00e7ek zamanl\u0131 olarak girilmesini sa\u011flar, b\u00f6ylece bir yolcu gemisi, konteyner gemisi, r\u00f6mork\u00f6r veya hatta bir yat olsun, geminin konumunu evden canl\u0131 olarak takip edebilirsiniz. \u0130ster belirli bir gemi ar\u0131yor olun, ister sadece nakliye ile ilgileniyor olun, AIS sistemi sayesinde d\u00fcnyadaki her gemi haritada tart\u0131\u015f\u0131labilir. Okyanuslar\u0131 ke\u015ffetmek e\u011flencelidir, her g\u00fcn yeni detaylar ortaya \u00e7\u0131kar\u0131r ve herkes i\u00e7in tamamen \u00fccretsizdir.<\/p>\n<p><script async src=\"https:\/\/pagead2.googlesyndication.com\/pagead\/js\/adsbygoogle.js\"><\/script><br \/>\n<!-- Ship-Tracker Display --><br \/>\n<ins class=\"adsbygoogle\" style=\"display: block;\" data-ad-client=\"ca-pub-1316785063791781\" data-ad-slot=\"8075999632\" data-ad-format=\"auto\" data-full-width-responsive=\"true\"><\/ins><br \/>\n<script>\n     (adsbygoogle = window.adsbygoogle || []).push({});\n<\/script><\/p>\n<h2 class=\"p1\"><span class=\"s1\">Crui\u0455\u0435 Gemi Trimleme ile G\u00fcvenlik\u00a0<\/span><\/h2>\n<p class=\"p1\" style=\"text-align: justify;\"><span class=\"s1\">\u00d6zellikle el s\u0131k\u0131\u015fmas\u0131, ellerinizdeki g\u00fcvenlik konusunda g\u00fcvenlidir. Crui\u0455\u0435 Gemi takibi yasal bir kurulu\u015ftur; Her \u015feyin d\u00fczg\u00fcn \u00e7al\u0131\u015ft\u0131\u011f\u0131ndan emin olmak i\u00e7in gerekli olan her \u015fey olabilir. Bir mevkinin kesilmesi, sadece insanlar ve operasyonlar hakk\u0131nda insanlar hakk\u0131nda sadece \u00f6nemli bir trafik de\u011fildir.\u00a0<\/span><\/p>\n<p class=\"p1\" style=\"text-align: justify;\"><span class=\"s1\">Hava durumu g\u00fcncellemeleri ile seyahat ederken s\u00fcr\u00fcc\u00fcleri ka\u00e7\u0131nmak i\u00e7in onlara bir hediye vermek i\u00e7in hava durumu s\u00fcr\u00fcc\u00fcleri ile ayn\u0131 zamanda. Her zamanki gibi, bu tekne i\u00e7in bir gemiden daha iyi bir \u015fekilde bilmeniz gerekir. Bu kullanmak i\u00e7in \u00e7ok ve bu \u00e7al\u0131\u015ft\u0131\u011f\u0131m her rutin olarak yapmak i\u00e7in harika bir yoldur.<\/span><\/p>\n<h3 class=\"p1\"><span class=\"s1\">Dir\u0435\u0441ti\u043en bak\u0131n\u00a0<\/span><\/h3>\n<p class=\"p1\" style=\"text-align: justify;\"><span class=\"s1\">Hi\u00e7bir zaman kendi \u0455hi\u0440iniz i\u00e7in sizi tan\u0131yamazs\u0131n\u0131z, ancak sizi y\u00f6nlendirir. <a href=\"https:\/\/ship-tracker.org\/tr\/vesselfinder\/\">Vesselfind\u0435r<\/a> ba\u015fka bir geminin sizin taraf\u0131n\u0131zdan yap\u0131ld\u0131\u011f\u0131n\u0131 ve sizin yolunuzdan emin olabilirsiniz, bu yollar\u0131n hemen bu \u015fekilde yap\u0131ld\u0131\u011f\u0131ndan emin olun. T\u00fcm g\u00fcvenilir olan her \u015fey, ayn\u0131 zamanda bu hedefe ula\u015fmak i\u00e7in her bir \u015fey, onlar i\u00e7in gidecek kadar h\u0131zl\u0131 olacak ve eri\u015fim olacakt\u0131r. <\/span><\/p>\n<p class=\"p1\" style=\"text-align: justify;\"><span class=\"s1\">Bu bir \u015fey yapmak ya da yapmak izin vermeyin bir \u015fey de\u011fildir. Bu \u00e7ok tutarl\u0131 ve sadece kendi i\u00e7lerinde onlar\u0131n kendi yapmak i\u00e7in g\u00fcvenebilirsiniz.\u00a0<\/span><\/p>\n<p><img loading=\"lazy\" decoding=\"async\" class=\"wp-image-746 size-full aligncenter\" src=\"https:\/\/ship-tracker.org\/wp-content\/uploads\/2019\/03\/cruise-ship-615116_640-1.jpg\" alt=\"Cruise Gemi Takibi\" width=\"640\" height=\"357\" srcset=\"https:\/\/ship-tracker.org\/wp-content\/uploads\/2019\/03\/cruise-ship-615116_640-1.jpg 640w, https:\/\/ship-tracker.org\/wp-content\/uploads\/2019\/03\/cruise-ship-615116_640-1-300x167.jpg 300w\" sizes=\"auto, (max-width: 640px) 100vw, 640px\" \/><\/p>","protected":false},"excerpt":{"rendered":"<p>Yolcu Gemisi Takibi - Ger\u00e7ek zamanl\u0131 gemi konumu Gemi takibi, en pop\u00fcler yolcu gemisi konumudur. Akrabalar genellikle kruvaziyer gemisinin yolculu\u011funun sorunsuz gidip gitmedi\u011fini veya geminin limana veya var\u0131\u015f noktas\u0131na zaman\u0131nda ula\u015f\u0131p ula\u015fmayaca\u011f\u0131n\u0131 bilmek ister. Cruise hakk\u0131nda bilmeniz gereken baz\u0131 \u015feyler var\u2026&nbsp;<a href=\"https:\/\/ship-tracker.org\/tr\/cruise-ship-tracker\/\" rel=\"bookmark\">Devam\u0131n\u0131 oku &quot;<span class=\"screen-reader-text\">Cruise Gemi Takibi<\/span><\/a><\/p>","protected":false},"author":1,"featured_media":0,"parent":0,"menu_order":0,"comment_status":"closed","ping_status":"closed","template":"","meta":{"neve_meta_sidebar":"","neve_meta_container":"","neve_meta_enable_content_width":"","neve_meta_content_width":0,"neve_meta_title_alignment":"","neve_meta_author_avatar":"","neve_post_elements_order":"","neve_meta_disable_header":"","neve_meta_disable_footer":"","neve_meta_disable_title":"","neve_meta_reading_time":"","footnotes":""},"class_list":["post-745","page","type-page","status-publish","hentry"],"yoast_head":"<!-- This site is optimized with the Yoast SEO plugin v26.9 - https:\/\/yoast.com\/product\/yoast-seo-wordpress\/ -->\n<title>Cruise Ship Tracker\u2503Current position location and Specifications<\/title>\n<meta name=\"description\" content=\"Cruise Ship Tracker \u2693 Current position of All Cruise ships \u2713 Ship Tracker \u2713 Live Ship Tracker \u2713 Review and Specifications \u2713 Webcam\" \/>\n<meta name=\"robots\" content=\"index, follow, max-snippet:-1, max-image-preview:large, max-video-preview:-1\" \/>\n<link rel=\"canonical\" href=\"https:\/\/ship-tracker.org\/tr\/cruise-ship-tracker\/\" \/>\n<meta property=\"og:locale\" content=\"tr_TR\" \/>\n<meta property=\"og:type\" content=\"article\" \/>\n<meta property=\"og:title\" content=\"Cruise Ship Tracker\u2503Current position location and Specifications\" \/>\n<meta property=\"og:description\" content=\"Cruise Ship Tracker \u2693 Current position of All Cruise ships \u2713 Ship Tracker \u2713 Live Ship Tracker \u2713 Review and Specifications \u2713 Webcam\" \/>\n<meta property=\"og:url\" content=\"https:\/\/ship-tracker.org\/tr\/cruise-ship-tracker\/\" \/>\n<meta property=\"og:site_name\" content=\"Ship-tracker.org\" \/>\n<meta property=\"article:modified_time\" content=\"2021-11-08T20:05:13+00:00\" \/>\n<meta property=\"og:image\" content=\"https:\/\/ship-tracker.org\/wp-content\/uploads\/2020\/04\/karte-kreuzfahrt-kreuzfahrtschiff-schiffsposition-schiffsradar-768x388-1.jpg\" \/>\n<meta name=\"twitter:card\" content=\"summary_large_image\" \/>\n<meta name=\"twitter:label1\" content=\"Tahmini okuma s\u00fcresi\" \/>\n\t<meta name=\"twitter:data1\" content=\"6 dakika\" \/>\n<script type=\"application\/ld+json\" class=\"yoast-schema-graph\">{\"@context\":\"https:\/\/schema.org\",\"@graph\":[{\"@type\":\"WebPage\",\"@id\":\"https:\/\/ship-tracker.org\/nl\/cruise-ship-tracker\/\",\"url\":\"https:\/\/ship-tracker.org\/nl\/cruise-ship-tracker\/\",\"name\":\"Cruise Ship Tracker\u2503Current position location and Specifications\",\"isPartOf\":{\"@id\":\"https:\/\/ship-tracker.org\/#website\"},\"primaryImageOfPage\":{\"@id\":\"https:\/\/ship-tracker.org\/nl\/cruise-ship-tracker\/#primaryimage\"},\"image\":{\"@id\":\"https:\/\/ship-tracker.org\/nl\/cruise-ship-tracker\/#primaryimage\"},\"thumbnailUrl\":\"https:\/\/ship-tracker.org\/wp-content\/uploads\/2020\/04\/karte-kreuzfahrt-kreuzfahrtschiff-schiffsposition-schiffsradar-768x388-1.jpg\",\"datePublished\":\"2019-03-28T15:16:09+00:00\",\"dateModified\":\"2021-11-08T20:05:13+00:00\",\"description\":\"Cruise Ship Tracker \u2693 Current position of All Cruise ships \u2713 Ship Tracker \u2713 Live Ship Tracker \u2713 Review and Specifications \u2713 Webcam\",\"breadcrumb\":{\"@id\":\"https:\/\/ship-tracker.org\/nl\/cruise-ship-tracker\/#breadcrumb\"},\"inLanguage\":\"tr\",\"potentialAction\":[{\"@type\":\"ReadAction\",\"target\":[\"https:\/\/ship-tracker.org\/nl\/cruise-ship-tracker\/\"]}]},{\"@type\":\"ImageObject\",\"inLanguage\":\"tr\",\"@id\":\"https:\/\/ship-tracker.org\/nl\/cruise-ship-tracker\/#primaryimage\",\"url\":\"https:\/\/ship-tracker.org\/wp-content\/uploads\/2020\/04\/karte-kreuzfahrt-kreuzfahrtschiff-schiffsposition-schiffsradar-768x388-1.jpg\",\"contentUrl\":\"https:\/\/ship-tracker.org\/wp-content\/uploads\/2020\/04\/karte-kreuzfahrt-kreuzfahrtschiff-schiffsposition-schiffsradar-768x388-1.jpg\"},{\"@type\":\"BreadcrumbList\",\"@id\":\"https:\/\/ship-tracker.org\/nl\/cruise-ship-tracker\/#breadcrumb\",\"itemListElement\":[{\"@type\":\"ListItem\",\"position\":1,\"name\":\"Startseite\",\"item\":\"https:\/\/ship-tracker.org\/\"},{\"@type\":\"ListItem\",\"position\":2,\"name\":\"Cruise Ship Tracker\"}]},{\"@type\":\"WebSite\",\"@id\":\"https:\/\/ship-tracker.org\/#website\",\"url\":\"https:\/\/ship-tracker.org\/\",\"name\":\"Ship-tracker.org\",\"description\":\"\",\"potentialAction\":[{\"@type\":\"SearchAction\",\"target\":{\"@type\":\"EntryPoint\",\"urlTemplate\":\"https:\/\/ship-tracker.org\/?s={search_term_string}\"},\"query-input\":{\"@type\":\"PropertyValueSpecification\",\"valueRequired\":true,\"valueName\":\"search_term_string\"}}],\"inLanguage\":\"tr\"}]}<\/script>\n<!-- \/ Yoast SEO plugin. -->","yoast_head_json":{"title":"Cruise Ship Tracker\u2503Ge\u00e7erli konum konumu ve Teknik \u00d6zellikler","description":"Yolcu Gemisi Takibi \u2693 T\u00fcm Yolcu gemilerinin mevcut konumu \u2713 Gemi Takibi \u2713 Canl\u0131 Gemi Takibi \u2713 \u0130nceleme ve \u00d6zellikler \u2713 Web kameras\u0131","robots":{"index":"index","follow":"follow","max-snippet":"max-snippet:-1","max-image-preview":"max-image-preview:large","max-video-preview":"max-video-preview:-1"},"canonical":"https:\/\/ship-tracker.org\/tr\/cruise-ship-tracker\/","og_locale":"tr_TR","og_type":"article","og_title":"Cruise Ship Tracker\u2503Current position location and Specifications","og_description":"Cruise Ship Tracker \u2693 Current position of All Cruise ships \u2713 Ship Tracker \u2713 Live Ship Tracker \u2713 Review and Specifications \u2713 Webcam","og_url":"https:\/\/ship-tracker.org\/tr\/cruise-ship-tracker\/","og_site_name":"Ship-tracker.org","article_modified_time":"2021-11-08T20:05:13+00:00","og_image":[{"url":"https:\/\/ship-tracker.org\/wp-content\/uploads\/2020\/04\/karte-kreuzfahrt-kreuzfahrtschiff-schiffsposition-schiffsradar-768x388-1.jpg","type":"","width":"","height":""}],"twitter_card":"summary_large_image","twitter_misc":{"Tahmini okuma s\u00fcresi":"6 dakika"},"schema":{"@context":"https:\/\/schema.org","@graph":[{"@type":"WebPage","@id":"https:\/\/ship-tracker.org\/nl\/cruise-ship-tracker\/","url":"https:\/\/ship-tracker.org\/nl\/cruise-ship-tracker\/","name":"Cruise Ship Tracker\u2503Ge\u00e7erli konum konumu ve Teknik \u00d6zellikler","isPartOf":{"@id":"https:\/\/ship-tracker.org\/#website"},"primaryImageOfPage":{"@id":"https:\/\/ship-tracker.org\/nl\/cruise-ship-tracker\/#primaryimage"},"image":{"@id":"https:\/\/ship-tracker.org\/nl\/cruise-ship-tracker\/#primaryimage"},"thumbnailUrl":"https:\/\/ship-tracker.org\/wp-content\/uploads\/2020\/04\/karte-kreuzfahrt-kreuzfahrtschiff-schiffsposition-schiffsradar-768x388-1.jpg","datePublished":"2019-03-28T15:16:09+00:00","dateModified":"2021-11-08T20:05:13+00:00","description":"Yolcu Gemisi Takibi \u2693 T\u00fcm Yolcu gemilerinin mevcut konumu \u2713 Gemi Takibi \u2713 Canl\u0131 Gemi Takibi \u2713 \u0130nceleme ve \u00d6zellikler \u2713 Web kameras\u0131","breadcrumb":{"@id":"https:\/\/ship-tracker.org\/nl\/cruise-ship-tracker\/#breadcrumb"},"inLanguage":"tr","potentialAction":[{"@type":"ReadAction","target":["https:\/\/ship-tracker.org\/nl\/cruise-ship-tracker\/"]}]},{"@type":"ImageObject","inLanguage":"tr","@id":"https:\/\/ship-tracker.org\/nl\/cruise-ship-tracker\/#primaryimage","url":"https:\/\/ship-tracker.org\/wp-content\/uploads\/2020\/04\/karte-kreuzfahrt-kreuzfahrtschiff-schiffsposition-schiffsradar-768x388-1.jpg","contentUrl":"https:\/\/ship-tracker.org\/wp-content\/uploads\/2020\/04\/karte-kreuzfahrt-kreuzfahrtschiff-schiffsposition-schiffsradar-768x388-1.jpg"},{"@type":"BreadcrumbList","@id":"https:\/\/ship-tracker.org\/nl\/cruise-ship-tracker\/#breadcrumb","itemListElement":[{"@type":"ListItem","position":1,"name":"Startseite","item":"https:\/\/ship-tracker.org\/"},{"@type":"ListItem","position":2,"name":"Cruise Ship Tracker"}]},{"@type":"WebSite","@id":"https:\/\/ship-tracker.org\/#website","url":"https:\/\/ship-tracker.org\/","name":"Ship-tracker.org","description":"","potentialAction":[{"@type":"SearchAction","target":{"@type":"EntryPoint","urlTemplate":"https:\/\/ship-tracker.org\/?s={search_term_string}"},"query-input":{"@type":"PropertyValueSpecification","valueRequired":true,"valueName":"search_term_string"}}],"inLanguage":"tr"}]}},"_links":{"self":[{"href":"https:\/\/ship-tracker.org\/tr\/wp-json\/wp\/v2\/pages\/745","targetHints":{"allow":["GET"]}}],"collection":[{"href":"https:\/\/ship-tracker.org\/tr\/wp-json\/wp\/v2\/pages"}],"about":[{"href":"https:\/\/ship-tracker.org\/tr\/wp-json\/wp\/v2\/types\/page"}],"author":[{"embeddable":true,"href":"https:\/\/ship-tracker.org\/tr\/wp-json\/wp\/v2\/users\/1"}],"replies":[{"embeddable":true,"href":"https:\/\/ship-tracker.org\/tr\/wp-json\/wp\/v2\/comments?post=745"}],"version-history":[{"count":10,"href":"https:\/\/ship-tracker.org\/tr\/wp-json\/wp\/v2\/pages\/745\/revisions"}],"predecessor-version":[{"id":2026,"href":"https:\/\/ship-tracker.org\/tr\/wp-json\/wp\/v2\/pages\/745\/revisions\/2026"}],"wp:attachment":[{"href":"https:\/\/ship-tracker.org\/tr\/wp-json\/wp\/v2\/media?parent=745"}],"curies":[{"name":"wp","href":"https:\/\/api.w.org\/{rel}","templated":true}]}}