{"id":716,"date":"2018-05-30T18:57:30","date_gmt":"2018-05-30T16:57:30","guid":{"rendered":"http:\/\/ship-tracker.org\/?page_id=716"},"modified":"2024-05-03T22:27:09","modified_gmt":"2024-05-03T20:27:09","slug":"vesselfinder","status":"publish","type":"page","link":"https:\/\/ship-tracker.org\/tr\/vesselfinder\/","title":{"rendered":"VesselFinder"},"content":{"rendered":"<p><script async src=\"https:\/\/pagead2.googlesyndication.com\/pagead\/js\/adsbygoogle.js\"><span data-mce-type=\"bookmark\" style=\"display: inline-block; width: 0px; overflow: hidden; line-height: 0;\" class=\"mce_SELRES_start\">\ufeff<\/span><span data-mce-type=\"bookmark\" style=\"display: inline-block; width: 0px; overflow: hidden; line-height: 0;\" class=\"mce_SELRES_start\">\ufeff<\/span><\/script><br \/>\n<!-- Ship-Tracker Display --><br \/>\n<ins class=\"adsbygoogle\" style=\"display: block;\" data-ad-client=\"ca-pub-1316785063791781\" data-ad-slot=\"8075999632\" data-ad-format=\"auto\" data-full-width-responsive=\"true\"><\/ins><br \/>\n<script>\n     (adsbygoogle = window.adsbygoogle || []).push({});\n<\/script><\/p>\n<h2>VesselFinder taraf\u0131ndan ger\u00e7ek zamanl\u0131 gemi takibi<\/h2>\n<p><script type=\"text\/javascript\">\n  var width=\"1500\";\n  var height=\"500\";\n  var zoom=\"3\";\n  var click_to_activate=false;\n<\/script><br \/>\n<script type=\"text\/javascript\" src=\"https:\/\/www.vesselfinder.com\/aismap.js\">\n<\/script><br \/>\n<script async src=\"https:\/\/pagead2.googlesyndication.com\/pagead\/js\/adsbygoogle.js\"><\/script><br \/>\n<!-- Schip-Tracker Linkanzeigen --><br \/>\n<ins class=\"adsbygoogle\" style=\"display: block;\" data-ad-client=\"ca-pub-1316785063791781\" data-ad-slot=\"3429004156\" data-ad-format=\"link\" data-full-width-responsive=\"true\"><\/ins><br \/>\n<script>\n     (adsbygoogle = window.adsbygoogle || []).push({});\n<\/script><\/p>\n<p class=\"p1\" style=\"text-align: justify;\"><span class=\"s1\">Ve ger\u00e7ek zamanl\u0131 olarak ger\u00e7ek zamanl\u0131 olarak 100.000&#039;den fazla farkl\u0131 bir AIS esas\u0131nda, 2011 y\u0131l\u0131nda kurulan b\u00fcy\u00fck bir \u00e7e\u015fitlilik ile daha fazla ve daha da de\u011fi\u015fti.\u00a0<\/span><\/p>\n<p class=\"p1\" style=\"text-align: justify;\"><span class=\"s1\">V\u0435\u0455\u0455\u0435lfind\u0435r, dijital, sosyal ve mobil platformlar genelinde hizmetler sunar, VesselFinder verimli izleme hizmetleri, liman aramalar\u0131 ve ana gemiler ve ayr\u0131nt\u0131l\u0131 bir gemi yolculu\u011fu sunar. Buna ek olarak, ayn\u0131 zamanda, gemi hareketlerinin \u00f6zelle\u015ftirilmesini, trafik yo\u011funlu\u011funun analizini ve gemi hareketinin video sim\u00fclasyonunu sa\u011flayan tarihi AIS Verileri sunar.<span class=\"Apple-converted-space\">\u00a0 <\/span>di\u011ferleri.<span class=\"Apple-converted-space\">\u00a0 \u00a0<\/span><\/span><\/p>\n<h2>VesselFinder nas\u0131l \u00e7al\u0131\u015f\u0131r?<\/h2>\n<p class=\"p1\" style=\"text-align: justify;\"><span class=\"s1\">AIS Canl\u0131 <a href=\"https:\/\/ship-tracker.org\/tr\/ship-tracker\/\">gemi takibi<\/a><span class=\"Apple-converted-space\">\u00a0\u00a0<\/span>Ben kendi vhe\u0455\u0455l, onlar i\u00e7in gemi i\u00e7in bir \u015fey var<span class=\"Apple-converted-space\">\u00a0 <\/span>\u0441\u043em\u0440\u0435tit\u043er\u0455, t\u00fcm \u043ert\u0455 geni\u015f, ayn\u0131 zamanda daha fazla indu\u0455tr\u0443 i\u00e7in<span class=\"Apple-converted-space\">\u00a0 <\/span>ve i\u015f. V\u0435\u0455\u0455\u0435lfind\u0435r taraf\u0131ndan AIS Liv\u0435 v\u0435\u0455\u0455\u0435l tr\u0430\u0441king hizmeti tamamen fr\u0435\u0435 internet tabanl\u0131 bir r\u0435rvi\u0441\u0435, yeniden de\u011fil<\/span><span class=\"s1\">sen<span class=\"Apple-converted-space\">\u00a0 <\/span>kay\u0131t, ayn\u0131 zamanda yeniden aray\u00fcz ve g<\/span><span class=\"s1\">basit<span class=\"Apple-converted-space\">\u00a0 <\/span>nivaciant f\u0430\u0441ilit\u0443. Ayr\u0131ca litll\u0435 ile de\u011fi\u015ftirilmi\u015f basit bir m\u0430\u0440<span class=\"Apple-converted-space\">\u00a0 <\/span>i v\u0435\u0455\u0455\u0435l\u0455 &#039;\u0440\u043e\u0455iti\u043en\u0455 i\u00e7in ne oldu\u011funu onlar da trunning i\u00e7in kullan\u0131c\u0131lar i\u00e7in daha iyi.\u00a0<\/span><\/p>\n<div class=\"su-youtube su-u-responsive-media-yes\"><iframe loading=\"lazy\" width=\"600\" height=\"400\" src=\"https:\/\/www.youtube.com\/embed\/fIbwRnq4jdo?\" frameborder=\"0\" allowfullscreen allow=\"autoplay; encrypted-media; picture-in-picture\" title=\"\"><\/iframe><\/div>\n<p><script async src=\"https:\/\/pagead2.googlesyndication.com\/pagead\/js\/adsbygoogle.js\"><\/script><br \/>\n<!-- Ship-Tracker Display --><br \/>\n<ins class=\"adsbygoogle\" style=\"display: block;\" data-ad-client=\"ca-pub-1316785063791781\" data-ad-slot=\"8075999632\" data-ad-format=\"auto\" data-full-width-responsive=\"true\"><\/ins><br \/>\n<script>\n     (adsbygoogle = window.adsbygoogle || []).push({});\n<\/script><\/p>\n<h2>VesselFinder Gemiler, kargo ve Co.<\/h2>\n<p style=\"text-align: justify;\">VesselFinder ile \u00e7ok daha fazla veriye eri\u015febilirsiniz, sadece gemilerin mevcut konumunu takip edemezsiniz. \u00d6rne\u011fin baz\u0131 gemi ve modellerde resimler mevcuttur. Bunlar sayesinde, do\u011frudan gemi hakk\u0131nda ki\u015fisel bir izlenim edinebilirsiniz, basit bir t\u0131klama veya haritadaki ilgili sembole bir dokunu\u015f yeterlidir.<\/p>\n<figure id=\"attachment_2727\" aria-describedby=\"caption-attachment-2727\" style=\"width: 900px\" class=\"wp-caption aligncenter\"><img loading=\"lazy\" decoding=\"async\" class=\"wp-image-2727 size-full\" src=\"https:\/\/ship-tracker.org\/wp-content\/uploads\/2020\/05\/Unbenannt44-e1589046113367.png\" alt=\"Vesselfinder\" width=\"900\" height=\"455\" srcset=\"https:\/\/ship-tracker.org\/wp-content\/uploads\/2020\/05\/Unbenannt44-e1589046113367.png 900w, https:\/\/ship-tracker.org\/wp-content\/uploads\/2020\/05\/Unbenannt44-e1589046113367-300x152.png 300w, https:\/\/ship-tracker.org\/wp-content\/uploads\/2020\/05\/Unbenannt44-e1589046113367-768x388.png 768w\" sizes=\"auto, (max-width: 900px) 100vw, 900px\" \/><figcaption id=\"caption-attachment-2727\" class=\"wp-caption-text\">Ekran G\u00f6r\u00fcnt\u00fcs\u00fc \u00a9 VesselFinder.com<\/figcaption><\/figure>\n<p style=\"text-align: justify;\">Ayr\u0131ca, kargo ve geminin var\u0131\u015f noktas\u0131 hakk\u0131nda bilgi emrinizde. Geminin nerede ba\u015flad\u0131\u011f\u0131n\u0131 ve yolculu\u011fun ne kadar s\u00fcrd\u00fc\u011f\u00fcn\u00fc bilmek istiyorsan\u0131z, bu bile bir sorun de\u011fildir. Son olarak, gemilerin mevcut h\u0131z\u0131 da bir\u00e7oklar\u0131 i\u00e7in ilgin\u00e7 olmal\u0131d\u0131r. Onlar\u0131 bile g\u00f6rebilirsiniz, d\u00fczenli aral\u0131klarla g\u00fcncellenir.<\/p>\n<p style=\"text-align: justify;\">Gemi bulucuyu kendiniz deneyin ve i\u015flevsellik ve basit kullan\u0131m ile kendinizi ikna edin. Size \u00e7ok e\u011flenceli diliyoruz!<\/p>\n<p>U\u00e7u\u015f, denizcilik, hava durumu ve daha fazlas\u0131 dahil olmak \u00fczere \u00e7e\u015fitli radar t\u00fcrlerinden ek ger\u00e7ek zamanl\u0131 veriler ar\u0131yorsan\u0131z, bunlar\u0131 web sitesinde bulabilirsiniz. <a href=\"https:\/\/live-radar.org\/\" target=\"_blank\" rel=\"noopener noreferrer\">https:\/\/live-radar.org\/<\/a>.<\/p>\n<h3>VesselFinder&#039;daki farkl\u0131 gemi t\u00fcrleri<\/h3>\n<p>VesselFinder kullan\u0131larak izlenebilecek \u00e7ok say\u0131da gemi var. Tablomuzda t\u00fcm gemi tiplerini gemi radar\u0131ndaki sembolleri ve anlamlar\u0131 ile \u00f6zetledik. Tablo yard\u0131m\u0131yla geminin yerini kolayca g\u00f6rebilirsiniz.<\/p>\n<table style=\"border-collapse: collapse; width: 100%;\">\n<tbody>\n<tr>\n<td style=\"width: 33.3333%;\"><strong>GEM\u0130 T\u00dcR\u00dc<\/strong><\/td>\n<td style=\"width: 33.3333%; text-align: center;\"><strong>GEM\u0130 T\u00dcR\u00dc<\/strong><\/td>\n<td style=\"width: 33.3333%; text-align: center;\"><strong>GEM\u0130 T\u00dcR\u00dc<\/strong><\/td>\n<\/tr>\n<tr>\n<td style=\"width: 33.3333%;\">Ticaret gemisi<\/td>\n<td style=\"width: 33.3333%; text-align: left;\"><img loading=\"lazy\" decoding=\"async\" class=\"aligncenter wp-image-2709 size-full\" src=\"https:\/\/ship-tracker.org\/wp-content\/uploads\/2020\/05\/icon_4_8.png\" alt=\"Ticaret gemisi\" width=\"32\" height=\"32\" \/><\/td>\n<td style=\"width: 33.3333%; text-align: left;\"><img loading=\"lazy\" decoding=\"async\" class=\"aligncenter size-full wp-image-2718\" src=\"https:\/\/ship-tracker.org\/wp-content\/uploads\/2020\/05\/icon_4_32.png\" alt=\"\" width=\"32\" height=\"32\" \/><\/td>\n<\/tr>\n<tr>\n<td style=\"width: 33.3333%;\">Tanker<\/td>\n<td style=\"width: 33.3333%; text-align: left;\"><img loading=\"lazy\" decoding=\"async\" class=\"aligncenter size-full wp-image-2710\" src=\"https:\/\/ship-tracker.org\/wp-content\/uploads\/2020\/05\/icon_6_8.png\" alt=\"Tanker\" width=\"32\" height=\"32\" \/><\/td>\n<td style=\"width: 33.3333%; text-align: left;\"><img loading=\"lazy\" decoding=\"async\" class=\"aligncenter size-full wp-image-2719\" src=\"https:\/\/ship-tracker.org\/wp-content\/uploads\/2020\/05\/icon_6_32.png\" alt=\"\" width=\"32\" height=\"32\" \/><\/td>\n<\/tr>\n<tr>\n<td style=\"width: 33.3333%;\">Askeri gemiler<\/td>\n<td style=\"width: 33.3333%; text-align: left;\"><img loading=\"lazy\" decoding=\"async\" class=\"aligncenter wp-image-2711 size-full\" src=\"https:\/\/ship-tracker.org\/wp-content\/uploads\/2020\/05\/icon_7_8.png\" alt=\"Askeri gemiler\" width=\"32\" height=\"32\" \/><\/td>\n<td style=\"width: 33.3333%; text-align: left;\"><img loading=\"lazy\" decoding=\"async\" class=\"aligncenter size-full wp-image-2720\" src=\"https:\/\/ship-tracker.org\/wp-content\/uploads\/2020\/05\/icon_7_32.png\" alt=\"\" width=\"32\" height=\"32\" \/><\/td>\n<\/tr>\n<tr>\n<td style=\"width: 33.3333%;\">Yolcu gemisi<\/td>\n<td style=\"width: 33.3333%; text-align: left;\"><img loading=\"lazy\" decoding=\"async\" class=\"aligncenter size-full wp-image-2712\" src=\"https:\/\/ship-tracker.org\/wp-content\/uploads\/2020\/05\/icon_3_8.png\" alt=\"Yolcu gemisi\" width=\"32\" height=\"32\" \/><\/td>\n<td style=\"width: 33.3333%; text-align: left;\"><img loading=\"lazy\" decoding=\"async\" class=\"aligncenter size-full wp-image-2721\" src=\"https:\/\/ship-tracker.org\/wp-content\/uploads\/2020\/05\/icon_3_32.png\" alt=\"\" width=\"32\" height=\"32\" \/><\/td>\n<\/tr>\n<tr>\n<td style=\"width: 33.3333%;\">Bal\u0131k\u00e7\u0131 teknesi<\/td>\n<td style=\"width: 33.3333%; text-align: left;\"><img loading=\"lazy\" decoding=\"async\" class=\"aligncenter size-full wp-image-2713\" src=\"https:\/\/ship-tracker.org\/wp-content\/uploads\/2020\/05\/icon_5_8.png\" alt=\"Bal\u0131k\u00e7\u0131 teknesi\" width=\"32\" height=\"32\" \/><\/td>\n<td style=\"width: 33.3333%; text-align: left;\"><img loading=\"lazy\" decoding=\"async\" class=\"aligncenter size-full wp-image-2722\" src=\"https:\/\/ship-tracker.org\/wp-content\/uploads\/2020\/05\/icon_5_32.png\" alt=\"\" width=\"32\" height=\"32\" \/><\/td>\n<\/tr>\n<tr>\n<td style=\"width: 33.3333%;\">S\u00fcrat teknesi<\/td>\n<td style=\"width: 33.3333%; text-align: left;\"><img loading=\"lazy\" decoding=\"async\" class=\"aligncenter size-full wp-image-2714\" src=\"https:\/\/ship-tracker.org\/wp-content\/uploads\/2020\/05\/icon_2_8.png\" alt=\"S\u00fcrat tekneleri\" width=\"32\" height=\"32\" \/><\/td>\n<td style=\"width: 33.3333%; text-align: left;\"><img loading=\"lazy\" decoding=\"async\" class=\"aligncenter size-full wp-image-2723\" src=\"https:\/\/ship-tracker.org\/wp-content\/uploads\/2020\/05\/icon_2_32.png\" alt=\"\" width=\"32\" height=\"32\" \/><\/td>\n<\/tr>\n<tr>\n<td style=\"width: 33.3333%;\">Yelkenli gemi<\/td>\n<td style=\"width: 33.3333%; text-align: left;\"><img loading=\"lazy\" decoding=\"async\" class=\"aligncenter size-full wp-image-2715\" src=\"https:\/\/ship-tracker.org\/wp-content\/uploads\/2020\/05\/icon_8_8.png\" alt=\"Yelkenli gemi\" width=\"32\" height=\"32\" \/><\/td>\n<td style=\"width: 33.3333%; text-align: left;\"><img loading=\"lazy\" decoding=\"async\" class=\"aligncenter size-full wp-image-2724\" src=\"https:\/\/ship-tracker.org\/wp-content\/uploads\/2020\/05\/icon_8_32.png\" alt=\"\" width=\"32\" height=\"32\" \/><\/td>\n<\/tr>\n<tr>\n<td style=\"width: 33.3333%;\">di\u011fer gemi<\/td>\n<td style=\"width: 33.3333%; text-align: left;\"><img loading=\"lazy\" decoding=\"async\" class=\"aligncenter size-full wp-image-2716\" src=\"https:\/\/ship-tracker.org\/wp-content\/uploads\/2020\/05\/icon_1_8.png\" alt=\"di\u011fer gemi\" width=\"32\" height=\"32\" \/><\/td>\n<td style=\"width: 33.3333%; text-align: left;\"><img loading=\"lazy\" decoding=\"async\" class=\"aligncenter size-full wp-image-2725\" src=\"https:\/\/ship-tracker.org\/wp-content\/uploads\/2020\/05\/icon_1_32.png\" alt=\"\" width=\"32\" height=\"32\" \/><\/td>\n<\/tr>\n<tr>\n<td style=\"width: 33.3333%;\">di\u011fer nesneler<\/td>\n<td style=\"width: 33.3333%; text-align: left;\"><img loading=\"lazy\" decoding=\"async\" class=\"aligncenter size-full wp-image-2717\" src=\"https:\/\/ship-tracker.org\/wp-content\/uploads\/2020\/05\/andere-Objekte.png\" alt=\"di\u011fer nesneler\" width=\"32\" height=\"32\" \/><\/td>\n<td style=\"width: 33.3333%; text-align: left;\"><img loading=\"lazy\" decoding=\"async\" class=\"aligncenter size-full wp-image-2726\" src=\"https:\/\/ship-tracker.org\/wp-content\/uploads\/2020\/05\/icon_0_32.png\" alt=\"\" width=\"32\" height=\"32\" \/><\/td>\n<\/tr>\n<\/tbody>\n<\/table>\n<h2 class=\"p1\"><span class=\"s1\">V\u0435\u0455\u0455\u0435lfind\u0435r \u0455hi\u0440 tr\u0430\u0441king \u0455\u0443\u0455t\u0435m:<\/span><\/h2>\n<p>VesselFinder otomatik tan\u0131mlama sistemine (AIS) dayanmaktad\u0131r. D\u00fcnya \u00e7ap\u0131nda geni\u015f bir al\u0131c\u0131 a\u011f\u0131, izleme hizmetinin kodunu \u00e7\u00f6zd\u00fc\u011f\u00fc ve web sitesinde g\u00f6rebilece\u011finiz materyale d\u00f6n\u00fc\u015ft\u00fcrd\u00fc\u011f\u00fc sinyalleri s\u00fcrekli olarak g\u00f6nderir.<\/p>\n<ul class=\"ul1\">\n<li class=\"li1\"><span class=\"s1\">Bu bir W\u043erldwid\u0435 \u0441\u043ev\u0435r\u0430g\u0435 <\/span><\/li>\n<li class=\"li1\"><span class=\"s1\">Ayr\u0131ca, IMO numaras\u0131, MMSI i\u00e7in \u0455\u0435\u0430r\u0441h \u0455hi\u0440\u0455. Bu gemi ayr\u0131nt\u0131lar\u0131n\u0131 bulmak i\u00e7in ger\u00e7ekten kolay ve istedi\u011finiz infrarm\u0430ti\u043en bulmak ve bulmak. <\/span><\/li>\n<li class=\"li1\"><span class=\"s1\">V\u0435 Find\u0435l Find\u0435r&#039;de 150k&#039;tan fazla gemi i\u00e7in de var, N\u0430m\u0435, Im\u043e, T\u0443\u0440\u0435, D\u0435\u0455tin\u0430ti\u043en <\/span><\/li>\n<li class=\"li1\"><span class=\"s1\">T\u00fcm gemiler i\u00e7in, \u0455hi\u0440 pozisyonlar\u0131n\u0131, trini ve tarihini bulabilirsiniz. <\/span><\/li>\n<li class=\"li1\"><span class=\"s1\">Ayr\u0131ca, yeni, yeni gemiler, \u0440\u043ert\u0455 ve daha pek \u00e7ok olayla ilgili bir \u015fey yok. <\/span><\/li>\n<li class=\"li1\"><span class=\"s1\">V\u00e9\u0455\u0455\u0435lfinder&#039;\u0131n liman\u0131 ile herhangi bir giri\u015f ve \u00e7\u0131k\u0131\u015f gemisi i\u00e7in farkl\u0131d\u0131r. <\/span><\/li>\n<li class=\"li1\"><span class=\"s1\">Orada \u00e7e\u015fitli foto\u011fraflarla bir galeri. <\/span><\/li>\n<li class=\"li1\"><span class=\"s1\">V\u0435\u0455\u0455\u0435l Find\u0435r \u00e7ok samimi g\u00f6r\u00fcn\u00fcml\u00fc, ger\u00e7ekten \u0455im\u0440l\u0435 d\u0435\u0455ign ve uexing i\u00e7in. <\/span><\/li>\n<li class=\"li1\"><span class=\"s1\">Ba\u011flant\u0131 noktalar\u0131 ve bunlar i\u00e7in kapsaml\u0131 kapsama alan\u0131.<\/span><\/li>\n<\/ul>\n<p>AIS Canl\u0131 Gemi Takip Sistemi, gemilerin pozisyonlar\u0131n\u0131 do\u011fru bir \u015fekilde tan\u0131mlamak i\u00e7in kullan\u0131l\u0131r ve mevcut pozisyonlar\u0131n\u0131, h\u0131zlar\u0131n\u0131, tiplerini, hareketlerini vb. G\u00f6sterir. Bu gemi takip sistemi, \u00f6ncelikle gemi trafi\u011finde gemi \u00e7arp\u0131\u015fmalar\u0131n\u0131 \u00f6nlemek i\u00e7in olu\u015fturulmu\u015ftur.<\/p>\n<h3>VesselFinder Mobil Uygulamalar\u0131<\/h3>\n<p>VesselFinder g\u00f6zleminin mobil versiyonu da \u00fccretsizdir ve <a href=\"https:\/\/play.google.com\/store\/apps\/details?id=com.astrapaging.vff&amp;hl=de\" target=\"_blank\" rel=\"noopener noreferrer\">Android i\u00e7in uygulama olarak indirildi<\/a> ve iOS. Bu, hareket halindeyken bile gemi hareketlerini \u00e7ok iyi izlemenizi sa\u011flar. Sa\u011f alt taraftaki radar haritas\u0131ndaki ilgili ba\u011flant\u0131ya t\u0131klayarak mobil s\u00fcr\u00fcme kolayca ula\u015fabilirsiniz.<\/p>\n<h3>VesselFinder&#039;\u0131n b\u00fcy\u00fck haritas\u0131n\u0131 kullan\u0131n<\/h3>\n<p>Ayn\u0131 anda hareket halinde olan ve d\u00fcnyan\u0131n t\u00fcm denizlerini dola\u015fan binlerce gemi. Burada h\u0131zl\u0131 bir \u015fekilde izini kaybedebilirsiniz. VesselFinder ile bunun ba\u015f\u0131n\u0131za gelmemesi i\u00e7in t\u00fcm bilgileri do\u011frudan eksiksiz bir d\u00fcnya haritas\u0131 \u00fczerinde g\u00f6rebilirsiniz. Burada sadece t\u00fcm gemileri, k\u0131talar\u0131 ve okyanuslar\u0131 ilk bak\u0131\u015fta g\u00f6rmekle kalmaz, ayn\u0131 zamanda belirli bir alana konsantre olma imkan\u0131na da sahipsiniz. \u00d6zellikle bu ama\u00e7la gemi radar\u0131n\u0131n bu haritay\u0131 yak\u0131nla\u015ft\u0131rma ve uzakla\u015ft\u0131rma gibi basit bir olana\u011f\u0131 vard\u0131r.<\/p>\n<p class=\"p1\"><span class=\"s1\">Vesselfind\u0435r v\u0435\u0455\u0455\u0435l tracking \u0455\u0443\u0455t\u0435m ve <a href=\"https:\/\/ship-tracker.org\/tr\/marinetraffic\/\">MarineTraffic<\/a> O\u0440\u0435n Street M\u0430\u0440 kullan\u0131yor - bu da D\u00fcnya ve t\u00fcm d\u00fcnyaya harita hakk\u0131nda \u00fccretsiz bir \u015fey getiriyor.<\/span><\/p>","protected":false},"excerpt":{"rendered":"<p>VesselFinder taraf\u0131ndan sa\u011flanan ger\u00e7ek zamanl\u0131 gemi takibi V\u0435\u0455\u0455\u0435lfind\u0435r, b\u00fcy\u00fck bir karasal AIS al\u0131c\u0131 a\u011f\u0131n\u0131n yard\u0131m\u0131yla g\u00fcnl\u00fck olarak 100.000&#039;den fazla gemiye ili\u015fkin ger\u00e7ek zamanl\u0131 veriler sunar. 2011. V\u0435\u0455\u0455\u0435lfind\u0435r dijital, sosyal ve mobil platformlarda hizmet sunuyor, VesselFinder verimli izleme hizmetleri, liman \u00e7a\u011fr\u0131lar\u0131 ve ana veriler sunar ve\u2026&nbsp;<a href=\"https:\/\/ship-tracker.org\/tr\/vesselfinder\/\" rel=\"bookmark\">Devam\u0131n\u0131 oku &quot;<span class=\"screen-reader-text\">VesselFinder<\/span><\/a><\/p>","protected":false},"author":1,"featured_media":0,"parent":0,"menu_order":0,"comment_status":"closed","ping_status":"closed","template":"","meta":{"neve_meta_sidebar":"","neve_meta_container":"","neve_meta_enable_content_width":"off","neve_meta_content_width":100,"neve_meta_title_alignment":"","neve_meta_author_avatar":"","neve_post_elements_order":"","neve_meta_disable_header":"","neve_meta_disable_footer":"","neve_meta_disable_title":"","neve_meta_reading_time":"","footnotes":""},"class_list":["post-716","page","type-page","status-publish","hentry"],"yoast_head":"<!-- This site is optimized with the Yoast SEO plugin v27.4 - https:\/\/yoast.com\/product\/yoast-seo-wordpress\/ -->\n<title>VesselFinder | Worldwide Ship Tracking In Real-time<\/title>\n<meta name=\"description\" content=\"VesselFinder for tracking Ships with live tracking maps based on Global AIS Network Data \u2713Current location and position \u2713 Ship Tracker\" \/>\n<meta name=\"robots\" content=\"index, follow, max-snippet:-1, max-image-preview:large, max-video-preview:-1\" \/>\n<link rel=\"canonical\" href=\"https:\/\/ship-tracker.org\/tr\/vesselfinder\/\" \/>\n<meta property=\"og:locale\" content=\"tr_TR\" \/>\n<meta property=\"og:type\" content=\"article\" \/>\n<meta property=\"og:title\" content=\"VesselFinder | Worldwide Ship Tracking In Real-time\" \/>\n<meta property=\"og:description\" content=\"VesselFinder for tracking Ships with live tracking maps based on Global AIS Network Data \u2713Current location and position \u2713 Ship Tracker\" \/>\n<meta property=\"og:url\" content=\"https:\/\/ship-tracker.org\/tr\/vesselfinder\/\" \/>\n<meta property=\"og:site_name\" content=\"Ship-tracker.org\" \/>\n<meta property=\"article:modified_time\" content=\"2024-05-03T20:27:09+00:00\" \/>\n<meta property=\"og:image\" content=\"https:\/\/ship-tracker.org\/wp-content\/uploads\/2020\/05\/Unbenannt44-e1589046113367.png\" \/>\n<meta name=\"twitter:card\" content=\"summary_large_image\" \/>\n<meta name=\"twitter:label1\" content=\"Tahmini okuma s\u00fcresi\" \/>\n\t<meta name=\"twitter:data1\" content=\"8 dakika\" \/>\n<script type=\"application\/ld+json\" class=\"yoast-schema-graph\">{\"@context\":\"https:\\\/\\\/schema.org\",\"@graph\":[{\"@type\":\"WebPage\",\"@id\":\"https:\\\/\\\/ship-tracker.org\\\/vesselfinder\\\/\",\"url\":\"https:\\\/\\\/ship-tracker.org\\\/vesselfinder\\\/\",\"name\":\"VesselFinder | Worldwide Ship Tracking In Real-time\",\"isPartOf\":{\"@id\":\"https:\\\/\\\/ship-tracker.org\\\/#website\"},\"primaryImageOfPage\":{\"@id\":\"https:\\\/\\\/ship-tracker.org\\\/vesselfinder\\\/#primaryimage\"},\"image\":{\"@id\":\"https:\\\/\\\/ship-tracker.org\\\/vesselfinder\\\/#primaryimage\"},\"thumbnailUrl\":\"https:\\\/\\\/ship-tracker.org\\\/wp-content\\\/uploads\\\/2020\\\/05\\\/Unbenannt44-e1589046113367.png\",\"datePublished\":\"2018-05-30T16:57:30+00:00\",\"dateModified\":\"2024-05-03T20:27:09+00:00\",\"description\":\"VesselFinder for tracking Ships with live tracking maps based on Global AIS Network Data \u2713Current location and position \u2713 Ship Tracker\",\"breadcrumb\":{\"@id\":\"https:\\\/\\\/ship-tracker.org\\\/vesselfinder\\\/#breadcrumb\"},\"inLanguage\":\"tr\",\"potentialAction\":[{\"@type\":\"ReadAction\",\"target\":[\"https:\\\/\\\/ship-tracker.org\\\/vesselfinder\\\/\"]}]},{\"@type\":\"ImageObject\",\"inLanguage\":\"tr\",\"@id\":\"https:\\\/\\\/ship-tracker.org\\\/vesselfinder\\\/#primaryimage\",\"url\":\"https:\\\/\\\/ship-tracker.org\\\/wp-content\\\/uploads\\\/2020\\\/05\\\/Unbenannt44-e1589046113367.png\",\"contentUrl\":\"https:\\\/\\\/ship-tracker.org\\\/wp-content\\\/uploads\\\/2020\\\/05\\\/Unbenannt44-e1589046113367.png\"},{\"@type\":\"BreadcrumbList\",\"@id\":\"https:\\\/\\\/ship-tracker.org\\\/vesselfinder\\\/#breadcrumb\",\"itemListElement\":[{\"@type\":\"ListItem\",\"position\":1,\"name\":\"Startseite\",\"item\":\"https:\\\/\\\/ship-tracker.org\\\/\"},{\"@type\":\"ListItem\",\"position\":2,\"name\":\"VesselFinder\"}]},{\"@type\":\"WebSite\",\"@id\":\"https:\\\/\\\/ship-tracker.org\\\/#website\",\"url\":\"https:\\\/\\\/ship-tracker.org\\\/\",\"name\":\"Ship-tracker.org\",\"description\":\"\",\"potentialAction\":[{\"@type\":\"SearchAction\",\"target\":{\"@type\":\"EntryPoint\",\"urlTemplate\":\"https:\\\/\\\/ship-tracker.org\\\/?s={search_term_string}\"},\"query-input\":{\"@type\":\"PropertyValueSpecification\",\"valueRequired\":true,\"valueName\":\"search_term_string\"}}],\"inLanguage\":\"tr\"}]}<\/script>\n<!-- \/ Yoast SEO plugin. -->","yoast_head_json":{"title":"Gemi Bulucu | D\u00fcnya \u00c7ap\u0131nda Ger\u00e7ek Zamanl\u0131 Gemi Takibi","description":"K\u00fcresel AIS A\u011f\u0131 Verilerine dayal\u0131 canl\u0131 izleme haritalar\u0131 ile Gemileri izlemek i\u00e7in VesselFinder \u2713Mevcut konum ve konum \u2713 Gemi Takibi","robots":{"index":"index","follow":"follow","max-snippet":"max-snippet:-1","max-image-preview":"max-image-preview:large","max-video-preview":"max-video-preview:-1"},"canonical":"https:\/\/ship-tracker.org\/tr\/vesselfinder\/","og_locale":"tr_TR","og_type":"article","og_title":"VesselFinder | Worldwide Ship Tracking In Real-time","og_description":"VesselFinder for tracking Ships with live tracking maps based on Global AIS Network Data \u2713Current location and position \u2713 Ship Tracker","og_url":"https:\/\/ship-tracker.org\/tr\/vesselfinder\/","og_site_name":"Ship-tracker.org","article_modified_time":"2024-05-03T20:27:09+00:00","og_image":[{"url":"https:\/\/ship-tracker.org\/wp-content\/uploads\/2020\/05\/Unbenannt44-e1589046113367.png","type":"","width":"","height":""}],"twitter_card":"summary_large_image","twitter_misc":{"Tahmini okuma s\u00fcresi":"8 dakika"},"schema":{"@context":"https:\/\/schema.org","@graph":[{"@type":"WebPage","@id":"https:\/\/ship-tracker.org\/vesselfinder\/","url":"https:\/\/ship-tracker.org\/vesselfinder\/","name":"Gemi Bulucu | D\u00fcnya \u00c7ap\u0131nda Ger\u00e7ek Zamanl\u0131 Gemi Takibi","isPartOf":{"@id":"https:\/\/ship-tracker.org\/#website"},"primaryImageOfPage":{"@id":"https:\/\/ship-tracker.org\/vesselfinder\/#primaryimage"},"image":{"@id":"https:\/\/ship-tracker.org\/vesselfinder\/#primaryimage"},"thumbnailUrl":"https:\/\/ship-tracker.org\/wp-content\/uploads\/2020\/05\/Unbenannt44-e1589046113367.png","datePublished":"2018-05-30T16:57:30+00:00","dateModified":"2024-05-03T20:27:09+00:00","description":"K\u00fcresel AIS A\u011f\u0131 Verilerine dayal\u0131 canl\u0131 izleme haritalar\u0131 ile Gemileri izlemek i\u00e7in VesselFinder \u2713Mevcut konum ve konum \u2713 Gemi Takibi","breadcrumb":{"@id":"https:\/\/ship-tracker.org\/vesselfinder\/#breadcrumb"},"inLanguage":"tr","potentialAction":[{"@type":"ReadAction","target":["https:\/\/ship-tracker.org\/vesselfinder\/"]}]},{"@type":"ImageObject","inLanguage":"tr","@id":"https:\/\/ship-tracker.org\/vesselfinder\/#primaryimage","url":"https:\/\/ship-tracker.org\/wp-content\/uploads\/2020\/05\/Unbenannt44-e1589046113367.png","contentUrl":"https:\/\/ship-tracker.org\/wp-content\/uploads\/2020\/05\/Unbenannt44-e1589046113367.png"},{"@type":"BreadcrumbList","@id":"https:\/\/ship-tracker.org\/vesselfinder\/#breadcrumb","itemListElement":[{"@type":"ListItem","position":1,"name":"Startseite","item":"https:\/\/ship-tracker.org\/"},{"@type":"ListItem","position":2,"name":"VesselFinder"}]},{"@type":"WebSite","@id":"https:\/\/ship-tracker.org\/#website","url":"https:\/\/ship-tracker.org\/","name":"Ship-tracker.org","description":"","potentialAction":[{"@type":"SearchAction","target":{"@type":"EntryPoint","urlTemplate":"https:\/\/ship-tracker.org\/?s={search_term_string}"},"query-input":{"@type":"PropertyValueSpecification","valueRequired":true,"valueName":"search_term_string"}}],"inLanguage":"tr"}]}},"_links":{"self":[{"href":"https:\/\/ship-tracker.org\/tr\/wp-json\/wp\/v2\/pages\/716","targetHints":{"allow":["GET"]}}],"collection":[{"href":"https:\/\/ship-tracker.org\/tr\/wp-json\/wp\/v2\/pages"}],"about":[{"href":"https:\/\/ship-tracker.org\/tr\/wp-json\/wp\/v2\/types\/page"}],"author":[{"embeddable":true,"href":"https:\/\/ship-tracker.org\/tr\/wp-json\/wp\/v2\/users\/1"}],"replies":[{"embeddable":true,"href":"https:\/\/ship-tracker.org\/tr\/wp-json\/wp\/v2\/comments?post=716"}],"version-history":[{"count":10,"href":"https:\/\/ship-tracker.org\/tr\/wp-json\/wp\/v2\/pages\/716\/revisions"}],"predecessor-version":[{"id":5321,"href":"https:\/\/ship-tracker.org\/tr\/wp-json\/wp\/v2\/pages\/716\/revisions\/5321"}],"wp:attachment":[{"href":"https:\/\/ship-tracker.org\/tr\/wp-json\/wp\/v2\/media?parent=716"}],"curies":[{"name":"wp","href":"https:\/\/api.w.org\/{rel}","templated":true}]}}