{"id":614,"date":"2017-09-19T16:44:25","date_gmt":"2017-09-19T14:44:25","guid":{"rendered":"http:\/\/ship-tracker.org\/?page_id=614"},"modified":"2022-10-27T14:17:57","modified_gmt":"2022-10-27T12:17:57","slug":"carnival-fantasy","status":"publish","type":"page","link":"https:\/\/ship-tracker.org\/tr\/carnival-fantasy\/","title":{"rendered":"Carnival Fantasy"},"content":{"rendered":"<p><script async src=\"https:\/\/pagead2.googlesyndication.com\/pagead\/js\/adsbygoogle.js\"><\/script><br \/>\n<!-- Ship-Tracker Display --><br \/>\n<ins class=\"adsbygoogle\" style=\"display: block;\" data-ad-client=\"ca-pub-1316785063791781\" data-ad-slot=\"8075999632\" data-ad-format=\"auto\" data-full-width-responsive=\"true\"><\/ins><br \/>\n<script>\n     (adsbygoogle = window.adsbygoogle || []).push({});\n<\/script><\/p>\n<h2><span style=\"color: #000000;\">Ge\u00e7erli konum ve <\/span><span style=\"color: #000000;\">Karnaval Fantasy pozisyonu<\/span><\/h2>\n<p>Carnival Fantasy&#039;nin \u015fu anki konumu nerededir?<br \/>\n<script async src=\"https:\/\/pagead2.googlesyndication.com\/pagead\/js\/adsbygoogle.js\"><\/script><br \/>\n<!-- Schip-Tracker Linkanzeigen --><br \/>\n<ins class=\"adsbygoogle\" style=\"display: block;\" data-ad-client=\"ca-pub-1316785063791781\" data-ad-slot=\"3429004156\" data-ad-format=\"link\" data-full-width-responsive=\"true\"><\/ins><br \/>\n<script>\n     (adsbygoogle = window.adsbygoogle || []).push({});\n<\/script><br \/>\n<script type=\"text\/javascript\">\n  var width=\"1500\";\n  var height=\"500\";\n  var click_to_activate=false;\n  var default_maptype=2;\n  var imo=8700773;\n<\/script><br \/>\n<script type=\"text\/javascript\" src=\"https:\/\/www.vesselfinder.com\/aismap.js\">\n<\/script><br \/>\n<script async src=\"https:\/\/pagead2.googlesyndication.com\/pagead\/js\/adsbygoogle.js\"><\/script><br \/>\n<!-- Ship-Tracker Display --><br \/>\n<ins class=\"adsbygoogle\" style=\"display: block;\" data-ad-client=\"ca-pub-1316785063791781\" data-ad-slot=\"8075999632\" data-ad-format=\"auto\" data-full-width-responsive=\"true\"><\/ins><br \/>\n<script>\n     (adsbygoogle = window.adsbygoogle || []).push({});\n<\/script><\/p>\n<p>Carnival Fantasy\u00b4&#039;n\u0131n \u015fu anki konumunu g\u00f6r\u00fcnt\u00fcleyin.Karnaval Fantasy&#039;nin pozisyonu VesselFinder ve MarineTraffic haritalar\u0131 taraf\u0131ndan do\u011fru bir \u015fekilde belirlenebilir. B\u00f6ylece en sevdi\u011finiz geminin \u015fu anda nerede oldu\u011fu her zaman iyi bilgilendirilirsiniz.<\/p>\n<h2 class=\"pageTitle shipItemTitle\"><span style=\"color: #000000;\">Carnival Fantasy \u0130nceleme ve \u00d6zellikler<\/span><\/h2>\n<table style=\"height: 294px;\" width=\"400\">\n<tbody>\n<tr>\n<td style=\"width: 192px;\"><span style=\"color: #000000;\"><strong>Bayrak devleti<\/strong><\/span><\/td>\n<td style=\"width: 192px;\"><span style=\"color: #000000;\">Panama<\/span><\/td>\n<\/tr>\n<tr>\n<td style=\"width: 192px;\"><span style=\"color: #000000;\"><strong>Kurulu\u015f y\u0131l\u0131<\/strong><\/span><\/td>\n<td style=\"width: 192px;\"><span style=\"color: #000000;\">1990<\/span><\/td>\n<\/tr>\n<tr>\n<td style=\"width: 192px;\"><span style=\"color: #000000;\"><strong>in\u015faat\u00e7\u0131<\/strong><\/span><\/td>\n<td style=\"width: 192px;\"><span style=\"color: #000000;\">Kvaerner Masa<\/span><\/td>\n<\/tr>\n<tr>\n<td style=\"width: 192px;\"><span style=\"color: #000000;\"><strong>uzunluk<\/strong><\/span><\/td>\n<td style=\"width: 192px;\"><span style=\"color: #000000;\">260<span class=\"specificationUnit\">\u00a0m<\/span><br \/>\n<\/span><\/td>\n<\/tr>\n<tr>\n<td style=\"width: 192px;\"><span style=\"color: #000000;\"><strong>kiri\u015f<\/strong><\/span><\/td>\n<td style=\"width: 192px;\"><span style=\"color: #000000;\">31<span class=\"specificationUnit\">\u00a0m<\/span><\/span><\/td>\n<\/tr>\n<tr>\n<td style=\"width: 192px;\"><span style=\"color: #000000;\"><strong>Br\u00fct Tonaj<\/strong><\/span><\/td>\n<td style=\"width: 192px;\"><span style=\"color: #000000;\">70367<span class=\"specificationUnit\">\u00a0GT<\/span><\/span><\/td>\n<\/tr>\n<tr>\n<td style=\"width: 192px;\"><span style=\"color: #000000;\"><strong>Yolcular<\/strong><\/span><\/td>\n<td style=\"width: 192px;\"><span style=\"color: #000000;\">2467<\/span><\/td>\n<\/tr>\n<tr>\n<td style=\"width: 192px;\"><span style=\"color: #000000;\"><strong>m\u00fcrettebat<\/strong><\/span><\/td>\n<td style=\"width: 192px;\"><span style=\"color: #000000;\">980<\/span><\/td>\n<\/tr>\n<tr>\n<td style=\"width: 192px;\"><span style=\"color: #000000;\"><strong>g\u00fcverte<\/strong>\u00a0<\/span><\/td>\n<td style=\"width: 192px;\"><span style=\"color: #000000;\">13<\/span><\/td>\n<\/tr>\n<tr>\n<td style=\"width: 192px;\"><span style=\"color: #000000;\"><strong>h\u0131z<\/strong><\/span><\/td>\n<td style=\"width: 192px;\"><span style=\"color: #000000;\">21<span class=\"specificationUnit\">\u00a0kn<\/span><\/span><\/td>\n<\/tr>\n<tr>\n<td style=\"width: 192px;\"><span style=\"color: #000000;\"><strong><b>itme<\/b><\/strong><\/span><\/td>\n<td style=\"width: 192px;\"><span style=\"color: #000000;\">Dizel-elektrik<\/span><\/td>\n<\/tr>\n<tr>\n<td style=\"width: 192px;\"><span style=\"color: #000000;\"><strong><b>Sahip<\/b><\/strong><\/span><\/td>\n<td style=\"width: 192px;\"><a href=\"https:\/\/ship-tracker.org\/tr\/carnival-cruise-line\/\">Carnival Cruise Line<\/a><\/td>\n<\/tr>\n<\/tbody>\n<\/table>\n<p><img loading=\"lazy\" decoding=\"async\" class=\"aligncenter wp-image-382 size-full\" src=\"https:\/\/ship-tracker.org\/wp-content\/uploads\/2017\/09\/cruise-1419799_640.jpg\" alt=\"Carnival Fantasy\" width=\"640\" height=\"283\" srcset=\"https:\/\/ship-tracker.org\/wp-content\/uploads\/2017\/09\/cruise-1419799_640.jpg 640w, https:\/\/ship-tracker.org\/wp-content\/uploads\/2017\/09\/cruise-1419799_640-300x133.jpg 300w\" sizes=\"auto, (max-width: 640px) 100vw, 640px\" \/><\/p>\n<h3 class=\"title\">Carnival Cruise Line filosu<\/h3>\n<ul>\n<li><a href=\"https:\/\/ship-tracker.org\/tr\/carnival-mardi-gras\/\">Carnival Mardi Gras<\/a><\/li>\n<li><a href=\"https:\/\/ship-tracker.org\/tr\/carnival-panorama\/\">Carnival Panorama<\/a><\/li>\n<li><a href=\"https:\/\/ship-tracker.org\/tr\/carnival-horizon\/\">Carnival Horizon<\/a><\/li>\n<li><a href=\"https:\/\/ship-tracker.org\/tr\/carnival-vista\/\">Carnival Vista<\/a><\/li>\n<li><a href=\"https:\/\/ship-tracker.org\/tr\/carnival-breeze\/\">Carnival Breeze<\/a><\/li>\n<li><a href=\"https:\/\/ship-tracker.org\/tr\/carnival-magic\/\">Carnival Magic<\/a><\/li>\n<li><a href=\"https:\/\/ship-tracker.org\/tr\/carnival-dream\/\">Carnival Dream<\/a><\/li>\n<li><a href=\"https:\/\/ship-tracker.org\/tr\/carnival-splendor\/\">Carnival Splendor<\/a><\/li>\n<li><a href=\"https:\/\/ship-tracker.org\/tr\/carnival-freedom\/\">Carnival Freedom<\/a><\/li>\n<li><a href=\"https:\/\/ship-tracker.org\/tr\/carnival-liberty\/\">Carnival Liberty<\/a><\/li>\n<li><a href=\"https:\/\/ship-tracker.org\/tr\/carnival-valor\/\">Carnival Valor<\/a><\/li>\n<li><a href=\"https:\/\/ship-tracker.org\/tr\/carnival-miracle\/\">Carnival Miracle<\/a><\/li>\n<li><a href=\"https:\/\/ship-tracker.org\/tr\/carnival-glory\/\">Carnival Glory<\/a><\/li>\n<li><a href=\"https:\/\/ship-tracker.org\/tr\/carnival-legend\/\">Carnival Legend<\/a><\/li>\n<li><a href=\"https:\/\/ship-tracker.org\/tr\/carnival-conquest\/\">Carnival Conquest<\/a><\/li>\n<li><a href=\"https:\/\/ship-tracker.org\/tr\/carnival-spirit\/\">Carnival Spirit<\/a><\/li>\n<li><a href=\"https:\/\/ship-tracker.org\/tr\/carnival-pride\/\">Carnival Pride<\/a><\/li>\n<li><a href=\"https:\/\/ship-tracker.org\/tr\/carnival-radiance\/\">Carnival Radiance<\/a><\/li>\n<li><a href=\"https:\/\/ship-tracker.org\/tr\/carnival-sunrise\/\">Carnival Sunrise<\/a><\/li>\n<li><a href=\"https:\/\/ship-tracker.org\/tr\/carnival-elation\/\">Carnival Elation<\/a><\/li>\n<li><a href=\"https:\/\/ship-tracker.org\/tr\/carnival-paradise\/\">Carnival Paradise<\/a><\/li>\n<li><a href=\"https:\/\/ship-tracker.org\/tr\/carnival-inspiration\/\">Carnival Inspiration<\/a><\/li>\n<li><a href=\"https:\/\/ship-tracker.org\/tr\/carnival-sunshine\/\">Carnival Sunshine<\/a><\/li>\n<li><a href=\"https:\/\/ship-tracker.org\/tr\/carnival-imagination\/\">Carnival Imagination<\/a><\/li>\n<li><a href=\"https:\/\/ship-tracker.org\/tr\/carnival-fascination\/\">Carnival Fascination<\/a><\/li>\n<li><a href=\"https:\/\/ship-tracker.org\/tr\/carnival-sensation\/\">Carnival Sensation<\/a><\/li>\n<li><a href=\"https:\/\/ship-tracker.org\/tr\/carnival-ecstasy\/\">Carnival Ecstasy<\/a><\/li>\n<\/ul>\n<p><script async src=\"https:\/\/pagead2.googlesyndication.com\/pagead\/js\/adsbygoogle.js\"><\/script><br \/>\n<!-- Schip-Tracker Linkanzeigen --><br \/>\n<ins class=\"adsbygoogle\" style=\"display: block;\" data-ad-client=\"ca-pub-1316785063791781\" data-ad-slot=\"3429004156\" data-ad-format=\"link\" data-full-width-responsive=\"true\"><\/ins><br \/>\n<script>\n     (adsbygoogle = window.adsbygoogle || []).push({});\n<\/script><\/p>\n<h4><span style=\"color: #000000;\">Karnaval fantezi video<\/span><\/h4>\n<div class=\"su-youtube su-u-responsive-media-yes\"><iframe loading=\"lazy\" width=\"600\" height=\"400\" src=\"https:\/\/www.youtube.com\/embed\/tFp_xd40uRg?\" frameborder=\"0\" allowfullscreen allow=\"autoplay; encrypted-media; picture-in-picture\" title=\"\"><\/iframe><\/div>","protected":false},"excerpt":{"rendered":"<p>Carnival Fantasy&#039;nin mevcut konumu ve konumu Carnival Fantasy&#039;nin \u015fu anki konumu nerede? Carnival Fantasy&#039;nin mevcut konumunu g\u00f6r\u00fcnt\u00fcleyin. Carnival Fantasy&#039;nin konumu, VesselFinder ve MarineTraffic haritalar\u0131 ile do\u011fru bir \u015fekilde belirlenebilir. B\u00f6ylece favori geminizin \u015fu anda nerede oldu\u011funu her zaman iyi bilirsiniz. Carnival Fantasy \u0130ncelemesi ve \u00d6zellikleri Bayrak eyaleti\u2026&nbsp;<a href=\"https:\/\/ship-tracker.org\/tr\/carnival-fantasy\/\" rel=\"bookmark\">Devam\u0131n\u0131 oku &quot;<span class=\"screen-reader-text\">Carnival Fantasy<\/span><\/a><\/p>","protected":false},"author":1,"featured_media":0,"parent":0,"menu_order":0,"comment_status":"closed","ping_status":"closed","template":"","meta":{"neve_meta_sidebar":"","neve_meta_container":"","neve_meta_enable_content_width":"","neve_meta_content_width":0,"neve_meta_title_alignment":"","neve_meta_author_avatar":"","neve_post_elements_order":"","neve_meta_disable_header":"","neve_meta_disable_footer":"","neve_meta_disable_title":"","neve_meta_reading_time":"","footnotes":""},"class_list":["post-614","page","type-page","status-publish","hentry"],"yoast_head":"<!-- This site is optimized with the Yoast SEO plugin v26.9 - https:\/\/yoast.com\/product\/yoast-seo-wordpress\/ -->\n<title>Carnival Fantasy \u2503 Current location and position of Carnival<\/title>\n<meta name=\"description\" content=\"Carnival Fantasy \u2693 Current location and position of Carnival Fantasy \u2713 Cruise Ship Tracker \u2713 Live Ship Tracker \u2713 Webcam\" \/>\n<meta name=\"robots\" content=\"index, follow, max-snippet:-1, max-image-preview:large, max-video-preview:-1\" \/>\n<link rel=\"canonical\" href=\"https:\/\/ship-tracker.org\/tr\/carnival-fantasy\/\" \/>\n<meta property=\"og:locale\" content=\"tr_TR\" \/>\n<meta property=\"og:type\" content=\"article\" \/>\n<meta property=\"og:title\" content=\"Carnival Fantasy \u2503 Current location and position of Carnival\" \/>\n<meta property=\"og:description\" content=\"Carnival Fantasy \u2693 Current location and position of Carnival Fantasy \u2713 Cruise Ship Tracker \u2713 Live Ship Tracker \u2713 Webcam\" \/>\n<meta property=\"og:url\" content=\"https:\/\/ship-tracker.org\/tr\/carnival-fantasy\/\" \/>\n<meta property=\"og:site_name\" content=\"Ship-tracker.org\" \/>\n<meta property=\"article:modified_time\" content=\"2022-10-27T12:17:57+00:00\" \/>\n<meta property=\"og:image\" content=\"https:\/\/ship-tracker.org\/wp-content\/uploads\/2017\/09\/cruise-1419799_640.jpg\" \/>\n<meta name=\"twitter:card\" content=\"summary_large_image\" \/>\n<meta name=\"twitter:label1\" content=\"Tahmini okuma s\u00fcresi\" \/>\n\t<meta name=\"twitter:data1\" content=\"1 dakika\" \/>\n<script type=\"application\/ld+json\" class=\"yoast-schema-graph\">{\"@context\":\"https:\/\/schema.org\",\"@graph\":[{\"@type\":\"WebPage\",\"@id\":\"https:\/\/ship-tracker.org\/carnival-fantasy\/\",\"url\":\"https:\/\/ship-tracker.org\/carnival-fantasy\/\",\"name\":\"Carnival Fantasy \u2503 Current location and position of Carnival\",\"isPartOf\":{\"@id\":\"https:\/\/ship-tracker.org\/#website\"},\"primaryImageOfPage\":{\"@id\":\"https:\/\/ship-tracker.org\/carnival-fantasy\/#primaryimage\"},\"image\":{\"@id\":\"https:\/\/ship-tracker.org\/carnival-fantasy\/#primaryimage\"},\"thumbnailUrl\":\"https:\/\/ship-tracker.org\/wp-content\/uploads\/2017\/09\/cruise-1419799_640.jpg\",\"datePublished\":\"2017-09-19T14:44:25+00:00\",\"dateModified\":\"2022-10-27T12:17:57+00:00\",\"description\":\"Carnival Fantasy \u2693 Current location and position of Carnival Fantasy \u2713 Cruise Ship Tracker \u2713 Live Ship Tracker \u2713 Webcam\",\"breadcrumb\":{\"@id\":\"https:\/\/ship-tracker.org\/carnival-fantasy\/#breadcrumb\"},\"inLanguage\":\"tr\",\"potentialAction\":[{\"@type\":\"ReadAction\",\"target\":[\"https:\/\/ship-tracker.org\/carnival-fantasy\/\"]}]},{\"@type\":\"ImageObject\",\"inLanguage\":\"tr\",\"@id\":\"https:\/\/ship-tracker.org\/carnival-fantasy\/#primaryimage\",\"url\":\"https:\/\/ship-tracker.org\/wp-content\/uploads\/2017\/09\/cruise-1419799_640.jpg\",\"contentUrl\":\"https:\/\/ship-tracker.org\/wp-content\/uploads\/2017\/09\/cruise-1419799_640.jpg\"},{\"@type\":\"BreadcrumbList\",\"@id\":\"https:\/\/ship-tracker.org\/carnival-fantasy\/#breadcrumb\",\"itemListElement\":[{\"@type\":\"ListItem\",\"position\":1,\"name\":\"Startseite\",\"item\":\"https:\/\/ship-tracker.org\/\"},{\"@type\":\"ListItem\",\"position\":2,\"name\":\"Carnival Fantasy\"}]},{\"@type\":\"WebSite\",\"@id\":\"https:\/\/ship-tracker.org\/#website\",\"url\":\"https:\/\/ship-tracker.org\/\",\"name\":\"Ship-tracker.org\",\"description\":\"\",\"potentialAction\":[{\"@type\":\"SearchAction\",\"target\":{\"@type\":\"EntryPoint\",\"urlTemplate\":\"https:\/\/ship-tracker.org\/?s={search_term_string}\"},\"query-input\":{\"@type\":\"PropertyValueSpecification\",\"valueRequired\":true,\"valueName\":\"search_term_string\"}}],\"inLanguage\":\"tr\"}]}<\/script>\n<!-- \/ Yoast SEO plugin. -->","yoast_head_json":{"title":"Carnival Fantasy \u2503 Ge\u00e7erli konum ve konum","description":"Carnival Fantasy \u2693 Carnival Fantasy&#039;nin \u015fu anki konumu ve konumu \u2713 Yolcu Gemisi Takibi \u2713 Canl\u0131 Gemi Takibi \u2713 Web Kameras\u0131","robots":{"index":"index","follow":"follow","max-snippet":"max-snippet:-1","max-image-preview":"max-image-preview:large","max-video-preview":"max-video-preview:-1"},"canonical":"https:\/\/ship-tracker.org\/tr\/carnival-fantasy\/","og_locale":"tr_TR","og_type":"article","og_title":"Carnival Fantasy \u2503 Current location and position of Carnival","og_description":"Carnival Fantasy \u2693 Current location and position of Carnival Fantasy \u2713 Cruise Ship Tracker \u2713 Live Ship Tracker \u2713 Webcam","og_url":"https:\/\/ship-tracker.org\/tr\/carnival-fantasy\/","og_site_name":"Ship-tracker.org","article_modified_time":"2022-10-27T12:17:57+00:00","og_image":[{"url":"https:\/\/ship-tracker.org\/wp-content\/uploads\/2017\/09\/cruise-1419799_640.jpg","type":"","width":"","height":""}],"twitter_card":"summary_large_image","twitter_misc":{"Tahmini okuma s\u00fcresi":"1 dakika"},"schema":{"@context":"https:\/\/schema.org","@graph":[{"@type":"WebPage","@id":"https:\/\/ship-tracker.org\/carnival-fantasy\/","url":"https:\/\/ship-tracker.org\/carnival-fantasy\/","name":"Carnival Fantasy \u2503 Ge\u00e7erli konum ve konum","isPartOf":{"@id":"https:\/\/ship-tracker.org\/#website"},"primaryImageOfPage":{"@id":"https:\/\/ship-tracker.org\/carnival-fantasy\/#primaryimage"},"image":{"@id":"https:\/\/ship-tracker.org\/carnival-fantasy\/#primaryimage"},"thumbnailUrl":"https:\/\/ship-tracker.org\/wp-content\/uploads\/2017\/09\/cruise-1419799_640.jpg","datePublished":"2017-09-19T14:44:25+00:00","dateModified":"2022-10-27T12:17:57+00:00","description":"Carnival Fantasy \u2693 Carnival Fantasy&#039;nin \u015fu anki konumu ve konumu \u2713 Yolcu Gemisi Takibi \u2713 Canl\u0131 Gemi Takibi \u2713 Web Kameras\u0131","breadcrumb":{"@id":"https:\/\/ship-tracker.org\/carnival-fantasy\/#breadcrumb"},"inLanguage":"tr","potentialAction":[{"@type":"ReadAction","target":["https:\/\/ship-tracker.org\/carnival-fantasy\/"]}]},{"@type":"ImageObject","inLanguage":"tr","@id":"https:\/\/ship-tracker.org\/carnival-fantasy\/#primaryimage","url":"https:\/\/ship-tracker.org\/wp-content\/uploads\/2017\/09\/cruise-1419799_640.jpg","contentUrl":"https:\/\/ship-tracker.org\/wp-content\/uploads\/2017\/09\/cruise-1419799_640.jpg"},{"@type":"BreadcrumbList","@id":"https:\/\/ship-tracker.org\/carnival-fantasy\/#breadcrumb","itemListElement":[{"@type":"ListItem","position":1,"name":"Startseite","item":"https:\/\/ship-tracker.org\/"},{"@type":"ListItem","position":2,"name":"Carnival Fantasy"}]},{"@type":"WebSite","@id":"https:\/\/ship-tracker.org\/#website","url":"https:\/\/ship-tracker.org\/","name":"Ship-tracker.org","description":"","potentialAction":[{"@type":"SearchAction","target":{"@type":"EntryPoint","urlTemplate":"https:\/\/ship-tracker.org\/?s={search_term_string}"},"query-input":{"@type":"PropertyValueSpecification","valueRequired":true,"valueName":"search_term_string"}}],"inLanguage":"tr"}]}},"_links":{"self":[{"href":"https:\/\/ship-tracker.org\/tr\/wp-json\/wp\/v2\/pages\/614","targetHints":{"allow":["GET"]}}],"collection":[{"href":"https:\/\/ship-tracker.org\/tr\/wp-json\/wp\/v2\/pages"}],"about":[{"href":"https:\/\/ship-tracker.org\/tr\/wp-json\/wp\/v2\/types\/page"}],"author":[{"embeddable":true,"href":"https:\/\/ship-tracker.org\/tr\/wp-json\/wp\/v2\/users\/1"}],"replies":[{"embeddable":true,"href":"https:\/\/ship-tracker.org\/tr\/wp-json\/wp\/v2\/comments?post=614"}],"version-history":[{"count":7,"href":"https:\/\/ship-tracker.org\/tr\/wp-json\/wp\/v2\/pages\/614\/revisions"}],"predecessor-version":[{"id":2324,"href":"https:\/\/ship-tracker.org\/tr\/wp-json\/wp\/v2\/pages\/614\/revisions\/2324"}],"wp:attachment":[{"href":"https:\/\/ship-tracker.org\/tr\/wp-json\/wp\/v2\/media?parent=614"}],"curies":[{"name":"wp","href":"https:\/\/api.w.org\/{rel}","templated":true}]}}