{"id":6,"date":"2017-09-13T13:59:08","date_gmt":"2017-09-13T11:59:08","guid":{"rendered":"http:\/\/ship-tracker.org\/?page_id=6"},"modified":"2017-09-14T16:43:07","modified_gmt":"2017-09-14T14:43:07","slug":"disclaimer","status":"publish","type":"page","link":"https:\/\/ship-tracker.org\/tr\/disclaimer\/","title":{"rendered":"feragat"},"content":{"rendered":"<p style=\"text-align: justify;\"><span style=\"font-family: georgia, palatino, serif;\"><span style=\"font-family: helvetica, arial, sans-serif;\">Ship-tracker.org Web Sitesi (\u201cSite\u201d) bir \u00e7evrimi\u00e7i bilgi hizmetidir. \u201cShip-tracker.org\u201d, a\u015fa\u011f\u0131da belirtilen \u015fartlar ve ko\u015fullara uyman\u0131za ba\u011fl\u0131d\u0131r.<\/span>\u00a0<span style=\"font-family: helvetica, arial, sans-serif;\"><strong>S\u0130TEYE ER\u0130\u015eMEDEN VEYA KULLANMADAN \u00d6NCE L\u00dcTFEN BU BELGEY\u0130 D\u0130KKATLE OKUYUN. S\u0130TEYE ER\u0130\u015e\u0130M VEYA KULLANARAK A\u015eA\u011eIDAK\u0130 KO\u015eULLAR VE KO\u015eULLARA BA\u011eLI OLMAYI KABUL EDERS\u0130N\u0130Z. BU \u015eARTLAR VE KO\u015eULLARLA SINIRLANMAK \u0130STEM\u0130YORSANIZ, S\u0130TEYE ER\u0130\u015eEB\u0130L\u0130R VEYA KULLANAB\u0130LEMEZS\u0130N\u0130Z. Ship-tracker.org BU S\u00d6ZLE\u015eMEY\u0130 HER ZAMAN DE\u011e\u0130\u015eT\u0130R\u0130R VE BU T\u00dcR DE\u011e\u0130\u015e\u0130KL\u0130KLER S\u0130TEDE DE\u011e\u0130\u015eT\u0130R\u0130LM\u0130\u015e S\u00d6ZLE\u015eMEN\u0130N YERLE\u015eT\u0130R\u0130LMES\u0130NDE ETK\u0130L\u0130 OLMALIDIR. S\u00d6ZLE\u015eMEY\u0130 B\u00dcY\u00dcK DE\u011e\u0130\u015e\u0130KL\u0130KLER\u0130 VE S\u00dcREKL\u0130 ER\u0130\u015e\u0130M\u0130N\u0130Z\u0130 VE S\u0130TEY\u0130 KULLANMAK \u0130\u00c7\u0130N S\u00d6ZLE\u015eMEY\u0130 PER\u0130YOD\u0130K OLARAK DE\u011eERLEND\u0130RMEY\u0130 KABUL ETM\u0130\u015e OLDUNUZ.<\/strong><\/span><\/span><\/p>\n<p style=\"text-align: justify;\"><span style=\"font-family: helvetica, arial, sans-serif;\"><strong>1. Telif Hakk\u0131, Lisanslar ve Fikir Sunumlar\u0131.<\/strong><\/span><\/p>\n<p style=\"text-align: justify;\"><span style=\"font-family: helvetica, arial, sans-serif;\">Sitenin t\u00fcm i\u00e7eri\u011fi uluslararas\u0131 telif hakk\u0131 ve ticari marka yasalar\u0131yla korunmaktad\u0131r. Telif haklar\u0131n\u0131n ve ticari markalar\u0131n sahibi Ship-tracker.org, ba\u011fl\u0131 kurulu\u015flar\u0131 veya di\u011fer \u00fc\u00e7\u00fcnc\u00fc taraf lisans verenlerdir.\u00a0<strong>MET\u0130N, GRAF\u0130K, KOD VE \/ VEYA YAZILIM DAH\u0130L, HERHANG\u0130 B\u0130R \u015eEK\u0130LDE, S\u0130TEDEK\u0130 MALZEMELER\u0130 DE\u011e\u0130\u015eT\u0130REMEZ, KOPYALAMA, \u00dcREME, CUMHURLAMA, Y\u00dcKLEME, POST, \u0130LET\u0130M VEYA DA\u011eITIM YAPAMAZ.<\/strong>\u00a0Materyallerin herhangi bir telif hakk\u0131 veya tescilli bildirimini de\u011fi\u015ftirmemeyi veya silmemeyi kabul etmeniz \u015fart\u0131yla, Sitenin farkl\u0131 alanlar\u0131ndaki b\u00f6l\u00fcmleri yaln\u0131zca ticari olmayan kullan\u0131m\u0131n\u0131z i\u00e7in yazd\u0131rabilir ve indirebilirsiniz. Ship-tracker.org&#039;a m\u00fcnhas\u0131r olmayan, telifsiz, d\u00fcnya \u00e7ap\u0131nda, kal\u0131c\u0131 bir lisans, alt lisans alma, \u00e7o\u011faltma, da\u011f\u0131tma, iletme, t\u00fcrev \u00e7al\u0131\u015fmalar olu\u015fturma, herkese a\u00e7\u0131k olarak sergileme ve herkese a\u00e7\u0131k olarak ger\u00e7ekle\u015ftirme hakk\u0131n\u0131 vermeyi kabul edersiniz. Sitenin herhangi bir genel alan\u0131na (b\u00fclten panolar\u0131, forumlar ve haber gruplar\u0131 gibi) veya Gemi izleyiciye e-posta yoluyla g\u00f6nderdi\u011finiz materyaller ve di\u011fer bilgiler (bunlarla s\u0131n\u0131rl\u0131 olmamak \u00fczere, yeni veya geli\u015ftirilmi\u015f \u00fcr\u00fcn ve hizmetler i\u00e7in i\u00e7erdi\u011fi fikirler dahil). org elbette ve \u015fimdi bilinen veya bundan sonra geli\u015ftirilen herhangi bir medyada. Ayr\u0131ca, Ship-tracker.org&#039;a isminizi g\u00f6nderilen materyaller ve di\u011fer bilgilerle ve bununla ilgili t\u00fcm reklam, pazarlama ve promosyon materyalleri ile ba\u011flant\u0131l\u0131 olarak kullanma hakk\u0131 da verirsiniz. Ship-tracker.org ile olan ileti\u015fimlerinizde herhangi bir m\u00fclkiyet hakk\u0131n\u0131n ihlali veya k\u00f6t\u00fcye kullan\u0131lmas\u0131 nedeniyle Ship-tracker.org&#039;a kar\u015f\u0131 ba\u015fvuruda bulunmayaca\u011f\u0131n\u0131z\u0131 kabul edersiniz.\u00a0<strong>T\u0130CAR\u0130 MARKALAR.<\/strong>Burada veya Sitedeki referanslar, \u00fcr\u00fcnler, i\u00e7erik veya hizmetler, Ship-tracker.org&#039;un m\u00fcnhas\u0131r ticari markalar\u0131 veya hizmet markalar\u0131d\u0131r. Sitede ad\u0131 ge\u00e7en di\u011fer \u00fcr\u00fcn ve \u015firket adlar\u0131, ilgili sahiplerinin ticari markalar\u0131 olabilir.<\/span><\/p>\n<p style=\"text-align: justify;\"><span style=\"font-family: helvetica, arial, sans-serif;\"><strong>2. Sitenin Kullan\u0131m\u0131.<\/strong><\/span><\/p>\n<p style=\"text-align: justify;\"><span style=\"font-family: helvetica, arial, sans-serif;\">Ship-tracker.org taraf\u0131ndan sa\u011fland\u0131\u011f\u0131 a\u00e7\u0131k\u00e7a belirlenen bilgi, \u00fcr\u00fcn veya hizmetler d\u0131\u015f\u0131nda, Ship-tracker.org&#039;un \u0130nternet \u00fczerindeki hi\u00e7bir bilgi, \u00fcr\u00fcn veya hizmeti hi\u00e7bir \u015fekilde kullanmad\u0131\u011f\u0131n\u0131, kontrol etmedi\u011fini veya onaylamad\u0131\u011f\u0131n\u0131 anl\u0131yorsunuz. Ship-tracker.org taraf\u0131ndan tan\u0131mlanan bilgiler, \u00fcr\u00fcnler veya hizmetler d\u0131\u015f\u0131nda, Site arac\u0131l\u0131\u011f\u0131yla veya \u0130nternet \u00fczerinden sunulan t\u00fcm bilgiler, \u00fcr\u00fcnler ve hizmetler genellikle Ship-tracker.org&#039;a ba\u011fl\u0131 olmayan \u00fc\u00e7\u00fcnc\u00fc taraflarca sunulur. Ayr\u0131ca, Ship-tracker.org&#039;un Site arac\u0131l\u0131\u011f\u0131yla indirilebilecek dosyalarda bula\u015fma veya vir\u00fcs, solucan, Truva at\u0131 veya kontamine edici veya y\u0131k\u0131c\u0131 \u00f6zellikler g\u00f6steren di\u011fer kodlar\u0131n bulunmayaca\u011f\u0131n\u0131 garanti edemeyece\u011fini veya garanti edemeyece\u011fini de anl\u0131yorsunuz. Veri giri\u015f ve \u00e7\u0131k\u0131\u015f\u0131n\u0131n do\u011frulu\u011funa ili\u015fkin \u00f6zel gereksinimlerinizi kar\u015f\u0131lamak i\u00e7in yeterli prosed\u00fcrleri ve kontrol noktalar\u0131n\u0131 uygulamaktan ve kaybolan verilerin yeniden in\u015fas\u0131 i\u00e7in Sitenin d\u0131\u015f\u0131nda bir ara\u00e7 sa\u011flamaktan sorumlusunuz.<\/span><\/p>\n<p style=\"text-align: justify;\"><span style=\"font-family: helvetica, arial, sans-serif;\">S\u0130TEY\u0130 VE \u0130NTERNET\u0130 KULLANMAK \u0130\u00c7\u0130N TOPLAM SORUMLULUK VE R\u0130SK S\u0130ZE A\u0130TT\u0130R. Ship-tracker.org S\u0130TEY\u0130 VE \u0130LG\u0130L\u0130 B\u0130LG\u0130LER\u0130 \u201cOLDU\u011eU G\u0130B\u0130\u201d SA\u011eLAR VE BA\u015eLIK VEYA ZIMN\u0130 GARANT\u0130LER, TEMS\u0130L YETK\u0130LER\u0130 VEYA ZIMN\u0130 GARANT\u0130 VEYA \u0130LG\u0130L\u0130 B\u0130R GARANT\u0130 DAH\u0130L OLMAYAN HERHANG\u0130 B\u0130R A\u00c7IK VEYA ZIMN\u0130 GARANT\u0130 VERMEZ. AMA\u00c7) H\u0130ZMETLE \u0130LG\u0130L\u0130 OLARAK, H\u0130ZMET VEYA \u0130NTERNETTE GENEL OLARAK VEYA DO\u011eRUDAN VEYA HERHANG\u0130 B\u0130R \u0130\u015eLEMDEN DO\u011eRUDAN VEYA DOLAYLI B\u0130R HEDEF VEYA ZARAR VEREN H\u0130\u00c7B\u0130R MERKEZ B\u0130LG\u0130S\u0130 VEYA H\u0130ZMET SUNULMAMALIDIR. T\u00dcM G\u00d6R\u00dc\u015eLER\u0130N, TAVS\u0130YELER\u0130N, H\u0130ZMETLER\u0130N\u0130N, C\u0130NS\u0130N\u0130Z VE GENEL OLARAK VER\u0130LEN DO\u011eRULUK, TAMAMLILIK VE YARARLI\u011eI DE\u011eERLEND\u0130RMEN\u0130N SORUMLULU\u011eU SADECE. Ship-tracker.org H\u0130ZMET\u0130N KES\u0130NT\u0130S\u0130Z VEYA HATASIZ OLACA\u011eI VEYA H\u0130ZMETTEK\u0130 KUSURLARIN D\u00dcZELT\u0130LECE\u011e\u0130N\u0130 GARANT\u0130 ETMEZ.<\/span><\/p>\n<p style=\"text-align: justify;\"><span style=\"font-family: helvetica, arial, sans-serif;\">\u0130NTERNET\u0130N SAF N\u0130TEL\u0130\u011e\u0130N\u0130N C\u0130NSEL OLARAK A\u00c7IK OLDU\u011eU VEYA S\u0130ZE SU\u00c7LU OLAB\u0130LECEK BAZI D\u00dcZENLENMEYEN MALZEMELER\u0130 \u0130\u00c7ERD\u0130\u011e\u0130NDEN ANLAYIN. BU MALZEMELERE ER\u0130\u015e\u0130M R\u0130SK\u0130N\u0130ZDE. Ship-tracker.org H\u0130\u00c7B\u0130R MALZEME \u0130\u00c7\u0130N H\u0130\u00c7B\u0130R KONTROL\u00dc VE SORUMLULUK KABUL ETM\u0130YOR.<\/span><\/p>\n<p style=\"text-align: justify;\"><span style=\"font-family: helvetica, arial, sans-serif;\"><strong>SORUMLULU\u011eUN SINIRLANDIRILMASI<\/strong><\/span><\/p>\n<p style=\"text-align: justify;\"><span style=\"font-family: helvetica, arial, sans-serif;\">Ship-tracker.org (I) HERHANG\u0130 B\u0130R ARIZALI, SONU\u00c7SIZ VEYA DOLAYLI ZARARLARA DAH\u0130L OLMAYACAKTIR (DAH\u0130L, AMA SINIRSIZ, KAR ZARARI, \u0130\u015e ZARARLARI VE G\u0130B\u0130 ZARARLARA) H\u0130ZMET\u0130 VEYA HERHANG\u0130 B\u0130R B\u0130LG\u0130 VEYA H\u0130ZMETTE SUNULAN VEYA H\u0130ZMETDEN \u0130ND\u0130R\u0130LEN VEYA HERHANG\u0130 B\u0130R B\u0130LG\u0130 VEYA H\u0130ZMET GEC\u0130KMES\u0130N\u0130N KULLANILMASINDAN YA DA KULLANILMAMASINDAN KAYNAKLANMASI. Ship-tracker.org VEYA YETK\u0130L\u0130 TEMS\u0130LC\u0130LER\u0130, BU ZARARLARDAK\u0130 OLAB\u0130L\u0130R, VEYA (II) H\u0130ZMET VE \/ VEYA H\u0130ZMETLERDEK\u0130 H\u0130\u00c7B\u0130R HUSUSLARA VEYA BU H\u0130ZMETLERE KATILAN D\u0130\u011eER HATALARIN TAVS\u0130YE ED\u0130LD\u0130\u011e\u0130NDE. BAZI DEVLETLER SONU\u00c7 VEYA ARIZA ZARARLARININ SORUMLULU\u011eU VEYA SINIRLANDIRILMASINA \u0130Z\u0130N VERMEZ, YUKARIDA SINIRLANDIRMA S\u0130Z\u0130N \u0130\u00c7\u0130N GE\u00c7ERL\u0130 OLMAYAB\u0130L\u0130R. BU DEV DEVLETLERDE Ship-tracker.org SORUMLULU\u011eU, HUKUK \u0130Z\u0130N VERD\u0130\u011e\u0130 EN B\u00dcY\u00dcK \u00d6L\u00c7\u00dcDE SINIRLIDIR.<\/span><\/p>\n<p style=\"text-align: justify;\"><span style=\"font-family: helvetica, arial, sans-serif;\">Ship-tracker.org, bu siteden eri\u015febilece\u011finiz veya bu Siteye ba\u011flant\u0131 verebilecek ba\u015fka herhangi bir web sitesi hakk\u0131nda hi\u00e7bir beyanda bulunmaz. Gemi d\u0131\u015f\u0131-tracker.org olmayan bir web sitesine eri\u015fti\u011finizde, l\u00fctfen sitenin Ship-tracker.org&#039;dan ba\u011f\u0131ms\u0131z oldu\u011funu ve Ship-tracker.org&#039;un s\u00f6z konusu web sitesindeki i\u00e7erik \u00fczerinde hi\u00e7bir kontrol\u00fc olmad\u0131\u011f\u0131n\u0131 anlay\u0131n. Ayr\u0131ca, bir Ship-tracker.org web sitesine ba\u011flant\u0131 verilmesi, Ship-tracker.org&#039;un s\u00f6z konusu web sitesinin i\u00e7eri\u011fi veya kullan\u0131m\u0131 i\u00e7in herhangi bir sorumluluk kabul etti\u011fi veya kabul etti\u011fi anlam\u0131na gelmez.<\/span><\/p>\n<p style=\"text-align: justify;\"><span style=\"font-family: helvetica, arial, sans-serif;\"><strong>3. Tazminat.<\/strong><\/span><\/p>\n<p style=\"text-align: justify;\"><span style=\"font-family: helvetica, arial, sans-serif;\">Ship-tracker.org&#039;u, g\u00f6revlilerini, direkt\u00f6rlerini, \u00e7al\u0131\u015fanlar\u0131n\u0131, acentelerini, lisans verenlerini, tedarik\u00e7ilerini ve Hizmete dahil t\u00fcm \u00fc\u00e7\u00fcnc\u00fc taraf bilgi sa\u011flay\u0131c\u0131lar\u0131n\u0131, makul de dahil olmak \u00fczere t\u00fcm kay\u0131plar, masraflar, hasarlar ve maliyetlerden tazmin etmeyi, savunmay\u0131 ve tutmay\u0131 kabul edersiniz. Siz veya Hizmete eri\u015fen herhangi bir ki\u015fi taraf\u0131ndan bu S\u00f6zle\u015fmenin (ihmalkar veya yanl\u0131\u015f davran\u0131\u015f dahil) herhangi bir \u015fekilde ihlal edilmesinden kaynaklanan avukatl\u0131k \u00fccretleri.<\/span><\/p>\n<p style=\"text-align: justify;\"><span style=\"font-family: helvetica, arial, sans-serif;\"><strong>4. \u00dc\u00e7\u00fcnc\u00fc \u015eah\u0131s Haklar\u0131.<\/strong><\/span><\/p>\n<p style=\"text-align: justify;\"><span style=\"font-family: helvetica, arial, sans-serif;\">Paragraf 2 (Hizmetin Kullan\u0131m\u0131) ve 3 (Tazminat) h\u00fck\u00fcmleri, Ship-tracker.org ve memurlar\u0131, direkt\u00f6rleri, \u00e7al\u0131\u015fanlar\u0131, acenteleri, lisans verenleri, tedarik\u00e7ileri ve Hizmete ili\u015fkin \u00fc\u00e7\u00fcnc\u00fc taraf bilgi sa\u011flay\u0131c\u0131lar\u0131n\u0131n yarar\u0131nad\u0131r. . Bu ki\u015fi veya kurulu\u015flar\u0131n her biri, bu h\u00fck\u00fcmleri do\u011frudan kendi ad\u0131n\u0131za aleyhine iddia etme ve uygulama hakk\u0131na sahiptir.<\/span><\/p>\n<p style=\"text-align: justify;\"><span style=\"font-family: helvetica, arial, sans-serif;\"><strong>5.Yar\u0131y\u0131l; Sonland\u0131rma.<\/strong><\/span><\/p>\n<p style=\"text-align: justify;\"><span style=\"font-family: helvetica, arial, sans-serif;\">Bu Anla\u015fma, taraflardan herhangi biri taraf\u0131ndan herhangi bir zamanda ve herhangi bir nedenle, herhangi bir zamanda bildirilmeksizin feshedilebilir. 1 (Telif Hakk\u0131, Lisanslar ve Fikir Sunumlar\u0131), 2 (Hizmetin Kullan\u0131m\u0131), 3 (Tazminat), 4 (\u00dc\u00e7\u00fcnc\u00fc Taraf Haklar\u0131) ve 6 (\u00c7e\u015fitli) paragraflar\u0131 bu Anla\u015fman\u0131n feshinden sonra da ge\u00e7erlili\u011fini korur.<\/span><\/p>\n<p style=\"text-align: justify;\"><span style=\"font-family: helvetica, arial, sans-serif;\"><strong>6.Miscellaneous.<\/strong><\/span><\/p>\n<p style=\"text-align: justify;\"><span style=\"font-family: helvetica, arial, sans-serif;\">Bu Anla\u015fma, Bulgaristan&#039;da yap\u0131lan ve yap\u0131lacak anla\u015fmalara uygulanacak Bulgaristan yasalar\u0131na g\u00f6re y\u00f6netilecek ve yorumlanacakt\u0131r. Bu S\u00f6zle\u015fme veya taraflar\u0131n y\u00fck\u00fcml\u00fcl\u00fckleri ile ilgili herhangi bir ama\u00e7 i\u00e7in Ship-tracker.org ile sizinle aran\u0131zdaki herhangi bir yasal i\u015flemin veya takibin, m\u00fcnhas\u0131ran Bulgaristan&#039;da oturan bir federal veya eyalet yetkili mahkemesine getirilece\u011fini kabul edersiniz. Hizmet&#039;le ilgili olabilecek herhangi bir dava veya hak talebiniz, hak talebinin veya dava nedeninin ortaya \u00e7\u0131kmas\u0131ndan veya b\u00f6yle bir dava veya dava sebebinin engellenmesinden sonraki bir (1) y\u0131l i\u00e7inde ba\u015flat\u0131lmal\u0131d\u0131r. Ship-tracker.org&#039;un i\u015fbu Anla\u015fma&#039;n\u0131n herhangi bir h\u00fckm\u00fcn\u00fcn \u0131srarl\u0131 bir \u015fekilde uygulanmas\u0131nda \u0131srar veya icra etmemesi, herhangi bir h\u00fckm\u00fcn veya hakk\u0131n feragat edilmesi olarak yorumlanamaz. Ne taraflar aras\u0131ndaki davran\u0131\u015f \u015fekli ne de ticaret uygulamalar\u0131 bu Anla\u015fma&#039;n\u0131n herhangi bir h\u00fckm\u00fcn\u00fc de\u011fi\u015ftirmek i\u00e7in hareket etmeyecektir. Ship-tracker.org, bu S\u00f6zle\u015fme kapsam\u0131ndaki haklar\u0131n\u0131 ve g\u00f6revlerini herhangi bir zamanda size bildirimde bulunmaks\u0131z\u0131n herhangi bir tarafa atayabilir. Burada a\u00e7\u0131k\u00e7a belirtilmeyen t\u00fcm haklar sakl\u0131d\u0131r.<\/span><\/p>","protected":false},"excerpt":{"rendered":"<p>ship-tracker.org Web Sitesi (&quot;Site&quot;) bir \u00e7evrimi\u00e7i bilgi hizmetidir. &quot;Ship-tracker.org&quot;, a\u015fa\u011f\u0131da belirtilen \u015fart ve ko\u015fullara uyman\u0131za ba\u011fl\u0131d\u0131r. S\u0130TEYE ER\u0130\u015eMEDEN VEYA S\u0130TEY\u0130 KULLANMADAN \u00d6NCE L\u00dcTFEN BU BELGEY\u0130 D\u0130KKATL\u0130CE OKUYUNUZ. S\u0130TEYE ER\u0130\u015eEREK VEYA S\u0130TEY\u0130 KULLANARAK, A\u015eA\u011eIDA BEL\u0130RT\u0130LEN H\u00dcK\u00dcM VE KO\u015eULLARA TAB\u0130 OLMAYI KABUL ETM\u0130\u015e OLURSUNUZ. E\u011eER\u2026&nbsp;<a href=\"https:\/\/ship-tracker.org\/tr\/disclaimer\/\" rel=\"bookmark\">Devam\u0131n\u0131 oku &quot;<span class=\"screen-reader-text\">feragat<\/span><\/a><\/p>","protected":false},"author":1,"featured_media":0,"parent":0,"menu_order":0,"comment_status":"closed","ping_status":"closed","template":"","meta":{"neve_meta_sidebar":"","neve_meta_container":"","neve_meta_enable_content_width":"","neve_meta_content_width":0,"neve_meta_title_alignment":"","neve_meta_author_avatar":"","neve_post_elements_order":"","neve_meta_disable_header":"","neve_meta_disable_footer":"","neve_meta_disable_title":"","neve_meta_reading_time":"","footnotes":""},"class_list":["post-6","page","type-page","status-publish","hentry"],"yoast_head":"<!-- This site is optimized with the Yoast SEO plugin v27.4 - https:\/\/yoast.com\/product\/yoast-seo-wordpress\/ -->\n<title>Disclaimer - Ship-tracker.org<\/title>\n<meta name=\"robots\" content=\"noindex, follow\" \/>\n<meta property=\"og:locale\" content=\"tr_TR\" \/>\n<meta property=\"og:type\" content=\"article\" \/>\n<meta property=\"og:title\" content=\"Disclaimer - Ship-tracker.org\" \/>\n<meta property=\"og:description\" content=\"The ship-tracker.org\u00a0Web Site (the &#8220;Site&#8221;) is an online information service . &#8220;Ship-tracker.org &#8220;, subject to your compliance with the terms and conditions set forth below.\u00a0PLEASE READ THIS DOCUMENT CAREFULLY BEFORE ACCESSING OR USING THE SITE. BY ACCESSING OR USING THE SITE, YOU AGREE TO BE BOUND BY THE TERMS AND CONDITIONS SET FORTH BELOW. IF&hellip;&nbsp;Read More &raquo;Disclaimer\" \/>\n<meta property=\"og:url\" content=\"https:\/\/ship-tracker.org\/tr\/disclaimer\/\" \/>\n<meta property=\"og:site_name\" content=\"Ship-tracker.org\" \/>\n<meta property=\"article:modified_time\" content=\"2017-09-14T14:43:07+00:00\" \/>\n<meta name=\"twitter:card\" content=\"summary_large_image\" \/>\n<meta name=\"twitter:label1\" content=\"Tahmini okuma s\u00fcresi\" \/>\n\t<meta name=\"twitter:data1\" content=\"7 dakika\" \/>\n<script type=\"application\/ld+json\" class=\"yoast-schema-graph\">{\"@context\":\"https:\\\/\\\/schema.org\",\"@graph\":[{\"@type\":\"WebPage\",\"@id\":\"https:\\\/\\\/ship-tracker.org\\\/it\\\/disclaimer\\\/\",\"url\":\"https:\\\/\\\/ship-tracker.org\\\/it\\\/disclaimer\\\/\",\"name\":\"Disclaimer - Ship-tracker.org\",\"isPartOf\":{\"@id\":\"https:\\\/\\\/ship-tracker.org\\\/#website\"},\"datePublished\":\"2017-09-13T11:59:08+00:00\",\"dateModified\":\"2017-09-14T14:43:07+00:00\",\"breadcrumb\":{\"@id\":\"https:\\\/\\\/ship-tracker.org\\\/it\\\/disclaimer\\\/#breadcrumb\"},\"inLanguage\":\"tr\",\"potentialAction\":[{\"@type\":\"ReadAction\",\"target\":[\"https:\\\/\\\/ship-tracker.org\\\/it\\\/disclaimer\\\/\"]}]},{\"@type\":\"BreadcrumbList\",\"@id\":\"https:\\\/\\\/ship-tracker.org\\\/it\\\/disclaimer\\\/#breadcrumb\",\"itemListElement\":[{\"@type\":\"ListItem\",\"position\":1,\"name\":\"Startseite\",\"item\":\"https:\\\/\\\/ship-tracker.org\\\/\"},{\"@type\":\"ListItem\",\"position\":2,\"name\":\"Disclaimer\"}]},{\"@type\":\"WebSite\",\"@id\":\"https:\\\/\\\/ship-tracker.org\\\/#website\",\"url\":\"https:\\\/\\\/ship-tracker.org\\\/\",\"name\":\"Ship-tracker.org\",\"description\":\"\",\"potentialAction\":[{\"@type\":\"SearchAction\",\"target\":{\"@type\":\"EntryPoint\",\"urlTemplate\":\"https:\\\/\\\/ship-tracker.org\\\/?s={search_term_string}\"},\"query-input\":{\"@type\":\"PropertyValueSpecification\",\"valueRequired\":true,\"valueName\":\"search_term_string\"}}],\"inLanguage\":\"tr\"}]}<\/script>\n<!-- \/ Yoast SEO plugin. -->","yoast_head_json":{"title":"Feragat - Ship-tracker.org","robots":{"index":"noindex","follow":"follow"},"og_locale":"tr_TR","og_type":"article","og_title":"Disclaimer - Ship-tracker.org","og_description":"The ship-tracker.org\u00a0Web Site (the &#8220;Site&#8221;) is an online information service . &#8220;Ship-tracker.org &#8220;, subject to your compliance with the terms and conditions set forth below.\u00a0PLEASE READ THIS DOCUMENT CAREFULLY BEFORE ACCESSING OR USING THE SITE. BY ACCESSING OR USING THE SITE, YOU AGREE TO BE BOUND BY THE TERMS AND CONDITIONS SET FORTH BELOW. IF&hellip;&nbsp;Read More &raquo;Disclaimer","og_url":"https:\/\/ship-tracker.org\/tr\/disclaimer\/","og_site_name":"Ship-tracker.org","article_modified_time":"2017-09-14T14:43:07+00:00","twitter_card":"summary_large_image","twitter_misc":{"Tahmini okuma s\u00fcresi":"7 dakika"},"schema":{"@context":"https:\/\/schema.org","@graph":[{"@type":"WebPage","@id":"https:\/\/ship-tracker.org\/it\/disclaimer\/","url":"https:\/\/ship-tracker.org\/it\/disclaimer\/","name":"Feragat - Ship-tracker.org","isPartOf":{"@id":"https:\/\/ship-tracker.org\/#website"},"datePublished":"2017-09-13T11:59:08+00:00","dateModified":"2017-09-14T14:43:07+00:00","breadcrumb":{"@id":"https:\/\/ship-tracker.org\/it\/disclaimer\/#breadcrumb"},"inLanguage":"tr","potentialAction":[{"@type":"ReadAction","target":["https:\/\/ship-tracker.org\/it\/disclaimer\/"]}]},{"@type":"BreadcrumbList","@id":"https:\/\/ship-tracker.org\/it\/disclaimer\/#breadcrumb","itemListElement":[{"@type":"ListItem","position":1,"name":"Startseite","item":"https:\/\/ship-tracker.org\/"},{"@type":"ListItem","position":2,"name":"Disclaimer"}]},{"@type":"WebSite","@id":"https:\/\/ship-tracker.org\/#website","url":"https:\/\/ship-tracker.org\/","name":"Ship-tracker.org","description":"","potentialAction":[{"@type":"SearchAction","target":{"@type":"EntryPoint","urlTemplate":"https:\/\/ship-tracker.org\/?s={search_term_string}"},"query-input":{"@type":"PropertyValueSpecification","valueRequired":true,"valueName":"search_term_string"}}],"inLanguage":"tr"}]}},"_links":{"self":[{"href":"https:\/\/ship-tracker.org\/tr\/wp-json\/wp\/v2\/pages\/6","targetHints":{"allow":["GET"]}}],"collection":[{"href":"https:\/\/ship-tracker.org\/tr\/wp-json\/wp\/v2\/pages"}],"about":[{"href":"https:\/\/ship-tracker.org\/tr\/wp-json\/wp\/v2\/types\/page"}],"author":[{"embeddable":true,"href":"https:\/\/ship-tracker.org\/tr\/wp-json\/wp\/v2\/users\/1"}],"replies":[{"embeddable":true,"href":"https:\/\/ship-tracker.org\/tr\/wp-json\/wp\/v2\/comments?post=6"}],"version-history":[{"count":3,"href":"https:\/\/ship-tracker.org\/tr\/wp-json\/wp\/v2\/pages\/6\/revisions"}],"predecessor-version":[{"id":9,"href":"https:\/\/ship-tracker.org\/tr\/wp-json\/wp\/v2\/pages\/6\/revisions\/9"}],"wp:attachment":[{"href":"https:\/\/ship-tracker.org\/tr\/wp-json\/wp\/v2\/media?parent=6"}],"curies":[{"name":"wp","href":"https:\/\/api.w.org\/{rel}","templated":true}]}}