{"id":561,"date":"2017-09-19T00:03:09","date_gmt":"2017-09-18T22:03:09","guid":{"rendered":"http:\/\/ship-tracker.org\/?page_id=561"},"modified":"2022-10-27T14:00:54","modified_gmt":"2022-10-27T12:00:54","slug":"crystal-bach","status":"publish","type":"page","link":"https:\/\/ship-tracker.org\/tr\/crystal-bach\/","title":{"rendered":"Crystal Bach"},"content":{"rendered":"<p><script async src=\"https:\/\/pagead2.googlesyndication.com\/pagead\/js\/adsbygoogle.js\"><\/script><br \/>\n<!-- Ship-Tracker Display --><br \/>\n<ins class=\"adsbygoogle\" style=\"display: block;\" data-ad-client=\"ca-pub-1316785063791781\" data-ad-slot=\"8075999632\" data-ad-format=\"auto\" data-full-width-responsive=\"true\"><\/ins><br \/>\n<script>\n     (adsbygoogle = window.adsbygoogle || []).push({});\n<\/script><\/p>\n<h2><span style=\"color: #000000;\">Ge\u00e7erli konum ve <\/span><span style=\"color: #000000;\">Crystal Bach&#039;\u0131n konumu<\/span><\/h2>\n<p>\u015eu anda Crystal Bach&#039;\u0131n \u015fu anki konumu nerede?<br \/>\n<script async src=\"https:\/\/pagead2.googlesyndication.com\/pagead\/js\/adsbygoogle.js\"><\/script><br \/>\n<!-- Schip-Tracker Linkanzeigen --><br \/>\n<ins class=\"adsbygoogle\" style=\"display: block;\" data-ad-client=\"ca-pub-1316785063791781\" data-ad-slot=\"3429004156\" data-ad-format=\"link\" data-full-width-responsive=\"true\"><\/ins><br \/>\n<script>\n     (adsbygoogle = window.adsbygoogle || []).push({});\n<\/script><br \/>\n<script type=\"text\/javascript\">\n  var width=\"100%\";var height=\"400\";\n  var mmsi=248308000;\n<\/script><script type=\"text\/javascript\" src=\"https:\/\/www.vesselfinder.com\/aismap.js\"><\/script><br \/>\n<script async src=\"https:\/\/pagead2.googlesyndication.com\/pagead\/js\/adsbygoogle.js\"><\/script><br \/>\n<!-- Ship-Tracker Display --><br \/>\n<ins class=\"adsbygoogle\" style=\"display: block;\" data-ad-client=\"ca-pub-1316785063791781\" data-ad-slot=\"8075999632\" data-ad-format=\"auto\" data-full-width-responsive=\"true\"><\/ins><br \/>\n<script>\n     (adsbygoogle = window.adsbygoogle || []).push({});\n<\/script><\/p>\n<p>Crystal Bach&#039;in mevcut konumunu g\u00f6r\u00fcnt\u00fcleyin.Cristian Bach&#039;nin konumu VesselFinder ve MarineTraffic haritalar\u0131 taraf\u0131ndan do\u011fru bir \u015fekilde belirlenebilir. Yani en sevdi\u011finiz geminizin \u015fu anda nerede oldu\u011fu konusunda her zaman iyi bilgilendirilirsiniz.<\/p>\n<h2 class=\"title\"><span style=\"color: #000000;\">Crystal Bach \u0130ncelemesi ve Spesifikasyonlar\u0131<\/span><\/h2>\n<table style=\"height: 294px;\" width=\"400\">\n<tbody>\n<tr>\n<td style=\"width: 192px;\"><span style=\"color: #000000;\"><strong>Bayrak devleti<\/strong><\/span><\/td>\n<td style=\"width: 192px;\"><span style=\"color: #000000;\">Almanya<\/span><\/td>\n<\/tr>\n<tr>\n<td style=\"width: 192px;\"><span style=\"color: #000000;\"><strong>Kurulu\u015f y\u0131l\u0131<\/strong><\/span><\/td>\n<td style=\"width: 192px;\"><span style=\"color: #000000;\">2017<\/span><\/td>\n<\/tr>\n<tr>\n<td style=\"width: 192px;\"><span style=\"color: #000000;\"><strong>in\u015faat\u00e7\u0131<\/strong><\/span><\/td>\n<td style=\"width: 192px;\"><span style=\"color: #000000;\">MV Werften<\/span><\/td>\n<\/tr>\n<tr>\n<td style=\"width: 192px;\"><span style=\"color: #000000;\"><strong>uzunluk<\/strong><\/span><\/td>\n<td style=\"width: 192px;\"><span style=\"color: #000000;\">135<span class=\"specificationUnit\">\u00a0m<\/span><br \/>\n<\/span><\/td>\n<\/tr>\n<tr>\n<td style=\"width: 192px;\"><span style=\"color: #000000;\"><strong>kiri\u015f<\/strong><\/span><\/td>\n<td style=\"width: 192px;\"><span style=\"color: #000000;\">12<span class=\"specificationUnit\">\u00a0m<\/span><\/span><\/td>\n<\/tr>\n<tr>\n<td style=\"width: 192px;\"><span style=\"color: #000000;\"><strong>Br\u00fct Tonaj<\/strong><\/span><\/td>\n<td style=\"width: 192px;\"><span style=\"color: #000000;\">5000<span class=\"specificationUnit\">\u00a0GT<\/span><\/span><\/td>\n<\/tr>\n<tr>\n<td style=\"width: 192px;\"><span style=\"color: #000000;\"><strong>Yolcular<\/strong><\/span><\/td>\n<td style=\"width: 192px;\"><span style=\"color: #000000;\">169<\/span><\/td>\n<\/tr>\n<tr>\n<td style=\"width: 192px;\"><span style=\"color: #000000;\"><strong>m\u00fcrettebat<\/strong><\/span><\/td>\n<td style=\"width: 192px;\"><span style=\"color: #000000;\">85<\/span><\/td>\n<\/tr>\n<tr>\n<td style=\"width: 192px;\"><span style=\"color: #000000;\"><strong>g\u00fcverte<\/strong>\u00a0<\/span><\/td>\n<td style=\"width: 192px;\"><span style=\"color: #000000;\">4<\/span><\/td>\n<\/tr>\n<tr>\n<td style=\"width: 192px;\"><span style=\"color: #000000;\"><strong>h\u0131z<\/strong><\/span><\/td>\n<td style=\"width: 192px;\"><span style=\"color: #000000;\">12<span class=\"specificationUnit\">\u00a0kn<\/span><\/span><\/td>\n<\/tr>\n<tr>\n<td style=\"width: 192px;\"><span style=\"color: #000000;\"><strong><b>itme<\/b><\/strong><\/span><\/td>\n<td style=\"width: 192px;\"><span style=\"color: #000000;\">Dizel-elektrik<\/span><\/td>\n<\/tr>\n<tr>\n<td style=\"width: 192px;\"><span style=\"color: #000000;\"><strong><b>Seyir Hatt\u0131<\/b><\/strong><\/span><\/td>\n<td style=\"width: 192px;\"><a href=\"https:\/\/ship-tracker.org\/tr\/crystal-cruises\/\">Crystal Cruises<\/a><\/td>\n<\/tr>\n<\/tbody>\n<\/table>\n<p><img loading=\"lazy\" decoding=\"async\" class=\"aligncenter wp-image-382 size-full\" src=\"https:\/\/ship-tracker.org\/wp-content\/uploads\/2017\/09\/cruise-1419799_640.jpg\" alt=\"Crystal Bach\" width=\"640\" height=\"283\" srcset=\"https:\/\/ship-tracker.org\/wp-content\/uploads\/2017\/09\/cruise-1419799_640.jpg 640w, https:\/\/ship-tracker.org\/wp-content\/uploads\/2017\/09\/cruise-1419799_640-300x133.jpg 300w\" sizes=\"auto, (max-width: 640px) 100vw, 640px\" \/><\/p>\n<p>&nbsp;<\/p>\n<h3 class=\"title\">Crystal Cruises filosu<\/h3>\n<ul>\n<li><a href=\"https:\/\/ship-tracker.org\/tr\/crystal-endeavor\/\">Crystal Endeavour<\/a><\/li>\n<li><a href=\"https:\/\/ship-tracker.org\/tr\/crystal-serenity\/\">Crystal Serenity<\/a><\/li>\n<li><a href=\"https:\/\/ship-tracker.org\/tr\/crystal-symphony\/\">Crystal Symphony<\/a><\/li>\n<li><a href=\"https:\/\/ship-tracker.org\/tr\/crystal-esprit\/\">Crystal Esprit<\/a><\/li>\n<li><a href=\"https:\/\/ship-tracker.org\/tr\/crystal-debussy\/\">Crystal Debussy<\/a><\/li>\n<li><a href=\"https:\/\/ship-tracker.org\/tr\/crystal-ravel\/\">Kristal Ravel<\/a><\/li>\n<li><a href=\"https:\/\/ship-tracker.org\/tr\/crystal-mahler\/\">Crystal Mahler<\/a><\/li>\n<li><a href=\"https:\/\/ship-tracker.org\/tr\/crystal-mozart\/\">Crystal Mozart<\/a><\/li>\n<\/ul>\n<p><script async src=\"https:\/\/pagead2.googlesyndication.com\/pagead\/js\/adsbygoogle.js\"><\/script><br \/>\n<!-- Schip-Tracker Linkanzeigen --><br \/>\n<ins class=\"adsbygoogle\" style=\"display: block;\" data-ad-client=\"ca-pub-1316785063791781\" data-ad-slot=\"3429004156\" data-ad-format=\"link\" data-full-width-responsive=\"true\"><\/ins><br \/>\n<script>\n     (adsbygoogle = window.adsbygoogle || []).push({});\n<\/script><\/p>\n<h4><span style=\"color: #000000;\">Crystal Bach Videosu<\/span><\/h4>\n<div class=\"su-youtube su-u-responsive-media-yes\"><iframe loading=\"lazy\" width=\"600\" height=\"400\" src=\"https:\/\/www.youtube.com\/embed\/OaxUOqHe_j8?\" frameborder=\"0\" allowfullscreen allow=\"autoplay; encrypted-media; picture-in-picture\" title=\"\"><\/iframe><\/div>","protected":false},"excerpt":{"rendered":"<p>Crystal Bach&#039;\u0131n g\u00fcncel konumu ve pozisyonu Crystal Bach&#039;\u0131n g\u00fcncel konumu \u015fu anda nerede? Crystal Bach&#039;\u0131n g\u00fcncel konumunu g\u00f6r\u00fcnt\u00fcleyin. Crystal Bach&#039;\u0131n konumu VesselFinder ve MarineTraffic haritalar\u0131 ile do\u011fru bir \u015fekilde belirlenebilir. B\u00f6ylece en sevdi\u011finiz geminin \u015fu anda nerede oldu\u011funu her zaman iyi bir \u015fekilde bilirsiniz. Crystal Bach \u0130ncelemesi ve \u00d6zellikleri Bayrak eyaleti\u2026&nbsp;<a href=\"https:\/\/ship-tracker.org\/tr\/crystal-bach\/\" rel=\"bookmark\">Devam\u0131n\u0131 oku &quot;<span class=\"screen-reader-text\">Crystal Bach<\/span><\/a><\/p>","protected":false},"author":1,"featured_media":0,"parent":0,"menu_order":0,"comment_status":"closed","ping_status":"closed","template":"","meta":{"neve_meta_sidebar":"","neve_meta_container":"","neve_meta_enable_content_width":"","neve_meta_content_width":0,"neve_meta_title_alignment":"","neve_meta_author_avatar":"","neve_post_elements_order":"","neve_meta_disable_header":"","neve_meta_disable_footer":"","neve_meta_disable_title":"","neve_meta_reading_time":"","footnotes":""},"class_list":["post-561","page","type-page","status-publish","hentry"],"yoast_head":"<!-- This site is optimized with the Yoast SEO plugin v27.4 - https:\/\/yoast.com\/product\/yoast-seo-wordpress\/ -->\n<title>Crystal Bach \u2503 Current location and position of Crystal Cruises<\/title>\n<meta name=\"description\" content=\"Crystal Bach \u2693 Current location and position of Crystal Bach \u2713 Cruise Ship Tracker \u2713 Live Ship Tracker \u2713 Webcam\" \/>\n<meta name=\"robots\" content=\"index, follow, max-snippet:-1, max-image-preview:large, max-video-preview:-1\" \/>\n<link rel=\"canonical\" href=\"https:\/\/ship-tracker.org\/tr\/crystal-bach\/\" \/>\n<meta property=\"og:locale\" content=\"tr_TR\" \/>\n<meta property=\"og:type\" content=\"article\" \/>\n<meta property=\"og:title\" content=\"Crystal Bach \u2503 Current location and position of Crystal Cruises\" \/>\n<meta property=\"og:description\" content=\"Crystal Bach \u2693 Current location and position of Crystal Bach \u2713 Cruise Ship Tracker \u2713 Live Ship Tracker \u2713 Webcam\" \/>\n<meta property=\"og:url\" content=\"https:\/\/ship-tracker.org\/tr\/crystal-bach\/\" \/>\n<meta property=\"og:site_name\" content=\"Ship-tracker.org\" \/>\n<meta property=\"article:modified_time\" content=\"2022-10-27T12:00:54+00:00\" \/>\n<meta property=\"og:image\" content=\"https:\/\/ship-tracker.org\/wp-content\/uploads\/2017\/09\/cruise-1419799_640.jpg\" \/>\n<meta name=\"twitter:card\" content=\"summary_large_image\" \/>\n<meta name=\"twitter:label1\" content=\"Tahmini okuma s\u00fcresi\" \/>\n\t<meta name=\"twitter:data1\" content=\"1 dakika\" \/>\n<script type=\"application\/ld+json\" class=\"yoast-schema-graph\">{\"@context\":\"https:\\\/\\\/schema.org\",\"@graph\":[{\"@type\":\"WebPage\",\"@id\":\"https:\\\/\\\/ship-tracker.org\\\/crystal-bach\\\/\",\"url\":\"https:\\\/\\\/ship-tracker.org\\\/crystal-bach\\\/\",\"name\":\"Crystal Bach \u2503 Current location and position of Crystal Cruises\",\"isPartOf\":{\"@id\":\"https:\\\/\\\/ship-tracker.org\\\/#website\"},\"primaryImageOfPage\":{\"@id\":\"https:\\\/\\\/ship-tracker.org\\\/crystal-bach\\\/#primaryimage\"},\"image\":{\"@id\":\"https:\\\/\\\/ship-tracker.org\\\/crystal-bach\\\/#primaryimage\"},\"thumbnailUrl\":\"https:\\\/\\\/ship-tracker.org\\\/wp-content\\\/uploads\\\/2017\\\/09\\\/cruise-1419799_640.jpg\",\"datePublished\":\"2017-09-18T22:03:09+00:00\",\"dateModified\":\"2022-10-27T12:00:54+00:00\",\"description\":\"Crystal Bach \u2693 Current location and position of Crystal Bach \u2713 Cruise Ship Tracker \u2713 Live Ship Tracker \u2713 Webcam\",\"breadcrumb\":{\"@id\":\"https:\\\/\\\/ship-tracker.org\\\/crystal-bach\\\/#breadcrumb\"},\"inLanguage\":\"tr\",\"potentialAction\":[{\"@type\":\"ReadAction\",\"target\":[\"https:\\\/\\\/ship-tracker.org\\\/crystal-bach\\\/\"]}]},{\"@type\":\"ImageObject\",\"inLanguage\":\"tr\",\"@id\":\"https:\\\/\\\/ship-tracker.org\\\/crystal-bach\\\/#primaryimage\",\"url\":\"https:\\\/\\\/ship-tracker.org\\\/wp-content\\\/uploads\\\/2017\\\/09\\\/cruise-1419799_640.jpg\",\"contentUrl\":\"https:\\\/\\\/ship-tracker.org\\\/wp-content\\\/uploads\\\/2017\\\/09\\\/cruise-1419799_640.jpg\"},{\"@type\":\"BreadcrumbList\",\"@id\":\"https:\\\/\\\/ship-tracker.org\\\/crystal-bach\\\/#breadcrumb\",\"itemListElement\":[{\"@type\":\"ListItem\",\"position\":1,\"name\":\"Startseite\",\"item\":\"https:\\\/\\\/ship-tracker.org\\\/\"},{\"@type\":\"ListItem\",\"position\":2,\"name\":\"Crystal Bach\"}]},{\"@type\":\"WebSite\",\"@id\":\"https:\\\/\\\/ship-tracker.org\\\/#website\",\"url\":\"https:\\\/\\\/ship-tracker.org\\\/\",\"name\":\"Ship-tracker.org\",\"description\":\"\",\"potentialAction\":[{\"@type\":\"SearchAction\",\"target\":{\"@type\":\"EntryPoint\",\"urlTemplate\":\"https:\\\/\\\/ship-tracker.org\\\/?s={search_term_string}\"},\"query-input\":{\"@type\":\"PropertyValueSpecification\",\"valueRequired\":true,\"valueName\":\"search_term_string\"}}],\"inLanguage\":\"tr\"}]}<\/script>\n<!-- \/ Yoast SEO plugin. -->","yoast_head_json":{"title":"Crystal Bach \u2503 Crystal Cruises&#039;\u0131n \u015fu anki konumu ve konumu","description":"Crystal Bach \u2693 Crystal Bach&#039;\u0131n mevcut konumu ve konumu \u2713 Yolcu Gemisi Takibi \u2713 Canl\u0131 Gemi Takibi \u2713 Web kameras\u0131","robots":{"index":"index","follow":"follow","max-snippet":"max-snippet:-1","max-image-preview":"max-image-preview:large","max-video-preview":"max-video-preview:-1"},"canonical":"https:\/\/ship-tracker.org\/tr\/crystal-bach\/","og_locale":"tr_TR","og_type":"article","og_title":"Crystal Bach \u2503 Current location and position of Crystal Cruises","og_description":"Crystal Bach \u2693 Current location and position of Crystal Bach \u2713 Cruise Ship Tracker \u2713 Live Ship Tracker \u2713 Webcam","og_url":"https:\/\/ship-tracker.org\/tr\/crystal-bach\/","og_site_name":"Ship-tracker.org","article_modified_time":"2022-10-27T12:00:54+00:00","og_image":[{"url":"https:\/\/ship-tracker.org\/wp-content\/uploads\/2017\/09\/cruise-1419799_640.jpg","type":"","width":"","height":""}],"twitter_card":"summary_large_image","twitter_misc":{"Tahmini okuma s\u00fcresi":"1 dakika"},"schema":{"@context":"https:\/\/schema.org","@graph":[{"@type":"WebPage","@id":"https:\/\/ship-tracker.org\/crystal-bach\/","url":"https:\/\/ship-tracker.org\/crystal-bach\/","name":"Crystal Bach \u2503 Crystal Cruises&#039;\u0131n \u015fu anki konumu ve konumu","isPartOf":{"@id":"https:\/\/ship-tracker.org\/#website"},"primaryImageOfPage":{"@id":"https:\/\/ship-tracker.org\/crystal-bach\/#primaryimage"},"image":{"@id":"https:\/\/ship-tracker.org\/crystal-bach\/#primaryimage"},"thumbnailUrl":"https:\/\/ship-tracker.org\/wp-content\/uploads\/2017\/09\/cruise-1419799_640.jpg","datePublished":"2017-09-18T22:03:09+00:00","dateModified":"2022-10-27T12:00:54+00:00","description":"Crystal Bach \u2693 Crystal Bach&#039;\u0131n mevcut konumu ve konumu \u2713 Yolcu Gemisi Takibi \u2713 Canl\u0131 Gemi Takibi \u2713 Web kameras\u0131","breadcrumb":{"@id":"https:\/\/ship-tracker.org\/crystal-bach\/#breadcrumb"},"inLanguage":"tr","potentialAction":[{"@type":"ReadAction","target":["https:\/\/ship-tracker.org\/crystal-bach\/"]}]},{"@type":"ImageObject","inLanguage":"tr","@id":"https:\/\/ship-tracker.org\/crystal-bach\/#primaryimage","url":"https:\/\/ship-tracker.org\/wp-content\/uploads\/2017\/09\/cruise-1419799_640.jpg","contentUrl":"https:\/\/ship-tracker.org\/wp-content\/uploads\/2017\/09\/cruise-1419799_640.jpg"},{"@type":"BreadcrumbList","@id":"https:\/\/ship-tracker.org\/crystal-bach\/#breadcrumb","itemListElement":[{"@type":"ListItem","position":1,"name":"Startseite","item":"https:\/\/ship-tracker.org\/"},{"@type":"ListItem","position":2,"name":"Crystal Bach"}]},{"@type":"WebSite","@id":"https:\/\/ship-tracker.org\/#website","url":"https:\/\/ship-tracker.org\/","name":"Ship-tracker.org","description":"","potentialAction":[{"@type":"SearchAction","target":{"@type":"EntryPoint","urlTemplate":"https:\/\/ship-tracker.org\/?s={search_term_string}"},"query-input":{"@type":"PropertyValueSpecification","valueRequired":true,"valueName":"search_term_string"}}],"inLanguage":"tr"}]}},"_links":{"self":[{"href":"https:\/\/ship-tracker.org\/tr\/wp-json\/wp\/v2\/pages\/561","targetHints":{"allow":["GET"]}}],"collection":[{"href":"https:\/\/ship-tracker.org\/tr\/wp-json\/wp\/v2\/pages"}],"about":[{"href":"https:\/\/ship-tracker.org\/tr\/wp-json\/wp\/v2\/types\/page"}],"author":[{"embeddable":true,"href":"https:\/\/ship-tracker.org\/tr\/wp-json\/wp\/v2\/users\/1"}],"replies":[{"embeddable":true,"href":"https:\/\/ship-tracker.org\/tr\/wp-json\/wp\/v2\/comments?post=561"}],"version-history":[{"count":7,"href":"https:\/\/ship-tracker.org\/tr\/wp-json\/wp\/v2\/pages\/561\/revisions"}],"predecessor-version":[{"id":2311,"href":"https:\/\/ship-tracker.org\/tr\/wp-json\/wp\/v2\/pages\/561\/revisions\/2311"}],"wp:attachment":[{"href":"https:\/\/ship-tracker.org\/tr\/wp-json\/wp\/v2\/media?parent=561"}],"curies":[{"name":"wp","href":"https:\/\/api.w.org\/{rel}","templated":true}]}}