{"id":4467,"date":"2023-08-13T02:47:06","date_gmt":"2023-08-13T00:47:06","guid":{"rendered":"https:\/\/ship-tracker.org\/?page_id=4467"},"modified":"2023-08-13T02:47:06","modified_gmt":"2023-08-13T00:47:06","slug":"utopia-of-the-seas","status":"publish","type":"page","link":"https:\/\/ship-tracker.org\/tr\/utopia-of-the-seas\/","title":{"rendered":"Denizlerin \u00dctopyas\u0131"},"content":{"rendered":"<h2><span style=\"color: #000000;\">Ge\u00e7erli konum ve <\/span><span style=\"color: #000000;\">Denizlerin \u00dctopyas\u0131&#039;n\u0131n konumu<\/span><\/h2>\n<p>Denizlerin \u00dctopyas\u0131&#039;n\u0131n \u015fu anki konumu nerede?<\/p>\n<div class=\"su-gmap su-u-responsive-media-yes\"><iframe loading=\"lazy\" width=\"600\" height=\"400\" src=\"\/\/maps.google.com\/maps?q=Chantiers%20de%20l%E2%80%99Atlantique&amp;output=embed\" title=\"\"><\/iframe><\/div>\n<p>Utopia Of The Seas&#039;in mevcut konumunu g\u00f6r\u00fcnt\u00fcleyin. Utopia Of The Seas&#039;in konumu VesselFinder ve MarineTraffic haritalar\u0131 ile do\u011fru bir \u015fekilde belirlenebilir. B\u00f6ylece favori geminizin \u015fu anda nerede oldu\u011fu konusunda her zaman iyi bilgi sahibi olursunuz.<\/p>\n<h2 class=\"title\"><span style=\"color: #000000;\">Denizlerin \u00dctopyas\u0131 \u0130ncelemesi ve \u00d6zellikleri<\/span><\/h2>\n<table>\n<tbody>\n<tr style=\"height: 24px;\">\n<td style=\"width: 192px; height: 24px;\"><strong><span style=\"color: #000000;\">Kurulu\u015f y\u0131l\u0131<\/span><\/strong><\/td>\n<td style=\"width: 192px; height: 24px;\">2024<\/td>\n<\/tr>\n<tr style=\"height: 24px;\">\n<td style=\"width: 192px; height: 24px;\"><strong><span style=\"color: #000000;\">in\u015faat\u00e7\u0131<\/span><\/strong><\/td>\n<td style=\"width: 192px; height: 24px;\"><span style=\"color: #000000;\">Chantiers de l&#039;Atlantique<\/span><\/td>\n<\/tr>\n<tr>\n<td style=\"width: 192px;\"><strong>gemi tipi<span style=\"color: #000000;\"><br \/>\n<\/span><\/strong><\/td>\n<td style=\"width: 192px;\"><span style=\"color: #000000;\">Yolcu (Cruise) Gemisi<\/span><\/td>\n<\/tr>\n<tr style=\"height: 24px;\">\n<td style=\"width: 192px; height: 24px;\"><strong><span style=\"color: #000000;\">S\u0131n\u0131f<\/span><\/strong><\/td>\n<td style=\"width: 192px; height: 24px;\"><span style=\"color: #000000;\">RCI OASIS PLUS<\/span><\/td>\n<\/tr>\n<tr>\n<td style=\"width: 192px;\"><strong>\u00e7a\u011fr\u0131 i\u015fareti<span style=\"color: #000000;\"><br \/>\n<\/span><\/strong><\/td>\n<td style=\"width: 192px;\"><\/td>\n<\/tr>\n<tr>\n<td style=\"width: 192px;\"><strong><span style=\"color: #000000;\">bayrak<\/span><\/strong><\/td>\n<td style=\"width: 192px;\"><span style=\"color: #000000;\">Bahamalar<\/span><\/td>\n<\/tr>\n<tr style=\"height: 24px;\">\n<td style=\"width: 192px; height: 24px;\"><strong><span style=\"color: #000000;\">Br\u00fct Tonaj<\/span><\/strong><\/td>\n<td style=\"width: 192px; height: 24px;\"><span style=\"color: #000000;\"><span class=\"specificationUnit\">236857 GT<\/span><\/span><\/td>\n<\/tr>\n<tr style=\"height: 24px;\">\n<td style=\"width: 192px; height: 24px;\"><strong><span style=\"color: #000000;\">Yolcular<\/span><\/strong><\/td>\n<td style=\"width: 192px; height: 24px;\">6788<\/td>\n<\/tr>\n<tr style=\"height: 24px;\">\n<td style=\"width: 192px; height: 24px;\"><strong><span style=\"color: #000000;\">m\u00fcrettebat<\/span><\/strong><\/td>\n<td style=\"width: 192px; height: 24px;\">2394<\/td>\n<\/tr>\n<tr>\n<td style=\"width: 192px;\"><strong><span style=\"color: #000000;\">Kabinli g\u00fcverteler<\/span><\/strong><\/td>\n<td style=\"width: 192px;\">17<\/td>\n<\/tr>\n<tr style=\"height: 24px;\">\n<td style=\"width: 192px; height: 24px;\"><strong><span style=\"color: #000000;\">g\u00fcverte<\/span><\/strong><\/td>\n<td style=\"width: 192px; height: 24px;\"><span style=\"color: #000000;\">20<\/span><\/td>\n<\/tr>\n<tr style=\"height: 24px;\">\n<td style=\"width: 192px; height: 24px;\"><strong><span style=\"color: #000000;\">h\u0131z<\/span><\/strong><\/td>\n<td style=\"width: 192px; height: 24px;\"><span style=\"color: #000000;\">23<span class=\"specificationUnit\">\u00a0kn<\/span><\/span><\/td>\n<\/tr>\n<tr style=\"height: 24px;\">\n<td style=\"width: 192px; height: 24px;\"><strong><span style=\"color: #000000;\">uzunluk<\/span><\/strong><\/td>\n<td style=\"width: 192px; height: 24px;\"><span style=\"color: #000000;\"><span class=\"specificationUnit\">362 m<\/span><\/span><\/td>\n<\/tr>\n<tr style=\"height: 24px;\">\n<td style=\"width: 192px; height: 24px;\"><strong><span style=\"color: #000000;\">kiri\u015f<\/span><\/strong><\/td>\n<td style=\"width: 192px; height: 24px;\"><span style=\"color: #000000;\">66 m<\/span><\/td>\n<\/tr>\n<tr style=\"height: 24px;\">\n<td style=\"width: 192px; height: 24px;\"><span style=\"color: #000000;\"><strong><b>Sahip<\/b><\/strong><\/span><\/td>\n<td style=\"width: 192px; height: 24px;\"><a href=\"https:\/\/ship-tracker.org\/tr\/royal-caribbean\/\">Royal Caribbean\u00a0<\/a><\/td>\n<\/tr>\n<tr>\n<td style=\"width: 192px;\"><span style=\"color: #000000;\"><strong><b>IMO<\/b><\/strong><\/span><\/td>\n<td style=\"width: 192px;\"><\/td>\n<\/tr>\n<tr>\n<td style=\"width: 192px;\"><span style=\"color: #000000;\"><strong><b>MMSI<\/b><\/strong><\/span><\/td>\n<td style=\"width: 192px;\"><\/td>\n<\/tr>\n<\/tbody>\n<\/table>\n<figure id=\"attachment_16882\" aria-describedby=\"caption-attachment-16882\" style=\"width: 1024px\" class=\"wp-caption aligncenter\"><img loading=\"lazy\" decoding=\"async\" class=\"wp-image-16882 size-full\" src=\"https:\/\/schiffsradar.org\/wp-content\/uploads\/2020\/02\/wonder-of-the-seas-name-reveal-asset-1024x683-1.jpg\" alt=\"Denizlerin \u00dctopyas\u0131\" width=\"1024\" height=\"683\" \/><figcaption id=\"caption-attachment-16882\" class=\"wp-caption-text\">\u00a9 Royal Karayipler<\/figcaption><\/figure>\n<h3 class=\"title\">Kraliyet Karayip filosu<\/h3>\n<ul>\n<li><a href=\"https:\/\/ship-tracker.org\/tr\/odyssey-of-the-seas\/\">Odyssey Of The Seas<\/a><\/li>\n<li><a href=\"https:\/\/ship-tracker.org\/tr\/spectrum-of-the-seas\/\">Spectrum Of The Seas<\/a><\/li>\n<li><a href=\"https:\/\/ship-tracker.org\/tr\/symphony-of-the-seas\/\">Symphony Of The Seas<\/a><\/li>\n<li><a href=\"https:\/\/ship-tracker.org\/tr\/ovation-of-the-seas\/\">Ovation Of The Seas<\/a><\/li>\n<li><a href=\"https:\/\/ship-tracker.org\/tr\/harmony-of-the-seas\/\">Harmony Of The Seas<\/a><\/li>\n<li><a href=\"https:\/\/ship-tracker.org\/tr\/anthem-of-the-seas\/\">Anthem of the Seas<\/a><\/li>\n<li><a href=\"https:\/\/ship-tracker.org\/tr\/quantum-of-the-seas\/\">Quantum Of The Seas<\/a><\/li>\n<li><a href=\"https:\/\/ship-tracker.org\/tr\/allure-of-the-seas\/\">Allure Of The Seas<\/a><\/li>\n<li><a href=\"https:\/\/ship-tracker.org\/tr\/oasis-of-the-seas\/\">Oasis Of The Seas<\/a><\/li>\n<li><a href=\"https:\/\/ship-tracker.org\/tr\/independence-of-the-seas\/\">Independence Of The Seas<\/a><\/li>\n<li><a href=\"https:\/\/ship-tracker.org\/tr\/liberty-of-the-seas\/\">Liberty Of The Seas<\/a><\/li>\n<li><a href=\"https:\/\/ship-tracker.org\/tr\/freedom-of-the-seas\/\">Freedom Of The Seas<\/a><\/li>\n<li><a href=\"https:\/\/ship-tracker.org\/tr\/jewel-of-the-seas\/\">Jewel Of The Seas<\/a><\/li>\n<li><a href=\"https:\/\/ship-tracker.org\/tr\/serenade-of-the-seas\/\">Denizlerin Serenat\u0131<\/a><\/li>\n<li><a href=\"https:\/\/ship-tracker.org\/tr\/mariner-of-the-seas\/\">Denizlerin Mariner<\/a><\/li>\n<li><a href=\"https:\/\/ship-tracker.org\/tr\/navigator-of-the-seas\/\">Denizlerin Gezgini<\/a><\/li>\n<li><a href=\"https:\/\/ship-tracker.org\/tr\/brilliance-of-the-seas\/\">Brilliance Of The Seas<\/a><\/li>\n<li><a href=\"https:\/\/ship-tracker.org\/tr\/adventure-of-the-seas\/\">Adventure Of The Seas<\/a><\/li>\n<li><a href=\"https:\/\/ship-tracker.org\/tr\/radiance-of-the-seas\/\">Radiance Of The Seas<\/a><\/li>\n<li><a href=\"https:\/\/ship-tracker.org\/tr\/explorer-of-the-seas\/\">Explorer Of The Seas<\/a><\/li>\n<li><a href=\"https:\/\/ship-tracker.org\/tr\/voyager-of-the-seas\/\">Voyager Of The Seas<\/a><\/li>\n<li><a href=\"https:\/\/ship-tracker.org\/tr\/vision-of-the-seas\/\">Vision Of The Seas<\/a><\/li>\n<li><a href=\"https:\/\/ship-tracker.org\/tr\/enchantment-of-the-seas\/\">Enchantment Of The Seas<\/a><\/li>\n<li><a href=\"https:\/\/ship-tracker.org\/tr\/rhapsody-of-the-seas\/\">Denizlerin Rapsodi<\/a><\/li>\n<li><a href=\"https:\/\/ship-tracker.org\/tr\/grandeur-of-the-seas\/\">Grandeur Of The Seas<\/a><\/li>\n<li><a href=\"https:\/\/ship-tracker.org\/tr\/wonder-of-the-seas\/\">Wonder Of The Seas<\/a><\/li>\n<\/ul>","protected":false},"excerpt":{"rendered":"<p>Utopia Of The Seas&#039;in g\u00fcncel konumu ve pozisyonu Utopia Of The Seas&#039;in g\u00fcncel konumu \u015fu anda nerede? Utopia Of The Seas&#039;in g\u00fcncel konumunu g\u00f6r\u00fcnt\u00fcleyin. Utopia Of The Seas&#039;in konumu VesselFinder ve MarineTraffic haritalar\u0131 ile do\u011fru bir \u015fekilde belirlenebilir. B\u00f6ylece en sevdi\u011finiz geminin nerede oldu\u011funu her zaman iyi bir \u015fekilde bilirsiniz\u2026&nbsp;<a href=\"https:\/\/ship-tracker.org\/tr\/utopia-of-the-seas\/\" rel=\"bookmark\">Devam\u0131n\u0131 oku &quot;<span class=\"screen-reader-text\">Denizlerin \u00dctopyas\u0131<\/span><\/a><\/p>","protected":false},"author":1,"featured_media":4459,"parent":0,"menu_order":0,"comment_status":"closed","ping_status":"closed","template":"","meta":{"neve_meta_sidebar":"","neve_meta_container":"","neve_meta_enable_content_width":"off","neve_meta_content_width":100,"neve_meta_title_alignment":"","neve_meta_author_avatar":"","neve_post_elements_order":"","neve_meta_disable_header":"","neve_meta_disable_footer":"","neve_meta_disable_title":"","neve_meta_reading_time":"","footnotes":""},"class_list":["post-4467","page","type-page","status-publish","has-post-thumbnail","hentry"],"yoast_head":"<!-- This site is optimized with the Yoast SEO plugin v27.4 - https:\/\/yoast.com\/product\/yoast-seo-wordpress\/ -->\n<title>Utopia Of The Seas\u2503Current location and position<\/title>\n<meta name=\"description\" content=\"Utopia Of The Seas \u2693 Current location and position of Icon Of The Seas \u2713 Cruise Ship Tracker \u2713 Live Ship Tracker\" \/>\n<meta name=\"robots\" content=\"index, follow, max-snippet:-1, max-image-preview:large, max-video-preview:-1\" \/>\n<link rel=\"canonical\" href=\"https:\/\/ship-tracker.org\/tr\/utopia-of-the-seas\/\" \/>\n<meta property=\"og:locale\" content=\"tr_TR\" \/>\n<meta property=\"og:type\" content=\"article\" \/>\n<meta property=\"og:title\" content=\"Utopia Of The Seas\u2503Current location and position\" \/>\n<meta property=\"og:description\" content=\"Utopia Of The Seas \u2693 Current location and position of Icon Of The Seas \u2713 Cruise Ship Tracker \u2713 Live Ship Tracker\" \/>\n<meta property=\"og:url\" content=\"https:\/\/ship-tracker.org\/tr\/utopia-of-the-seas\/\" \/>\n<meta property=\"og:site_name\" content=\"Ship-tracker.org\" \/>\n<meta property=\"og:image\" content=\"https:\/\/ship-tracker.org\/wp-content\/uploads\/2023\/08\/wonder-of-the-seas-name-reveal-asset-1024x683-1.webp\" \/>\n\t<meta property=\"og:image:width\" content=\"1024\" \/>\n\t<meta property=\"og:image:height\" content=\"683\" \/>\n\t<meta property=\"og:image:type\" content=\"image\/webp\" \/>\n<meta name=\"twitter:card\" content=\"summary_large_image\" \/>\n<meta name=\"twitter:label1\" content=\"Tahmini okuma s\u00fcresi\" \/>\n\t<meta name=\"twitter:data1\" content=\"2 dakika\" \/>\n<script type=\"application\/ld+json\" class=\"yoast-schema-graph\">{\"@context\":\"https:\\\/\\\/schema.org\",\"@graph\":[{\"@type\":\"WebPage\",\"@id\":\"https:\\\/\\\/ship-tracker.org\\\/utopia-of-the-seas\\\/\",\"url\":\"https:\\\/\\\/ship-tracker.org\\\/utopia-of-the-seas\\\/\",\"name\":\"Utopia Of The Seas\u2503Current location and position\",\"isPartOf\":{\"@id\":\"https:\\\/\\\/ship-tracker.org\\\/#website\"},\"primaryImageOfPage\":{\"@id\":\"https:\\\/\\\/ship-tracker.org\\\/utopia-of-the-seas\\\/#primaryimage\"},\"image\":{\"@id\":\"https:\\\/\\\/ship-tracker.org\\\/utopia-of-the-seas\\\/#primaryimage\"},\"thumbnailUrl\":\"https:\\\/\\\/ship-tracker.org\\\/wp-content\\\/uploads\\\/2023\\\/08\\\/wonder-of-the-seas-name-reveal-asset-1024x683-1.webp\",\"datePublished\":\"2023-08-13T00:47:06+00:00\",\"description\":\"Utopia Of The Seas \u2693 Current location and position of Icon Of The Seas \u2713 Cruise Ship Tracker \u2713 Live Ship Tracker\",\"breadcrumb\":{\"@id\":\"https:\\\/\\\/ship-tracker.org\\\/utopia-of-the-seas\\\/#breadcrumb\"},\"inLanguage\":\"tr\",\"potentialAction\":[{\"@type\":\"ReadAction\",\"target\":[\"https:\\\/\\\/ship-tracker.org\\\/utopia-of-the-seas\\\/\"]}]},{\"@type\":\"ImageObject\",\"inLanguage\":\"tr\",\"@id\":\"https:\\\/\\\/ship-tracker.org\\\/utopia-of-the-seas\\\/#primaryimage\",\"url\":\"https:\\\/\\\/ship-tracker.org\\\/wp-content\\\/uploads\\\/2023\\\/08\\\/wonder-of-the-seas-name-reveal-asset-1024x683-1.webp\",\"contentUrl\":\"https:\\\/\\\/ship-tracker.org\\\/wp-content\\\/uploads\\\/2023\\\/08\\\/wonder-of-the-seas-name-reveal-asset-1024x683-1.webp\",\"width\":1024,\"height\":683,\"caption\":\"\u00a9 Royal Caribbean\"},{\"@type\":\"BreadcrumbList\",\"@id\":\"https:\\\/\\\/ship-tracker.org\\\/utopia-of-the-seas\\\/#breadcrumb\",\"itemListElement\":[{\"@type\":\"ListItem\",\"position\":1,\"name\":\"Startseite\",\"item\":\"https:\\\/\\\/ship-tracker.org\\\/\"},{\"@type\":\"ListItem\",\"position\":2,\"name\":\"Utopia Of The Seas\"}]},{\"@type\":\"WebSite\",\"@id\":\"https:\\\/\\\/ship-tracker.org\\\/#website\",\"url\":\"https:\\\/\\\/ship-tracker.org\\\/\",\"name\":\"Ship-tracker.org\",\"description\":\"\",\"potentialAction\":[{\"@type\":\"SearchAction\",\"target\":{\"@type\":\"EntryPoint\",\"urlTemplate\":\"https:\\\/\\\/ship-tracker.org\\\/?s={search_term_string}\"},\"query-input\":{\"@type\":\"PropertyValueSpecification\",\"valueRequired\":true,\"valueName\":\"search_term_string\"}}],\"inLanguage\":\"tr\"}]}<\/script>\n<!-- \/ Yoast SEO plugin. -->","yoast_head_json":{"title":"Utopia Of The Seas\u2503Mevcut konum ve konum","description":"Utopia Of The Seas \u2693 Icon Of The Seas&#039;in mevcut konumu ve konumu \u2713 Cruise Ship Tracker \u2713 Live Ship Tracker","robots":{"index":"index","follow":"follow","max-snippet":"max-snippet:-1","max-image-preview":"max-image-preview:large","max-video-preview":"max-video-preview:-1"},"canonical":"https:\/\/ship-tracker.org\/tr\/utopia-of-the-seas\/","og_locale":"tr_TR","og_type":"article","og_title":"Utopia Of The Seas\u2503Current location and position","og_description":"Utopia Of The Seas \u2693 Current location and position of Icon Of The Seas \u2713 Cruise Ship Tracker \u2713 Live Ship Tracker","og_url":"https:\/\/ship-tracker.org\/tr\/utopia-of-the-seas\/","og_site_name":"Ship-tracker.org","og_image":[{"width":1024,"height":683,"url":"https:\/\/ship-tracker.org\/wp-content\/uploads\/2023\/08\/wonder-of-the-seas-name-reveal-asset-1024x683-1.webp","type":"image\/webp"}],"twitter_card":"summary_large_image","twitter_misc":{"Tahmini okuma s\u00fcresi":"2 dakika"},"schema":{"@context":"https:\/\/schema.org","@graph":[{"@type":"WebPage","@id":"https:\/\/ship-tracker.org\/utopia-of-the-seas\/","url":"https:\/\/ship-tracker.org\/utopia-of-the-seas\/","name":"Utopia Of The Seas\u2503Mevcut konum ve konum","isPartOf":{"@id":"https:\/\/ship-tracker.org\/#website"},"primaryImageOfPage":{"@id":"https:\/\/ship-tracker.org\/utopia-of-the-seas\/#primaryimage"},"image":{"@id":"https:\/\/ship-tracker.org\/utopia-of-the-seas\/#primaryimage"},"thumbnailUrl":"https:\/\/ship-tracker.org\/wp-content\/uploads\/2023\/08\/wonder-of-the-seas-name-reveal-asset-1024x683-1.webp","datePublished":"2023-08-13T00:47:06+00:00","description":"Utopia Of The Seas \u2693 Icon Of The Seas&#039;in mevcut konumu ve konumu \u2713 Cruise Ship Tracker \u2713 Live Ship Tracker","breadcrumb":{"@id":"https:\/\/ship-tracker.org\/utopia-of-the-seas\/#breadcrumb"},"inLanguage":"tr","potentialAction":[{"@type":"ReadAction","target":["https:\/\/ship-tracker.org\/utopia-of-the-seas\/"]}]},{"@type":"ImageObject","inLanguage":"tr","@id":"https:\/\/ship-tracker.org\/utopia-of-the-seas\/#primaryimage","url":"https:\/\/ship-tracker.org\/wp-content\/uploads\/2023\/08\/wonder-of-the-seas-name-reveal-asset-1024x683-1.webp","contentUrl":"https:\/\/ship-tracker.org\/wp-content\/uploads\/2023\/08\/wonder-of-the-seas-name-reveal-asset-1024x683-1.webp","width":1024,"height":683,"caption":"\u00a9 Royal Caribbean"},{"@type":"BreadcrumbList","@id":"https:\/\/ship-tracker.org\/utopia-of-the-seas\/#breadcrumb","itemListElement":[{"@type":"ListItem","position":1,"name":"Startseite","item":"https:\/\/ship-tracker.org\/"},{"@type":"ListItem","position":2,"name":"Utopia Of The Seas"}]},{"@type":"WebSite","@id":"https:\/\/ship-tracker.org\/#website","url":"https:\/\/ship-tracker.org\/","name":"Ship-tracker.org","description":"","potentialAction":[{"@type":"SearchAction","target":{"@type":"EntryPoint","urlTemplate":"https:\/\/ship-tracker.org\/?s={search_term_string}"},"query-input":{"@type":"PropertyValueSpecification","valueRequired":true,"valueName":"search_term_string"}}],"inLanguage":"tr"}]}},"_links":{"self":[{"href":"https:\/\/ship-tracker.org\/tr\/wp-json\/wp\/v2\/pages\/4467","targetHints":{"allow":["GET"]}}],"collection":[{"href":"https:\/\/ship-tracker.org\/tr\/wp-json\/wp\/v2\/pages"}],"about":[{"href":"https:\/\/ship-tracker.org\/tr\/wp-json\/wp\/v2\/types\/page"}],"author":[{"embeddable":true,"href":"https:\/\/ship-tracker.org\/tr\/wp-json\/wp\/v2\/users\/1"}],"replies":[{"embeddable":true,"href":"https:\/\/ship-tracker.org\/tr\/wp-json\/wp\/v2\/comments?post=4467"}],"version-history":[{"count":1,"href":"https:\/\/ship-tracker.org\/tr\/wp-json\/wp\/v2\/pages\/4467\/revisions"}],"predecessor-version":[{"id":4468,"href":"https:\/\/ship-tracker.org\/tr\/wp-json\/wp\/v2\/pages\/4467\/revisions\/4468"}],"wp:featuredmedia":[{"embeddable":true,"href":"https:\/\/ship-tracker.org\/tr\/wp-json\/wp\/v2\/media\/4459"}],"wp:attachment":[{"href":"https:\/\/ship-tracker.org\/tr\/wp-json\/wp\/v2\/media?parent=4467"}],"curies":[{"name":"wp","href":"https:\/\/api.w.org\/{rel}","templated":true}]}}