{"id":4272,"date":"2023-07-05T15:27:11","date_gmt":"2023-07-05T13:27:11","guid":{"rendered":"https:\/\/ship-tracker.org\/?page_id=4272"},"modified":"2023-07-05T15:27:11","modified_gmt":"2023-07-05T13:27:11","slug":"maersk-utah","status":"publish","type":"page","link":"https:\/\/ship-tracker.org\/tr\/maersk-utah\/","title":{"rendered":"MAERSK UTAH"},"content":{"rendered":"<h2><span style=\"color: #000000;\">Ge\u00e7erli konum ve <\/span><span style=\"color: #000000;\">MAERSK UTAH&#039;\u0131n konumu<\/span><\/h2>\n<p>MAERSK UTAH&#039;\u0131n \u015fu anki konumu nerede?<br \/>\n<script type=\"text\/javascript\">\n  var width=\"100%\";var height=\"400\";\n  var mmsi=563757000;\n<\/script><script type=\"text\/javascript\" src=\"https:\/\/www.vesselfinder.com\/aismap.js\"><\/script><\/p>\n<p>Singapur bayra\u011f\u0131na kay\u0131tl\u0131 bir kargo gemisi olan MAERSK UTAH \u015fu anda denizlerde seyrediyor. IMO numaras\u0131 9305300 ve MMSI numaras\u0131 563757000&#039;i ta\u015f\u0131yan gemi, 292 metre uzunlu\u011funda ve 32 metre geni\u015fli\u011findedir. A\u015fa\u011f\u0131da verilen haritalar, geminin mevcut konumu, bir sonraki tarifeli u\u011frayaca\u011f\u0131 liman, tahmini var\u0131\u015f zaman\u0131 (ETA), tahmini var\u0131\u015f zaman\u0131 (PTA), h\u0131z, rota ve su \u00e7ekimi de dahil olmak \u00fczere ilgili yolculuk bilgilerinin ayr\u0131nt\u0131lar\u0131n\u0131 vermektedir. Foto\u011fraflar, videolar, yerel saat ve UTC saati gibi ek kaynaklar da sa\u011flanmaktad\u0131r.<\/p>\n<h2 class=\"pageTitle shipItemTitle\"><span style=\"color: #000000;\">MAERSK UTAH \u0130ncelemesi ve Spesifikasyonlar\u0131<\/span><\/h2>\n<table>\n<tbody>\n<tr style=\"height: 23px;\">\n<td style=\"width: 192px; height: 23px;\">Bayrak devleti<\/td>\n<td style=\"width: 192px; height: 23px;\">Singapur<\/td>\n<\/tr>\n<tr style=\"height: 23px;\">\n<td style=\"width: 192px; height: 23px;\">Yap\u0131m Y\u0131l\u0131<strong><br \/>\n<\/strong><\/td>\n<td style=\"width: 192px; height: 23px;\">2006<\/td>\n<\/tr>\n<tr style=\"height: 23px;\">\n<td style=\"width: 192px; height: 23px;\">gemi tipi<\/td>\n<td style=\"width: 192px; height: 23px;\">Y\u00fck gemisi<\/td>\n<\/tr>\n<tr style=\"height: 23px;\">\n<td style=\"width: 192px; height: 23px;\">\u00e7a\u011fr\u0131 i\u015fareti<\/td>\n<td style=\"width: 192px; height: 23px;\">9V3588<\/td>\n<\/tr>\n<tr style=\"height: 23px;\">\n<td style=\"width: 192px; height: 23px;\">Br\u00fct Tonaj<\/td>\n<td style=\"width: 192px; height: 23px;\">50686<\/td>\n<\/tr>\n<tr style=\"height: 23px;\">\n<td style=\"width: 192px; height: 23px;\">Yaz a\u011f\u0131rl\u0131\u011f\u0131<\/td>\n<td style=\"width: 192px; height: 23px;\">61454<\/td>\n<\/tr>\n<tr style=\"height: 23px;\">\n<td style=\"width: 192px; height: 23px;\">uzunluk<\/td>\n<td style=\"width: 192px; height: 23px;\"><span class=\"specificationUnit\">294 m<\/span><\/td>\n<\/tr>\n<tr style=\"height: 23px;\">\n<td style=\"width: 192px; height: 23px;\">kiri\u015f<\/td>\n<td style=\"width: 192px; height: 23px;\"><span class=\"specificationUnit\">32 metre<\/span><\/td>\n<\/tr>\n<tr style=\"height: 23px;\">\n<td style=\"width: 192px; height: 23px;\">IMO<\/td>\n<td style=\"width: 192px; height: 23px;\">9305300<\/td>\n<\/tr>\n<tr style=\"height: 23px;\">\n<td style=\"width: 192px; height: 23px;\">MMSI<\/td>\n<td style=\"width: 192px; height: 23px;\">563757000<\/td>\n<\/tr>\n<tr style=\"height: 23px;\">\n<td style=\"width: 192px; height: 23px;\">Sahip<\/td>\n<td style=\"width: 192px; height: 23px;\"><a href=\"https:\/\/ship-tracker.org\/tr\/maersk\/\">Maersk<\/a><\/td>\n<\/tr>\n<\/tbody>\n<\/table>","protected":false},"excerpt":{"rendered":"<p>MAERSK UTAH&#039;\u0131n mevcut konumu ve konumu MAERSK UTAH&#039;\u0131n \u015fu anki konumu nedir? Singapur bayra\u011f\u0131 alt\u0131nda kay\u0131tl\u0131 bir kargo gemisi olan MAERSK UTAH, \u015fu anda denizlerde seyrediyor. IMO numaras\u0131 9305300 ve MMSI numaras\u0131 563757000 olan geminin uzunlu\u011fu 292 metre, geni\u015fli\u011fi ise 32 metredir. Haritalar\u2026&nbsp;<a href=\"https:\/\/ship-tracker.org\/tr\/maersk-utah\/\" rel=\"bookmark\">Devam\u0131n\u0131 oku &quot;<span class=\"screen-reader-text\">MAERSK UTAH<\/span><\/a><\/p>","protected":false},"author":1,"featured_media":3637,"parent":0,"menu_order":0,"comment_status":"closed","ping_status":"closed","template":"","meta":{"neve_meta_sidebar":"","neve_meta_container":"","neve_meta_enable_content_width":"off","neve_meta_content_width":100,"neve_meta_title_alignment":"","neve_meta_author_avatar":"","neve_post_elements_order":"","neve_meta_disable_header":"","neve_meta_disable_footer":"","neve_meta_disable_title":"","neve_meta_reading_time":"","footnotes":""},"class_list":["post-4272","page","type-page","status-publish","has-post-thumbnail","hentry"],"yoast_head":"<!-- This site is optimized with the Yoast SEO plugin v27.4 - https:\/\/yoast.com\/product\/yoast-seo-wordpress\/ -->\n<title>MAERSK UTAH\u2503Current location and position (cargo ship)<\/title>\n<meta name=\"description\" content=\"MAERSK UTAH \u2693 Current location and position of MAERSK Vessel \u2713 Maersk container tracking \u2713 Live Ship Tracker \u2713 Container ship\" \/>\n<meta name=\"robots\" content=\"index, follow, max-snippet:-1, max-image-preview:large, max-video-preview:-1\" \/>\n<link rel=\"canonical\" href=\"https:\/\/ship-tracker.org\/tr\/maersk-utah\/\" \/>\n<meta property=\"og:locale\" content=\"tr_TR\" \/>\n<meta property=\"og:type\" content=\"article\" \/>\n<meta property=\"og:title\" content=\"MAERSK UTAH\u2503Current location and position (cargo ship)\" \/>\n<meta property=\"og:description\" content=\"MAERSK UTAH \u2693 Current location and position of MAERSK Vessel \u2713 Maersk container tracking \u2713 Live Ship Tracker \u2713 Container ship\" \/>\n<meta property=\"og:url\" content=\"https:\/\/ship-tracker.org\/tr\/maersk-utah\/\" \/>\n<meta property=\"og:site_name\" content=\"Ship-tracker.org\" \/>\n<meta property=\"og:image\" content=\"https:\/\/ship-tracker.org\/wp-content\/uploads\/2023\/06\/maersk-tanjong-g275700498_640.jpg\" \/>\n\t<meta property=\"og:image:width\" content=\"640\" \/>\n\t<meta property=\"og:image:height\" content=\"446\" \/>\n\t<meta property=\"og:image:type\" content=\"image\/jpeg\" \/>\n<meta name=\"twitter:card\" content=\"summary_large_image\" \/>\n<meta name=\"twitter:label1\" content=\"Tahmini okuma s\u00fcresi\" \/>\n\t<meta name=\"twitter:data1\" content=\"1 dakika\" \/>\n<script type=\"application\/ld+json\" class=\"yoast-schema-graph\">{\"@context\":\"https:\\\/\\\/schema.org\",\"@graph\":[{\"@type\":\"WebPage\",\"@id\":\"https:\\\/\\\/ship-tracker.org\\\/maersk-utah\\\/\",\"url\":\"https:\\\/\\\/ship-tracker.org\\\/maersk-utah\\\/\",\"name\":\"MAERSK UTAH\u2503Current location and position (cargo ship)\",\"isPartOf\":{\"@id\":\"https:\\\/\\\/ship-tracker.org\\\/#website\"},\"primaryImageOfPage\":{\"@id\":\"https:\\\/\\\/ship-tracker.org\\\/maersk-utah\\\/#primaryimage\"},\"image\":{\"@id\":\"https:\\\/\\\/ship-tracker.org\\\/maersk-utah\\\/#primaryimage\"},\"thumbnailUrl\":\"https:\\\/\\\/ship-tracker.org\\\/wp-content\\\/uploads\\\/2023\\\/06\\\/maersk-tanjong-g275700498_640.jpg\",\"datePublished\":\"2023-07-05T13:27:11+00:00\",\"description\":\"MAERSK UTAH \u2693 Current location and position of MAERSK Vessel \u2713 Maersk container tracking \u2713 Live Ship Tracker \u2713 Container ship\",\"breadcrumb\":{\"@id\":\"https:\\\/\\\/ship-tracker.org\\\/maersk-utah\\\/#breadcrumb\"},\"inLanguage\":\"tr\",\"potentialAction\":[{\"@type\":\"ReadAction\",\"target\":[\"https:\\\/\\\/ship-tracker.org\\\/maersk-utah\\\/\"]}]},{\"@type\":\"ImageObject\",\"inLanguage\":\"tr\",\"@id\":\"https:\\\/\\\/ship-tracker.org\\\/maersk-utah\\\/#primaryimage\",\"url\":\"https:\\\/\\\/ship-tracker.org\\\/wp-content\\\/uploads\\\/2023\\\/06\\\/maersk-tanjong-g275700498_640.jpg\",\"contentUrl\":\"https:\\\/\\\/ship-tracker.org\\\/wp-content\\\/uploads\\\/2023\\\/06\\\/maersk-tanjong-g275700498_640.jpg\",\"width\":640,\"height\":446,\"caption\":\"MAERSK ABERDEEN\"},{\"@type\":\"BreadcrumbList\",\"@id\":\"https:\\\/\\\/ship-tracker.org\\\/maersk-utah\\\/#breadcrumb\",\"itemListElement\":[{\"@type\":\"ListItem\",\"position\":1,\"name\":\"Startseite\",\"item\":\"https:\\\/\\\/ship-tracker.org\\\/\"},{\"@type\":\"ListItem\",\"position\":2,\"name\":\"MAERSK UTAH\"}]},{\"@type\":\"WebSite\",\"@id\":\"https:\\\/\\\/ship-tracker.org\\\/#website\",\"url\":\"https:\\\/\\\/ship-tracker.org\\\/\",\"name\":\"Ship-tracker.org\",\"description\":\"\",\"potentialAction\":[{\"@type\":\"SearchAction\",\"target\":{\"@type\":\"EntryPoint\",\"urlTemplate\":\"https:\\\/\\\/ship-tracker.org\\\/?s={search_term_string}\"},\"query-input\":{\"@type\":\"PropertyValueSpecification\",\"valueRequired\":true,\"valueName\":\"search_term_string\"}}],\"inLanguage\":\"tr\"}]}<\/script>\n<!-- \/ Yoast SEO plugin. -->","yoast_head_json":{"title":"MAERSK UTAH\u2503Mevcut konum ve konum (kargo gemisi)","description":"MAERSK UTAH \u2693 MAERSK Gemisinin mevcut konumu ve konumu \u2713 Maersk konteyner takibi \u2713 Canl\u0131 Gemi Takibi \u2713 Konteyner gemisi","robots":{"index":"index","follow":"follow","max-snippet":"max-snippet:-1","max-image-preview":"max-image-preview:large","max-video-preview":"max-video-preview:-1"},"canonical":"https:\/\/ship-tracker.org\/tr\/maersk-utah\/","og_locale":"tr_TR","og_type":"article","og_title":"MAERSK UTAH\u2503Current location and position (cargo ship)","og_description":"MAERSK UTAH \u2693 Current location and position of MAERSK Vessel \u2713 Maersk container tracking \u2713 Live Ship Tracker \u2713 Container ship","og_url":"https:\/\/ship-tracker.org\/tr\/maersk-utah\/","og_site_name":"Ship-tracker.org","og_image":[{"width":640,"height":446,"url":"https:\/\/ship-tracker.org\/wp-content\/uploads\/2023\/06\/maersk-tanjong-g275700498_640.jpg","type":"image\/jpeg"}],"twitter_card":"summary_large_image","twitter_misc":{"Tahmini okuma s\u00fcresi":"1 dakika"},"schema":{"@context":"https:\/\/schema.org","@graph":[{"@type":"WebPage","@id":"https:\/\/ship-tracker.org\/maersk-utah\/","url":"https:\/\/ship-tracker.org\/maersk-utah\/","name":"MAERSK UTAH\u2503Mevcut konum ve konum (kargo gemisi)","isPartOf":{"@id":"https:\/\/ship-tracker.org\/#website"},"primaryImageOfPage":{"@id":"https:\/\/ship-tracker.org\/maersk-utah\/#primaryimage"},"image":{"@id":"https:\/\/ship-tracker.org\/maersk-utah\/#primaryimage"},"thumbnailUrl":"https:\/\/ship-tracker.org\/wp-content\/uploads\/2023\/06\/maersk-tanjong-g275700498_640.jpg","datePublished":"2023-07-05T13:27:11+00:00","description":"MAERSK UTAH \u2693 MAERSK Gemisinin mevcut konumu ve konumu \u2713 Maersk konteyner takibi \u2713 Canl\u0131 Gemi Takibi \u2713 Konteyner gemisi","breadcrumb":{"@id":"https:\/\/ship-tracker.org\/maersk-utah\/#breadcrumb"},"inLanguage":"tr","potentialAction":[{"@type":"ReadAction","target":["https:\/\/ship-tracker.org\/maersk-utah\/"]}]},{"@type":"ImageObject","inLanguage":"tr","@id":"https:\/\/ship-tracker.org\/maersk-utah\/#primaryimage","url":"https:\/\/ship-tracker.org\/wp-content\/uploads\/2023\/06\/maersk-tanjong-g275700498_640.jpg","contentUrl":"https:\/\/ship-tracker.org\/wp-content\/uploads\/2023\/06\/maersk-tanjong-g275700498_640.jpg","width":640,"height":446,"caption":"MAERSK ABERDEEN"},{"@type":"BreadcrumbList","@id":"https:\/\/ship-tracker.org\/maersk-utah\/#breadcrumb","itemListElement":[{"@type":"ListItem","position":1,"name":"Startseite","item":"https:\/\/ship-tracker.org\/"},{"@type":"ListItem","position":2,"name":"MAERSK UTAH"}]},{"@type":"WebSite","@id":"https:\/\/ship-tracker.org\/#website","url":"https:\/\/ship-tracker.org\/","name":"Ship-tracker.org","description":"","potentialAction":[{"@type":"SearchAction","target":{"@type":"EntryPoint","urlTemplate":"https:\/\/ship-tracker.org\/?s={search_term_string}"},"query-input":{"@type":"PropertyValueSpecification","valueRequired":true,"valueName":"search_term_string"}}],"inLanguage":"tr"}]}},"_links":{"self":[{"href":"https:\/\/ship-tracker.org\/tr\/wp-json\/wp\/v2\/pages\/4272","targetHints":{"allow":["GET"]}}],"collection":[{"href":"https:\/\/ship-tracker.org\/tr\/wp-json\/wp\/v2\/pages"}],"about":[{"href":"https:\/\/ship-tracker.org\/tr\/wp-json\/wp\/v2\/types\/page"}],"author":[{"embeddable":true,"href":"https:\/\/ship-tracker.org\/tr\/wp-json\/wp\/v2\/users\/1"}],"replies":[{"embeddable":true,"href":"https:\/\/ship-tracker.org\/tr\/wp-json\/wp\/v2\/comments?post=4272"}],"version-history":[{"count":1,"href":"https:\/\/ship-tracker.org\/tr\/wp-json\/wp\/v2\/pages\/4272\/revisions"}],"predecessor-version":[{"id":4273,"href":"https:\/\/ship-tracker.org\/tr\/wp-json\/wp\/v2\/pages\/4272\/revisions\/4273"}],"wp:featuredmedia":[{"embeddable":true,"href":"https:\/\/ship-tracker.org\/tr\/wp-json\/wp\/v2\/media\/3637"}],"wp:attachment":[{"href":"https:\/\/ship-tracker.org\/tr\/wp-json\/wp\/v2\/media?parent=4272"}],"curies":[{"name":"wp","href":"https:\/\/api.w.org\/{rel}","templated":true}]}}