{"id":4187,"date":"2023-07-04T17:02:23","date_gmt":"2023-07-04T15:02:23","guid":{"rendered":"https:\/\/ship-tracker.org\/?page_id=4187"},"modified":"2023-07-04T17:02:23","modified_gmt":"2023-07-04T15:02:23","slug":"maersk-altair","status":"publish","type":"page","link":"https:\/\/ship-tracker.org\/tr\/maersk-altair\/","title":{"rendered":"MAERSK ALTAIR"},"content":{"rendered":"<h2><span style=\"color: #000000;\">Ge\u00e7erli konum ve <\/span><span style=\"color: #000000;\">MAERSK ALTAIR&#039;in konumu<\/span><\/h2>\n<p>MAERSK ALTAIR&#039;in \u015fu anki konumu nerede?<br \/>\n<script type=\"text\/javascript\">\n  var width=\"100%\";var height=\"400\";\n  var mmsi=565570000;\n<\/script><script type=\"text\/javascript\" src=\"https:\/\/www.vesselfinder.com\/aismap.js\"><\/script><\/p>\n<p>Singapur bayra\u011f\u0131na kay\u0131tl\u0131 bir kargo gemisi olan MAERSK ALTAIR \u015fu anda denizlerde seyrediyor. IMO numaras\u0131 9342528 ve MMSI numaras\u0131 565570000&#039;i ta\u015f\u0131yan gemi, 337 metre uzunlu\u011funda ve 46 metre geni\u015fli\u011findedir. A\u015fa\u011f\u0131da verilen haritalar, geminin mevcut konumu, bir sonraki tarifeli u\u011frayaca\u011f\u0131 liman, tahmini var\u0131\u015f zaman\u0131 (ETA), tahmini var\u0131\u015f zaman\u0131 (PTA), h\u0131z, rota ve su \u00e7ekimi de dahil olmak \u00fczere ilgili yolculuk bilgilerinin ayr\u0131nt\u0131lar\u0131n\u0131 vermektedir. Foto\u011fraflar, videolar, yerel saat ve UTC saati gibi ek kaynaklar da sa\u011flanmaktad\u0131r.<\/p>\n<h2 class=\"pageTitle shipItemTitle\"><span style=\"color: #000000;\">MAERSK ALTAIR \u0130ncelemesi ve Spesifikasyonlar\u0131<\/span><\/h2>\n<table>\n<tbody>\n<tr style=\"height: 23px;\">\n<td style=\"width: 192px; height: 23px;\">Bayrak devleti<\/td>\n<td style=\"width: 192px; height: 23px;\">Singapur<\/td>\n<\/tr>\n<tr style=\"height: 23px;\">\n<td style=\"width: 192px; height: 23px;\">Yap\u0131m Y\u0131l\u0131<strong><br \/>\n<\/strong><\/td>\n<td style=\"width: 192px; height: 23px;\">2007<\/td>\n<\/tr>\n<tr style=\"height: 23px;\">\n<td style=\"width: 192px; height: 23px;\">gemi tipi<\/td>\n<td style=\"width: 192px; height: 23px;\">Y\u00fck gemisi<\/td>\n<\/tr>\n<tr style=\"height: 23px;\">\n<td style=\"width: 192px; height: 23px;\">\u00e7a\u011fr\u0131 i\u015fareti<\/td>\n<td style=\"width: 192px; height: 23px;\">9VEN2<\/td>\n<\/tr>\n<tr style=\"height: 23px;\">\n<td style=\"width: 192px; height: 23px;\">Br\u00fct Tonaj<\/td>\n<td style=\"width: 192px; height: 23px;\">109534<\/td>\n<\/tr>\n<tr style=\"height: 23px;\">\n<td style=\"width: 192px; height: 23px;\">Yaz a\u011f\u0131rl\u0131\u011f\u0131<\/td>\n<td style=\"width: 192px; height: 23px;\">122405<\/td>\n<\/tr>\n<tr style=\"height: 23px;\">\n<td style=\"width: 192px; height: 23px;\">uzunluk<\/td>\n<td style=\"width: 192px; height: 23px;\"><span class=\"specificationUnit\">337 m<\/span><\/td>\n<\/tr>\n<tr style=\"height: 23px;\">\n<td style=\"width: 192px; height: 23px;\">kiri\u015f<\/td>\n<td style=\"width: 192px; height: 23px;\"><span class=\"specificationUnit\">46 m<\/span><\/td>\n<\/tr>\n<tr style=\"height: 23px;\">\n<td style=\"width: 192px; height: 23px;\">IMO<\/td>\n<td style=\"width: 192px; height: 23px;\">9342528<\/td>\n<\/tr>\n<tr style=\"height: 23px;\">\n<td style=\"width: 192px; height: 23px;\">MMSI<\/td>\n<td style=\"width: 192px; height: 23px;\">565570000<\/td>\n<\/tr>\n<tr style=\"height: 23px;\">\n<td style=\"width: 192px; height: 23px;\">Sahip<\/td>\n<td style=\"width: 192px; height: 23px;\"><a href=\"https:\/\/ship-tracker.org\/tr\/maersk\/\">Maersk<\/a><\/td>\n<\/tr>\n<\/tbody>\n<\/table>","protected":false},"excerpt":{"rendered":"<p>Current location and position of MAERSK ALTAIR Where is the current location of MAERSK ALTAIR presently? The MAERSK ALTAIR, a cargo vessel registered under the flag of Singapore, is currently navigating the seas. The ship, bearing IMO number 9342528 and MMSI number 565570000, measures 337 meters in length and 46 meters in beam. The maps&hellip;&nbsp;<a href=\"https:\/\/ship-tracker.org\/tr\/maersk-altair\/\" rel=\"bookmark\">Devam\u0131n\u0131 oku &quot;<span class=\"screen-reader-text\">MAERSK ALTAIR<\/span><\/a><\/p>","protected":false},"author":1,"featured_media":3637,"parent":0,"menu_order":0,"comment_status":"closed","ping_status":"closed","template":"","meta":{"neve_meta_sidebar":"","neve_meta_container":"","neve_meta_enable_content_width":"off","neve_meta_content_width":100,"neve_meta_title_alignment":"","neve_meta_author_avatar":"","neve_post_elements_order":"","neve_meta_disable_header":"","neve_meta_disable_footer":"","neve_meta_disable_title":"","neve_meta_reading_time":"","footnotes":""},"class_list":["post-4187","page","type-page","status-publish","has-post-thumbnail","hentry"],"yoast_head":"<!-- This site is optimized with the Yoast SEO plugin v26.9 - https:\/\/yoast.com\/product\/yoast-seo-wordpress\/ -->\n<title>MAERSK ALTAIR \u2503Current location and position (cargo ship)<\/title>\n<meta name=\"description\" content=\"MAERSK ALTAIR \u2693 Current location and position of MAERSK Vessel \u2713 Maersk container tracking \u2713 Live Ship Tracker \u2713 Container ship\" \/>\n<meta name=\"robots\" content=\"index, follow, max-snippet:-1, max-image-preview:large, max-video-preview:-1\" \/>\n<link rel=\"canonical\" href=\"https:\/\/ship-tracker.org\/tr\/maersk-altair\/\" \/>\n<meta property=\"og:locale\" content=\"tr_TR\" \/>\n<meta property=\"og:type\" content=\"article\" \/>\n<meta property=\"og:title\" content=\"MAERSK ALTAIR \u2503Current location and position (cargo ship)\" \/>\n<meta property=\"og:description\" content=\"MAERSK ALTAIR \u2693 Current location and position of MAERSK Vessel \u2713 Maersk container tracking \u2713 Live Ship Tracker \u2713 Container ship\" \/>\n<meta property=\"og:url\" content=\"https:\/\/ship-tracker.org\/tr\/maersk-altair\/\" \/>\n<meta property=\"og:site_name\" content=\"Ship-tracker.org\" \/>\n<meta property=\"og:image\" content=\"https:\/\/ship-tracker.org\/wp-content\/uploads\/2023\/06\/maersk-tanjong-g275700498_640.jpg\" \/>\n\t<meta property=\"og:image:width\" content=\"640\" \/>\n\t<meta property=\"og:image:height\" content=\"446\" \/>\n\t<meta property=\"og:image:type\" content=\"image\/jpeg\" \/>\n<meta name=\"twitter:card\" content=\"summary_large_image\" \/>\n<meta name=\"twitter:label1\" content=\"Tahmini okuma s\u00fcresi\" \/>\n\t<meta name=\"twitter:data1\" content=\"1 dakika\" \/>\n<script type=\"application\/ld+json\" class=\"yoast-schema-graph\">{\"@context\":\"https:\/\/schema.org\",\"@graph\":[{\"@type\":\"WebPage\",\"@id\":\"https:\/\/ship-tracker.org\/maersk-altair\/\",\"url\":\"https:\/\/ship-tracker.org\/maersk-altair\/\",\"name\":\"MAERSK ALTAIR \u2503Current location and position (cargo ship)\",\"isPartOf\":{\"@id\":\"https:\/\/ship-tracker.org\/#website\"},\"primaryImageOfPage\":{\"@id\":\"https:\/\/ship-tracker.org\/maersk-altair\/#primaryimage\"},\"image\":{\"@id\":\"https:\/\/ship-tracker.org\/maersk-altair\/#primaryimage\"},\"thumbnailUrl\":\"https:\/\/ship-tracker.org\/wp-content\/uploads\/2023\/06\/maersk-tanjong-g275700498_640.jpg\",\"datePublished\":\"2023-07-04T15:02:23+00:00\",\"description\":\"MAERSK ALTAIR \u2693 Current location and position of MAERSK Vessel \u2713 Maersk container tracking \u2713 Live Ship Tracker \u2713 Container ship\",\"breadcrumb\":{\"@id\":\"https:\/\/ship-tracker.org\/maersk-altair\/#breadcrumb\"},\"inLanguage\":\"tr\",\"potentialAction\":[{\"@type\":\"ReadAction\",\"target\":[\"https:\/\/ship-tracker.org\/maersk-altair\/\"]}]},{\"@type\":\"ImageObject\",\"inLanguage\":\"tr\",\"@id\":\"https:\/\/ship-tracker.org\/maersk-altair\/#primaryimage\",\"url\":\"https:\/\/ship-tracker.org\/wp-content\/uploads\/2023\/06\/maersk-tanjong-g275700498_640.jpg\",\"contentUrl\":\"https:\/\/ship-tracker.org\/wp-content\/uploads\/2023\/06\/maersk-tanjong-g275700498_640.jpg\",\"width\":640,\"height\":446,\"caption\":\"MAERSK ABERDEEN\"},{\"@type\":\"BreadcrumbList\",\"@id\":\"https:\/\/ship-tracker.org\/maersk-altair\/#breadcrumb\",\"itemListElement\":[{\"@type\":\"ListItem\",\"position\":1,\"name\":\"Startseite\",\"item\":\"https:\/\/ship-tracker.org\/\"},{\"@type\":\"ListItem\",\"position\":2,\"name\":\"MAERSK ALTAIR\"}]},{\"@type\":\"WebSite\",\"@id\":\"https:\/\/ship-tracker.org\/#website\",\"url\":\"https:\/\/ship-tracker.org\/\",\"name\":\"Ship-tracker.org\",\"description\":\"\",\"potentialAction\":[{\"@type\":\"SearchAction\",\"target\":{\"@type\":\"EntryPoint\",\"urlTemplate\":\"https:\/\/ship-tracker.org\/?s={search_term_string}\"},\"query-input\":{\"@type\":\"PropertyValueSpecification\",\"valueRequired\":true,\"valueName\":\"search_term_string\"}}],\"inLanguage\":\"tr\"}]}<\/script>\n<!-- \/ Yoast SEO plugin. -->","yoast_head_json":{"title":"MAERSK ALTAIR \u2503Mevcut konum ve konum (kargo gemisi)","description":"MAERSK ALTAIR \u2693 MAERSK Gemisinin mevcut konumu ve konumu \u2713 Maersk konteyner takibi \u2713 Canl\u0131 Gemi Takibi \u2713 Konteyner gemisi","robots":{"index":"index","follow":"follow","max-snippet":"max-snippet:-1","max-image-preview":"max-image-preview:large","max-video-preview":"max-video-preview:-1"},"canonical":"https:\/\/ship-tracker.org\/tr\/maersk-altair\/","og_locale":"tr_TR","og_type":"article","og_title":"MAERSK ALTAIR \u2503Current location and position (cargo ship)","og_description":"MAERSK ALTAIR \u2693 Current location and position of MAERSK Vessel \u2713 Maersk container tracking \u2713 Live Ship Tracker \u2713 Container ship","og_url":"https:\/\/ship-tracker.org\/tr\/maersk-altair\/","og_site_name":"Ship-tracker.org","og_image":[{"width":640,"height":446,"url":"https:\/\/ship-tracker.org\/wp-content\/uploads\/2023\/06\/maersk-tanjong-g275700498_640.jpg","type":"image\/jpeg"}],"twitter_card":"summary_large_image","twitter_misc":{"Tahmini okuma s\u00fcresi":"1 dakika"},"schema":{"@context":"https:\/\/schema.org","@graph":[{"@type":"WebPage","@id":"https:\/\/ship-tracker.org\/maersk-altair\/","url":"https:\/\/ship-tracker.org\/maersk-altair\/","name":"MAERSK ALTAIR \u2503Mevcut konum ve konum (kargo gemisi)","isPartOf":{"@id":"https:\/\/ship-tracker.org\/#website"},"primaryImageOfPage":{"@id":"https:\/\/ship-tracker.org\/maersk-altair\/#primaryimage"},"image":{"@id":"https:\/\/ship-tracker.org\/maersk-altair\/#primaryimage"},"thumbnailUrl":"https:\/\/ship-tracker.org\/wp-content\/uploads\/2023\/06\/maersk-tanjong-g275700498_640.jpg","datePublished":"2023-07-04T15:02:23+00:00","description":"MAERSK ALTAIR \u2693 MAERSK Gemisinin mevcut konumu ve konumu \u2713 Maersk konteyner takibi \u2713 Canl\u0131 Gemi Takibi \u2713 Konteyner gemisi","breadcrumb":{"@id":"https:\/\/ship-tracker.org\/maersk-altair\/#breadcrumb"},"inLanguage":"tr","potentialAction":[{"@type":"ReadAction","target":["https:\/\/ship-tracker.org\/maersk-altair\/"]}]},{"@type":"ImageObject","inLanguage":"tr","@id":"https:\/\/ship-tracker.org\/maersk-altair\/#primaryimage","url":"https:\/\/ship-tracker.org\/wp-content\/uploads\/2023\/06\/maersk-tanjong-g275700498_640.jpg","contentUrl":"https:\/\/ship-tracker.org\/wp-content\/uploads\/2023\/06\/maersk-tanjong-g275700498_640.jpg","width":640,"height":446,"caption":"MAERSK ABERDEEN"},{"@type":"BreadcrumbList","@id":"https:\/\/ship-tracker.org\/maersk-altair\/#breadcrumb","itemListElement":[{"@type":"ListItem","position":1,"name":"Startseite","item":"https:\/\/ship-tracker.org\/"},{"@type":"ListItem","position":2,"name":"MAERSK ALTAIR"}]},{"@type":"WebSite","@id":"https:\/\/ship-tracker.org\/#website","url":"https:\/\/ship-tracker.org\/","name":"Ship-tracker.org","description":"","potentialAction":[{"@type":"SearchAction","target":{"@type":"EntryPoint","urlTemplate":"https:\/\/ship-tracker.org\/?s={search_term_string}"},"query-input":{"@type":"PropertyValueSpecification","valueRequired":true,"valueName":"search_term_string"}}],"inLanguage":"tr"}]}},"_links":{"self":[{"href":"https:\/\/ship-tracker.org\/tr\/wp-json\/wp\/v2\/pages\/4187","targetHints":{"allow":["GET"]}}],"collection":[{"href":"https:\/\/ship-tracker.org\/tr\/wp-json\/wp\/v2\/pages"}],"about":[{"href":"https:\/\/ship-tracker.org\/tr\/wp-json\/wp\/v2\/types\/page"}],"author":[{"embeddable":true,"href":"https:\/\/ship-tracker.org\/tr\/wp-json\/wp\/v2\/users\/1"}],"replies":[{"embeddable":true,"href":"https:\/\/ship-tracker.org\/tr\/wp-json\/wp\/v2\/comments?post=4187"}],"version-history":[{"count":1,"href":"https:\/\/ship-tracker.org\/tr\/wp-json\/wp\/v2\/pages\/4187\/revisions"}],"predecessor-version":[{"id":4188,"href":"https:\/\/ship-tracker.org\/tr\/wp-json\/wp\/v2\/pages\/4187\/revisions\/4188"}],"wp:featuredmedia":[{"embeddable":true,"href":"https:\/\/ship-tracker.org\/tr\/wp-json\/wp\/v2\/media\/3637"}],"wp:attachment":[{"href":"https:\/\/ship-tracker.org\/tr\/wp-json\/wp\/v2\/media?parent=4187"}],"curies":[{"name":"wp","href":"https:\/\/api.w.org\/{rel}","templated":true}]}}