{"id":400,"date":"2017-09-15T22:26:10","date_gmt":"2017-09-15T20:26:10","guid":{"rendered":"http:\/\/ship-tracker.org\/?page_id=400"},"modified":"2021-11-08T21:04:41","modified_gmt":"2021-11-08T20:04:41","slug":"ship-tracker","status":"publish","type":"page","link":"https:\/\/ship-tracker.org\/tr\/","title":{"rendered":"Gemi Takibi"},"content":{"rendered":"<p><script async src=\"https:\/\/pagead2.googlesyndication.com\/pagead\/js\/adsbygoogle.js\"><\/script><br \/>\n<!-- Ship-Tracker Display --><br \/>\n<ins class=\"adsbygoogle\" style=\"display: block;\" data-ad-client=\"ca-pub-1316785063791781\" data-ad-slot=\"8075999632\" data-ad-format=\"auto\" data-full-width-responsive=\"true\"><\/ins><br \/>\n<script>\n     (adsbygoogle = window.adsbygoogle || []).push({});\n<\/script><\/p>\n<h2>Gemi Takibi - Gemi ve gemi takibi nas\u0131l \u00e7al\u0131\u015f\u0131r?<\/h2>\n<p><script type=\"text\/javascript\">\nwidth='100%';\nheight='450';\n<\/script><br \/>\n<script type=\"text\/javascript\" src=\"\/\/www.marinetraffic.com\/js\/embed.js\"><\/script><br \/>\n<script async src=\"https:\/\/pagead2.googlesyndication.com\/pagead\/js\/adsbygoogle.js\"><\/script><br \/>\n<!-- Schip-Tracker Linkanzeigen --><br \/>\n<ins class=\"adsbygoogle\" style=\"display: block;\" data-ad-client=\"ca-pub-1316785063791781\" data-ad-slot=\"3429004156\" data-ad-format=\"link\" data-full-width-responsive=\"true\"><\/ins><br \/>\n<script>\n     (adsbygoogle = window.adsbygoogle || []).push({});\n<\/script><\/p>\n<p class=\"p1\" style=\"text-align: justify;\"><span class=\"s1\">Bir fare t\u0131klamas\u0131 ile gemileri takip etmek - internet sayesinde, bu ger\u00e7ek. Ancak b\u00fcy\u00fck gemileri ve her tip gemiyi nas\u0131l takip edebilirsiniz? Do\u011fru platformlar\u0131 kendi yarar\u0131n\u0131za nas\u0131l kullanabilirsiniz ve yeni ne t\u00fcr bir gemi se\u00e7ti\u011finizi nas\u0131l belirleyebilirsiniz? Burada gemi izleme ve se\u00e7ti\u011finiz gemi hakk\u0131nda m\u00fcmk\u00fcn oldu\u011funca fazla bilgi bulma ile ilgili t\u00fcm bilgileri bulabilirsiniz!<\/span><\/p>\n<h2 class=\"p1\"><span class=\"s1\">Bir gemi takip\u00e7isi nas\u0131l \u00e7al\u0131\u015f\u0131r?<\/span><\/h2>\n<p class=\"p1\" style=\"text-align: justify;\"><span class=\"s1\">Her g\u00fcn binlerce b\u00fcy\u00fck gemi okyanuslar\u0131 dola\u015f\u0131yor. Bu gemilerin her biri \u201cOtomatik Tan\u0131mlama Sistemi\u201d ad\u0131 verilen izleme kullan\u0131yor. Bu gemi takip program\u0131, \u00e7arp\u0131\u015fmalardan ka\u00e7\u0131nmaya yard\u0131mc\u0131 olur ve ayn\u0131 zamanda acil durumlarda gemileri h\u0131zl\u0131 bir \u015fekilde bulman\u0131n bir yolu olarak hizmet eder. Birka\u00e7 \u015firket, \u00e7evrimi\u00e7i ger\u00e7ek zamanl\u0131 gemi takibi sa\u011flamaya odaklanm\u0131\u015ft\u0131r. Gemi takip verilerini ve AIS izlemeyi kullan\u0131rlar ve gemileri ve gemileri ger\u00e7ek zamanl\u0131 olarak g\u00f6steren \u00e7evrimi\u00e7i haritalar sa\u011flarlar. AIS, hayat kurtaran ve deniz ta\u015f\u0131mac\u0131l\u0131\u011f\u0131n\u0131 \u00e7ok daha kolayla\u015ft\u0131ran, ayn\u0131 zamanda d\u00fcnya \u00e7ap\u0131nda denizcilik end\u00fcstrisi hakk\u0131nda de\u011ferli bilgiler sa\u011flayan b\u00fcy\u00fcleyici bir teknolojidir.<\/span><\/p>\n<h2 class=\"p1\"><span class=\"s1\">Bir AIS mesaj\u0131 ne i\u00e7erir?<\/span><\/h2>\n<p class=\"p1\" style=\"text-align: justify;\"><span class=\"s1\">\u201cOtomatik Tan\u0131mlama Sistemi\u201d bir\u00e7ok bilgi sa\u011flar. Her mesaj, g\u00f6nderenin GPS konumunu g\u00f6sterir. Ayr\u0131ca, Kabaca H\u0131z\u0131 (\u201cSOG\u201d) i\u00e7erir - kabaca ifade etmek gerekirse, geminin ger\u00e7ek h\u0131z\u0131. Ayr\u0131ca, AIS Yer \u00dcst\u00fc Parkur (\u201cCOG\u201d) da sunmaktad\u0131r. B\u00f6ylece geminin hangi y\u00f6nde ilerledi\u011fini de biliyorsunuz. Geminin benzersiz gemi kimli\u011fini de ald\u0131\u011f\u0131n\u0131zda, genellikle bakt\u0131\u011f\u0131n\u0131z tekne hakk\u0131nda daha fazla bilgi bulabilirsiniz. \u00dccretsiz gemi izci web siteleri bu kadar b\u00fcy\u00fck miktarda veri sa\u011flayabilmesinin nedeni budur.<\/span><\/p>\n<h2 class=\"p1\"><span class=\"s1\">Bir gemi izci web sitesinde kolayca neler bulunabilir?<\/span><\/h2>\n<p class=\"p1\" style=\"text-align: justify;\"><span class=\"s1\">Canl\u0131 gemi takibi \u00fccretsiz, \u00f6nceki paragrafta tart\u0131\u015ft\u0131\u011f\u0131m\u0131z gibi mevcut konumla s\u0131n\u0131rl\u0131 de\u011fildir. Asl\u0131nda bundan \u00e7ok daha fazlas\u0131n\u0131 sa\u011fl\u0131yor. \u00d6rnek olarak, web sitesi <a href=\"https:\/\/www.marinetraffic.com\/\" target=\"_blank\" rel=\"noopener noreferrer\"><span class=\"s2\">MarineTraffic<\/span><\/a> bir\u00e7ok bilgi sunuyor. A\u015fa\u011f\u0131daki verileri bulabilirsiniz:<\/span><\/p>\n<ul class=\"ul1\">\n<li class=\"li1\"><span class=\"s1\">geminin tasla\u011f\u0131<\/span><\/li>\n<li class=\"li1\"><span class=\"s1\">uzunluk ve geni\u015f<\/span><\/li>\n<li class=\"li1\"><span class=\"s1\">Geminin \u201cuyru\u011fu\u201d - gemi ruhsat\u0131n\u0131 nereden ald\u0131?<\/span><\/li>\n<li class=\"li1\"><span class=\"s1\">hedef<\/span><\/li>\n<li class=\"li1\"><span class=\"s1\">knot ortalama h\u0131z\u0131<\/span><\/li>\n<li class=\"li1\"><span class=\"s1\">knot cinsinden maksimum h\u0131z<\/span><\/li>\n<li class=\"li1\"><span class=\"s1\">g\u00fcncel kurs (a\u00e7\u0131sal)<\/span><\/li>\n<li class=\"li1\"><span class=\"s1\">tahmini var\u0131\u015f zaman\u0131 (\u201cETA\u201d)<\/span><\/li>\n<li class=\"li1\"><span class=\"s1\">ger\u00e7ek kalk\u0131\u015f saati (\u201cATD\u201d)<\/span><\/li>\n<\/ul>\n<figure id=\"attachment_2025\" aria-describedby=\"caption-attachment-2025\" style=\"width: 768px\" class=\"wp-caption aligncenter\"><img loading=\"lazy\" decoding=\"async\" class=\"wp-image-2025 size-full\" src=\"https:\/\/ship-tracker.org\/wp-content\/uploads\/2020\/04\/karte-kreuzfahrt-kreuzfahrtschiff-schiffsposition-schiffsradar-768x388-1.jpg\" alt=\"Gemiler\" width=\"768\" height=\"388\" srcset=\"https:\/\/ship-tracker.org\/wp-content\/uploads\/2020\/04\/karte-kreuzfahrt-kreuzfahrtschiff-schiffsposition-schiffsradar-768x388-1.jpg 768w, https:\/\/ship-tracker.org\/wp-content\/uploads\/2020\/04\/karte-kreuzfahrt-kreuzfahrtschiff-schiffsposition-schiffsradar-768x388-1-300x152.jpg 300w\" sizes=\"auto, (max-width: 768px) 100vw, 768px\" \/><figcaption id=\"caption-attachment-2025\" class=\"wp-caption-text\">Ekran g\u00f6r\u00fcnt\u00fcs\u00fc \u00a9 Marinetraffic.com<\/figcaption><\/figure>\n<p class=\"p1\"><span class=\"s1\">Web sitesinde \u00e7ok daha fazla veri var. Daha ayr\u0131nt\u0131l\u0131 bilgi i\u00e7in, t\u00fcm bilgileri alabilmek i\u00e7in \u00f6deme yapman\u0131z gerekir.<\/span><\/p>\n<h3 class=\"p1\"><span class=\"s1\">Vesselfinder - MarineTraffic&#039;e cazip bir alternatif<\/span><\/h3>\n<p class=\"p1\" style=\"text-align: justify;\"><span class=\"s1\">Tabii ki premium \u00fcyelik i\u00e7in \u00f6deme yapmak istemezsiniz. Bu y\u00fczden web sitesi <a href=\"http:\/\/www.vesselfinder.com\" target=\"_blank\" rel=\"noopener noreferrer\"><span class=\"s2\">VesselFinder<\/span><\/a> alternatif olarak m\u00fckemmel uyuyor. Her iki site de d\u00fcnyadaki t\u00fcm ticari gemilerin benzer canl\u0131 bir haritas\u0131na sahip olsa da, birka\u00e7 fark var. Temel olarak, \u015fu anda yelken a\u00e7arak her gemi hakk\u0131nda \u00e7ok daha fazla bilgi al\u0131rs\u0131n\u0131z.<\/span><\/p>\n<figure id=\"attachment_2727\" aria-describedby=\"caption-attachment-2727\" style=\"width: 900px\" class=\"wp-caption aligncenter\"><img loading=\"lazy\" decoding=\"async\" class=\"wp-image-2727 size-full\" src=\"https:\/\/ship-tracker.org\/wp-content\/uploads\/2020\/05\/Unbenannt44-e1589046113367.png\" alt=\"Vesselfinder\" width=\"900\" height=\"455\" srcset=\"https:\/\/ship-tracker.org\/wp-content\/uploads\/2020\/05\/Unbenannt44-e1589046113367.png 900w, https:\/\/ship-tracker.org\/wp-content\/uploads\/2020\/05\/Unbenannt44-e1589046113367-300x152.png 300w, https:\/\/ship-tracker.org\/wp-content\/uploads\/2020\/05\/Unbenannt44-e1589046113367-768x388.png 768w\" sizes=\"auto, (max-width: 900px) 100vw, 900px\" \/><figcaption id=\"caption-attachment-2727\" class=\"wp-caption-text\">Ekran g\u00f6r\u00fcnt\u00fcs\u00fc \u00a9 Vesselfinder.com<\/figcaption><\/figure>\n<p class=\"p1\" style=\"text-align: justify;\"><span class=\"s1\">\u00d6rne\u011fin, se\u00e7ti\u011finiz geminin nerede kald\u0131\u011f\u0131n\u0131 \u00f6\u011frenebilirsiniz. Hamburg cenneti miydi yoksa Bremerhaven m\u0131yd\u0131? Sadece gemiye t\u0131klayarak \u00f6\u011frenebilirsiniz. \u00dcyelik gerekmeksizin daha fazla bilgiyi \u00fccretsiz olarak bulabilirsiniz.<\/span><\/p>\n<h3 class=\"p1\"><span class=\"s1\">\u00dccretsiz gemi izleyiciden nas\u0131l faydalanabilirsiniz?<\/span><\/h3>\n<p class=\"p1\" style=\"text-align: justify;\"><span class=\"s1\">Her \u015feyden \u00f6nce, orada bir\u00e7ok ki\u015fi i\u00e7in ilgin\u00e7tir. Denizcilik sekt\u00f6r\u00fc y\u00fczy\u0131llar boyunca bir hayranl\u0131k uyand\u0131rd\u0131 ve bug\u00fcne kadar keskin bir ilgi s\u00fcr\u00fcyor. Bu nedenle, \u00e7o\u011fu insan bir gemi izleyicisini hobi ve ilgi alan\u0131 olarak kontrol ediyor, \u00e7\u00fcnk\u00fc gemiler hakk\u0131nda bir\u00e7ok bilgi bulabilirsiniz. Hangi bilgi, bir gemi izci fikrine a\u015fina olmayan di\u011fer insanlar olmayabilir.<\/span><\/p>\n<p class=\"p1\" style=\"text-align: justify;\"><span class=\"s1\">Ancak elbette bir gemi izleyiciyi g\u00fcnl\u00fck ya\u015fam\u0131 daha iyi anlamak i\u00e7in daha fazla bilgi edinmenin pratik bir yolu olarak da kullanabilirsiniz. \u00d6rne\u011fin, \u00c7in&#039;den Avrupa&#039;ya seyahat eden ticari gemilerin yolunu takip edebilirsiniz. Rotalar\u0131n\u0131 takip edebilir ve ne kadar ileri gideceklerini kendiniz kontrol edebilirsiniz. Kirlilik ve iklim de\u011fi\u015fikli\u011fi konusunda tutkuluysan\u0131z, bu sizin i\u00e7in ilgin\u00e7 olabilir.<\/span><\/p>\n<h2 class=\"p1\"><span class=\"s1\">Bir gemi takip\u00e7isinin pratik kullan\u0131m\u0131<\/span><\/h2>\n<p class=\"p1\" style=\"text-align: justify;\"><span class=\"s1\">A\u00e7\u0131k\u00e7as\u0131, gemi izci siteleri VesselFinder ve MarineTraffic gibi sadece okyanustaki gemileri merak edenler i\u00e7in de\u011fil. Bu gemi izleyici web siteleri d\u00fcnya \u00e7ap\u0131nda bir\u00e7ok ki\u015fi i\u00e7in pratik kullan\u0131m sunuyor.<\/span><\/p>\n<p class=\"p1\" style=\"text-align: justify;\"><span class=\"s1\">\u00d6rne\u011fin, finallerinizden sonra denizcilik \u00e7al\u0131\u015fmalar\u0131na gitmeye karar verirseniz gemi izleyicilerinden \u00e7ok faydalanabilirsiniz. \u00d6rnek olarak, Denizcilik Kanunu&#039;nu incelemeyi se\u00e7erseniz, \u015fu anda seyreden gemilerin ve gemilerin yasal verilerini kontrol ederek \u00e7ok \u015fey \u00f6\u011frenebilirsiniz. Hangi bayraklar alt\u0131nda \u00e7o\u011fu gemi d\u00fcnyada seyrediyor? D\u00fcnya \u00e7ap\u0131nda t\u00fcm gemiler yasal olarak yelken a\u00e7\u0131yor mu veya yasalara uymayan gemiler var m\u0131 - \u00f6rne\u011fin maksimum kapasite veya ISO standartlar\u0131 hakk\u0131nda (t\u00fcm konteyner gemileri i\u00e7in genel kurallar).<\/span><\/p>\n<h3 class=\"p1\"><span class=\"s1\">Gemi takip\u00e7ilerinin nas\u0131l kullan\u0131laca\u011f\u0131 hakk\u0131nda di\u011fer fikirler<\/span><\/h3>\n<p class=\"p1\" style=\"text-align: justify;\"><span class=\"s1\">Deniz ortam\u0131n\u0131z hakk\u0131nda daha fazla bilgi edinmek i\u00e7in kullanabilece\u011finiz bir\u00e7ok se\u00e7enek vard\u0131r. \u00d6rne\u011fin, &quot;Yak\u0131n\u0131mdaki Ba\u011flant\u0131 Noktalar\u0131&quot; se\u00e7ene\u011fine \u00f6rnek verebilirsiniz. Bu, denize yak\u0131n bir yerde ya\u015f\u0131yorsan\u0131z, memleketinize yak\u0131n limanlar\u0131 bulman\u0131z\u0131 sa\u011flar. MarineTraffic gibi gemi izleme web siteleri de tatildeyken \u00e7ok faydal\u0131d\u0131r ve yerel limanlarda biraz zaman ge\u00e7irmek isteyebilir. Denizcilik k\u00fclt\u00fcr\u00fc ve liman \u00e7evresi genellikle her zaman e\u015fsiz bir atmosfere sahiptir. Her \u00fclkede farkl\u0131 oldu\u011fundan, \u015fu anda \u015eangay, \u00c7in veya Hamburg, Almanya&#039;da olsan\u0131z da, bu sizin i\u00e7in yeni bir deneyim olacakt\u0131r.<\/span><\/p>\n<h2 class=\"p1\"><span class=\"s1\">Gemi takip\u00e7isinin nas\u0131l \u00e7al\u0131\u015ft\u0131\u011f\u0131 hakk\u0131nda daha fazla bilgiyi nas\u0131l bulabilirim?<\/span><\/h2>\n<p class=\"p1\" style=\"text-align: justify;\"><span class=\"s1\">Gemi izci ve AIS denizcilik d\u00fcnyas\u0131nda b\u00fcy\u00fck bir rol oynamaktad\u0131r. Bu nedenle, internette tonlarca bilgi bulabilirsiniz. Gibi web siteleri <a href=\"http:\/\/www.marineinsight.com\" target=\"_blank\" rel=\"noopener noreferrer\"><span class=\"s2\">www.marineinsight.com<\/span><\/a> denizcilik d\u00fcnyas\u0131n\u0131 tam olarak anlaman\u0131za yard\u0131mc\u0131 olacak \u00e7e\u015fitli konulardaki makaleler hakk\u0131nda \u00e7e\u015fitli bilgiler sunar. Ayr\u0131ca AIS ve di\u011fer sistemlerle ilgili makaleleri ve haberleri de kapsarlar. <\/span><\/p>\n<h3 class=\"p1\"><span class=\"s1\">\u00d6zet - Gemi takibi neden size tan\u0131d\u0131k gelmeli<\/span><\/h3>\n<p class=\"p1\" style=\"text-align: justify;\"><span class=\"s1\">B\u00fcy\u00fck konteyner gemileri kullanarak b\u00fcy\u00fck miktarlarda mal\u0131n okyanus \u00fczerinden ta\u015f\u0131nmas\u0131, temel olarak y\u00fcksek ya\u015fam standartlar\u0131m\u0131za ve servetimize katk\u0131da bulundu. Son on y\u0131lda muazzam bir \u015fekilde optimize edilmi\u015f son derece ucuz ve g\u00fcvenilir bir ula\u015f\u0131m \u015feklidir. Bir gemi izci kullanarak, sadece birka\u00e7 fare t\u0131klamas\u0131 ile benzersiz bir gemi kimli\u011fine sahip her gemiyi ve her ticari gemiyi bulabilirsiniz. Sadece g\u00f6z atmak ilgin\u00e7 de\u011fil - \u00fczerinde zaman ge\u00e7irmek d\u00fcnya ticareti ve di\u011fer bir\u00e7ok a\u00e7\u0131dan bak\u0131\u015f a\u00e7\u0131n\u0131z\u0131 zenginle\u015ftirecektir.<\/span><\/p>\n<p><script async src=\"https:\/\/pagead2.googlesyndication.com\/pagead\/js\/adsbygoogle.js\"><\/script><br \/>\n<!-- Ship-Tracker Display --><br \/>\n<ins class=\"adsbygoogle\" style=\"display: block;\" data-ad-client=\"ca-pub-1316785063791781\" data-ad-slot=\"8075999632\" data-ad-format=\"auto\" data-full-width-responsive=\"true\"><\/ins><br \/>\n<script>\n     (adsbygoogle = window.adsbygoogle || []).push({});\n<\/script><\/p>\n<p>Hepsini g\u00f6r <a href=\"https:\/\/ship-tracker.org\/tr\/cruise-ship-tracker\/\">Cruise Ships ge\u00e7erli konumu.<\/a> Kruvaziyer Gemilerinin pozisyonlar\u0131 a\u015fa\u011f\u0131daki haritalarla do\u011fru bir \u015fekilde belirlenebilir <a href=\"https:\/\/ship-tracker.org\/tr\/vesselfinder\/\">VesselFinder<\/a> ve <a href=\"https:\/\/ship-tracker.org\/tr\/marinetraffic\/\">MarineTraffic<\/a>. B\u00f6ylece en sevdi\u011finiz geminin \u015fu anda nerede oldu\u011fu her zaman iyi bilgilendirilirsiniz.<\/p>\n<p>&nbsp;<\/p>","protected":false},"excerpt":{"rendered":"<p>Gemi Takibi \u2013 Gemileri ve gemileri takip etmek nas\u0131l \u00e7al\u0131\u015f\u0131r? Bir fare t\u0131klamas\u0131yla gemileri takip etmek; internet sayesinde bu bir ger\u00e7ek. Peki b\u00fcy\u00fck gemileri ve her t\u00fcrden gemiyi ger\u00e7ekte nas\u0131l takip edebilirsiniz? Do\u011fru platformlar\u0131 kendi avantaj\u0131n\u0131za nas\u0131l kullanabilirsiniz ve nas\u0131l belirleyebilirsiniz?&nbsp;<a href=\"https:\/\/ship-tracker.org\/tr\/\" rel=\"bookmark\">Devam\u0131n\u0131 oku &quot;<span class=\"screen-reader-text\">Gemi Takibi<\/span><\/a><\/p>","protected":false},"author":1,"featured_media":2025,"parent":0,"menu_order":0,"comment_status":"closed","ping_status":"closed","template":"","meta":{"neve_meta_sidebar":"","neve_meta_container":"","neve_meta_enable_content_width":"","neve_meta_content_width":0,"neve_meta_title_alignment":"","neve_meta_author_avatar":"","neve_post_elements_order":"","neve_meta_disable_header":"","neve_meta_disable_footer":"","neve_meta_disable_title":"","neve_meta_reading_time":"","footnotes":""},"class_list":["post-400","page","type-page","status-publish","has-post-thumbnail","hentry"],"yoast_head":"<!-- This site is optimized with the Yoast SEO plugin v26.9 - https:\/\/yoast.com\/product\/yoast-seo-wordpress\/ -->\n<title>Ship Tracker \u2503How does tracking vessels and ships work?<\/title>\n<meta name=\"description\" content=\"Ship Tracker \u2693 Current position of All Cruise-ships \u2713 Live Ship Tracker \u2713 Review and Specifications \u2713 Webcam \u2713 Ship Tracking\" \/>\n<meta name=\"robots\" content=\"index, follow, max-snippet:-1, max-image-preview:large, max-video-preview:-1\" \/>\n<link rel=\"canonical\" href=\"https:\/\/ship-tracker.org\/tr\/\" \/>\n<meta property=\"og:locale\" content=\"tr_TR\" \/>\n<meta property=\"og:type\" content=\"article\" \/>\n<meta property=\"og:title\" content=\"Ship Tracker \u2503How does tracking vessels and ships work?\" \/>\n<meta property=\"og:description\" content=\"Ship Tracker \u2693 Current position of All Cruise-ships \u2713 Live Ship Tracker \u2713 Review and Specifications \u2713 Webcam \u2713 Ship Tracking\" \/>\n<meta property=\"og:url\" content=\"https:\/\/ship-tracker.org\/tr\/\" \/>\n<meta property=\"og:site_name\" content=\"Ship-tracker.org\" \/>\n<meta property=\"article:modified_time\" content=\"2021-11-08T20:04:41+00:00\" \/>\n<meta property=\"og:image\" content=\"https:\/\/ship-tracker.org\/wp-content\/uploads\/2020\/04\/karte-kreuzfahrt-kreuzfahrtschiff-schiffsposition-schiffsradar-768x388-1.jpg\" \/>\n\t<meta property=\"og:image:width\" content=\"768\" \/>\n\t<meta property=\"og:image:height\" content=\"388\" \/>\n\t<meta property=\"og:image:type\" content=\"image\/jpeg\" \/>\n<meta name=\"twitter:card\" content=\"summary_large_image\" \/>\n<meta name=\"twitter:label1\" content=\"Tahmini okuma s\u00fcresi\" \/>\n\t<meta name=\"twitter:data1\" content=\"6 dakika\" \/>\n<script type=\"application\/ld+json\" class=\"yoast-schema-graph\">{\"@context\":\"https:\/\/schema.org\",\"@graph\":[{\"@type\":\"WebPage\",\"@id\":\"https:\/\/ship-tracker.org\/\",\"url\":\"https:\/\/ship-tracker.org\/\",\"name\":\"Ship Tracker \u2503How does tracking vessels and ships work?\",\"isPartOf\":{\"@id\":\"https:\/\/ship-tracker.org\/#website\"},\"primaryImageOfPage\":{\"@id\":\"https:\/\/ship-tracker.org\/#primaryimage\"},\"image\":{\"@id\":\"https:\/\/ship-tracker.org\/#primaryimage\"},\"thumbnailUrl\":\"https:\/\/ship-tracker.org\/wp-content\/uploads\/2020\/04\/karte-kreuzfahrt-kreuzfahrtschiff-schiffsposition-schiffsradar-768x388-1.jpg\",\"datePublished\":\"2017-09-15T20:26:10+00:00\",\"dateModified\":\"2021-11-08T20:04:41+00:00\",\"description\":\"Ship Tracker \u2693 Current position of All Cruise-ships \u2713 Live Ship Tracker \u2713 Review and Specifications \u2713 Webcam \u2713 Ship Tracking\",\"breadcrumb\":{\"@id\":\"https:\/\/ship-tracker.org\/#breadcrumb\"},\"inLanguage\":\"tr\",\"potentialAction\":[{\"@type\":\"ReadAction\",\"target\":[\"https:\/\/ship-tracker.org\/\"]}]},{\"@type\":\"ImageObject\",\"inLanguage\":\"tr\",\"@id\":\"https:\/\/ship-tracker.org\/#primaryimage\",\"url\":\"https:\/\/ship-tracker.org\/wp-content\/uploads\/2020\/04\/karte-kreuzfahrt-kreuzfahrtschiff-schiffsposition-schiffsradar-768x388-1.jpg\",\"contentUrl\":\"https:\/\/ship-tracker.org\/wp-content\/uploads\/2020\/04\/karte-kreuzfahrt-kreuzfahrtschiff-schiffsposition-schiffsradar-768x388-1.jpg\",\"width\":768,\"height\":388,\"caption\":\"MarineTraffic\"},{\"@type\":\"BreadcrumbList\",\"@id\":\"https:\/\/ship-tracker.org\/#breadcrumb\",\"itemListElement\":[{\"@type\":\"ListItem\",\"position\":1,\"name\":\"Startseite\",\"item\":\"https:\/\/ship-tracker.org\/\"},{\"@type\":\"ListItem\",\"position\":2,\"name\":\"Ship Tracker\"}]},{\"@type\":\"WebSite\",\"@id\":\"https:\/\/ship-tracker.org\/#website\",\"url\":\"https:\/\/ship-tracker.org\/\",\"name\":\"Ship-tracker.org\",\"description\":\"\",\"potentialAction\":[{\"@type\":\"SearchAction\",\"target\":{\"@type\":\"EntryPoint\",\"urlTemplate\":\"https:\/\/ship-tracker.org\/?s={search_term_string}\"},\"query-input\":{\"@type\":\"PropertyValueSpecification\",\"valueRequired\":true,\"valueName\":\"search_term_string\"}}],\"inLanguage\":\"tr\"}]}<\/script>\n<!-- \/ Yoast SEO plugin. -->","yoast_head_json":{"title":"Gemi Takibi trackingGemi ve gemi takibi nas\u0131l \u00e7al\u0131\u015f\u0131r?","description":"Gemi Takibi \u2693 T\u00fcm Yolcu Gemilerinin mevcut konumu \u2713 Canl\u0131 Gemi Takibi \u2713 \u0130nceleme ve Spesifikasyonlar \u2713 Web Kameras\u0131 \u2713 Gemi Takibi","robots":{"index":"index","follow":"follow","max-snippet":"max-snippet:-1","max-image-preview":"max-image-preview:large","max-video-preview":"max-video-preview:-1"},"canonical":"https:\/\/ship-tracker.org\/tr\/","og_locale":"tr_TR","og_type":"article","og_title":"Ship Tracker \u2503How does tracking vessels and ships work?","og_description":"Ship Tracker \u2693 Current position of All Cruise-ships \u2713 Live Ship Tracker \u2713 Review and Specifications \u2713 Webcam \u2713 Ship Tracking","og_url":"https:\/\/ship-tracker.org\/tr\/","og_site_name":"Ship-tracker.org","article_modified_time":"2021-11-08T20:04:41+00:00","og_image":[{"width":768,"height":388,"url":"https:\/\/ship-tracker.org\/wp-content\/uploads\/2020\/04\/karte-kreuzfahrt-kreuzfahrtschiff-schiffsposition-schiffsradar-768x388-1.jpg","type":"image\/jpeg"}],"twitter_card":"summary_large_image","twitter_misc":{"Tahmini okuma s\u00fcresi":"6 dakika"},"schema":{"@context":"https:\/\/schema.org","@graph":[{"@type":"WebPage","@id":"https:\/\/ship-tracker.org\/","url":"https:\/\/ship-tracker.org\/","name":"Gemi Takibi trackingGemi ve gemi takibi nas\u0131l \u00e7al\u0131\u015f\u0131r?","isPartOf":{"@id":"https:\/\/ship-tracker.org\/#website"},"primaryImageOfPage":{"@id":"https:\/\/ship-tracker.org\/#primaryimage"},"image":{"@id":"https:\/\/ship-tracker.org\/#primaryimage"},"thumbnailUrl":"https:\/\/ship-tracker.org\/wp-content\/uploads\/2020\/04\/karte-kreuzfahrt-kreuzfahrtschiff-schiffsposition-schiffsradar-768x388-1.jpg","datePublished":"2017-09-15T20:26:10+00:00","dateModified":"2021-11-08T20:04:41+00:00","description":"Gemi Takibi \u2693 T\u00fcm Yolcu Gemilerinin mevcut konumu \u2713 Canl\u0131 Gemi Takibi \u2713 \u0130nceleme ve Spesifikasyonlar \u2713 Web Kameras\u0131 \u2713 Gemi Takibi","breadcrumb":{"@id":"https:\/\/ship-tracker.org\/#breadcrumb"},"inLanguage":"tr","potentialAction":[{"@type":"ReadAction","target":["https:\/\/ship-tracker.org\/"]}]},{"@type":"ImageObject","inLanguage":"tr","@id":"https:\/\/ship-tracker.org\/#primaryimage","url":"https:\/\/ship-tracker.org\/wp-content\/uploads\/2020\/04\/karte-kreuzfahrt-kreuzfahrtschiff-schiffsposition-schiffsradar-768x388-1.jpg","contentUrl":"https:\/\/ship-tracker.org\/wp-content\/uploads\/2020\/04\/karte-kreuzfahrt-kreuzfahrtschiff-schiffsposition-schiffsradar-768x388-1.jpg","width":768,"height":388,"caption":"MarineTraffic"},{"@type":"BreadcrumbList","@id":"https:\/\/ship-tracker.org\/#breadcrumb","itemListElement":[{"@type":"ListItem","position":1,"name":"Startseite","item":"https:\/\/ship-tracker.org\/"},{"@type":"ListItem","position":2,"name":"Ship Tracker"}]},{"@type":"WebSite","@id":"https:\/\/ship-tracker.org\/#website","url":"https:\/\/ship-tracker.org\/","name":"Ship-tracker.org","description":"","potentialAction":[{"@type":"SearchAction","target":{"@type":"EntryPoint","urlTemplate":"https:\/\/ship-tracker.org\/?s={search_term_string}"},"query-input":{"@type":"PropertyValueSpecification","valueRequired":true,"valueName":"search_term_string"}}],"inLanguage":"tr"}]}},"_links":{"self":[{"href":"https:\/\/ship-tracker.org\/tr\/wp-json\/wp\/v2\/pages\/400","targetHints":{"allow":["GET"]}}],"collection":[{"href":"https:\/\/ship-tracker.org\/tr\/wp-json\/wp\/v2\/pages"}],"about":[{"href":"https:\/\/ship-tracker.org\/tr\/wp-json\/wp\/v2\/types\/page"}],"author":[{"embeddable":true,"href":"https:\/\/ship-tracker.org\/tr\/wp-json\/wp\/v2\/users\/1"}],"replies":[{"embeddable":true,"href":"https:\/\/ship-tracker.org\/tr\/wp-json\/wp\/v2\/comments?post=400"}],"version-history":[{"count":10,"href":"https:\/\/ship-tracker.org\/tr\/wp-json\/wp\/v2\/pages\/400\/revisions"}],"predecessor-version":[{"id":3281,"href":"https:\/\/ship-tracker.org\/tr\/wp-json\/wp\/v2\/pages\/400\/revisions\/3281"}],"wp:featuredmedia":[{"embeddable":true,"href":"https:\/\/ship-tracker.org\/tr\/wp-json\/wp\/v2\/media\/2025"}],"wp:attachment":[{"href":"https:\/\/ship-tracker.org\/tr\/wp-json\/wp\/v2\/media?parent=400"}],"curies":[{"name":"wp","href":"https:\/\/api.w.org\/{rel}","templated":true}]}}