{"id":3966,"date":"2023-06-21T17:34:20","date_gmt":"2023-06-21T15:34:20","guid":{"rendered":"https:\/\/ship-tracker.org\/?page_id=3966"},"modified":"2023-06-21T17:34:20","modified_gmt":"2023-06-21T15:34:20","slug":"maersk-cabo-verde","status":"publish","type":"page","link":"https:\/\/ship-tracker.org\/tr\/maersk-cabo-verde\/","title":{"rendered":"MAERSK CABO VERDE"},"content":{"rendered":"<h2><span style=\"color: #000000;\">Ge\u00e7erli konum ve <\/span><span style=\"color: #000000;\">MAERSK CABO VERDE&#039;nin konumu<\/span><\/h2>\n<p>MAERSK CABO VERDE&#039;nin \u015fu anki konumu nerede?<br \/>\n<script type=\"text\/javascript\">\n  var width=\"100%\";var height=\"400\";\n  var mmsi=477792900;\n<\/script><script type=\"text\/javascript\" src=\"https:\/\/www.vesselfinder.com\/aismap.js\"><\/script><\/p>\n<p>Hong Kong bayra\u011f\u0131na kay\u0131tl\u0131 bir kargo gemisi olan MAERSK CABO VERDE \u015fu anda denizlerde seyrediyor. IMO numaras\u0131 9525455 ve MMSI numaras\u0131 477792900&#039;\u00fc ta\u015f\u0131yan gemi, 249 metre uzunlu\u011funda ve 37 metre geni\u015fli\u011findedir. A\u015fa\u011f\u0131da verilen haritalar, geminin mevcut konumu, bir sonraki tarifeli u\u011frayaca\u011f\u0131 liman, tahmini var\u0131\u015f zaman\u0131 (ETA), tahmini var\u0131\u015f zaman\u0131 (PTA), h\u0131z, rota ve su \u00e7ekimi dahil olmak \u00fczere ilgili yolculuk bilgilerinin ayr\u0131nt\u0131lar\u0131n\u0131 vermektedir. Foto\u011fraflar, videolar, yerel saat ve UTC saati gibi ek kaynaklar da sa\u011flanmaktad\u0131r.<\/p>\n<h2 class=\"pageTitle shipItemTitle\"><span style=\"color: #000000;\">MAERSK CABO VERDE \u0130ncelemesi ve Teknik \u00d6zellikler<\/span><\/h2>\n<table>\n<tbody>\n<tr>\n<td style=\"width: 192px;\">Bayrak devleti<\/td>\n<td style=\"width: 192px;\">Hong Kong<\/td>\n<\/tr>\n<tr>\n<td style=\"width: 192px;\">Yap\u0131m Y\u0131l\u0131<strong><br \/>\n<\/strong><\/td>\n<td style=\"width: 192px;\">2012<\/td>\n<\/tr>\n<tr>\n<td style=\"width: 192px;\">gemi tipi<\/td>\n<td style=\"width: 192px;\">Y\u00fck gemisi<\/td>\n<\/tr>\n<tr>\n<td style=\"width: 192px;\">\u00e7a\u011fr\u0131 i\u015fareti<\/td>\n<td style=\"width: 192px;\">VRJU8<\/td>\n<\/tr>\n<tr>\n<td style=\"width: 192px;\">Br\u00fct Tonaj<\/td>\n<td style=\"width: 192px;\">50869<\/td>\n<\/tr>\n<tr>\n<td style=\"width: 192px;\">Yaz a\u011f\u0131rl\u0131\u011f\u0131<\/td>\n<td style=\"width: 192px;\">61643<\/td>\n<\/tr>\n<tr>\n<td style=\"width: 192px;\">uzunluk<\/td>\n<td style=\"width: 192px;\"><span class=\"specificationUnit\">249 metre<\/span><\/td>\n<\/tr>\n<tr>\n<td style=\"width: 192px;\">kiri\u015f<\/td>\n<td style=\"width: 192px;\"><span class=\"specificationUnit\">37 m<\/span><\/td>\n<\/tr>\n<tr>\n<td style=\"width: 192px;\">IMO<\/td>\n<td style=\"width: 192px;\">9525455<\/td>\n<\/tr>\n<tr>\n<td style=\"width: 192px;\">MMSI<\/td>\n<td style=\"width: 192px;\">477792900<\/td>\n<\/tr>\n<tr>\n<td style=\"width: 192px;\">Sahip<\/td>\n<td style=\"width: 192px;\"><a href=\"https:\/\/ship-tracker.org\/tr\/maersk\/\">Maersk<\/a><\/td>\n<\/tr>\n<\/tbody>\n<\/table>","protected":false},"excerpt":{"rendered":"<p>MAERSK CABO VERDE&#039;nin Mevcut Konumu ve Yeri MAERSK CABO VERDE \u015fu anda nerede bulunuyor? Hong Kong bayra\u011f\u0131 alt\u0131nda kay\u0131tl\u0131 bir kargo gemisi olan MAERSK CABO VERDE, \u015fu anda denizlerde seyrediyor. IMO numaras\u0131 9525455 ve MMSI numaras\u0131 477792900 olan gemi, 249 metre uzunlu\u011funda ve 37 metre geni\u015fli\u011findedir\u2026&nbsp;<a href=\"https:\/\/ship-tracker.org\/tr\/maersk-cabo-verde\/\" rel=\"bookmark\">Devam\u0131n\u0131 oku &quot;<span class=\"screen-reader-text\">MAERSK CABO VERDE<\/span><\/a><\/p>","protected":false},"author":1,"featured_media":3637,"parent":0,"menu_order":0,"comment_status":"closed","ping_status":"closed","template":"","meta":{"neve_meta_sidebar":"","neve_meta_container":"","neve_meta_enable_content_width":"off","neve_meta_content_width":100,"neve_meta_title_alignment":"","neve_meta_author_avatar":"","neve_post_elements_order":"","neve_meta_disable_header":"","neve_meta_disable_footer":"","neve_meta_disable_title":"","neve_meta_reading_time":"","footnotes":""},"class_list":["post-3966","page","type-page","status-publish","has-post-thumbnail","hentry"],"yoast_head":"<!-- This site is optimized with the Yoast SEO plugin v27.4 - https:\/\/yoast.com\/product\/yoast-seo-wordpress\/ -->\n<title>MAERSK CABO VERDE\u2503Current location and position (cargo ship)<\/title>\n<meta name=\"description\" content=\"MAERSK CABO VERDE \u2693 Current location and position of MAERSK Vessel \u2713 Maersk container tracking \u2713 Live Ship Tracker \u2713 Container ship\" \/>\n<meta name=\"robots\" content=\"index, follow, max-snippet:-1, max-image-preview:large, max-video-preview:-1\" \/>\n<link rel=\"canonical\" href=\"https:\/\/ship-tracker.org\/tr\/maersk-cabo-verde\/\" \/>\n<meta property=\"og:locale\" content=\"tr_TR\" \/>\n<meta property=\"og:type\" content=\"article\" \/>\n<meta property=\"og:title\" content=\"MAERSK CABO VERDE\u2503Current location and position (cargo ship)\" \/>\n<meta property=\"og:description\" content=\"MAERSK CABO VERDE \u2693 Current location and position of MAERSK Vessel \u2713 Maersk container tracking \u2713 Live Ship Tracker \u2713 Container ship\" \/>\n<meta property=\"og:url\" content=\"https:\/\/ship-tracker.org\/tr\/maersk-cabo-verde\/\" \/>\n<meta property=\"og:site_name\" content=\"Ship-tracker.org\" \/>\n<meta property=\"og:image\" content=\"https:\/\/ship-tracker.org\/wp-content\/uploads\/2023\/06\/maersk-tanjong-g275700498_640.jpg\" \/>\n\t<meta property=\"og:image:width\" content=\"640\" \/>\n\t<meta property=\"og:image:height\" content=\"446\" \/>\n\t<meta property=\"og:image:type\" content=\"image\/jpeg\" \/>\n<meta name=\"twitter:card\" content=\"summary_large_image\" \/>\n<meta name=\"twitter:label1\" content=\"Tahmini okuma s\u00fcresi\" \/>\n\t<meta name=\"twitter:data1\" content=\"1 dakika\" \/>\n<script type=\"application\/ld+json\" class=\"yoast-schema-graph\">{\"@context\":\"https:\\\/\\\/schema.org\",\"@graph\":[{\"@type\":\"WebPage\",\"@id\":\"https:\\\/\\\/ship-tracker.org\\\/maersk-cabo-verde\\\/\",\"url\":\"https:\\\/\\\/ship-tracker.org\\\/maersk-cabo-verde\\\/\",\"name\":\"MAERSK CABO VERDE\u2503Current location and position (cargo ship)\",\"isPartOf\":{\"@id\":\"https:\\\/\\\/ship-tracker.org\\\/#website\"},\"primaryImageOfPage\":{\"@id\":\"https:\\\/\\\/ship-tracker.org\\\/maersk-cabo-verde\\\/#primaryimage\"},\"image\":{\"@id\":\"https:\\\/\\\/ship-tracker.org\\\/maersk-cabo-verde\\\/#primaryimage\"},\"thumbnailUrl\":\"https:\\\/\\\/ship-tracker.org\\\/wp-content\\\/uploads\\\/2023\\\/06\\\/maersk-tanjong-g275700498_640.jpg\",\"datePublished\":\"2023-06-21T15:34:20+00:00\",\"description\":\"MAERSK CABO VERDE \u2693 Current location and position of MAERSK Vessel \u2713 Maersk container tracking \u2713 Live Ship Tracker \u2713 Container ship\",\"breadcrumb\":{\"@id\":\"https:\\\/\\\/ship-tracker.org\\\/maersk-cabo-verde\\\/#breadcrumb\"},\"inLanguage\":\"tr\",\"potentialAction\":[{\"@type\":\"ReadAction\",\"target\":[\"https:\\\/\\\/ship-tracker.org\\\/maersk-cabo-verde\\\/\"]}]},{\"@type\":\"ImageObject\",\"inLanguage\":\"tr\",\"@id\":\"https:\\\/\\\/ship-tracker.org\\\/maersk-cabo-verde\\\/#primaryimage\",\"url\":\"https:\\\/\\\/ship-tracker.org\\\/wp-content\\\/uploads\\\/2023\\\/06\\\/maersk-tanjong-g275700498_640.jpg\",\"contentUrl\":\"https:\\\/\\\/ship-tracker.org\\\/wp-content\\\/uploads\\\/2023\\\/06\\\/maersk-tanjong-g275700498_640.jpg\",\"width\":640,\"height\":446,\"caption\":\"MAERSK ABERDEEN\"},{\"@type\":\"BreadcrumbList\",\"@id\":\"https:\\\/\\\/ship-tracker.org\\\/maersk-cabo-verde\\\/#breadcrumb\",\"itemListElement\":[{\"@type\":\"ListItem\",\"position\":1,\"name\":\"Startseite\",\"item\":\"https:\\\/\\\/ship-tracker.org\\\/\"},{\"@type\":\"ListItem\",\"position\":2,\"name\":\"MAERSK CABO VERDE\"}]},{\"@type\":\"WebSite\",\"@id\":\"https:\\\/\\\/ship-tracker.org\\\/#website\",\"url\":\"https:\\\/\\\/ship-tracker.org\\\/\",\"name\":\"Ship-tracker.org\",\"description\":\"\",\"potentialAction\":[{\"@type\":\"SearchAction\",\"target\":{\"@type\":\"EntryPoint\",\"urlTemplate\":\"https:\\\/\\\/ship-tracker.org\\\/?s={search_term_string}\"},\"query-input\":{\"@type\":\"PropertyValueSpecification\",\"valueRequired\":true,\"valueName\":\"search_term_string\"}}],\"inLanguage\":\"tr\"}]}<\/script>\n<!-- \/ Yoast SEO plugin. -->","yoast_head_json":{"title":"MAERSK CABO VERDE\u2503Mevcut konum ve konum (kargo gemisi)","description":"MAERSK CABO VERDE \u2693 MAERSK Gemisinin mevcut konumu ve konumu \u2713 Maersk konteyner takibi \u2713 Canl\u0131 Gemi Takibi \u2713 Konteyner gemisi","robots":{"index":"index","follow":"follow","max-snippet":"max-snippet:-1","max-image-preview":"max-image-preview:large","max-video-preview":"max-video-preview:-1"},"canonical":"https:\/\/ship-tracker.org\/tr\/maersk-cabo-verde\/","og_locale":"tr_TR","og_type":"article","og_title":"MAERSK CABO VERDE\u2503Current location and position (cargo ship)","og_description":"MAERSK CABO VERDE \u2693 Current location and position of MAERSK Vessel \u2713 Maersk container tracking \u2713 Live Ship Tracker \u2713 Container ship","og_url":"https:\/\/ship-tracker.org\/tr\/maersk-cabo-verde\/","og_site_name":"Ship-tracker.org","og_image":[{"width":640,"height":446,"url":"https:\/\/ship-tracker.org\/wp-content\/uploads\/2023\/06\/maersk-tanjong-g275700498_640.jpg","type":"image\/jpeg"}],"twitter_card":"summary_large_image","twitter_misc":{"Tahmini okuma s\u00fcresi":"1 dakika"},"schema":{"@context":"https:\/\/schema.org","@graph":[{"@type":"WebPage","@id":"https:\/\/ship-tracker.org\/maersk-cabo-verde\/","url":"https:\/\/ship-tracker.org\/maersk-cabo-verde\/","name":"MAERSK CABO VERDE\u2503Mevcut konum ve konum (kargo gemisi)","isPartOf":{"@id":"https:\/\/ship-tracker.org\/#website"},"primaryImageOfPage":{"@id":"https:\/\/ship-tracker.org\/maersk-cabo-verde\/#primaryimage"},"image":{"@id":"https:\/\/ship-tracker.org\/maersk-cabo-verde\/#primaryimage"},"thumbnailUrl":"https:\/\/ship-tracker.org\/wp-content\/uploads\/2023\/06\/maersk-tanjong-g275700498_640.jpg","datePublished":"2023-06-21T15:34:20+00:00","description":"MAERSK CABO VERDE \u2693 MAERSK Gemisinin mevcut konumu ve konumu \u2713 Maersk konteyner takibi \u2713 Canl\u0131 Gemi Takibi \u2713 Konteyner gemisi","breadcrumb":{"@id":"https:\/\/ship-tracker.org\/maersk-cabo-verde\/#breadcrumb"},"inLanguage":"tr","potentialAction":[{"@type":"ReadAction","target":["https:\/\/ship-tracker.org\/maersk-cabo-verde\/"]}]},{"@type":"ImageObject","inLanguage":"tr","@id":"https:\/\/ship-tracker.org\/maersk-cabo-verde\/#primaryimage","url":"https:\/\/ship-tracker.org\/wp-content\/uploads\/2023\/06\/maersk-tanjong-g275700498_640.jpg","contentUrl":"https:\/\/ship-tracker.org\/wp-content\/uploads\/2023\/06\/maersk-tanjong-g275700498_640.jpg","width":640,"height":446,"caption":"MAERSK ABERDEEN"},{"@type":"BreadcrumbList","@id":"https:\/\/ship-tracker.org\/maersk-cabo-verde\/#breadcrumb","itemListElement":[{"@type":"ListItem","position":1,"name":"Startseite","item":"https:\/\/ship-tracker.org\/"},{"@type":"ListItem","position":2,"name":"MAERSK CABO VERDE"}]},{"@type":"WebSite","@id":"https:\/\/ship-tracker.org\/#website","url":"https:\/\/ship-tracker.org\/","name":"Ship-tracker.org","description":"","potentialAction":[{"@type":"SearchAction","target":{"@type":"EntryPoint","urlTemplate":"https:\/\/ship-tracker.org\/?s={search_term_string}"},"query-input":{"@type":"PropertyValueSpecification","valueRequired":true,"valueName":"search_term_string"}}],"inLanguage":"tr"}]}},"_links":{"self":[{"href":"https:\/\/ship-tracker.org\/tr\/wp-json\/wp\/v2\/pages\/3966","targetHints":{"allow":["GET"]}}],"collection":[{"href":"https:\/\/ship-tracker.org\/tr\/wp-json\/wp\/v2\/pages"}],"about":[{"href":"https:\/\/ship-tracker.org\/tr\/wp-json\/wp\/v2\/types\/page"}],"author":[{"embeddable":true,"href":"https:\/\/ship-tracker.org\/tr\/wp-json\/wp\/v2\/users\/1"}],"replies":[{"embeddable":true,"href":"https:\/\/ship-tracker.org\/tr\/wp-json\/wp\/v2\/comments?post=3966"}],"version-history":[{"count":1,"href":"https:\/\/ship-tracker.org\/tr\/wp-json\/wp\/v2\/pages\/3966\/revisions"}],"predecessor-version":[{"id":3967,"href":"https:\/\/ship-tracker.org\/tr\/wp-json\/wp\/v2\/pages\/3966\/revisions\/3967"}],"wp:featuredmedia":[{"embeddable":true,"href":"https:\/\/ship-tracker.org\/tr\/wp-json\/wp\/v2\/media\/3637"}],"wp:attachment":[{"href":"https:\/\/ship-tracker.org\/tr\/wp-json\/wp\/v2\/media?parent=3966"}],"curies":[{"name":"wp","href":"https:\/\/api.w.org\/{rel}","templated":true}]}}