{"id":3604,"date":"2023-06-14T15:31:49","date_gmt":"2023-06-14T13:31:49","guid":{"rendered":"https:\/\/ship-tracker.org\/?page_id=3604"},"modified":"2023-06-14T15:31:49","modified_gmt":"2023-06-14T13:31:49","slug":"nato-military-ship-tracker","status":"publish","type":"page","link":"https:\/\/ship-tracker.org\/tr\/nato-military-ship-tracker\/","title":{"rendered":"NATO Askeri Gemi Takibi"},"content":{"rendered":"<p>Askeri gemi takip\u00e7imiz ile d\u00fcnya \u00e7ap\u0131ndaki t\u00fcm NATO sava\u015f gemilerini 7\/24 ger\u00e7ek zamanl\u0131 olarak takip edin! Haritadaki bir gemi simgesine t\u0131klayarak \u00e7e\u015fitli ek bilgiler al\u0131n. Donanma gemilerinin \u015fu anda nerede oldu\u011funu g\u00f6r\u00fcn.<\/p>\n<h2>NATO Sava\u015f Gemileri Canl\u0131 Haritas\u0131<\/h2>\n<p><iframe loading=\"lazy\" id=\"vesselfinder\" src=\"https:\/\/www.vesselfinder.com\/aismap?zoom=undefined&amp;lat=41&amp;lon=-96&amp;width=100%25&amp;height=746&amp;names=true&amp;track=false&amp;fleet=fdabe0b3082dcb0991cd855905433d79&amp;fleet_name=NATO%20WARSHIPS&amp;fleet_timespan=1440&amp;fleet_hide_old_positions=false&amp;clicktoact=false&amp;store_pos=true&amp;ra=https%3A%2F%2Fwww.marinevesseltraffic.com%2FNATO-navy-ships\" name=\"vesselfinder\" width=\"100%\" height=\"746\" frameborder=\"0\" data-dashlane-frameid=\"516\">Taray\u0131c\u0131 kat\u0131\u015ft\u0131r\u0131lm\u0131\u015f nesneleri desteklemiyor.<br \/>\nDo\u011frudan ziyaret edin <a href=\"https:\/\/www.vesselfinder.com\" target=\"_blank\" rel=\"noopener\">www.vesselfinder.com<\/a><\/iframe><\/p>\n<p><a href=\"https:\/\/ship-tracker.org\/tr\/military-ship-tracker\/\">Askeri gemi takibi<\/a> d\u00fcnya \u00e7ap\u0131ndaki donanmalar\u0131n stratejik operasyonlar\u0131nda kritik bir rol oynamaktad\u0131r. Donanmalar\u0131n gemilerinin konumlar\u0131n\u0131 izlemelerine, operasyonel verimlili\u011fi art\u0131rmalar\u0131na ve deniz g\u00fcvenli\u011fini sa\u011flamalar\u0131na olanak tan\u0131r.<\/p>\n<p>Askeri gemi takibi, bir donanman\u0131n operasyonel verimlili\u011fine, emniyetine ve g\u00fcvenli\u011fine \u00f6nemli \u00f6l\u00e7\u00fcde katk\u0131da bulunan stratejik bir gerekliliktir. Teknolojik geli\u015fmeler devam ettik\u00e7e, izleme sistemleri daha do\u011fru, g\u00fcvenilir ve g\u00fcvenli hale gelecek ve denizcilik operasyonlar\u0131ndaki stratejik de\u011ferlerini daha da art\u0131racakt\u0131r.<\/p>","protected":false},"excerpt":{"rendered":"<p>Askeri gemi takip\u00e7imiz ile d\u00fcnya \u00e7ap\u0131ndaki t\u00fcm NATO sava\u015f gemilerini ger\u00e7ek zamanl\u0131 olarak 7\/24 takip edin! Haritadaki bir gemi simgesine t\u0131klayarak \u00e7e\u015fitli ek bilgiler al\u0131n. Donanma gemilerinin \u015fu anda nerede oldu\u011funu g\u00f6r\u00fcn. NATO Sava\u015f Gemileri Canl\u0131 Harita Taray\u0131c\u0131s\u0131 g\u00f6m\u00fcl\u00fc nesneleri desteklemez. Do\u011frudan www.vesselfinder.com adresini ziyaret edin Askeri gemi takibi kritik bir rol oynuyor\u2026&nbsp;<a href=\"https:\/\/ship-tracker.org\/tr\/nato-military-ship-tracker\/\" rel=\"bookmark\">Devam\u0131n\u0131 oku &quot;<span class=\"screen-reader-text\">NATO Askeri Gemi Takibi<\/span><\/a><\/p>","protected":false},"author":1,"featured_media":3605,"parent":0,"menu_order":0,"comment_status":"closed","ping_status":"closed","template":"","meta":{"neve_meta_sidebar":"","neve_meta_container":"","neve_meta_enable_content_width":"","neve_meta_content_width":0,"neve_meta_title_alignment":"","neve_meta_author_avatar":"","neve_post_elements_order":"","neve_meta_disable_header":"","neve_meta_disable_footer":"","neve_meta_disable_title":"","neve_meta_reading_time":"","footnotes":""},"class_list":["post-3604","page","type-page","status-publish","has-post-thumbnail","hentry"],"yoast_head":"<!-- This site is optimized with the Yoast SEO plugin v26.9 - https:\/\/yoast.com\/product\/yoast-seo-wordpress\/ -->\n<title>NATO Military Ship Tracker - Ship-tracker.org<\/title>\n<meta name=\"description\" content=\"NATO Military Ship Tracker \u2693 Current position of All NATO warships \u2713 Live Ship Tracker \u2713 IMO, MMSI and Specifications \u2713 Live Map by country\" \/>\n<meta name=\"robots\" content=\"index, follow, max-snippet:-1, max-image-preview:large, max-video-preview:-1\" \/>\n<link rel=\"canonical\" href=\"https:\/\/ship-tracker.org\/tr\/nato-military-ship-tracker\/\" \/>\n<meta property=\"og:locale\" content=\"tr_TR\" \/>\n<meta property=\"og:type\" content=\"article\" \/>\n<meta property=\"og:title\" content=\"NATO Military Ship Tracker - Ship-tracker.org\" \/>\n<meta property=\"og:description\" content=\"NATO Military Ship Tracker \u2693 Current position of All NATO warships \u2713 Live Ship Tracker \u2713 IMO, MMSI and Specifications \u2713 Live Map by country\" \/>\n<meta property=\"og:url\" content=\"https:\/\/ship-tracker.org\/tr\/nato-military-ship-tracker\/\" \/>\n<meta property=\"og:site_name\" content=\"Ship-tracker.org\" \/>\n<meta property=\"og:image\" content=\"https:\/\/ship-tracker.org\/wp-content\/uploads\/2023\/06\/warship-g95e5a46c7_640.jpg\" \/>\n\t<meta property=\"og:image:width\" content=\"640\" \/>\n\t<meta property=\"og:image:height\" content=\"427\" \/>\n\t<meta property=\"og:image:type\" content=\"image\/jpeg\" \/>\n<meta name=\"twitter:card\" content=\"summary_large_image\" \/>\n<meta name=\"twitter:label1\" content=\"Tahmini okuma s\u00fcresi\" \/>\n\t<meta name=\"twitter:data1\" content=\"1 dakika\" \/>\n<script type=\"application\/ld+json\" class=\"yoast-schema-graph\">{\"@context\":\"https:\/\/schema.org\",\"@graph\":[{\"@type\":\"WebPage\",\"@id\":\"https:\/\/ship-tracker.org\/nato-military-ship-tracker\/\",\"url\":\"https:\/\/ship-tracker.org\/nato-military-ship-tracker\/\",\"name\":\"NATO Military Ship Tracker - Ship-tracker.org\",\"isPartOf\":{\"@id\":\"https:\/\/ship-tracker.org\/#website\"},\"primaryImageOfPage\":{\"@id\":\"https:\/\/ship-tracker.org\/nato-military-ship-tracker\/#primaryimage\"},\"image\":{\"@id\":\"https:\/\/ship-tracker.org\/nato-military-ship-tracker\/#primaryimage\"},\"thumbnailUrl\":\"https:\/\/ship-tracker.org\/wp-content\/uploads\/2023\/06\/warship-g95e5a46c7_640.jpg\",\"datePublished\":\"2023-06-14T13:31:49+00:00\",\"description\":\"NATO Military Ship Tracker \u2693 Current position of All NATO warships \u2713 Live Ship Tracker \u2713 IMO, MMSI and Specifications \u2713 Live Map by country\",\"breadcrumb\":{\"@id\":\"https:\/\/ship-tracker.org\/nato-military-ship-tracker\/#breadcrumb\"},\"inLanguage\":\"tr\",\"potentialAction\":[{\"@type\":\"ReadAction\",\"target\":[\"https:\/\/ship-tracker.org\/nato-military-ship-tracker\/\"]}]},{\"@type\":\"ImageObject\",\"inLanguage\":\"tr\",\"@id\":\"https:\/\/ship-tracker.org\/nato-military-ship-tracker\/#primaryimage\",\"url\":\"https:\/\/ship-tracker.org\/wp-content\/uploads\/2023\/06\/warship-g95e5a46c7_640.jpg\",\"contentUrl\":\"https:\/\/ship-tracker.org\/wp-content\/uploads\/2023\/06\/warship-g95e5a46c7_640.jpg\",\"width\":640,\"height\":427,\"caption\":\"NATO Military Ship Tracker\"},{\"@type\":\"BreadcrumbList\",\"@id\":\"https:\/\/ship-tracker.org\/nato-military-ship-tracker\/#breadcrumb\",\"itemListElement\":[{\"@type\":\"ListItem\",\"position\":1,\"name\":\"Startseite\",\"item\":\"https:\/\/ship-tracker.org\/\"},{\"@type\":\"ListItem\",\"position\":2,\"name\":\"NATO Military Ship Tracker\"}]},{\"@type\":\"WebSite\",\"@id\":\"https:\/\/ship-tracker.org\/#website\",\"url\":\"https:\/\/ship-tracker.org\/\",\"name\":\"Ship-tracker.org\",\"description\":\"\",\"potentialAction\":[{\"@type\":\"SearchAction\",\"target\":{\"@type\":\"EntryPoint\",\"urlTemplate\":\"https:\/\/ship-tracker.org\/?s={search_term_string}\"},\"query-input\":{\"@type\":\"PropertyValueSpecification\",\"valueRequired\":true,\"valueName\":\"search_term_string\"}}],\"inLanguage\":\"tr\"}]}<\/script>\n<!-- \/ Yoast SEO plugin. -->","yoast_head_json":{"title":"NATO Askeri Gemi Takibi - Ship-tracker.org","description":"NATO Askeri Gemi Takibi \u2693 T\u00fcm NATO sava\u015f gemilerinin mevcut konumu \u2713 Canl\u0131 Gemi Takibi \u2713 IMO, MMSI ve Spesifikasyonlar \u2713 \u00dclkeye g\u00f6re Canl\u0131 Harita","robots":{"index":"index","follow":"follow","max-snippet":"max-snippet:-1","max-image-preview":"max-image-preview:large","max-video-preview":"max-video-preview:-1"},"canonical":"https:\/\/ship-tracker.org\/tr\/nato-military-ship-tracker\/","og_locale":"tr_TR","og_type":"article","og_title":"NATO Military Ship Tracker - Ship-tracker.org","og_description":"NATO Military Ship Tracker \u2693 Current position of All NATO warships \u2713 Live Ship Tracker \u2713 IMO, MMSI and Specifications \u2713 Live Map by country","og_url":"https:\/\/ship-tracker.org\/tr\/nato-military-ship-tracker\/","og_site_name":"Ship-tracker.org","og_image":[{"width":640,"height":427,"url":"https:\/\/ship-tracker.org\/wp-content\/uploads\/2023\/06\/warship-g95e5a46c7_640.jpg","type":"image\/jpeg"}],"twitter_card":"summary_large_image","twitter_misc":{"Tahmini okuma s\u00fcresi":"1 dakika"},"schema":{"@context":"https:\/\/schema.org","@graph":[{"@type":"WebPage","@id":"https:\/\/ship-tracker.org\/nato-military-ship-tracker\/","url":"https:\/\/ship-tracker.org\/nato-military-ship-tracker\/","name":"NATO Askeri Gemi Takibi - Ship-tracker.org","isPartOf":{"@id":"https:\/\/ship-tracker.org\/#website"},"primaryImageOfPage":{"@id":"https:\/\/ship-tracker.org\/nato-military-ship-tracker\/#primaryimage"},"image":{"@id":"https:\/\/ship-tracker.org\/nato-military-ship-tracker\/#primaryimage"},"thumbnailUrl":"https:\/\/ship-tracker.org\/wp-content\/uploads\/2023\/06\/warship-g95e5a46c7_640.jpg","datePublished":"2023-06-14T13:31:49+00:00","description":"NATO Askeri Gemi Takibi \u2693 T\u00fcm NATO sava\u015f gemilerinin mevcut konumu \u2713 Canl\u0131 Gemi Takibi \u2713 IMO, MMSI ve Spesifikasyonlar \u2713 \u00dclkeye g\u00f6re Canl\u0131 Harita","breadcrumb":{"@id":"https:\/\/ship-tracker.org\/nato-military-ship-tracker\/#breadcrumb"},"inLanguage":"tr","potentialAction":[{"@type":"ReadAction","target":["https:\/\/ship-tracker.org\/nato-military-ship-tracker\/"]}]},{"@type":"ImageObject","inLanguage":"tr","@id":"https:\/\/ship-tracker.org\/nato-military-ship-tracker\/#primaryimage","url":"https:\/\/ship-tracker.org\/wp-content\/uploads\/2023\/06\/warship-g95e5a46c7_640.jpg","contentUrl":"https:\/\/ship-tracker.org\/wp-content\/uploads\/2023\/06\/warship-g95e5a46c7_640.jpg","width":640,"height":427,"caption":"NATO Military Ship Tracker"},{"@type":"BreadcrumbList","@id":"https:\/\/ship-tracker.org\/nato-military-ship-tracker\/#breadcrumb","itemListElement":[{"@type":"ListItem","position":1,"name":"Startseite","item":"https:\/\/ship-tracker.org\/"},{"@type":"ListItem","position":2,"name":"NATO Military Ship Tracker"}]},{"@type":"WebSite","@id":"https:\/\/ship-tracker.org\/#website","url":"https:\/\/ship-tracker.org\/","name":"Ship-tracker.org","description":"","potentialAction":[{"@type":"SearchAction","target":{"@type":"EntryPoint","urlTemplate":"https:\/\/ship-tracker.org\/?s={search_term_string}"},"query-input":{"@type":"PropertyValueSpecification","valueRequired":true,"valueName":"search_term_string"}}],"inLanguage":"tr"}]}},"_links":{"self":[{"href":"https:\/\/ship-tracker.org\/tr\/wp-json\/wp\/v2\/pages\/3604","targetHints":{"allow":["GET"]}}],"collection":[{"href":"https:\/\/ship-tracker.org\/tr\/wp-json\/wp\/v2\/pages"}],"about":[{"href":"https:\/\/ship-tracker.org\/tr\/wp-json\/wp\/v2\/types\/page"}],"author":[{"embeddable":true,"href":"https:\/\/ship-tracker.org\/tr\/wp-json\/wp\/v2\/users\/1"}],"replies":[{"embeddable":true,"href":"https:\/\/ship-tracker.org\/tr\/wp-json\/wp\/v2\/comments?post=3604"}],"version-history":[{"count":5,"href":"https:\/\/ship-tracker.org\/tr\/wp-json\/wp\/v2\/pages\/3604\/revisions"}],"predecessor-version":[{"id":3612,"href":"https:\/\/ship-tracker.org\/tr\/wp-json\/wp\/v2\/pages\/3604\/revisions\/3612"}],"wp:featuredmedia":[{"embeddable":true,"href":"https:\/\/ship-tracker.org\/tr\/wp-json\/wp\/v2\/media\/3605"}],"wp:attachment":[{"href":"https:\/\/ship-tracker.org\/tr\/wp-json\/wp\/v2\/media?parent=3604"}],"curies":[{"name":"wp","href":"https:\/\/api.w.org\/{rel}","templated":true}]}}