{"id":3597,"date":"2023-06-14T15:13:28","date_gmt":"2023-06-14T13:13:28","guid":{"rendered":"https:\/\/ship-tracker.org\/?page_id=3597"},"modified":"2024-11-10T22:20:54","modified_gmt":"2024-11-10T21:20:54","slug":"military-ship-tracker","status":"publish","type":"page","link":"https:\/\/ship-tracker.org\/tr\/military-ship-tracker\/","title":{"rendered":"Askeri Gemi Takibi"},"content":{"rendered":"<p>Askeri gemi takip\u00e7imiz ile 7\/24 ger\u00e7ek zamanl\u0131 olarak d\u00fcnya \u00e7ap\u0131ndaki t\u00fcm sava\u015f gemilerini takip edin! Haritadaki bir gemi simgesine t\u0131klayarak \u00e7e\u015fitli ek bilgiler al\u0131n.<\/p>\n<h2>K\u00fcresel Sava\u015f Gemileri Canl\u0131 Haritas\u0131<\/h2>\n<p><iframe loading=\"lazy\" id=\"vesselfinder\" src=\"https:\/\/www.vesselfinder.com\/aismap?zoom=undefined&amp;lat=49&amp;lon=6.3&amp;width=100%25&amp;height=736&amp;names=true&amp;track=false&amp;fleet=&amp;fleet_name=false&amp;fleet_hide_old_positions=false&amp;clicktoact=false&amp;store_pos=true&amp;fil=4&amp;ra=https%3A%2F%2Fwww.marinevesseltraffic.com%2F2013%2F02%2Fmilitary-ship-track.html%3Ffull_screen%3Dyes\" name=\"vesselfinder\" width=\"100%\" height=\"736\" frameborder=\"0\" data-dashlane-frameid=\"382\">Taray\u0131c\u0131 kat\u0131\u015ft\u0131r\u0131lm\u0131\u015f nesneleri desteklemiyor.<br \/>\nDo\u011frudan ziyaret edin <a href=\"https:\/\/www.vesselfinder.com\" target=\"_blank\" rel=\"noopener\">www.vesselfinder.com<\/a><\/iframe><br \/>\nAskeri gemi takibi, d\u00fcnya \u00e7ap\u0131ndaki donanmalar\u0131n stratejik operasyonlar\u0131nda kritik bir rol oynar. Donanmalar\u0131n gemilerinin konumlar\u0131n\u0131 izlemelerine, operasyonel verimlili\u011fi art\u0131rmalar\u0131na ve deniz g\u00fcvenli\u011fini sa\u011flamalar\u0131na olanak tan\u0131r.<\/p>\n<h2>Askeri Gemi Takibinin \u00d6nemi<\/h2>\n<p>Askeri ba\u011flamda gemi takibi birka\u00e7 nedenden dolay\u0131 hayati \u00f6nem ta\u015f\u0131r:<\/p>\n<ol>\n<li><strong>Taktiksel fark\u0131ndal\u0131k:<\/strong> Ger\u00e7ek zamanl\u0131 izleme, donanmalara varl\u0131klar\u0131n\u0131n konumlar\u0131n\u0131n do\u011fru bir resmini sunarak geli\u015fmi\u015f taktik fark\u0131ndal\u0131k ve karar vermeye katk\u0131da bulunur.<\/li>\n<li><strong>Operasyonel verimlilik:<\/strong> Donanma gemilerinin konu\u015fland\u0131r\u0131lmas\u0131n\u0131 ve rotas\u0131n\u0131 optimize etmeye yard\u0131mc\u0131 olur, b\u00f6ylece operasyonel verimlili\u011fi art\u0131r\u0131r ve kaynaklar\u0131 korur.<\/li>\n<li><strong>Emniyet ve g\u00fcvenlik:<\/strong> \u0130zleme, potansiyel \u00e7arp\u0131\u015fma rotalar\u0131n\u0131 belirleyerek kazalar\u0131n \u00f6nlenmesine yard\u0131mc\u0131 olabilir. Ayr\u0131ca, potansiyel bir tehdide veya acil duruma i\u015faret edebilecek planlanmam\u0131\u015f sapmalar hakk\u0131nda komuta merkezlerini uyararak g\u00fcvenli\u011fi art\u0131r\u0131r.<\/li>\n<\/ol>\n<h2>teknoloji<\/h2>\n<p>Birka\u00e7 teknoloji, askeri gemi takibini m\u00fcmk\u00fcn k\u0131lar:<\/p>\n<ol>\n<li><strong>Radar Sistemleri:<\/strong> Otomatik Tan\u0131mlama Sistemi (AIS) gibi radar sistemleri genellikle gemileri izlemek i\u00e7in kullan\u0131l\u0131r. Bununla birlikte, askeri gemiler, d\u00fc\u015fmanlar taraf\u0131ndan da tespit edilebilece\u011finden, genellikle g\u00fcvenlik nedenleriyle AIS transponderlerini kapat\u0131r.<\/li>\n<li><strong>Uydu G\u00f6zetim:<\/strong> Uydular, okyanuslar\u0131n k\u00fcresel bir g\u00f6r\u00fcn\u00fcm\u00fcn\u00fc sunarak, ordular\u0131n, \u00f6zellikle uzak b\u00f6lgelerdeki gemilerini izlemelerine olanak tan\u0131r.<\/li>\n<li><strong>Sonar Sistemleri:<\/strong> Su alt\u0131 sonar sistemleri, denizalt\u0131lar\u0131 ve di\u011fer su alt\u0131 askeri varl\u0131klar\u0131n\u0131 izleyebilir.<\/li>\n<\/ol>\n<p>Zorluklar ve Gelecekteki Geli\u015fmeler:<\/p>\n<p>Askeri gemi takibi say\u0131s\u0131z fayda sa\u011flarken, ayn\u0131 zamanda bir dizi zorlu\u011fu da beraberinde getirir. \u0130lgili stratejik bilgiler, g\u00fcvenli\u011fi birinci \u00f6ncelik haline getirir. D\u00fc\u015fmanlar\u0131n izleme verilerini ele ge\u00e7irmesini \u00f6nlemek i\u00e7in geli\u015fmi\u015f \u015fifreleme ve di\u011fer siber g\u00fcvenlik \u00f6nlemleri gereklidir.<\/p>\n<p>Ek olarak, Kuzey Kutbu gibi uzak b\u00f6lgelerde izleme, altyap\u0131 eksikli\u011fi ve zorlu \u00e7evre ko\u015fullar\u0131 nedeniyle zor olabilir. \u0130nsans\u0131z dronlar ve yapay zeka gibi geli\u015fmekte olan teknolojilerin bu t\u00fcr b\u00f6lgelerde izleme yeteneklerini geli\u015ftirmesi bekleniyor.<\/p>\n<h3>\u00c7\u00f6z\u00fcm<\/h3>\n<p>Askeri <a href=\"https:\/\/ship-tracker.org\/tr\/\">gemi izci<\/a> bir donanman\u0131n operasyonel verimlili\u011fine, emniyetine ve g\u00fcvenli\u011fine \u00f6nemli \u00f6l\u00e7\u00fcde katk\u0131da bulunan stratejik bir gerekliliktir. Teknolojik geli\u015fmeler devam ettik\u00e7e, izleme sistemleri daha do\u011fru, g\u00fcvenilir ve g\u00fcvenli hale gelecek ve denizcilik operasyonlar\u0131ndaki stratejik de\u011ferlerini daha da art\u0131racakt\u0131r.<\/p>","protected":false},"excerpt":{"rendered":"<p>Askeri gemi takip\u00e7imiz ile d\u00fcnya \u00e7ap\u0131ndaki t\u00fcm sava\u015f gemilerini ger\u00e7ek zamanl\u0131 olarak 7\/24 takip edin! Haritadaki bir gemi simgesine t\u0131klayarak \u00e7e\u015fitli ek bilgiler al\u0131n. Global Warships Canl\u0131 Harita Taray\u0131c\u0131s\u0131 g\u00f6m\u00fcl\u00fc nesneleri desteklemez. Do\u011frudan www.vesselfinder.com adresini ziyaret edin Askeri gemi takibi, d\u00fcnya \u00e7ap\u0131ndaki donanmalar\u0131n stratejik operasyonlar\u0131nda kritik bir rol oynamaktad\u0131r. \u015eunlar\u0131 sa\u011flar:&nbsp;<a href=\"https:\/\/ship-tracker.org\/tr\/military-ship-tracker\/\" rel=\"bookmark\">Devam\u0131n\u0131 oku &quot;<span class=\"screen-reader-text\">Askeri Gemi Takibi<\/span><\/a><\/p>","protected":false},"author":1,"featured_media":3599,"parent":0,"menu_order":0,"comment_status":"closed","ping_status":"closed","template":"","meta":{"neve_meta_sidebar":"","neve_meta_container":"","neve_meta_enable_content_width":"off","neve_meta_content_width":100,"neve_meta_title_alignment":"","neve_meta_author_avatar":"","neve_post_elements_order":"","neve_meta_disable_header":"","neve_meta_disable_footer":"","neve_meta_disable_title":"","neve_meta_reading_time":"","footnotes":""},"class_list":["post-3597","page","type-page","status-publish","has-post-thumbnail","hentry"],"yoast_head":"<!-- This site is optimized with the Yoast SEO plugin v27.4 - https:\/\/yoast.com\/product\/yoast-seo-wordpress\/ -->\n<title>Military Ship Tracker - Ship-tracker.org<\/title>\n<meta name=\"description\" content=\"Military Ship Tracker \u2693 Current position of All warships \u2713 Live Ship Tracker \u2713 IMO, MMSI and Specifications \u2713 Live Map by country\" \/>\n<meta name=\"robots\" content=\"index, follow, max-snippet:-1, max-image-preview:large, max-video-preview:-1\" \/>\n<link rel=\"canonical\" href=\"https:\/\/ship-tracker.org\/tr\/military-ship-tracker\/\" \/>\n<meta property=\"og:locale\" content=\"tr_TR\" \/>\n<meta property=\"og:type\" content=\"article\" \/>\n<meta property=\"og:title\" content=\"Military Ship Tracker - Ship-tracker.org\" \/>\n<meta property=\"og:description\" content=\"Military Ship Tracker \u2693 Current position of All warships \u2713 Live Ship Tracker \u2713 IMO, MMSI and Specifications \u2713 Live Map by country\" \/>\n<meta property=\"og:url\" content=\"https:\/\/ship-tracker.org\/tr\/military-ship-tracker\/\" \/>\n<meta property=\"og:site_name\" content=\"Ship-tracker.org\" \/>\n<meta property=\"article:modified_time\" content=\"2024-11-10T21:20:54+00:00\" \/>\n<meta property=\"og:image\" content=\"https:\/\/ship-tracker.org\/wp-content\/uploads\/2023\/06\/ships-g5e179667c_640.jpg\" \/>\n\t<meta property=\"og:image:width\" content=\"640\" \/>\n\t<meta property=\"og:image:height\" content=\"420\" \/>\n\t<meta property=\"og:image:type\" content=\"image\/jpeg\" \/>\n<meta name=\"twitter:card\" content=\"summary_large_image\" \/>\n<meta name=\"twitter:label1\" content=\"Tahmini okuma s\u00fcresi\" \/>\n\t<meta name=\"twitter:data1\" content=\"2 dakika\" \/>\n<script type=\"application\/ld+json\" class=\"yoast-schema-graph\">{\"@context\":\"https:\\\/\\\/schema.org\",\"@graph\":[{\"@type\":\"WebPage\",\"@id\":\"https:\\\/\\\/ship-tracker.org\\\/military-ship-tracker\\\/\",\"url\":\"https:\\\/\\\/ship-tracker.org\\\/military-ship-tracker\\\/\",\"name\":\"Military Ship Tracker - Ship-tracker.org\",\"isPartOf\":{\"@id\":\"https:\\\/\\\/ship-tracker.org\\\/#website\"},\"primaryImageOfPage\":{\"@id\":\"https:\\\/\\\/ship-tracker.org\\\/military-ship-tracker\\\/#primaryimage\"},\"image\":{\"@id\":\"https:\\\/\\\/ship-tracker.org\\\/military-ship-tracker\\\/#primaryimage\"},\"thumbnailUrl\":\"https:\\\/\\\/ship-tracker.org\\\/wp-content\\\/uploads\\\/2023\\\/06\\\/ships-g5e179667c_640.jpg\",\"datePublished\":\"2023-06-14T13:13:28+00:00\",\"dateModified\":\"2024-11-10T21:20:54+00:00\",\"description\":\"Military Ship Tracker \u2693 Current position of All warships \u2713 Live Ship Tracker \u2713 IMO, MMSI and Specifications \u2713 Live Map by country\",\"breadcrumb\":{\"@id\":\"https:\\\/\\\/ship-tracker.org\\\/military-ship-tracker\\\/#breadcrumb\"},\"inLanguage\":\"tr\",\"potentialAction\":[{\"@type\":\"ReadAction\",\"target\":[\"https:\\\/\\\/ship-tracker.org\\\/military-ship-tracker\\\/\"]}]},{\"@type\":\"ImageObject\",\"inLanguage\":\"tr\",\"@id\":\"https:\\\/\\\/ship-tracker.org\\\/military-ship-tracker\\\/#primaryimage\",\"url\":\"https:\\\/\\\/ship-tracker.org\\\/wp-content\\\/uploads\\\/2023\\\/06\\\/ships-g5e179667c_640.jpg\",\"contentUrl\":\"https:\\\/\\\/ship-tracker.org\\\/wp-content\\\/uploads\\\/2023\\\/06\\\/ships-g5e179667c_640.jpg\",\"width\":640,\"height\":420,\"caption\":\"Military Ship Tracker\"},{\"@type\":\"BreadcrumbList\",\"@id\":\"https:\\\/\\\/ship-tracker.org\\\/military-ship-tracker\\\/#breadcrumb\",\"itemListElement\":[{\"@type\":\"ListItem\",\"position\":1,\"name\":\"Startseite\",\"item\":\"https:\\\/\\\/ship-tracker.org\\\/\"},{\"@type\":\"ListItem\",\"position\":2,\"name\":\"Military Ship Tracker\"}]},{\"@type\":\"WebSite\",\"@id\":\"https:\\\/\\\/ship-tracker.org\\\/#website\",\"url\":\"https:\\\/\\\/ship-tracker.org\\\/\",\"name\":\"Ship-tracker.org\",\"description\":\"\",\"potentialAction\":[{\"@type\":\"SearchAction\",\"target\":{\"@type\":\"EntryPoint\",\"urlTemplate\":\"https:\\\/\\\/ship-tracker.org\\\/?s={search_term_string}\"},\"query-input\":{\"@type\":\"PropertyValueSpecification\",\"valueRequired\":true,\"valueName\":\"search_term_string\"}}],\"inLanguage\":\"tr\"}]}<\/script>\n<!-- \/ Yoast SEO plugin. -->","yoast_head_json":{"title":"Askeri Gemi Takibi - Ship-tracker.org","description":"Askeri Gemi Takibi \u2693 T\u00fcm sava\u015f gemilerinin mevcut konumu \u2713 Canl\u0131 Gemi Takibi \u2713 IMO, MMSI ve Spesifikasyonlar \u2713 \u00dclkeye g\u00f6re Canl\u0131 Harita","robots":{"index":"index","follow":"follow","max-snippet":"max-snippet:-1","max-image-preview":"max-image-preview:large","max-video-preview":"max-video-preview:-1"},"canonical":"https:\/\/ship-tracker.org\/tr\/military-ship-tracker\/","og_locale":"tr_TR","og_type":"article","og_title":"Military Ship Tracker - Ship-tracker.org","og_description":"Military Ship Tracker \u2693 Current position of All warships \u2713 Live Ship Tracker \u2713 IMO, MMSI and Specifications \u2713 Live Map by country","og_url":"https:\/\/ship-tracker.org\/tr\/military-ship-tracker\/","og_site_name":"Ship-tracker.org","article_modified_time":"2024-11-10T21:20:54+00:00","og_image":[{"width":640,"height":420,"url":"https:\/\/ship-tracker.org\/wp-content\/uploads\/2023\/06\/ships-g5e179667c_640.jpg","type":"image\/jpeg"}],"twitter_card":"summary_large_image","twitter_misc":{"Tahmini okuma s\u00fcresi":"2 dakika"},"schema":{"@context":"https:\/\/schema.org","@graph":[{"@type":"WebPage","@id":"https:\/\/ship-tracker.org\/military-ship-tracker\/","url":"https:\/\/ship-tracker.org\/military-ship-tracker\/","name":"Askeri Gemi Takibi - Ship-tracker.org","isPartOf":{"@id":"https:\/\/ship-tracker.org\/#website"},"primaryImageOfPage":{"@id":"https:\/\/ship-tracker.org\/military-ship-tracker\/#primaryimage"},"image":{"@id":"https:\/\/ship-tracker.org\/military-ship-tracker\/#primaryimage"},"thumbnailUrl":"https:\/\/ship-tracker.org\/wp-content\/uploads\/2023\/06\/ships-g5e179667c_640.jpg","datePublished":"2023-06-14T13:13:28+00:00","dateModified":"2024-11-10T21:20:54+00:00","description":"Askeri Gemi Takibi \u2693 T\u00fcm sava\u015f gemilerinin mevcut konumu \u2713 Canl\u0131 Gemi Takibi \u2713 IMO, MMSI ve Spesifikasyonlar \u2713 \u00dclkeye g\u00f6re Canl\u0131 Harita","breadcrumb":{"@id":"https:\/\/ship-tracker.org\/military-ship-tracker\/#breadcrumb"},"inLanguage":"tr","potentialAction":[{"@type":"ReadAction","target":["https:\/\/ship-tracker.org\/military-ship-tracker\/"]}]},{"@type":"ImageObject","inLanguage":"tr","@id":"https:\/\/ship-tracker.org\/military-ship-tracker\/#primaryimage","url":"https:\/\/ship-tracker.org\/wp-content\/uploads\/2023\/06\/ships-g5e179667c_640.jpg","contentUrl":"https:\/\/ship-tracker.org\/wp-content\/uploads\/2023\/06\/ships-g5e179667c_640.jpg","width":640,"height":420,"caption":"Military Ship Tracker"},{"@type":"BreadcrumbList","@id":"https:\/\/ship-tracker.org\/military-ship-tracker\/#breadcrumb","itemListElement":[{"@type":"ListItem","position":1,"name":"Startseite","item":"https:\/\/ship-tracker.org\/"},{"@type":"ListItem","position":2,"name":"Military Ship Tracker"}]},{"@type":"WebSite","@id":"https:\/\/ship-tracker.org\/#website","url":"https:\/\/ship-tracker.org\/","name":"Ship-tracker.org","description":"","potentialAction":[{"@type":"SearchAction","target":{"@type":"EntryPoint","urlTemplate":"https:\/\/ship-tracker.org\/?s={search_term_string}"},"query-input":{"@type":"PropertyValueSpecification","valueRequired":true,"valueName":"search_term_string"}}],"inLanguage":"tr"}]}},"_links":{"self":[{"href":"https:\/\/ship-tracker.org\/tr\/wp-json\/wp\/v2\/pages\/3597","targetHints":{"allow":["GET"]}}],"collection":[{"href":"https:\/\/ship-tracker.org\/tr\/wp-json\/wp\/v2\/pages"}],"about":[{"href":"https:\/\/ship-tracker.org\/tr\/wp-json\/wp\/v2\/types\/page"}],"author":[{"embeddable":true,"href":"https:\/\/ship-tracker.org\/tr\/wp-json\/wp\/v2\/users\/1"}],"replies":[{"embeddable":true,"href":"https:\/\/ship-tracker.org\/tr\/wp-json\/wp\/v2\/comments?post=3597"}],"version-history":[{"count":6,"href":"https:\/\/ship-tracker.org\/tr\/wp-json\/wp\/v2\/pages\/3597\/revisions"}],"predecessor-version":[{"id":5369,"href":"https:\/\/ship-tracker.org\/tr\/wp-json\/wp\/v2\/pages\/3597\/revisions\/5369"}],"wp:featuredmedia":[{"embeddable":true,"href":"https:\/\/ship-tracker.org\/tr\/wp-json\/wp\/v2\/media\/3599"}],"wp:attachment":[{"href":"https:\/\/ship-tracker.org\/tr\/wp-json\/wp\/v2\/media?parent=3597"}],"curies":[{"name":"wp","href":"https:\/\/api.w.org\/{rel}","templated":true}]}}