{"id":3554,"date":"2022-11-03T12:21:15","date_gmt":"2022-11-03T11:21:15","guid":{"rendered":"https:\/\/ship-tracker.org\/?page_id=3554"},"modified":"2022-11-03T12:25:25","modified_gmt":"2022-11-03T11:25:25","slug":"arvia","status":"publish","type":"page","link":"https:\/\/ship-tracker.org\/tr\/arvia\/","title":{"rendered":"Arvia"},"content":{"rendered":"<h2><span style=\"color: #000000;\">Ge\u00e7erli konum ve <\/span><span style=\"color: #000000;\">Arvia&#039;n\u0131n konumu<\/span><\/h2>\n<p>Arvia&#039;n\u0131n \u015fu anki konumu nerede?<\/p>\n<p><script type=\"text\/javascript\">\n  var width=\"100%\";var height=\"400\";\n  var mmsi=232040520;\n<\/script><script type=\"text\/javascript\" src=\"https:\/\/www.vesselfinder.com\/aismap.js\"><\/script><\/p>\n<p>Arvia&#039;n\u0131n ge\u00e7erli konumunu g\u00f6r\u00fcnt\u00fcleyin. Arvia&#039;n\u0131n konumu, VesselFinder ve MarineTraffic haritalar\u0131 ile do\u011fru bir \u015fekilde belirlenebilir. B\u00f6ylece, en sevdi\u011finiz geminin \u015fu anda nerede oldu\u011fu konusunda her zaman iyi bilgilendirilirsiniz.<\/p>\n<h2 class=\"title\"><span style=\"color: #000000;\">Arvia \u0130ncelemesi ve Spesifikasyonlar\u0131<\/span><\/h2>\n<table style=\"height: 294px;\" width=\"400\">\n<tbody>\n<tr>\n<td style=\"width: 192px;\"><span style=\"color: #000000;\"><strong>Bayrak devleti<\/strong><\/span><\/td>\n<td style=\"width: 192px;\"><span style=\"color: #000000;\">Birle\u015fik Krall\u0131k<\/span><\/td>\n<\/tr>\n<tr>\n<td style=\"width: 192px;\"><span style=\"color: #000000;\"><strong>Kurulu\u015f y\u0131l\u0131<\/strong><\/span><\/td>\n<td style=\"width: 192px;\"><span style=\"color: #000000;\">2022<\/span><\/td>\n<\/tr>\n<tr>\n<td style=\"width: 192px;\"><span style=\"color: #000000;\"><strong>in\u015faat\u00e7\u0131<\/strong><\/span><\/td>\n<td style=\"width: 192px;\"><span style=\"color: #000000;\">Meyer Werft\u00a0<\/span><\/td>\n<\/tr>\n<tr>\n<td style=\"width: 192px;\"><span style=\"color: #000000;\"><strong>uzunluk<\/strong><\/span><\/td>\n<td style=\"width: 192px;\"><span style=\"color: #000000;\"><span class=\"specificationUnit\">345 m<\/span><\/span><\/td>\n<\/tr>\n<tr>\n<td style=\"width: 192px;\"><span style=\"color: #000000;\"><strong>kiri\u015f<\/strong><\/span><\/td>\n<td style=\"width: 192px;\"><span style=\"color: #000000;\"><span class=\"specificationUnit\">42 metre<\/span><\/span><\/td>\n<\/tr>\n<tr>\n<td style=\"width: 192px;\"><span style=\"color: #000000;\"><strong>Br\u00fct Tonaj<\/strong><\/span><\/td>\n<td style=\"width: 192px;\"><span style=\"color: #000000;\"><span class=\"specificationUnit\">184700 gt<\/span><\/span><\/td>\n<\/tr>\n<tr>\n<td style=\"width: 192px;\"><span style=\"color: #000000;\"><strong>Yolcular<\/strong><\/span><\/td>\n<td style=\"width: 192px;\"><span style=\"color: #000000;\">5200<\/span><\/td>\n<\/tr>\n<tr>\n<td style=\"width: 192px;\"><span style=\"color: #000000;\"><strong>m\u00fcrettebat<\/strong><\/span><\/td>\n<td style=\"width: 192px;\"><span style=\"color: #000000;\">1762<\/span><\/td>\n<\/tr>\n<tr>\n<td style=\"width: 192px;\"><span style=\"color: #000000;\"><strong>g\u00fcverte<\/strong>\u00a0<\/span><\/td>\n<td style=\"width: 192px;\"><span style=\"color: #000000;\">18<\/span><\/td>\n<\/tr>\n<tr>\n<td style=\"width: 192px;\"><span style=\"color: #000000;\"><strong>h\u0131z<\/strong><\/span><\/td>\n<td style=\"width: 192px;\"><span style=\"color: #000000;\"><span class=\"specificationUnit\">17 kn<\/span><\/span><\/td>\n<\/tr>\n<tr>\n<td style=\"width: 192px;\"><span style=\"color: #000000;\"><strong><b>Sahip<\/b><\/strong><\/span><\/td>\n<td style=\"width: 192px;\"><span style=\"color: #000000;\"><a href=\"https:\/\/ship-tracker.org\/tr\/po-cruises\/\">P&amp;O Turlar\u0131<\/a><\/span><\/td>\n<\/tr>\n<\/tbody>\n<\/table>\n<p>&nbsp;<\/p>\n<figure id=\"attachment_3555\" aria-describedby=\"caption-attachment-3555\" style=\"width: 600px\" class=\"wp-caption aligncenter\"><img loading=\"lazy\" decoding=\"async\" class=\"size-full wp-image-3555\" src=\"https:\/\/ship-tracker.org\/wp-content\/uploads\/2022\/11\/mw_arvia_dh9_2122-scaled-e1667474280372.jpg\" alt=\"Arvia\" width=\"600\" height=\"368\" srcset=\"https:\/\/ship-tracker.org\/wp-content\/uploads\/2022\/11\/mw_arvia_dh9_2122-scaled-e1667474280372.jpg 600w, https:\/\/ship-tracker.org\/wp-content\/uploads\/2022\/11\/mw_arvia_dh9_2122-scaled-e1667474280372-300x184.jpg 300w, https:\/\/ship-tracker.org\/wp-content\/uploads\/2022\/11\/mw_arvia_dh9_2122-scaled-e1667474280372-18x12.jpg 18w\" sizes=\"auto, (max-width: 600px) 100vw, 600px\" \/><figcaption id=\"caption-attachment-3555\" class=\"wp-caption-text\">\u00a9 Meyer Werft<\/figcaption><\/figure>\n<h3 class=\"title\">P&amp;O Cruises filosu<\/h3>\n<ul>\n<li><a href=\"https:\/\/ship-tracker.org\/tr\/britannia\/\">Britannia<\/a><\/li>\n<li><a href=\"https:\/\/ship-tracker.org\/tr\/azura\/\">Azura<\/a><\/li>\n<li><a href=\"https:\/\/ship-tracker.org\/tr\/ventura\/\">Ventura<\/a><\/li>\n<li><a href=\"https:\/\/ship-tracker.org\/tr\/arcadia\/\">Arcadia<\/a><\/li>\n<li><a href=\"https:\/\/ship-tracker.org\/tr\/oceana\/\">Oceana<\/a><\/li>\n<li><a href=\"https:\/\/ship-tracker.org\/tr\/aurora\/\">Aurora<\/a><\/li>\n<li><a href=\"https:\/\/ship-tracker.org\/tr\/pacific-explorer\/\">Pacific Explorer<\/a><\/li>\n<li><a href=\"https:\/\/ship-tracker.org\/tr\/pacific-aria\/\">Pacific Aria<\/a><\/li>\n<li><a href=\"https:\/\/ship-tracker.org\/tr\/pacific-dawn\/\">Pacific Dawn<\/a><\/li>\n<\/ul>","protected":false},"excerpt":{"rendered":"<p>Arvia&#039;n\u0131n mevcut konumu ve pozisyonu Arvia&#039;n\u0131n \u015fu anki konumu nerede? Arvia&#039;n\u0131n mevcut konumunu g\u00f6r\u00fcnt\u00fcleyin. Arvia&#039;n\u0131n konumu VesselFinder ve MarineTraffic haritalar\u0131 ile do\u011fru bir \u015fekilde belirlenebilir. B\u00f6ylece en sevdi\u011finiz geminin \u015fu anda nerede oldu\u011funu her zaman iyi bir \u015fekilde bilirsiniz. Arvia \u0130ncelemesi ve \u00d6zellikleri Bayrak devleti Birle\u015fik Krall\u0131k \u0130n\u015fa y\u0131l\u0131\u2026&nbsp;<a href=\"https:\/\/ship-tracker.org\/tr\/arvia\/\" rel=\"bookmark\">Devam\u0131n\u0131 oku &quot;<span class=\"screen-reader-text\">Arvia<\/span><\/a><\/p>","protected":false},"author":1,"featured_media":3555,"parent":0,"menu_order":0,"comment_status":"closed","ping_status":"closed","template":"","meta":{"neve_meta_sidebar":"","neve_meta_container":"","neve_meta_enable_content_width":"","neve_meta_content_width":0,"neve_meta_title_alignment":"","neve_meta_author_avatar":"","neve_post_elements_order":"","neve_meta_disable_header":"","neve_meta_disable_footer":"","neve_meta_disable_title":"","neve_meta_reading_time":"","footnotes":""},"class_list":["post-3554","page","type-page","status-publish","has-post-thumbnail","hentry"],"yoast_head":"<!-- This site is optimized with the Yoast SEO plugin v26.9 - https:\/\/yoast.com\/product\/yoast-seo-wordpress\/ -->\n<title>Arvia\u2503Current location and position of P&amp;O Cruises<\/title>\n<meta name=\"description\" content=\"Arvia \u2693 Current location and position of Arvia \u2713 Cruise Ship Tracker \u2713 Live Ship Tracker \u2713 P&amp;O Cruises \u2713 Webcam\" \/>\n<meta name=\"robots\" content=\"index, follow, max-snippet:-1, max-image-preview:large, max-video-preview:-1\" \/>\n<link rel=\"canonical\" href=\"https:\/\/ship-tracker.org\/tr\/arvia\/\" \/>\n<meta property=\"og:locale\" content=\"tr_TR\" \/>\n<meta property=\"og:type\" content=\"article\" \/>\n<meta property=\"og:title\" content=\"Arvia\u2503Current location and position of P&amp;O Cruises\" \/>\n<meta property=\"og:description\" content=\"Arvia \u2693 Current location and position of Arvia \u2713 Cruise Ship Tracker \u2713 Live Ship Tracker \u2713 P&amp;O Cruises \u2713 Webcam\" \/>\n<meta property=\"og:url\" content=\"https:\/\/ship-tracker.org\/tr\/arvia\/\" \/>\n<meta property=\"og:site_name\" content=\"Ship-tracker.org\" \/>\n<meta property=\"article:modified_time\" content=\"2022-11-03T11:25:25+00:00\" \/>\n<meta property=\"og:image\" content=\"https:\/\/ship-tracker.org\/wp-content\/uploads\/2022\/11\/mw_arvia_dh9_2122-scaled-e1667474280372.jpg\" \/>\n\t<meta property=\"og:image:width\" content=\"600\" \/>\n\t<meta property=\"og:image:height\" content=\"368\" \/>\n\t<meta property=\"og:image:type\" content=\"image\/jpeg\" \/>\n<meta name=\"twitter:card\" content=\"summary_large_image\" \/>\n<meta name=\"twitter:label1\" content=\"Tahmini okuma s\u00fcresi\" \/>\n\t<meta name=\"twitter:data1\" content=\"1 dakika\" \/>\n<script type=\"application\/ld+json\" class=\"yoast-schema-graph\">{\"@context\":\"https:\/\/schema.org\",\"@graph\":[{\"@type\":\"WebPage\",\"@id\":\"https:\/\/ship-tracker.org\/arvia\/\",\"url\":\"https:\/\/ship-tracker.org\/arvia\/\",\"name\":\"Arvia\u2503Current location and position of P&O Cruises\",\"isPartOf\":{\"@id\":\"https:\/\/ship-tracker.org\/#website\"},\"primaryImageOfPage\":{\"@id\":\"https:\/\/ship-tracker.org\/arvia\/#primaryimage\"},\"image\":{\"@id\":\"https:\/\/ship-tracker.org\/arvia\/#primaryimage\"},\"thumbnailUrl\":\"https:\/\/ship-tracker.org\/wp-content\/uploads\/2022\/11\/mw_arvia_dh9_2122-scaled-e1667474280372.jpg\",\"datePublished\":\"2022-11-03T11:21:15+00:00\",\"dateModified\":\"2022-11-03T11:25:25+00:00\",\"description\":\"Arvia \u2693 Current location and position of Arvia \u2713 Cruise Ship Tracker \u2713 Live Ship Tracker \u2713 P&O Cruises \u2713 Webcam\",\"breadcrumb\":{\"@id\":\"https:\/\/ship-tracker.org\/arvia\/#breadcrumb\"},\"inLanguage\":\"tr\",\"potentialAction\":[{\"@type\":\"ReadAction\",\"target\":[\"https:\/\/ship-tracker.org\/arvia\/\"]}]},{\"@type\":\"ImageObject\",\"inLanguage\":\"tr\",\"@id\":\"https:\/\/ship-tracker.org\/arvia\/#primaryimage\",\"url\":\"https:\/\/ship-tracker.org\/wp-content\/uploads\/2022\/11\/mw_arvia_dh9_2122-scaled-e1667474280372.jpg\",\"contentUrl\":\"https:\/\/ship-tracker.org\/wp-content\/uploads\/2022\/11\/mw_arvia_dh9_2122-scaled-e1667474280372.jpg\",\"width\":600,\"height\":368,\"caption\":\"\u00a9 Meyer Werft\"},{\"@type\":\"BreadcrumbList\",\"@id\":\"https:\/\/ship-tracker.org\/arvia\/#breadcrumb\",\"itemListElement\":[{\"@type\":\"ListItem\",\"position\":1,\"name\":\"Startseite\",\"item\":\"https:\/\/ship-tracker.org\/\"},{\"@type\":\"ListItem\",\"position\":2,\"name\":\"Arvia\"}]},{\"@type\":\"WebSite\",\"@id\":\"https:\/\/ship-tracker.org\/#website\",\"url\":\"https:\/\/ship-tracker.org\/\",\"name\":\"Ship-tracker.org\",\"description\":\"\",\"potentialAction\":[{\"@type\":\"SearchAction\",\"target\":{\"@type\":\"EntryPoint\",\"urlTemplate\":\"https:\/\/ship-tracker.org\/?s={search_term_string}\"},\"query-input\":{\"@type\":\"PropertyValueSpecification\",\"valueRequired\":true,\"valueName\":\"search_term_string\"}}],\"inLanguage\":\"tr\"}]}<\/script>\n<!-- \/ Yoast SEO plugin. -->","yoast_head_json":{"title":"Arvia\u2503P&amp;O Cruises&#039;\u0131n \u015fu anki konumu ve konumu","description":"Arvia \u2693 Arvia&#039;n\u0131n \u015fu anki konumu ve konumu \u2713 Yolcu Gemisi Takibi \u2713 Canl\u0131 Gemi Takibi \u2713 P&amp;O Yolculuklar\u0131 \u2713 Web Kameras\u0131","robots":{"index":"index","follow":"follow","max-snippet":"max-snippet:-1","max-image-preview":"max-image-preview:large","max-video-preview":"max-video-preview:-1"},"canonical":"https:\/\/ship-tracker.org\/tr\/arvia\/","og_locale":"tr_TR","og_type":"article","og_title":"Arvia\u2503Current location and position of P&O Cruises","og_description":"Arvia \u2693 Current location and position of Arvia \u2713 Cruise Ship Tracker \u2713 Live Ship Tracker \u2713 P&O Cruises \u2713 Webcam","og_url":"https:\/\/ship-tracker.org\/tr\/arvia\/","og_site_name":"Ship-tracker.org","article_modified_time":"2022-11-03T11:25:25+00:00","og_image":[{"width":600,"height":368,"url":"https:\/\/ship-tracker.org\/wp-content\/uploads\/2022\/11\/mw_arvia_dh9_2122-scaled-e1667474280372.jpg","type":"image\/jpeg"}],"twitter_card":"summary_large_image","twitter_misc":{"Tahmini okuma s\u00fcresi":"1 dakika"},"schema":{"@context":"https:\/\/schema.org","@graph":[{"@type":"WebPage","@id":"https:\/\/ship-tracker.org\/arvia\/","url":"https:\/\/ship-tracker.org\/arvia\/","name":"Arvia\u2503P&amp;O Cruises&#039;\u0131n \u015fu anki konumu ve konumu","isPartOf":{"@id":"https:\/\/ship-tracker.org\/#website"},"primaryImageOfPage":{"@id":"https:\/\/ship-tracker.org\/arvia\/#primaryimage"},"image":{"@id":"https:\/\/ship-tracker.org\/arvia\/#primaryimage"},"thumbnailUrl":"https:\/\/ship-tracker.org\/wp-content\/uploads\/2022\/11\/mw_arvia_dh9_2122-scaled-e1667474280372.jpg","datePublished":"2022-11-03T11:21:15+00:00","dateModified":"2022-11-03T11:25:25+00:00","description":"Arvia \u2693 Arvia&#039;n\u0131n \u015fu anki konumu ve konumu \u2713 Yolcu Gemisi Takibi \u2713 Canl\u0131 Gemi Takibi \u2713 P&amp;O Yolculuklar\u0131 \u2713 Web Kameras\u0131","breadcrumb":{"@id":"https:\/\/ship-tracker.org\/arvia\/#breadcrumb"},"inLanguage":"tr","potentialAction":[{"@type":"ReadAction","target":["https:\/\/ship-tracker.org\/arvia\/"]}]},{"@type":"ImageObject","inLanguage":"tr","@id":"https:\/\/ship-tracker.org\/arvia\/#primaryimage","url":"https:\/\/ship-tracker.org\/wp-content\/uploads\/2022\/11\/mw_arvia_dh9_2122-scaled-e1667474280372.jpg","contentUrl":"https:\/\/ship-tracker.org\/wp-content\/uploads\/2022\/11\/mw_arvia_dh9_2122-scaled-e1667474280372.jpg","width":600,"height":368,"caption":"\u00a9 Meyer Werft"},{"@type":"BreadcrumbList","@id":"https:\/\/ship-tracker.org\/arvia\/#breadcrumb","itemListElement":[{"@type":"ListItem","position":1,"name":"Startseite","item":"https:\/\/ship-tracker.org\/"},{"@type":"ListItem","position":2,"name":"Arvia"}]},{"@type":"WebSite","@id":"https:\/\/ship-tracker.org\/#website","url":"https:\/\/ship-tracker.org\/","name":"Ship-tracker.org","description":"","potentialAction":[{"@type":"SearchAction","target":{"@type":"EntryPoint","urlTemplate":"https:\/\/ship-tracker.org\/?s={search_term_string}"},"query-input":{"@type":"PropertyValueSpecification","valueRequired":true,"valueName":"search_term_string"}}],"inLanguage":"tr"}]}},"_links":{"self":[{"href":"https:\/\/ship-tracker.org\/tr\/wp-json\/wp\/v2\/pages\/3554","targetHints":{"allow":["GET"]}}],"collection":[{"href":"https:\/\/ship-tracker.org\/tr\/wp-json\/wp\/v2\/pages"}],"about":[{"href":"https:\/\/ship-tracker.org\/tr\/wp-json\/wp\/v2\/types\/page"}],"author":[{"embeddable":true,"href":"https:\/\/ship-tracker.org\/tr\/wp-json\/wp\/v2\/users\/1"}],"replies":[{"embeddable":true,"href":"https:\/\/ship-tracker.org\/tr\/wp-json\/wp\/v2\/comments?post=3554"}],"version-history":[{"count":1,"href":"https:\/\/ship-tracker.org\/tr\/wp-json\/wp\/v2\/pages\/3554\/revisions"}],"predecessor-version":[{"id":3556,"href":"https:\/\/ship-tracker.org\/tr\/wp-json\/wp\/v2\/pages\/3554\/revisions\/3556"}],"wp:featuredmedia":[{"embeddable":true,"href":"https:\/\/ship-tracker.org\/tr\/wp-json\/wp\/v2\/media\/3555"}],"wp:attachment":[{"href":"https:\/\/ship-tracker.org\/tr\/wp-json\/wp\/v2\/media?parent=3554"}],"curies":[{"name":"wp","href":"https:\/\/api.w.org\/{rel}","templated":true}]}}