{"id":3510,"date":"2022-11-01T12:53:27","date_gmt":"2022-11-01T11:53:27","guid":{"rendered":"https:\/\/ship-tracker.org\/?page_id=3510"},"modified":"2022-11-01T12:53:27","modified_gmt":"2022-11-01T11:53:27","slug":"carnival-jubilee","status":"publish","type":"page","link":"https:\/\/ship-tracker.org\/tr\/carnival-jubilee\/","title":{"rendered":"karnaval y\u0131ld\u00f6n\u00fcm\u00fc"},"content":{"rendered":"<h2><span style=\"color: #000000;\">Ge\u00e7erli konum ve <\/span><span style=\"color: #000000;\">Karnaval J\u00fcbilesinin konumu<\/span><\/h2>\n<p>Carnival Jubilee&#039;nin \u015fu anki konumu \u015fu anda nerede?<\/p>\n<div class=\"su-gmap su-u-responsive-media-yes\"><iframe loading=\"lazy\" width=\"600\" height=\"400\" src=\"\/\/maps.google.com\/maps?q=mayer%20werft%20Papenburg&amp;output=embed\" title=\"\"><\/iframe><\/div>\n<p>Carnival Jubilee ge\u00e7erli konumunu g\u00f6r\u00fcnt\u00fcleyin. Carnival Jubilee&#039;nin konumu VesselFinder ve MarineTraffic haritalar\u0131 ile do\u011fru bir \u015fekilde belirlenebilir. B\u00f6ylece, en sevdi\u011finiz geminin \u015fu anda nerede oldu\u011fu konusunda her zaman iyi bilgilendirilirsiniz.<\/p>\n<h2 class=\"pageTitle shipItemTitle\"><span style=\"color: #000000;\">Karnaval J\u00fcbile \u0130ncelemesi ve Spesifikasyonlar\u0131<\/span><\/h2>\n<table style=\"height: 294px;\" width=\"400\">\n<tbody>\n<tr>\n<td style=\"width: 192px;\"><strong><span style=\"color: #000000;\">S\u0131n\u0131f<\/span><\/strong><\/td>\n<td style=\"width: 192px;\">M\u00fckemmellik-Helios<\/td>\n<\/tr>\n<tr>\n<td style=\"width: 192px;\"><span style=\"color: #000000;\"><strong>Kurulu\u015f y\u0131l\u0131<\/strong><\/span><\/td>\n<td style=\"width: 192px;\">2023<\/td>\n<\/tr>\n<tr>\n<td style=\"width: 192px;\"><span style=\"color: #000000;\"><strong>in\u015faat\u00e7\u0131<\/strong><\/span><\/td>\n<td style=\"width: 192px;\">Meyer Werft<\/td>\n<\/tr>\n<tr>\n<td style=\"width: 192px;\"><span style=\"color: #000000;\"><strong>uzunluk<\/strong><\/span><\/td>\n<td style=\"width: 192px;\">344 m<\/td>\n<\/tr>\n<tr>\n<td style=\"width: 192px;\"><span style=\"color: #000000;\"><strong>kiri\u015f<\/strong><\/span><\/td>\n<td style=\"width: 192px;\">42 metre<\/td>\n<\/tr>\n<tr>\n<td style=\"width: 192px;\"><span style=\"color: #000000;\"><strong>Br\u00fct Tonaj<\/strong><\/span><\/td>\n<td style=\"width: 192px;\"><span style=\"color: #000000;\">183900<span class=\"specificationUnit\">\u00a0GT<\/span><\/span><\/td>\n<\/tr>\n<tr>\n<td style=\"width: 192px;\"><span style=\"color: #000000;\"><strong>Yolcular<\/strong><\/span><\/td>\n<td style=\"width: 192px;\">5374<\/td>\n<\/tr>\n<tr>\n<td style=\"width: 192px;\"><span style=\"color: #000000;\"><strong>m\u00fcrettebat<\/strong><\/span><\/td>\n<td style=\"width: 192px;\">1735<\/td>\n<\/tr>\n<tr>\n<td style=\"width: 192px;\"><span style=\"color: #000000;\"><strong>g\u00fcverte<\/strong>\u00a0<\/span><\/td>\n<td style=\"width: 192px;\"><span style=\"color: #000000;\">18<\/span><\/td>\n<\/tr>\n<tr>\n<td style=\"width: 192px;\"><span style=\"color: #000000;\"><strong>h\u0131z<\/strong><\/span><\/td>\n<td style=\"width: 192px;\"><span style=\"color: #000000;\">23<span class=\"specificationUnit\">\u00a0kn<\/span><\/span><\/td>\n<\/tr>\n<tr>\n<td style=\"width: 192px;\"><span style=\"color: #000000;\"><strong>kabinler<\/strong><\/span><\/td>\n<td style=\"width: 192px;\"><span style=\"color: #000000;\">2641<\/span><\/td>\n<\/tr>\n<tr>\n<td style=\"width: 192px;\"><span style=\"color: #000000;\"><strong><b>Sahip<\/b><\/strong><\/span><\/td>\n<td style=\"width: 192px;\"><a href=\"http:\/\/www.carnivalcorp.com\/\" target=\"_blank\" rel=\"noopener noreferrer\">Carnival Corporation ve PLC<\/a><\/td>\n<\/tr>\n<\/tbody>\n<\/table>\n<figure id=\"attachment_3506\" aria-describedby=\"caption-attachment-3506\" style=\"width: 900px\" class=\"wp-caption aligncenter\"><img loading=\"lazy\" decoding=\"async\" class=\"wp-image-3506 size-full\" src=\"https:\/\/ship-tracker.org\/wp-content\/uploads\/2022\/11\/Magic-Hull-Livery-May-5-carnival-002-e1623781826117.jpg\" alt=\"karnaval y\u0131ld\u00f6n\u00fcm\u00fc\" width=\"900\" height=\"600\" srcset=\"https:\/\/ship-tracker.org\/wp-content\/uploads\/2022\/11\/Magic-Hull-Livery-May-5-carnival-002-e1623781826117.jpg 900w, https:\/\/ship-tracker.org\/wp-content\/uploads\/2022\/11\/Magic-Hull-Livery-May-5-carnival-002-e1623781826117-300x200.jpg 300w, https:\/\/ship-tracker.org\/wp-content\/uploads\/2022\/11\/Magic-Hull-Livery-May-5-carnival-002-e1623781826117-768x512.jpg 768w, https:\/\/ship-tracker.org\/wp-content\/uploads\/2022\/11\/Magic-Hull-Livery-May-5-carnival-002-e1623781826117-18x12.jpg 18w\" sizes=\"auto, (max-width: 900px) 100vw, 900px\" \/><figcaption id=\"caption-attachment-3506\" class=\"wp-caption-text\">\u00a9 Carnival Cruise Line<\/figcaption><\/figure>\n<h3 class=\"title\">Carnival Cruise Line filosu<\/h3>\n<ul>\n<li><a href=\"https:\/\/ship-tracker.org\/tr\/carnival-mardi-gras\/\">Carnival Mardi Gras<\/a><\/li>\n<li><a href=\"https:\/\/ship-tracker.org\/tr\/carnival-panorama\/\">Carnival Panorama<\/a><\/li>\n<li><a href=\"https:\/\/ship-tracker.org\/tr\/carnival-horizon\/\">Carnival Horizon<\/a><\/li>\n<li><a href=\"https:\/\/ship-tracker.org\/tr\/carnival-vista\/\">Carnival Vista<\/a><\/li>\n<li><a href=\"https:\/\/ship-tracker.org\/tr\/carnival-breeze\/\">Carnival Breeze<\/a><\/li>\n<li><a href=\"https:\/\/ship-tracker.org\/tr\/carnival-magic\/\">Carnival Magic<\/a><\/li>\n<li><a href=\"https:\/\/ship-tracker.org\/tr\/carnival-dream\/\">Carnival Dream<\/a><\/li>\n<li><a href=\"https:\/\/ship-tracker.org\/tr\/carnival-splendor\/\">Carnival Splendor<\/a><\/li>\n<li><a href=\"https:\/\/ship-tracker.org\/tr\/carnival-freedom\/\">Carnival Freedom<\/a><\/li>\n<li><a href=\"https:\/\/ship-tracker.org\/tr\/carnival-liberty\/\">Carnival Liberty<\/a><\/li>\n<li><a href=\"https:\/\/ship-tracker.org\/tr\/carnival-valor\/\">Carnival Valor<\/a><\/li>\n<li><a href=\"https:\/\/ship-tracker.org\/tr\/carnival-miracle\/\">Carnival Miracle<\/a><\/li>\n<li><a href=\"https:\/\/ship-tracker.org\/tr\/carnival-glory\/\">Carnival Glory<\/a><\/li>\n<li><a href=\"https:\/\/ship-tracker.org\/tr\/carnival-legend\/\">Carnival Legend<\/a><\/li>\n<li><a href=\"https:\/\/ship-tracker.org\/tr\/carnival-conquest\/\">Carnival Conquest<\/a><\/li>\n<li><a href=\"https:\/\/ship-tracker.org\/tr\/carnival-spirit\/\">Carnival Spirit<\/a><\/li>\n<li><a href=\"https:\/\/ship-tracker.org\/tr\/carnival-pride\/\">Carnival Pride<\/a><\/li>\n<li><a href=\"https:\/\/ship-tracker.org\/tr\/carnival-radiance\/\">Carnival Radiance<\/a><\/li>\n<li><a href=\"https:\/\/ship-tracker.org\/tr\/carnival-elation\/\">Carnival Elation<\/a><\/li>\n<li><a href=\"https:\/\/ship-tracker.org\/tr\/carnival-paradise\/\">Carnival Paradise<\/a><\/li>\n<li><a href=\"https:\/\/ship-tracker.org\/tr\/carnival-inspiration\/\">Carnival Inspiration<\/a><\/li>\n<li><a href=\"https:\/\/ship-tracker.org\/tr\/carnival-sunshine\/\">Carnival Sunshine<\/a><\/li>\n<li><a href=\"https:\/\/ship-tracker.org\/tr\/carnival-imagination\/\">Carnival Imagination<\/a><\/li>\n<li><a href=\"https:\/\/ship-tracker.org\/tr\/carnival-fascination\/\">Carnival Fascination<\/a><\/li>\n<li><a href=\"https:\/\/ship-tracker.org\/tr\/carnival-sensation\/\">Carnival Sensation<\/a><\/li>\n<li><a href=\"https:\/\/ship-tracker.org\/tr\/carnival-ecstasy\/\">Carnival Ecstasy<\/a><\/li>\n<li><a href=\"https:\/\/ship-tracker.org\/tr\/carnival-fantasy\/\">Carnival Fantasy<\/a><\/li>\n<\/ul>\n<h4><span style=\"color: #000000;\">Karnaval J\u00fcbile Videosu<\/span><\/h4>\n<div class=\"su-youtube su-u-responsive-media-yes\"><iframe loading=\"lazy\" width=\"600\" height=\"400\" src=\"https:\/\/www.youtube.com\/embed\/0KZ7zinAkHw?\" frameborder=\"0\" allowfullscreen allow=\"autoplay; encrypted-media; picture-in-picture\" title=\"\"><\/iframe><\/div>","protected":false},"excerpt":{"rendered":"<p>Carnival Jubilee&#039;nin mevcut konumu ve pozisyonu Carnival Jubilee&#039;nin \u015fu anki konumu nerede? Carnival Jubilee&#039;nin mevcut konumunu g\u00f6r\u00fcnt\u00fcleyin. Carnival Jubilee&#039;nin konumu VesselFinder ve MarineTraffic haritalar\u0131 ile do\u011fru bir \u015fekilde belirlenebilir. B\u00f6ylece en sevdi\u011finiz geminin \u015fu anda nerede oldu\u011funu her zaman iyi bir \u015fekilde bilirsiniz. Carnival Jubilee \u0130ncelemesi ve \u00d6zellikleri S\u0131n\u0131f\u2026&nbsp;<a href=\"https:\/\/ship-tracker.org\/tr\/carnival-jubilee\/\" rel=\"bookmark\">Devam\u0131n\u0131 oku &quot;<span class=\"screen-reader-text\">karnaval y\u0131ld\u00f6n\u00fcm\u00fc<\/span><\/a><\/p>","protected":false},"author":1,"featured_media":0,"parent":0,"menu_order":0,"comment_status":"closed","ping_status":"closed","template":"","meta":{"neve_meta_sidebar":"","neve_meta_container":"","neve_meta_enable_content_width":"","neve_meta_content_width":0,"neve_meta_title_alignment":"","neve_meta_author_avatar":"","neve_post_elements_order":"","neve_meta_disable_header":"","neve_meta_disable_footer":"","neve_meta_disable_title":"","neve_meta_reading_time":"","footnotes":""},"class_list":["post-3510","page","type-page","status-publish","hentry"],"yoast_head":"<!-- This site is optimized with the Yoast SEO plugin v27.4 - https:\/\/yoast.com\/product\/yoast-seo-wordpress\/ -->\n<title>Carnival Jubilee \u2503Current position and location of Carnival<\/title>\n<meta name=\"description\" content=\"Carnival Jubilee \u2693 Current position of Carnival Jubilee \u2713 Cruise Ship Tracker \u2713 Live Ship Tracker \u2503Review and Specifications\" \/>\n<meta name=\"robots\" content=\"index, follow, max-snippet:-1, max-image-preview:large, max-video-preview:-1\" \/>\n<link rel=\"canonical\" href=\"https:\/\/ship-tracker.org\/tr\/carnival-jubilee\/\" \/>\n<meta property=\"og:locale\" content=\"tr_TR\" \/>\n<meta property=\"og:type\" content=\"article\" \/>\n<meta property=\"og:title\" content=\"Carnival Jubilee \u2503Current position and location of Carnival\" \/>\n<meta property=\"og:description\" content=\"Carnival Jubilee \u2693 Current position of Carnival Jubilee \u2713 Cruise Ship Tracker \u2713 Live Ship Tracker \u2503Review and Specifications\" \/>\n<meta property=\"og:url\" content=\"https:\/\/ship-tracker.org\/tr\/carnival-jubilee\/\" \/>\n<meta property=\"og:site_name\" content=\"Ship-tracker.org\" \/>\n<meta property=\"og:image\" content=\"https:\/\/ship-tracker.org\/wp-content\/uploads\/2022\/11\/Magic-Hull-Livery-May-5-carnival-002-e1623781826117.jpg\" \/>\n<meta name=\"twitter:card\" content=\"summary_large_image\" \/>\n<meta name=\"twitter:label1\" content=\"Tahmini okuma s\u00fcresi\" \/>\n\t<meta name=\"twitter:data1\" content=\"1 dakika\" \/>\n<script type=\"application\/ld+json\" class=\"yoast-schema-graph\">{\"@context\":\"https:\\\/\\\/schema.org\",\"@graph\":[{\"@type\":\"WebPage\",\"@id\":\"https:\\\/\\\/ship-tracker.org\\\/carnival-jubilee\\\/\",\"url\":\"https:\\\/\\\/ship-tracker.org\\\/carnival-jubilee\\\/\",\"name\":\"Carnival Jubilee \u2503Current position and location of Carnival\",\"isPartOf\":{\"@id\":\"https:\\\/\\\/ship-tracker.org\\\/#website\"},\"primaryImageOfPage\":{\"@id\":\"https:\\\/\\\/ship-tracker.org\\\/carnival-jubilee\\\/#primaryimage\"},\"image\":{\"@id\":\"https:\\\/\\\/ship-tracker.org\\\/carnival-jubilee\\\/#primaryimage\"},\"thumbnailUrl\":\"https:\\\/\\\/ship-tracker.org\\\/wp-content\\\/uploads\\\/2022\\\/11\\\/Magic-Hull-Livery-May-5-carnival-002-e1623781826117.jpg\",\"datePublished\":\"2022-11-01T11:53:27+00:00\",\"description\":\"Carnival Jubilee \u2693 Current position of Carnival Jubilee \u2713 Cruise Ship Tracker \u2713 Live Ship Tracker \u2503Review and Specifications\",\"breadcrumb\":{\"@id\":\"https:\\\/\\\/ship-tracker.org\\\/carnival-jubilee\\\/#breadcrumb\"},\"inLanguage\":\"tr\",\"potentialAction\":[{\"@type\":\"ReadAction\",\"target\":[\"https:\\\/\\\/ship-tracker.org\\\/carnival-jubilee\\\/\"]}]},{\"@type\":\"ImageObject\",\"inLanguage\":\"tr\",\"@id\":\"https:\\\/\\\/ship-tracker.org\\\/carnival-jubilee\\\/#primaryimage\",\"url\":\"https:\\\/\\\/ship-tracker.org\\\/wp-content\\\/uploads\\\/2022\\\/11\\\/Magic-Hull-Livery-May-5-carnival-002-e1623781826117.jpg\",\"contentUrl\":\"https:\\\/\\\/ship-tracker.org\\\/wp-content\\\/uploads\\\/2022\\\/11\\\/Magic-Hull-Livery-May-5-carnival-002-e1623781826117.jpg\"},{\"@type\":\"BreadcrumbList\",\"@id\":\"https:\\\/\\\/ship-tracker.org\\\/carnival-jubilee\\\/#breadcrumb\",\"itemListElement\":[{\"@type\":\"ListItem\",\"position\":1,\"name\":\"Startseite\",\"item\":\"https:\\\/\\\/ship-tracker.org\\\/\"},{\"@type\":\"ListItem\",\"position\":2,\"name\":\"Carnival Jubilee\"}]},{\"@type\":\"WebSite\",\"@id\":\"https:\\\/\\\/ship-tracker.org\\\/#website\",\"url\":\"https:\\\/\\\/ship-tracker.org\\\/\",\"name\":\"Ship-tracker.org\",\"description\":\"\",\"potentialAction\":[{\"@type\":\"SearchAction\",\"target\":{\"@type\":\"EntryPoint\",\"urlTemplate\":\"https:\\\/\\\/ship-tracker.org\\\/?s={search_term_string}\"},\"query-input\":{\"@type\":\"PropertyValueSpecification\",\"valueRequired\":true,\"valueName\":\"search_term_string\"}}],\"inLanguage\":\"tr\"}]}<\/script>\n<!-- \/ Yoast SEO plugin. -->","yoast_head_json":{"title":"Karnaval Y\u0131ld\u00f6n\u00fcm\u00fc \u2503Karnaval\u0131n \u015fu anki konumu ve yeri","description":"Carnival Jubilee \u2693 Carnival Jubilee&#039;nin \u015fu anki konumu \u2713 Yolcu Gemisi Takibi \u2713 Canl\u0131 Gemi Takibi \u2503\u0130nceleme ve \u00d6zellikler","robots":{"index":"index","follow":"follow","max-snippet":"max-snippet:-1","max-image-preview":"max-image-preview:large","max-video-preview":"max-video-preview:-1"},"canonical":"https:\/\/ship-tracker.org\/tr\/carnival-jubilee\/","og_locale":"tr_TR","og_type":"article","og_title":"Carnival Jubilee \u2503Current position and location of Carnival","og_description":"Carnival Jubilee \u2693 Current position of Carnival Jubilee \u2713 Cruise Ship Tracker \u2713 Live Ship Tracker \u2503Review and Specifications","og_url":"https:\/\/ship-tracker.org\/tr\/carnival-jubilee\/","og_site_name":"Ship-tracker.org","og_image":[{"url":"https:\/\/ship-tracker.org\/wp-content\/uploads\/2022\/11\/Magic-Hull-Livery-May-5-carnival-002-e1623781826117.jpg","type":"","width":"","height":""}],"twitter_card":"summary_large_image","twitter_misc":{"Tahmini okuma s\u00fcresi":"1 dakika"},"schema":{"@context":"https:\/\/schema.org","@graph":[{"@type":"WebPage","@id":"https:\/\/ship-tracker.org\/carnival-jubilee\/","url":"https:\/\/ship-tracker.org\/carnival-jubilee\/","name":"Karnaval Y\u0131ld\u00f6n\u00fcm\u00fc \u2503Karnaval\u0131n \u015fu anki konumu ve yeri","isPartOf":{"@id":"https:\/\/ship-tracker.org\/#website"},"primaryImageOfPage":{"@id":"https:\/\/ship-tracker.org\/carnival-jubilee\/#primaryimage"},"image":{"@id":"https:\/\/ship-tracker.org\/carnival-jubilee\/#primaryimage"},"thumbnailUrl":"https:\/\/ship-tracker.org\/wp-content\/uploads\/2022\/11\/Magic-Hull-Livery-May-5-carnival-002-e1623781826117.jpg","datePublished":"2022-11-01T11:53:27+00:00","description":"Carnival Jubilee \u2693 Carnival Jubilee&#039;nin \u015fu anki konumu \u2713 Yolcu Gemisi Takibi \u2713 Canl\u0131 Gemi Takibi \u2503\u0130nceleme ve \u00d6zellikler","breadcrumb":{"@id":"https:\/\/ship-tracker.org\/carnival-jubilee\/#breadcrumb"},"inLanguage":"tr","potentialAction":[{"@type":"ReadAction","target":["https:\/\/ship-tracker.org\/carnival-jubilee\/"]}]},{"@type":"ImageObject","inLanguage":"tr","@id":"https:\/\/ship-tracker.org\/carnival-jubilee\/#primaryimage","url":"https:\/\/ship-tracker.org\/wp-content\/uploads\/2022\/11\/Magic-Hull-Livery-May-5-carnival-002-e1623781826117.jpg","contentUrl":"https:\/\/ship-tracker.org\/wp-content\/uploads\/2022\/11\/Magic-Hull-Livery-May-5-carnival-002-e1623781826117.jpg"},{"@type":"BreadcrumbList","@id":"https:\/\/ship-tracker.org\/carnival-jubilee\/#breadcrumb","itemListElement":[{"@type":"ListItem","position":1,"name":"Startseite","item":"https:\/\/ship-tracker.org\/"},{"@type":"ListItem","position":2,"name":"Carnival Jubilee"}]},{"@type":"WebSite","@id":"https:\/\/ship-tracker.org\/#website","url":"https:\/\/ship-tracker.org\/","name":"Ship-tracker.org","description":"","potentialAction":[{"@type":"SearchAction","target":{"@type":"EntryPoint","urlTemplate":"https:\/\/ship-tracker.org\/?s={search_term_string}"},"query-input":{"@type":"PropertyValueSpecification","valueRequired":true,"valueName":"search_term_string"}}],"inLanguage":"tr"}]}},"_links":{"self":[{"href":"https:\/\/ship-tracker.org\/tr\/wp-json\/wp\/v2\/pages\/3510","targetHints":{"allow":["GET"]}}],"collection":[{"href":"https:\/\/ship-tracker.org\/tr\/wp-json\/wp\/v2\/pages"}],"about":[{"href":"https:\/\/ship-tracker.org\/tr\/wp-json\/wp\/v2\/types\/page"}],"author":[{"embeddable":true,"href":"https:\/\/ship-tracker.org\/tr\/wp-json\/wp\/v2\/users\/1"}],"replies":[{"embeddable":true,"href":"https:\/\/ship-tracker.org\/tr\/wp-json\/wp\/v2\/comments?post=3510"}],"version-history":[{"count":2,"href":"https:\/\/ship-tracker.org\/tr\/wp-json\/wp\/v2\/pages\/3510\/revisions"}],"predecessor-version":[{"id":3513,"href":"https:\/\/ship-tracker.org\/tr\/wp-json\/wp\/v2\/pages\/3510\/revisions\/3513"}],"wp:attachment":[{"href":"https:\/\/ship-tracker.org\/tr\/wp-json\/wp\/v2\/media?parent=3510"}],"curies":[{"name":"wp","href":"https:\/\/api.w.org\/{rel}","templated":true}]}}