{"id":3448,"date":"2022-02-06T19:31:16","date_gmt":"2022-02-06T18:31:16","guid":{"rendered":"https:\/\/ship-tracker.org\/?page_id=3448"},"modified":"2022-02-06T19:31:16","modified_gmt":"2022-02-06T18:31:16","slug":"melbourne-star","status":"publish","type":"page","link":"https:\/\/ship-tracker.org\/tr\/melbourne-star\/","title":{"rendered":"MELBOURNE YILDIZI"},"content":{"rendered":"<p><strong>MELBOURNE YILDIZI<\/strong> (IMO: 7108162) \u015fu anda bayra\u011f\u0131 alt\u0131nda seyrediyor <strong>Birle\u015fik Krall\u0131k<\/strong>. MELBOURNE STAR gemisi bir <strong>Y\u00fck gemisi<\/strong> yerle\u015fik <strong>1971<\/strong>. Toplam uzunluk uzunlu\u011fu (LOA) <strong>217.25<\/strong>\u00a0m, \u0131\u015f\u0131n <strong>29.04<\/strong>\u00a0metre.<strong> MELBOURNE YILDIZI<\/strong> konteyner kapasitesi <strong>1294<\/strong>\u00a0<strong>TEU<\/strong>.<\/p>\n<h2>MELBOURNE STAR&#039;\u0131n (IMO 7108162) mevcut konumu ve konumu - Konteyner Gemisi<\/h2>\n<p>MELBOURNE STAR&#039;\u0131n \u015fu anki konumu nerede?<\/p>\n<p><script type=\"text\/javascript\">\n  var width=\"1500\";\n  var height=\"500\";\n  var zoom=\"3\";\n  var click_to_activate=false;\n<\/script><br \/>\n<script type=\"text\/javascript\" src=\"https:\/\/www.vesselfinder.com\/aismap.js\">\n<\/script><\/p>\n<p>MELBOURNE STAR&#039;\u0131n ge\u00e7erli konumunu g\u00f6r\u00fcnt\u00fcleyin. MELBOURNE STAR&#039;\u0131n konumu VesselFinder ve MarineTraffic haritalar\u0131 ile do\u011fru bir \u015fekilde belirlenebilir. B\u00f6ylece favori geminizin \u015fu anda nerede oldu\u011fu konusunda her zaman iyi bilgi sahibi olursunuz.<\/p>\n<h2>SEAGO \u0130STANBUL i\u00e7in gemi detaylar\u0131<\/h2>\n<table>\n<tbody>\n<tr>\n<td style=\"width: 50%;\"><strong>Gemi Bilgileri<\/strong><\/td>\n<td style=\"width: 50%;\"><strong>De\u011fer<\/strong><\/td>\n<\/tr>\n<tr>\n<td style=\"width: 50%;\">Damar ad\u0131<\/td>\n<td style=\"width: 50%;\">MELBOURNE YILDIZI<\/td>\n<\/tr>\n<tr>\n<td style=\"width: 50%;\">gemi tipi<\/td>\n<td style=\"width: 50%;\">Y\u00fck gemisi<\/td>\n<\/tr>\n<tr>\n<td style=\"width: 50%;\">IMO<\/td>\n<td style=\"width: 50%;\">Yok<\/td>\n<\/tr>\n<tr>\n<td style=\"width: 50%;\">MMSI<\/td>\n<td style=\"width: 50%;\">Yok<\/td>\n<\/tr>\n<tr>\n<td style=\"width: 50%;\">\u00e7a\u011fr\u0131 i\u015fareti<\/td>\n<td style=\"width: 50%;\">OXVE2<\/td>\n<\/tr>\n<tr>\n<td style=\"width: 50%;\">bayrak<\/td>\n<td style=\"width: 50%;\">Birle\u015fik Krall\u0131k<\/td>\n<\/tr>\n<tr>\n<td style=\"width: 50%;\">Br\u00fct Tonaj<\/td>\n<td style=\"width: 50%;\">24907<\/td>\n<\/tr>\n<tr>\n<td style=\"width: 50%;\">\u00f6l\u00fc a\u011f\u0131rl\u0131k<\/td>\n<td style=\"width: 50%;\">27905<\/td>\n<\/tr>\n<tr>\n<td style=\"width: 50%;\">uzunluk<\/td>\n<td style=\"width: 50%;\">217,25 m<\/td>\n<\/tr>\n<tr>\n<td style=\"width: 50%;\">kiri\u015f<\/td>\n<td style=\"width: 50%;\">29.04m<\/td>\n<\/tr>\n<tr>\n<td style=\"width: 50%;\">Yap\u0131m Y\u0131l\u0131<\/td>\n<td style=\"width: 50%;\">1971<\/td>\n<\/tr>\n<tr>\n<td style=\"width: 50%;\">in\u015faat\u00e7\u0131<\/td>\n<td style=\"width: 50%;\">BREMER VULKAN<\/td>\n<\/tr>\n<tr>\n<td style=\"width: 50%;\">Bah\u00e7e<\/td>\n<td style=\"width: 50%;\">BREMER<\/td>\n<\/tr>\n<tr>\n<td style=\"width: 50%;\">TEU<\/td>\n<td style=\"width: 50%;\">1294<\/td>\n<\/tr>\n<tr>\n<td style=\"width: 50%;\">gemi operat\u00f6r\u00fc<\/td>\n<td style=\"width: 50%;\"><a href=\"https:\/\/ship-tracker.org\/tr\/maersk-line\/\">Maersk Denizcilik \u015eirketi<\/a><\/td>\n<\/tr>\n<\/tbody>\n<\/table>\n<p>T\u00fcm detaylar bilgilendirme ama\u00e7l\u0131 olup, ship-tracker.org veri de\u011ferlerinin do\u011frulu\u011fundan ve g\u00fcvenilirli\u011finden sorumlu de\u011fildir.<\/p>","protected":false},"excerpt":{"rendered":"<p>MELBOURNE STAR (IMO: 7108162) \u015fu anda Birle\u015fik Krall\u0131k bayra\u011f\u0131 alt\u0131nda seyrediyor. MELBOURNE STAR gemisi 1971 y\u0131l\u0131nda in\u015fa edilmi\u015f bir Konteyner Gemisidir. Uzunlu\u011fu toplam uzunlu\u011fu (LOA) 217,25 m, geni\u015fli\u011fi 29,04 metredir. MELBOURNE STAR konteyner kapasitesi 1294 TEU&#039;dur. MELBOURNE STAR (IMO 7108162) \u2013 Konteyner Gemisinin mevcut konumu ve pozisyonu Mevcut\u2026&nbsp;<a href=\"https:\/\/ship-tracker.org\/tr\/melbourne-star\/\" rel=\"bookmark\">Devam\u0131n\u0131 oku &quot;<span class=\"screen-reader-text\">MELBOURNE YILDIZI<\/span><\/a><\/p>","protected":false},"author":1,"featured_media":0,"parent":0,"menu_order":0,"comment_status":"closed","ping_status":"closed","template":"","meta":{"neve_meta_sidebar":"","neve_meta_container":"","neve_meta_enable_content_width":"","neve_meta_content_width":0,"neve_meta_title_alignment":"","neve_meta_author_avatar":"","neve_post_elements_order":"","neve_meta_disable_header":"","neve_meta_disable_footer":"","neve_meta_disable_title":"","neve_meta_reading_time":"","footnotes":""},"class_list":["post-3448","page","type-page","status-publish","hentry"],"yoast_head":"<!-- This site is optimized with the Yoast SEO plugin v27.4 - https:\/\/yoast.com\/product\/yoast-seo-wordpress\/ -->\n<title>MELBOURNE STAR - Container Ship, IMO 7108162 - Current location<\/title>\n<meta name=\"description\" content=\"Track current location and position of MELBOURNE STAR Container Ship on Live Map - IMO: 7108162 \u2713 Container Ship Tracking\" \/>\n<meta name=\"robots\" content=\"index, follow, max-snippet:-1, max-image-preview:large, max-video-preview:-1\" \/>\n<link rel=\"canonical\" href=\"https:\/\/ship-tracker.org\/tr\/melbourne-star\/\" \/>\n<meta property=\"og:locale\" content=\"tr_TR\" \/>\n<meta property=\"og:type\" content=\"article\" \/>\n<meta property=\"og:title\" content=\"MELBOURNE STAR - Container Ship, IMO 7108162 - Current location\" \/>\n<meta property=\"og:description\" content=\"Track current location and position of MELBOURNE STAR Container Ship on Live Map - IMO: 7108162 \u2713 Container Ship Tracking\" \/>\n<meta property=\"og:url\" content=\"https:\/\/ship-tracker.org\/tr\/melbourne-star\/\" \/>\n<meta property=\"og:site_name\" content=\"Ship-tracker.org\" \/>\n<meta name=\"twitter:card\" content=\"summary_large_image\" \/>\n<meta name=\"twitter:label1\" content=\"Tahmini okuma s\u00fcresi\" \/>\n\t<meta name=\"twitter:data1\" content=\"1 dakika\" \/>\n<script type=\"application\/ld+json\" class=\"yoast-schema-graph\">{\"@context\":\"https:\\\/\\\/schema.org\",\"@graph\":[{\"@type\":\"WebPage\",\"@id\":\"https:\\\/\\\/ship-tracker.org\\\/melbourne-star\\\/\",\"url\":\"https:\\\/\\\/ship-tracker.org\\\/melbourne-star\\\/\",\"name\":\"MELBOURNE STAR - Container Ship, IMO 7108162 - Current location\",\"isPartOf\":{\"@id\":\"https:\\\/\\\/ship-tracker.org\\\/#website\"},\"datePublished\":\"2022-02-06T18:31:16+00:00\",\"description\":\"Track current location and position of MELBOURNE STAR Container Ship on Live Map - IMO: 7108162 \u2713 Container Ship Tracking\",\"breadcrumb\":{\"@id\":\"https:\\\/\\\/ship-tracker.org\\\/melbourne-star\\\/#breadcrumb\"},\"inLanguage\":\"tr\",\"potentialAction\":[{\"@type\":\"ReadAction\",\"target\":[\"https:\\\/\\\/ship-tracker.org\\\/melbourne-star\\\/\"]}]},{\"@type\":\"BreadcrumbList\",\"@id\":\"https:\\\/\\\/ship-tracker.org\\\/melbourne-star\\\/#breadcrumb\",\"itemListElement\":[{\"@type\":\"ListItem\",\"position\":1,\"name\":\"Startseite\",\"item\":\"https:\\\/\\\/ship-tracker.org\\\/\"},{\"@type\":\"ListItem\",\"position\":2,\"name\":\"MELBOURNE STAR\"}]},{\"@type\":\"WebSite\",\"@id\":\"https:\\\/\\\/ship-tracker.org\\\/#website\",\"url\":\"https:\\\/\\\/ship-tracker.org\\\/\",\"name\":\"Ship-tracker.org\",\"description\":\"\",\"potentialAction\":[{\"@type\":\"SearchAction\",\"target\":{\"@type\":\"EntryPoint\",\"urlTemplate\":\"https:\\\/\\\/ship-tracker.org\\\/?s={search_term_string}\"},\"query-input\":{\"@type\":\"PropertyValueSpecification\",\"valueRequired\":true,\"valueName\":\"search_term_string\"}}],\"inLanguage\":\"tr\"}]}<\/script>\n<!-- \/ Yoast SEO plugin. -->","yoast_head_json":{"title":"MELBOURNE STAR - Konteyner Gemisi, IMO 7108162 - Mevcut konum","description":"MELBOURNE STAR Konteyner Gemisinin mevcut konumunu ve konumunu Canl\u0131 Harita \u00fczerinde takip edin - IMO: 7108162 \u2713 Konteyner Gemi Takibi","robots":{"index":"index","follow":"follow","max-snippet":"max-snippet:-1","max-image-preview":"max-image-preview:large","max-video-preview":"max-video-preview:-1"},"canonical":"https:\/\/ship-tracker.org\/tr\/melbourne-star\/","og_locale":"tr_TR","og_type":"article","og_title":"MELBOURNE STAR - Container Ship, IMO 7108162 - Current location","og_description":"Track current location and position of MELBOURNE STAR Container Ship on Live Map - IMO: 7108162 \u2713 Container Ship Tracking","og_url":"https:\/\/ship-tracker.org\/tr\/melbourne-star\/","og_site_name":"Ship-tracker.org","twitter_card":"summary_large_image","twitter_misc":{"Tahmini okuma s\u00fcresi":"1 dakika"},"schema":{"@context":"https:\/\/schema.org","@graph":[{"@type":"WebPage","@id":"https:\/\/ship-tracker.org\/melbourne-star\/","url":"https:\/\/ship-tracker.org\/melbourne-star\/","name":"MELBOURNE STAR - Konteyner Gemisi, IMO 7108162 - Mevcut konum","isPartOf":{"@id":"https:\/\/ship-tracker.org\/#website"},"datePublished":"2022-02-06T18:31:16+00:00","description":"MELBOURNE STAR Konteyner Gemisinin mevcut konumunu ve konumunu Canl\u0131 Harita \u00fczerinde takip edin - IMO: 7108162 \u2713 Konteyner Gemi Takibi","breadcrumb":{"@id":"https:\/\/ship-tracker.org\/melbourne-star\/#breadcrumb"},"inLanguage":"tr","potentialAction":[{"@type":"ReadAction","target":["https:\/\/ship-tracker.org\/melbourne-star\/"]}]},{"@type":"BreadcrumbList","@id":"https:\/\/ship-tracker.org\/melbourne-star\/#breadcrumb","itemListElement":[{"@type":"ListItem","position":1,"name":"Startseite","item":"https:\/\/ship-tracker.org\/"},{"@type":"ListItem","position":2,"name":"MELBOURNE STAR"}]},{"@type":"WebSite","@id":"https:\/\/ship-tracker.org\/#website","url":"https:\/\/ship-tracker.org\/","name":"Ship-tracker.org","description":"","potentialAction":[{"@type":"SearchAction","target":{"@type":"EntryPoint","urlTemplate":"https:\/\/ship-tracker.org\/?s={search_term_string}"},"query-input":{"@type":"PropertyValueSpecification","valueRequired":true,"valueName":"search_term_string"}}],"inLanguage":"tr"}]}},"_links":{"self":[{"href":"https:\/\/ship-tracker.org\/tr\/wp-json\/wp\/v2\/pages\/3448","targetHints":{"allow":["GET"]}}],"collection":[{"href":"https:\/\/ship-tracker.org\/tr\/wp-json\/wp\/v2\/pages"}],"about":[{"href":"https:\/\/ship-tracker.org\/tr\/wp-json\/wp\/v2\/types\/page"}],"author":[{"embeddable":true,"href":"https:\/\/ship-tracker.org\/tr\/wp-json\/wp\/v2\/users\/1"}],"replies":[{"embeddable":true,"href":"https:\/\/ship-tracker.org\/tr\/wp-json\/wp\/v2\/comments?post=3448"}],"version-history":[{"count":1,"href":"https:\/\/ship-tracker.org\/tr\/wp-json\/wp\/v2\/pages\/3448\/revisions"}],"predecessor-version":[{"id":3449,"href":"https:\/\/ship-tracker.org\/tr\/wp-json\/wp\/v2\/pages\/3448\/revisions\/3449"}],"wp:attachment":[{"href":"https:\/\/ship-tracker.org\/tr\/wp-json\/wp\/v2\/media?parent=3448"}],"curies":[{"name":"wp","href":"https:\/\/api.w.org\/{rel}","templated":true}]}}