{"id":3446,"date":"2022-02-06T19:26:19","date_gmt":"2022-02-06T18:26:19","guid":{"rendered":"https:\/\/ship-tracker.org\/?page_id=3446"},"modified":"2022-02-06T19:26:19","modified_gmt":"2022-02-06T18:26:19","slug":"po-nedlloyd-luanda","status":"publish","type":"page","link":"https:\/\/ship-tracker.org\/tr\/po-nedlloyd-luanda\/","title":{"rendered":"P&amp;O NEDLLOYD LUANDA"},"content":{"rendered":"<p><strong>P&amp;O NEDLLOYD LUANDA<\/strong> (IMO: 7817115) \u015fu anda bayra\u011f\u0131 alt\u0131nda seyrediyor <strong>Bahamalar<\/strong>. P&amp;O NEDLLOYD LUANDA gemisi bir <strong>Y\u00fck gemisi<\/strong> yerle\u015fik <strong>1980<\/strong>. Toplam uzunluk uzunlu\u011fu (LOA) <strong>169.4<\/strong>\u00a0m, \u0131\u015f\u0131n <strong>27.84<\/strong>\u00a0metre.<strong> P&amp;O NEDLLOYD LUANDA<\/strong> konteyner kapasitesi <strong>852<\/strong>\u00a0<strong>TEU<\/strong>.<\/p>\n<h2>P&amp;O NEDLLOYD LUANDA (IMO 7817115) \u2013 Konteyner Gemisinin mevcut konumu ve konumu<\/h2>\n<p>P&amp;O NEDLLOYD LUANDA&#039;n\u0131n \u015fu anki konumu nerede?<\/p>\n<p><script type=\"text\/javascript\">\n  var width=\"1500\";\n  var height=\"500\";\n  var zoom=\"3\";\n  var click_to_activate=false;\n<\/script><br \/>\n<script type=\"text\/javascript\" src=\"https:\/\/www.vesselfinder.com\/aismap.js\">\n<\/script><\/p>\n<p>P&amp;O NEDLLOYD LUANDA&#039;n\u0131n mevcut konumunu g\u00f6r\u00fcnt\u00fcleyin. P&amp;O NEDLLOYD LUANDA&#039;n\u0131n konumu VesselFinder ve MarineTraffic haritalar\u0131 ile do\u011fru bir \u015fekilde belirlenebilir. B\u00f6ylece favori geminizin \u015fu anda nerede oldu\u011fu konusunda her zaman iyi bilgi sahibi olursunuz.<\/p>\n<h2>P&amp;O NEDLLOYD LUANDA i\u00e7in gemi detaylar\u0131<\/h2>\n<table>\n<tbody>\n<tr>\n<td style=\"width: 50%;\"><strong>Gemi Bilgileri<\/strong><\/td>\n<td style=\"width: 50%;\"><strong>De\u011fer<\/strong><\/td>\n<\/tr>\n<tr>\n<td style=\"width: 50%;\">Damar ad\u0131<\/td>\n<td style=\"width: 50%;\">P&amp;O NEDLLOYD LUANDA<\/td>\n<\/tr>\n<tr>\n<td style=\"width: 50%;\">gemi tipi<\/td>\n<td style=\"width: 50%;\">Y\u00fck gemisi<\/td>\n<\/tr>\n<tr>\n<td style=\"width: 50%;\">IMO<\/td>\n<td style=\"width: 50%;\">7817115<\/td>\n<\/tr>\n<tr>\n<td style=\"width: 50%;\">MMSI<\/td>\n<td style=\"width: 50%;\">Yok<\/td>\n<\/tr>\n<tr>\n<td style=\"width: 50%;\">\u00e7a\u011fr\u0131 i\u015fareti<\/td>\n<td style=\"width: 50%;\">Yok<\/td>\n<\/tr>\n<tr>\n<td style=\"width: 50%;\">bayrak<\/td>\n<td style=\"width: 50%;\">Bahamalar<\/td>\n<\/tr>\n<tr>\n<td style=\"width: 50%;\">Br\u00fct Tonaj<\/td>\n<td style=\"width: 50%;\">19636<\/td>\n<\/tr>\n<tr>\n<td style=\"width: 50%;\">\u00f6l\u00fc a\u011f\u0131rl\u0131k<\/td>\n<td style=\"width: 50%;\">18250<\/td>\n<\/tr>\n<tr>\n<td style=\"width: 50%;\">uzunluk<\/td>\n<td style=\"width: 50%;\">169,4m<\/td>\n<\/tr>\n<tr>\n<td style=\"width: 50%;\">kiri\u015f<\/td>\n<td style=\"width: 50%;\">27,84 m<\/td>\n<\/tr>\n<tr>\n<td style=\"width: 50%;\">Yap\u0131m Y\u0131l\u0131<\/td>\n<td style=\"width: 50%;\">1980<\/td>\n<\/tr>\n<tr>\n<td style=\"width: 50%;\">in\u015faat\u00e7\u0131<\/td>\n<td style=\"width: 50%;\">BREMER VULKAN<\/td>\n<\/tr>\n<tr>\n<td style=\"width: 50%;\">Bah\u00e7e<\/td>\n<td style=\"width: 50%;\">BREMER<\/td>\n<\/tr>\n<tr>\n<td style=\"width: 50%;\">TEU<\/td>\n<td style=\"width: 50%;\">852<\/td>\n<\/tr>\n<tr>\n<td style=\"width: 50%;\">gemi operat\u00f6r\u00fc<\/td>\n<td style=\"width: 50%;\"><a href=\"https:\/\/ship-tracker.org\/tr\/maersk-line\/\">Maersk Denizcilik \u015eirketi<\/a><\/td>\n<\/tr>\n<\/tbody>\n<\/table>\n<p>T\u00fcm detaylar bilgilendirme ama\u00e7l\u0131 olup, ship-tracker.org veri de\u011ferlerinin do\u011frulu\u011fundan ve g\u00fcvenilirli\u011finden sorumlu de\u011fildir.<\/p>","protected":false},"excerpt":{"rendered":"<p>P&amp;O NEDLLOYD LUANDA (IMO: 7817115) \u015fu anda Bahamalar bayra\u011f\u0131 alt\u0131nda seyrediyor. P&amp;O NEDLLOYD LUANDA gemisi 1980 y\u0131l\u0131nda in\u015fa edilmi\u015f bir Konteyner Gemisidir. Uzunlu\u011fu toplam uzunlu\u011fu (LOA) 169,4 m, geni\u015fli\u011fi 27,84 metredir. P&amp;O NEDLLOYD LUANDA konteyner kapasitesi 852 TEU&#039;dur. P&amp;O NEDLLOYD LUANDA (IMO 7817115) \u2013 Konteyner Gemisinin \u015fu anki konumu ve pozisyonu Nerede\u2026&nbsp;<a href=\"https:\/\/ship-tracker.org\/tr\/po-nedlloyd-luanda\/\" rel=\"bookmark\">Devam\u0131n\u0131 oku &quot;<span class=\"screen-reader-text\">P&amp;O NEDLLOYD LUANDA<\/span><\/a><\/p>","protected":false},"author":1,"featured_media":0,"parent":0,"menu_order":0,"comment_status":"closed","ping_status":"closed","template":"","meta":{"neve_meta_sidebar":"","neve_meta_container":"","neve_meta_enable_content_width":"","neve_meta_content_width":0,"neve_meta_title_alignment":"","neve_meta_author_avatar":"","neve_post_elements_order":"","neve_meta_disable_header":"","neve_meta_disable_footer":"","neve_meta_disable_title":"","neve_meta_reading_time":"","footnotes":""},"class_list":["post-3446","page","type-page","status-publish","hentry"],"yoast_head":"<!-- This site is optimized with the Yoast SEO plugin v27.4 - https:\/\/yoast.com\/product\/yoast-seo-wordpress\/ -->\n<title>P&amp;O NEDLLOYD LUANDA - Container Ship, IMO 7817115<\/title>\n<meta name=\"description\" content=\"Track current location and position of P&amp;O NEDLLOYD LUANDA Container Ship on Live Map - IMO: 7817115 \u2713 Container Ship Tracking\" \/>\n<meta name=\"robots\" content=\"index, follow, max-snippet:-1, max-image-preview:large, max-video-preview:-1\" \/>\n<link rel=\"canonical\" href=\"https:\/\/ship-tracker.org\/tr\/po-nedlloyd-luanda\/\" \/>\n<meta property=\"og:locale\" content=\"tr_TR\" \/>\n<meta property=\"og:type\" content=\"article\" \/>\n<meta property=\"og:title\" content=\"P&amp;O NEDLLOYD LUANDA - Container Ship, IMO 7817115\" \/>\n<meta property=\"og:description\" content=\"Track current location and position of P&amp;O NEDLLOYD LUANDA Container Ship on Live Map - IMO: 7817115 \u2713 Container Ship Tracking\" \/>\n<meta property=\"og:url\" content=\"https:\/\/ship-tracker.org\/tr\/po-nedlloyd-luanda\/\" \/>\n<meta property=\"og:site_name\" content=\"Ship-tracker.org\" \/>\n<meta name=\"twitter:card\" content=\"summary_large_image\" \/>\n<meta name=\"twitter:label1\" content=\"Tahmini okuma s\u00fcresi\" \/>\n\t<meta name=\"twitter:data1\" content=\"1 dakika\" \/>\n<script type=\"application\/ld+json\" class=\"yoast-schema-graph\">{\"@context\":\"https:\\\/\\\/schema.org\",\"@graph\":[{\"@type\":\"WebPage\",\"@id\":\"https:\\\/\\\/ship-tracker.org\\\/po-nedlloyd-luanda\\\/\",\"url\":\"https:\\\/\\\/ship-tracker.org\\\/po-nedlloyd-luanda\\\/\",\"name\":\"P&O NEDLLOYD LUANDA - Container Ship, IMO 7817115\",\"isPartOf\":{\"@id\":\"https:\\\/\\\/ship-tracker.org\\\/#website\"},\"datePublished\":\"2022-02-06T18:26:19+00:00\",\"description\":\"Track current location and position of P&O NEDLLOYD LUANDA Container Ship on Live Map - IMO: 7817115 \u2713 Container Ship Tracking\",\"breadcrumb\":{\"@id\":\"https:\\\/\\\/ship-tracker.org\\\/po-nedlloyd-luanda\\\/#breadcrumb\"},\"inLanguage\":\"tr\",\"potentialAction\":[{\"@type\":\"ReadAction\",\"target\":[\"https:\\\/\\\/ship-tracker.org\\\/po-nedlloyd-luanda\\\/\"]}]},{\"@type\":\"BreadcrumbList\",\"@id\":\"https:\\\/\\\/ship-tracker.org\\\/po-nedlloyd-luanda\\\/#breadcrumb\",\"itemListElement\":[{\"@type\":\"ListItem\",\"position\":1,\"name\":\"Startseite\",\"item\":\"https:\\\/\\\/ship-tracker.org\\\/\"},{\"@type\":\"ListItem\",\"position\":2,\"name\":\"P&#038;O NEDLLOYD LUANDA\"}]},{\"@type\":\"WebSite\",\"@id\":\"https:\\\/\\\/ship-tracker.org\\\/#website\",\"url\":\"https:\\\/\\\/ship-tracker.org\\\/\",\"name\":\"Ship-tracker.org\",\"description\":\"\",\"potentialAction\":[{\"@type\":\"SearchAction\",\"target\":{\"@type\":\"EntryPoint\",\"urlTemplate\":\"https:\\\/\\\/ship-tracker.org\\\/?s={search_term_string}\"},\"query-input\":{\"@type\":\"PropertyValueSpecification\",\"valueRequired\":true,\"valueName\":\"search_term_string\"}}],\"inLanguage\":\"tr\"}]}<\/script>\n<!-- \/ Yoast SEO plugin. -->","yoast_head_json":{"title":"P&amp;O NEDLLOYD LUANDA - Konteyner Gemisi, IMO 7817115","description":"P&amp;O NEDLLOYD LUANDA Konteyner Gemisinin mevcut konumunu ve konumunu Canl\u0131 Harita \u00fczerinde takip edin - IMO: 7817115 \u2713 Konteyner Gemi Takibi","robots":{"index":"index","follow":"follow","max-snippet":"max-snippet:-1","max-image-preview":"max-image-preview:large","max-video-preview":"max-video-preview:-1"},"canonical":"https:\/\/ship-tracker.org\/tr\/po-nedlloyd-luanda\/","og_locale":"tr_TR","og_type":"article","og_title":"P&O NEDLLOYD LUANDA - Container Ship, IMO 7817115","og_description":"Track current location and position of P&O NEDLLOYD LUANDA Container Ship on Live Map - IMO: 7817115 \u2713 Container Ship Tracking","og_url":"https:\/\/ship-tracker.org\/tr\/po-nedlloyd-luanda\/","og_site_name":"Ship-tracker.org","twitter_card":"summary_large_image","twitter_misc":{"Tahmini okuma s\u00fcresi":"1 dakika"},"schema":{"@context":"https:\/\/schema.org","@graph":[{"@type":"WebPage","@id":"https:\/\/ship-tracker.org\/po-nedlloyd-luanda\/","url":"https:\/\/ship-tracker.org\/po-nedlloyd-luanda\/","name":"P&amp;O NEDLLOYD LUANDA - Konteyner Gemisi, IMO 7817115","isPartOf":{"@id":"https:\/\/ship-tracker.org\/#website"},"datePublished":"2022-02-06T18:26:19+00:00","description":"P&amp;O NEDLLOYD LUANDA Konteyner Gemisinin mevcut konumunu ve konumunu Canl\u0131 Harita \u00fczerinde takip edin - IMO: 7817115 \u2713 Konteyner Gemi Takibi","breadcrumb":{"@id":"https:\/\/ship-tracker.org\/po-nedlloyd-luanda\/#breadcrumb"},"inLanguage":"tr","potentialAction":[{"@type":"ReadAction","target":["https:\/\/ship-tracker.org\/po-nedlloyd-luanda\/"]}]},{"@type":"BreadcrumbList","@id":"https:\/\/ship-tracker.org\/po-nedlloyd-luanda\/#breadcrumb","itemListElement":[{"@type":"ListItem","position":1,"name":"Startseite","item":"https:\/\/ship-tracker.org\/"},{"@type":"ListItem","position":2,"name":"P&#038;O NEDLLOYD LUANDA"}]},{"@type":"WebSite","@id":"https:\/\/ship-tracker.org\/#website","url":"https:\/\/ship-tracker.org\/","name":"Ship-tracker.org","description":"","potentialAction":[{"@type":"SearchAction","target":{"@type":"EntryPoint","urlTemplate":"https:\/\/ship-tracker.org\/?s={search_term_string}"},"query-input":{"@type":"PropertyValueSpecification","valueRequired":true,"valueName":"search_term_string"}}],"inLanguage":"tr"}]}},"_links":{"self":[{"href":"https:\/\/ship-tracker.org\/tr\/wp-json\/wp\/v2\/pages\/3446","targetHints":{"allow":["GET"]}}],"collection":[{"href":"https:\/\/ship-tracker.org\/tr\/wp-json\/wp\/v2\/pages"}],"about":[{"href":"https:\/\/ship-tracker.org\/tr\/wp-json\/wp\/v2\/types\/page"}],"author":[{"embeddable":true,"href":"https:\/\/ship-tracker.org\/tr\/wp-json\/wp\/v2\/users\/1"}],"replies":[{"embeddable":true,"href":"https:\/\/ship-tracker.org\/tr\/wp-json\/wp\/v2\/comments?post=3446"}],"version-history":[{"count":1,"href":"https:\/\/ship-tracker.org\/tr\/wp-json\/wp\/v2\/pages\/3446\/revisions"}],"predecessor-version":[{"id":3447,"href":"https:\/\/ship-tracker.org\/tr\/wp-json\/wp\/v2\/pages\/3446\/revisions\/3447"}],"wp:attachment":[{"href":"https:\/\/ship-tracker.org\/tr\/wp-json\/wp\/v2\/media?parent=3446"}],"curies":[{"name":"wp","href":"https:\/\/api.w.org\/{rel}","templated":true}]}}