{"id":3400,"date":"2022-02-06T13:07:07","date_gmt":"2022-02-06T12:07:07","guid":{"rendered":"https:\/\/ship-tracker.org\/?page_id=3400"},"modified":"2023-06-20T16:13:31","modified_gmt":"2023-06-20T14:13:31","slug":"mumbai-maersk","status":"publish","type":"page","link":"https:\/\/ship-tracker.org\/tr\/mumbai-maersk\/","title":{"rendered":"MUMBAI MAERSK"},"content":{"rendered":"<p><strong>MUMBAI MAERSK<\/strong> (IMO: 9780471, MMSI 219039000) \u015fu anda bayra\u011f\u0131 alt\u0131nda seyrediyor <strong>Danimarka<\/strong>. MUMBAI MAERSK gemisi bir <strong>Y\u00fck gemisi<\/strong> 2018 y\u0131l\u0131nda in\u015fa edilmi\u015ftir. Toplam uzunluk uzunlu\u011fu (LOA) <strong>399<\/strong> m, \u0131\u015f\u0131n <strong>58.6<\/strong> metre. MUMBAI MAERSK konteyner kapasitesi <strong>19630 TEU<\/strong>.<\/p>\n<h2>MUMBAI MAERSK (IMO 9780471) \u2013 Konteyner Gemisinin mevcut konumu ve konumu<\/h2>\n<p>MUMBAI MAERSK&#039;in \u015fu anki konumu nerede?<\/p>\n<p><script type=\"text\/javascript\">\n  var width=\"100%\";var height=\"400\";\n  var mmsi=219039000;\n<\/script><script type=\"text\/javascript\" src=\"https:\/\/www.vesselfinder.com\/aismap.js\"><\/script><\/p>\n<p>MUMBAI MAERSK ge\u00e7erli konumunu g\u00f6r\u00fcnt\u00fcleyin. MUMBAI MAERSK&#039;in konumu, VesselFinder ve MarineTraffic haritalar\u0131 ile do\u011fru bir \u015fekilde belirlenebilir. B\u00f6ylece, en sevdi\u011finiz geminin \u015fu anda nerede oldu\u011fu konusunda her zaman bilgi sahibi olursunuz.<\/p>\n<h2>MUMBAI MAERSK i\u00e7in gemi detaylar\u0131<\/h2>\n<table>\n<tbody>\n<tr>\n<td style=\"width: 50%;\"><strong>Gemi Bilgileri<\/strong><\/td>\n<td style=\"width: 50%;\"><strong>De\u011fer<\/strong><\/td>\n<\/tr>\n<tr>\n<td style=\"width: 50%;\">Damar ad\u0131<\/td>\n<td style=\"width: 50%;\">MUMBAI MAERSK<\/td>\n<\/tr>\n<tr>\n<td style=\"width: 50%;\">gemi tipi<\/td>\n<td style=\"width: 50%;\">Y\u00fck gemisi<\/td>\n<\/tr>\n<tr>\n<td style=\"width: 50%;\">IMO<\/td>\n<td style=\"width: 50%;\">9780471<\/td>\n<\/tr>\n<tr>\n<td style=\"width: 50%;\">MMSI<\/td>\n<td style=\"width: 50%;\">219039000<\/td>\n<\/tr>\n<tr>\n<td style=\"width: 50%;\">\u00e7a\u011fr\u0131 i\u015fareti<\/td>\n<td style=\"width: 50%;\">KEND\u0130 S2<\/td>\n<\/tr>\n<tr>\n<td style=\"width: 50%;\">bayrak<\/td>\n<td style=\"width: 50%;\">Danimarka<\/td>\n<\/tr>\n<tr>\n<td style=\"width: 50%;\">Br\u00fct Tonaj<\/td>\n<td style=\"width: 50%;\">214286<\/td>\n<\/tr>\n<tr>\n<td style=\"width: 50%;\">\u00f6l\u00fc a\u011f\u0131rl\u0131k<\/td>\n<td style=\"width: 50%;\">190326<\/td>\n<\/tr>\n<tr>\n<td style=\"width: 50%;\">uzunluk<\/td>\n<td style=\"width: 50%;\">399 m<\/td>\n<\/tr>\n<tr>\n<td style=\"width: 50%;\">kiri\u015f<\/td>\n<td style=\"width: 50%;\">58.6 m<\/td>\n<\/tr>\n<tr>\n<td style=\"width: 50%;\">Yap\u0131m Y\u0131l\u0131<\/td>\n<td style=\"width: 50%;\">2018<\/td>\n<\/tr>\n<tr>\n<td style=\"width: 50%;\">in\u015faat\u00e7\u0131<\/td>\n<td style=\"width: 50%;\">DAEWOO SB &amp; ME CO<\/td>\n<\/tr>\n<tr>\n<td style=\"width: 50%;\">Bah\u00e7e<\/td>\n<td style=\"width: 50%;\">OKPO<\/td>\n<\/tr>\n<tr>\n<td style=\"width: 50%;\">TEU<\/td>\n<td style=\"width: 50%;\">19630<\/td>\n<\/tr>\n<tr>\n<td style=\"width: 50%;\">gemi operat\u00f6r\u00fc<\/td>\n<td style=\"width: 50%;\"><a href=\"https:\/\/ship-tracker.org\/tr\/maersk-line\/\">Maersk Denizcilik \u015eirketi<\/a><\/td>\n<\/tr>\n<\/tbody>\n<\/table>\n<p>T\u00fcm detaylar bilgilendirme ama\u00e7l\u0131 olup, ship-tracker.org veri de\u011ferlerinin do\u011frulu\u011fundan ve g\u00fcvenilirli\u011finden sorumlu de\u011fildir.<\/p>","protected":false},"excerpt":{"rendered":"<p>MUMBAI MAERSK (IMO: 9780471, MMSI 219039000) \u015fu anda Danimarka bayra\u011f\u0131 alt\u0131nda seyrediyor. MUMBAI MAERSK gemisi, 2018 y\u0131l\u0131nda in\u015fa edilmi\u015f bir Konteyner Gemisi. Toplam uzunlu\u011fu (LOA) 399 m, geni\u015fli\u011fi ise 58,6 metre. MUMBAI MAERSK konteyner kapasitesi 19630 TEU. MUMBAI MAERSK (IMO 9780471) Konteyner Gemisinin mevcut konumu ve konumu\u2026&nbsp;<a href=\"https:\/\/ship-tracker.org\/tr\/mumbai-maersk\/\" rel=\"bookmark\">Devam\u0131n\u0131 oku &quot;<span class=\"screen-reader-text\">MUMBAI MAERSK<\/span><\/a><\/p>","protected":false},"author":1,"featured_media":3637,"parent":0,"menu_order":0,"comment_status":"closed","ping_status":"closed","template":"","meta":{"neve_meta_sidebar":"","neve_meta_container":"","neve_meta_enable_content_width":"off","neve_meta_content_width":100,"neve_meta_title_alignment":"","neve_meta_author_avatar":"","neve_post_elements_order":"","neve_meta_disable_header":"","neve_meta_disable_footer":"","neve_meta_disable_title":"","neve_meta_reading_time":"","footnotes":""},"class_list":["post-3400","page","type-page","status-publish","has-post-thumbnail","hentry"],"yoast_head":"<!-- This site is optimized with the Yoast SEO plugin v26.9 - https:\/\/yoast.com\/product\/yoast-seo-wordpress\/ -->\n<title>MUMBAI MAERSK - Container Ship, IMO 9780471 - Current location<\/title>\n<meta name=\"description\" content=\"Track current location and position of MUMBAI MAERSK Container Ship on Live Map - IMO: 9780471 \u2713 Container Ship Tracking\" \/>\n<meta name=\"robots\" content=\"index, follow, max-snippet:-1, max-image-preview:large, max-video-preview:-1\" \/>\n<link rel=\"canonical\" href=\"https:\/\/ship-tracker.org\/tr\/mumbai-maersk\/\" \/>\n<meta property=\"og:locale\" content=\"tr_TR\" \/>\n<meta property=\"og:type\" content=\"article\" \/>\n<meta property=\"og:title\" content=\"MUMBAI MAERSK - Container Ship, IMO 9780471 - Current location\" \/>\n<meta property=\"og:description\" content=\"Track current location and position of MUMBAI MAERSK Container Ship on Live Map - IMO: 9780471 \u2713 Container Ship Tracking\" \/>\n<meta property=\"og:url\" content=\"https:\/\/ship-tracker.org\/tr\/mumbai-maersk\/\" \/>\n<meta property=\"og:site_name\" content=\"Ship-tracker.org\" \/>\n<meta property=\"article:modified_time\" content=\"2023-06-20T14:13:31+00:00\" \/>\n<meta property=\"og:image\" content=\"https:\/\/ship-tracker.org\/wp-content\/uploads\/2023\/06\/maersk-tanjong-g275700498_640.jpg\" \/>\n\t<meta property=\"og:image:width\" content=\"640\" \/>\n\t<meta property=\"og:image:height\" content=\"446\" \/>\n\t<meta property=\"og:image:type\" content=\"image\/jpeg\" \/>\n<meta name=\"twitter:card\" content=\"summary_large_image\" \/>\n<meta name=\"twitter:label1\" content=\"Tahmini okuma s\u00fcresi\" \/>\n\t<meta name=\"twitter:data1\" content=\"1 dakika\" \/>\n<script type=\"application\/ld+json\" class=\"yoast-schema-graph\">{\"@context\":\"https:\/\/schema.org\",\"@graph\":[{\"@type\":\"WebPage\",\"@id\":\"https:\/\/ship-tracker.org\/mumbai-maersk\/\",\"url\":\"https:\/\/ship-tracker.org\/mumbai-maersk\/\",\"name\":\"MUMBAI MAERSK - Container Ship, IMO 9780471 - Current location\",\"isPartOf\":{\"@id\":\"https:\/\/ship-tracker.org\/#website\"},\"primaryImageOfPage\":{\"@id\":\"https:\/\/ship-tracker.org\/mumbai-maersk\/#primaryimage\"},\"image\":{\"@id\":\"https:\/\/ship-tracker.org\/mumbai-maersk\/#primaryimage\"},\"thumbnailUrl\":\"https:\/\/ship-tracker.org\/wp-content\/uploads\/2023\/06\/maersk-tanjong-g275700498_640.jpg\",\"datePublished\":\"2022-02-06T12:07:07+00:00\",\"dateModified\":\"2023-06-20T14:13:31+00:00\",\"description\":\"Track current location and position of MUMBAI MAERSK Container Ship on Live Map - IMO: 9780471 \u2713 Container Ship Tracking\",\"breadcrumb\":{\"@id\":\"https:\/\/ship-tracker.org\/mumbai-maersk\/#breadcrumb\"},\"inLanguage\":\"tr\",\"potentialAction\":[{\"@type\":\"ReadAction\",\"target\":[\"https:\/\/ship-tracker.org\/mumbai-maersk\/\"]}]},{\"@type\":\"ImageObject\",\"inLanguage\":\"tr\",\"@id\":\"https:\/\/ship-tracker.org\/mumbai-maersk\/#primaryimage\",\"url\":\"https:\/\/ship-tracker.org\/wp-content\/uploads\/2023\/06\/maersk-tanjong-g275700498_640.jpg\",\"contentUrl\":\"https:\/\/ship-tracker.org\/wp-content\/uploads\/2023\/06\/maersk-tanjong-g275700498_640.jpg\",\"width\":640,\"height\":446,\"caption\":\"MAERSK ABERDEEN\"},{\"@type\":\"BreadcrumbList\",\"@id\":\"https:\/\/ship-tracker.org\/mumbai-maersk\/#breadcrumb\",\"itemListElement\":[{\"@type\":\"ListItem\",\"position\":1,\"name\":\"Startseite\",\"item\":\"https:\/\/ship-tracker.org\/\"},{\"@type\":\"ListItem\",\"position\":2,\"name\":\"MUMBAI MAERSK\"}]},{\"@type\":\"WebSite\",\"@id\":\"https:\/\/ship-tracker.org\/#website\",\"url\":\"https:\/\/ship-tracker.org\/\",\"name\":\"Ship-tracker.org\",\"description\":\"\",\"potentialAction\":[{\"@type\":\"SearchAction\",\"target\":{\"@type\":\"EntryPoint\",\"urlTemplate\":\"https:\/\/ship-tracker.org\/?s={search_term_string}\"},\"query-input\":{\"@type\":\"PropertyValueSpecification\",\"valueRequired\":true,\"valueName\":\"search_term_string\"}}],\"inLanguage\":\"tr\"}]}<\/script>\n<!-- \/ Yoast SEO plugin. -->","yoast_head_json":{"title":"MUMBAI MAERSK - Konteyner Gemisi, IMO 9780471 - Ge\u00e7erli konum","description":"MUMBAI MAERSK Konteyner Gemisinin \u015fu anki konumunu ve konumunu Canl\u0131 Haritadan takip edin - IMO: 9780471 \u2713 Konteyner Gemisi Takibi","robots":{"index":"index","follow":"follow","max-snippet":"max-snippet:-1","max-image-preview":"max-image-preview:large","max-video-preview":"max-video-preview:-1"},"canonical":"https:\/\/ship-tracker.org\/tr\/mumbai-maersk\/","og_locale":"tr_TR","og_type":"article","og_title":"MUMBAI MAERSK - Container Ship, IMO 9780471 - Current location","og_description":"Track current location and position of MUMBAI MAERSK Container Ship on Live Map - IMO: 9780471 \u2713 Container Ship Tracking","og_url":"https:\/\/ship-tracker.org\/tr\/mumbai-maersk\/","og_site_name":"Ship-tracker.org","article_modified_time":"2023-06-20T14:13:31+00:00","og_image":[{"width":640,"height":446,"url":"https:\/\/ship-tracker.org\/wp-content\/uploads\/2023\/06\/maersk-tanjong-g275700498_640.jpg","type":"image\/jpeg"}],"twitter_card":"summary_large_image","twitter_misc":{"Tahmini okuma s\u00fcresi":"1 dakika"},"schema":{"@context":"https:\/\/schema.org","@graph":[{"@type":"WebPage","@id":"https:\/\/ship-tracker.org\/mumbai-maersk\/","url":"https:\/\/ship-tracker.org\/mumbai-maersk\/","name":"MUMBAI MAERSK - Konteyner Gemisi, IMO 9780471 - Ge\u00e7erli konum","isPartOf":{"@id":"https:\/\/ship-tracker.org\/#website"},"primaryImageOfPage":{"@id":"https:\/\/ship-tracker.org\/mumbai-maersk\/#primaryimage"},"image":{"@id":"https:\/\/ship-tracker.org\/mumbai-maersk\/#primaryimage"},"thumbnailUrl":"https:\/\/ship-tracker.org\/wp-content\/uploads\/2023\/06\/maersk-tanjong-g275700498_640.jpg","datePublished":"2022-02-06T12:07:07+00:00","dateModified":"2023-06-20T14:13:31+00:00","description":"MUMBAI MAERSK Konteyner Gemisinin \u015fu anki konumunu ve konumunu Canl\u0131 Haritadan takip edin - IMO: 9780471 \u2713 Konteyner Gemisi Takibi","breadcrumb":{"@id":"https:\/\/ship-tracker.org\/mumbai-maersk\/#breadcrumb"},"inLanguage":"tr","potentialAction":[{"@type":"ReadAction","target":["https:\/\/ship-tracker.org\/mumbai-maersk\/"]}]},{"@type":"ImageObject","inLanguage":"tr","@id":"https:\/\/ship-tracker.org\/mumbai-maersk\/#primaryimage","url":"https:\/\/ship-tracker.org\/wp-content\/uploads\/2023\/06\/maersk-tanjong-g275700498_640.jpg","contentUrl":"https:\/\/ship-tracker.org\/wp-content\/uploads\/2023\/06\/maersk-tanjong-g275700498_640.jpg","width":640,"height":446,"caption":"MAERSK ABERDEEN"},{"@type":"BreadcrumbList","@id":"https:\/\/ship-tracker.org\/mumbai-maersk\/#breadcrumb","itemListElement":[{"@type":"ListItem","position":1,"name":"Startseite","item":"https:\/\/ship-tracker.org\/"},{"@type":"ListItem","position":2,"name":"MUMBAI MAERSK"}]},{"@type":"WebSite","@id":"https:\/\/ship-tracker.org\/#website","url":"https:\/\/ship-tracker.org\/","name":"Ship-tracker.org","description":"","potentialAction":[{"@type":"SearchAction","target":{"@type":"EntryPoint","urlTemplate":"https:\/\/ship-tracker.org\/?s={search_term_string}"},"query-input":{"@type":"PropertyValueSpecification","valueRequired":true,"valueName":"search_term_string"}}],"inLanguage":"tr"}]}},"_links":{"self":[{"href":"https:\/\/ship-tracker.org\/tr\/wp-json\/wp\/v2\/pages\/3400","targetHints":{"allow":["GET"]}}],"collection":[{"href":"https:\/\/ship-tracker.org\/tr\/wp-json\/wp\/v2\/pages"}],"about":[{"href":"https:\/\/ship-tracker.org\/tr\/wp-json\/wp\/v2\/types\/page"}],"author":[{"embeddable":true,"href":"https:\/\/ship-tracker.org\/tr\/wp-json\/wp\/v2\/users\/1"}],"replies":[{"embeddable":true,"href":"https:\/\/ship-tracker.org\/tr\/wp-json\/wp\/v2\/comments?post=3400"}],"version-history":[{"count":10,"href":"https:\/\/ship-tracker.org\/tr\/wp-json\/wp\/v2\/pages\/3400\/revisions"}],"predecessor-version":[{"id":3423,"href":"https:\/\/ship-tracker.org\/tr\/wp-json\/wp\/v2\/pages\/3400\/revisions\/3423"}],"wp:featuredmedia":[{"embeddable":true,"href":"https:\/\/ship-tracker.org\/tr\/wp-json\/wp\/v2\/media\/3637"}],"wp:attachment":[{"href":"https:\/\/ship-tracker.org\/tr\/wp-json\/wp\/v2\/media?parent=3400"}],"curies":[{"name":"wp","href":"https:\/\/api.w.org\/{rel}","templated":true}]}}