{"id":330,"date":"2017-09-17T22:20:35","date_gmt":"2017-09-17T20:20:35","guid":{"rendered":"http:\/\/ship-tracker.org\/?page_id=330"},"modified":"2022-10-27T13:40:19","modified_gmt":"2022-10-27T11:40:19","slug":"costa-fascinosa","status":"publish","type":"page","link":"https:\/\/ship-tracker.org\/tr\/costa-fascinosa\/","title":{"rendered":"Costa Fascinosa"},"content":{"rendered":"<p><script async src=\"https:\/\/pagead2.googlesyndication.com\/pagead\/js\/adsbygoogle.js\"><\/script><br \/>\n<!-- Ship-Tracker Display --><br \/>\n<ins class=\"adsbygoogle\" style=\"display: block;\" data-ad-client=\"ca-pub-1316785063791781\" data-ad-slot=\"8075999632\" data-ad-format=\"auto\" data-full-width-responsive=\"true\"><\/ins><br \/>\n<script>\n     (adsbygoogle = window.adsbygoogle || []).push({});\n<\/script><\/p>\n<h2><span style=\"color: #000000;\">Ge\u00e7erli konum ve <\/span><span style=\"color: #000000;\">Costa Fascinosa&#039;n\u0131n konumu<\/span><\/h2>\n<p>Costa Fascinosa&#039;n\u0131n \u015fu anki konumu \u015fu anda nerede?<br \/>\n<script async src=\"https:\/\/pagead2.googlesyndication.com\/pagead\/js\/adsbygoogle.js\"><\/script><br \/>\n<!-- Schip-Tracker Linkanzeigen --><br \/>\n<ins class=\"adsbygoogle\" style=\"display: block;\" data-ad-client=\"ca-pub-1316785063791781\" data-ad-slot=\"3429004156\" data-ad-format=\"link\" data-full-width-responsive=\"true\"><\/ins><br \/>\n<script>\n     (adsbygoogle = window.adsbygoogle || []).push({});\n<\/script><br \/>\n<script type=\"text\/javascript\">\n  var width=\"1500\";\n  var height=\"500\";\n  var click_to_activate=false;\n  var default_maptype=2;\n  var imo=9479864;\n<\/script><br \/>\n<script type=\"text\/javascript\" src=\"https:\/\/www.vesselfinder.com\/aismap.js\">\n<\/script><\/p>\n<p><script async src=\"https:\/\/pagead2.googlesyndication.com\/pagead\/js\/adsbygoogle.js\"><\/script><br \/>\n<!-- Ship-Tracker Display --><br \/>\n<ins class=\"adsbygoogle\" style=\"display: block;\" data-ad-client=\"ca-pub-1316785063791781\" data-ad-slot=\"8075999632\" data-ad-format=\"auto\" data-full-width-responsive=\"true\"><\/ins><br \/>\n<script>\n     (adsbygoogle = window.adsbygoogle || []).push({});\n<\/script><\/p>\n<p>Costa Fascinosa&#039;n\u0131n mevcut konumunu g\u00f6r\u00fcnt\u00fcleyin.Costa Fascinosa&#039;n\u0131n konumu VesselFinder ve MarineTraffic haritalar\u0131 taraf\u0131ndan do\u011fru bir \u015fekilde belirlenebilir. Yani en sevdi\u011finiz geminizin \u015fu anda nerede oldu\u011fu konusunda her zaman iyi bilgilendirilirsiniz.<\/p>\n<h2 class=\"title\"><span style=\"color: #000000;\">Costa Fascinosa \u0130ncelemesi ve Teknik \u00d6zellikleri<\/span><\/h2>\n<table style=\"height: 294px;\" width=\"400\">\n<tbody>\n<tr>\n<td style=\"width: 192px;\"><strong><span style=\"color: #000000;\">bayrak<\/span><\/strong><\/td>\n<td style=\"width: 192px;\"><span style=\"color: #000000;\">\u0130talya<\/span><\/td>\n<\/tr>\n<tr>\n<td style=\"width: 192px;\"><strong><span style=\"color: #000000;\">Kurulu\u015f y\u0131l\u0131<\/span><\/strong><\/td>\n<td style=\"width: 192px;\"><span style=\"color: #000000;\">2012\u00a0<\/span><\/td>\n<\/tr>\n<tr>\n<td style=\"width: 192px;\"><strong><span style=\"color: #000000;\">in\u015faat\u00e7\u0131<\/span><\/strong><\/td>\n<td style=\"width: 192px;\"><span style=\"color: #000000;\">Fincantieri&#039;nin<\/span><\/td>\n<\/tr>\n<tr>\n<td style=\"width: 192px;\"><strong><span style=\"color: #000000;\">uzunluk<\/span><\/strong><\/td>\n<td style=\"width: 192px;\"><span style=\"color: #000000;\">289<span class=\"specificationUnit\">\u00a0m<\/span><\/span><\/td>\n<\/tr>\n<tr>\n<td style=\"width: 192px;\"><strong><span style=\"color: #000000;\">kiri\u015f<\/span><\/strong><\/td>\n<td style=\"width: 192px;\"><span style=\"color: #000000;\">38<span class=\"specificationUnit\">\u00a0m<\/span><\/span><\/td>\n<\/tr>\n<tr>\n<td style=\"width: 192px;\"><strong><span style=\"color: #000000;\">Br\u00fct Tonaj<\/span><\/strong><\/td>\n<td style=\"width: 192px;\"><span style=\"color: #000000;\">113216<span class=\"specificationUnit\">\u00a0GT<\/span><\/span><\/td>\n<\/tr>\n<tr>\n<td style=\"width: 192px;\"><strong><span style=\"color: #000000;\">Yolcular<\/span><\/strong><\/td>\n<td style=\"width: 192px;\"><span style=\"color: #000000;\">3617<\/span><\/td>\n<\/tr>\n<tr>\n<td style=\"width: 192px;\"><strong><span style=\"color: #000000;\">m\u00fcrettebat<\/span><\/strong><\/td>\n<td style=\"width: 192px;\"><span style=\"color: #000000;\">1100<\/span><\/td>\n<\/tr>\n<tr>\n<td style=\"width: 192px;\"><strong><span style=\"color: #000000;\">g\u00fcverte<\/span><\/strong><\/td>\n<td style=\"width: 192px;\"><span style=\"color: #000000;\">13<\/span><\/td>\n<\/tr>\n<tr>\n<td style=\"width: 192px;\"><span style=\"color: #000000;\"><strong>h\u0131z<\/strong><\/span><\/td>\n<td style=\"width: 192px;\"><span style=\"color: #000000;\">22<span class=\"specificationUnit\">\u00a0kn<\/span><\/span><\/td>\n<\/tr>\n<tr>\n<td style=\"width: 192px;\"><span style=\"color: #000000;\"><strong><b>Kay\u0131t Liman\u0131<\/b><\/strong><\/span><\/td>\n<td style=\"width: 192px;\"><span style=\"color: #000000;\">Sampdoria<\/span><\/td>\n<\/tr>\n<tr>\n<td style=\"width: 192px;\"><span style=\"color: #000000;\"><strong><b>itme<\/b><\/strong><\/span><\/td>\n<td style=\"width: 192px;\"><span style=\"color: #000000;\">Dizel-elektrik<\/span><\/td>\n<\/tr>\n<tr>\n<td style=\"width: 192px;\"><span style=\"color: #000000;\"><strong><b>Seyir Hatt\u0131<\/b><\/strong><\/span><\/td>\n<td style=\"width: 192px;\"><a href=\"https:\/\/ship-tracker.org\/tr\/costa-cruises\/\">Costa Cruises<\/a><\/td>\n<\/tr>\n<\/tbody>\n<\/table>\n<figure id=\"attachment_440\" aria-describedby=\"caption-attachment-440\" style=\"width: 300px\" class=\"wp-caption aligncenter\"><img loading=\"lazy\" decoding=\"async\" class=\"wp-image-440 size-medium\" src=\"https:\/\/ship-tracker.org\/wp-content\/uploads\/2017\/09\/Header_Serena_960x350-300x109-300x109.jpg\" alt=\"Costa Fascinosa\" width=\"300\" height=\"109\" \/><figcaption id=\"caption-attachment-440\" class=\"wp-caption-text\">Costa Fascinosa<\/p>\n<p>\u00a9 Costa Crociere<\/figcaption><\/figure>\n<h3 class=\"title\">Costa Cruises filosu<\/h3>\n<ul>\n<li><a href=\"https:\/\/ship-tracker.org\/tr\/costa-toscana\/\">Costa Toscana<\/a><\/li>\n<li><a href=\"https:\/\/ship-tracker.org\/tr\/costa-firenze\/\">Costa Firenze<\/a><\/li>\n<li><a href=\"https:\/\/ship-tracker.org\/tr\/costa-venezia\/\">Costa Venezia<\/a><\/li>\n<li><a href=\"https:\/\/ship-tracker.org\/tr\/costa-smeralda\/\">Costa Smeralda<\/a><\/li>\n<li><a href=\"https:\/\/ship-tracker.org\/tr\/costa-diadema\/\">Costa Diadema<\/a><\/li>\n<li><a href=\"https:\/\/ship-tracker.org\/tr\/costa-favolosa\/\">Costa Favolosa<\/a><\/li>\n<li><a href=\"https:\/\/ship-tracker.org\/tr\/costa-deliziosa\/\">Costa Deliziosa<\/a><\/li>\n<li><a href=\"https:\/\/ship-tracker.org\/tr\/costa-luminosa\/\">Costa Luminosa<\/a><\/li>\n<li><a href=\"https:\/\/ship-tracker.org\/tr\/costa-pacifica\/\">Costa Pacifica<\/a><\/li>\n<li><a href=\"https:\/\/ship-tracker.org\/tr\/costa-serena\/\">Costa Serena<\/a><\/li>\n<li><a href=\"https:\/\/ship-tracker.org\/tr\/costa-magica\/\">Costa Magica<\/a><\/li>\n<li><a href=\"https:\/\/ship-tracker.org\/tr\/costa-mediterranea\/\">Costa Mediterranea<\/a><\/li>\n<li><a href=\"https:\/\/ship-tracker.org\/tr\/costa-fortuna\/\">Costa Fortuna<\/a><\/li>\n<li><a href=\"https:\/\/ship-tracker.org\/tr\/costa-victoria\/\">Costa Victoria<\/a><\/li>\n<li><a href=\"https:\/\/ship-tracker.org\/tr\/costa-neoromantica\/\">Costa neoRomantica<\/a><\/li>\n<\/ul>\n<p><script async src=\"https:\/\/pagead2.googlesyndication.com\/pagead\/js\/adsbygoogle.js\"><\/script><br \/>\n<!-- Schip-Tracker Linkanzeigen --><br \/>\n<ins class=\"adsbygoogle\" style=\"display: block;\" data-ad-client=\"ca-pub-1316785063791781\" data-ad-slot=\"3429004156\" data-ad-format=\"link\" data-full-width-responsive=\"true\"><\/ins><br \/>\n<script>\n     (adsbygoogle = window.adsbygoogle || []).push({});\n<\/script><\/p>\n<h4><span style=\"color: #000000;\">Costa Fascinosa Videosu<\/span><\/h4>\n<div class=\"su-youtube su-u-responsive-media-yes\"><iframe loading=\"lazy\" width=\"600\" height=\"400\" src=\"https:\/\/www.youtube.com\/embed\/8WP2j6pF-rs?\" frameborder=\"0\" allowfullscreen allow=\"autoplay; encrypted-media; picture-in-picture\" title=\"\"><\/iframe><\/div>","protected":false},"excerpt":{"rendered":"<p>Costa Fascinosa&#039;n\u0131n \u015fu anki konumu ve konumu Costa Fascinosa&#039;n\u0131n \u015fu anki konumu nerede? Costa Fascinosa&#039;n\u0131n mevcut konumunu g\u00f6r\u00fcnt\u00fcleyin. Costa Fascinosa&#039;n\u0131n konumu, VesselFinder ve MarineTraffic haritalar\u0131 ile do\u011fru bir \u015fekilde belirlenebilir. B\u00f6ylece favori geminizin \u015fu anda nerede oldu\u011fu konusunda her zaman iyi bilgi sahibi olursunuz. Costa Fascinosa \u0130ncelemesi ve Teknik \u00d6zellikleri Bayrak \u0130talya\u2026&nbsp;<a href=\"https:\/\/ship-tracker.org\/tr\/costa-fascinosa\/\" rel=\"bookmark\">Devam\u0131n\u0131 oku &quot;<span class=\"screen-reader-text\">Costa Fascinosa<\/span><\/a><\/p>","protected":false},"author":1,"featured_media":0,"parent":0,"menu_order":0,"comment_status":"closed","ping_status":"closed","template":"","meta":{"neve_meta_sidebar":"","neve_meta_container":"","neve_meta_enable_content_width":"","neve_meta_content_width":0,"neve_meta_title_alignment":"","neve_meta_author_avatar":"","neve_post_elements_order":"","neve_meta_disable_header":"","neve_meta_disable_footer":"","neve_meta_disable_title":"","neve_meta_reading_time":"","footnotes":""},"class_list":["post-330","page","type-page","status-publish","hentry"],"yoast_head":"<!-- This site is optimized with the Yoast SEO plugin v26.9 - https:\/\/yoast.com\/product\/yoast-seo-wordpress\/ -->\n<title>Costa Fascinosa \u2503 Current location and position of Costa Cruises<\/title>\n<meta name=\"description\" content=\"Costa Fascinosa \u2693 Current location and position of Costa Fascinosa \u2713 Cruise Ship Tracker \u2713 Live Ship Tracker \u2713 Webcam\" \/>\n<meta name=\"robots\" content=\"index, follow, max-snippet:-1, max-image-preview:large, max-video-preview:-1\" \/>\n<link rel=\"canonical\" href=\"https:\/\/ship-tracker.org\/tr\/costa-fascinosa\/\" \/>\n<meta property=\"og:locale\" content=\"tr_TR\" \/>\n<meta property=\"og:type\" content=\"article\" \/>\n<meta property=\"og:title\" content=\"Costa Fascinosa \u2503 Current location and position of Costa Cruises\" \/>\n<meta property=\"og:description\" content=\"Costa Fascinosa \u2693 Current location and position of Costa Fascinosa \u2713 Cruise Ship Tracker \u2713 Live Ship Tracker \u2713 Webcam\" \/>\n<meta property=\"og:url\" content=\"https:\/\/ship-tracker.org\/tr\/costa-fascinosa\/\" \/>\n<meta property=\"og:site_name\" content=\"Ship-tracker.org\" \/>\n<meta property=\"article:modified_time\" content=\"2022-10-27T11:40:19+00:00\" \/>\n<meta property=\"og:image\" content=\"https:\/\/ship-tracker.org\/wp-content\/uploads\/2017\/09\/Header_Serena_960x350-300x109-300x109.jpg\" \/>\n<meta name=\"twitter:card\" content=\"summary_large_image\" \/>\n<meta name=\"twitter:label1\" content=\"Tahmini okuma s\u00fcresi\" \/>\n\t<meta name=\"twitter:data1\" content=\"1 dakika\" \/>\n<script type=\"application\/ld+json\" class=\"yoast-schema-graph\">{\"@context\":\"https:\/\/schema.org\",\"@graph\":[{\"@type\":\"WebPage\",\"@id\":\"https:\/\/ship-tracker.org\/costa-fascinosa\/\",\"url\":\"https:\/\/ship-tracker.org\/costa-fascinosa\/\",\"name\":\"Costa Fascinosa \u2503 Current location and position of Costa Cruises\",\"isPartOf\":{\"@id\":\"https:\/\/ship-tracker.org\/#website\"},\"primaryImageOfPage\":{\"@id\":\"https:\/\/ship-tracker.org\/costa-fascinosa\/#primaryimage\"},\"image\":{\"@id\":\"https:\/\/ship-tracker.org\/costa-fascinosa\/#primaryimage\"},\"thumbnailUrl\":\"https:\/\/ship-tracker.org\/wp-content\/uploads\/2017\/09\/Header_Serena_960x350-300x109-300x109.jpg\",\"datePublished\":\"2017-09-17T20:20:35+00:00\",\"dateModified\":\"2022-10-27T11:40:19+00:00\",\"description\":\"Costa Fascinosa \u2693 Current location and position of Costa Fascinosa \u2713 Cruise Ship Tracker \u2713 Live Ship Tracker \u2713 Webcam\",\"breadcrumb\":{\"@id\":\"https:\/\/ship-tracker.org\/costa-fascinosa\/#breadcrumb\"},\"inLanguage\":\"tr\",\"potentialAction\":[{\"@type\":\"ReadAction\",\"target\":[\"https:\/\/ship-tracker.org\/costa-fascinosa\/\"]}]},{\"@type\":\"ImageObject\",\"inLanguage\":\"tr\",\"@id\":\"https:\/\/ship-tracker.org\/costa-fascinosa\/#primaryimage\",\"url\":\"https:\/\/ship-tracker.org\/wp-content\/uploads\/2017\/09\/Header_Serena_960x350-300x109-300x109.jpg\",\"contentUrl\":\"https:\/\/ship-tracker.org\/wp-content\/uploads\/2017\/09\/Header_Serena_960x350-300x109-300x109.jpg\"},{\"@type\":\"BreadcrumbList\",\"@id\":\"https:\/\/ship-tracker.org\/costa-fascinosa\/#breadcrumb\",\"itemListElement\":[{\"@type\":\"ListItem\",\"position\":1,\"name\":\"Startseite\",\"item\":\"https:\/\/ship-tracker.org\/\"},{\"@type\":\"ListItem\",\"position\":2,\"name\":\"Costa Fascinosa\"}]},{\"@type\":\"WebSite\",\"@id\":\"https:\/\/ship-tracker.org\/#website\",\"url\":\"https:\/\/ship-tracker.org\/\",\"name\":\"Ship-tracker.org\",\"description\":\"\",\"potentialAction\":[{\"@type\":\"SearchAction\",\"target\":{\"@type\":\"EntryPoint\",\"urlTemplate\":\"https:\/\/ship-tracker.org\/?s={search_term_string}\"},\"query-input\":{\"@type\":\"PropertyValueSpecification\",\"valueRequired\":true,\"valueName\":\"search_term_string\"}}],\"inLanguage\":\"tr\"}]}<\/script>\n<!-- \/ Yoast SEO plugin. -->","yoast_head_json":{"title":"Costa Fascinosa \u2503 Costa Cruises&#039;\u0131n \u015fu anki konumu ve konumu","description":"Costa Fascinosa \u2693 Costa Fascinosa&#039;n\u0131n \u015fu anki konumu ve konumu \u2713 Yolcu Gemisi Takibi \u2713 Canl\u0131 Gemi Takibi \u2713 Web Kameras\u0131","robots":{"index":"index","follow":"follow","max-snippet":"max-snippet:-1","max-image-preview":"max-image-preview:large","max-video-preview":"max-video-preview:-1"},"canonical":"https:\/\/ship-tracker.org\/tr\/costa-fascinosa\/","og_locale":"tr_TR","og_type":"article","og_title":"Costa Fascinosa \u2503 Current location and position of Costa Cruises","og_description":"Costa Fascinosa \u2693 Current location and position of Costa Fascinosa \u2713 Cruise Ship Tracker \u2713 Live Ship Tracker \u2713 Webcam","og_url":"https:\/\/ship-tracker.org\/tr\/costa-fascinosa\/","og_site_name":"Ship-tracker.org","article_modified_time":"2022-10-27T11:40:19+00:00","og_image":[{"url":"https:\/\/ship-tracker.org\/wp-content\/uploads\/2017\/09\/Header_Serena_960x350-300x109-300x109.jpg","type":"","width":"","height":""}],"twitter_card":"summary_large_image","twitter_misc":{"Tahmini okuma s\u00fcresi":"1 dakika"},"schema":{"@context":"https:\/\/schema.org","@graph":[{"@type":"WebPage","@id":"https:\/\/ship-tracker.org\/costa-fascinosa\/","url":"https:\/\/ship-tracker.org\/costa-fascinosa\/","name":"Costa Fascinosa \u2503 Costa Cruises&#039;\u0131n \u015fu anki konumu ve konumu","isPartOf":{"@id":"https:\/\/ship-tracker.org\/#website"},"primaryImageOfPage":{"@id":"https:\/\/ship-tracker.org\/costa-fascinosa\/#primaryimage"},"image":{"@id":"https:\/\/ship-tracker.org\/costa-fascinosa\/#primaryimage"},"thumbnailUrl":"https:\/\/ship-tracker.org\/wp-content\/uploads\/2017\/09\/Header_Serena_960x350-300x109-300x109.jpg","datePublished":"2017-09-17T20:20:35+00:00","dateModified":"2022-10-27T11:40:19+00:00","description":"Costa Fascinosa \u2693 Costa Fascinosa&#039;n\u0131n \u015fu anki konumu ve konumu \u2713 Yolcu Gemisi Takibi \u2713 Canl\u0131 Gemi Takibi \u2713 Web Kameras\u0131","breadcrumb":{"@id":"https:\/\/ship-tracker.org\/costa-fascinosa\/#breadcrumb"},"inLanguage":"tr","potentialAction":[{"@type":"ReadAction","target":["https:\/\/ship-tracker.org\/costa-fascinosa\/"]}]},{"@type":"ImageObject","inLanguage":"tr","@id":"https:\/\/ship-tracker.org\/costa-fascinosa\/#primaryimage","url":"https:\/\/ship-tracker.org\/wp-content\/uploads\/2017\/09\/Header_Serena_960x350-300x109-300x109.jpg","contentUrl":"https:\/\/ship-tracker.org\/wp-content\/uploads\/2017\/09\/Header_Serena_960x350-300x109-300x109.jpg"},{"@type":"BreadcrumbList","@id":"https:\/\/ship-tracker.org\/costa-fascinosa\/#breadcrumb","itemListElement":[{"@type":"ListItem","position":1,"name":"Startseite","item":"https:\/\/ship-tracker.org\/"},{"@type":"ListItem","position":2,"name":"Costa Fascinosa"}]},{"@type":"WebSite","@id":"https:\/\/ship-tracker.org\/#website","url":"https:\/\/ship-tracker.org\/","name":"Ship-tracker.org","description":"","potentialAction":[{"@type":"SearchAction","target":{"@type":"EntryPoint","urlTemplate":"https:\/\/ship-tracker.org\/?s={search_term_string}"},"query-input":{"@type":"PropertyValueSpecification","valueRequired":true,"valueName":"search_term_string"}}],"inLanguage":"tr"}]}},"_links":{"self":[{"href":"https:\/\/ship-tracker.org\/tr\/wp-json\/wp\/v2\/pages\/330","targetHints":{"allow":["GET"]}}],"collection":[{"href":"https:\/\/ship-tracker.org\/tr\/wp-json\/wp\/v2\/pages"}],"about":[{"href":"https:\/\/ship-tracker.org\/tr\/wp-json\/wp\/v2\/types\/page"}],"author":[{"embeddable":true,"href":"https:\/\/ship-tracker.org\/tr\/wp-json\/wp\/v2\/users\/1"}],"replies":[{"embeddable":true,"href":"https:\/\/ship-tracker.org\/tr\/wp-json\/wp\/v2\/comments?post=330"}],"version-history":[{"count":7,"href":"https:\/\/ship-tracker.org\/tr\/wp-json\/wp\/v2\/pages\/330\/revisions"}],"predecessor-version":[{"id":2263,"href":"https:\/\/ship-tracker.org\/tr\/wp-json\/wp\/v2\/pages\/330\/revisions\/2263"}],"wp:attachment":[{"href":"https:\/\/ship-tracker.org\/tr\/wp-json\/wp\/v2\/media?parent=330"}],"curies":[{"name":"wp","href":"https:\/\/api.w.org\/{rel}","templated":true}]}}