{"id":3243,"date":"2020-05-14T21:09:53","date_gmt":"2020-05-14T19:09:53","guid":{"rendered":"https:\/\/ship-tracker.org\/?page_id=3243"},"modified":"2020-05-14T21:09:53","modified_gmt":"2020-05-14T19:09:53","slug":"american-queen-steamboat-company","status":"publish","type":"page","link":"https:\/\/ship-tracker.org\/tr\/american-queen-steamboat-company\/","title":{"rendered":"American Queen Steamboat Company"},"content":{"rendered":"<h2>American Queen Steamboat Company Fleet Location Gemiler, IMO numaralar\u0131, MMSI, Webcam<\/h2>\n<p>American Queen Steamboat Company Fleet&#039;in \u015fu anki konumu nerededir?<\/p>\n<table style=\"border-collapse: collapse; width: 100%; height: 168px;\">\n<tbody>\n<tr style=\"height: 24px;\">\n<td style=\"width: 457px; height: 24px;\"><span style=\"color: #1f405b;\"><strong>Gemi<\/strong><\/span><\/td>\n<td style=\"width: 456px; height: 24px;\"><span style=\"color: #1f405b;\"><strong>IMO<\/strong><\/span><\/td>\n<td style=\"width: 456px; height: 24px;\"><span style=\"color: #1f405b;\"><strong>MMSI<\/strong><\/span><\/td>\n<\/tr>\n<tr style=\"height: 24px;\">\n<td style=\"width: 457px; height: 24px;\"><a href=\"https:\/\/ship-tracker.org\/tr\/american-duchess\/\">American Duchess<\/a><\/td>\n<td style=\"width: 456px; height: 24px;\"><\/td>\n<td style=\"width: 456px; height: 24px;\">367755720<\/td>\n<\/tr>\n<tr style=\"height: 24px;\">\n<td style=\"width: 457px; height: 24px;\"><a href=\"https:\/\/ship-tracker.org\/tr\/american-queen\/\">American Queen<\/a><\/td>\n<td style=\"width: 456px; height: 24px;\"><\/td>\n<td style=\"width: 456px; height: 24px;\">366950740<\/td>\n<\/tr>\n<tr style=\"height: 24px;\">\n<td style=\"width: 457px; height: 24px;\"><a href=\"https:\/\/ship-tracker.org\/tr\/american-countess\/\">American Countess<\/a><\/td>\n<td style=\"width: 456px; height: 24px;\"><\/td>\n<td style=\"width: 456px; height: 24px;\">368048990<\/td>\n<\/tr>\n<tr style=\"height: 24px;\">\n<td style=\"width: 457px; height: 24px;\"><a href=\"https:\/\/ship-tracker.org\/tr\/american-empress\/\">American Empress<\/a><\/td>\n<td style=\"width: 456px; height: 24px;\">9263538<\/td>\n<td style=\"width: 456px; height: 24px;\">367611420<\/td>\n<\/tr>\n<tr style=\"height: 24px;\">\n<td style=\"width: 457px; height: 24px;\"><a href=\"https:\/\/ship-tracker.org\/tr\/ms-victory-i\/\">MS Victory I<\/a><\/td>\n<td style=\"width: 456px; height: 24px;\">9213129<\/td>\n<td style=\"width: 456px; height: 24px;\">311050400<\/td>\n<\/tr>\n<tr style=\"height: 24px;\">\n<td style=\"width: 457px; height: 24px;\"><a href=\"https:\/\/ship-tracker.org\/tr\/ms-victory-ii\/\">MS Victory II<\/a><\/td>\n<td style=\"width: 456px; height: 24px;\">9213131<\/td>\n<td style=\"width: 456px; height: 24px;\">311050300<\/td>\n<\/tr>\n<tr>\n<td style=\"width: 457px;\"><a href=\"https:\/\/ship-tracker.org\/tr\/ocean-victory\/\">Ocean Victory<\/a><\/td>\n<td style=\"width: 456px;\">yeni gemi<\/td>\n<td style=\"width: 456px;\">2020<\/td>\n<\/tr>\n<tr>\n<td style=\"width: 457px;\"><a href=\"https:\/\/ship-tracker.org\/tr\/ocean-discoverer\/\">Ocean Discoverer<\/a><\/td>\n<td style=\"width: 456px;\">yeni gemi<\/td>\n<td style=\"width: 456px;\">2022<\/td>\n<\/tr>\n<\/tbody>\n<\/table>","protected":false},"excerpt":{"rendered":"<p>American Queen Steamboat Company Filosu Konumu Gemiler, IMO numaralar\u0131, MMSI, Web kameralar\u0131 American Queen Steamboat Company Filosunun \u015fu anki konumu nerede? Gemi IMO MMSI American Duchess 367755720 American Queen 366950740 American Countess 368048990 American Empress 9263538 367611420 MS Victory I 9213129 311050400 MS Victory II 9213131 311050300 Ocean Victory yeni gemi 2020 Ocean\u2026&nbsp;<a href=\"https:\/\/ship-tracker.org\/tr\/american-queen-steamboat-company\/\" rel=\"bookmark\">Devam\u0131n\u0131 oku &quot;<span class=\"screen-reader-text\">American Queen Steamboat Company<\/span><\/a><\/p>","protected":false},"author":1,"featured_media":3244,"parent":0,"menu_order":0,"comment_status":"closed","ping_status":"closed","template":"","meta":{"neve_meta_sidebar":"","neve_meta_container":"","neve_meta_enable_content_width":"","neve_meta_content_width":0,"neve_meta_title_alignment":"","neve_meta_author_avatar":"","neve_post_elements_order":"","neve_meta_disable_header":"","neve_meta_disable_footer":"","neve_meta_disable_title":"","neve_meta_reading_time":"","footnotes":""},"class_list":["post-3243","page","type-page","status-publish","has-post-thumbnail","hentry"],"yoast_head":"<!-- This site is optimized with the Yoast SEO plugin v27.4 - https:\/\/yoast.com\/product\/yoast-seo-wordpress\/ -->\n<title>Track American Queen Steamboat Company Fleet | Marine Vessel<\/title>\n<meta name=\"description\" content=\"ll\u2b50\u27a4 American Queen Steamboat Company Fleet Location | Current Positions of Ships, IMO numbers, MMSI, Webcam | Live Fleet Maps | Ship Tracker\" \/>\n<meta name=\"robots\" content=\"index, follow, max-snippet:-1, max-image-preview:large, max-video-preview:-1\" \/>\n<link rel=\"canonical\" href=\"https:\/\/ship-tracker.org\/tr\/american-queen-steamboat-company\/\" \/>\n<meta property=\"og:locale\" content=\"tr_TR\" \/>\n<meta property=\"og:type\" content=\"article\" \/>\n<meta property=\"og:title\" content=\"Track American Queen Steamboat Company Fleet | Marine Vessel\" \/>\n<meta property=\"og:description\" content=\"ll\u2b50\u27a4 American Queen Steamboat Company Fleet Location | Current Positions of Ships, IMO numbers, MMSI, Webcam | Live Fleet Maps | Ship Tracker\" \/>\n<meta property=\"og:url\" content=\"https:\/\/ship-tracker.org\/tr\/american-queen-steamboat-company\/\" \/>\n<meta property=\"og:site_name\" content=\"Ship-tracker.org\" \/>\n<meta property=\"og:image\" content=\"https:\/\/ship-tracker.org\/wp-content\/uploads\/2020\/05\/american-queen-steamboat-company-web-480x327-1.jpg\" \/>\n\t<meta property=\"og:image:width\" content=\"480\" \/>\n\t<meta property=\"og:image:height\" content=\"327\" \/>\n\t<meta property=\"og:image:type\" content=\"image\/jpeg\" \/>\n<meta name=\"twitter:card\" content=\"summary_large_image\" \/>\n<script type=\"application\/ld+json\" class=\"yoast-schema-graph\">{\"@context\":\"https:\\\/\\\/schema.org\",\"@graph\":[{\"@type\":\"WebPage\",\"@id\":\"https:\\\/\\\/ship-tracker.org\\\/american-queen-steamboat-company\\\/\",\"url\":\"https:\\\/\\\/ship-tracker.org\\\/american-queen-steamboat-company\\\/\",\"name\":\"Track American Queen Steamboat Company Fleet | Marine Vessel\",\"isPartOf\":{\"@id\":\"https:\\\/\\\/ship-tracker.org\\\/#website\"},\"primaryImageOfPage\":{\"@id\":\"https:\\\/\\\/ship-tracker.org\\\/american-queen-steamboat-company\\\/#primaryimage\"},\"image\":{\"@id\":\"https:\\\/\\\/ship-tracker.org\\\/american-queen-steamboat-company\\\/#primaryimage\"},\"thumbnailUrl\":\"https:\\\/\\\/ship-tracker.org\\\/wp-content\\\/uploads\\\/2020\\\/05\\\/american-queen-steamboat-company-web-480x327-1.jpg\",\"datePublished\":\"2020-05-14T19:09:53+00:00\",\"description\":\"ll\u2b50\u27a4 American Queen Steamboat Company Fleet Location | Current Positions of Ships, IMO numbers, MMSI, Webcam | Live Fleet Maps | Ship Tracker\",\"breadcrumb\":{\"@id\":\"https:\\\/\\\/ship-tracker.org\\\/american-queen-steamboat-company\\\/#breadcrumb\"},\"inLanguage\":\"tr\",\"potentialAction\":[{\"@type\":\"ReadAction\",\"target\":[\"https:\\\/\\\/ship-tracker.org\\\/american-queen-steamboat-company\\\/\"]}]},{\"@type\":\"ImageObject\",\"inLanguage\":\"tr\",\"@id\":\"https:\\\/\\\/ship-tracker.org\\\/american-queen-steamboat-company\\\/#primaryimage\",\"url\":\"https:\\\/\\\/ship-tracker.org\\\/wp-content\\\/uploads\\\/2020\\\/05\\\/american-queen-steamboat-company-web-480x327-1.jpg\",\"contentUrl\":\"https:\\\/\\\/ship-tracker.org\\\/wp-content\\\/uploads\\\/2020\\\/05\\\/american-queen-steamboat-company-web-480x327-1.jpg\",\"width\":480,\"height\":327,\"caption\":\"American Queen Steamboat Company\"},{\"@type\":\"BreadcrumbList\",\"@id\":\"https:\\\/\\\/ship-tracker.org\\\/american-queen-steamboat-company\\\/#breadcrumb\",\"itemListElement\":[{\"@type\":\"ListItem\",\"position\":1,\"name\":\"Startseite\",\"item\":\"https:\\\/\\\/ship-tracker.org\\\/\"},{\"@type\":\"ListItem\",\"position\":2,\"name\":\"American Queen Steamboat Company\"}]},{\"@type\":\"WebSite\",\"@id\":\"https:\\\/\\\/ship-tracker.org\\\/#website\",\"url\":\"https:\\\/\\\/ship-tracker.org\\\/\",\"name\":\"Ship-tracker.org\",\"description\":\"\",\"potentialAction\":[{\"@type\":\"SearchAction\",\"target\":{\"@type\":\"EntryPoint\",\"urlTemplate\":\"https:\\\/\\\/ship-tracker.org\\\/?s={search_term_string}\"},\"query-input\":{\"@type\":\"PropertyValueSpecification\",\"valueRequired\":true,\"valueName\":\"search_term_string\"}}],\"inLanguage\":\"tr\"}]}<\/script>\n<!-- \/ Yoast SEO plugin. -->","yoast_head_json":{"title":"Par\u00e7a American Queen Steamboat \u015eirket Filosu | Deniz Ara\u00e7lar\u0131","description":"ll\u2b50\u27a4 Amerikan Krali\u00e7esi Steamboat \u015eirketi Filo Konumu | Gemilerin Ge\u00e7erli Konumlar\u0131, IMO numaralar\u0131, MMSI, Webcam | Canl\u0131 Filo Haritalar\u0131 | Gemi Takibi","robots":{"index":"index","follow":"follow","max-snippet":"max-snippet:-1","max-image-preview":"max-image-preview:large","max-video-preview":"max-video-preview:-1"},"canonical":"https:\/\/ship-tracker.org\/tr\/american-queen-steamboat-company\/","og_locale":"tr_TR","og_type":"article","og_title":"Track American Queen Steamboat Company Fleet | Marine Vessel","og_description":"ll\u2b50\u27a4 American Queen Steamboat Company Fleet Location | Current Positions of Ships, IMO numbers, MMSI, Webcam | Live Fleet Maps | Ship Tracker","og_url":"https:\/\/ship-tracker.org\/tr\/american-queen-steamboat-company\/","og_site_name":"Ship-tracker.org","og_image":[{"width":480,"height":327,"url":"https:\/\/ship-tracker.org\/wp-content\/uploads\/2020\/05\/american-queen-steamboat-company-web-480x327-1.jpg","type":"image\/jpeg"}],"twitter_card":"summary_large_image","schema":{"@context":"https:\/\/schema.org","@graph":[{"@type":"WebPage","@id":"https:\/\/ship-tracker.org\/american-queen-steamboat-company\/","url":"https:\/\/ship-tracker.org\/american-queen-steamboat-company\/","name":"Par\u00e7a American Queen Steamboat \u015eirket Filosu | Deniz Ara\u00e7lar\u0131","isPartOf":{"@id":"https:\/\/ship-tracker.org\/#website"},"primaryImageOfPage":{"@id":"https:\/\/ship-tracker.org\/american-queen-steamboat-company\/#primaryimage"},"image":{"@id":"https:\/\/ship-tracker.org\/american-queen-steamboat-company\/#primaryimage"},"thumbnailUrl":"https:\/\/ship-tracker.org\/wp-content\/uploads\/2020\/05\/american-queen-steamboat-company-web-480x327-1.jpg","datePublished":"2020-05-14T19:09:53+00:00","description":"ll\u2b50\u27a4 Amerikan Krali\u00e7esi Steamboat \u015eirketi Filo Konumu | Gemilerin Ge\u00e7erli Konumlar\u0131, IMO numaralar\u0131, MMSI, Webcam | Canl\u0131 Filo Haritalar\u0131 | Gemi Takibi","breadcrumb":{"@id":"https:\/\/ship-tracker.org\/american-queen-steamboat-company\/#breadcrumb"},"inLanguage":"tr","potentialAction":[{"@type":"ReadAction","target":["https:\/\/ship-tracker.org\/american-queen-steamboat-company\/"]}]},{"@type":"ImageObject","inLanguage":"tr","@id":"https:\/\/ship-tracker.org\/american-queen-steamboat-company\/#primaryimage","url":"https:\/\/ship-tracker.org\/wp-content\/uploads\/2020\/05\/american-queen-steamboat-company-web-480x327-1.jpg","contentUrl":"https:\/\/ship-tracker.org\/wp-content\/uploads\/2020\/05\/american-queen-steamboat-company-web-480x327-1.jpg","width":480,"height":327,"caption":"American Queen Steamboat Company"},{"@type":"BreadcrumbList","@id":"https:\/\/ship-tracker.org\/american-queen-steamboat-company\/#breadcrumb","itemListElement":[{"@type":"ListItem","position":1,"name":"Startseite","item":"https:\/\/ship-tracker.org\/"},{"@type":"ListItem","position":2,"name":"American Queen Steamboat Company"}]},{"@type":"WebSite","@id":"https:\/\/ship-tracker.org\/#website","url":"https:\/\/ship-tracker.org\/","name":"Ship-tracker.org","description":"","potentialAction":[{"@type":"SearchAction","target":{"@type":"EntryPoint","urlTemplate":"https:\/\/ship-tracker.org\/?s={search_term_string}"},"query-input":{"@type":"PropertyValueSpecification","valueRequired":true,"valueName":"search_term_string"}}],"inLanguage":"tr"}]}},"_links":{"self":[{"href":"https:\/\/ship-tracker.org\/tr\/wp-json\/wp\/v2\/pages\/3243","targetHints":{"allow":["GET"]}}],"collection":[{"href":"https:\/\/ship-tracker.org\/tr\/wp-json\/wp\/v2\/pages"}],"about":[{"href":"https:\/\/ship-tracker.org\/tr\/wp-json\/wp\/v2\/types\/page"}],"author":[{"embeddable":true,"href":"https:\/\/ship-tracker.org\/tr\/wp-json\/wp\/v2\/users\/1"}],"replies":[{"embeddable":true,"href":"https:\/\/ship-tracker.org\/tr\/wp-json\/wp\/v2\/comments?post=3243"}],"version-history":[{"count":2,"href":"https:\/\/ship-tracker.org\/tr\/wp-json\/wp\/v2\/pages\/3243\/revisions"}],"predecessor-version":[{"id":3246,"href":"https:\/\/ship-tracker.org\/tr\/wp-json\/wp\/v2\/pages\/3243\/revisions\/3246"}],"wp:featuredmedia":[{"embeddable":true,"href":"https:\/\/ship-tracker.org\/tr\/wp-json\/wp\/v2\/media\/3244"}],"wp:attachment":[{"href":"https:\/\/ship-tracker.org\/tr\/wp-json\/wp\/v2\/media?parent=3243"}],"curies":[{"name":"wp","href":"https:\/\/api.w.org\/{rel}","templated":true}]}}