{"id":3020,"date":"2020-05-12T17:54:13","date_gmt":"2020-05-12T15:54:13","guid":{"rendered":"https:\/\/ship-tracker.org\/?page_id=3020"},"modified":"2022-11-01T13:56:52","modified_gmt":"2022-11-01T12:56:52","slug":"virgin-voyages","status":"publish","type":"page","link":"https:\/\/ship-tracker.org\/tr\/virgin-voyages\/","title":{"rendered":"Virgin Voyages"},"content":{"rendered":"<h2><span style=\"color: #000000;\">Virgin Voyages<\/span> Filo Konum Gemileri, IMO numaralar\u0131 ve MMSI<\/h2>\n<p>Virgin Voyages Fleet&#039;in \u015fu anki konumu nerededir?<\/p>\n<table style=\"border-collapse: collapse; width: 100%; height: 72px;\">\n<tbody>\n<tr style=\"height: 24px;\">\n<td style=\"width: 457px; height: 24px;\"><span style=\"color: #1f405b;\"><strong>Gemi<\/strong><\/span><\/td>\n<td style=\"width: 456px; height: 24px;\"><span style=\"color: #1f405b;\"><strong>IMO<\/strong><\/span><\/td>\n<td style=\"width: 456px; height: 24px;\"><span style=\"color: #1f405b;\"><strong>MMSI<\/strong><\/span><\/td>\n<\/tr>\n<tr style=\"height: 24px;\">\n<td style=\"width: 457px; height: 24px;\"><a href=\"https:\/\/ship-tracker.org\/tr\/valiant-lady\/\">Valiant Lady<\/a><\/td>\n<td style=\"width: 456px; height: 24px;\">9805336<\/td>\n<td style=\"width: 456px; height: 24px;\">311000983<\/td>\n<\/tr>\n<tr style=\"height: 24px;\">\n<td style=\"width: 457px; height: 24px;\"><a href=\"https:\/\/ship-tracker.org\/tr\/scarlet-lady\/\">Scarlet Lady<\/a><\/td>\n<td style=\"width: 456px; height: 24px;\">9804801<\/td>\n<td style=\"width: 456px; height: 24px;\">311000807<\/td>\n<\/tr>\n<tr>\n<td style=\"width: 457px;\"><a href=\"https:\/\/ship-tracker.org\/tr\/resilient-lady\/\">esnek bayan<\/a><\/td>\n<td style=\"width: 456px;\">9805348<\/td>\n<td style=\"width: 456px;\">247437500<\/td>\n<\/tr>\n<\/tbody>\n<\/table>","protected":false},"excerpt":{"rendered":"<p>Virgin Voyages Filo Lokasyonu Gemiler, IMO numaralar\u0131 ve MMSI Virgin Voyages Filosunun \u015fu anki konumu nerede? Gemi IMO MMSI Valiant Lady 9805336 311000983 Scarlet Lady 9804801 311000807 Resilient Lady 9805348 247437500<\/p>","protected":false},"author":1,"featured_media":3022,"parent":0,"menu_order":0,"comment_status":"closed","ping_status":"closed","template":"","meta":{"neve_meta_sidebar":"","neve_meta_container":"","neve_meta_enable_content_width":"","neve_meta_content_width":0,"neve_meta_title_alignment":"","neve_meta_author_avatar":"","neve_post_elements_order":"","neve_meta_disable_header":"","neve_meta_disable_footer":"","neve_meta_disable_title":"","neve_meta_reading_time":"","footnotes":""},"class_list":["post-3020","page","type-page","status-publish","has-post-thumbnail","hentry"],"yoast_head":"<!-- This site is optimized with the Yoast SEO plugin v27.4 - https:\/\/yoast.com\/product\/yoast-seo-wordpress\/ -->\n<title>Track Virgin Voyages Fleet | Cruise Ships | Marine Vessel<\/title>\n<meta name=\"description\" content=\"Virgin Voyages Fleet Location | Current Positions of Virgin Voyages Ships, IMO numbers, MMSI, Webcam | Live Fleet Maps | Ship Tracker\" \/>\n<meta name=\"robots\" content=\"index, follow, max-snippet:-1, max-image-preview:large, max-video-preview:-1\" \/>\n<link rel=\"canonical\" href=\"https:\/\/ship-tracker.org\/tr\/virgin-voyages\/\" \/>\n<meta property=\"og:locale\" content=\"tr_TR\" \/>\n<meta property=\"og:type\" content=\"article\" \/>\n<meta property=\"og:title\" content=\"Track Virgin Voyages Fleet | Cruise Ships | Marine Vessel\" \/>\n<meta property=\"og:description\" content=\"Virgin Voyages Fleet Location | Current Positions of Virgin Voyages Ships, IMO numbers, MMSI, Webcam | Live Fleet Maps | Ship Tracker\" \/>\n<meta property=\"og:url\" content=\"https:\/\/ship-tracker.org\/tr\/virgin-voyages\/\" \/>\n<meta property=\"og:site_name\" content=\"Ship-tracker.org\" \/>\n<meta property=\"article:modified_time\" content=\"2022-11-01T12:56:52+00:00\" \/>\n<meta property=\"og:image\" content=\"https:\/\/ship-tracker.org\/wp-content\/uploads\/2020\/05\/virgin-voyages.jpg\" \/>\n\t<meta property=\"og:image:width\" content=\"500\" \/>\n\t<meta property=\"og:image:height\" content=\"250\" \/>\n\t<meta property=\"og:image:type\" content=\"image\/jpeg\" \/>\n<meta name=\"twitter:card\" content=\"summary_large_image\" \/>\n<meta name=\"twitter:label1\" content=\"Tahmini okuma s\u00fcresi\" \/>\n\t<meta name=\"twitter:data1\" content=\"1 dakika\" \/>\n<script type=\"application\/ld+json\" class=\"yoast-schema-graph\">{\"@context\":\"https:\\\/\\\/schema.org\",\"@graph\":[{\"@type\":\"WebPage\",\"@id\":\"https:\\\/\\\/ship-tracker.org\\\/virgin-voyages\\\/\",\"url\":\"https:\\\/\\\/ship-tracker.org\\\/virgin-voyages\\\/\",\"name\":\"Track Virgin Voyages Fleet | Cruise Ships | Marine Vessel\",\"isPartOf\":{\"@id\":\"https:\\\/\\\/ship-tracker.org\\\/#website\"},\"primaryImageOfPage\":{\"@id\":\"https:\\\/\\\/ship-tracker.org\\\/virgin-voyages\\\/#primaryimage\"},\"image\":{\"@id\":\"https:\\\/\\\/ship-tracker.org\\\/virgin-voyages\\\/#primaryimage\"},\"thumbnailUrl\":\"https:\\\/\\\/ship-tracker.org\\\/wp-content\\\/uploads\\\/2020\\\/05\\\/virgin-voyages.jpg\",\"datePublished\":\"2020-05-12T15:54:13+00:00\",\"dateModified\":\"2022-11-01T12:56:52+00:00\",\"description\":\"Virgin Voyages Fleet Location | Current Positions of Virgin Voyages Ships, IMO numbers, MMSI, Webcam | Live Fleet Maps | Ship Tracker\",\"breadcrumb\":{\"@id\":\"https:\\\/\\\/ship-tracker.org\\\/virgin-voyages\\\/#breadcrumb\"},\"inLanguage\":\"tr\",\"potentialAction\":[{\"@type\":\"ReadAction\",\"target\":[\"https:\\\/\\\/ship-tracker.org\\\/virgin-voyages\\\/\"]}]},{\"@type\":\"ImageObject\",\"inLanguage\":\"tr\",\"@id\":\"https:\\\/\\\/ship-tracker.org\\\/virgin-voyages\\\/#primaryimage\",\"url\":\"https:\\\/\\\/ship-tracker.org\\\/wp-content\\\/uploads\\\/2020\\\/05\\\/virgin-voyages.jpg\",\"contentUrl\":\"https:\\\/\\\/ship-tracker.org\\\/wp-content\\\/uploads\\\/2020\\\/05\\\/virgin-voyages.jpg\",\"width\":500,\"height\":250,\"caption\":\"Virgin Voyages\"},{\"@type\":\"BreadcrumbList\",\"@id\":\"https:\\\/\\\/ship-tracker.org\\\/virgin-voyages\\\/#breadcrumb\",\"itemListElement\":[{\"@type\":\"ListItem\",\"position\":1,\"name\":\"Startseite\",\"item\":\"https:\\\/\\\/ship-tracker.org\\\/\"},{\"@type\":\"ListItem\",\"position\":2,\"name\":\"Virgin Voyages\"}]},{\"@type\":\"WebSite\",\"@id\":\"https:\\\/\\\/ship-tracker.org\\\/#website\",\"url\":\"https:\\\/\\\/ship-tracker.org\\\/\",\"name\":\"Ship-tracker.org\",\"description\":\"\",\"potentialAction\":[{\"@type\":\"SearchAction\",\"target\":{\"@type\":\"EntryPoint\",\"urlTemplate\":\"https:\\\/\\\/ship-tracker.org\\\/?s={search_term_string}\"},\"query-input\":{\"@type\":\"PropertyValueSpecification\",\"valueRequired\":true,\"valueName\":\"search_term_string\"}}],\"inLanguage\":\"tr\"}]}<\/script>\n<!-- \/ Yoast SEO plugin. -->","yoast_head_json":{"title":"Virgin Voyages Filosunu izle | Cruise Gemileri | Deniz Ara\u00e7lar\u0131","description":"Virgin Voyages Filo Konumu | Virgin Voyages Gemilerinin Mevcut Konumlar\u0131, IMO numaralar\u0131, MMSI, Web Kameras\u0131 | Canl\u0131 Filo Haritalar\u0131 | Gemi Takibi","robots":{"index":"index","follow":"follow","max-snippet":"max-snippet:-1","max-image-preview":"max-image-preview:large","max-video-preview":"max-video-preview:-1"},"canonical":"https:\/\/ship-tracker.org\/tr\/virgin-voyages\/","og_locale":"tr_TR","og_type":"article","og_title":"Track Virgin Voyages Fleet | Cruise Ships | Marine Vessel","og_description":"Virgin Voyages Fleet Location | Current Positions of Virgin Voyages Ships, IMO numbers, MMSI, Webcam | Live Fleet Maps | Ship Tracker","og_url":"https:\/\/ship-tracker.org\/tr\/virgin-voyages\/","og_site_name":"Ship-tracker.org","article_modified_time":"2022-11-01T12:56:52+00:00","og_image":[{"width":500,"height":250,"url":"https:\/\/ship-tracker.org\/wp-content\/uploads\/2020\/05\/virgin-voyages.jpg","type":"image\/jpeg"}],"twitter_card":"summary_large_image","twitter_misc":{"Tahmini okuma s\u00fcresi":"1 dakika"},"schema":{"@context":"https:\/\/schema.org","@graph":[{"@type":"WebPage","@id":"https:\/\/ship-tracker.org\/virgin-voyages\/","url":"https:\/\/ship-tracker.org\/virgin-voyages\/","name":"Virgin Voyages Filosunu izle | Cruise Gemileri | Deniz Ara\u00e7lar\u0131","isPartOf":{"@id":"https:\/\/ship-tracker.org\/#website"},"primaryImageOfPage":{"@id":"https:\/\/ship-tracker.org\/virgin-voyages\/#primaryimage"},"image":{"@id":"https:\/\/ship-tracker.org\/virgin-voyages\/#primaryimage"},"thumbnailUrl":"https:\/\/ship-tracker.org\/wp-content\/uploads\/2020\/05\/virgin-voyages.jpg","datePublished":"2020-05-12T15:54:13+00:00","dateModified":"2022-11-01T12:56:52+00:00","description":"Virgin Voyages Filo Konumu | Virgin Voyages Gemilerinin Mevcut Konumlar\u0131, IMO numaralar\u0131, MMSI, Web Kameras\u0131 | Canl\u0131 Filo Haritalar\u0131 | Gemi Takibi","breadcrumb":{"@id":"https:\/\/ship-tracker.org\/virgin-voyages\/#breadcrumb"},"inLanguage":"tr","potentialAction":[{"@type":"ReadAction","target":["https:\/\/ship-tracker.org\/virgin-voyages\/"]}]},{"@type":"ImageObject","inLanguage":"tr","@id":"https:\/\/ship-tracker.org\/virgin-voyages\/#primaryimage","url":"https:\/\/ship-tracker.org\/wp-content\/uploads\/2020\/05\/virgin-voyages.jpg","contentUrl":"https:\/\/ship-tracker.org\/wp-content\/uploads\/2020\/05\/virgin-voyages.jpg","width":500,"height":250,"caption":"Virgin Voyages"},{"@type":"BreadcrumbList","@id":"https:\/\/ship-tracker.org\/virgin-voyages\/#breadcrumb","itemListElement":[{"@type":"ListItem","position":1,"name":"Startseite","item":"https:\/\/ship-tracker.org\/"},{"@type":"ListItem","position":2,"name":"Virgin Voyages"}]},{"@type":"WebSite","@id":"https:\/\/ship-tracker.org\/#website","url":"https:\/\/ship-tracker.org\/","name":"Ship-tracker.org","description":"","potentialAction":[{"@type":"SearchAction","target":{"@type":"EntryPoint","urlTemplate":"https:\/\/ship-tracker.org\/?s={search_term_string}"},"query-input":{"@type":"PropertyValueSpecification","valueRequired":true,"valueName":"search_term_string"}}],"inLanguage":"tr"}]}},"_links":{"self":[{"href":"https:\/\/ship-tracker.org\/tr\/wp-json\/wp\/v2\/pages\/3020","targetHints":{"allow":["GET"]}}],"collection":[{"href":"https:\/\/ship-tracker.org\/tr\/wp-json\/wp\/v2\/pages"}],"about":[{"href":"https:\/\/ship-tracker.org\/tr\/wp-json\/wp\/v2\/types\/page"}],"author":[{"embeddable":true,"href":"https:\/\/ship-tracker.org\/tr\/wp-json\/wp\/v2\/users\/1"}],"replies":[{"embeddable":true,"href":"https:\/\/ship-tracker.org\/tr\/wp-json\/wp\/v2\/comments?post=3020"}],"version-history":[{"count":8,"href":"https:\/\/ship-tracker.org\/tr\/wp-json\/wp\/v2\/pages\/3020\/revisions"}],"predecessor-version":[{"id":3552,"href":"https:\/\/ship-tracker.org\/tr\/wp-json\/wp\/v2\/pages\/3020\/revisions\/3552"}],"wp:featuredmedia":[{"embeddable":true,"href":"https:\/\/ship-tracker.org\/tr\/wp-json\/wp\/v2\/media\/3022"}],"wp:attachment":[{"href":"https:\/\/ship-tracker.org\/tr\/wp-json\/wp\/v2\/media?parent=3020"}],"curies":[{"name":"wp","href":"https:\/\/api.w.org\/{rel}","templated":true}]}}