{"id":2899,"date":"2020-05-12T16:22:05","date_gmt":"2020-05-12T14:22:05","guid":{"rendered":"https:\/\/ship-tracker.org\/?page_id=2899"},"modified":"2022-10-27T16:18:48","modified_gmt":"2022-10-27T14:18:48","slug":"stena-britannica","status":"publish","type":"page","link":"https:\/\/ship-tracker.org\/tr\/stena-britannica\/","title":{"rendered":"Stena Britannica"},"content":{"rendered":"<p><script async src=\"https:\/\/pagead2.googlesyndication.com\/pagead\/js\/adsbygoogle.js\"><span data-mce-type=\"bookmark\" style=\"display: inline-block; width: 0px; overflow: hidden; line-height: 0;\" class=\"mce_SELRES_start\">\ufeff<\/span><span data-mce-type=\"bookmark\" style=\"display: inline-block; width: 0px; overflow: hidden; line-height: 0;\" class=\"mce_SELRES_start\">\ufeff<\/span><\/script><br \/>\n<!-- Ship-Tracker Display --><br \/>\n<ins class=\"adsbygoogle\" style=\"display: block;\" data-ad-client=\"ca-pub-1316785063791781\" data-ad-slot=\"8075999632\" data-ad-format=\"auto\" data-full-width-responsive=\"true\"><\/ins><br \/>\n<script>\n     (adsbygoogle = window.adsbygoogle || []).push({});\n<\/script><\/p>\n<h2><span style=\"color: #000000;\">Ge\u00e7erli konum ve <\/span><span style=\"color: #000000;\">pozisyon Stena Britannica<\/span><\/h2>\n<p>Stena Britannica&#039;n\u0131n \u015fu anki konumu nerededir?<br \/>\n<script async src=\"https:\/\/pagead2.googlesyndication.com\/pagead\/js\/adsbygoogle.js\"><\/script><br \/>\n<!-- Schip-Tracker Linkanzeigen --><br \/>\n<ins class=\"adsbygoogle\" style=\"display: block;\" data-ad-client=\"ca-pub-1316785063791781\" data-ad-slot=\"3429004156\" data-ad-format=\"link\" data-full-width-responsive=\"true\"><\/ins><br \/>\n<script>\n     (adsbygoogle = window.adsbygoogle || []).push({});\n<\/script><br \/>\n<script type=\"text\/javascript\">\n  var width=\"100%\";var height=\"400\";\n  var mmsi=235080274;\n<\/script><script type=\"text\/javascript\" src=\"https:\/\/www.vesselfinder.com\/aismap.js\"><\/script><br \/>\n<script async src=\"https:\/\/pagead2.googlesyndication.com\/pagead\/js\/adsbygoogle.js\"><\/script><br \/>\n<!-- Ship-Tracker Display --><br \/>\n<ins class=\"adsbygoogle\" style=\"display: block;\" data-ad-client=\"ca-pub-1316785063791781\" data-ad-slot=\"8075999632\" data-ad-format=\"auto\" data-full-width-responsive=\"true\"><\/ins><br \/>\n<script>\n     (adsbygoogle = window.adsbygoogle || []).push({});\n<\/script><\/p>\n<p>Stena Britannica ge\u00e7erli konumu g\u00f6ster. Stena Britannica&#039;n\u0131n konumu VesselFinder ve MarineTraffic haritalar\u0131 taraf\u0131ndan do\u011fru bir \u015fekilde belirlenebilir. B\u00f6ylece en sevdi\u011finiz geminin \u015fu anda nerede oldu\u011fu her zaman iyi bilgilendirilirsiniz.<\/p>\n<h2 class=\"title\"><span style=\"color: #000000;\">Stena Britannica \u0130nceleme ve \u00d6zellikler<\/span><\/h2>\n<table style=\"height: 294px;\" width=\"400\">\n<tbody>\n<tr>\n<td style=\"width: 192px;\"><span style=\"color: #000000;\"><strong>Bayrak devleti<\/strong><\/span><\/td>\n<td style=\"width: 192px;\"><span style=\"color: #000000;\">Birle\u015fik Krall\u0131k<\/span><\/td>\n<\/tr>\n<tr>\n<td style=\"width: 192px;\"><span style=\"color: #000000;\"><strong>Kurulu\u015f y\u0131l\u0131<\/strong><\/span><\/td>\n<td style=\"width: 192px;\"><span style=\"color: #000000;\">2010 <\/span><\/td>\n<\/tr>\n<tr>\n<td style=\"width: 192px;\"><span style=\"color: #000000;\"><strong>in\u015faat\u00e7\u0131<\/strong><\/span><\/td>\n<td style=\"width: 192px;\"><span style=\"color: #000000;\">Wadan Yards \/ Lloyd Werft Wismar<\/span><\/td>\n<\/tr>\n<tr>\n<td style=\"width: 192px;\"><span style=\"color: #000000;\"><strong>uzunluk<\/strong><\/span><\/td>\n<td style=\"width: 192px;\"><span style=\"color: #000000;\"><span class=\"specificationUnit\">240 metre<\/span><\/span><\/td>\n<\/tr>\n<tr>\n<td style=\"width: 192px;\"><span style=\"color: #000000;\"><strong>kiri\u015f<\/strong><\/span><\/td>\n<td style=\"width: 192px;\"><span style=\"color: #000000;\"><span class=\"specificationUnit\">32 metre<\/span><\/span><\/td>\n<\/tr>\n<tr>\n<td style=\"width: 192px;\"><span style=\"color: #000000;\"><strong>Br\u00fct Tonaj<\/strong><\/span><\/td>\n<td style=\"width: 192px;\"><span style=\"color: #000000;\"><span class=\"specificationUnit\">63039 gt<\/span><\/span><\/td>\n<\/tr>\n<tr>\n<td style=\"width: 192px;\"><span style=\"color: #000000;\"><strong>Yolcular<\/strong><\/span><\/td>\n<td style=\"width: 192px;\"><span style=\"color: #000000;\">1200<\/span><\/td>\n<\/tr>\n<tr>\n<td style=\"width: 192px;\"><span style=\"color: #000000;\"><strong>g\u00fcverte<\/strong><strong><br \/>\n<\/strong><\/span><\/td>\n<td style=\"width: 192px;\"><span style=\"color: #000000;\">12<\/span><\/td>\n<\/tr>\n<tr>\n<td style=\"width: 192px;\"><span style=\"color: #000000;\"><strong>h\u0131z<\/strong><\/span><\/td>\n<td style=\"width: 192px;\"><span style=\"color: #000000;\"><span class=\"specificationUnit\">22 kn<\/span><\/span><\/td>\n<\/tr>\n<tr>\n<td style=\"width: 192px;\"><span style=\"color: #000000;\"><strong>Arabalar<\/strong><\/span><\/td>\n<td style=\"width: 192px;\"><span style=\"color: #000000;\">230<\/span><\/td>\n<\/tr>\n<tr>\n<td style=\"width: 192px;\"><span style=\"color: #000000;\"><strong><b>Sahip<\/b><\/strong><\/span><\/td>\n<td style=\"width: 192px;\"><a href=\"https:\/\/ship-tracker.org\/tr\/stena-line\/\"><span style=\"color: #000000;\">Stena Line<\/span><\/a><\/td>\n<\/tr>\n<\/tbody>\n<\/table>\n<h3 class=\"title\">Stena Line filosu<\/h3>\n<ul>\n<li><a href=\"https:\/\/ship-tracker.org\/tr\/stena-germanica\/\">Stena Germanica<\/a><\/li>\n<li><a href=\"https:\/\/ship-tracker.org\/tr\/stena-scandinavica\/\">Stena Scandinavica<\/a><\/li>\n<li><a href=\"https:\/\/ship-tracker.org\/tr\/mecklenburg-vorpommern\/\">Mecklenburg-Vorpommern<\/a><\/li>\n<li><a href=\"https:\/\/ship-tracker.org\/tr\/stena-skane\/\">Stena Skane<\/a><\/li>\n<li><a href=\"https:\/\/ship-tracker.org\/tr\/stena-vinga\/\">Stena Vinga<\/a><\/li>\n<li><a href=\"https:\/\/ship-tracker.org\/tr\/stena-danica\/\">Stena Danica<\/a><\/li>\n<li><a href=\"https:\/\/ship-tracker.org\/tr\/stena-horizon\/\">Stena Horizon<\/a><\/li>\n<li><a href=\"https:\/\/ship-tracker.org\/tr\/stena-mersey\/\">Stena Mersey<\/a><\/li>\n<li><a href=\"https:\/\/ship-tracker.org\/tr\/stena-lagan\/\">Stena Lagan<\/a><\/li>\n<li><a href=\"https:\/\/ship-tracker.org\/tr\/stena-edda\/\">Stena Edda<\/a><\/li>\n<li><a href=\"https:\/\/ship-tracker.org\/tr\/stena-superfast-vii\/\">Stena Superfast VII<\/a><\/li>\n<li><a href=\"https:\/\/ship-tracker.org\/tr\/stena-superfast-viii\/\">Stena Superfast VIII<\/a><\/li>\n<li><a href=\"https:\/\/ship-tracker.org\/tr\/stena-estrid\/\">Stena Estrid<\/a><\/li>\n<li><a href=\"https:\/\/ship-tracker.org\/tr\/stena-adventurer\/\">Stena Adventurer<\/a><\/li>\n<li><a href=\"https:\/\/ship-tracker.org\/tr\/stena-europe\/\">Stena Europa<\/a><\/li>\n<li><a href=\"https:\/\/ship-tracker.org\/tr\/stena-hollandica\/\">Stena Hollandica<\/a><\/li>\n<li><a href=\"https:\/\/ship-tracker.org\/tr\/urd\/\">URD<\/a><\/li>\n<li><a href=\"https:\/\/ship-tracker.org\/tr\/stena-flavia\/\">Stena Flavia<\/a><\/li>\n<li><a href=\"https:\/\/ship-tracker.org\/tr\/scottish-viking\/\">Scottish Viking<\/a><\/li>\n<li><a href=\"https:\/\/ship-tracker.org\/tr\/stena-gothica\/\">Stena Gothica<\/a><\/li>\n<li><a href=\"https:\/\/ship-tracker.org\/tr\/stena-vision\/\">Stena Vision<\/a><\/li>\n<li><a href=\"https:\/\/ship-tracker.org\/tr\/stena-spirit\/\">Stena Spirit<\/a><\/li>\n<li><a href=\"https:\/\/ship-tracker.org\/tr\/stena-baltica\/\">Stena Baltica<\/a><\/li>\n<li><a href=\"https:\/\/ship-tracker.org\/tr\/stena-nautica\/\">Stena Nautica<\/a><\/li>\n<li><a href=\"https:\/\/ship-tracker.org\/tr\/stena-jutlandica\/\">Stena Jutlandica<\/a><\/li>\n<\/ul>\n<p><script async src=\"https:\/\/pagead2.googlesyndication.com\/pagead\/js\/adsbygoogle.js\"><\/script><br \/>\n<!-- Schip-Tracker Linkanzeigen --><br \/>\n<ins class=\"adsbygoogle\" style=\"display: block;\" data-ad-client=\"ca-pub-1316785063791781\" data-ad-slot=\"3429004156\" data-ad-format=\"link\" data-full-width-responsive=\"true\"><\/ins><br \/>\n<script>\n     (adsbygoogle = window.adsbygoogle || []).push({});\n<\/script><\/p>\n<h4><span style=\"color: #000000;\">Stena Britannica Videosu<\/span><\/h4>\n<div class=\"su-youtube su-u-responsive-media-yes\"><iframe loading=\"lazy\" width=\"600\" height=\"400\" src=\"https:\/\/www.youtube.com\/embed\/c7MgyAgEVD8?\" frameborder=\"0\" allowfullscreen allow=\"autoplay; encrypted-media; picture-in-picture\" title=\"\"><\/iframe><\/div>","protected":false},"excerpt":{"rendered":"<p>Stena Britannica&#039;n\u0131n g\u00fcncel konumu ve pozisyonu Stena Britannica&#039;n\u0131n g\u00fcncel konumu \u015fu anda nerede? Stena Britannica&#039;n\u0131n g\u00fcncel konumunu g\u00f6r\u00fcnt\u00fcleyin. Stena Britannica&#039;n\u0131n konumu VesselFinder ve MarineTraffic haritalar\u0131 ile do\u011fru bir \u015fekilde belirlenebilir. B\u00f6ylece en sevdi\u011finiz geminin \u015fu anda nerede oldu\u011funu her zaman iyi bir \u015fekilde bilirsiniz. Stena Britannica \u0130ncelemesi ve \u00d6zellikleri Bayrak\u2026&nbsp;<a href=\"https:\/\/ship-tracker.org\/tr\/stena-britannica\/\" rel=\"bookmark\">Devam\u0131n\u0131 oku &quot;<span class=\"screen-reader-text\">Stena Britannica<\/span><\/a><\/p>","protected":false},"author":1,"featured_media":2869,"parent":0,"menu_order":0,"comment_status":"closed","ping_status":"closed","template":"","meta":{"neve_meta_sidebar":"","neve_meta_container":"","neve_meta_enable_content_width":"","neve_meta_content_width":0,"neve_meta_title_alignment":"","neve_meta_author_avatar":"","neve_post_elements_order":"","neve_meta_disable_header":"","neve_meta_disable_footer":"","neve_meta_disable_title":"","neve_meta_reading_time":"","footnotes":""},"class_list":["post-2899","page","type-page","status-publish","has-post-thumbnail","hentry"],"yoast_head":"<!-- This site is optimized with the Yoast SEO plugin v26.9 - https:\/\/yoast.com\/product\/yoast-seo-wordpress\/ -->\n<title>Stena Britannica\u2503Current location and position of Stena Line ferry<\/title>\n<meta name=\"description\" content=\"Stena Britannica \u2693 Current location and position of Stena Britannica \u2713 Cruise Ship Tracker \u2713 Live Ship Tracker \u2713 Stena Line ferry\" \/>\n<meta name=\"robots\" content=\"index, follow, max-snippet:-1, max-image-preview:large, max-video-preview:-1\" \/>\n<link rel=\"canonical\" href=\"https:\/\/ship-tracker.org\/tr\/stena-britannica\/\" \/>\n<meta property=\"og:locale\" content=\"tr_TR\" \/>\n<meta property=\"og:type\" content=\"article\" \/>\n<meta property=\"og:title\" content=\"Stena Britannica\u2503Current location and position of Stena Line ferry\" \/>\n<meta property=\"og:description\" content=\"Stena Britannica \u2693 Current location and position of Stena Britannica \u2713 Cruise Ship Tracker \u2713 Live Ship Tracker \u2713 Stena Line ferry\" \/>\n<meta property=\"og:url\" content=\"https:\/\/ship-tracker.org\/tr\/stena-britannica\/\" \/>\n<meta property=\"og:site_name\" content=\"Ship-tracker.org\" \/>\n<meta property=\"article:modified_time\" content=\"2022-10-27T14:18:48+00:00\" \/>\n<meta property=\"og:image\" content=\"https:\/\/ship-tracker.org\/wp-content\/uploads\/2020\/05\/stena_germanica_supergreen_1280x502px.jpg\" \/>\n\t<meta property=\"og:image:width\" content=\"638\" \/>\n\t<meta property=\"og:image:height\" content=\"250\" \/>\n\t<meta property=\"og:image:type\" content=\"image\/jpeg\" \/>\n<meta name=\"twitter:card\" content=\"summary_large_image\" \/>\n<meta name=\"twitter:label1\" content=\"Tahmini okuma s\u00fcresi\" \/>\n\t<meta name=\"twitter:data1\" content=\"1 dakika\" \/>\n<script type=\"application\/ld+json\" class=\"yoast-schema-graph\">{\"@context\":\"https:\/\/schema.org\",\"@graph\":[{\"@type\":\"WebPage\",\"@id\":\"https:\/\/ship-tracker.org\/stena-britannica\/\",\"url\":\"https:\/\/ship-tracker.org\/stena-britannica\/\",\"name\":\"Stena Britannica\u2503Current location and position of Stena Line ferry\",\"isPartOf\":{\"@id\":\"https:\/\/ship-tracker.org\/#website\"},\"primaryImageOfPage\":{\"@id\":\"https:\/\/ship-tracker.org\/stena-britannica\/#primaryimage\"},\"image\":{\"@id\":\"https:\/\/ship-tracker.org\/stena-britannica\/#primaryimage\"},\"thumbnailUrl\":\"https:\/\/ship-tracker.org\/wp-content\/uploads\/2020\/05\/stena_germanica_supergreen_1280x502px.jpg\",\"datePublished\":\"2020-05-12T14:22:05+00:00\",\"dateModified\":\"2022-10-27T14:18:48+00:00\",\"description\":\"Stena Britannica \u2693 Current location and position of Stena Britannica \u2713 Cruise Ship Tracker \u2713 Live Ship Tracker \u2713 Stena Line ferry\",\"breadcrumb\":{\"@id\":\"https:\/\/ship-tracker.org\/stena-britannica\/#breadcrumb\"},\"inLanguage\":\"tr\",\"potentialAction\":[{\"@type\":\"ReadAction\",\"target\":[\"https:\/\/ship-tracker.org\/stena-britannica\/\"]}]},{\"@type\":\"ImageObject\",\"inLanguage\":\"tr\",\"@id\":\"https:\/\/ship-tracker.org\/stena-britannica\/#primaryimage\",\"url\":\"https:\/\/ship-tracker.org\/wp-content\/uploads\/2020\/05\/stena_germanica_supergreen_1280x502px.jpg\",\"contentUrl\":\"https:\/\/ship-tracker.org\/wp-content\/uploads\/2020\/05\/stena_germanica_supergreen_1280x502px.jpg\",\"width\":638,\"height\":250,\"caption\":\"Stena Horizon\"},{\"@type\":\"BreadcrumbList\",\"@id\":\"https:\/\/ship-tracker.org\/stena-britannica\/#breadcrumb\",\"itemListElement\":[{\"@type\":\"ListItem\",\"position\":1,\"name\":\"Startseite\",\"item\":\"https:\/\/ship-tracker.org\/\"},{\"@type\":\"ListItem\",\"position\":2,\"name\":\"Stena Britannica\"}]},{\"@type\":\"WebSite\",\"@id\":\"https:\/\/ship-tracker.org\/#website\",\"url\":\"https:\/\/ship-tracker.org\/\",\"name\":\"Ship-tracker.org\",\"description\":\"\",\"potentialAction\":[{\"@type\":\"SearchAction\",\"target\":{\"@type\":\"EntryPoint\",\"urlTemplate\":\"https:\/\/ship-tracker.org\/?s={search_term_string}\"},\"query-input\":{\"@type\":\"PropertyValueSpecification\",\"valueRequired\":true,\"valueName\":\"search_term_string\"}}],\"inLanguage\":\"tr\"}]}<\/script>\n<!-- \/ Yoast SEO plugin. -->","yoast_head_json":{"title":"Stena Britannica\u2503Stena Line feribot ge\u00e7erli konumu ve konumu","description":"Stena Britannica \u2693 Stena Britannica&#039;n\u0131n mevcut konumu ve konumu \u2713 Yolcu Gemisi Takibi \u2713 Canl\u0131 Gemi Takibi \u2713 Stena Line feribotu","robots":{"index":"index","follow":"follow","max-snippet":"max-snippet:-1","max-image-preview":"max-image-preview:large","max-video-preview":"max-video-preview:-1"},"canonical":"https:\/\/ship-tracker.org\/tr\/stena-britannica\/","og_locale":"tr_TR","og_type":"article","og_title":"Stena Britannica\u2503Current location and position of Stena Line ferry","og_description":"Stena Britannica \u2693 Current location and position of Stena Britannica \u2713 Cruise Ship Tracker \u2713 Live Ship Tracker \u2713 Stena Line ferry","og_url":"https:\/\/ship-tracker.org\/tr\/stena-britannica\/","og_site_name":"Ship-tracker.org","article_modified_time":"2022-10-27T14:18:48+00:00","og_image":[{"width":638,"height":250,"url":"https:\/\/ship-tracker.org\/wp-content\/uploads\/2020\/05\/stena_germanica_supergreen_1280x502px.jpg","type":"image\/jpeg"}],"twitter_card":"summary_large_image","twitter_misc":{"Tahmini okuma s\u00fcresi":"1 dakika"},"schema":{"@context":"https:\/\/schema.org","@graph":[{"@type":"WebPage","@id":"https:\/\/ship-tracker.org\/stena-britannica\/","url":"https:\/\/ship-tracker.org\/stena-britannica\/","name":"Stena Britannica\u2503Stena Line feribot ge\u00e7erli konumu ve konumu","isPartOf":{"@id":"https:\/\/ship-tracker.org\/#website"},"primaryImageOfPage":{"@id":"https:\/\/ship-tracker.org\/stena-britannica\/#primaryimage"},"image":{"@id":"https:\/\/ship-tracker.org\/stena-britannica\/#primaryimage"},"thumbnailUrl":"https:\/\/ship-tracker.org\/wp-content\/uploads\/2020\/05\/stena_germanica_supergreen_1280x502px.jpg","datePublished":"2020-05-12T14:22:05+00:00","dateModified":"2022-10-27T14:18:48+00:00","description":"Stena Britannica \u2693 Stena Britannica&#039;n\u0131n mevcut konumu ve konumu \u2713 Yolcu Gemisi Takibi \u2713 Canl\u0131 Gemi Takibi \u2713 Stena Line feribotu","breadcrumb":{"@id":"https:\/\/ship-tracker.org\/stena-britannica\/#breadcrumb"},"inLanguage":"tr","potentialAction":[{"@type":"ReadAction","target":["https:\/\/ship-tracker.org\/stena-britannica\/"]}]},{"@type":"ImageObject","inLanguage":"tr","@id":"https:\/\/ship-tracker.org\/stena-britannica\/#primaryimage","url":"https:\/\/ship-tracker.org\/wp-content\/uploads\/2020\/05\/stena_germanica_supergreen_1280x502px.jpg","contentUrl":"https:\/\/ship-tracker.org\/wp-content\/uploads\/2020\/05\/stena_germanica_supergreen_1280x502px.jpg","width":638,"height":250,"caption":"Stena Horizon"},{"@type":"BreadcrumbList","@id":"https:\/\/ship-tracker.org\/stena-britannica\/#breadcrumb","itemListElement":[{"@type":"ListItem","position":1,"name":"Startseite","item":"https:\/\/ship-tracker.org\/"},{"@type":"ListItem","position":2,"name":"Stena Britannica"}]},{"@type":"WebSite","@id":"https:\/\/ship-tracker.org\/#website","url":"https:\/\/ship-tracker.org\/","name":"Ship-tracker.org","description":"","potentialAction":[{"@type":"SearchAction","target":{"@type":"EntryPoint","urlTemplate":"https:\/\/ship-tracker.org\/?s={search_term_string}"},"query-input":{"@type":"PropertyValueSpecification","valueRequired":true,"valueName":"search_term_string"}}],"inLanguage":"tr"}]}},"_links":{"self":[{"href":"https:\/\/ship-tracker.org\/tr\/wp-json\/wp\/v2\/pages\/2899","targetHints":{"allow":["GET"]}}],"collection":[{"href":"https:\/\/ship-tracker.org\/tr\/wp-json\/wp\/v2\/pages"}],"about":[{"href":"https:\/\/ship-tracker.org\/tr\/wp-json\/wp\/v2\/types\/page"}],"author":[{"embeddable":true,"href":"https:\/\/ship-tracker.org\/tr\/wp-json\/wp\/v2\/users\/1"}],"replies":[{"embeddable":true,"href":"https:\/\/ship-tracker.org\/tr\/wp-json\/wp\/v2\/comments?post=2899"}],"version-history":[{"count":3,"href":"https:\/\/ship-tracker.org\/tr\/wp-json\/wp\/v2\/pages\/2899\/revisions"}],"predecessor-version":[{"id":2971,"href":"https:\/\/ship-tracker.org\/tr\/wp-json\/wp\/v2\/pages\/2899\/revisions\/2971"}],"wp:featuredmedia":[{"embeddable":true,"href":"https:\/\/ship-tracker.org\/tr\/wp-json\/wp\/v2\/media\/2869"}],"wp:attachment":[{"href":"https:\/\/ship-tracker.org\/tr\/wp-json\/wp\/v2\/media?parent=2899"}],"curies":[{"name":"wp","href":"https:\/\/api.w.org\/{rel}","templated":true}]}}