{"id":2675,"date":"2020-05-09T15:47:59","date_gmt":"2020-05-09T13:47:59","guid":{"rendered":"https:\/\/ship-tracker.org\/?page_id=2675"},"modified":"2022-11-03T12:22:00","modified_gmt":"2022-11-03T11:22:00","slug":"po-cruises","status":"publish","type":"page","link":"https:\/\/ship-tracker.org\/tr\/po-cruises\/","title":{"rendered":"P&amp;O Cruises"},"content":{"rendered":"<h2>P&amp;O Cruises Fleet Location Gemiler, IMO numaralar\u0131, MMSI, Webcam<\/h2>\n<p>P&amp;O Cruises Fleet&#039;in \u015fu anki konumu nerededir?<\/p>\n<table>\n<tbody>\n<tr style=\"height: 24px;\">\n<td style=\"width: 457px; height: 24px;\"><span style=\"color: #1f405b;\"><strong>Gemi<\/strong><\/span><\/td>\n<td style=\"width: 456px; height: 24px;\"><span style=\"color: #1f405b;\"><strong>IMO<\/strong><\/span><\/td>\n<td style=\"width: 456px; height: 24px;\"><span style=\"color: #1f405b;\"><strong>MMSI<\/strong><\/span><\/td>\n<\/tr>\n<tr>\n<td style=\"width: 457px;\"><a href=\"https:\/\/ship-tracker.org\/tr\/arvia\/\">Arvia<\/a><\/td>\n<td style=\"width: 456px;\">9849693<\/td>\n<td style=\"width: 456px;\">232040520<\/td>\n<\/tr>\n<tr style=\"height: 24px;\">\n<td style=\"width: 457px; height: 24px;\"><a href=\"https:\/\/ship-tracker.org\/tr\/iona\/\">Iona<\/a><\/td>\n<td style=\"width: 456px; height: 24px;\">9826548<\/td>\n<td style=\"width: 456px; height: 24px;\">232025845<\/td>\n<\/tr>\n<tr style=\"height: 24px;\">\n<td style=\"width: 457px; height: 24px;\"><a href=\"https:\/\/ship-tracker.org\/tr\/britannia\/\">Britannia<\/a><\/td>\n<td style=\"width: 456px; height: 24px;\">9614036<\/td>\n<td style=\"width: 456px; height: 24px;\">235106595<\/td>\n<\/tr>\n<tr style=\"height: 24px;\">\n<td style=\"width: 457px; height: 24px;\"><a href=\"https:\/\/ship-tracker.org\/tr\/azura\/\">Azura<\/a><\/td>\n<td style=\"width: 456px; height: 24px;\">9424883<\/td>\n<td style=\"width: 456px; height: 24px;\">310610000<\/td>\n<\/tr>\n<tr style=\"height: 24px;\">\n<td style=\"width: 457px; height: 24px;\"><a href=\"https:\/\/ship-tracker.org\/tr\/ventura\/\">Ventura<\/a><\/td>\n<td style=\"width: 456px; height: 24px;\">9333175<\/td>\n<td style=\"width: 456px; height: 24px;\">310562000<\/td>\n<\/tr>\n<tr style=\"height: 24px;\">\n<td style=\"width: 457px; height: 24px;\"><a href=\"https:\/\/ship-tracker.org\/tr\/arcadia\/\">Arcadia<\/a><\/td>\n<td style=\"width: 456px; height: 24px;\">9226906<\/td>\n<td style=\"width: 456px; height: 24px;\">310459000<\/td>\n<\/tr>\n<tr style=\"height: 24px;\">\n<td style=\"width: 457px; height: 24px;\"><a href=\"https:\/\/ship-tracker.org\/tr\/oceana\/\">Oceana<\/a><\/td>\n<td style=\"width: 456px; height: 24px;\">9169550<\/td>\n<td style=\"width: 456px; height: 24px;\">310473000<\/td>\n<\/tr>\n<tr style=\"height: 24px;\">\n<td style=\"width: 457px; height: 24px;\"><a href=\"https:\/\/ship-tracker.org\/tr\/aurora\/\">Aurora<\/a><\/td>\n<td style=\"width: 456px; height: 24px;\">9169524<\/td>\n<td style=\"width: 456px; height: 24px;\">310556000<\/td>\n<\/tr>\n<tr style=\"height: 24px;\">\n<td style=\"width: 457px; height: 24px;\"><a href=\"https:\/\/ship-tracker.org\/tr\/pacific-explorer\/\">Pacific Explorer<\/a><\/td>\n<td style=\"width: 456px; height: 24px;\">9103996<\/td>\n<td style=\"width: 456px; height: 24px;\">232006603<\/td>\n<\/tr>\n<tr style=\"height: 24px;\">\n<td style=\"width: 457px; height: 24px;\"><a href=\"https:\/\/ship-tracker.org\/tr\/pacific-aria\/\">Pacific Aria<\/a><\/td>\n<td style=\"width: 456px; height: 24px;\">8919269<\/td>\n<td style=\"width: 456px; height: 24px;\">235113823<\/td>\n<\/tr>\n<tr style=\"height: 24px;\">\n<td style=\"width: 457px; height: 24px;\"><a href=\"https:\/\/ship-tracker.org\/tr\/pacific-dawn\/\">Pacific Dawn<\/a><\/td>\n<td style=\"width: 456px; height: 24px;\">8521232<\/td>\n<td style=\"width: 456px; height: 24px;\">235059368<\/td>\n<\/tr>\n<\/tbody>\n<\/table>\n<h2>P&amp;O Cruises Hakk\u0131nda<\/h2>\n<p>P&amp;O Cruises, 180 y\u0131l\u0131 a\u015fk\u0131n s\u00fcredir \u0130ngiliz seyir gelene\u011fini s\u00fcrd\u00fcrmektedir. Nakliye \u015firketinin 1.874 ve 3.647 yolcu kapasiteli 8 gemisi var ve t\u00fcm d\u00fcnya okyanuslar\u0131nda evinde. Carnival Group&#039;un bir par\u00e7as\u0131 olan \u015firket, \u0130ngiliz yetenekleriyle geleneksel bir derin deniz deneyimi sunuyor. Yeni amiral gemisi Britannia (3.600 konuk) filoya 2015 bahar\u0131nda kat\u0131ld\u0131.<\/p>\n<p>May\u0131s 2020&#039;de \u015firketin tarihindeki en b\u00fcy\u00fck gemi olan Iona (5.200 yolcu) gelecek. 2022 i\u00e7in planlanan yeni bir in\u015faat gibi s\u0131v\u0131 gazla da i\u015fletilecek.<\/p>","protected":false},"excerpt":{"rendered":"<p>P&amp;O Cruises Filo Lokasyonu Gemiler, IMO numaralar\u0131, MMSI, Web kameralar\u0131 P&amp;O Cruises Filosunun \u015fu anki konumu nerede? Gemi IMO MMSI Arvia 9849693 232040520 Iona 9826548 232025845 Britannia 9614036 235106595 Azura 9424883 310610000 Ventura 9333175 310562000 Arcadia 9226906 59000 Oceana 9169550 310473000 Aurora 9169524 310556000 Pacific Explorer 9103996 232006603 Pacific Aria 8919269 235113823 Pacific\u2026&nbsp;<a href=\"https:\/\/ship-tracker.org\/tr\/po-cruises\/\" rel=\"bookmark\">Devam\u0131n\u0131 oku &quot;<span class=\"screen-reader-text\">P&amp;O Cruises<\/span><\/a><\/p>","protected":false},"author":1,"featured_media":2676,"parent":0,"menu_order":0,"comment_status":"closed","ping_status":"closed","template":"","meta":{"neve_meta_sidebar":"","neve_meta_container":"","neve_meta_enable_content_width":"","neve_meta_content_width":0,"neve_meta_title_alignment":"","neve_meta_author_avatar":"","neve_post_elements_order":"","neve_meta_disable_header":"","neve_meta_disable_footer":"","neve_meta_disable_title":"","neve_meta_reading_time":"","footnotes":""},"class_list":["post-2675","page","type-page","status-publish","has-post-thumbnail","hentry"],"yoast_head":"<!-- This site is optimized with the Yoast SEO plugin v27.4 - https:\/\/yoast.com\/product\/yoast-seo-wordpress\/ -->\n<title>Track P&amp;O Cruises | Cruise Ships | Marine Vessel | Ship Tracker<\/title>\n<meta name=\"description\" content=\"P&amp;O Cruises Fleet Location | Current Positions of P&amp;O Cruises Ships, IMO numbers, MMSI, Webcam | Live Fleet Maps | Live Ship Tracker\" \/>\n<meta name=\"robots\" content=\"index, follow, max-snippet:-1, max-image-preview:large, max-video-preview:-1\" \/>\n<link rel=\"canonical\" href=\"https:\/\/ship-tracker.org\/tr\/po-cruises\/\" \/>\n<meta property=\"og:locale\" content=\"tr_TR\" \/>\n<meta property=\"og:type\" content=\"article\" \/>\n<meta property=\"og:title\" content=\"Track P&amp;O Cruises | Cruise Ships | Marine Vessel | Ship Tracker\" \/>\n<meta property=\"og:description\" content=\"P&amp;O Cruises Fleet Location | Current Positions of P&amp;O Cruises Ships, IMO numbers, MMSI, Webcam | Live Fleet Maps | Live Ship Tracker\" \/>\n<meta property=\"og:url\" content=\"https:\/\/ship-tracker.org\/tr\/po-cruises\/\" \/>\n<meta property=\"og:site_name\" content=\"Ship-tracker.org\" \/>\n<meta property=\"article:modified_time\" content=\"2022-11-03T11:22:00+00:00\" \/>\n<meta property=\"og:image\" content=\"https:\/\/ship-tracker.org\/wp-content\/uploads\/2020\/05\/reederei-p-o-cruises.jpg\" \/>\n\t<meta property=\"og:image:width\" content=\"325\" \/>\n\t<meta property=\"og:image:height\" content=\"245\" \/>\n\t<meta property=\"og:image:type\" content=\"image\/jpeg\" \/>\n<meta name=\"twitter:card\" content=\"summary_large_image\" \/>\n<meta name=\"twitter:label1\" content=\"Tahmini okuma s\u00fcresi\" \/>\n\t<meta name=\"twitter:data1\" content=\"1 dakika\" \/>\n<script type=\"application\/ld+json\" class=\"yoast-schema-graph\">{\"@context\":\"https:\\\/\\\/schema.org\",\"@graph\":[{\"@type\":\"WebPage\",\"@id\":\"https:\\\/\\\/ship-tracker.org\\\/po-cruises\\\/\",\"url\":\"https:\\\/\\\/ship-tracker.org\\\/po-cruises\\\/\",\"name\":\"Track P&O Cruises | Cruise Ships | Marine Vessel | Ship Tracker\",\"isPartOf\":{\"@id\":\"https:\\\/\\\/ship-tracker.org\\\/#website\"},\"primaryImageOfPage\":{\"@id\":\"https:\\\/\\\/ship-tracker.org\\\/po-cruises\\\/#primaryimage\"},\"image\":{\"@id\":\"https:\\\/\\\/ship-tracker.org\\\/po-cruises\\\/#primaryimage\"},\"thumbnailUrl\":\"https:\\\/\\\/ship-tracker.org\\\/wp-content\\\/uploads\\\/2020\\\/05\\\/reederei-p-o-cruises.jpg\",\"datePublished\":\"2020-05-09T13:47:59+00:00\",\"dateModified\":\"2022-11-03T11:22:00+00:00\",\"description\":\"P&O Cruises Fleet Location | Current Positions of P&O Cruises Ships, IMO numbers, MMSI, Webcam | Live Fleet Maps | Live Ship Tracker\",\"breadcrumb\":{\"@id\":\"https:\\\/\\\/ship-tracker.org\\\/po-cruises\\\/#breadcrumb\"},\"inLanguage\":\"tr\",\"potentialAction\":[{\"@type\":\"ReadAction\",\"target\":[\"https:\\\/\\\/ship-tracker.org\\\/po-cruises\\\/\"]}]},{\"@type\":\"ImageObject\",\"inLanguage\":\"tr\",\"@id\":\"https:\\\/\\\/ship-tracker.org\\\/po-cruises\\\/#primaryimage\",\"url\":\"https:\\\/\\\/ship-tracker.org\\\/wp-content\\\/uploads\\\/2020\\\/05\\\/reederei-p-o-cruises.jpg\",\"contentUrl\":\"https:\\\/\\\/ship-tracker.org\\\/wp-content\\\/uploads\\\/2020\\\/05\\\/reederei-p-o-cruises.jpg\",\"width\":325,\"height\":245,\"caption\":\"P&O Cruises\"},{\"@type\":\"BreadcrumbList\",\"@id\":\"https:\\\/\\\/ship-tracker.org\\\/po-cruises\\\/#breadcrumb\",\"itemListElement\":[{\"@type\":\"ListItem\",\"position\":1,\"name\":\"Startseite\",\"item\":\"https:\\\/\\\/ship-tracker.org\\\/\"},{\"@type\":\"ListItem\",\"position\":2,\"name\":\"P&#038;O Cruises\"}]},{\"@type\":\"WebSite\",\"@id\":\"https:\\\/\\\/ship-tracker.org\\\/#website\",\"url\":\"https:\\\/\\\/ship-tracker.org\\\/\",\"name\":\"Ship-tracker.org\",\"description\":\"\",\"potentialAction\":[{\"@type\":\"SearchAction\",\"target\":{\"@type\":\"EntryPoint\",\"urlTemplate\":\"https:\\\/\\\/ship-tracker.org\\\/?s={search_term_string}\"},\"query-input\":{\"@type\":\"PropertyValueSpecification\",\"valueRequired\":true,\"valueName\":\"search_term_string\"}}],\"inLanguage\":\"tr\"}]}<\/script>\n<!-- \/ Yoast SEO plugin. -->","yoast_head_json":{"title":"P&amp;O Yolculuklar\u0131n\u0131 Takip Edin | Yolcu Gemileri | Deniz Gemisi | Gemi Takip\u00e7isi","description":"P&amp;O Cruises Filo Konumu | P&amp;O Cruises Gemilerinin G\u00fcncel Konumlar\u0131, IMO numaralar\u0131, MMSI, Webcam | Canl\u0131 Filo Haritalar\u0131 | Canl\u0131 Gemi Takibi","robots":{"index":"index","follow":"follow","max-snippet":"max-snippet:-1","max-image-preview":"max-image-preview:large","max-video-preview":"max-video-preview:-1"},"canonical":"https:\/\/ship-tracker.org\/tr\/po-cruises\/","og_locale":"tr_TR","og_type":"article","og_title":"Track P&O Cruises | Cruise Ships | Marine Vessel | Ship Tracker","og_description":"P&O Cruises Fleet Location | Current Positions of P&O Cruises Ships, IMO numbers, MMSI, Webcam | Live Fleet Maps | Live Ship Tracker","og_url":"https:\/\/ship-tracker.org\/tr\/po-cruises\/","og_site_name":"Ship-tracker.org","article_modified_time":"2022-11-03T11:22:00+00:00","og_image":[{"width":325,"height":245,"url":"https:\/\/ship-tracker.org\/wp-content\/uploads\/2020\/05\/reederei-p-o-cruises.jpg","type":"image\/jpeg"}],"twitter_card":"summary_large_image","twitter_misc":{"Tahmini okuma s\u00fcresi":"1 dakika"},"schema":{"@context":"https:\/\/schema.org","@graph":[{"@type":"WebPage","@id":"https:\/\/ship-tracker.org\/po-cruises\/","url":"https:\/\/ship-tracker.org\/po-cruises\/","name":"P&amp;O Yolculuklar\u0131n\u0131 Takip Edin | Yolcu Gemileri | Deniz Gemisi | Gemi Takip\u00e7isi","isPartOf":{"@id":"https:\/\/ship-tracker.org\/#website"},"primaryImageOfPage":{"@id":"https:\/\/ship-tracker.org\/po-cruises\/#primaryimage"},"image":{"@id":"https:\/\/ship-tracker.org\/po-cruises\/#primaryimage"},"thumbnailUrl":"https:\/\/ship-tracker.org\/wp-content\/uploads\/2020\/05\/reederei-p-o-cruises.jpg","datePublished":"2020-05-09T13:47:59+00:00","dateModified":"2022-11-03T11:22:00+00:00","description":"P&amp;O Cruises Filo Konumu | P&amp;O Cruises Gemilerinin G\u00fcncel Konumlar\u0131, IMO numaralar\u0131, MMSI, Webcam | Canl\u0131 Filo Haritalar\u0131 | Canl\u0131 Gemi Takibi","breadcrumb":{"@id":"https:\/\/ship-tracker.org\/po-cruises\/#breadcrumb"},"inLanguage":"tr","potentialAction":[{"@type":"ReadAction","target":["https:\/\/ship-tracker.org\/po-cruises\/"]}]},{"@type":"ImageObject","inLanguage":"tr","@id":"https:\/\/ship-tracker.org\/po-cruises\/#primaryimage","url":"https:\/\/ship-tracker.org\/wp-content\/uploads\/2020\/05\/reederei-p-o-cruises.jpg","contentUrl":"https:\/\/ship-tracker.org\/wp-content\/uploads\/2020\/05\/reederei-p-o-cruises.jpg","width":325,"height":245,"caption":"P&O Cruises"},{"@type":"BreadcrumbList","@id":"https:\/\/ship-tracker.org\/po-cruises\/#breadcrumb","itemListElement":[{"@type":"ListItem","position":1,"name":"Startseite","item":"https:\/\/ship-tracker.org\/"},{"@type":"ListItem","position":2,"name":"P&#038;O Cruises"}]},{"@type":"WebSite","@id":"https:\/\/ship-tracker.org\/#website","url":"https:\/\/ship-tracker.org\/","name":"Ship-tracker.org","description":"","potentialAction":[{"@type":"SearchAction","target":{"@type":"EntryPoint","urlTemplate":"https:\/\/ship-tracker.org\/?s={search_term_string}"},"query-input":{"@type":"PropertyValueSpecification","valueRequired":true,"valueName":"search_term_string"}}],"inLanguage":"tr"}]}},"_links":{"self":[{"href":"https:\/\/ship-tracker.org\/tr\/wp-json\/wp\/v2\/pages\/2675","targetHints":{"allow":["GET"]}}],"collection":[{"href":"https:\/\/ship-tracker.org\/tr\/wp-json\/wp\/v2\/pages"}],"about":[{"href":"https:\/\/ship-tracker.org\/tr\/wp-json\/wp\/v2\/types\/page"}],"author":[{"embeddable":true,"href":"https:\/\/ship-tracker.org\/tr\/wp-json\/wp\/v2\/users\/1"}],"replies":[{"embeddable":true,"href":"https:\/\/ship-tracker.org\/tr\/wp-json\/wp\/v2\/comments?post=2675"}],"version-history":[{"count":7,"href":"https:\/\/ship-tracker.org\/tr\/wp-json\/wp\/v2\/pages\/2675\/revisions"}],"predecessor-version":[{"id":3557,"href":"https:\/\/ship-tracker.org\/tr\/wp-json\/wp\/v2\/pages\/2675\/revisions\/3557"}],"wp:featuredmedia":[{"embeddable":true,"href":"https:\/\/ship-tracker.org\/tr\/wp-json\/wp\/v2\/media\/2676"}],"wp:attachment":[{"href":"https:\/\/ship-tracker.org\/tr\/wp-json\/wp\/v2\/media?parent=2675"}],"curies":[{"name":"wp","href":"https:\/\/api.w.org\/{rel}","templated":true}]}}