{"id":2606,"date":"2020-05-09T14:06:50","date_gmt":"2020-05-09T12:06:50","guid":{"rendered":"https:\/\/ship-tracker.org\/?page_id=2606"},"modified":"2022-11-01T13:55:44","modified_gmt":"2022-11-01T12:55:44","slug":"hapag-lloyd-cruises","status":"publish","type":"page","link":"https:\/\/ship-tracker.org\/tr\/hapag-lloyd-cruises\/","title":{"rendered":"Hapag-Lloyd Cruises"},"content":{"rendered":"<h2>Hapag-Lloyd Cruises Fleet Location Gemiler, IMO numaralar\u0131, MMSI, Webcam<\/h2>\n<p>Hapag-Lloyd Cruises Fleet&#039;in \u015fu anki konumu nerededir?<\/p>\n<table style=\"border-collapse: collapse; width: 100%; height: 168px;\">\n<tbody>\n<tr style=\"height: 24px;\">\n<td style=\"width: 457px; height: 24px;\"><span style=\"color: #1f405b;\"><strong>Gemi<\/strong><\/span><\/td>\n<td style=\"width: 456px; height: 24px;\"><span style=\"color: #1f405b;\"><strong>IMO<\/strong><\/span><\/td>\n<td style=\"width: 456px; height: 24px;\"><span style=\"color: #1f405b;\"><strong>MMSI<\/strong><\/span><\/td>\n<\/tr>\n<tr style=\"height: 24px;\">\n<td style=\"width: 457px; height: 24px;\"><a href=\"https:\/\/ship-tracker.org\/tr\/hanseatic-spirit\/\">Hanseatic Spirit<\/a><\/td>\n<td style=\"width: 456px; height: 24px;\">9857640<\/td>\n<td style=\"width: 456px; height: 24px;\">215973000<\/td>\n<\/tr>\n<tr style=\"height: 24px;\">\n<td style=\"width: 457px; height: 24px;\"><a href=\"https:\/\/ship-tracker.org\/tr\/hanseatic-inspiration\/\">Hanseatic Inspiration<\/a><\/td>\n<td style=\"width: 456px; height: 24px;\">9817145<\/td>\n<td style=\"width: 456px; height: 24px;\">311000910<\/td>\n<\/tr>\n<tr style=\"height: 24px;\">\n<td style=\"width: 457px; height: 24px;\"><a href=\"https:\/\/ship-tracker.org\/tr\/hanseatic-nature\/\">Hanseatic Nature<\/a><\/td>\n<td style=\"width: 456px; height: 24px;\">9817133<\/td>\n<td style=\"width: 456px; height: 24px;\">311000865<\/td>\n<\/tr>\n<tr style=\"height: 24px;\">\n<td style=\"width: 457px; height: 24px;\"><a href=\"https:\/\/ship-tracker.org\/tr\/ms-europa\/\">MS Europa\u00a0<\/a><\/td>\n<td style=\"width: 456px; height: 24px;\">9183855<\/td>\n<td style=\"width: 456px; height: 24px;\">308007000<\/td>\n<\/tr>\n<tr style=\"height: 24px;\">\n<td style=\"width: 457px; height: 24px;\"><a href=\"https:\/\/ship-tracker.org\/tr\/ms-europa-2\/\">MS Europa 2<\/a><\/td>\n<td style=\"width: 456px; height: 24px;\">9616230<\/td>\n<td style=\"width: 456px; height: 24px;\">229378000<\/td>\n<\/tr>\n<\/tbody>\n<\/table>\n<h2>Hapag-Lloyd Cruises Hakk\u0131nda<\/h2>\n<p>Hapag Lloyd Cruises, kitlesel pazar i\u00e7in gemi sunmuyor, ancak l\u00fcks ve ke\u015fif yolculuklar\u0131nda uzmanla\u015f\u0131yor. Nakliye \u015firketi, yabanc\u0131 yolcular\u0131n art\u0131\u015f\u0131na ra\u011fmen, hala Alman pazar\u0131na odaklan\u0131yor. Hapag Lloyd&#039;un filosu \u015fu anda d\u00f6rt yolcu gemisinden olu\u015fmaktad\u0131r. 2019&#039;da iki ke\u015fif gemisi daha hizmete girecek. Filodaki gemilerin her biri, yolculara nispeten daha az koltuk sunmakta, bu da bireysel yolcular\u0131n ke\u015fif yolculuklar\u0131nda daha fazla teklif almas\u0131 avantaj\u0131na sahiptir.<\/p>\n<p>Hapag Lloyd&#039;un kruvaziyer filosu d\u00f6rt gemiden olu\u015fuyor ve 2019 y\u0131l\u0131nda alt\u0131 gemiye kadar geni\u015fletilecek, \u00e7\u00fcnk\u00fc bu iki y\u0131l i\u00e7inde l\u00fcks sefer segmentinde iki yeni bina devreye al\u0131nacak. Genel olarak, gemiler az say\u0131da yolcu i\u00e7in yer sunar ve ayr\u0131ca kitle pazar\u0131 yerine seferler i\u00e7in tasarlanm\u0131\u015ft\u0131r. Filodaki m\u00fcnferit gemilerin hepsi \u00e7ok y\u00fcksek bir buz s\u0131n\u0131f\u0131na sahiptir, b\u00f6ylece Arktik veya Antarktika gibi var\u0131\u015f noktalar\u0131na da ula\u015f\u0131labilir.<\/p>","protected":false},"excerpt":{"rendered":"<p>Hapag-Lloyd Cruises Filo Lokasyonu Gemiler, IMO numaralar\u0131, MMSI, Web kameralar\u0131 Hapag-Lloyd Cruises Filosunun \u015fu anki konumu nerede? Gemi IMO MMSI Hanseatic Spirit 9857640 215973000 Hanseatic Inspiration 9817145 311000910 Hanseatic Nature 9817133 311000865 MS Europa 9183855 308007000 MS Europa 2 9616230 229378000 Hapag-Lloyd Cruise Hakk\u0131nda Hapag Lloyd Cruises a\u015fa\u011f\u0131dakiler i\u00e7in gemi sunmuyor:&nbsp;<a href=\"https:\/\/ship-tracker.org\/tr\/hapag-lloyd-cruises\/\" rel=\"bookmark\">Devam\u0131n\u0131 oku &quot;<span class=\"screen-reader-text\">Hapag-Lloyd Cruises<\/span><\/a><\/p>","protected":false},"author":1,"featured_media":2607,"parent":0,"menu_order":0,"comment_status":"closed","ping_status":"closed","template":"","meta":{"neve_meta_sidebar":"","neve_meta_container":"","neve_meta_enable_content_width":"","neve_meta_content_width":0,"neve_meta_title_alignment":"","neve_meta_author_avatar":"","neve_post_elements_order":"","neve_meta_disable_header":"","neve_meta_disable_footer":"","neve_meta_disable_title":"","neve_meta_reading_time":"","footnotes":""},"class_list":["post-2606","page","type-page","status-publish","has-post-thumbnail","hentry"],"yoast_head":"<!-- This site is optimized with the Yoast SEO plugin v26.9 - https:\/\/yoast.com\/product\/yoast-seo-wordpress\/ -->\n<title>Track Hapag-Lloyd Cruises Fleet | Cruise Ships | Marine Vessel<\/title>\n<meta name=\"description\" content=\"Hapag-Lloyd Cruises Fleet Location | Current Positions of Hapag-Lloyd Cruises Ships, IMO numbers, MMSI, Webcam | Live Fleet Maps\" \/>\n<meta name=\"robots\" content=\"index, follow, max-snippet:-1, max-image-preview:large, max-video-preview:-1\" \/>\n<link rel=\"canonical\" href=\"https:\/\/ship-tracker.org\/tr\/hapag-lloyd-cruises\/\" \/>\n<meta property=\"og:locale\" content=\"tr_TR\" \/>\n<meta property=\"og:type\" content=\"article\" \/>\n<meta property=\"og:title\" content=\"Track Hapag-Lloyd Cruises Fleet | Cruise Ships | Marine Vessel\" \/>\n<meta property=\"og:description\" content=\"Hapag-Lloyd Cruises Fleet Location | Current Positions of Hapag-Lloyd Cruises Ships, IMO numbers, MMSI, Webcam | Live Fleet Maps\" \/>\n<meta property=\"og:url\" content=\"https:\/\/ship-tracker.org\/tr\/hapag-lloyd-cruises\/\" \/>\n<meta property=\"og:site_name\" content=\"Ship-tracker.org\" \/>\n<meta property=\"article:modified_time\" content=\"2022-11-01T12:55:44+00:00\" \/>\n<meta property=\"og:image\" content=\"https:\/\/ship-tracker.org\/wp-content\/uploads\/2020\/05\/HL_Logo3.svg.png\" \/>\n\t<meta property=\"og:image:width\" content=\"1200\" \/>\n\t<meta property=\"og:image:height\" content=\"785\" \/>\n\t<meta property=\"og:image:type\" content=\"image\/png\" \/>\n<meta name=\"twitter:card\" content=\"summary_large_image\" \/>\n<meta name=\"twitter:label1\" content=\"Tahmini okuma s\u00fcresi\" \/>\n\t<meta name=\"twitter:data1\" content=\"1 dakika\" \/>\n<script type=\"application\/ld+json\" class=\"yoast-schema-graph\">{\"@context\":\"https:\/\/schema.org\",\"@graph\":[{\"@type\":\"WebPage\",\"@id\":\"https:\/\/ship-tracker.org\/hapag-lloyd-cruises\/\",\"url\":\"https:\/\/ship-tracker.org\/hapag-lloyd-cruises\/\",\"name\":\"Track Hapag-Lloyd Cruises Fleet | Cruise Ships | Marine Vessel\",\"isPartOf\":{\"@id\":\"https:\/\/ship-tracker.org\/#website\"},\"primaryImageOfPage\":{\"@id\":\"https:\/\/ship-tracker.org\/hapag-lloyd-cruises\/#primaryimage\"},\"image\":{\"@id\":\"https:\/\/ship-tracker.org\/hapag-lloyd-cruises\/#primaryimage\"},\"thumbnailUrl\":\"https:\/\/ship-tracker.org\/wp-content\/uploads\/2020\/05\/HL_Logo3.svg.png\",\"datePublished\":\"2020-05-09T12:06:50+00:00\",\"dateModified\":\"2022-11-01T12:55:44+00:00\",\"description\":\"Hapag-Lloyd Cruises Fleet Location | Current Positions of Hapag-Lloyd Cruises Ships, IMO numbers, MMSI, Webcam | Live Fleet Maps\",\"breadcrumb\":{\"@id\":\"https:\/\/ship-tracker.org\/hapag-lloyd-cruises\/#breadcrumb\"},\"inLanguage\":\"tr\",\"potentialAction\":[{\"@type\":\"ReadAction\",\"target\":[\"https:\/\/ship-tracker.org\/hapag-lloyd-cruises\/\"]}]},{\"@type\":\"ImageObject\",\"inLanguage\":\"tr\",\"@id\":\"https:\/\/ship-tracker.org\/hapag-lloyd-cruises\/#primaryimage\",\"url\":\"https:\/\/ship-tracker.org\/wp-content\/uploads\/2020\/05\/HL_Logo3.svg.png\",\"contentUrl\":\"https:\/\/ship-tracker.org\/wp-content\/uploads\/2020\/05\/HL_Logo3.svg.png\",\"width\":1200,\"height\":785,\"caption\":\"Hapag-Lloyd Cruises\"},{\"@type\":\"BreadcrumbList\",\"@id\":\"https:\/\/ship-tracker.org\/hapag-lloyd-cruises\/#breadcrumb\",\"itemListElement\":[{\"@type\":\"ListItem\",\"position\":1,\"name\":\"Startseite\",\"item\":\"https:\/\/ship-tracker.org\/\"},{\"@type\":\"ListItem\",\"position\":2,\"name\":\"Hapag-Lloyd Cruises\"}]},{\"@type\":\"WebSite\",\"@id\":\"https:\/\/ship-tracker.org\/#website\",\"url\":\"https:\/\/ship-tracker.org\/\",\"name\":\"Ship-tracker.org\",\"description\":\"\",\"potentialAction\":[{\"@type\":\"SearchAction\",\"target\":{\"@type\":\"EntryPoint\",\"urlTemplate\":\"https:\/\/ship-tracker.org\/?s={search_term_string}\"},\"query-input\":{\"@type\":\"PropertyValueSpecification\",\"valueRequired\":true,\"valueName\":\"search_term_string\"}}],\"inLanguage\":\"tr\"}]}<\/script>\n<!-- \/ Yoast SEO plugin. -->","yoast_head_json":{"title":"Par\u00e7a Hapag-Lloyd Cruises Filosu | Cruise Gemileri | Deniz Ara\u00e7lar\u0131","description":"Hapag-Lloyd Cruises Filo Konumu | Hapag-Lloyd Cruises Gemilerinin G\u00fcncel Konumlar\u0131, IMO numaralar\u0131, MMSI, Webcam | Canl\u0131 Filo Haritalar\u0131","robots":{"index":"index","follow":"follow","max-snippet":"max-snippet:-1","max-image-preview":"max-image-preview:large","max-video-preview":"max-video-preview:-1"},"canonical":"https:\/\/ship-tracker.org\/tr\/hapag-lloyd-cruises\/","og_locale":"tr_TR","og_type":"article","og_title":"Track Hapag-Lloyd Cruises Fleet | Cruise Ships | Marine Vessel","og_description":"Hapag-Lloyd Cruises Fleet Location | Current Positions of Hapag-Lloyd Cruises Ships, IMO numbers, MMSI, Webcam | Live Fleet Maps","og_url":"https:\/\/ship-tracker.org\/tr\/hapag-lloyd-cruises\/","og_site_name":"Ship-tracker.org","article_modified_time":"2022-11-01T12:55:44+00:00","og_image":[{"width":1200,"height":785,"url":"https:\/\/ship-tracker.org\/wp-content\/uploads\/2020\/05\/HL_Logo3.svg.png","type":"image\/png"}],"twitter_card":"summary_large_image","twitter_misc":{"Tahmini okuma s\u00fcresi":"1 dakika"},"schema":{"@context":"https:\/\/schema.org","@graph":[{"@type":"WebPage","@id":"https:\/\/ship-tracker.org\/hapag-lloyd-cruises\/","url":"https:\/\/ship-tracker.org\/hapag-lloyd-cruises\/","name":"Par\u00e7a Hapag-Lloyd Cruises Filosu | Cruise Gemileri | Deniz Ara\u00e7lar\u0131","isPartOf":{"@id":"https:\/\/ship-tracker.org\/#website"},"primaryImageOfPage":{"@id":"https:\/\/ship-tracker.org\/hapag-lloyd-cruises\/#primaryimage"},"image":{"@id":"https:\/\/ship-tracker.org\/hapag-lloyd-cruises\/#primaryimage"},"thumbnailUrl":"https:\/\/ship-tracker.org\/wp-content\/uploads\/2020\/05\/HL_Logo3.svg.png","datePublished":"2020-05-09T12:06:50+00:00","dateModified":"2022-11-01T12:55:44+00:00","description":"Hapag-Lloyd Cruises Filo Konumu | Hapag-Lloyd Cruises Gemilerinin G\u00fcncel Konumlar\u0131, IMO numaralar\u0131, MMSI, Webcam | Canl\u0131 Filo Haritalar\u0131","breadcrumb":{"@id":"https:\/\/ship-tracker.org\/hapag-lloyd-cruises\/#breadcrumb"},"inLanguage":"tr","potentialAction":[{"@type":"ReadAction","target":["https:\/\/ship-tracker.org\/hapag-lloyd-cruises\/"]}]},{"@type":"ImageObject","inLanguage":"tr","@id":"https:\/\/ship-tracker.org\/hapag-lloyd-cruises\/#primaryimage","url":"https:\/\/ship-tracker.org\/wp-content\/uploads\/2020\/05\/HL_Logo3.svg.png","contentUrl":"https:\/\/ship-tracker.org\/wp-content\/uploads\/2020\/05\/HL_Logo3.svg.png","width":1200,"height":785,"caption":"Hapag-Lloyd Cruises"},{"@type":"BreadcrumbList","@id":"https:\/\/ship-tracker.org\/hapag-lloyd-cruises\/#breadcrumb","itemListElement":[{"@type":"ListItem","position":1,"name":"Startseite","item":"https:\/\/ship-tracker.org\/"},{"@type":"ListItem","position":2,"name":"Hapag-Lloyd Cruises"}]},{"@type":"WebSite","@id":"https:\/\/ship-tracker.org\/#website","url":"https:\/\/ship-tracker.org\/","name":"Ship-tracker.org","description":"","potentialAction":[{"@type":"SearchAction","target":{"@type":"EntryPoint","urlTemplate":"https:\/\/ship-tracker.org\/?s={search_term_string}"},"query-input":{"@type":"PropertyValueSpecification","valueRequired":true,"valueName":"search_term_string"}}],"inLanguage":"tr"}]}},"_links":{"self":[{"href":"https:\/\/ship-tracker.org\/tr\/wp-json\/wp\/v2\/pages\/2606","targetHints":{"allow":["GET"]}}],"collection":[{"href":"https:\/\/ship-tracker.org\/tr\/wp-json\/wp\/v2\/pages"}],"about":[{"href":"https:\/\/ship-tracker.org\/tr\/wp-json\/wp\/v2\/types\/page"}],"author":[{"embeddable":true,"href":"https:\/\/ship-tracker.org\/tr\/wp-json\/wp\/v2\/users\/1"}],"replies":[{"embeddable":true,"href":"https:\/\/ship-tracker.org\/tr\/wp-json\/wp\/v2\/comments?post=2606"}],"version-history":[{"count":4,"href":"https:\/\/ship-tracker.org\/tr\/wp-json\/wp\/v2\/pages\/2606\/revisions"}],"predecessor-version":[{"id":3550,"href":"https:\/\/ship-tracker.org\/tr\/wp-json\/wp\/v2\/pages\/2606\/revisions\/3550"}],"wp:featuredmedia":[{"embeddable":true,"href":"https:\/\/ship-tracker.org\/tr\/wp-json\/wp\/v2\/media\/2607"}],"wp:attachment":[{"href":"https:\/\/ship-tracker.org\/tr\/wp-json\/wp\/v2\/media?parent=2606"}],"curies":[{"name":"wp","href":"https:\/\/api.w.org\/{rel}","templated":true}]}}