{"id":2595,"date":"2020-05-09T13:57:32","date_gmt":"2020-05-09T11:57:32","guid":{"rendered":"https:\/\/ship-tracker.org\/?page_id=2595"},"modified":"2022-10-27T16:04:14","modified_gmt":"2022-10-27T14:04:14","slug":"fred-olsen-cruise-lines","status":"publish","type":"page","link":"https:\/\/ship-tracker.org\/tr\/fred-olsen-cruise-lines\/","title":{"rendered":"Fred Olsen Cruise Line"},"content":{"rendered":"<h2>Fred Olsen Cruise Line Filo Konumu Gemiler, IMO numaralar\u0131, MMSI, Webcam<\/h2>\n<p>Fred Olsen Cruise Line Fleet&#039;in \u015fu anki konumu nedir?<\/p>\n<table style=\"border-collapse: collapse; width: 100%; height: 168px;\">\n<tbody>\n<tr style=\"height: 24px;\">\n<td style=\"width: 33.3575%; height: 24px;\"><span style=\"color: #1f405b;\"><strong>Gemi<\/strong><\/span><\/td>\n<td style=\"width: 33.285%; height: 24px;\"><span style=\"color: #1f405b;\"><strong>IMO<\/strong><\/span><\/td>\n<td style=\"width: 33.285%; height: 24px;\"><span style=\"color: #1f405b;\"><strong>MMSI<\/strong><\/span><\/td>\n<\/tr>\n<tr style=\"height: 24px;\">\n<td style=\"width: 33.3575%; height: 24px;\"><a href=\"https:\/\/ship-tracker.org\/tr\/braemar\/\">Braemar<\/a><\/td>\n<td style=\"width: 33.285%; height: 24px;\">9000699<\/td>\n<td style=\"width: 33.285%; height: 24px;\">311541000<\/td>\n<\/tr>\n<tr style=\"height: 24px;\">\n<td style=\"width: 33.3575%; height: 24px;\"><a href=\"https:\/\/ship-tracker.org\/tr\/balmoral\/\">Balmoral<\/a><\/td>\n<td style=\"width: 33.285%; height: 24px;\">8506294<\/td>\n<td style=\"width: 33.285%; height: 24px;\">308785000<\/td>\n<\/tr>\n<tr style=\"height: 24px;\">\n<td style=\"width: 33.3575%; height: 24px;\"><a href=\"https:\/\/ship-tracker.org\/tr\/boudicca\/\">Boudicca<\/a><\/td>\n<td style=\"width: 33.285%; height: 24px;\">7218395<\/td>\n<td style=\"width: 33.285%; height: 24px;\">309964000<\/td>\n<\/tr>\n<tr style=\"height: 24px;\">\n<td style=\"width: 33.3575%; height: 24px;\"><a href=\"https:\/\/ship-tracker.org\/tr\/black-watch\/\">Black Watch<\/a><\/td>\n<td style=\"width: 33.285%; height: 24px;\">7108930<\/td>\n<td style=\"width: 33.285%; height: 24px;\">311166000<\/td>\n<\/tr>\n<tr style=\"height: 24px;\">\n<td style=\"width: 33.3575%; height: 24px;\"><a href=\"https:\/\/ship-tracker.org\/tr\/ms-brabant\/\">MS Brabant<\/a><\/td>\n<td style=\"width: 33.285%; height: 24px;\"><\/td>\n<td style=\"width: 33.285%; height: 24px;\">211171530<\/td>\n<\/tr>\n<\/tbody>\n<\/table>\n<h2>Fred Olsen Cruise Line hakk\u0131nda<\/h2>\n<p>Fred Olsen Kruvaziyer Hatt\u0131, d\u00f6rt gemiye sahip bir Norve\u00e7 kruvaziyer hatt\u0131d\u0131r. \u015eirketin merkezi Ipswich, Suffolk, \u0130ngiltere&#039;de bulunmaktad\u0131r ve Bonheur ve Ganger Rolf&#039;a aittir. Fred Olsen 1848 y\u0131l\u0131nda Norve\u00e7&#039;in Oslofjord kasabas\u0131ndaki k\u00fc\u00e7\u00fck bir kasaba olan Hvitsten&#039;de, ilk gemilerini sat\u0131n alan ve uluslararas\u0131 bir nakliye \u015firketi kuran \u00fc\u00e7 Olsen karde\u015f, Petter, Andras ve Fredrik Christian taraf\u0131ndan kuruldu. Bug\u00fcn ailenin 5. neslinde yer alan tesis, kruvaziyer ve yolcu ta\u015f\u0131mac\u0131l\u0131\u011f\u0131, gemi yap\u0131m\u0131, havac\u0131l\u0131k ve denizcilik sekt\u00f6r\u00fcndeki \u015firketleri i\u015fletmektedir.<\/p>","protected":false},"excerpt":{"rendered":"<p>Fred Olsen Cruise Line Filo Konumu Gemiler, IMO numaralar\u0131, MMSI, Web kameralar\u0131 Fred Olsen Cruise Line Filosunun \u015fu anki konumu nerede? Gemi IMO MMSI Braemar 9000699 311541000 Balmoral 8506294 308785000 Boudicca 7218395 309964000 Black Watch 7108930 311166000 MS Brabant 211171530 Fred Olsen Cruise Line Hakk\u0131nda Fred Olsen Cruise Line, bir Norve\u00e7 gezisidir\u2026&nbsp;<a href=\"https:\/\/ship-tracker.org\/tr\/fred-olsen-cruise-lines\/\" rel=\"bookmark\">Devam\u0131n\u0131 oku &quot;<span class=\"screen-reader-text\">Fred Olsen Cruise Line<\/span><\/a><\/p>","protected":false},"author":1,"featured_media":2596,"parent":0,"menu_order":0,"comment_status":"closed","ping_status":"closed","template":"","meta":{"neve_meta_sidebar":"","neve_meta_container":"","neve_meta_enable_content_width":"","neve_meta_content_width":0,"neve_meta_title_alignment":"","neve_meta_author_avatar":"","neve_post_elements_order":"","neve_meta_disable_header":"","neve_meta_disable_footer":"","neve_meta_disable_title":"","neve_meta_reading_time":"","footnotes":""},"class_list":["post-2595","page","type-page","status-publish","has-post-thumbnail","hentry"],"yoast_head":"<!-- This site is optimized with the Yoast SEO plugin v26.9 - https:\/\/yoast.com\/product\/yoast-seo-wordpress\/ -->\n<title>Track Fred Olsen Cruise Lines Fleet | Cruise Ships | Marine Vessel<\/title>\n<meta name=\"description\" content=\"Fred Olsen Cruise Lines Fleet Location | Current Positions of Fred Olsen Cruise Lines Ships, IMO numbers, MMSI, Webcam | Live Fleet Maps\" \/>\n<meta name=\"robots\" content=\"index, follow, max-snippet:-1, max-image-preview:large, max-video-preview:-1\" \/>\n<link rel=\"canonical\" href=\"https:\/\/ship-tracker.org\/tr\/fred-olsen-cruise-lines\/\" \/>\n<meta property=\"og:locale\" content=\"tr_TR\" \/>\n<meta property=\"og:type\" content=\"article\" \/>\n<meta property=\"og:title\" content=\"Track Fred Olsen Cruise Lines Fleet | Cruise Ships | Marine Vessel\" \/>\n<meta property=\"og:description\" content=\"Fred Olsen Cruise Lines Fleet Location | Current Positions of Fred Olsen Cruise Lines Ships, IMO numbers, MMSI, Webcam | Live Fleet Maps\" \/>\n<meta property=\"og:url\" content=\"https:\/\/ship-tracker.org\/tr\/fred-olsen-cruise-lines\/\" \/>\n<meta property=\"og:site_name\" content=\"Ship-tracker.org\" \/>\n<meta property=\"article:modified_time\" content=\"2022-10-27T14:04:14+00:00\" \/>\n<meta property=\"og:image\" content=\"https:\/\/ship-tracker.org\/wp-content\/uploads\/2020\/05\/26.jpg\" \/>\n\t<meta property=\"og:image:width\" content=\"800\" \/>\n\t<meta property=\"og:image:height\" content=\"600\" \/>\n\t<meta property=\"og:image:type\" content=\"image\/jpeg\" \/>\n<meta name=\"twitter:card\" content=\"summary_large_image\" \/>\n<meta name=\"twitter:label1\" content=\"Tahmini okuma s\u00fcresi\" \/>\n\t<meta name=\"twitter:data1\" content=\"1 dakika\" \/>\n<script type=\"application\/ld+json\" class=\"yoast-schema-graph\">{\"@context\":\"https:\/\/schema.org\",\"@graph\":[{\"@type\":\"WebPage\",\"@id\":\"https:\/\/ship-tracker.org\/fred-olsen-cruise-lines\/\",\"url\":\"https:\/\/ship-tracker.org\/fred-olsen-cruise-lines\/\",\"name\":\"Track Fred Olsen Cruise Lines Fleet | Cruise Ships | Marine Vessel\",\"isPartOf\":{\"@id\":\"https:\/\/ship-tracker.org\/#website\"},\"primaryImageOfPage\":{\"@id\":\"https:\/\/ship-tracker.org\/fred-olsen-cruise-lines\/#primaryimage\"},\"image\":{\"@id\":\"https:\/\/ship-tracker.org\/fred-olsen-cruise-lines\/#primaryimage\"},\"thumbnailUrl\":\"https:\/\/ship-tracker.org\/wp-content\/uploads\/2020\/05\/26.jpg\",\"datePublished\":\"2020-05-09T11:57:32+00:00\",\"dateModified\":\"2022-10-27T14:04:14+00:00\",\"description\":\"Fred Olsen Cruise Lines Fleet Location | Current Positions of Fred Olsen Cruise Lines Ships, IMO numbers, MMSI, Webcam | Live Fleet Maps\",\"breadcrumb\":{\"@id\":\"https:\/\/ship-tracker.org\/fred-olsen-cruise-lines\/#breadcrumb\"},\"inLanguage\":\"tr\",\"potentialAction\":[{\"@type\":\"ReadAction\",\"target\":[\"https:\/\/ship-tracker.org\/fred-olsen-cruise-lines\/\"]}]},{\"@type\":\"ImageObject\",\"inLanguage\":\"tr\",\"@id\":\"https:\/\/ship-tracker.org\/fred-olsen-cruise-lines\/#primaryimage\",\"url\":\"https:\/\/ship-tracker.org\/wp-content\/uploads\/2020\/05\/26.jpg\",\"contentUrl\":\"https:\/\/ship-tracker.org\/wp-content\/uploads\/2020\/05\/26.jpg\",\"width\":800,\"height\":600,\"caption\":\"Fred Olsen Cruise Lines\"},{\"@type\":\"BreadcrumbList\",\"@id\":\"https:\/\/ship-tracker.org\/fred-olsen-cruise-lines\/#breadcrumb\",\"itemListElement\":[{\"@type\":\"ListItem\",\"position\":1,\"name\":\"Startseite\",\"item\":\"https:\/\/ship-tracker.org\/\"},{\"@type\":\"ListItem\",\"position\":2,\"name\":\"Fred Olsen Cruise Line\"}]},{\"@type\":\"WebSite\",\"@id\":\"https:\/\/ship-tracker.org\/#website\",\"url\":\"https:\/\/ship-tracker.org\/\",\"name\":\"Ship-tracker.org\",\"description\":\"\",\"potentialAction\":[{\"@type\":\"SearchAction\",\"target\":{\"@type\":\"EntryPoint\",\"urlTemplate\":\"https:\/\/ship-tracker.org\/?s={search_term_string}\"},\"query-input\":{\"@type\":\"PropertyValueSpecification\",\"valueRequired\":true,\"valueName\":\"search_term_string\"}}],\"inLanguage\":\"tr\"}]}<\/script>\n<!-- \/ Yoast SEO plugin. -->","yoast_head_json":{"title":"Par\u00e7a Fred Olsen Cruise Lines Filo | Cruise Gemileri | Deniz Ara\u00e7lar\u0131","description":"Fred Olsen Cruise Lines Filo Konumu | Fred Olsen Cruise Lines Gemilerinin Mevcut Konumlar\u0131, IMO numaralar\u0131, MMSI, Web Kameras\u0131 | Canl\u0131 Filo Haritalar\u0131","robots":{"index":"index","follow":"follow","max-snippet":"max-snippet:-1","max-image-preview":"max-image-preview:large","max-video-preview":"max-video-preview:-1"},"canonical":"https:\/\/ship-tracker.org\/tr\/fred-olsen-cruise-lines\/","og_locale":"tr_TR","og_type":"article","og_title":"Track Fred Olsen Cruise Lines Fleet | Cruise Ships | Marine Vessel","og_description":"Fred Olsen Cruise Lines Fleet Location | Current Positions of Fred Olsen Cruise Lines Ships, IMO numbers, MMSI, Webcam | Live Fleet Maps","og_url":"https:\/\/ship-tracker.org\/tr\/fred-olsen-cruise-lines\/","og_site_name":"Ship-tracker.org","article_modified_time":"2022-10-27T14:04:14+00:00","og_image":[{"width":800,"height":600,"url":"https:\/\/ship-tracker.org\/wp-content\/uploads\/2020\/05\/26.jpg","type":"image\/jpeg"}],"twitter_card":"summary_large_image","twitter_misc":{"Tahmini okuma s\u00fcresi":"1 dakika"},"schema":{"@context":"https:\/\/schema.org","@graph":[{"@type":"WebPage","@id":"https:\/\/ship-tracker.org\/fred-olsen-cruise-lines\/","url":"https:\/\/ship-tracker.org\/fred-olsen-cruise-lines\/","name":"Par\u00e7a Fred Olsen Cruise Lines Filo | Cruise Gemileri | Deniz Ara\u00e7lar\u0131","isPartOf":{"@id":"https:\/\/ship-tracker.org\/#website"},"primaryImageOfPage":{"@id":"https:\/\/ship-tracker.org\/fred-olsen-cruise-lines\/#primaryimage"},"image":{"@id":"https:\/\/ship-tracker.org\/fred-olsen-cruise-lines\/#primaryimage"},"thumbnailUrl":"https:\/\/ship-tracker.org\/wp-content\/uploads\/2020\/05\/26.jpg","datePublished":"2020-05-09T11:57:32+00:00","dateModified":"2022-10-27T14:04:14+00:00","description":"Fred Olsen Cruise Lines Filo Konumu | Fred Olsen Cruise Lines Gemilerinin Mevcut Konumlar\u0131, IMO numaralar\u0131, MMSI, Web Kameras\u0131 | Canl\u0131 Filo Haritalar\u0131","breadcrumb":{"@id":"https:\/\/ship-tracker.org\/fred-olsen-cruise-lines\/#breadcrumb"},"inLanguage":"tr","potentialAction":[{"@type":"ReadAction","target":["https:\/\/ship-tracker.org\/fred-olsen-cruise-lines\/"]}]},{"@type":"ImageObject","inLanguage":"tr","@id":"https:\/\/ship-tracker.org\/fred-olsen-cruise-lines\/#primaryimage","url":"https:\/\/ship-tracker.org\/wp-content\/uploads\/2020\/05\/26.jpg","contentUrl":"https:\/\/ship-tracker.org\/wp-content\/uploads\/2020\/05\/26.jpg","width":800,"height":600,"caption":"Fred Olsen Cruise Lines"},{"@type":"BreadcrumbList","@id":"https:\/\/ship-tracker.org\/fred-olsen-cruise-lines\/#breadcrumb","itemListElement":[{"@type":"ListItem","position":1,"name":"Startseite","item":"https:\/\/ship-tracker.org\/"},{"@type":"ListItem","position":2,"name":"Fred Olsen Cruise Line"}]},{"@type":"WebSite","@id":"https:\/\/ship-tracker.org\/#website","url":"https:\/\/ship-tracker.org\/","name":"Ship-tracker.org","description":"","potentialAction":[{"@type":"SearchAction","target":{"@type":"EntryPoint","urlTemplate":"https:\/\/ship-tracker.org\/?s={search_term_string}"},"query-input":{"@type":"PropertyValueSpecification","valueRequired":true,"valueName":"search_term_string"}}],"inLanguage":"tr"}]}},"_links":{"self":[{"href":"https:\/\/ship-tracker.org\/tr\/wp-json\/wp\/v2\/pages\/2595","targetHints":{"allow":["GET"]}}],"collection":[{"href":"https:\/\/ship-tracker.org\/tr\/wp-json\/wp\/v2\/pages"}],"about":[{"href":"https:\/\/ship-tracker.org\/tr\/wp-json\/wp\/v2\/types\/page"}],"author":[{"embeddable":true,"href":"https:\/\/ship-tracker.org\/tr\/wp-json\/wp\/v2\/users\/1"}],"replies":[{"embeddable":true,"href":"https:\/\/ship-tracker.org\/tr\/wp-json\/wp\/v2\/comments?post=2595"}],"version-history":[{"count":2,"href":"https:\/\/ship-tracker.org\/tr\/wp-json\/wp\/v2\/pages\/2595\/revisions"}],"predecessor-version":[{"id":2703,"href":"https:\/\/ship-tracker.org\/tr\/wp-json\/wp\/v2\/pages\/2595\/revisions\/2703"}],"wp:featuredmedia":[{"embeddable":true,"href":"https:\/\/ship-tracker.org\/tr\/wp-json\/wp\/v2\/media\/2596"}],"wp:attachment":[{"href":"https:\/\/ship-tracker.org\/tr\/wp-json\/wp\/v2\/media?parent=2595"}],"curies":[{"name":"wp","href":"https:\/\/api.w.org\/{rel}","templated":true}]}}