{"id":2582,"date":"2020-05-09T13:48:49","date_gmt":"2020-05-09T11:48:49","guid":{"rendered":"https:\/\/ship-tracker.org\/?page_id=2582"},"modified":"2022-10-27T16:03:56","modified_gmt":"2022-10-27T14:03:56","slug":"cruise-and-maritime-voyages","status":"publish","type":"page","link":"https:\/\/ship-tracker.org\/tr\/cruise-and-maritime-voyages\/","title":{"rendered":"Cruise and Maritime Voyages"},"content":{"rendered":"<h2>Cruise ve Deniz Yolculu\u011fu Filo Lokasyon Gemileri, IMO numaralar\u0131, MMSI, Webcam<\/h2>\n<p>Cruise ve Maritime Voyages Fleet&#039;in \u015fu anki konumu nerededir?<\/p>\n<table style=\"border-collapse: collapse; width: 100%; height: 168px;\">\n<tbody>\n<tr style=\"height: 24px;\">\n<td style=\"width: 457px; height: 24px;\"><span style=\"color: #1f405b;\"><strong>Gemi<\/strong><\/span><\/td>\n<td style=\"width: 456px; height: 24px;\"><span style=\"color: #1f405b;\"><strong>IMO<\/strong><\/span><\/td>\n<td style=\"width: 456px; height: 24px;\"><span style=\"color: #1f405b;\"><strong>MMSI<\/strong><\/span><\/td>\n<\/tr>\n<tr style=\"height: 24px;\">\n<td style=\"width: 457px; height: 24px;\"><a href=\"https:\/\/ship-tracker.org\/tr\/vasco-da-gama\/\">Vasco da Gama<\/a><\/td>\n<td style=\"width: 456px; height: 24px;\">8919245<\/td>\n<td style=\"width: 456px; height: 24px;\">311000891<\/td>\n<\/tr>\n<tr style=\"height: 24px;\">\n<td style=\"width: 457px; height: 24px;\"><a href=\"https:\/\/ship-tracker.org\/tr\/columbus\/\">Columbus<\/a><\/td>\n<td style=\"width: 456px; height: 24px;\">8611398<\/td>\n<td style=\"width: 456px; height: 24px;\">311000535<\/td>\n<\/tr>\n<tr style=\"height: 24px;\">\n<td style=\"width: 457px; height: 24px;\"><a href=\"https:\/\/ship-tracker.org\/tr\/astor\/\">Astor<\/a><\/td>\n<td style=\"width: 456px; height: 24px;\">8506373<\/td>\n<td style=\"width: 456px; height: 24px;\">308214000<\/td>\n<\/tr>\n<tr style=\"height: 24px;\">\n<td style=\"width: 457px; height: 24px;\"><a href=\"https:\/\/ship-tracker.org\/tr\/magellan\/\">Magellan<\/a><\/td>\n<td style=\"width: 456px; height: 24px;\">8217881<\/td>\n<td style=\"width: 456px; height: 24px;\">311000343<\/td>\n<\/tr>\n<tr style=\"height: 24px;\">\n<td style=\"width: 457px; height: 24px;\"><a href=\"https:\/\/ship-tracker.org\/tr\/marco-polo\/\">Marco Polo<\/a><\/td>\n<td style=\"width: 456px; height: 24px;\">6417097<\/td>\n<td style=\"width: 456px; height: 24px;\">308693000<\/td>\n<\/tr>\n<tr style=\"height: 24px;\">\n<td style=\"width: 457px; height: 24px;\"><a href=\"https:\/\/ship-tracker.org\/tr\/astoria\/\">Astoria<\/a><\/td>\n<td style=\"width: 456px; height: 24px;\">5383304<\/td>\n<td style=\"width: 456px; height: 24px;\">255801380<\/td>\n<\/tr>\n<\/tbody>\n<\/table>","protected":false},"excerpt":{"rendered":"<p>Kruvaziyer ve Deniz Seferleri Filo Lokasyonu Gemiler, IMO numaralar\u0131, MMSI, Web kameralar\u0131 Kruvaziyer ve Deniz Seferleri Filosunun \u015fu anki konumu nerede? Gemi IMO MMSI Vasco da Gama 8919245 311000891 Columbus 8611398 311000535 Astor 8506373 308214000 Magellan 8217881 311000343 Marco Polo 6417097 308693000 Astoria 5383304 55801380<\/p>","protected":false},"author":1,"featured_media":2584,"parent":0,"menu_order":0,"comment_status":"closed","ping_status":"closed","template":"","meta":{"neve_meta_sidebar":"","neve_meta_container":"","neve_meta_enable_content_width":"","neve_meta_content_width":0,"neve_meta_title_alignment":"","neve_meta_author_avatar":"","neve_post_elements_order":"","neve_meta_disable_header":"","neve_meta_disable_footer":"","neve_meta_disable_title":"","neve_meta_reading_time":"","footnotes":""},"class_list":["post-2582","page","type-page","status-publish","has-post-thumbnail","hentry"],"yoast_head":"<!-- This site is optimized with the Yoast SEO plugin v27.4 - https:\/\/yoast.com\/product\/yoast-seo-wordpress\/ -->\n<title>Track Cruise and Maritime Voyages Fleet | Cruise Ships<\/title>\n<meta name=\"description\" content=\"Cruise and Maritime Voyages Fleet Location | Current Positions of CMV Ships, IMO numbers, MMSI, Webcam | Live Fleet Maps | Live Ship Tracker\" \/>\n<meta name=\"robots\" content=\"index, follow, max-snippet:-1, max-image-preview:large, max-video-preview:-1\" \/>\n<link rel=\"canonical\" href=\"https:\/\/ship-tracker.org\/tr\/cruise-and-maritime-voyages\/\" \/>\n<meta property=\"og:locale\" content=\"tr_TR\" \/>\n<meta property=\"og:type\" content=\"article\" \/>\n<meta property=\"og:title\" content=\"Track Cruise and Maritime Voyages Fleet | Cruise Ships\" \/>\n<meta property=\"og:description\" content=\"Cruise and Maritime Voyages Fleet Location | Current Positions of CMV Ships, IMO numbers, MMSI, Webcam | Live Fleet Maps | Live Ship Tracker\" \/>\n<meta property=\"og:url\" content=\"https:\/\/ship-tracker.org\/tr\/cruise-and-maritime-voyages\/\" \/>\n<meta property=\"og:site_name\" content=\"Ship-tracker.org\" \/>\n<meta property=\"article:modified_time\" content=\"2022-10-27T14:03:56+00:00\" \/>\n<meta property=\"og:image\" content=\"https:\/\/ship-tracker.org\/wp-content\/uploads\/2020\/05\/Download-1.jpg\" \/>\n\t<meta property=\"og:image:width\" content=\"225\" \/>\n\t<meta property=\"og:image:height\" content=\"225\" \/>\n\t<meta property=\"og:image:type\" content=\"image\/jpeg\" \/>\n<meta name=\"twitter:card\" content=\"summary_large_image\" \/>\n<meta name=\"twitter:label1\" content=\"Tahmini okuma s\u00fcresi\" \/>\n\t<meta name=\"twitter:data1\" content=\"1 dakika\" \/>\n<script type=\"application\/ld+json\" class=\"yoast-schema-graph\">{\"@context\":\"https:\\\/\\\/schema.org\",\"@graph\":[{\"@type\":\"WebPage\",\"@id\":\"https:\\\/\\\/ship-tracker.org\\\/cruise-and-maritime-voyages\\\/\",\"url\":\"https:\\\/\\\/ship-tracker.org\\\/cruise-and-maritime-voyages\\\/\",\"name\":\"Track Cruise and Maritime Voyages Fleet | Cruise Ships\",\"isPartOf\":{\"@id\":\"https:\\\/\\\/ship-tracker.org\\\/#website\"},\"primaryImageOfPage\":{\"@id\":\"https:\\\/\\\/ship-tracker.org\\\/cruise-and-maritime-voyages\\\/#primaryimage\"},\"image\":{\"@id\":\"https:\\\/\\\/ship-tracker.org\\\/cruise-and-maritime-voyages\\\/#primaryimage\"},\"thumbnailUrl\":\"https:\\\/\\\/ship-tracker.org\\\/wp-content\\\/uploads\\\/2020\\\/05\\\/Download-1.jpg\",\"datePublished\":\"2020-05-09T11:48:49+00:00\",\"dateModified\":\"2022-10-27T14:03:56+00:00\",\"description\":\"Cruise and Maritime Voyages Fleet Location | Current Positions of CMV Ships, IMO numbers, MMSI, Webcam | Live Fleet Maps | Live Ship Tracker\",\"breadcrumb\":{\"@id\":\"https:\\\/\\\/ship-tracker.org\\\/cruise-and-maritime-voyages\\\/#breadcrumb\"},\"inLanguage\":\"tr\",\"potentialAction\":[{\"@type\":\"ReadAction\",\"target\":[\"https:\\\/\\\/ship-tracker.org\\\/cruise-and-maritime-voyages\\\/\"]}]},{\"@type\":\"ImageObject\",\"inLanguage\":\"tr\",\"@id\":\"https:\\\/\\\/ship-tracker.org\\\/cruise-and-maritime-voyages\\\/#primaryimage\",\"url\":\"https:\\\/\\\/ship-tracker.org\\\/wp-content\\\/uploads\\\/2020\\\/05\\\/Download-1.jpg\",\"contentUrl\":\"https:\\\/\\\/ship-tracker.org\\\/wp-content\\\/uploads\\\/2020\\\/05\\\/Download-1.jpg\",\"width\":225,\"height\":225,\"caption\":\"Cruise and Maritime Voyages\"},{\"@type\":\"BreadcrumbList\",\"@id\":\"https:\\\/\\\/ship-tracker.org\\\/cruise-and-maritime-voyages\\\/#breadcrumb\",\"itemListElement\":[{\"@type\":\"ListItem\",\"position\":1,\"name\":\"Startseite\",\"item\":\"https:\\\/\\\/ship-tracker.org\\\/\"},{\"@type\":\"ListItem\",\"position\":2,\"name\":\"Cruise and Maritime Voyages\"}]},{\"@type\":\"WebSite\",\"@id\":\"https:\\\/\\\/ship-tracker.org\\\/#website\",\"url\":\"https:\\\/\\\/ship-tracker.org\\\/\",\"name\":\"Ship-tracker.org\",\"description\":\"\",\"potentialAction\":[{\"@type\":\"SearchAction\",\"target\":{\"@type\":\"EntryPoint\",\"urlTemplate\":\"https:\\\/\\\/ship-tracker.org\\\/?s={search_term_string}\"},\"query-input\":{\"@type\":\"PropertyValueSpecification\",\"valueRequired\":true,\"valueName\":\"search_term_string\"}}],\"inLanguage\":\"tr\"}]}<\/script>\n<!-- \/ Yoast SEO plugin. -->","yoast_head_json":{"title":"Gemi ve Deniz Seferleri Filosu \u0130zleme | Yolcu gemileri","description":"Gemi ve Deniz Seferleri Filo Lokasyonu | CMV Gemilerinin Mevcut Konumlar\u0131, IMO numaralar\u0131, MMSI, Web Kameras\u0131 | Canl\u0131 Filo Haritalar\u0131 | Canl\u0131 Gemi Takibi","robots":{"index":"index","follow":"follow","max-snippet":"max-snippet:-1","max-image-preview":"max-image-preview:large","max-video-preview":"max-video-preview:-1"},"canonical":"https:\/\/ship-tracker.org\/tr\/cruise-and-maritime-voyages\/","og_locale":"tr_TR","og_type":"article","og_title":"Track Cruise and Maritime Voyages Fleet | Cruise Ships","og_description":"Cruise and Maritime Voyages Fleet Location | Current Positions of CMV Ships, IMO numbers, MMSI, Webcam | Live Fleet Maps | Live Ship Tracker","og_url":"https:\/\/ship-tracker.org\/tr\/cruise-and-maritime-voyages\/","og_site_name":"Ship-tracker.org","article_modified_time":"2022-10-27T14:03:56+00:00","og_image":[{"width":225,"height":225,"url":"https:\/\/ship-tracker.org\/wp-content\/uploads\/2020\/05\/Download-1.jpg","type":"image\/jpeg"}],"twitter_card":"summary_large_image","twitter_misc":{"Tahmini okuma s\u00fcresi":"1 dakika"},"schema":{"@context":"https:\/\/schema.org","@graph":[{"@type":"WebPage","@id":"https:\/\/ship-tracker.org\/cruise-and-maritime-voyages\/","url":"https:\/\/ship-tracker.org\/cruise-and-maritime-voyages\/","name":"Gemi ve Deniz Seferleri Filosu \u0130zleme | Yolcu gemileri","isPartOf":{"@id":"https:\/\/ship-tracker.org\/#website"},"primaryImageOfPage":{"@id":"https:\/\/ship-tracker.org\/cruise-and-maritime-voyages\/#primaryimage"},"image":{"@id":"https:\/\/ship-tracker.org\/cruise-and-maritime-voyages\/#primaryimage"},"thumbnailUrl":"https:\/\/ship-tracker.org\/wp-content\/uploads\/2020\/05\/Download-1.jpg","datePublished":"2020-05-09T11:48:49+00:00","dateModified":"2022-10-27T14:03:56+00:00","description":"Gemi ve Deniz Seferleri Filo Lokasyonu | CMV Gemilerinin Mevcut Konumlar\u0131, IMO numaralar\u0131, MMSI, Web Kameras\u0131 | Canl\u0131 Filo Haritalar\u0131 | Canl\u0131 Gemi Takibi","breadcrumb":{"@id":"https:\/\/ship-tracker.org\/cruise-and-maritime-voyages\/#breadcrumb"},"inLanguage":"tr","potentialAction":[{"@type":"ReadAction","target":["https:\/\/ship-tracker.org\/cruise-and-maritime-voyages\/"]}]},{"@type":"ImageObject","inLanguage":"tr","@id":"https:\/\/ship-tracker.org\/cruise-and-maritime-voyages\/#primaryimage","url":"https:\/\/ship-tracker.org\/wp-content\/uploads\/2020\/05\/Download-1.jpg","contentUrl":"https:\/\/ship-tracker.org\/wp-content\/uploads\/2020\/05\/Download-1.jpg","width":225,"height":225,"caption":"Cruise and Maritime Voyages"},{"@type":"BreadcrumbList","@id":"https:\/\/ship-tracker.org\/cruise-and-maritime-voyages\/#breadcrumb","itemListElement":[{"@type":"ListItem","position":1,"name":"Startseite","item":"https:\/\/ship-tracker.org\/"},{"@type":"ListItem","position":2,"name":"Cruise and Maritime Voyages"}]},{"@type":"WebSite","@id":"https:\/\/ship-tracker.org\/#website","url":"https:\/\/ship-tracker.org\/","name":"Ship-tracker.org","description":"","potentialAction":[{"@type":"SearchAction","target":{"@type":"EntryPoint","urlTemplate":"https:\/\/ship-tracker.org\/?s={search_term_string}"},"query-input":{"@type":"PropertyValueSpecification","valueRequired":true,"valueName":"search_term_string"}}],"inLanguage":"tr"}]}},"_links":{"self":[{"href":"https:\/\/ship-tracker.org\/tr\/wp-json\/wp\/v2\/pages\/2582","targetHints":{"allow":["GET"]}}],"collection":[{"href":"https:\/\/ship-tracker.org\/tr\/wp-json\/wp\/v2\/pages"}],"about":[{"href":"https:\/\/ship-tracker.org\/tr\/wp-json\/wp\/v2\/types\/page"}],"author":[{"embeddable":true,"href":"https:\/\/ship-tracker.org\/tr\/wp-json\/wp\/v2\/users\/1"}],"replies":[{"embeddable":true,"href":"https:\/\/ship-tracker.org\/tr\/wp-json\/wp\/v2\/comments?post=2582"}],"version-history":[{"count":1,"href":"https:\/\/ship-tracker.org\/tr\/wp-json\/wp\/v2\/pages\/2582\/revisions"}],"predecessor-version":[{"id":2585,"href":"https:\/\/ship-tracker.org\/tr\/wp-json\/wp\/v2\/pages\/2582\/revisions\/2585"}],"wp:featuredmedia":[{"embeddable":true,"href":"https:\/\/ship-tracker.org\/tr\/wp-json\/wp\/v2\/media\/2584"}],"wp:attachment":[{"href":"https:\/\/ship-tracker.org\/tr\/wp-json\/wp\/v2\/media?parent=2582"}],"curies":[{"name":"wp","href":"https:\/\/api.w.org\/{rel}","templated":true}]}}