{"id":2509,"date":"2020-05-08T19:03:22","date_gmt":"2020-05-08T17:03:22","guid":{"rendered":"https:\/\/ship-tracker.org\/?page_id=2509"},"modified":"2022-10-27T16:02:52","modified_gmt":"2022-10-27T14:02:52","slug":"oceania-cruises","status":"publish","type":"page","link":"https:\/\/ship-tracker.org\/tr\/oceania-cruises\/","title":{"rendered":"Oceania Cruises"},"content":{"rendered":"<h2><span style=\"color: #000000;\">Oceania Cruises<\/span> Filo Konum Gemileri, IMO numaralar\u0131, MMSI, Web kameralar\u0131<\/h2>\n<p>\u015eu anda Oceania Cruises Fleet&#039;in \u015fu anki konumu nerededir?<\/p>\n<table style=\"border-collapse: collapse; width: 100%; height: 168px;\">\n<tbody>\n<tr style=\"height: 24px;\">\n<td style=\"width: 457px; height: 24px;\"><span style=\"color: #1f405b;\"><strong>Gemi<\/strong><\/span><\/td>\n<td style=\"width: 456px; height: 24px;\"><span style=\"color: #1f405b;\"><strong>IMO<\/strong><\/span><\/td>\n<td style=\"width: 456px; height: 24px;\"><span style=\"color: #1f405b;\"><strong>MMSI<\/strong><\/span><\/td>\n<\/tr>\n<tr style=\"height: 24px;\">\n<td style=\"width: 457px; height: 24px;\"><a href=\"https:\/\/ship-tracker.org\/tr\/oceania-riviera\/\">Oceania Riviera<\/a><\/td>\n<td style=\"width: 456px; height: 24px;\">9438078<\/td>\n<td style=\"width: 456px; height: 24px;\">538004353<\/td>\n<\/tr>\n<tr style=\"height: 24px;\">\n<td style=\"width: 457px; height: 24px;\"><a href=\"https:\/\/ship-tracker.org\/tr\/oceania-marina\/\">Oceania Marina<\/a><\/td>\n<td style=\"width: 456px; height: 24px;\">9438066<\/td>\n<td style=\"width: 456px; height: 24px;\">538003668<\/td>\n<\/tr>\n<tr style=\"height: 24px;\">\n<td style=\"width: 457px; height: 24px;\"><a href=\"https:\/\/ship-tracker.org\/tr\/oceania-nautica\/\">Oceania Nautica<\/a><\/td>\n<td style=\"width: 456px; height: 24px;\">9200938<\/td>\n<td style=\"width: 456px; height: 24px;\">538001665<\/td>\n<\/tr>\n<tr style=\"height: 24px;\">\n<td style=\"width: 457px; height: 24px;\"><a href=\"https:\/\/ship-tracker.org\/tr\/oceania-sirena\/\">Oceania Sirena<\/a><\/td>\n<td style=\"width: 456px; height: 24px;\">9187899<\/td>\n<td style=\"width: 456px; height: 24px;\">538006842<\/td>\n<\/tr>\n<tr style=\"height: 24px;\">\n<td style=\"width: 457px; height: 24px;\"><a href=\"https:\/\/ship-tracker.org\/tr\/oceania-insignia\/\">Oceania Insignia<\/a><\/td>\n<td style=\"width: 456px; height: 24px;\">9156462<\/td>\n<td style=\"width: 456px; height: 24px;\">538001663<\/td>\n<\/tr>\n<tr style=\"height: 24px;\">\n<td style=\"width: 457px; height: 24px;\"><a href=\"https:\/\/ship-tracker.org\/tr\/oceania-regatta\/\">Oceania Regatta<\/a><\/td>\n<td style=\"width: 456px; height: 24px;\">9156474<\/td>\n<td style=\"width: 456px; height: 24px;\">538001664<\/td>\n<\/tr>\n<\/tbody>\n<\/table>\n<h2>Oceania Cruises Hakk\u0131nda<\/h2>\n<p>Oceania Cruises, \u015f\u0131k i\u00e7 mekanlar\u0131 ve filosunda m\u00fckemmel mutfa\u011f\u0131 ile l\u00fcks ama rahat bir ortam sunan birinci s\u0131n\u0131f bir ABD seyir markas\u0131d\u0131r. Filo, her biri 684 ve 1.250 konuk i\u00e7in alt\u0131 orta boy yolcu gemisinden olu\u015fuyor. Oceania Cruises misafirlerini Avrupa&#039;dan \u00c7in, Avustralya ve Karayipler&#039;e kadar d\u00fcnyan\u0131n d\u00f6rt bir yan\u0131ndaki noktalara g\u00f6t\u00fcr\u00fcyor.<\/p>","protected":false},"excerpt":{"rendered":"<p>Oceania Cruises Filo Konumu Gemiler, IMO numaralar\u0131, MMSI, Web kameralar\u0131 Oceania Cruises Filosunun \u015fu anki konumu nerede? Gemi IMO MMSI Okyanusya Riviera 9438078 538004353 Okyanusya Marina 9438066 538003668 Okyanusya Nautica 9200938 538001665 Okyanusya Sirena 9187899 538006842 Okyanusya Insignia 9156462 538001663 Okyanusya Regatta 9156474 538001664 Oceania Cruises Hakk\u0131nda Oceania Cruises, birinci s\u0131n\u0131f bir ABD\u2026&nbsp;<a href=\"https:\/\/ship-tracker.org\/tr\/oceania-cruises\/\" rel=\"bookmark\">Devam\u0131n\u0131 oku &quot;<span class=\"screen-reader-text\">Oceania Cruises<\/span><\/a><\/p>","protected":false},"author":1,"featured_media":2510,"parent":0,"menu_order":0,"comment_status":"closed","ping_status":"closed","template":"","meta":{"neve_meta_sidebar":"","neve_meta_container":"","neve_meta_enable_content_width":"","neve_meta_content_width":0,"neve_meta_title_alignment":"","neve_meta_author_avatar":"","neve_post_elements_order":"","neve_meta_disable_header":"","neve_meta_disable_footer":"","neve_meta_disable_title":"","neve_meta_reading_time":"","footnotes":""},"class_list":["post-2509","page","type-page","status-publish","has-post-thumbnail","hentry"],"yoast_head":"<!-- This site is optimized with the Yoast SEO plugin v27.4 - https:\/\/yoast.com\/product\/yoast-seo-wordpress\/ -->\n<title>Track Oceania Cruises Fleet | Cruise Ships | Marine Vessel<\/title>\n<meta name=\"description\" content=\"Oceania Cruises Fleet Location | Current Positions of Oceania Cruises Ships, IMO numbers, MMSI, Webcam | Live Fleet Maps | Live Ship Tracker\" \/>\n<meta name=\"robots\" content=\"index, follow, max-snippet:-1, max-image-preview:large, max-video-preview:-1\" \/>\n<link rel=\"canonical\" href=\"https:\/\/ship-tracker.org\/tr\/oceania-cruises\/\" \/>\n<meta property=\"og:locale\" content=\"tr_TR\" \/>\n<meta property=\"og:type\" content=\"article\" \/>\n<meta property=\"og:title\" content=\"Track Oceania Cruises Fleet | Cruise Ships | Marine Vessel\" \/>\n<meta property=\"og:description\" content=\"Oceania Cruises Fleet Location | Current Positions of Oceania Cruises Ships, IMO numbers, MMSI, Webcam | Live Fleet Maps | Live Ship Tracker\" \/>\n<meta property=\"og:url\" content=\"https:\/\/ship-tracker.org\/tr\/oceania-cruises\/\" \/>\n<meta property=\"og:site_name\" content=\"Ship-tracker.org\" \/>\n<meta property=\"article:modified_time\" content=\"2022-10-27T14:02:52+00:00\" \/>\n<meta property=\"og:image\" content=\"https:\/\/ship-tracker.org\/wp-content\/uploads\/2020\/05\/oceania-web.jpg\" \/>\n\t<meta property=\"og:image:width\" content=\"1000\" \/>\n\t<meta property=\"og:image:height\" content=\"682\" \/>\n\t<meta property=\"og:image:type\" content=\"image\/jpeg\" \/>\n<meta name=\"twitter:card\" content=\"summary_large_image\" \/>\n<meta name=\"twitter:label1\" content=\"Tahmini okuma s\u00fcresi\" \/>\n\t<meta name=\"twitter:data1\" content=\"1 dakika\" \/>\n<script type=\"application\/ld+json\" class=\"yoast-schema-graph\">{\"@context\":\"https:\\\/\\\/schema.org\",\"@graph\":[{\"@type\":\"WebPage\",\"@id\":\"https:\\\/\\\/ship-tracker.org\\\/oceania-cruises\\\/\",\"url\":\"https:\\\/\\\/ship-tracker.org\\\/oceania-cruises\\\/\",\"name\":\"Track Oceania Cruises Fleet | Cruise Ships | Marine Vessel\",\"isPartOf\":{\"@id\":\"https:\\\/\\\/ship-tracker.org\\\/#website\"},\"primaryImageOfPage\":{\"@id\":\"https:\\\/\\\/ship-tracker.org\\\/oceania-cruises\\\/#primaryimage\"},\"image\":{\"@id\":\"https:\\\/\\\/ship-tracker.org\\\/oceania-cruises\\\/#primaryimage\"},\"thumbnailUrl\":\"https:\\\/\\\/ship-tracker.org\\\/wp-content\\\/uploads\\\/2020\\\/05\\\/oceania-web.jpg\",\"datePublished\":\"2020-05-08T17:03:22+00:00\",\"dateModified\":\"2022-10-27T14:02:52+00:00\",\"description\":\"Oceania Cruises Fleet Location | Current Positions of Oceania Cruises Ships, IMO numbers, MMSI, Webcam | Live Fleet Maps | Live Ship Tracker\",\"breadcrumb\":{\"@id\":\"https:\\\/\\\/ship-tracker.org\\\/oceania-cruises\\\/#breadcrumb\"},\"inLanguage\":\"tr\",\"potentialAction\":[{\"@type\":\"ReadAction\",\"target\":[\"https:\\\/\\\/ship-tracker.org\\\/oceania-cruises\\\/\"]}]},{\"@type\":\"ImageObject\",\"inLanguage\":\"tr\",\"@id\":\"https:\\\/\\\/ship-tracker.org\\\/oceania-cruises\\\/#primaryimage\",\"url\":\"https:\\\/\\\/ship-tracker.org\\\/wp-content\\\/uploads\\\/2020\\\/05\\\/oceania-web.jpg\",\"contentUrl\":\"https:\\\/\\\/ship-tracker.org\\\/wp-content\\\/uploads\\\/2020\\\/05\\\/oceania-web.jpg\",\"width\":1000,\"height\":682,\"caption\":\"Oceania Cruises\"},{\"@type\":\"BreadcrumbList\",\"@id\":\"https:\\\/\\\/ship-tracker.org\\\/oceania-cruises\\\/#breadcrumb\",\"itemListElement\":[{\"@type\":\"ListItem\",\"position\":1,\"name\":\"Startseite\",\"item\":\"https:\\\/\\\/ship-tracker.org\\\/\"},{\"@type\":\"ListItem\",\"position\":2,\"name\":\"Oceania Cruises\"}]},{\"@type\":\"WebSite\",\"@id\":\"https:\\\/\\\/ship-tracker.org\\\/#website\",\"url\":\"https:\\\/\\\/ship-tracker.org\\\/\",\"name\":\"Ship-tracker.org\",\"description\":\"\",\"potentialAction\":[{\"@type\":\"SearchAction\",\"target\":{\"@type\":\"EntryPoint\",\"urlTemplate\":\"https:\\\/\\\/ship-tracker.org\\\/?s={search_term_string}\"},\"query-input\":{\"@type\":\"PropertyValueSpecification\",\"valueRequired\":true,\"valueName\":\"search_term_string\"}}],\"inLanguage\":\"tr\"}]}<\/script>\n<!-- \/ Yoast SEO plugin. -->","yoast_head_json":{"title":"Okyanusya Cruises Filosu izlemek | Cruise Gemileri | Deniz Ara\u00e7lar\u0131","description":"Okyanusya Cruises Filo Konumu | Oceania Cruises Gemilerinin G\u00fcncel Konumlar\u0131, IMO numaralar\u0131, MMSI, Webcam | Canl\u0131 Filo Haritalar\u0131 | Canl\u0131 Gemi Takibi","robots":{"index":"index","follow":"follow","max-snippet":"max-snippet:-1","max-image-preview":"max-image-preview:large","max-video-preview":"max-video-preview:-1"},"canonical":"https:\/\/ship-tracker.org\/tr\/oceania-cruises\/","og_locale":"tr_TR","og_type":"article","og_title":"Track Oceania Cruises Fleet | Cruise Ships | Marine Vessel","og_description":"Oceania Cruises Fleet Location | Current Positions of Oceania Cruises Ships, IMO numbers, MMSI, Webcam | Live Fleet Maps | Live Ship Tracker","og_url":"https:\/\/ship-tracker.org\/tr\/oceania-cruises\/","og_site_name":"Ship-tracker.org","article_modified_time":"2022-10-27T14:02:52+00:00","og_image":[{"width":1000,"height":682,"url":"https:\/\/ship-tracker.org\/wp-content\/uploads\/2020\/05\/oceania-web.jpg","type":"image\/jpeg"}],"twitter_card":"summary_large_image","twitter_misc":{"Tahmini okuma s\u00fcresi":"1 dakika"},"schema":{"@context":"https:\/\/schema.org","@graph":[{"@type":"WebPage","@id":"https:\/\/ship-tracker.org\/oceania-cruises\/","url":"https:\/\/ship-tracker.org\/oceania-cruises\/","name":"Okyanusya Cruises Filosu izlemek | Cruise Gemileri | Deniz Ara\u00e7lar\u0131","isPartOf":{"@id":"https:\/\/ship-tracker.org\/#website"},"primaryImageOfPage":{"@id":"https:\/\/ship-tracker.org\/oceania-cruises\/#primaryimage"},"image":{"@id":"https:\/\/ship-tracker.org\/oceania-cruises\/#primaryimage"},"thumbnailUrl":"https:\/\/ship-tracker.org\/wp-content\/uploads\/2020\/05\/oceania-web.jpg","datePublished":"2020-05-08T17:03:22+00:00","dateModified":"2022-10-27T14:02:52+00:00","description":"Okyanusya Cruises Filo Konumu | Oceania Cruises Gemilerinin G\u00fcncel Konumlar\u0131, IMO numaralar\u0131, MMSI, Webcam | Canl\u0131 Filo Haritalar\u0131 | Canl\u0131 Gemi Takibi","breadcrumb":{"@id":"https:\/\/ship-tracker.org\/oceania-cruises\/#breadcrumb"},"inLanguage":"tr","potentialAction":[{"@type":"ReadAction","target":["https:\/\/ship-tracker.org\/oceania-cruises\/"]}]},{"@type":"ImageObject","inLanguage":"tr","@id":"https:\/\/ship-tracker.org\/oceania-cruises\/#primaryimage","url":"https:\/\/ship-tracker.org\/wp-content\/uploads\/2020\/05\/oceania-web.jpg","contentUrl":"https:\/\/ship-tracker.org\/wp-content\/uploads\/2020\/05\/oceania-web.jpg","width":1000,"height":682,"caption":"Oceania Cruises"},{"@type":"BreadcrumbList","@id":"https:\/\/ship-tracker.org\/oceania-cruises\/#breadcrumb","itemListElement":[{"@type":"ListItem","position":1,"name":"Startseite","item":"https:\/\/ship-tracker.org\/"},{"@type":"ListItem","position":2,"name":"Oceania Cruises"}]},{"@type":"WebSite","@id":"https:\/\/ship-tracker.org\/#website","url":"https:\/\/ship-tracker.org\/","name":"Ship-tracker.org","description":"","potentialAction":[{"@type":"SearchAction","target":{"@type":"EntryPoint","urlTemplate":"https:\/\/ship-tracker.org\/?s={search_term_string}"},"query-input":{"@type":"PropertyValueSpecification","valueRequired":true,"valueName":"search_term_string"}}],"inLanguage":"tr"}]}},"_links":{"self":[{"href":"https:\/\/ship-tracker.org\/tr\/wp-json\/wp\/v2\/pages\/2509","targetHints":{"allow":["GET"]}}],"collection":[{"href":"https:\/\/ship-tracker.org\/tr\/wp-json\/wp\/v2\/pages"}],"about":[{"href":"https:\/\/ship-tracker.org\/tr\/wp-json\/wp\/v2\/types\/page"}],"author":[{"embeddable":true,"href":"https:\/\/ship-tracker.org\/tr\/wp-json\/wp\/v2\/users\/1"}],"replies":[{"embeddable":true,"href":"https:\/\/ship-tracker.org\/tr\/wp-json\/wp\/v2\/comments?post=2509"}],"version-history":[{"count":3,"href":"https:\/\/ship-tracker.org\/tr\/wp-json\/wp\/v2\/pages\/2509\/revisions"}],"predecessor-version":[{"id":2701,"href":"https:\/\/ship-tracker.org\/tr\/wp-json\/wp\/v2\/pages\/2509\/revisions\/2701"}],"wp:featuredmedia":[{"embeddable":true,"href":"https:\/\/ship-tracker.org\/tr\/wp-json\/wp\/v2\/media\/2510"}],"wp:attachment":[{"href":"https:\/\/ship-tracker.org\/tr\/wp-json\/wp\/v2\/media?parent=2509"}],"curies":[{"name":"wp","href":"https:\/\/api.w.org\/{rel}","templated":true}]}}