{"id":2160,"date":"2020-04-29T15:16:41","date_gmt":"2020-04-29T13:16:41","guid":{"rendered":"https:\/\/ship-tracker.org\/?page_id=2160"},"modified":"2022-10-27T15:57:56","modified_gmt":"2022-10-27T13:57:56","slug":"bahamas-paradise-cruise-line","status":"publish","type":"page","link":"https:\/\/ship-tracker.org\/tr\/bahamas-paradise-cruise-line\/","title":{"rendered":"Bahamalar Paradise Cruise Line"},"content":{"rendered":"<h2>Bahamalar Paradise Cruise Line Filo Konum Gemiler, IMO numaralar\u0131, MMSI, Webcam<\/h2>\n<p>Bahamalar Paradise Cruise Line Fleet&#039;in \u015fu anki konumu nerede?<\/p>\n<table style=\"border-collapse: collapse; width: 100%; height: 72px;\">\n<tbody>\n<tr style=\"height: 24px;\">\n<td style=\"width: 33.3333%; height: 24px;\"><span style=\"color: #1f405b;\"><strong>Gemi<\/strong><\/span><\/td>\n<td style=\"width: 33.3333%; height: 24px;\"><span style=\"color: #1f405b;\"><strong>IMO<\/strong><\/span><\/td>\n<td style=\"width: 33.3333%; height: 24px;\"><span style=\"color: #1f405b;\"><strong>MMSI<\/strong><\/span><\/td>\n<\/tr>\n<tr style=\"height: 24px;\">\n<td style=\"width: 33.3333%; height: 24px;\"><a href=\"https:\/\/ship-tracker.org\/tr\/grand-classica\/\">Grand Classica<\/a><\/td>\n<td style=\"width: 33.3333%; height: 24px;\">8716502<\/td>\n<td style=\"width: 33.3333%; height: 24px;\">255806153<\/td>\n<\/tr>\n<tr style=\"height: 24px;\">\n<td style=\"width: 33.3333%; height: 24px;\"><a href=\"https:\/\/ship-tracker.org\/tr\/grand-celebration\/\">Grand Celebration<\/a><\/td>\n<td style=\"width: 33.3333%; height: 24px;\">8314134<\/td>\n<td style=\"width: 33.3333%; height: 24px;\">311000328<\/td>\n<\/tr>\n<\/tbody>\n<\/table>","protected":false},"excerpt":{"rendered":"<p>Bahamas Paradise Cruise Line Filo Konumu Gemiler, IMO numaralar\u0131, MMSI, Web kameralar\u0131 Bahamas Paradise Cruise Line Filosunun \u015fu anki konumu nerede? Gemi IMO MMSI Grand Classica 8716502 255806153 Grand Celebration 8314134 311000328<\/p>","protected":false},"author":1,"featured_media":2161,"parent":0,"menu_order":0,"comment_status":"closed","ping_status":"closed","template":"","meta":{"neve_meta_sidebar":"","neve_meta_container":"","neve_meta_enable_content_width":"","neve_meta_content_width":0,"neve_meta_title_alignment":"","neve_meta_author_avatar":"","neve_post_elements_order":"","neve_meta_disable_header":"","neve_meta_disable_footer":"","neve_meta_disable_title":"","neve_meta_reading_time":"","footnotes":""},"class_list":["post-2160","page","type-page","status-publish","has-post-thumbnail","hentry"],"yoast_head":"<!-- This site is optimized with the Yoast SEO plugin v26.9 - https:\/\/yoast.com\/product\/yoast-seo-wordpress\/ -->\n<title>Track Bahamas Paradise Cruise Line Fleet | Cruise Ships<\/title>\n<meta name=\"description\" content=\"Bahamas Paradise Cruise Line Fleet Location | Current Positions of Bahamas Paradise Cruise Line Ships, IMO numbers, MMSI, Webcam | Fleet Maps\" \/>\n<meta name=\"robots\" content=\"index, follow, max-snippet:-1, max-image-preview:large, max-video-preview:-1\" \/>\n<link rel=\"canonical\" href=\"https:\/\/ship-tracker.org\/tr\/bahamas-paradise-cruise-line\/\" \/>\n<meta property=\"og:locale\" content=\"tr_TR\" \/>\n<meta property=\"og:type\" content=\"article\" \/>\n<meta property=\"og:title\" content=\"Track Bahamas Paradise Cruise Line Fleet | Cruise Ships\" \/>\n<meta property=\"og:description\" content=\"Bahamas Paradise Cruise Line Fleet Location | Current Positions of Bahamas Paradise Cruise Line Ships, IMO numbers, MMSI, Webcam | Fleet Maps\" \/>\n<meta property=\"og:url\" content=\"https:\/\/ship-tracker.org\/tr\/bahamas-paradise-cruise-line\/\" \/>\n<meta property=\"og:site_name\" content=\"Ship-tracker.org\" \/>\n<meta property=\"article:modified_time\" content=\"2022-10-27T13:57:56+00:00\" \/>\n<meta property=\"og:image\" content=\"https:\/\/ship-tracker.org\/wp-content\/uploads\/2020\/04\/2DP3D5gN.jpg\" \/>\n\t<meta property=\"og:image:width\" content=\"436\" \/>\n\t<meta property=\"og:image:height\" content=\"436\" \/>\n\t<meta property=\"og:image:type\" content=\"image\/jpeg\" \/>\n<meta name=\"twitter:card\" content=\"summary_large_image\" \/>\n<meta name=\"twitter:label1\" content=\"Tahmini okuma s\u00fcresi\" \/>\n\t<meta name=\"twitter:data1\" content=\"1 dakika\" \/>\n<script type=\"application\/ld+json\" class=\"yoast-schema-graph\">{\"@context\":\"https:\/\/schema.org\",\"@graph\":[{\"@type\":\"WebPage\",\"@id\":\"https:\/\/ship-tracker.org\/bahamas-paradise-cruise-line\/\",\"url\":\"https:\/\/ship-tracker.org\/bahamas-paradise-cruise-line\/\",\"name\":\"Track Bahamas Paradise Cruise Line Fleet | Cruise Ships\",\"isPartOf\":{\"@id\":\"https:\/\/ship-tracker.org\/#website\"},\"primaryImageOfPage\":{\"@id\":\"https:\/\/ship-tracker.org\/bahamas-paradise-cruise-line\/#primaryimage\"},\"image\":{\"@id\":\"https:\/\/ship-tracker.org\/bahamas-paradise-cruise-line\/#primaryimage\"},\"thumbnailUrl\":\"https:\/\/ship-tracker.org\/wp-content\/uploads\/2020\/04\/2DP3D5gN.jpg\",\"datePublished\":\"2020-04-29T13:16:41+00:00\",\"dateModified\":\"2022-10-27T13:57:56+00:00\",\"description\":\"Bahamas Paradise Cruise Line Fleet Location | Current Positions of Bahamas Paradise Cruise Line Ships, IMO numbers, MMSI, Webcam | Fleet Maps\",\"breadcrumb\":{\"@id\":\"https:\/\/ship-tracker.org\/bahamas-paradise-cruise-line\/#breadcrumb\"},\"inLanguage\":\"tr\",\"potentialAction\":[{\"@type\":\"ReadAction\",\"target\":[\"https:\/\/ship-tracker.org\/bahamas-paradise-cruise-line\/\"]}]},{\"@type\":\"ImageObject\",\"inLanguage\":\"tr\",\"@id\":\"https:\/\/ship-tracker.org\/bahamas-paradise-cruise-line\/#primaryimage\",\"url\":\"https:\/\/ship-tracker.org\/wp-content\/uploads\/2020\/04\/2DP3D5gN.jpg\",\"contentUrl\":\"https:\/\/ship-tracker.org\/wp-content\/uploads\/2020\/04\/2DP3D5gN.jpg\",\"width\":436,\"height\":436,\"caption\":\"Bahamas Paradise Cruise Line\"},{\"@type\":\"BreadcrumbList\",\"@id\":\"https:\/\/ship-tracker.org\/bahamas-paradise-cruise-line\/#breadcrumb\",\"itemListElement\":[{\"@type\":\"ListItem\",\"position\":1,\"name\":\"Startseite\",\"item\":\"https:\/\/ship-tracker.org\/\"},{\"@type\":\"ListItem\",\"position\":2,\"name\":\"Bahamas Paradise Cruise Line\"}]},{\"@type\":\"WebSite\",\"@id\":\"https:\/\/ship-tracker.org\/#website\",\"url\":\"https:\/\/ship-tracker.org\/\",\"name\":\"Ship-tracker.org\",\"description\":\"\",\"potentialAction\":[{\"@type\":\"SearchAction\",\"target\":{\"@type\":\"EntryPoint\",\"urlTemplate\":\"https:\/\/ship-tracker.org\/?s={search_term_string}\"},\"query-input\":{\"@type\":\"PropertyValueSpecification\",\"valueRequired\":true,\"valueName\":\"search_term_string\"}}],\"inLanguage\":\"tr\"}]}<\/script>\n<!-- \/ Yoast SEO plugin. -->","yoast_head_json":{"title":"Bahamalar Paradise Cruise Line Filosunu \u0130zleyin | Yolcu gemileri","description":"Bahamalar Paradise Cruise Line Filo Konumu | Bahamalar Paradise Cruise Line Gemilerinin Mevcut Konumlar\u0131, IMO numaralar\u0131, MMSI, Web Kameras\u0131 | Filo Haritalar\u0131","robots":{"index":"index","follow":"follow","max-snippet":"max-snippet:-1","max-image-preview":"max-image-preview:large","max-video-preview":"max-video-preview:-1"},"canonical":"https:\/\/ship-tracker.org\/tr\/bahamas-paradise-cruise-line\/","og_locale":"tr_TR","og_type":"article","og_title":"Track Bahamas Paradise Cruise Line Fleet | Cruise Ships","og_description":"Bahamas Paradise Cruise Line Fleet Location | Current Positions of Bahamas Paradise Cruise Line Ships, IMO numbers, MMSI, Webcam | Fleet Maps","og_url":"https:\/\/ship-tracker.org\/tr\/bahamas-paradise-cruise-line\/","og_site_name":"Ship-tracker.org","article_modified_time":"2022-10-27T13:57:56+00:00","og_image":[{"width":436,"height":436,"url":"https:\/\/ship-tracker.org\/wp-content\/uploads\/2020\/04\/2DP3D5gN.jpg","type":"image\/jpeg"}],"twitter_card":"summary_large_image","twitter_misc":{"Tahmini okuma s\u00fcresi":"1 dakika"},"schema":{"@context":"https:\/\/schema.org","@graph":[{"@type":"WebPage","@id":"https:\/\/ship-tracker.org\/bahamas-paradise-cruise-line\/","url":"https:\/\/ship-tracker.org\/bahamas-paradise-cruise-line\/","name":"Bahamalar Paradise Cruise Line Filosunu \u0130zleyin | Yolcu gemileri","isPartOf":{"@id":"https:\/\/ship-tracker.org\/#website"},"primaryImageOfPage":{"@id":"https:\/\/ship-tracker.org\/bahamas-paradise-cruise-line\/#primaryimage"},"image":{"@id":"https:\/\/ship-tracker.org\/bahamas-paradise-cruise-line\/#primaryimage"},"thumbnailUrl":"https:\/\/ship-tracker.org\/wp-content\/uploads\/2020\/04\/2DP3D5gN.jpg","datePublished":"2020-04-29T13:16:41+00:00","dateModified":"2022-10-27T13:57:56+00:00","description":"Bahamalar Paradise Cruise Line Filo Konumu | Bahamalar Paradise Cruise Line Gemilerinin Mevcut Konumlar\u0131, IMO numaralar\u0131, MMSI, Web Kameras\u0131 | Filo Haritalar\u0131","breadcrumb":{"@id":"https:\/\/ship-tracker.org\/bahamas-paradise-cruise-line\/#breadcrumb"},"inLanguage":"tr","potentialAction":[{"@type":"ReadAction","target":["https:\/\/ship-tracker.org\/bahamas-paradise-cruise-line\/"]}]},{"@type":"ImageObject","inLanguage":"tr","@id":"https:\/\/ship-tracker.org\/bahamas-paradise-cruise-line\/#primaryimage","url":"https:\/\/ship-tracker.org\/wp-content\/uploads\/2020\/04\/2DP3D5gN.jpg","contentUrl":"https:\/\/ship-tracker.org\/wp-content\/uploads\/2020\/04\/2DP3D5gN.jpg","width":436,"height":436,"caption":"Bahamas Paradise Cruise Line"},{"@type":"BreadcrumbList","@id":"https:\/\/ship-tracker.org\/bahamas-paradise-cruise-line\/#breadcrumb","itemListElement":[{"@type":"ListItem","position":1,"name":"Startseite","item":"https:\/\/ship-tracker.org\/"},{"@type":"ListItem","position":2,"name":"Bahamas Paradise Cruise Line"}]},{"@type":"WebSite","@id":"https:\/\/ship-tracker.org\/#website","url":"https:\/\/ship-tracker.org\/","name":"Ship-tracker.org","description":"","potentialAction":[{"@type":"SearchAction","target":{"@type":"EntryPoint","urlTemplate":"https:\/\/ship-tracker.org\/?s={search_term_string}"},"query-input":{"@type":"PropertyValueSpecification","valueRequired":true,"valueName":"search_term_string"}}],"inLanguage":"tr"}]}},"_links":{"self":[{"href":"https:\/\/ship-tracker.org\/tr\/wp-json\/wp\/v2\/pages\/2160","targetHints":{"allow":["GET"]}}],"collection":[{"href":"https:\/\/ship-tracker.org\/tr\/wp-json\/wp\/v2\/pages"}],"about":[{"href":"https:\/\/ship-tracker.org\/tr\/wp-json\/wp\/v2\/types\/page"}],"author":[{"embeddable":true,"href":"https:\/\/ship-tracker.org\/tr\/wp-json\/wp\/v2\/users\/1"}],"replies":[{"embeddable":true,"href":"https:\/\/ship-tracker.org\/tr\/wp-json\/wp\/v2\/comments?post=2160"}],"version-history":[{"count":1,"href":"https:\/\/ship-tracker.org\/tr\/wp-json\/wp\/v2\/pages\/2160\/revisions"}],"predecessor-version":[{"id":2162,"href":"https:\/\/ship-tracker.org\/tr\/wp-json\/wp\/v2\/pages\/2160\/revisions\/2162"}],"wp:featuredmedia":[{"embeddable":true,"href":"https:\/\/ship-tracker.org\/tr\/wp-json\/wp\/v2\/media\/2161"}],"wp:attachment":[{"href":"https:\/\/ship-tracker.org\/tr\/wp-json\/wp\/v2\/media?parent=2160"}],"curies":[{"name":"wp","href":"https:\/\/api.w.org\/{rel}","templated":true}]}}