{"id":2129,"date":"2020-04-29T14:18:01","date_gmt":"2020-04-29T12:18:01","guid":{"rendered":"https:\/\/ship-tracker.org\/?page_id=2129"},"modified":"2022-10-27T16:01:30","modified_gmt":"2022-10-27T14:01:30","slug":"tui-cruises","status":"publish","type":"page","link":"https:\/\/ship-tracker.org\/tr\/tui-cruises\/","title":{"rendered":"TUI Cruises"},"content":{"rendered":"<h2>TUI Cruises Fleet Location Gemiler, IMO numaralar\u0131, MMSI, Webcam<\/h2>\n<p>TUI Cruises Fleet&#039;in \u015fu anki konumu nerededir?<\/p>\n<table>\n<tbody>\n<tr style=\"height: 24px;\">\n<td style=\"width: 457px; height: 24px;\"><span style=\"color: #1f405b;\"><strong>Gemi<\/strong><\/span><\/td>\n<td style=\"width: 456px; height: 24px;\"><span style=\"color: #1f405b;\"><strong>IMO<\/strong><\/span><\/td>\n<td style=\"width: 456px; height: 24px;\"><span style=\"color: #1f405b;\"><strong>MMSI<\/strong><\/span><\/td>\n<\/tr>\n<tr style=\"height: 24px;\">\n<td style=\"width: 457px; height: 24px;\"><a href=\"https:\/\/ship-tracker.org\/tr\/neue-mein-schiff-1\/\">Mein Schiff 1<\/a><\/td>\n<td style=\"width: 456px; height: 24px;\">9783564<\/td>\n<td style=\"width: 456px; height: 24px;\">248513000<\/td>\n<\/tr>\n<tr style=\"height: 24px;\">\n<td style=\"width: 457px; height: 24px;\"><a href=\"https:\/\/ship-tracker.org\/tr\/mein-schiff-2\/\">Mein schiff 2<\/a><\/td>\n<td style=\"width: 456px; height: 24px;\">9106302<\/td>\n<td style=\"width: 456px; height: 24px;\">249053000<\/td>\n<\/tr>\n<tr style=\"height: 24px;\">\n<td style=\"width: 457px; height: 24px;\"><a href=\"https:\/\/ship-tracker.org\/tr\/mein-schiff-3\/\">Mein Schiff 3<\/a><\/td>\n<td style=\"width: 456px; height: 24px;\">9641730<\/td>\n<td style=\"width: 456px; height: 24px;\">229090000<\/td>\n<\/tr>\n<tr style=\"height: 24px;\">\n<td style=\"width: 457px; height: 24px;\"><a href=\"https:\/\/ship-tracker.org\/tr\/mein-schiff-4\/\">Mein Schiff 4<\/a><\/td>\n<td style=\"width: 456px; height: 24px;\">9678408<\/td>\n<td style=\"width: 456px; height: 24px;\">229678000<\/td>\n<\/tr>\n<tr style=\"height: 24px;\">\n<td style=\"width: 457px; height: 24px;\"><a href=\"https:\/\/ship-tracker.org\/tr\/mein-schiff-5\/\">Mein Schiff 5<\/a><\/td>\n<td style=\"width: 456px; height: 24px;\">9112789<\/td>\n<td style=\"width: 456px; height: 24px;\">247117300<\/td>\n<\/tr>\n<tr style=\"height: 24px;\">\n<td style=\"width: 457px; height: 24px;\"><a href=\"https:\/\/ship-tracker.org\/tr\/mein-schiff-6\/\">Mein Schiff 6<\/a><\/td>\n<td style=\"width: 456px; height: 24px;\">9753208<\/td>\n<td style=\"width: 456px; height: 24px;\">249660000<\/td>\n<\/tr>\n<tr style=\"height: 24px;\">\n<td style=\"width: 457px; height: 24px;\">Mein Schiff 7<\/td>\n<td style=\"width: 456px; height: 24px;\">2023<\/td>\n<td style=\"width: 456px; height: 24px;\">yeni gemi<\/td>\n<\/tr>\n<tr style=\"height: 24px;\">\n<td style=\"width: 457px; height: 24px;\">Mein Schiff 8<\/td>\n<td style=\"width: 456px; height: 24px;\">2024<\/td>\n<td style=\"width: 456px; height: 24px;\">yeni gemi<\/td>\n<\/tr>\n<\/tbody>\n<\/table>\n<h2>TUI Cruises Hakk\u0131nda<\/h2>\n<p>TUI Cruises, zaman\u0131n en pop\u00fclerleri aras\u0131nda yer alan nakliye \u015firketlerinden biridir. Yine de, Almanca konu\u015fan en gen\u00e7 yolculuklardan biridir. AIDA&#039;ya benzer \u015fekilde, destinasyonlar t\u00fcm d\u00fcnyay\u0131 kaps\u0131yor. \u201cMein Schiffe\u201d gemisinde ise, bir\u00e7ok premium hizmet i\u00e7eren, her \u015fey dahil, tek tip bir konsept hakimdir.<\/p>\n<p>TUI Cruises, geleneksel yolculuklar\u0131n ve harika kul\u00fcp tekliflerinin sa\u011fl\u0131kl\u0131 bir kar\u0131\u015f\u0131m\u0131n\u0131 temsil eder. Burada da, odak her zaman tekd\u00fcze \u00e7ok y\u00f6nl\u00fc bir iyi hissetme paketi ve elbette bol miktarda dinlenme ve rahatlama. Gemide \u00e7ok say\u0131da geri \u00e7ekilme yeri ve ruhunuzun sarkmas\u0131na izin vermek i\u00e7in olanaklar buluyoruz. Yakla\u015f\u0131k 1.700 metrekarelik b\u00fcy\u00fck SPA ve sa\u011fl\u0131kl\u0131 ya\u015fam alanlar\u0131 harika bir tatil ge\u00e7irmenizi sa\u011flar. \u00c7ok say\u0131da tatilci TUI ile yolculuklar konusunda hevesli oldu\u011fu i\u00e7in, iyi hissettiren konsept dikkat \u00e7ekiyor.<\/p>\n<p>\u0130yi hissetme y\u00f6n\u00fc kesinlikle her \u015fey dahil premium konseptine yans\u0131r. G\u00fcn boyunca, gezginler restoranlarda ve barlarda kendilerine yard\u0131mc\u0131 olabilir ve yolculuklar\u0131n\u0131n tad\u0131n\u0131 \u00e7\u0131karabilirler. Ve t\u00fcm bunlar modern ve \u00e7ekici bir \u015fekilde tasarlanm\u0131\u015f farkl\u0131 salonlarda ve rahat barlarda. Yan\u0131 s\u0131ra bir\u00e7ok mobilyal\u0131 okuma ve \u00e7al\u0131\u015fma k\u00f6\u015fesi. Ayr\u0131ca, restoranlar\u0131n \u00e7o\u011funda masa saatleri yoktur, bu nedenle ak\u015fam yeme\u011fi s\u0131ras\u0131nda zaman bask\u0131s\u0131 veya kalabal\u0131k masalar yoktur. Gemide b\u00fcy\u00fck bir kalite tatilcileri ikna ediyor.<\/p>\n<p>TUI Cruises, Royal Caribbean Cruises Ltd. ile TUI AG aras\u0131ndaki ittifak\u0131n bir par\u00e7as\u0131d\u0131r. \u015eirket 2008 y\u0131l\u0131nda Hamburg&#039;da kuruldu ve en ba\u015f\u0131ndan beri TUI, gemilerindeki misafirleri i\u00e7in her \u015fey dahil program\u0131 sunuyor. Filolar\u0131n hepsi \u201cMein Schiff\u201d olarak adland\u0131r\u0131l\u0131yor ve hepsi m\u00fckemmel hizmet ve bireysel teklifler anlam\u0131na geliyor.<\/p>","protected":false},"excerpt":{"rendered":"<p>TUI Cruises Filo Lokasyonu Gemiler, IMO numaralar\u0131, MMSI, Web kameralar\u0131 TUI Cruises Filosunun \u015fu anki konumu nerede? Gemi IMO MMSI Mein Schiff 1 9783564 248513000 Mein Schiff 2 9106302 249053000 Mein Schiff 3 9641730 229090000 Mein Schiff 4 9678408 229678000 Mein Schiff 5 9112789 247117 300 Mein Schiff 6 9753208 249660000 Mein Schiff 7\u2026&nbsp;<a href=\"https:\/\/ship-tracker.org\/tr\/tui-cruises\/\" rel=\"bookmark\">Devam\u0131n\u0131 oku &quot;<span class=\"screen-reader-text\">TUI Cruises<\/span><\/a><\/p>","protected":false},"author":1,"featured_media":2130,"parent":0,"menu_order":0,"comment_status":"closed","ping_status":"closed","template":"","meta":{"neve_meta_sidebar":"","neve_meta_container":"","neve_meta_enable_content_width":"","neve_meta_content_width":0,"neve_meta_title_alignment":"","neve_meta_author_avatar":"","neve_post_elements_order":"","neve_meta_disable_header":"","neve_meta_disable_footer":"","neve_meta_disable_title":"","neve_meta_reading_time":"","footnotes":""},"class_list":["post-2129","page","type-page","status-publish","has-post-thumbnail","hentry"],"yoast_head":"<!-- This site is optimized with the Yoast SEO plugin v26.9 - https:\/\/yoast.com\/product\/yoast-seo-wordpress\/ -->\n<title>Track TUI Cruises | Cruise Ships | Marine Vessel | Ship Tracker<\/title>\n<meta name=\"description\" content=\"TUI Cruises Fleet Location | Current Positions of TUI Cruises Ships, IMO numbers, MMSI, Webcam | Live Fleet Maps | Live Ship Tracker\" \/>\n<meta name=\"robots\" content=\"index, follow, max-snippet:-1, max-image-preview:large, max-video-preview:-1\" \/>\n<link rel=\"canonical\" href=\"https:\/\/ship-tracker.org\/tr\/tui-cruises\/\" \/>\n<meta property=\"og:locale\" content=\"tr_TR\" \/>\n<meta property=\"og:type\" content=\"article\" \/>\n<meta property=\"og:title\" content=\"Track TUI Cruises | Cruise Ships | Marine Vessel | Ship Tracker\" \/>\n<meta property=\"og:description\" content=\"TUI Cruises Fleet Location | Current Positions of TUI Cruises Ships, IMO numbers, MMSI, Webcam | Live Fleet Maps | Live Ship Tracker\" \/>\n<meta property=\"og:url\" content=\"https:\/\/ship-tracker.org\/tr\/tui-cruises\/\" \/>\n<meta property=\"og:site_name\" content=\"Ship-tracker.org\" \/>\n<meta property=\"article:modified_time\" content=\"2022-10-27T14:01:30+00:00\" \/>\n<meta property=\"og:image\" content=\"https:\/\/ship-tracker.org\/wp-content\/uploads\/2020\/04\/tui-cruises-logo4.jpg\" \/>\n\t<meta property=\"og:image:width\" content=\"461\" \/>\n\t<meta property=\"og:image:height\" content=\"405\" \/>\n\t<meta property=\"og:image:type\" content=\"image\/jpeg\" \/>\n<meta name=\"twitter:card\" content=\"summary_large_image\" \/>\n<meta name=\"twitter:label1\" content=\"Tahmini okuma s\u00fcresi\" \/>\n\t<meta name=\"twitter:data1\" content=\"2 dakika\" \/>\n<script type=\"application\/ld+json\" class=\"yoast-schema-graph\">{\"@context\":\"https:\/\/schema.org\",\"@graph\":[{\"@type\":\"WebPage\",\"@id\":\"https:\/\/ship-tracker.org\/tui-cruises\/\",\"url\":\"https:\/\/ship-tracker.org\/tui-cruises\/\",\"name\":\"Track TUI Cruises | Cruise Ships | Marine Vessel | Ship Tracker\",\"isPartOf\":{\"@id\":\"https:\/\/ship-tracker.org\/#website\"},\"primaryImageOfPage\":{\"@id\":\"https:\/\/ship-tracker.org\/tui-cruises\/#primaryimage\"},\"image\":{\"@id\":\"https:\/\/ship-tracker.org\/tui-cruises\/#primaryimage\"},\"thumbnailUrl\":\"https:\/\/ship-tracker.org\/wp-content\/uploads\/2020\/04\/tui-cruises-logo4.jpg\",\"datePublished\":\"2020-04-29T12:18:01+00:00\",\"dateModified\":\"2022-10-27T14:01:30+00:00\",\"description\":\"TUI Cruises Fleet Location | Current Positions of TUI Cruises Ships, IMO numbers, MMSI, Webcam | Live Fleet Maps | Live Ship Tracker\",\"breadcrumb\":{\"@id\":\"https:\/\/ship-tracker.org\/tui-cruises\/#breadcrumb\"},\"inLanguage\":\"tr\",\"potentialAction\":[{\"@type\":\"ReadAction\",\"target\":[\"https:\/\/ship-tracker.org\/tui-cruises\/\"]}]},{\"@type\":\"ImageObject\",\"inLanguage\":\"tr\",\"@id\":\"https:\/\/ship-tracker.org\/tui-cruises\/#primaryimage\",\"url\":\"https:\/\/ship-tracker.org\/wp-content\/uploads\/2020\/04\/tui-cruises-logo4.jpg\",\"contentUrl\":\"https:\/\/ship-tracker.org\/wp-content\/uploads\/2020\/04\/tui-cruises-logo4.jpg\",\"width\":461,\"height\":405,\"caption\":\"TUI Cruises\"},{\"@type\":\"BreadcrumbList\",\"@id\":\"https:\/\/ship-tracker.org\/tui-cruises\/#breadcrumb\",\"itemListElement\":[{\"@type\":\"ListItem\",\"position\":1,\"name\":\"Startseite\",\"item\":\"https:\/\/ship-tracker.org\/\"},{\"@type\":\"ListItem\",\"position\":2,\"name\":\"TUI Cruises\"}]},{\"@type\":\"WebSite\",\"@id\":\"https:\/\/ship-tracker.org\/#website\",\"url\":\"https:\/\/ship-tracker.org\/\",\"name\":\"Ship-tracker.org\",\"description\":\"\",\"potentialAction\":[{\"@type\":\"SearchAction\",\"target\":{\"@type\":\"EntryPoint\",\"urlTemplate\":\"https:\/\/ship-tracker.org\/?s={search_term_string}\"},\"query-input\":{\"@type\":\"PropertyValueSpecification\",\"valueRequired\":true,\"valueName\":\"search_term_string\"}}],\"inLanguage\":\"tr\"}]}<\/script>\n<!-- \/ Yoast SEO plugin. -->","yoast_head_json":{"title":"TUI Yolculuklar\u0131n\u0131 Takip Edin | Yolcu Gemileri | Deniz Gemisi | Gemi Takip\u00e7isi","description":"TUI Cruises Filo Lokasyonu | TUI Cruises Gemilerinin G\u00fcncel Konumlar\u0131, IMO numaralar\u0131, MMSI, Webcam | Canl\u0131 Filo Haritalar\u0131 | Canl\u0131 Gemi Takibi","robots":{"index":"index","follow":"follow","max-snippet":"max-snippet:-1","max-image-preview":"max-image-preview:large","max-video-preview":"max-video-preview:-1"},"canonical":"https:\/\/ship-tracker.org\/tr\/tui-cruises\/","og_locale":"tr_TR","og_type":"article","og_title":"Track TUI Cruises | Cruise Ships | Marine Vessel | Ship Tracker","og_description":"TUI Cruises Fleet Location | Current Positions of TUI Cruises Ships, IMO numbers, MMSI, Webcam | Live Fleet Maps | Live Ship Tracker","og_url":"https:\/\/ship-tracker.org\/tr\/tui-cruises\/","og_site_name":"Ship-tracker.org","article_modified_time":"2022-10-27T14:01:30+00:00","og_image":[{"width":461,"height":405,"url":"https:\/\/ship-tracker.org\/wp-content\/uploads\/2020\/04\/tui-cruises-logo4.jpg","type":"image\/jpeg"}],"twitter_card":"summary_large_image","twitter_misc":{"Tahmini okuma s\u00fcresi":"2 dakika"},"schema":{"@context":"https:\/\/schema.org","@graph":[{"@type":"WebPage","@id":"https:\/\/ship-tracker.org\/tui-cruises\/","url":"https:\/\/ship-tracker.org\/tui-cruises\/","name":"TUI Yolculuklar\u0131n\u0131 Takip Edin | Yolcu Gemileri | Deniz Gemisi | Gemi Takip\u00e7isi","isPartOf":{"@id":"https:\/\/ship-tracker.org\/#website"},"primaryImageOfPage":{"@id":"https:\/\/ship-tracker.org\/tui-cruises\/#primaryimage"},"image":{"@id":"https:\/\/ship-tracker.org\/tui-cruises\/#primaryimage"},"thumbnailUrl":"https:\/\/ship-tracker.org\/wp-content\/uploads\/2020\/04\/tui-cruises-logo4.jpg","datePublished":"2020-04-29T12:18:01+00:00","dateModified":"2022-10-27T14:01:30+00:00","description":"TUI Cruises Filo Lokasyonu | TUI Cruises Gemilerinin G\u00fcncel Konumlar\u0131, IMO numaralar\u0131, MMSI, Webcam | Canl\u0131 Filo Haritalar\u0131 | Canl\u0131 Gemi Takibi","breadcrumb":{"@id":"https:\/\/ship-tracker.org\/tui-cruises\/#breadcrumb"},"inLanguage":"tr","potentialAction":[{"@type":"ReadAction","target":["https:\/\/ship-tracker.org\/tui-cruises\/"]}]},{"@type":"ImageObject","inLanguage":"tr","@id":"https:\/\/ship-tracker.org\/tui-cruises\/#primaryimage","url":"https:\/\/ship-tracker.org\/wp-content\/uploads\/2020\/04\/tui-cruises-logo4.jpg","contentUrl":"https:\/\/ship-tracker.org\/wp-content\/uploads\/2020\/04\/tui-cruises-logo4.jpg","width":461,"height":405,"caption":"TUI Cruises"},{"@type":"BreadcrumbList","@id":"https:\/\/ship-tracker.org\/tui-cruises\/#breadcrumb","itemListElement":[{"@type":"ListItem","position":1,"name":"Startseite","item":"https:\/\/ship-tracker.org\/"},{"@type":"ListItem","position":2,"name":"TUI Cruises"}]},{"@type":"WebSite","@id":"https:\/\/ship-tracker.org\/#website","url":"https:\/\/ship-tracker.org\/","name":"Ship-tracker.org","description":"","potentialAction":[{"@type":"SearchAction","target":{"@type":"EntryPoint","urlTemplate":"https:\/\/ship-tracker.org\/?s={search_term_string}"},"query-input":{"@type":"PropertyValueSpecification","valueRequired":true,"valueName":"search_term_string"}}],"inLanguage":"tr"}]}},"_links":{"self":[{"href":"https:\/\/ship-tracker.org\/tr\/wp-json\/wp\/v2\/pages\/2129","targetHints":{"allow":["GET"]}}],"collection":[{"href":"https:\/\/ship-tracker.org\/tr\/wp-json\/wp\/v2\/pages"}],"about":[{"href":"https:\/\/ship-tracker.org\/tr\/wp-json\/wp\/v2\/types\/page"}],"author":[{"embeddable":true,"href":"https:\/\/ship-tracker.org\/tr\/wp-json\/wp\/v2\/users\/1"}],"replies":[{"embeddable":true,"href":"https:\/\/ship-tracker.org\/tr\/wp-json\/wp\/v2\/comments?post=2129"}],"version-history":[{"count":4,"href":"https:\/\/ship-tracker.org\/tr\/wp-json\/wp\/v2\/pages\/2129\/revisions"}],"predecessor-version":[{"id":3491,"href":"https:\/\/ship-tracker.org\/tr\/wp-json\/wp\/v2\/pages\/2129\/revisions\/3491"}],"wp:featuredmedia":[{"embeddable":true,"href":"https:\/\/ship-tracker.org\/tr\/wp-json\/wp\/v2\/media\/2130"}],"wp:attachment":[{"href":"https:\/\/ship-tracker.org\/tr\/wp-json\/wp\/v2\/media?parent=2129"}],"curies":[{"name":"wp","href":"https:\/\/api.w.org\/{rel}","templated":true}]}}