{"id":2126,"date":"2020-04-29T14:19:16","date_gmt":"2020-04-29T12:19:16","guid":{"rendered":"https:\/\/ship-tracker.org\/?page_id=2126"},"modified":"2022-10-27T16:01:01","modified_gmt":"2022-10-27T14:01:01","slug":"aida-cruises","status":"publish","type":"page","link":"https:\/\/ship-tracker.org\/tr\/aida-cruises\/","title":{"rendered":"AIDA Cruises"},"content":{"rendered":"<h2>AIDA Cruises Fleet Location Gemiler, IMO numaralar\u0131, MMSI, Webcam<\/h2>\n<p>AIDA Cruises Fleet&#039;in \u015fu anki konumu nerededir?<\/p>\n<table>\n<tbody>\n<tr style=\"height: 24px;\">\n<td style=\"width: 457px; height: 24px;\"><span style=\"color: #1f405b;\"><strong>Gemi<\/strong><\/span><\/td>\n<td style=\"width: 456px; height: 24px;\"><span style=\"color: #1f405b;\"><strong>IMO<\/strong><\/span><\/td>\n<td style=\"width: 456px; height: 24px;\"><span style=\"color: #1f405b;\"><strong>MMSI<\/strong><\/span><\/td>\n<\/tr>\n<tr style=\"height: 24px;\">\n<td style=\"width: 457px; height: 24px;\"><a href=\"https:\/\/ship-tracker.org\/tr\/aidanova\/\">AIDAnova<\/a><\/td>\n<td style=\"width: 456px; height: 24px;\">9781865<\/td>\n<td style=\"width: 456px; height: 24px;\">247389200<\/td>\n<\/tr>\n<tr style=\"height: 24px;\">\n<td style=\"width: 457px; height: 24px;\"><a href=\"https:\/\/ship-tracker.org\/tr\/aidaperla\/\">AIDAperla<\/a><\/td>\n<td style=\"width: 456px; height: 24px;\">9636967<\/td>\n<td style=\"width: 456px; height: 24px;\">247385300<\/td>\n<\/tr>\n<tr style=\"height: 24px;\">\n<td style=\"width: 457px; height: 24px;\"><a href=\"https:\/\/ship-tracker.org\/tr\/aidaprima\/\">AIDAprima<\/a><\/td>\n<td style=\"width: 456px; height: 24px;\">9636955<\/td>\n<td style=\"width: 456px; height: 24px;\">247353800<\/td>\n<\/tr>\n<tr style=\"height: 24px;\">\n<td style=\"width: 457px; height: 24px;\"><a href=\"https:\/\/ship-tracker.org\/tr\/aidastella\/\">AIDAstella<\/a><\/td>\n<td style=\"width: 456px; height: 24px;\">9601132<\/td>\n<td style=\"width: 456px; height: 24px;\">247322800<\/td>\n<\/tr>\n<tr style=\"height: 24px;\">\n<td style=\"width: 457px; height: 24px;\"><a href=\"https:\/\/ship-tracker.org\/tr\/aidamar\/\">AIDAmar<\/a><\/td>\n<td style=\"width: 456px; height: 24px;\">9490052<\/td>\n<td style=\"width: 456px; height: 24px;\">247312900<\/td>\n<\/tr>\n<tr style=\"height: 24px;\">\n<td style=\"width: 457px; height: 24px;\"><a href=\"https:\/\/ship-tracker.org\/tr\/aidasol\/\">AIDAsol<\/a><\/td>\n<td style=\"width: 456px; height: 24px;\">9490040<\/td>\n<td style=\"width: 456px; height: 24px;\">247302900<\/td>\n<\/tr>\n<tr style=\"height: 24px;\">\n<td style=\"width: 457px; height: 24px;\"><a href=\"https:\/\/ship-tracker.org\/tr\/aidablu\/\">AIDAblu<\/a><\/td>\n<td style=\"width: 456px; height: 24px;\">9398888<\/td>\n<td style=\"width: 456px; height: 24px;\">247282500<\/td>\n<\/tr>\n<tr style=\"height: 24px;\">\n<td style=\"width: 457px; height: 24px;\"><a href=\"https:\/\/ship-tracker.org\/tr\/aidaluna\/\">AIDAluna<\/a><\/td>\n<td style=\"width: 456px; height: 24px;\">9334868<\/td>\n<td style=\"width: 456px; height: 24px;\">247255400<\/td>\n<\/tr>\n<tr style=\"height: 24px;\">\n<td style=\"width: 457px; height: 24px;\"><a href=\"https:\/\/ship-tracker.org\/tr\/aidabella\/\">AIDAbella<\/a><\/td>\n<td style=\"width: 456px; height: 24px;\">9362542<\/td>\n<td style=\"width: 456px; height: 24px;\">247229700<\/td>\n<\/tr>\n<tr style=\"height: 24px;\">\n<td style=\"width: 457px; height: 24px;\"><a href=\"https:\/\/ship-tracker.org\/tr\/aidadiva\/\">AIDAdiva<\/a><\/td>\n<td style=\"width: 456px; height: 24px;\">9334856<\/td>\n<td style=\"width: 456px; height: 24px;\">247187700<\/td>\n<\/tr>\n<tr style=\"height: 24px;\">\n<td style=\"width: 457px; height: 24px;\"><a href=\"https:\/\/ship-tracker.org\/tr\/aidaaura\/\">AIDAaura<\/a><\/td>\n<td style=\"width: 456px; height: 24px;\">9221566<\/td>\n<td style=\"width: 456px; height: 24px;\">247117400<\/td>\n<\/tr>\n<tr style=\"height: 24px;\">\n<td style=\"width: 457px; height: 24px;\"><a href=\"https:\/\/ship-tracker.org\/tr\/aidavita\/\">Aidavita<\/a><\/td>\n<td style=\"width: 456px; height: 24px;\">9221554<\/td>\n<td style=\"width: 456px; height: 24px;\">247114900<\/td>\n<\/tr>\n<tr style=\"height: 24px;\">\n<td style=\"width: 457px; height: 24px;\"><a href=\"https:\/\/ship-tracker.org\/tr\/aidamira\/\">AIDAmira<\/a><\/td>\n<td style=\"width: 456px; height: 24px;\">9172777<\/td>\n<td style=\"width: 456px; height: 24px;\">247325300<\/td>\n<\/tr>\n<tr style=\"height: 24px;\">\n<td style=\"width: 457px; height: 24px;\"><a href=\"https:\/\/ship-tracker.org\/tr\/aidacara\/\">AIDAcara<\/a><\/td>\n<td style=\"width: 456px; height: 24px;\">9112789<\/td>\n<td style=\"width: 456px; height: 24px;\">247117300<\/td>\n<\/tr>\n<tr style=\"height: 24px;\">\n<td style=\"width: 457px; height: 24px;\"><a href=\"https:\/\/ship-tracker.org\/tr\/aidacosma\/\">AIDAcosma<\/a><\/td>\n<td style=\"width: 456px; height: 24px;\">9781877<\/td>\n<td style=\"width: 456px; height: 24px;\">247435300<\/td>\n<\/tr>\n<\/tbody>\n<\/table>\n<h2>AIDA Cruises Hakk\u0131nda<\/h2>\n<p>AIDA Cruises, Rostock merkezli ve Alman kruvaziyer pazar\u0131nda pazar lideri olan bir nakliye \u015firketidir. Ba\u015far\u0131 \u00f6yk\u00fcs\u00fc 1996 y\u0131l\u0131nda \u015fimdiki AIDAcara ile ba\u015flad\u0131. 1999, AIDA nakliye \u015firketinin tarihinin ba\u015flang\u0131c\u0131n\u0131, o zaman hala \u201cSeetours\u201d ad\u0131 alt\u0131nda i\u015faret ediyor. Sadece 5 y\u0131l sonra AIDA mevcut markas\u0131n\u0131 ald\u0131 ve o zamandan beri \u0130talyan bayra\u011f\u0131 alt\u0131nda denizleri dola\u015f\u0131yor. Bu arada, AIDA Cruises bile adland\u0131r\u0131lm\u0131\u015f, ya da daha \u00e7ok yolculuklar\u0131 i\u00e7in d\u00fcnya pazar lideri aittir. 1996&#039;da Deutsche Reederei, AIDA Cara ile ilk kez pazara girdi. Merkezi Rostock ile yakla\u015f\u0131k 8.000 \u00e7al\u0131\u015fan \u015fu anda AIDA kruvaziyer gemileri \u00fczerinde \u00e7al\u0131\u015f\u0131yor.<\/p>\n<p>Bu arada say\u0131s\u0131z gemi AIDA&#039;ya ait. Ba\u015flang\u0131\u00e7ta, AIDAcara misafirleri denizlere ta\u015f\u0131maya haz\u0131r olan ilk gemiydi. O zamandan beri, AIDAvita veya AIDAaura gibi 11 gemi daha hizmete girdi. Ve hepsi bu de\u011fil, \u00e7\u00fcnk\u00fc gelecekte birka\u00e7 AIDA gemisi daha f\u0131rlat\u0131lacak. En son, yeni nesli tan\u0131tmas\u0131na izin verilen AIDAnova idi. Bu y\u00fczden \u00f6n\u00fcm\u00fczdeki y\u0131llarda AIDA&#039;n\u0131n denizdeki misafirleri i\u00e7in ne planlad\u0131\u011f\u0131n\u0131 merak edebiliriz.<\/p>\n<p>AIDA \u00e7e\u015fitlilik anlam\u0131na gelir ve m\u00fckemmel kalite ve her \u015feyden \u00f6nce \u00e7e\u015fitlilik anlam\u0131na gelir. Yani hi\u00e7bir \u015fekilde bir AIDA gezisinde s\u0131k\u0131c\u0131 de\u011fil. Macera ve rahatlama, birlikte m\u00fckemmel \u00e7al\u0131\u015fan iki kavram. Son birka\u00e7 y\u0131l i\u00e7inde, AIDA gemide \u00e7ok \u00f6zel bir atmosfer yaratmay\u0131 ba\u015fard\u0131. Zaten 2014 y\u0131l\u0131nda nakliye \u015firketi bir \u00f6d\u00fcl ve \u201cen iyi aile \u00fcr\u00fcn\u00fc\u201d ve en iyi \u201chizmet kalitesi\u201d i\u00e7in Alman Cruise \u00d6d\u00fcl\u00fc ald\u0131. Elbette, ba\u015fka \u00f6d\u00fcllerin ve onurlar\u0131n gelece\u011fi de dahil de\u011fildir.<\/p>\n<p>Almanya&#039;dan gelen gezginler i\u00e7in, Almanca konu\u015fan m\u00fcrettebat \u00fcyeleri her zaman AIDA&#039;da mevcuttur, b\u00f6ylece dil a\u00e7\u0131s\u0131ndan endi\u015felenmenize gerek kalmaz. \u00c7al\u0131\u015fanlar i\u00e7in bir k\u0131yafet kodu da verilir, b\u00f6ylece irtibat ki\u015finizi her zaman tan\u0131yabilirsiniz. AIDA&#039;dan gelen yolcu gemileri genellikle geceleri yelken a\u00e7ar, b\u00f6ylece var\u0131\u015f yerleri g\u00fcn boyunca ziyaret edilebilir ve deneyimlenebilir.<\/p>","protected":false},"excerpt":{"rendered":"<p>AIDA Cruises Filo Lokasyonu Gemiler, IMO numaralar\u0131, MMSI, Web kameralar\u0131 AIDA Cruises Filosunun \u015fu anki konumu nerede? Gemi IMO MMSI AIDAnova 9781865 247389200 AIDAperla 9636967 247385300 AIDAprima 9636955 247353800 AIDAstella 9601132 247322800 AIDAmar 9490052 247312900 AIDAsol 94900 40 247302900 AIDAluna 9398888 247282500 AIDAluna 9334868 247255400 AIDAbella 9362542 247229700 AIDAdiva 9334856 247187700 AIDAaura 9221566 247117400\u2026&nbsp;<a href=\"https:\/\/ship-tracker.org\/tr\/aida-cruises\/\" rel=\"bookmark\">Devam\u0131n\u0131 oku &quot;<span class=\"screen-reader-text\">AIDA Cruises<\/span><\/a><\/p>","protected":false},"author":1,"featured_media":2127,"parent":0,"menu_order":0,"comment_status":"closed","ping_status":"closed","template":"","meta":{"neve_meta_sidebar":"","neve_meta_container":"","neve_meta_enable_content_width":"","neve_meta_content_width":0,"neve_meta_title_alignment":"","neve_meta_author_avatar":"","neve_post_elements_order":"","neve_meta_disable_header":"","neve_meta_disable_footer":"","neve_meta_disable_title":"","neve_meta_reading_time":"","footnotes":""},"class_list":["post-2126","page","type-page","status-publish","has-post-thumbnail","hentry"],"yoast_head":"<!-- This site is optimized with the Yoast SEO plugin v26.9 - https:\/\/yoast.com\/product\/yoast-seo-wordpress\/ -->\n<title>Track AIDA Cruises Fleet | Cruise Ships | Marine Vessel<\/title>\n<meta name=\"description\" content=\"AIDA Cruises Fleet Location | Current Positions of AIDA Cruises Ships, IMO numbers, MMSI, Webcam | Live Fleet Maps | Live Ship Tracker\" \/>\n<meta name=\"robots\" content=\"index, follow, max-snippet:-1, max-image-preview:large, max-video-preview:-1\" \/>\n<link rel=\"canonical\" href=\"https:\/\/ship-tracker.org\/tr\/aida-cruises\/\" \/>\n<meta property=\"og:locale\" content=\"tr_TR\" \/>\n<meta property=\"og:type\" content=\"article\" \/>\n<meta property=\"og:title\" content=\"Track AIDA Cruises Fleet | Cruise Ships | Marine Vessel\" \/>\n<meta property=\"og:description\" content=\"AIDA Cruises Fleet Location | Current Positions of AIDA Cruises Ships, IMO numbers, MMSI, Webcam | Live Fleet Maps | Live Ship Tracker\" \/>\n<meta property=\"og:url\" content=\"https:\/\/ship-tracker.org\/tr\/aida-cruises\/\" \/>\n<meta property=\"og:site_name\" content=\"Ship-tracker.org\" \/>\n<meta property=\"article:modified_time\" content=\"2022-10-27T14:01:01+00:00\" \/>\n<meta property=\"og:image\" content=\"https:\/\/ship-tracker.org\/wp-content\/uploads\/2020\/04\/aida-cruises-logo.jpg\" \/>\n\t<meta property=\"og:image:width\" content=\"461\" \/>\n\t<meta property=\"og:image:height\" content=\"405\" \/>\n\t<meta property=\"og:image:type\" content=\"image\/jpeg\" \/>\n<meta name=\"twitter:card\" content=\"summary_large_image\" \/>\n<meta name=\"twitter:label1\" content=\"Tahmini okuma s\u00fcresi\" \/>\n\t<meta name=\"twitter:data1\" content=\"2 dakika\" \/>\n<script type=\"application\/ld+json\" class=\"yoast-schema-graph\">{\"@context\":\"https:\/\/schema.org\",\"@graph\":[{\"@type\":\"WebPage\",\"@id\":\"https:\/\/ship-tracker.org\/aida-cruises\/\",\"url\":\"https:\/\/ship-tracker.org\/aida-cruises\/\",\"name\":\"Track AIDA Cruises Fleet | Cruise Ships | Marine Vessel\",\"isPartOf\":{\"@id\":\"https:\/\/ship-tracker.org\/#website\"},\"primaryImageOfPage\":{\"@id\":\"https:\/\/ship-tracker.org\/aida-cruises\/#primaryimage\"},\"image\":{\"@id\":\"https:\/\/ship-tracker.org\/aida-cruises\/#primaryimage\"},\"thumbnailUrl\":\"https:\/\/ship-tracker.org\/wp-content\/uploads\/2020\/04\/aida-cruises-logo.jpg\",\"datePublished\":\"2020-04-29T12:19:16+00:00\",\"dateModified\":\"2022-10-27T14:01:01+00:00\",\"description\":\"AIDA Cruises Fleet Location | Current Positions of AIDA Cruises Ships, IMO numbers, MMSI, Webcam | Live Fleet Maps | Live Ship Tracker\",\"breadcrumb\":{\"@id\":\"https:\/\/ship-tracker.org\/aida-cruises\/#breadcrumb\"},\"inLanguage\":\"tr\",\"potentialAction\":[{\"@type\":\"ReadAction\",\"target\":[\"https:\/\/ship-tracker.org\/aida-cruises\/\"]}]},{\"@type\":\"ImageObject\",\"inLanguage\":\"tr\",\"@id\":\"https:\/\/ship-tracker.org\/aida-cruises\/#primaryimage\",\"url\":\"https:\/\/ship-tracker.org\/wp-content\/uploads\/2020\/04\/aida-cruises-logo.jpg\",\"contentUrl\":\"https:\/\/ship-tracker.org\/wp-content\/uploads\/2020\/04\/aida-cruises-logo.jpg\",\"width\":461,\"height\":405,\"caption\":\"AIDA Cruises\"},{\"@type\":\"BreadcrumbList\",\"@id\":\"https:\/\/ship-tracker.org\/aida-cruises\/#breadcrumb\",\"itemListElement\":[{\"@type\":\"ListItem\",\"position\":1,\"name\":\"Startseite\",\"item\":\"https:\/\/ship-tracker.org\/\"},{\"@type\":\"ListItem\",\"position\":2,\"name\":\"AIDA Cruises\"}]},{\"@type\":\"WebSite\",\"@id\":\"https:\/\/ship-tracker.org\/#website\",\"url\":\"https:\/\/ship-tracker.org\/\",\"name\":\"Ship-tracker.org\",\"description\":\"\",\"potentialAction\":[{\"@type\":\"SearchAction\",\"target\":{\"@type\":\"EntryPoint\",\"urlTemplate\":\"https:\/\/ship-tracker.org\/?s={search_term_string}\"},\"query-input\":{\"@type\":\"PropertyValueSpecification\",\"valueRequired\":true,\"valueName\":\"search_term_string\"}}],\"inLanguage\":\"tr\"}]}<\/script>\n<!-- \/ Yoast SEO plugin. -->","yoast_head_json":{"title":"AIDA Cruises Filosunu Takip Edin | Yolcu Gemileri | Deniz Gemisi","description":"AIDA Cruises Filo Konumu | AIDA Cruises Gemilerinin G\u00fcncel Konumlar\u0131, IMO numaralar\u0131, MMSI, Webcam | Canl\u0131 Filo Haritalar\u0131 | Canl\u0131 Gemi Takibi","robots":{"index":"index","follow":"follow","max-snippet":"max-snippet:-1","max-image-preview":"max-image-preview:large","max-video-preview":"max-video-preview:-1"},"canonical":"https:\/\/ship-tracker.org\/tr\/aida-cruises\/","og_locale":"tr_TR","og_type":"article","og_title":"Track AIDA Cruises Fleet | Cruise Ships | Marine Vessel","og_description":"AIDA Cruises Fleet Location | Current Positions of AIDA Cruises Ships, IMO numbers, MMSI, Webcam | Live Fleet Maps | Live Ship Tracker","og_url":"https:\/\/ship-tracker.org\/tr\/aida-cruises\/","og_site_name":"Ship-tracker.org","article_modified_time":"2022-10-27T14:01:01+00:00","og_image":[{"width":461,"height":405,"url":"https:\/\/ship-tracker.org\/wp-content\/uploads\/2020\/04\/aida-cruises-logo.jpg","type":"image\/jpeg"}],"twitter_card":"summary_large_image","twitter_misc":{"Tahmini okuma s\u00fcresi":"2 dakika"},"schema":{"@context":"https:\/\/schema.org","@graph":[{"@type":"WebPage","@id":"https:\/\/ship-tracker.org\/aida-cruises\/","url":"https:\/\/ship-tracker.org\/aida-cruises\/","name":"AIDA Cruises Filosunu Takip Edin | Yolcu Gemileri | Deniz Gemisi","isPartOf":{"@id":"https:\/\/ship-tracker.org\/#website"},"primaryImageOfPage":{"@id":"https:\/\/ship-tracker.org\/aida-cruises\/#primaryimage"},"image":{"@id":"https:\/\/ship-tracker.org\/aida-cruises\/#primaryimage"},"thumbnailUrl":"https:\/\/ship-tracker.org\/wp-content\/uploads\/2020\/04\/aida-cruises-logo.jpg","datePublished":"2020-04-29T12:19:16+00:00","dateModified":"2022-10-27T14:01:01+00:00","description":"AIDA Cruises Filo Konumu | AIDA Cruises Gemilerinin G\u00fcncel Konumlar\u0131, IMO numaralar\u0131, MMSI, Webcam | Canl\u0131 Filo Haritalar\u0131 | Canl\u0131 Gemi Takibi","breadcrumb":{"@id":"https:\/\/ship-tracker.org\/aida-cruises\/#breadcrumb"},"inLanguage":"tr","potentialAction":[{"@type":"ReadAction","target":["https:\/\/ship-tracker.org\/aida-cruises\/"]}]},{"@type":"ImageObject","inLanguage":"tr","@id":"https:\/\/ship-tracker.org\/aida-cruises\/#primaryimage","url":"https:\/\/ship-tracker.org\/wp-content\/uploads\/2020\/04\/aida-cruises-logo.jpg","contentUrl":"https:\/\/ship-tracker.org\/wp-content\/uploads\/2020\/04\/aida-cruises-logo.jpg","width":461,"height":405,"caption":"AIDA Cruises"},{"@type":"BreadcrumbList","@id":"https:\/\/ship-tracker.org\/aida-cruises\/#breadcrumb","itemListElement":[{"@type":"ListItem","position":1,"name":"Startseite","item":"https:\/\/ship-tracker.org\/"},{"@type":"ListItem","position":2,"name":"AIDA Cruises"}]},{"@type":"WebSite","@id":"https:\/\/ship-tracker.org\/#website","url":"https:\/\/ship-tracker.org\/","name":"Ship-tracker.org","description":"","potentialAction":[{"@type":"SearchAction","target":{"@type":"EntryPoint","urlTemplate":"https:\/\/ship-tracker.org\/?s={search_term_string}"},"query-input":{"@type":"PropertyValueSpecification","valueRequired":true,"valueName":"search_term_string"}}],"inLanguage":"tr"}]}},"_links":{"self":[{"href":"https:\/\/ship-tracker.org\/tr\/wp-json\/wp\/v2\/pages\/2126","targetHints":{"allow":["GET"]}}],"collection":[{"href":"https:\/\/ship-tracker.org\/tr\/wp-json\/wp\/v2\/pages"}],"about":[{"href":"https:\/\/ship-tracker.org\/tr\/wp-json\/wp\/v2\/types\/page"}],"author":[{"embeddable":true,"href":"https:\/\/ship-tracker.org\/tr\/wp-json\/wp\/v2\/users\/1"}],"replies":[{"embeddable":true,"href":"https:\/\/ship-tracker.org\/tr\/wp-json\/wp\/v2\/comments?post=2126"}],"version-history":[{"count":6,"href":"https:\/\/ship-tracker.org\/tr\/wp-json\/wp\/v2\/pages\/2126\/revisions"}],"predecessor-version":[{"id":3489,"href":"https:\/\/ship-tracker.org\/tr\/wp-json\/wp\/v2\/pages\/2126\/revisions\/3489"}],"wp:featuredmedia":[{"embeddable":true,"href":"https:\/\/ship-tracker.org\/tr\/wp-json\/wp\/v2\/media\/2127"}],"wp:attachment":[{"href":"https:\/\/ship-tracker.org\/tr\/wp-json\/wp\/v2\/media?parent=2126"}],"curies":[{"name":"wp","href":"https:\/\/api.w.org\/{rel}","templated":true}]}}