{"id":2123,"date":"2020-04-29T14:20:25","date_gmt":"2020-04-29T12:20:25","guid":{"rendered":"https:\/\/ship-tracker.org\/?page_id=2123"},"modified":"2022-10-27T15:58:51","modified_gmt":"2022-10-27T13:58:51","slug":"disney-cruise-line","status":"publish","type":"page","link":"https:\/\/ship-tracker.org\/tr\/disney-cruise-line\/","title":{"rendered":"Disney Cruise Line"},"content":{"rendered":"<h2>Disney Cruise Line Filo Konum Gemiler, IMO numaralar\u0131, MMSI, Webcam<\/h2>\n<p>Disney Cruise Line Fleet&#039;in \u015fu anki konumu nerededir?<\/p>\n<table>\n<tbody>\n<tr style=\"height: 24px;\">\n<td style=\"width: 457px; height: 24px;\"><span style=\"color: #1f405b;\"><strong>Gemi<\/strong><\/span><\/td>\n<td style=\"width: 456px; height: 24px;\"><span style=\"color: #1f405b;\"><strong>IMO<\/strong><\/span><\/td>\n<td style=\"width: 456px; height: 24px;\"><span style=\"color: #1f405b;\"><strong>MMSI<\/strong><\/span><\/td>\n<\/tr>\n<tr style=\"height: 24px;\">\n<td style=\"width: 457px; height: 24px;\"><a href=\"https:\/\/ship-tracker.org\/tr\/disney-fantasy\/\">Disney Fantasy<\/a><\/td>\n<td style=\"width: 456px; height: 24px;\">9434254<\/td>\n<td style=\"width: 456px; height: 24px;\">311042900<\/td>\n<\/tr>\n<tr style=\"height: 24px;\">\n<td style=\"width: 457px; height: 24px;\"><a href=\"https:\/\/ship-tracker.org\/tr\/disney-dream\/\">Disney Dream<\/a><\/td>\n<td style=\"width: 456px; height: 24px;\">9434254<\/td>\n<td style=\"width: 456px; height: 24px;\">311042900<\/td>\n<\/tr>\n<tr style=\"height: 24px;\">\n<td style=\"width: 457px; height: 24px;\"><a href=\"https:\/\/ship-tracker.org\/tr\/disney-wonder\/\">Disney Wonder<\/a><\/td>\n<td style=\"width: 456px; height: 24px;\">9126819<\/td>\n<td style=\"width: 456px; height: 24px;\">308457000<\/td>\n<\/tr>\n<tr style=\"height: 24px;\">\n<td style=\"width: 457px; height: 24px;\"><a href=\"https:\/\/ship-tracker.org\/tr\/disney-magic\/\">Disney Magic<\/a><\/td>\n<td style=\"width: 456px; height: 24px;\">9126807<\/td>\n<td style=\"width: 456px; height: 24px;\">308516000<\/td>\n<\/tr>\n<tr style=\"height: 24px;\">\n<td style=\"width: 457px; height: 24px;\"><a href=\"https:\/\/ship-tracker.org\/tr\/disney-wish\/\">Disney Wish<\/a><\/td>\n<td style=\"width: 456px; height: 24px;\">9834739<\/td>\n<td style=\"width: 456px; height: 24px;\">311001098<\/td>\n<\/tr>\n<\/tbody>\n<\/table>\n<h2>Disney Cruise Line Hakk\u0131nda<\/h2>\n<p>Florida merkezli Disney Cruise Line&#039;\u0131n \u015fimdi d\u00f6rt yolcu gemisi ve Bahamalar&#039;da \u00f6zel bir adas\u0131 var. Hem gemilerde hem de Castaway Cay&#039;de karada bulunan \u015firket, ailelerin ihtiya\u00e7lar\u0131na tamamen uyarlanm\u0131\u015f durumda. Pl\u00fcton ile bir foto\u011fraf \u00e7ekimi veya ak\u015fam yeme\u011finde Donald Duck ve Goofy&#039;den bir ziyaretin tad\u0131n\u0131 \u00e7\u0131kar\u0131n - bunlar, \u00e7ocuklar\u0131n kalbini daha uzun s\u00fcre ya\u015fta olan \u00e7ocuklar\u0131n bile daha h\u0131zl\u0131 atmas\u0131n\u0131 sa\u011flayan anlard\u0131r. Disney Cruise Line yolculu\u011fu yeniden icat etmemi\u015f olsa bile, bu t\u00fcr deneyimler ve anlar sadece Disney gemilerinde deneyimlenebilir ve bir yolculu\u011fu e\u015fsiz ve unutulmaz bir deneyim haline getirebilir.<\/p>\n<p>Disney Cruise Line&#039;daki yolcu gemileri kendi ba\u015flar\u0131na bir var\u0131\u015f noktas\u0131 olsalar bile, hizmet verdikleri var\u0131\u015f yerleri e\u015fit derecede etkileyicidir. Avrupa&#039;da, hem Kuzey&#039;de hem de Akdeniz&#039;de yolculuklar olduk\u00e7a az\u0131nl\u0131ktad\u0131r ve bu nedenle b\u00fcy\u00fck pop\u00fclerlik kazan\u0131rken, bizim i\u00e7in Disney Cruise Line&#039;\u0131n y\u0131l boyunca ziyaret etti\u011fi daha egzotik destinasyonlar. Bahamalar, \u00f6zellikle Disney Cruise Line&#039;\u0131n kendi \u00f6zel adas\u0131 Castaway Cay&#039;e sahip oldu\u011fu \u00f6zellikle pop\u00fcler.<\/p>","protected":false},"excerpt":{"rendered":"<p>Disney Cruise Line Filo Konumu Gemiler, IMO numaralar\u0131, MMSI, Web kameralar\u0131 Disney Cruise Line Filosunun \u015fu anda mevcut konumu nerede? Gemi IMO MMSI Disney Fantasy 9434254 311042900 Disney Dream 9434254 311042900 Disney Wonder 9126819 308457000 Disney Magic 9126807 308516000 Disney Wish 9834739 311001098 Disney Cruise Line Hakk\u0131nda Disney Cruise Line, Florida merkezli, art\u0131k\u2026&nbsp;<a href=\"https:\/\/ship-tracker.org\/tr\/disney-cruise-line\/\" rel=\"bookmark\">Devam\u0131n\u0131 oku &quot;<span class=\"screen-reader-text\">Disney Cruise Line<\/span><\/a><\/p>","protected":false},"author":1,"featured_media":2124,"parent":0,"menu_order":0,"comment_status":"closed","ping_status":"closed","template":"","meta":{"neve_meta_sidebar":"","neve_meta_container":"","neve_meta_enable_content_width":"","neve_meta_content_width":0,"neve_meta_title_alignment":"","neve_meta_author_avatar":"","neve_post_elements_order":"","neve_meta_disable_header":"","neve_meta_disable_footer":"","neve_meta_disable_title":"","neve_meta_reading_time":"","footnotes":""},"class_list":["post-2123","page","type-page","status-publish","has-post-thumbnail","hentry"],"yoast_head":"<!-- This site is optimized with the Yoast SEO plugin v26.9 - https:\/\/yoast.com\/product\/yoast-seo-wordpress\/ -->\n<title>Track Disney Cruise Line Fleet | Cruise Ships | Marine Vessel<\/title>\n<meta name=\"description\" content=\"Disney Cruise Line Fleet Location | Current Positions of Disney Cruise Line Ships, IMO numbers, MMSI, Webcam | Live Fleet Maps | Ship Tracker\" \/>\n<meta name=\"robots\" content=\"index, follow, max-snippet:-1, max-image-preview:large, max-video-preview:-1\" \/>\n<link rel=\"canonical\" href=\"https:\/\/ship-tracker.org\/tr\/disney-cruise-line\/\" \/>\n<meta property=\"og:locale\" content=\"tr_TR\" \/>\n<meta property=\"og:type\" content=\"article\" \/>\n<meta property=\"og:title\" content=\"Track Disney Cruise Line Fleet | Cruise Ships | Marine Vessel\" \/>\n<meta property=\"og:description\" content=\"Disney Cruise Line Fleet Location | Current Positions of Disney Cruise Line Ships, IMO numbers, MMSI, Webcam | Live Fleet Maps | Ship Tracker\" \/>\n<meta property=\"og:url\" content=\"https:\/\/ship-tracker.org\/tr\/disney-cruise-line\/\" \/>\n<meta property=\"og:site_name\" content=\"Ship-tracker.org\" \/>\n<meta property=\"article:modified_time\" content=\"2022-10-27T13:58:51+00:00\" \/>\n<meta property=\"og:image\" content=\"https:\/\/ship-tracker.org\/wp-content\/uploads\/2020\/04\/disney-cruise-line-web.jpg\" \/>\n\t<meta property=\"og:image:width\" content=\"1000\" \/>\n\t<meta property=\"og:image:height\" content=\"682\" \/>\n\t<meta property=\"og:image:type\" content=\"image\/jpeg\" \/>\n<meta name=\"twitter:card\" content=\"summary_large_image\" \/>\n<meta name=\"twitter:label1\" content=\"Tahmini okuma s\u00fcresi\" \/>\n\t<meta name=\"twitter:data1\" content=\"2 dakika\" \/>\n<script type=\"application\/ld+json\" class=\"yoast-schema-graph\">{\"@context\":\"https:\/\/schema.org\",\"@graph\":[{\"@type\":\"WebPage\",\"@id\":\"https:\/\/ship-tracker.org\/disney-cruise-line\/\",\"url\":\"https:\/\/ship-tracker.org\/disney-cruise-line\/\",\"name\":\"Track Disney Cruise Line Fleet | Cruise Ships | Marine Vessel\",\"isPartOf\":{\"@id\":\"https:\/\/ship-tracker.org\/#website\"},\"primaryImageOfPage\":{\"@id\":\"https:\/\/ship-tracker.org\/disney-cruise-line\/#primaryimage\"},\"image\":{\"@id\":\"https:\/\/ship-tracker.org\/disney-cruise-line\/#primaryimage\"},\"thumbnailUrl\":\"https:\/\/ship-tracker.org\/wp-content\/uploads\/2020\/04\/disney-cruise-line-web.jpg\",\"datePublished\":\"2020-04-29T12:20:25+00:00\",\"dateModified\":\"2022-10-27T13:58:51+00:00\",\"description\":\"Disney Cruise Line Fleet Location | Current Positions of Disney Cruise Line Ships, IMO numbers, MMSI, Webcam | Live Fleet Maps | Ship Tracker\",\"breadcrumb\":{\"@id\":\"https:\/\/ship-tracker.org\/disney-cruise-line\/#breadcrumb\"},\"inLanguage\":\"tr\",\"potentialAction\":[{\"@type\":\"ReadAction\",\"target\":[\"https:\/\/ship-tracker.org\/disney-cruise-line\/\"]}]},{\"@type\":\"ImageObject\",\"inLanguage\":\"tr\",\"@id\":\"https:\/\/ship-tracker.org\/disney-cruise-line\/#primaryimage\",\"url\":\"https:\/\/ship-tracker.org\/wp-content\/uploads\/2020\/04\/disney-cruise-line-web.jpg\",\"contentUrl\":\"https:\/\/ship-tracker.org\/wp-content\/uploads\/2020\/04\/disney-cruise-line-web.jpg\",\"width\":1000,\"height\":682,\"caption\":\"Disney Cruise Line\"},{\"@type\":\"BreadcrumbList\",\"@id\":\"https:\/\/ship-tracker.org\/disney-cruise-line\/#breadcrumb\",\"itemListElement\":[{\"@type\":\"ListItem\",\"position\":1,\"name\":\"Startseite\",\"item\":\"https:\/\/ship-tracker.org\/\"},{\"@type\":\"ListItem\",\"position\":2,\"name\":\"Disney Cruise Line\"}]},{\"@type\":\"WebSite\",\"@id\":\"https:\/\/ship-tracker.org\/#website\",\"url\":\"https:\/\/ship-tracker.org\/\",\"name\":\"Ship-tracker.org\",\"description\":\"\",\"potentialAction\":[{\"@type\":\"SearchAction\",\"target\":{\"@type\":\"EntryPoint\",\"urlTemplate\":\"https:\/\/ship-tracker.org\/?s={search_term_string}\"},\"query-input\":{\"@type\":\"PropertyValueSpecification\",\"valueRequired\":true,\"valueName\":\"search_term_string\"}}],\"inLanguage\":\"tr\"}]}<\/script>\n<!-- \/ Yoast SEO plugin. -->","yoast_head_json":{"title":"Par\u00e7a Disney Cruise Hatt\u0131 Filosu | Cruise Gemileri | Deniz Ara\u00e7lar\u0131","description":"Disney Cruise Line Filo Konumu | Disney Cruise Line Gemilerinin G\u00fcncel Konumlar\u0131, IMO numaralar\u0131, MMSI, Webcam | Canl\u0131 Filo Haritalar\u0131 | Gemi Takip\u00e7isi","robots":{"index":"index","follow":"follow","max-snippet":"max-snippet:-1","max-image-preview":"max-image-preview:large","max-video-preview":"max-video-preview:-1"},"canonical":"https:\/\/ship-tracker.org\/tr\/disney-cruise-line\/","og_locale":"tr_TR","og_type":"article","og_title":"Track Disney Cruise Line Fleet | Cruise Ships | Marine Vessel","og_description":"Disney Cruise Line Fleet Location | Current Positions of Disney Cruise Line Ships, IMO numbers, MMSI, Webcam | Live Fleet Maps | Ship Tracker","og_url":"https:\/\/ship-tracker.org\/tr\/disney-cruise-line\/","og_site_name":"Ship-tracker.org","article_modified_time":"2022-10-27T13:58:51+00:00","og_image":[{"width":1000,"height":682,"url":"https:\/\/ship-tracker.org\/wp-content\/uploads\/2020\/04\/disney-cruise-line-web.jpg","type":"image\/jpeg"}],"twitter_card":"summary_large_image","twitter_misc":{"Tahmini okuma s\u00fcresi":"2 dakika"},"schema":{"@context":"https:\/\/schema.org","@graph":[{"@type":"WebPage","@id":"https:\/\/ship-tracker.org\/disney-cruise-line\/","url":"https:\/\/ship-tracker.org\/disney-cruise-line\/","name":"Par\u00e7a Disney Cruise Hatt\u0131 Filosu | Cruise Gemileri | Deniz Ara\u00e7lar\u0131","isPartOf":{"@id":"https:\/\/ship-tracker.org\/#website"},"primaryImageOfPage":{"@id":"https:\/\/ship-tracker.org\/disney-cruise-line\/#primaryimage"},"image":{"@id":"https:\/\/ship-tracker.org\/disney-cruise-line\/#primaryimage"},"thumbnailUrl":"https:\/\/ship-tracker.org\/wp-content\/uploads\/2020\/04\/disney-cruise-line-web.jpg","datePublished":"2020-04-29T12:20:25+00:00","dateModified":"2022-10-27T13:58:51+00:00","description":"Disney Cruise Line Filo Konumu | Disney Cruise Line Gemilerinin G\u00fcncel Konumlar\u0131, IMO numaralar\u0131, MMSI, Webcam | Canl\u0131 Filo Haritalar\u0131 | Gemi Takip\u00e7isi","breadcrumb":{"@id":"https:\/\/ship-tracker.org\/disney-cruise-line\/#breadcrumb"},"inLanguage":"tr","potentialAction":[{"@type":"ReadAction","target":["https:\/\/ship-tracker.org\/disney-cruise-line\/"]}]},{"@type":"ImageObject","inLanguage":"tr","@id":"https:\/\/ship-tracker.org\/disney-cruise-line\/#primaryimage","url":"https:\/\/ship-tracker.org\/wp-content\/uploads\/2020\/04\/disney-cruise-line-web.jpg","contentUrl":"https:\/\/ship-tracker.org\/wp-content\/uploads\/2020\/04\/disney-cruise-line-web.jpg","width":1000,"height":682,"caption":"Disney Cruise Line"},{"@type":"BreadcrumbList","@id":"https:\/\/ship-tracker.org\/disney-cruise-line\/#breadcrumb","itemListElement":[{"@type":"ListItem","position":1,"name":"Startseite","item":"https:\/\/ship-tracker.org\/"},{"@type":"ListItem","position":2,"name":"Disney Cruise Line"}]},{"@type":"WebSite","@id":"https:\/\/ship-tracker.org\/#website","url":"https:\/\/ship-tracker.org\/","name":"Ship-tracker.org","description":"","potentialAction":[{"@type":"SearchAction","target":{"@type":"EntryPoint","urlTemplate":"https:\/\/ship-tracker.org\/?s={search_term_string}"},"query-input":{"@type":"PropertyValueSpecification","valueRequired":true,"valueName":"search_term_string"}}],"inLanguage":"tr"}]}},"_links":{"self":[{"href":"https:\/\/ship-tracker.org\/tr\/wp-json\/wp\/v2\/pages\/2123","targetHints":{"allow":["GET"]}}],"collection":[{"href":"https:\/\/ship-tracker.org\/tr\/wp-json\/wp\/v2\/pages"}],"about":[{"href":"https:\/\/ship-tracker.org\/tr\/wp-json\/wp\/v2\/types\/page"}],"author":[{"embeddable":true,"href":"https:\/\/ship-tracker.org\/tr\/wp-json\/wp\/v2\/users\/1"}],"replies":[{"embeddable":true,"href":"https:\/\/ship-tracker.org\/tr\/wp-json\/wp\/v2\/comments?post=2123"}],"version-history":[{"count":5,"href":"https:\/\/ship-tracker.org\/tr\/wp-json\/wp\/v2\/pages\/2123\/revisions"}],"predecessor-version":[{"id":3480,"href":"https:\/\/ship-tracker.org\/tr\/wp-json\/wp\/v2\/pages\/2123\/revisions\/3480"}],"wp:featuredmedia":[{"embeddable":true,"href":"https:\/\/ship-tracker.org\/tr\/wp-json\/wp\/v2\/media\/2124"}],"wp:attachment":[{"href":"https:\/\/ship-tracker.org\/tr\/wp-json\/wp\/v2\/media?parent=2123"}],"curies":[{"name":"wp","href":"https:\/\/api.w.org\/{rel}","templated":true}]}}