{"id":2120,"date":"2020-04-29T14:21:26","date_gmt":"2020-04-29T12:21:26","guid":{"rendered":"https:\/\/ship-tracker.org\/?page_id=2120"},"modified":"2022-10-27T16:02:03","modified_gmt":"2022-10-27T14:02:03","slug":"celestyal-cruises","status":"publish","type":"page","link":"https:\/\/ship-tracker.org\/tr\/celestyal-cruises\/","title":{"rendered":"Celestyal Cruises"},"content":{"rendered":"<h2>Celestyal Cruises Fleet Location Gemiler, IMO numaralar\u0131, MMSI, Webcam<\/h2>\n<p>Celestyal Cruises Fleet&#039;in \u015fu anki konumu nerededir?<\/p>\n<table>\n<tbody>\n<tr style=\"height: 24px;\">\n<td style=\"width: 457px; height: 24px;\"><span style=\"color: #1f405b;\"><strong>Gemi<\/strong><\/span><\/td>\n<td style=\"width: 456px; height: 24px;\"><span style=\"color: #1f405b;\"><strong>IMO<\/strong><\/span><\/td>\n<td style=\"width: 456px; height: 24px;\"><span style=\"color: #1f405b;\"><strong>MMSI<\/strong><\/span><\/td>\n<\/tr>\n<tr style=\"height: 24px;\">\n<td style=\"width: 457px; height: 24px;\"><a href=\"https:\/\/ship-tracker.org\/tr\/celestyal-olympia\/\">Celestyal Olympia<\/a><\/td>\n<td style=\"width: 456px; height: 24px;\">7927984<\/td>\n<td style=\"width: 456px; height: 24px;\">229051000<\/td>\n<\/tr>\n<tr style=\"height: 24px;\">\n<td style=\"width: 457px; height: 24px;\"><a href=\"https:\/\/ship-tracker.org\/tr\/celestyal-crystal\/\">Celestyal Crystal<\/a><\/td>\n<td style=\"width: 456px; height: 24px;\">7827213<\/td>\n<td style=\"width: 456px; height: 24px;\">229001000<\/td>\n<\/tr>\n<\/tbody>\n<\/table>\n<h2>Celestyal Cruises hakk\u0131nda<\/h2>\n<p>Celestyal Cruises, Yunanistan&#039;da yeni kurulan bir nakliye \u015firketidir. Halen ikisi Louis Cruises, Louis Crystal ve Louis Olympia olmak \u00fczere \u00fc\u00e7 yolcu gemisi i\u015fletmektedir. Her iki gemi de yeniden adland\u0131r\u0131ld\u0131. Son olarak Denizde Yar\u0131y\u0131l i\u00e7in kullan\u0131lan MS Voyager i\u00e7in de bir s\u00f6zle\u015fme imzaland\u0131. Gemiye Celestyal Odyssey denecek. B\u00fcy\u00fck ya da k\u00fc\u00e7\u00fck olsun, Celestyal Cruises harika bir yolculuk sa\u011flayan \u00e7ok say\u0131da teklif var. \u0130lk programlar sabah erkenden ba\u015flar ve ak\u015fam ge\u00e7 saatlere kadar kullan\u0131labilir. \u015eimdi \u00e7ocuklar\u0131n\u0131zla masa oyunlar\u0131 oynamak veya spor salonunda kendiniz i\u00e7in bir \u015feyler yapmak istiyorsan\u0131z, t\u00fcm ihtiya\u00e7lara uygun e\u011flence noktalar\u0131 ve aktiviteler vard\u0131r. Bilgi yar\u0131\u015fmalar\u0131, dans dersleri, \u00e7e\u015fitli sporlar, konserler, yemek pi\u015firme dersleri - t\u00fcm bunlar ve daha fazlas\u0131 burada sunulmaktad\u0131r.<\/p>","protected":false},"excerpt":{"rendered":"<p>Celestyal Cruises Filo Lokasyonu Gemiler, IMO numaralar\u0131, MMSI, Web kameralar\u0131 Celestyal Cruises Filosunun \u015fu anki konumu nerede? Gemi IMO MMSI Celestyal Olympia 7927984 229051000 Celestyal Crystal 7827213 229001000 Celestyal Cruises Hakk\u0131nda Celestyal Cruises, Yunanistan&#039;da yeni kurulmu\u015f bir denizcilik \u015firketidir. \u015eu anda \u00fc\u00e7 yolcu gemisi i\u015fletiyor, ikisi Louis Cruises&#039;tan, Louis\u2026&nbsp;<a href=\"https:\/\/ship-tracker.org\/tr\/celestyal-cruises\/\" rel=\"bookmark\">Devam\u0131n\u0131 oku &quot;<span class=\"screen-reader-text\">Celestyal Cruises<\/span><\/a><\/p>","protected":false},"author":1,"featured_media":2121,"parent":0,"menu_order":0,"comment_status":"closed","ping_status":"closed","template":"","meta":{"neve_meta_sidebar":"","neve_meta_container":"","neve_meta_enable_content_width":"","neve_meta_content_width":0,"neve_meta_title_alignment":"","neve_meta_author_avatar":"","neve_post_elements_order":"","neve_meta_disable_header":"","neve_meta_disable_footer":"","neve_meta_disable_title":"","neve_meta_reading_time":"","footnotes":""},"class_list":["post-2120","page","type-page","status-publish","has-post-thumbnail","hentry"],"yoast_head":"<!-- This site is optimized with the Yoast SEO plugin v26.9 - https:\/\/yoast.com\/product\/yoast-seo-wordpress\/ -->\n<title>Track Celestyal Cruises Fleet | Cruise Ships | Marine Vessel<\/title>\n<meta name=\"description\" content=\"Celestyal Cruises Fleet Location | Current Positions of Celestyal Cruises Ships, IMO numbers, MMSI, Webcam | Live Fleet Maps | Ship Tracker\" \/>\n<meta name=\"robots\" content=\"index, follow, max-snippet:-1, max-image-preview:large, max-video-preview:-1\" \/>\n<link rel=\"canonical\" href=\"https:\/\/ship-tracker.org\/tr\/celestyal-cruises\/\" \/>\n<meta property=\"og:locale\" content=\"tr_TR\" \/>\n<meta property=\"og:type\" content=\"article\" \/>\n<meta property=\"og:title\" content=\"Track Celestyal Cruises Fleet | Cruise Ships | Marine Vessel\" \/>\n<meta property=\"og:description\" content=\"Celestyal Cruises Fleet Location | Current Positions of Celestyal Cruises Ships, IMO numbers, MMSI, Webcam | Live Fleet Maps | Ship Tracker\" \/>\n<meta property=\"og:url\" content=\"https:\/\/ship-tracker.org\/tr\/celestyal-cruises\/\" \/>\n<meta property=\"og:site_name\" content=\"Ship-tracker.org\" \/>\n<meta property=\"article:modified_time\" content=\"2022-10-27T14:02:03+00:00\" \/>\n<meta property=\"og:image\" content=\"https:\/\/ship-tracker.org\/wp-content\/uploads\/2020\/04\/company-logos-celestyal-354962.jpg\" \/>\n\t<meta property=\"og:image:width\" content=\"600\" \/>\n\t<meta property=\"og:image:height\" content=\"352\" \/>\n\t<meta property=\"og:image:type\" content=\"image\/jpeg\" \/>\n<meta name=\"twitter:card\" content=\"summary_large_image\" \/>\n<meta name=\"twitter:label1\" content=\"Tahmini okuma s\u00fcresi\" \/>\n\t<meta name=\"twitter:data1\" content=\"1 dakika\" \/>\n<script type=\"application\/ld+json\" class=\"yoast-schema-graph\">{\"@context\":\"https:\/\/schema.org\",\"@graph\":[{\"@type\":\"WebPage\",\"@id\":\"https:\/\/ship-tracker.org\/celestyal-cruises\/\",\"url\":\"https:\/\/ship-tracker.org\/celestyal-cruises\/\",\"name\":\"Track Celestyal Cruises Fleet | Cruise Ships | Marine Vessel\",\"isPartOf\":{\"@id\":\"https:\/\/ship-tracker.org\/#website\"},\"primaryImageOfPage\":{\"@id\":\"https:\/\/ship-tracker.org\/celestyal-cruises\/#primaryimage\"},\"image\":{\"@id\":\"https:\/\/ship-tracker.org\/celestyal-cruises\/#primaryimage\"},\"thumbnailUrl\":\"https:\/\/ship-tracker.org\/wp-content\/uploads\/2020\/04\/company-logos-celestyal-354962.jpg\",\"datePublished\":\"2020-04-29T12:21:26+00:00\",\"dateModified\":\"2022-10-27T14:02:03+00:00\",\"description\":\"Celestyal Cruises Fleet Location | Current Positions of Celestyal Cruises Ships, IMO numbers, MMSI, Webcam | Live Fleet Maps | Ship Tracker\",\"breadcrumb\":{\"@id\":\"https:\/\/ship-tracker.org\/celestyal-cruises\/#breadcrumb\"},\"inLanguage\":\"tr\",\"potentialAction\":[{\"@type\":\"ReadAction\",\"target\":[\"https:\/\/ship-tracker.org\/celestyal-cruises\/\"]}]},{\"@type\":\"ImageObject\",\"inLanguage\":\"tr\",\"@id\":\"https:\/\/ship-tracker.org\/celestyal-cruises\/#primaryimage\",\"url\":\"https:\/\/ship-tracker.org\/wp-content\/uploads\/2020\/04\/company-logos-celestyal-354962.jpg\",\"contentUrl\":\"https:\/\/ship-tracker.org\/wp-content\/uploads\/2020\/04\/company-logos-celestyal-354962.jpg\",\"width\":600,\"height\":352,\"caption\":\"Celestyal Cruises\"},{\"@type\":\"BreadcrumbList\",\"@id\":\"https:\/\/ship-tracker.org\/celestyal-cruises\/#breadcrumb\",\"itemListElement\":[{\"@type\":\"ListItem\",\"position\":1,\"name\":\"Startseite\",\"item\":\"https:\/\/ship-tracker.org\/\"},{\"@type\":\"ListItem\",\"position\":2,\"name\":\"Celestyal Cruises\"}]},{\"@type\":\"WebSite\",\"@id\":\"https:\/\/ship-tracker.org\/#website\",\"url\":\"https:\/\/ship-tracker.org\/\",\"name\":\"Ship-tracker.org\",\"description\":\"\",\"potentialAction\":[{\"@type\":\"SearchAction\",\"target\":{\"@type\":\"EntryPoint\",\"urlTemplate\":\"https:\/\/ship-tracker.org\/?s={search_term_string}\"},\"query-input\":{\"@type\":\"PropertyValueSpecification\",\"valueRequired\":true,\"valueName\":\"search_term_string\"}}],\"inLanguage\":\"tr\"}]}<\/script>\n<!-- \/ Yoast SEO plugin. -->","yoast_head_json":{"title":"Celestyal Cruises Filosunu izle | Cruise Gemileri | Deniz Ara\u00e7lar\u0131","description":"Celestyal Cruises Filo Konumu | Celestyal Cruises Gemilerinin G\u00fcncel Konumlar\u0131, IMO numaralar\u0131, MMSI, Webcam | Canl\u0131 Filo Haritalar\u0131 | Gemi Takip\u00e7isi","robots":{"index":"index","follow":"follow","max-snippet":"max-snippet:-1","max-image-preview":"max-image-preview:large","max-video-preview":"max-video-preview:-1"},"canonical":"https:\/\/ship-tracker.org\/tr\/celestyal-cruises\/","og_locale":"tr_TR","og_type":"article","og_title":"Track Celestyal Cruises Fleet | Cruise Ships | Marine Vessel","og_description":"Celestyal Cruises Fleet Location | Current Positions of Celestyal Cruises Ships, IMO numbers, MMSI, Webcam | Live Fleet Maps | Ship Tracker","og_url":"https:\/\/ship-tracker.org\/tr\/celestyal-cruises\/","og_site_name":"Ship-tracker.org","article_modified_time":"2022-10-27T14:02:03+00:00","og_image":[{"width":600,"height":352,"url":"https:\/\/ship-tracker.org\/wp-content\/uploads\/2020\/04\/company-logos-celestyal-354962.jpg","type":"image\/jpeg"}],"twitter_card":"summary_large_image","twitter_misc":{"Tahmini okuma s\u00fcresi":"1 dakika"},"schema":{"@context":"https:\/\/schema.org","@graph":[{"@type":"WebPage","@id":"https:\/\/ship-tracker.org\/celestyal-cruises\/","url":"https:\/\/ship-tracker.org\/celestyal-cruises\/","name":"Celestyal Cruises Filosunu izle | Cruise Gemileri | Deniz Ara\u00e7lar\u0131","isPartOf":{"@id":"https:\/\/ship-tracker.org\/#website"},"primaryImageOfPage":{"@id":"https:\/\/ship-tracker.org\/celestyal-cruises\/#primaryimage"},"image":{"@id":"https:\/\/ship-tracker.org\/celestyal-cruises\/#primaryimage"},"thumbnailUrl":"https:\/\/ship-tracker.org\/wp-content\/uploads\/2020\/04\/company-logos-celestyal-354962.jpg","datePublished":"2020-04-29T12:21:26+00:00","dateModified":"2022-10-27T14:02:03+00:00","description":"Celestyal Cruises Filo Konumu | Celestyal Cruises Gemilerinin G\u00fcncel Konumlar\u0131, IMO numaralar\u0131, MMSI, Webcam | Canl\u0131 Filo Haritalar\u0131 | Gemi Takip\u00e7isi","breadcrumb":{"@id":"https:\/\/ship-tracker.org\/celestyal-cruises\/#breadcrumb"},"inLanguage":"tr","potentialAction":[{"@type":"ReadAction","target":["https:\/\/ship-tracker.org\/celestyal-cruises\/"]}]},{"@type":"ImageObject","inLanguage":"tr","@id":"https:\/\/ship-tracker.org\/celestyal-cruises\/#primaryimage","url":"https:\/\/ship-tracker.org\/wp-content\/uploads\/2020\/04\/company-logos-celestyal-354962.jpg","contentUrl":"https:\/\/ship-tracker.org\/wp-content\/uploads\/2020\/04\/company-logos-celestyal-354962.jpg","width":600,"height":352,"caption":"Celestyal Cruises"},{"@type":"BreadcrumbList","@id":"https:\/\/ship-tracker.org\/celestyal-cruises\/#breadcrumb","itemListElement":[{"@type":"ListItem","position":1,"name":"Startseite","item":"https:\/\/ship-tracker.org\/"},{"@type":"ListItem","position":2,"name":"Celestyal Cruises"}]},{"@type":"WebSite","@id":"https:\/\/ship-tracker.org\/#website","url":"https:\/\/ship-tracker.org\/","name":"Ship-tracker.org","description":"","potentialAction":[{"@type":"SearchAction","target":{"@type":"EntryPoint","urlTemplate":"https:\/\/ship-tracker.org\/?s={search_term_string}"},"query-input":{"@type":"PropertyValueSpecification","valueRequired":true,"valueName":"search_term_string"}}],"inLanguage":"tr"}]}},"_links":{"self":[{"href":"https:\/\/ship-tracker.org\/tr\/wp-json\/wp\/v2\/pages\/2120","targetHints":{"allow":["GET"]}}],"collection":[{"href":"https:\/\/ship-tracker.org\/tr\/wp-json\/wp\/v2\/pages"}],"about":[{"href":"https:\/\/ship-tracker.org\/tr\/wp-json\/wp\/v2\/types\/page"}],"author":[{"embeddable":true,"href":"https:\/\/ship-tracker.org\/tr\/wp-json\/wp\/v2\/users\/1"}],"replies":[{"embeddable":true,"href":"https:\/\/ship-tracker.org\/tr\/wp-json\/wp\/v2\/comments?post=2120"}],"version-history":[{"count":5,"href":"https:\/\/ship-tracker.org\/tr\/wp-json\/wp\/v2\/pages\/2120\/revisions"}],"predecessor-version":[{"id":3492,"href":"https:\/\/ship-tracker.org\/tr\/wp-json\/wp\/v2\/pages\/2120\/revisions\/3492"}],"wp:featuredmedia":[{"embeddable":true,"href":"https:\/\/ship-tracker.org\/tr\/wp-json\/wp\/v2\/media\/2121"}],"wp:attachment":[{"href":"https:\/\/ship-tracker.org\/tr\/wp-json\/wp\/v2\/media?parent=2120"}],"curies":[{"name":"wp","href":"https:\/\/api.w.org\/{rel}","templated":true}]}}