{"id":2117,"date":"2020-04-29T14:22:29","date_gmt":"2020-04-29T12:22:29","guid":{"rendered":"https:\/\/ship-tracker.org\/?page_id=2117"},"modified":"2022-11-01T13:48:25","modified_gmt":"2022-11-01T12:48:25","slug":"azamara-cruises","status":"publish","type":"page","link":"https:\/\/ship-tracker.org\/tr\/azamara-cruises\/","title":{"rendered":"Azamara Cruises"},"content":{"rendered":"<h2>Azamara Cruises Fleet Location Gemiler, IMO numaralar\u0131, MMSI, Webcam<\/h2>\n<p>Azamara Cruises Fleet&#039;in \u015fu anki konumu nerededir?<\/p>\n<table>\n<tbody>\n<tr style=\"height: 24px;\">\n<td style=\"width: 457px; height: 24px;\"><span style=\"color: #1f405b;\"><strong>Gemi<\/strong><\/span><\/td>\n<td style=\"width: 456px; height: 24px;\"><span style=\"color: #1f405b;\"><strong>IMO<\/strong><\/span><\/td>\n<td style=\"width: 456px; height: 24px;\"><span style=\"color: #1f405b;\"><strong>MMSI<\/strong><\/span><\/td>\n<\/tr>\n<tr style=\"height: 24px;\">\n<td style=\"width: 457px; height: 24px;\"><a href=\"https:\/\/ship-tracker.org\/tr\/azamara-pursuit\/\">Azamara Pursuit<\/a><\/td>\n<td style=\"width: 456px; height: 24px;\">9210220<\/td>\n<td style=\"width: 456px; height: 24px;\">248762000<\/td>\n<\/tr>\n<tr style=\"height: 24px;\">\n<td style=\"width: 457px; height: 24px;\"><a href=\"https:\/\/ship-tracker.org\/tr\/azamara-quest\/\">Azamara Quest<\/a><\/td>\n<td style=\"width: 456px; height: 24px;\">9210218<\/td>\n<td style=\"width: 456px; height: 24px;\">256216000<\/td>\n<\/tr>\n<tr style=\"height: 24px;\">\n<td style=\"width: 457px; height: 24px;\"><a href=\"https:\/\/ship-tracker.org\/tr\/azamara-journey\/\">Azamara Journey<\/a><\/td>\n<td style=\"width: 456px; height: 24px;\">9200940<\/td>\n<td style=\"width: 456px; height: 24px;\">256204000<\/td>\n<\/tr>\n<tr>\n<td style=\"width: 457px;\"><a href=\"https:\/\/ship-tracker.org\/tr\/azamara-onward\/\">Azamara \u0130leri<\/a><\/td>\n<td style=\"width: 456px;\">9187887<\/td>\n<td style=\"width: 456px;\">229765000<\/td>\n<\/tr>\n<\/tbody>\n<\/table>\n<h2>Azamara Cruises hakk\u0131nda<\/h2>\n<p>Azamara Cruises, deneyimli ve deneyimli kruvaz\u00f6rler i\u00e7in bir seyir markas\u0131d\u0131r. Odak noktas\u0131 gemilerin arad\u0131\u011f\u0131 yerler. Yolcular sadece yolculuklar\u0131ndaki duraklar\u0131 ziyaret etmemeli, ayn\u0131 zamanda onlar\u0131 deneyimlemelidir. Filo 694 ki\u015fiye kadar \u00fc\u00e7 \u00f6zel gemi, Azamara Yolculu\u011fu, Azamara Pursuit ve Azamara Quest&#039;i i\u00e7eriyor. 353 kamara ve s\u00fcit ile, hepsi daha b\u00fcy\u00fck gemilerin arayamayaca\u011f\u0131 limanlar ile birlikte, ola\u011fan\u00fcst\u00fc hizmet, d\u00fcnyan\u0131n d\u00f6rt bir yan\u0131ndan en iyi \u015faraplar ve yiyecekler ile sa\u011fl\u0131kl\u0131 ya\u015fam ve refah programlar\u0131 sunan bir butik otelin ambiyans\u0131n\u0131 yarat\u0131yorlar.<\/p>\n<p>Azamara Journey ve Azamara Quest, Panama Kanal\u0131&#039;ndan ge\u00e7erek, transatlantik ge\u00e7i\u015fler yaparak ve misafirlerini Karayip adalar\u0131n\u0131n i\u00e7 ipu\u00e7lar\u0131na y\u00f6nlendirerek Avrupa ve Asya sular\u0131n\u0131 seyrediyor. \u00d6zel \u00f6zellik: rotalar, ak\u015fam ge\u00e7 saatlere kadar ve hatta bir geceye kadar y\u00fcksek seviyede liman kal\u0131r.<\/p>","protected":false},"excerpt":{"rendered":"<p>Azamara Cruises Filo Lokasyonu Gemiler, IMO numaralar\u0131, MMSI, Web kameralar\u0131 Azamara Cruises Filosunun \u015fu anki konumu nerede? Gemi IMO MMSI Azamara Pursuit 9210220 248762000 Azamara Quest 9210218 256216000 Azamara Yolculu\u011fu 9200940 256204000 Azamara Onward 9187887 229765000 Azamara Cruises Hakk\u0131nda Azamara Cruises, se\u00e7ici, deneyimli kruvaziyerlere y\u00f6nelik bir kruvaziyer markas\u0131d\u0131r. Odaklan\u0131lan konu \u015fu:&nbsp;<a href=\"https:\/\/ship-tracker.org\/tr\/azamara-cruises\/\" rel=\"bookmark\">Devam\u0131n\u0131 oku &quot;<span class=\"screen-reader-text\">Azamara Cruises<\/span><\/a><\/p>","protected":false},"author":1,"featured_media":2118,"parent":0,"menu_order":0,"comment_status":"closed","ping_status":"closed","template":"","meta":{"neve_meta_sidebar":"","neve_meta_container":"","neve_meta_enable_content_width":"","neve_meta_content_width":0,"neve_meta_title_alignment":"","neve_meta_author_avatar":"","neve_post_elements_order":"","neve_meta_disable_header":"","neve_meta_disable_footer":"","neve_meta_disable_title":"","neve_meta_reading_time":"","footnotes":""},"class_list":["post-2117","page","type-page","status-publish","has-post-thumbnail","hentry"],"yoast_head":"<!-- This site is optimized with the Yoast SEO plugin v26.9 - https:\/\/yoast.com\/product\/yoast-seo-wordpress\/ -->\n<title>Track Azamara Cruises Fleet | Cruise Ships | Marine Vessel<\/title>\n<meta name=\"description\" content=\"Azamara Cruises Fleet Location | Current Positions of Azamara Cruises Ships, IMO numbers, MMSI, Webcam | Live Fleet Maps | Live Ship Tracker\" \/>\n<meta name=\"robots\" content=\"index, follow, max-snippet:-1, max-image-preview:large, max-video-preview:-1\" \/>\n<link rel=\"canonical\" href=\"https:\/\/ship-tracker.org\/tr\/azamara-cruises\/\" \/>\n<meta property=\"og:locale\" content=\"tr_TR\" \/>\n<meta property=\"og:type\" content=\"article\" \/>\n<meta property=\"og:title\" content=\"Track Azamara Cruises Fleet | Cruise Ships | Marine Vessel\" \/>\n<meta property=\"og:description\" content=\"Azamara Cruises Fleet Location | Current Positions of Azamara Cruises Ships, IMO numbers, MMSI, Webcam | Live Fleet Maps | Live Ship Tracker\" \/>\n<meta property=\"og:url\" content=\"https:\/\/ship-tracker.org\/tr\/azamara-cruises\/\" \/>\n<meta property=\"og:site_name\" content=\"Ship-tracker.org\" \/>\n<meta property=\"article:modified_time\" content=\"2022-11-01T12:48:25+00:00\" \/>\n<meta property=\"og:image\" content=\"https:\/\/ship-tracker.org\/wp-content\/uploads\/2020\/04\/500x309.jpg\" \/>\n\t<meta property=\"og:image:width\" content=\"500\" \/>\n\t<meta property=\"og:image:height\" content=\"309\" \/>\n\t<meta property=\"og:image:type\" content=\"image\/jpeg\" \/>\n<meta name=\"twitter:card\" content=\"summary_large_image\" \/>\n<meta name=\"twitter:label1\" content=\"Tahmini okuma s\u00fcresi\" \/>\n\t<meta name=\"twitter:data1\" content=\"1 dakika\" \/>\n<script type=\"application\/ld+json\" class=\"yoast-schema-graph\">{\"@context\":\"https:\/\/schema.org\",\"@graph\":[{\"@type\":\"WebPage\",\"@id\":\"https:\/\/ship-tracker.org\/azamara-cruises\/\",\"url\":\"https:\/\/ship-tracker.org\/azamara-cruises\/\",\"name\":\"Track Azamara Cruises Fleet | Cruise Ships | Marine Vessel\",\"isPartOf\":{\"@id\":\"https:\/\/ship-tracker.org\/#website\"},\"primaryImageOfPage\":{\"@id\":\"https:\/\/ship-tracker.org\/azamara-cruises\/#primaryimage\"},\"image\":{\"@id\":\"https:\/\/ship-tracker.org\/azamara-cruises\/#primaryimage\"},\"thumbnailUrl\":\"https:\/\/ship-tracker.org\/wp-content\/uploads\/2020\/04\/500x309.jpg\",\"datePublished\":\"2020-04-29T12:22:29+00:00\",\"dateModified\":\"2022-11-01T12:48:25+00:00\",\"description\":\"Azamara Cruises Fleet Location | Current Positions of Azamara Cruises Ships, IMO numbers, MMSI, Webcam | Live Fleet Maps | Live Ship Tracker\",\"breadcrumb\":{\"@id\":\"https:\/\/ship-tracker.org\/azamara-cruises\/#breadcrumb\"},\"inLanguage\":\"tr\",\"potentialAction\":[{\"@type\":\"ReadAction\",\"target\":[\"https:\/\/ship-tracker.org\/azamara-cruises\/\"]}]},{\"@type\":\"ImageObject\",\"inLanguage\":\"tr\",\"@id\":\"https:\/\/ship-tracker.org\/azamara-cruises\/#primaryimage\",\"url\":\"https:\/\/ship-tracker.org\/wp-content\/uploads\/2020\/04\/500x309.jpg\",\"contentUrl\":\"https:\/\/ship-tracker.org\/wp-content\/uploads\/2020\/04\/500x309.jpg\",\"width\":500,\"height\":309,\"caption\":\"Azamara Cruises\"},{\"@type\":\"BreadcrumbList\",\"@id\":\"https:\/\/ship-tracker.org\/azamara-cruises\/#breadcrumb\",\"itemListElement\":[{\"@type\":\"ListItem\",\"position\":1,\"name\":\"Startseite\",\"item\":\"https:\/\/ship-tracker.org\/\"},{\"@type\":\"ListItem\",\"position\":2,\"name\":\"Azamara Cruises\"}]},{\"@type\":\"WebSite\",\"@id\":\"https:\/\/ship-tracker.org\/#website\",\"url\":\"https:\/\/ship-tracker.org\/\",\"name\":\"Ship-tracker.org\",\"description\":\"\",\"potentialAction\":[{\"@type\":\"SearchAction\",\"target\":{\"@type\":\"EntryPoint\",\"urlTemplate\":\"https:\/\/ship-tracker.org\/?s={search_term_string}\"},\"query-input\":{\"@type\":\"PropertyValueSpecification\",\"valueRequired\":true,\"valueName\":\"search_term_string\"}}],\"inLanguage\":\"tr\"}]}<\/script>\n<!-- \/ Yoast SEO plugin. -->","yoast_head_json":{"title":"Par\u00e7a Azamara Cruises Filo | Cruise Gemileri | Deniz Ara\u00e7lar\u0131","description":"Azamara Cruises Filo Konumu | Azamara Cruises Gemilerinin Mevcut Konumlar\u0131, IMO numaralar\u0131, MMSI, Web Kameras\u0131 | Canl\u0131 Filo Haritalar\u0131 | Canl\u0131 Gemi Takibi","robots":{"index":"index","follow":"follow","max-snippet":"max-snippet:-1","max-image-preview":"max-image-preview:large","max-video-preview":"max-video-preview:-1"},"canonical":"https:\/\/ship-tracker.org\/tr\/azamara-cruises\/","og_locale":"tr_TR","og_type":"article","og_title":"Track Azamara Cruises Fleet | Cruise Ships | Marine Vessel","og_description":"Azamara Cruises Fleet Location | Current Positions of Azamara Cruises Ships, IMO numbers, MMSI, Webcam | Live Fleet Maps | Live Ship Tracker","og_url":"https:\/\/ship-tracker.org\/tr\/azamara-cruises\/","og_site_name":"Ship-tracker.org","article_modified_time":"2022-11-01T12:48:25+00:00","og_image":[{"width":500,"height":309,"url":"https:\/\/ship-tracker.org\/wp-content\/uploads\/2020\/04\/500x309.jpg","type":"image\/jpeg"}],"twitter_card":"summary_large_image","twitter_misc":{"Tahmini okuma s\u00fcresi":"1 dakika"},"schema":{"@context":"https:\/\/schema.org","@graph":[{"@type":"WebPage","@id":"https:\/\/ship-tracker.org\/azamara-cruises\/","url":"https:\/\/ship-tracker.org\/azamara-cruises\/","name":"Par\u00e7a Azamara Cruises Filo | Cruise Gemileri | Deniz Ara\u00e7lar\u0131","isPartOf":{"@id":"https:\/\/ship-tracker.org\/#website"},"primaryImageOfPage":{"@id":"https:\/\/ship-tracker.org\/azamara-cruises\/#primaryimage"},"image":{"@id":"https:\/\/ship-tracker.org\/azamara-cruises\/#primaryimage"},"thumbnailUrl":"https:\/\/ship-tracker.org\/wp-content\/uploads\/2020\/04\/500x309.jpg","datePublished":"2020-04-29T12:22:29+00:00","dateModified":"2022-11-01T12:48:25+00:00","description":"Azamara Cruises Filo Konumu | Azamara Cruises Gemilerinin Mevcut Konumlar\u0131, IMO numaralar\u0131, MMSI, Web Kameras\u0131 | Canl\u0131 Filo Haritalar\u0131 | Canl\u0131 Gemi Takibi","breadcrumb":{"@id":"https:\/\/ship-tracker.org\/azamara-cruises\/#breadcrumb"},"inLanguage":"tr","potentialAction":[{"@type":"ReadAction","target":["https:\/\/ship-tracker.org\/azamara-cruises\/"]}]},{"@type":"ImageObject","inLanguage":"tr","@id":"https:\/\/ship-tracker.org\/azamara-cruises\/#primaryimage","url":"https:\/\/ship-tracker.org\/wp-content\/uploads\/2020\/04\/500x309.jpg","contentUrl":"https:\/\/ship-tracker.org\/wp-content\/uploads\/2020\/04\/500x309.jpg","width":500,"height":309,"caption":"Azamara Cruises"},{"@type":"BreadcrumbList","@id":"https:\/\/ship-tracker.org\/azamara-cruises\/#breadcrumb","itemListElement":[{"@type":"ListItem","position":1,"name":"Startseite","item":"https:\/\/ship-tracker.org\/"},{"@type":"ListItem","position":2,"name":"Azamara Cruises"}]},{"@type":"WebSite","@id":"https:\/\/ship-tracker.org\/#website","url":"https:\/\/ship-tracker.org\/","name":"Ship-tracker.org","description":"","potentialAction":[{"@type":"SearchAction","target":{"@type":"EntryPoint","urlTemplate":"https:\/\/ship-tracker.org\/?s={search_term_string}"},"query-input":{"@type":"PropertyValueSpecification","valueRequired":true,"valueName":"search_term_string"}}],"inLanguage":"tr"}]}},"_links":{"self":[{"href":"https:\/\/ship-tracker.org\/tr\/wp-json\/wp\/v2\/pages\/2117","targetHints":{"allow":["GET"]}}],"collection":[{"href":"https:\/\/ship-tracker.org\/tr\/wp-json\/wp\/v2\/pages"}],"about":[{"href":"https:\/\/ship-tracker.org\/tr\/wp-json\/wp\/v2\/types\/page"}],"author":[{"embeddable":true,"href":"https:\/\/ship-tracker.org\/tr\/wp-json\/wp\/v2\/users\/1"}],"replies":[{"embeddable":true,"href":"https:\/\/ship-tracker.org\/tr\/wp-json\/wp\/v2\/comments?post=2117"}],"version-history":[{"count":6,"href":"https:\/\/ship-tracker.org\/tr\/wp-json\/wp\/v2\/pages\/2117\/revisions"}],"predecessor-version":[{"id":3544,"href":"https:\/\/ship-tracker.org\/tr\/wp-json\/wp\/v2\/pages\/2117\/revisions\/3544"}],"wp:featuredmedia":[{"embeddable":true,"href":"https:\/\/ship-tracker.org\/tr\/wp-json\/wp\/v2\/media\/2118"}],"wp:attachment":[{"href":"https:\/\/ship-tracker.org\/tr\/wp-json\/wp\/v2\/media?parent=2117"}],"curies":[{"name":"wp","href":"https:\/\/api.w.org\/{rel}","templated":true}]}}