{"id":2107,"date":"2020-04-29T14:25:32","date_gmt":"2020-04-29T12:25:32","guid":{"rendered":"https:\/\/ship-tracker.org\/?page_id=2107"},"modified":"2022-11-01T13:13:23","modified_gmt":"2022-11-01T12:13:23","slug":"holland-america-line","status":"publish","type":"page","link":"https:\/\/ship-tracker.org\/tr\/holland-america-line\/","title":{"rendered":"Holland America Line"},"content":{"rendered":"<h2>Holland America Line Fleet Location Gemiler, IMO numaralar\u0131, MMSI, Webcam<\/h2>\n<p>Holland America Line Fleet&#039;in \u015fu anki konumu nerededir?<\/p>\n<table style=\"border-collapse: collapse; width: 100%; height: 384px;\">\n<tbody>\n<tr style=\"height: 24px;\">\n<td style=\"width: 33.3333%; height: 24px;\"><span style=\"color: #1f405b;\"><strong>Gemi<\/strong><\/span><\/td>\n<td style=\"width: 33.3333%; height: 24px;\"><span style=\"color: #1f405b;\"><strong>IMO<\/strong><\/span><\/td>\n<td style=\"width: 33.3333%; height: 24px;\"><span style=\"color: #1f405b;\"><strong>MMSI<\/strong><\/span><\/td>\n<\/tr>\n<tr style=\"height: 24px;\">\n<td style=\"width: 33.3333%; height: 24px;\"><a href=\"https:\/\/ship-tracker.org\/tr\/ms-nieuw-statendam\/\">MS Nieuw Statendam<\/a><\/td>\n<td style=\"width: 33.3333%; height: 24px;\">9767106<\/td>\n<td style=\"width: 33.3333%; height: 24px;\">244140580<\/td>\n<\/tr>\n<tr style=\"height: 24px;\">\n<td style=\"width: 33.3333%; height: 24px;\"><a href=\"https:\/\/ship-tracker.org\/tr\/ms-koningsdam\/\">MS Koningsdam<\/a><\/td>\n<td style=\"width: 33.3333%; height: 24px;\">9692557<\/td>\n<td style=\"width: 33.3333%; height: 24px;\">244830547<\/td>\n<\/tr>\n<tr style=\"height: 24px;\">\n<td style=\"width: 33.3333%; height: 24px;\"><a href=\"https:\/\/ship-tracker.org\/tr\/ms-nieuw-amsterdam\/\">MS Nieuw Amsterdam<\/a><\/td>\n<td style=\"width: 33.3333%; height: 24px;\">9378450<\/td>\n<td style=\"width: 33.3333%; height: 24px;\">246648000<\/td>\n<\/tr>\n<tr style=\"height: 24px;\">\n<td style=\"width: 33.3333%; height: 24px;\"><a href=\"https:\/\/ship-tracker.org\/tr\/ms-eurodam\/\">MS Eurodam<\/a><\/td>\n<td style=\"width: 33.3333%; height: 24px;\">9378448<\/td>\n<td style=\"width: 33.3333%; height: 24px;\">245206000<\/td>\n<\/tr>\n<tr style=\"height: 24px;\">\n<td style=\"width: 33.3333%; height: 24px;\"><a href=\"https:\/\/ship-tracker.org\/tr\/ms-noordam\/\">MS Noordam<\/a><\/td>\n<td style=\"width: 33.3333%; height: 24px;\">9230115<\/td>\n<td style=\"width: 33.3333%; height: 24px;\">246028000<\/td>\n<\/tr>\n<tr style=\"height: 24px;\">\n<td style=\"width: 33.3333%; height: 24px;\"><a href=\"https:\/\/ship-tracker.org\/tr\/ms-westerdam\/\">MS Westerdam<\/a><\/td>\n<td style=\"width: 33.3333%; height: 24px;\">9226891<\/td>\n<td style=\"width: 33.3333%; height: 24px;\">244128000<\/td>\n<\/tr>\n<tr style=\"height: 24px;\">\n<td style=\"width: 33.3333%; height: 24px;\"><a href=\"https:\/\/ship-tracker.org\/tr\/ms-oosterdam\/\">MS Oosterdam<\/a><\/td>\n<td style=\"width: 33.3333%; height: 24px;\">9221281<\/td>\n<td style=\"width: 33.3333%; height: 24px;\">245417000<\/td>\n<\/tr>\n<tr class=\"alt\" style=\"height: 24px;\">\n<td style=\"width: 33.3333%; height: 24px;\"><a href=\"https:\/\/ship-tracker.org\/tr\/ms-zuiderdam\/\">MS Zuiderdam<\/a><\/td>\n<td style=\"width: 33.3333%; height: 24px;\">9221279<\/td>\n<td style=\"width: 33.3333%; height: 24px;\">245304000<\/td>\n<\/tr>\n<tr style=\"height: 24px;\">\n<td style=\"width: 33.3333%; height: 24px;\"><a href=\"https:\/\/ship-tracker.org\/tr\/ms-amsterdam\/\">MS Amsterdam<\/a><\/td>\n<td style=\"width: 33.3333%; height: 24px;\">9188037<\/td>\n<td style=\"width: 33.3333%; height: 24px;\">244370000<\/td>\n<\/tr>\n<tr style=\"height: 24px;\">\n<td style=\"width: 33.3333%; height: 24px;\"><a href=\"https:\/\/ship-tracker.org\/tr\/ms-zaandam\/\">MS Zaandam<\/a><\/td>\n<td style=\"width: 33.3333%; height: 24px;\">9156527<\/td>\n<td style=\"width: 33.3333%; height: 24px;\">246442000<\/td>\n<\/tr>\n<tr style=\"height: 24px;\">\n<td style=\"width: 33.3333%; height: 24px;\"><a href=\"https:\/\/ship-tracker.org\/tr\/ms-volendam\/\">MS Volendam<\/a><\/td>\n<td style=\"width: 33.3333%; height: 24px;\">9156515<\/td>\n<td style=\"width: 33.3333%; height: 24px;\">245968000<\/td>\n<\/tr>\n<tr style=\"height: 24px;\">\n<td style=\"width: 33.3333%; height: 24px;\"><a href=\"https:\/\/ship-tracker.org\/tr\/ms-rotterdam\/\">MS Rotterdam<\/a><\/td>\n<td style=\"width: 33.3333%; height: 24px;\">9122552<\/td>\n<td style=\"width: 33.3333%; height: 24px;\">246167000<\/td>\n<\/tr>\n<tr style=\"height: 24px;\">\n<td style=\"width: 33.3333%; height: 24px;\"><a href=\"https:\/\/ship-tracker.org\/tr\/ms-veendam\/\">MS Veendam<\/a><\/td>\n<td style=\"width: 33.3333%; height: 24px;\">9102992<\/td>\n<td style=\"width: 33.3333%; height: 24px;\">246506000<\/td>\n<\/tr>\n<tr style=\"height: 24px;\">\n<td style=\"width: 33.3333%; height: 24px;\"><a href=\"https:\/\/ship-tracker.org\/tr\/ms-maasdam\/\">MS Maasdam<\/a><\/td>\n<td style=\"width: 33.3333%; height: 24px;\">8919257<\/td>\n<td style=\"width: 33.3333%; height: 24px;\">244958000<\/td>\n<\/tr>\n<\/tbody>\n<\/table>\n<h2>Holland America Line Hakk\u0131nda<\/h2>\n<p>Holland America Line (HAL) 130 y\u0131l \u00f6nce Rotterdam&#039;da kuruldu ve ba\u015flang\u0131\u00e7ta Hollanda ve Amerika aras\u0131nda d\u00fczenli bir hizmet olarak hizmet verdi. Bu arada, nakliye \u015firketi ABD&#039;de bulunmaktad\u0131r ve neredeyse 50 y\u0131ld\u0131r sadece l\u00fcks segmentte yolculuklar yapmaktad\u0131r. O zamandan beri m\u00fckemmel bir \u00fcne kavu\u015ftu. Holland America Line - konforlu yolcu gemileri, heyecan verici destinasyonlar ve birinci s\u0131n\u0131f hizmet anlam\u0131na gelir.<\/p>\n<p>Holland America Line gemilerinin \u00e7o\u011fu, \u00e7o\u011fu \u00f6zel balkon veya verandaya sahip deniz manzaral\u0131 kabinlerle donat\u0131lm\u0131\u015ft\u0131r. Ekstra vurgu, balkonlar ve verandalar i\u00e7in kullan\u0131lan tik a\u011fac\u0131d\u0131r ve konuklara deniz hissi i\u00e7in ekstra bir dokunu\u015f sa\u011flar. Burada, g\u00fcne\u015flenme g\u00fcvertesinin ko\u015fu\u015fturmas\u0131ndan uzakta, yolcular sadece rahats\u0131z edilmeden g\u00fcne\u015flenmekle kalmaz, ayn\u0131 zamanda temiz deniz havas\u0131nda bir yeme\u011fin veya i\u00e7ece\u011fin tad\u0131n\u0131 \u00e7\u0131karabilirler. Holland America Line gemilerinin \u00f6zel bir \u00f6zelli\u011fi, Panama Kanal\u0131 i\u00e7in do\u011fru boyutlara sahip olmalar\u0131d\u0131r, bu da ge\u00e7i\u015fini nakliye \u015firketi i\u00e7in \u00f6zel bir vurgu haline getirir.<\/p>","protected":false},"excerpt":{"rendered":"<p>Holland America Line Filo Lokasyonu Gemiler, IMO numaralar\u0131, MMSI, Web kameralar\u0131 Holland America Line Filosunun \u015fu anki konumu nerede? Gemi IMO MMSI MS Nieuw Statendam 9767106 244140580 MS Koningsdam 9692557 244830547 MS Nieuw Amsterdam 9378450 246648000 MS Eurodam 9378448 245206000 MS Noordam 9230115 246028000 Westerdam 9226891 244128000 MS Oosterdam 9221281 245417000 MS\u2026&nbsp;<a href=\"https:\/\/ship-tracker.org\/tr\/holland-america-line\/\" rel=\"bookmark\">Devam\u0131n\u0131 oku &quot;<span class=\"screen-reader-text\">Holland America Line<\/span><\/a><\/p>","protected":false},"author":1,"featured_media":2108,"parent":0,"menu_order":0,"comment_status":"closed","ping_status":"closed","template":"","meta":{"neve_meta_sidebar":"","neve_meta_container":"","neve_meta_enable_content_width":"","neve_meta_content_width":0,"neve_meta_title_alignment":"","neve_meta_author_avatar":"","neve_post_elements_order":"","neve_meta_disable_header":"","neve_meta_disable_footer":"","neve_meta_disable_title":"","neve_meta_reading_time":"","footnotes":""},"class_list":["post-2107","page","type-page","status-publish","has-post-thumbnail","hentry"],"yoast_head":"<!-- This site is optimized with the Yoast SEO plugin v26.9 - https:\/\/yoast.com\/product\/yoast-seo-wordpress\/ -->\n<title>Track Holland America Line Fleet | Cruise Ships | Marine Vessel<\/title>\n<meta name=\"description\" content=\"Holland America Line Fleet Location | Current Positions of Holland America Line Ships, IMO numbers, MMSI, Webcam | Live Fleet Maps\" \/>\n<meta name=\"robots\" content=\"index, follow, max-snippet:-1, max-image-preview:large, max-video-preview:-1\" \/>\n<link rel=\"canonical\" href=\"https:\/\/ship-tracker.org\/tr\/holland-america-line\/\" \/>\n<meta property=\"og:locale\" content=\"tr_TR\" \/>\n<meta property=\"og:type\" content=\"article\" \/>\n<meta property=\"og:title\" content=\"Track Holland America Line Fleet | Cruise Ships | Marine Vessel\" \/>\n<meta property=\"og:description\" content=\"Holland America Line Fleet Location | Current Positions of Holland America Line Ships, IMO numbers, MMSI, Webcam | Live Fleet Maps\" \/>\n<meta property=\"og:url\" content=\"https:\/\/ship-tracker.org\/tr\/holland-america-line\/\" \/>\n<meta property=\"og:site_name\" content=\"Ship-tracker.org\" \/>\n<meta property=\"article:modified_time\" content=\"2022-11-01T12:13:23+00:00\" \/>\n<meta property=\"og:image\" content=\"https:\/\/ship-tracker.org\/wp-content\/uploads\/2020\/04\/holland-america-case-study-1200x800-1.jpg\" \/>\n\t<meta property=\"og:image:width\" content=\"1200\" \/>\n\t<meta property=\"og:image:height\" content=\"800\" \/>\n\t<meta property=\"og:image:type\" content=\"image\/jpeg\" \/>\n<meta name=\"twitter:card\" content=\"summary_large_image\" \/>\n<meta name=\"twitter:label1\" content=\"Tahmini okuma s\u00fcresi\" \/>\n\t<meta name=\"twitter:data1\" content=\"2 dakika\" \/>\n<script type=\"application\/ld+json\" class=\"yoast-schema-graph\">{\"@context\":\"https:\/\/schema.org\",\"@graph\":[{\"@type\":\"WebPage\",\"@id\":\"https:\/\/ship-tracker.org\/holland-america-line\/\",\"url\":\"https:\/\/ship-tracker.org\/holland-america-line\/\",\"name\":\"Track Holland America Line Fleet | Cruise Ships | Marine Vessel\",\"isPartOf\":{\"@id\":\"https:\/\/ship-tracker.org\/#website\"},\"primaryImageOfPage\":{\"@id\":\"https:\/\/ship-tracker.org\/holland-america-line\/#primaryimage\"},\"image\":{\"@id\":\"https:\/\/ship-tracker.org\/holland-america-line\/#primaryimage\"},\"thumbnailUrl\":\"https:\/\/ship-tracker.org\/wp-content\/uploads\/2020\/04\/holland-america-case-study-1200x800-1.jpg\",\"datePublished\":\"2020-04-29T12:25:32+00:00\",\"dateModified\":\"2022-11-01T12:13:23+00:00\",\"description\":\"Holland America Line Fleet Location | Current Positions of Holland America Line Ships, IMO numbers, MMSI, Webcam | Live Fleet Maps\",\"breadcrumb\":{\"@id\":\"https:\/\/ship-tracker.org\/holland-america-line\/#breadcrumb\"},\"inLanguage\":\"tr\",\"potentialAction\":[{\"@type\":\"ReadAction\",\"target\":[\"https:\/\/ship-tracker.org\/holland-america-line\/\"]}]},{\"@type\":\"ImageObject\",\"inLanguage\":\"tr\",\"@id\":\"https:\/\/ship-tracker.org\/holland-america-line\/#primaryimage\",\"url\":\"https:\/\/ship-tracker.org\/wp-content\/uploads\/2020\/04\/holland-america-case-study-1200x800-1.jpg\",\"contentUrl\":\"https:\/\/ship-tracker.org\/wp-content\/uploads\/2020\/04\/holland-america-case-study-1200x800-1.jpg\",\"width\":1200,\"height\":800,\"caption\":\"Holland America Line\"},{\"@type\":\"BreadcrumbList\",\"@id\":\"https:\/\/ship-tracker.org\/holland-america-line\/#breadcrumb\",\"itemListElement\":[{\"@type\":\"ListItem\",\"position\":1,\"name\":\"Startseite\",\"item\":\"https:\/\/ship-tracker.org\/\"},{\"@type\":\"ListItem\",\"position\":2,\"name\":\"Holland America Line\"}]},{\"@type\":\"WebSite\",\"@id\":\"https:\/\/ship-tracker.org\/#website\",\"url\":\"https:\/\/ship-tracker.org\/\",\"name\":\"Ship-tracker.org\",\"description\":\"\",\"potentialAction\":[{\"@type\":\"SearchAction\",\"target\":{\"@type\":\"EntryPoint\",\"urlTemplate\":\"https:\/\/ship-tracker.org\/?s={search_term_string}\"},\"query-input\":{\"@type\":\"PropertyValueSpecification\",\"valueRequired\":true,\"valueName\":\"search_term_string\"}}],\"inLanguage\":\"tr\"}]}<\/script>\n<!-- \/ Yoast SEO plugin. -->","yoast_head_json":{"title":"Par\u00e7a Holland America Hatt\u0131 Filosu | Cruise Gemileri | Deniz Ara\u00e7lar\u0131","description":"Holland America Line Filo Lokasyonu | Holland America Line Gemilerinin G\u00fcncel Konumlar\u0131, IMO numaralar\u0131, MMSI, Webcam | Canl\u0131 Filo Haritalar\u0131","robots":{"index":"index","follow":"follow","max-snippet":"max-snippet:-1","max-image-preview":"max-image-preview:large","max-video-preview":"max-video-preview:-1"},"canonical":"https:\/\/ship-tracker.org\/tr\/holland-america-line\/","og_locale":"tr_TR","og_type":"article","og_title":"Track Holland America Line Fleet | Cruise Ships | Marine Vessel","og_description":"Holland America Line Fleet Location | Current Positions of Holland America Line Ships, IMO numbers, MMSI, Webcam | Live Fleet Maps","og_url":"https:\/\/ship-tracker.org\/tr\/holland-america-line\/","og_site_name":"Ship-tracker.org","article_modified_time":"2022-11-01T12:13:23+00:00","og_image":[{"width":1200,"height":800,"url":"https:\/\/ship-tracker.org\/wp-content\/uploads\/2020\/04\/holland-america-case-study-1200x800-1.jpg","type":"image\/jpeg"}],"twitter_card":"summary_large_image","twitter_misc":{"Tahmini okuma s\u00fcresi":"2 dakika"},"schema":{"@context":"https:\/\/schema.org","@graph":[{"@type":"WebPage","@id":"https:\/\/ship-tracker.org\/holland-america-line\/","url":"https:\/\/ship-tracker.org\/holland-america-line\/","name":"Par\u00e7a Holland America Hatt\u0131 Filosu | Cruise Gemileri | Deniz Ara\u00e7lar\u0131","isPartOf":{"@id":"https:\/\/ship-tracker.org\/#website"},"primaryImageOfPage":{"@id":"https:\/\/ship-tracker.org\/holland-america-line\/#primaryimage"},"image":{"@id":"https:\/\/ship-tracker.org\/holland-america-line\/#primaryimage"},"thumbnailUrl":"https:\/\/ship-tracker.org\/wp-content\/uploads\/2020\/04\/holland-america-case-study-1200x800-1.jpg","datePublished":"2020-04-29T12:25:32+00:00","dateModified":"2022-11-01T12:13:23+00:00","description":"Holland America Line Filo Lokasyonu | Holland America Line Gemilerinin G\u00fcncel Konumlar\u0131, IMO numaralar\u0131, MMSI, Webcam | Canl\u0131 Filo Haritalar\u0131","breadcrumb":{"@id":"https:\/\/ship-tracker.org\/holland-america-line\/#breadcrumb"},"inLanguage":"tr","potentialAction":[{"@type":"ReadAction","target":["https:\/\/ship-tracker.org\/holland-america-line\/"]}]},{"@type":"ImageObject","inLanguage":"tr","@id":"https:\/\/ship-tracker.org\/holland-america-line\/#primaryimage","url":"https:\/\/ship-tracker.org\/wp-content\/uploads\/2020\/04\/holland-america-case-study-1200x800-1.jpg","contentUrl":"https:\/\/ship-tracker.org\/wp-content\/uploads\/2020\/04\/holland-america-case-study-1200x800-1.jpg","width":1200,"height":800,"caption":"Holland America Line"},{"@type":"BreadcrumbList","@id":"https:\/\/ship-tracker.org\/holland-america-line\/#breadcrumb","itemListElement":[{"@type":"ListItem","position":1,"name":"Startseite","item":"https:\/\/ship-tracker.org\/"},{"@type":"ListItem","position":2,"name":"Holland America Line"}]},{"@type":"WebSite","@id":"https:\/\/ship-tracker.org\/#website","url":"https:\/\/ship-tracker.org\/","name":"Ship-tracker.org","description":"","potentialAction":[{"@type":"SearchAction","target":{"@type":"EntryPoint","urlTemplate":"https:\/\/ship-tracker.org\/?s={search_term_string}"},"query-input":{"@type":"PropertyValueSpecification","valueRequired":true,"valueName":"search_term_string"}}],"inLanguage":"tr"}]}},"_links":{"self":[{"href":"https:\/\/ship-tracker.org\/tr\/wp-json\/wp\/v2\/pages\/2107","targetHints":{"allow":["GET"]}}],"collection":[{"href":"https:\/\/ship-tracker.org\/tr\/wp-json\/wp\/v2\/pages"}],"about":[{"href":"https:\/\/ship-tracker.org\/tr\/wp-json\/wp\/v2\/types\/page"}],"author":[{"embeddable":true,"href":"https:\/\/ship-tracker.org\/tr\/wp-json\/wp\/v2\/users\/1"}],"replies":[{"embeddable":true,"href":"https:\/\/ship-tracker.org\/tr\/wp-json\/wp\/v2\/comments?post=2107"}],"version-history":[{"count":7,"href":"https:\/\/ship-tracker.org\/tr\/wp-json\/wp\/v2\/pages\/2107\/revisions"}],"predecessor-version":[{"id":3525,"href":"https:\/\/ship-tracker.org\/tr\/wp-json\/wp\/v2\/pages\/2107\/revisions\/3525"}],"wp:featuredmedia":[{"embeddable":true,"href":"https:\/\/ship-tracker.org\/tr\/wp-json\/wp\/v2\/media\/2108"}],"wp:attachment":[{"href":"https:\/\/ship-tracker.org\/tr\/wp-json\/wp\/v2\/media?parent=2107"}],"curies":[{"name":"wp","href":"https:\/\/api.w.org\/{rel}","templated":true}]}}