{"id":2086,"date":"2020-04-29T14:39:32","date_gmt":"2020-04-29T12:39:32","guid":{"rendered":"https:\/\/ship-tracker.org\/?page_id=2086"},"modified":"2023-06-03T12:24:30","modified_gmt":"2023-06-03T10:24:30","slug":"msc-cruises","status":"publish","type":"page","link":"https:\/\/ship-tracker.org\/tr\/msc-cruises\/","title":{"rendered":"MSC Cruises"},"content":{"rendered":"<h2>MSC Cruises Fleet Location Gemiler, IMO numaralar\u0131, MMSI, Webcam<\/h2>\n<p>MSC Cruises Fleet&#039;in \u015fu anki konumu nerededir?<\/p>\n<table style=\"border-collapse: collapse; width: 100%; height: 504px;\">\n<tbody>\n<tr style=\"height: 24px;\">\n<td style=\"width: 33.3333%; height: 24px;\"><span style=\"color: #1f405b;\"><strong>Gemi<\/strong><\/span><\/td>\n<td style=\"width: 33.3333%; height: 24px;\"><span style=\"color: #1f405b;\"><strong>IMO<\/strong><\/span><\/td>\n<td style=\"width: 33.3333%; height: 24px;\"><span style=\"color: #1f405b;\"><strong>MMSI<\/strong><\/span><\/td>\n<\/tr>\n<tr style=\"height: 24px;\">\n<td style=\"width: 33.3333%; height: 24px;\"><a href=\"https:\/\/ship-tracker.org\/tr\/msc-preziosa\/\">MSC Preziosa<\/a><\/td>\n<td style=\"width: 33.3333%; height: 24px;\">9595321<\/td>\n<td style=\"width: 33.3333%; height: 24px;\">371861000<\/td>\n<\/tr>\n<tr style=\"height: 24px;\">\n<td style=\"width: 33.3333%; height: 24px;\"><a href=\"https:\/\/ship-tracker.org\/tr\/msc-sinfonia\/\">MSC Sinfonia<\/a><\/td>\n<td style=\"width: 33.3333%; height: 24px;\">9210153<\/td>\n<td style=\"width: 33.3333%; height: 24px;\">356716000<\/td>\n<\/tr>\n<tr style=\"height: 24px;\">\n<td style=\"width: 33.3333%; height: 24px;\"><a href=\"https:\/\/ship-tracker.org\/tr\/msc-poesia\/\">MSC Poesia<\/a><\/td>\n<td style=\"width: 33.3333%; height: 24px;\">9387073<\/td>\n<td style=\"width: 33.3333%; height: 24px;\">355931000<\/td>\n<\/tr>\n<tr style=\"height: 24px;\">\n<td style=\"width: 33.3333%; height: 24px;\"><a href=\"https:\/\/ship-tracker.org\/tr\/msc-orchestra\/\">MSC Orchestra<\/a><\/td>\n<td style=\"width: 33.3333%; height: 24px;\">9320099<\/td>\n<td style=\"width: 33.3333%; height: 24px;\">372497000<\/td>\n<\/tr>\n<tr style=\"height: 24px;\">\n<td style=\"width: 33.3333%; height: 24px;\"><a href=\"https:\/\/ship-tracker.org\/tr\/msc-opera\/\">MSC Opera<\/a><\/td>\n<td style=\"width: 33.3333%; height: 24px;\">9250464<\/td>\n<td style=\"width: 33.3333%; height: 24px;\">357627000<\/td>\n<\/tr>\n<tr style=\"height: 24px;\">\n<td style=\"width: 33.3333%; height: 24px;\"><a href=\"https:\/\/ship-tracker.org\/tr\/msc-musica\/\">MSC Musica<\/a><\/td>\n<td style=\"width: 33.3333%; height: 24px;\">9320087<\/td>\n<td style=\"width: 33.3333%; height: 24px;\">352003000<\/td>\n<\/tr>\n<tr style=\"height: 24px;\">\n<td style=\"width: 33.3333%; height: 24px;\"><a href=\"https:\/\/ship-tracker.org\/tr\/msc-magnifica\/\">MSC Magnifica<\/a><\/td>\n<td style=\"width: 33.3333%; height: 24px;\">9387085<\/td>\n<td style=\"width: 33.3333%; height: 24px;\">352594000<\/td>\n<\/tr>\n<tr style=\"height: 24px;\">\n<td style=\"width: 33.3333%; height: 24px;\"><a href=\"https:\/\/ship-tracker.org\/tr\/msc-lirica\/\">MSC Lirica<\/a><\/td>\n<td style=\"width: 33.3333%; height: 24px;\">9246102<\/td>\n<td style=\"width: 33.3333%; height: 24px;\">356042000<\/td>\n<\/tr>\n<tr class=\"alt\" style=\"height: 24px;\">\n<td style=\"width: 33.3333%; height: 24px;\"><a href=\"https:\/\/ship-tracker.org\/tr\/msc-fantasia\/\">MSC Fantasia<\/a><\/td>\n<td style=\"width: 33.3333%; height: 24px;\">9359791<\/td>\n<td style=\"width: 33.3333%; height: 24px;\">370648000<\/td>\n<\/tr>\n<tr style=\"height: 24px;\">\n<td style=\"width: 33.3333%; height: 24px;\"><a href=\"https:\/\/ship-tracker.org\/tr\/msc-divina\/\">MSC Divina<\/a><\/td>\n<td style=\"width: 33.3333%; height: 24px;\">9585285<\/td>\n<td style=\"width: 33.3333%; height: 24px;\">373178000<\/td>\n<\/tr>\n<tr style=\"height: 24px;\">\n<td style=\"width: 33.3333%; height: 24px;\"><a href=\"https:\/\/ship-tracker.org\/tr\/msc-armonia\/\">MSC Armonia<\/a><\/td>\n<td style=\"width: 33.3333%; height: 24px;\">9210141<\/td>\n<td style=\"width: 33.3333%; height: 24px;\">357281000<\/td>\n<\/tr>\n<tr style=\"height: 24px;\">\n<td style=\"width: 33.3333%; height: 24px;\"><a href=\"https:\/\/ship-tracker.org\/tr\/msc-splendida\/\">MSC Splendida<\/a><\/td>\n<td style=\"width: 33.3333%; height: 24px;\">9359806<\/td>\n<td style=\"width: 33.3333%; height: 24px;\">357698000<\/td>\n<\/tr>\n<tr class=\"alt\" style=\"height: 24px;\">\n<td style=\"width: 33.3333%; height: 24px;\"><a href=\"https:\/\/ship-tracker.org\/tr\/msc-meraviglia\/\">MSC Meraviglia<\/a><\/td>\n<td style=\"width: 33.3333%; height: 24px;\">9760512<\/td>\n<td style=\"width: 33.3333%; height: 24px;\">249973000<\/td>\n<\/tr>\n<tr style=\"height: 24px;\">\n<td style=\"width: 33.3333%; height: 24px;\"><a href=\"https:\/\/ship-tracker.org\/tr\/msc-seaview\/\">MSC Seaview<\/a><\/td>\n<td style=\"width: 33.3333%; height: 24px;\">9745378<\/td>\n<td style=\"width: 33.3333%; height: 24px;\">248717000<\/td>\n<\/tr>\n<tr style=\"height: 24px;\">\n<td style=\"width: 33.3333%; height: 24px;\"><a href=\"https:\/\/ship-tracker.org\/tr\/msc-seaside\/\">MSC Sahili<\/a><\/td>\n<td style=\"width: 33.3333%; height: 24px;\">9745366<\/td>\n<td style=\"width: 33.3333%; height: 24px;\">248392000<\/td>\n<\/tr>\n<tr style=\"height: 24px;\">\n<td style=\"width: 33.3333%; height: 24px;\"><a href=\"https:\/\/ship-tracker.org\/tr\/msc-bellissima\/\">MSC Bellissima<\/a><\/td>\n<td style=\"width: 33.3333%; height: 24px;\">9760524<\/td>\n<td style=\"width: 33.3333%; height: 24px;\">248992000<\/td>\n<\/tr>\n<tr style=\"height: 24px;\">\n<td style=\"width: 33.3333%; height: 24px;\"><a href=\"https:\/\/ship-tracker.org\/tr\/msc-grandiosa\/\">MSC Grandiosa<\/a><\/td>\n<td style=\"width: 33.3333%; height: 24px;\">9803613<\/td>\n<td style=\"width: 33.3333%; height: 24px;\">215325000<\/td>\n<\/tr>\n<tr style=\"height: 24px;\">\n<td style=\"width: 33.3333%; height: 24px;\"><a href=\"https:\/\/ship-tracker.org\/tr\/msc-virtuosa\/\">MSC Virtuosa<\/a><\/td>\n<td style=\"width: 33.3333%; height: 24px;\">9803625<\/td>\n<td style=\"width: 33.3333%; height: 24px;\">215610000<\/td>\n<\/tr>\n<tr style=\"height: 24px;\">\n<td style=\"width: 33.3333%; height: 24px;\"><a href=\"https:\/\/ship-tracker.org\/tr\/msc-seashore\/\">MSC Seashore<\/a><\/td>\n<td style=\"width: 33.3333%; height: 24px;\">9843792<\/td>\n<td style=\"width: 33.3333%; height: 24px;\">215920000<\/td>\n<\/tr>\n<tr>\n<td style=\"width: 33.3333%;\"><a href=\"https:\/\/ship-tracker.org\/tr\/msc-seascape\/\">MSC Deniz Manzaras\u0131<\/a><\/td>\n<td style=\"width: 33.3333%;\">9843807<\/td>\n<td style=\"width: 33.3333%;\">247474400<\/td>\n<\/tr>\n<tr style=\"height: 24px;\">\n<td style=\"width: 33.3333%; height: 24px;\"><a href=\"https:\/\/ship-tracker.org\/tr\/msc-europa\/\">MSC D\u00fcnya Avrupa<\/a><\/td>\n<td style=\"width: 33.3333%; height: 24px;\">9837420<\/td>\n<td style=\"width: 33.3333%; height: 24px;\">256070000<\/td>\n<\/tr>\n<tr>\n<td style=\"width: 33.3333%;\"><a href=\"https:\/\/ship-tracker.org\/tr\/msc-euribia\/\">MSC Euribia<\/a><\/td>\n<td style=\"width: 33.3333%;\">9901544<\/td>\n<td style=\"width: 33.3333%;\">256281000<\/td>\n<\/tr>\n<tr>\n<td style=\"width: 33.3333%;\">MSC D\u00fcnya Amerika<\/td>\n<td style=\"width: 33.3333%;\">2025<\/td>\n<td style=\"width: 33.3333%;\"><\/td>\n<\/tr>\n<\/tbody>\n<\/table>\n<h2>MSC Cruises Hakk\u0131nda<\/h2>\n<p>MSC Cruises e\u011flence ve keyif anlam\u0131na gelir. L\u00fcks yolculuklar\u0131m\u0131z, su \u00fczerinde 5 y\u0131ld\u0131zl\u0131 otellerdir ve istenen \u00e7e\u015fitli yerleri ziyaret etmenin ve oraya konfor ve tarzda ula\u015fman\u0131n en iyi yoludur. MSC Cruises, Akdeniz kruvaziyer pazar\u0131nda lider olmu\u015ftur. E\u015fsiz filo yap\u0131m\u0131z sayesinde, art\u0131k d\u00fcnyan\u0131n en modern filolar\u0131ndan birine sahibiz. Son y\u0131llardaki \u00f6nemli b\u00fcy\u00fcmeye paralel olarak, MSC Cruises, Akdeniz, G\u00fcney Afrika ve Brezilya&#039;da lider konumdad\u0131r. Firmam\u0131z tamamen Avrupa aittir. D\u00fcnya \u00e7ap\u0131nda 12.000 ki\u015fiyi istihdam ediyoruz ve \u015firket 45 \u00fclkede temsil ediliyor.<\/p>\n<p>Modern bir on bir gemi filosu 1.2 milyon yolcu ta\u015f\u0131maktad\u0131r. MSC Cruises t\u00fcm y\u0131l boyunca Akdeniz&#039;de bulunmaktad\u0131r ve Kuzey Avrupa, Atlantik, Karayipler ve Antiller, G\u00fcney Amerika, Hint Okyanusu, G\u00fcney ve Bat\u0131 Afrika ve Birle\u015fik Arap Emirlikleri&#039;ne \u00e7ok \u00e7e\u015fitli mevsimsel rotalar sunmaktad\u0131r.<\/p>\n<p>Her seyir, se\u00e7ilen hedefi tam olarak deneyimlemenize izin vermek i\u00e7in tasarlanm\u0131\u015ft\u0131r. Klasik Akdeniz&#039;in tarihi an\u0131tlar\u0131ndan Balt\u0131k Devletleri&#039;ne, Afrika&#039;n\u0131n \u00e7e\u015fitlili\u011finden kurtar\u0131lm\u0131\u015f Karayip ritimlerine ve G\u00fcney Amerika&#039;n\u0131n karnavallar\u0131n\u0131n egzotik atmosferine kadar, her yolculuk unutulmaz bir macerad\u0131r. Hayalinizdeki tatilin uygun fiyatlarla tad\u0131n\u0131 \u00e7\u0131karabilir ve g\u00fcne\u015fli Yunan adalar\u0131, g\u00fczel Norve\u00e7 fiyortlar\u0131, turkuaz Karayip Denizi ve \u00e7ok daha fazlas\u0131 gibi \u00e7ok \u00e7e\u015fitli destinasyonlardan birini se\u00e7ebilirsiniz. MSC Cruises, tek bir yolculukla birden fazla var\u0131\u015f noktas\u0131n\u0131 ziyaret etmenizi sa\u011flar!<\/p>\n<p>Hizmet ve konfor a\u00e7\u0131s\u0131ndan MSC Cruises, l\u00fcks yolculuklar i\u00e7in standartlar koymaya devam ediyor. Bu MSC Aurea Spa, l\u00fcks sa\u011fl\u0131kl\u0131 ya\u015fam merkezi ve MSC Yat Kul\u00fcb\u00fc taraf\u0131ndan onaylanm\u0131\u015ft\u0131r. Skydome s\u00fcrg\u00fcl\u00fc \u00e7at\u0131yla donat\u0131lm\u0131\u015f Top Sail Lounge Bar&#039;da y\u0131ld\u0131zlar\u0131n alt\u0131nda gastronomik spesiyalitelerin tad\u0131n\u0131 \u00e7\u0131karabilirsiniz. MSC Aurea Spa&#039;dan da yararlanabilirsiniz.<\/p>","protected":false},"excerpt":{"rendered":"<p>MSC Cruises Filo Lokasyonu Gemiler, IMO numaralar\u0131, MMSI, Web kameralar\u0131 MSC Cruises Filosunun \u015fu anki konumu nerede? Gemi IMO MMSI MSC Preziosa 9595321 371861000 MSC Sinfonia 9210153 356716000 MSC Poesia 9387073 355931000 MSC Orkestras\u0131 9320099 372497000 MSC Opera 9250464 357627000 MSC Musica 9320087 352003000 MSC Magnifica 9387085 352594000 MSC Lirica 9246102 356042000 MSC\u2026&nbsp;<a href=\"https:\/\/ship-tracker.org\/tr\/msc-cruises\/\" rel=\"bookmark\">Devam\u0131n\u0131 oku &quot;<span class=\"screen-reader-text\">MSC Cruises<\/span><\/a><\/p>","protected":false},"author":1,"featured_media":2087,"parent":0,"menu_order":0,"comment_status":"closed","ping_status":"closed","template":"","meta":{"neve_meta_sidebar":"","neve_meta_container":"","neve_meta_enable_content_width":"","neve_meta_content_width":0,"neve_meta_title_alignment":"","neve_meta_author_avatar":"","neve_post_elements_order":"","neve_meta_disable_header":"","neve_meta_disable_footer":"","neve_meta_disable_title":"","neve_meta_reading_time":"","footnotes":""},"class_list":["post-2086","page","type-page","status-publish","has-post-thumbnail","hentry"],"yoast_head":"<!-- This site is optimized with the Yoast SEO plugin v26.9 - https:\/\/yoast.com\/product\/yoast-seo-wordpress\/ -->\n<title>Track MSC Cruises Fleet | Cruise Ships | Marine Vessel | Live Map<\/title>\n<meta name=\"description\" content=\"MSC Cruises Fleet Location | Current Positions of MSC Cruises Ships, IMO numbers, MMSI, Webcam | Live Fleet Maps | Live Ship Tracker\" \/>\n<meta name=\"robots\" content=\"index, follow, max-snippet:-1, max-image-preview:large, max-video-preview:-1\" \/>\n<link rel=\"canonical\" href=\"https:\/\/ship-tracker.org\/tr\/msc-cruises\/\" \/>\n<meta property=\"og:locale\" content=\"tr_TR\" \/>\n<meta property=\"og:type\" content=\"article\" \/>\n<meta property=\"og:title\" content=\"Track MSC Cruises Fleet | Cruise Ships | Marine Vessel | Live Map\" \/>\n<meta property=\"og:description\" content=\"MSC Cruises Fleet Location | Current Positions of MSC Cruises Ships, IMO numbers, MMSI, Webcam | Live Fleet Maps | Live Ship Tracker\" \/>\n<meta property=\"og:url\" content=\"https:\/\/ship-tracker.org\/tr\/msc-cruises\/\" \/>\n<meta property=\"og:site_name\" content=\"Ship-tracker.org\" \/>\n<meta property=\"article:modified_time\" content=\"2023-06-03T10:24:30+00:00\" \/>\n<meta property=\"og:image\" content=\"https:\/\/ship-tracker.org\/wp-content\/uploads\/2020\/04\/reederei-msc.jpg\" \/>\n\t<meta property=\"og:image:width\" content=\"325\" \/>\n\t<meta property=\"og:image:height\" content=\"245\" \/>\n\t<meta property=\"og:image:type\" content=\"image\/jpeg\" \/>\n<meta name=\"twitter:card\" content=\"summary_large_image\" \/>\n<meta name=\"twitter:label1\" content=\"Tahmini okuma s\u00fcresi\" \/>\n\t<meta name=\"twitter:data1\" content=\"2 dakika\" \/>\n<script type=\"application\/ld+json\" class=\"yoast-schema-graph\">{\"@context\":\"https:\/\/schema.org\",\"@graph\":[{\"@type\":\"WebPage\",\"@id\":\"https:\/\/ship-tracker.org\/msc-cruises\/\",\"url\":\"https:\/\/ship-tracker.org\/msc-cruises\/\",\"name\":\"Track MSC Cruises Fleet | Cruise Ships | Marine Vessel | Live Map\",\"isPartOf\":{\"@id\":\"https:\/\/ship-tracker.org\/#website\"},\"primaryImageOfPage\":{\"@id\":\"https:\/\/ship-tracker.org\/msc-cruises\/#primaryimage\"},\"image\":{\"@id\":\"https:\/\/ship-tracker.org\/msc-cruises\/#primaryimage\"},\"thumbnailUrl\":\"https:\/\/ship-tracker.org\/wp-content\/uploads\/2020\/04\/reederei-msc.jpg\",\"datePublished\":\"2020-04-29T12:39:32+00:00\",\"dateModified\":\"2023-06-03T10:24:30+00:00\",\"description\":\"MSC Cruises Fleet Location | Current Positions of MSC Cruises Ships, IMO numbers, MMSI, Webcam | Live Fleet Maps | Live Ship Tracker\",\"breadcrumb\":{\"@id\":\"https:\/\/ship-tracker.org\/msc-cruises\/#breadcrumb\"},\"inLanguage\":\"tr\",\"potentialAction\":[{\"@type\":\"ReadAction\",\"target\":[\"https:\/\/ship-tracker.org\/msc-cruises\/\"]}]},{\"@type\":\"ImageObject\",\"inLanguage\":\"tr\",\"@id\":\"https:\/\/ship-tracker.org\/msc-cruises\/#primaryimage\",\"url\":\"https:\/\/ship-tracker.org\/wp-content\/uploads\/2020\/04\/reederei-msc.jpg\",\"contentUrl\":\"https:\/\/ship-tracker.org\/wp-content\/uploads\/2020\/04\/reederei-msc.jpg\",\"width\":325,\"height\":245,\"caption\":\"MSC Cruises\"},{\"@type\":\"BreadcrumbList\",\"@id\":\"https:\/\/ship-tracker.org\/msc-cruises\/#breadcrumb\",\"itemListElement\":[{\"@type\":\"ListItem\",\"position\":1,\"name\":\"Startseite\",\"item\":\"https:\/\/ship-tracker.org\/\"},{\"@type\":\"ListItem\",\"position\":2,\"name\":\"MSC Cruises\"}]},{\"@type\":\"WebSite\",\"@id\":\"https:\/\/ship-tracker.org\/#website\",\"url\":\"https:\/\/ship-tracker.org\/\",\"name\":\"Ship-tracker.org\",\"description\":\"\",\"potentialAction\":[{\"@type\":\"SearchAction\",\"target\":{\"@type\":\"EntryPoint\",\"urlTemplate\":\"https:\/\/ship-tracker.org\/?s={search_term_string}\"},\"query-input\":{\"@type\":\"PropertyValueSpecification\",\"valueRequired\":true,\"valueName\":\"search_term_string\"}}],\"inLanguage\":\"tr\"}]}<\/script>\n<!-- \/ Yoast SEO plugin. -->","yoast_head_json":{"title":"MSC Cruises Filosunu Takip Edin | Yolcu Gemileri | Deniz Gemisi | Canl\u0131 Harita","description":"MSC Cruises Filo Konumu | MSC Cruises Gemilerinin Mevcut Konumlar\u0131, IMO numaralar\u0131, MMSI, Web Kameras\u0131 | Canl\u0131 Filo Haritalar\u0131 | Canl\u0131 Gemi Takibi","robots":{"index":"index","follow":"follow","max-snippet":"max-snippet:-1","max-image-preview":"max-image-preview:large","max-video-preview":"max-video-preview:-1"},"canonical":"https:\/\/ship-tracker.org\/tr\/msc-cruises\/","og_locale":"tr_TR","og_type":"article","og_title":"Track MSC Cruises Fleet | Cruise Ships | Marine Vessel | Live Map","og_description":"MSC Cruises Fleet Location | Current Positions of MSC Cruises Ships, IMO numbers, MMSI, Webcam | Live Fleet Maps | Live Ship Tracker","og_url":"https:\/\/ship-tracker.org\/tr\/msc-cruises\/","og_site_name":"Ship-tracker.org","article_modified_time":"2023-06-03T10:24:30+00:00","og_image":[{"width":325,"height":245,"url":"https:\/\/ship-tracker.org\/wp-content\/uploads\/2020\/04\/reederei-msc.jpg","type":"image\/jpeg"}],"twitter_card":"summary_large_image","twitter_misc":{"Tahmini okuma s\u00fcresi":"2 dakika"},"schema":{"@context":"https:\/\/schema.org","@graph":[{"@type":"WebPage","@id":"https:\/\/ship-tracker.org\/msc-cruises\/","url":"https:\/\/ship-tracker.org\/msc-cruises\/","name":"MSC Cruises Filosunu Takip Edin | Yolcu Gemileri | Deniz Gemisi | Canl\u0131 Harita","isPartOf":{"@id":"https:\/\/ship-tracker.org\/#website"},"primaryImageOfPage":{"@id":"https:\/\/ship-tracker.org\/msc-cruises\/#primaryimage"},"image":{"@id":"https:\/\/ship-tracker.org\/msc-cruises\/#primaryimage"},"thumbnailUrl":"https:\/\/ship-tracker.org\/wp-content\/uploads\/2020\/04\/reederei-msc.jpg","datePublished":"2020-04-29T12:39:32+00:00","dateModified":"2023-06-03T10:24:30+00:00","description":"MSC Cruises Filo Konumu | MSC Cruises Gemilerinin Mevcut Konumlar\u0131, IMO numaralar\u0131, MMSI, Web Kameras\u0131 | Canl\u0131 Filo Haritalar\u0131 | Canl\u0131 Gemi Takibi","breadcrumb":{"@id":"https:\/\/ship-tracker.org\/msc-cruises\/#breadcrumb"},"inLanguage":"tr","potentialAction":[{"@type":"ReadAction","target":["https:\/\/ship-tracker.org\/msc-cruises\/"]}]},{"@type":"ImageObject","inLanguage":"tr","@id":"https:\/\/ship-tracker.org\/msc-cruises\/#primaryimage","url":"https:\/\/ship-tracker.org\/wp-content\/uploads\/2020\/04\/reederei-msc.jpg","contentUrl":"https:\/\/ship-tracker.org\/wp-content\/uploads\/2020\/04\/reederei-msc.jpg","width":325,"height":245,"caption":"MSC Cruises"},{"@type":"BreadcrumbList","@id":"https:\/\/ship-tracker.org\/msc-cruises\/#breadcrumb","itemListElement":[{"@type":"ListItem","position":1,"name":"Startseite","item":"https:\/\/ship-tracker.org\/"},{"@type":"ListItem","position":2,"name":"MSC Cruises"}]},{"@type":"WebSite","@id":"https:\/\/ship-tracker.org\/#website","url":"https:\/\/ship-tracker.org\/","name":"Ship-tracker.org","description":"","potentialAction":[{"@type":"SearchAction","target":{"@type":"EntryPoint","urlTemplate":"https:\/\/ship-tracker.org\/?s={search_term_string}"},"query-input":{"@type":"PropertyValueSpecification","valueRequired":true,"valueName":"search_term_string"}}],"inLanguage":"tr"}]}},"_links":{"self":[{"href":"https:\/\/ship-tracker.org\/tr\/wp-json\/wp\/v2\/pages\/2086","targetHints":{"allow":["GET"]}}],"collection":[{"href":"https:\/\/ship-tracker.org\/tr\/wp-json\/wp\/v2\/pages"}],"about":[{"href":"https:\/\/ship-tracker.org\/tr\/wp-json\/wp\/v2\/types\/page"}],"author":[{"embeddable":true,"href":"https:\/\/ship-tracker.org\/tr\/wp-json\/wp\/v2\/users\/1"}],"replies":[{"embeddable":true,"href":"https:\/\/ship-tracker.org\/tr\/wp-json\/wp\/v2\/comments?post=2086"}],"version-history":[{"count":9,"href":"https:\/\/ship-tracker.org\/tr\/wp-json\/wp\/v2\/pages\/2086\/revisions"}],"predecessor-version":[{"id":3572,"href":"https:\/\/ship-tracker.org\/tr\/wp-json\/wp\/v2\/pages\/2086\/revisions\/3572"}],"wp:featuredmedia":[{"embeddable":true,"href":"https:\/\/ship-tracker.org\/tr\/wp-json\/wp\/v2\/media\/2087"}],"wp:attachment":[{"href":"https:\/\/ship-tracker.org\/tr\/wp-json\/wp\/v2\/media?parent=2086"}],"curies":[{"name":"wp","href":"https:\/\/api.w.org\/{rel}","templated":true}]}}