{"id":2075,"date":"2020-04-29T14:36:23","date_gmt":"2020-04-29T12:36:23","guid":{"rendered":"https:\/\/ship-tracker.org\/?page_id=2075"},"modified":"2021-11-08T21:44:48","modified_gmt":"2021-11-08T20:44:48","slug":"princes-cruises","status":"publish","type":"page","link":"https:\/\/ship-tracker.org\/tr\/princes-cruises\/","title":{"rendered":"Princes Cruises"},"content":{"rendered":"<h2>Princes Cruises Fleet Location Gemiler, IMO numaralar\u0131, MMSI, Webcam<\/h2>\n<p>Princes Cruises Fleet&#039;in \u015fu anki konumu nerededir?<\/p>\n<table style=\"border-collapse: collapse; width: 100%; height: 480px;\">\n<tbody>\n<tr style=\"height: 24px;\">\n<td style=\"width: 33.3333%; height: 24px;\"><span style=\"color: #1f405b;\"><strong>Gemi<\/strong><\/span><\/td>\n<td style=\"width: 33.3333%; height: 24px;\"><span style=\"color: #1f405b;\"><strong>IMO<\/strong><\/span><\/td>\n<td style=\"width: 33.3333%; height: 24px;\"><span style=\"color: #1f405b;\"><strong>MMSI<\/strong><\/span><\/td>\n<\/tr>\n<tr style=\"height: 24px;\">\n<td style=\"width: 33.3333%; height: 24px;\"><a href=\"https:\/\/ship-tracker.org\/tr\/majestic-princess\/\">Majestic Princess<\/a><\/td>\n<td style=\"width: 33.3333%; height: 24px;\">9614141<\/td>\n<td style=\"width: 33.3333%; height: 24px;\">232002990<\/td>\n<\/tr>\n<tr style=\"height: 24px;\">\n<td style=\"width: 33.3333%; height: 24px;\"><a href=\"https:\/\/ship-tracker.org\/tr\/regal-princess\/\">Regal Princess<\/a><\/td>\n<td style=\"width: 33.3333%; height: 24px;\">9584724<\/td>\n<td style=\"width: 33.3333%; height: 24px;\">310674000<\/td>\n<\/tr>\n<tr style=\"height: 24px;\">\n<td style=\"width: 33.3333%; height: 24px;\"><a href=\"https:\/\/ship-tracker.org\/tr\/royal-princess\/\">Royal Princess<\/a><\/td>\n<td style=\"width: 33.3333%; height: 24px;\">9584712<\/td>\n<td style=\"width: 33.3333%; height: 24px;\">310661000<\/td>\n<\/tr>\n<tr style=\"height: 24px;\">\n<td style=\"width: 33.3333%; height: 24px;\"><a href=\"https:\/\/ship-tracker.org\/tr\/ruby-princess\/\">Ruby Princess<\/a><\/td>\n<td style=\"width: 33.3333%; height: 24px;\">9378462<\/td>\n<td style=\"width: 33.3333%; height: 24px;\">310567000<\/td>\n<\/tr>\n<tr style=\"height: 24px;\">\n<td style=\"width: 33.3333%; height: 24px;\"><a href=\"https:\/\/ship-tracker.org\/tr\/emerald-princess\/\">Emerald Princess<\/a><\/td>\n<td style=\"width: 33.3333%; height: 24px;\">9333151<\/td>\n<td style=\"width: 33.3333%; height: 24px;\">310531000<\/td>\n<\/tr>\n<tr style=\"height: 24px;\">\n<td style=\"width: 33.3333%; height: 24px;\"><a href=\"https:\/\/ship-tracker.org\/tr\/crown-princess\/\">Crown Princess<\/a><\/td>\n<td style=\"width: 33.3333%; height: 24px;\">9293399<\/td>\n<td style=\"width: 33.3333%; height: 24px;\">310500000<\/td>\n<\/tr>\n<tr style=\"height: 24px;\">\n<td style=\"width: 33.3333%; height: 24px;\"><a href=\"https:\/\/ship-tracker.org\/tr\/island-princess\/\">Island Princess<\/a><\/td>\n<td style=\"width: 33.3333%; height: 24px;\">9230402<\/td>\n<td style=\"width: 33.3333%; height: 24px;\">310384000<\/td>\n<\/tr>\n<tr style=\"height: 24px;\">\n<td style=\"width: 33.3333%; height: 24px;\"><a href=\"https:\/\/ship-tracker.org\/tr\/coral-princess\/\">Coral Princess<\/a><\/td>\n<td style=\"width: 33.3333%; height: 24px;\">9229659<\/td>\n<td style=\"width: 33.3333%; height: 24px;\">310376000<\/td>\n<\/tr>\n<tr class=\"alt\" style=\"height: 24px;\">\n<td style=\"width: 33.3333%; height: 24px;\"><a href=\"https:\/\/ship-tracker.org\/tr\/diamond-princess\/\">Diamond Princess<\/a><\/td>\n<td style=\"width: 33.3333%; height: 24px;\">9228198<\/td>\n<td style=\"width: 33.3333%; height: 24px;\">235103359<\/td>\n<\/tr>\n<tr style=\"height: 24px;\">\n<td style=\"width: 33.3333%; height: 24px;\"><a href=\"https:\/\/ship-tracker.org\/tr\/sapphire-princess\/\">Sapphire Princess<\/a><\/td>\n<td style=\"width: 33.3333%; height: 24px;\">9228186<\/td>\n<td style=\"width: 33.3333%; height: 24px;\">235103357<\/td>\n<\/tr>\n<tr style=\"height: 24px;\">\n<td style=\"width: 33.3333%; height: 24px;\"><a href=\"https:\/\/ship-tracker.org\/tr\/caribbean-princess\/\">Caribbean Princess<\/a><\/td>\n<td style=\"width: 33.3333%; height: 24px;\">9215490<\/td>\n<td style=\"width: 33.3333%; height: 24px;\">310423000<\/td>\n<\/tr>\n<tr style=\"height: 24px;\">\n<td style=\"width: 33.3333%; height: 24px;\"><a href=\"https:\/\/ship-tracker.org\/tr\/star-princess\/\">Star Princess<\/a><\/td>\n<td style=\"width: 33.3333%; height: 24px;\">9192363<\/td>\n<td style=\"width: 33.3333%; height: 24px;\">310361000<\/td>\n<\/tr>\n<tr style=\"height: 24px;\">\n<td style=\"width: 33.3333%; height: 24px;\"><a href=\"https:\/\/ship-tracker.org\/tr\/golden-princess\/\">Golden Princess<\/a><\/td>\n<td style=\"width: 33.3333%; height: 24px;\">9192351<\/td>\n<td style=\"width: 33.3333%; height: 24px;\">235113472<\/td>\n<\/tr>\n<tr style=\"height: 24px;\">\n<td style=\"width: 33.3333%; height: 24px;\"><a href=\"https:\/\/ship-tracker.org\/tr\/pacific-princess\/\">Pacific Princess<\/a><\/td>\n<td style=\"width: 33.3333%; height: 24px;\">9187887<\/td>\n<td style=\"width: 33.3333%; height: 24px;\">310504000<\/td>\n<\/tr>\n<tr style=\"height: 24px;\">\n<td style=\"width: 33.3333%; height: 24px;\"><a href=\"https:\/\/ship-tracker.org\/tr\/sea-princess\/\">Sea Princess<\/a><\/td>\n<td style=\"width: 33.3333%; height: 24px;\">9150913<\/td>\n<td style=\"width: 33.3333%; height: 24px;\">310465000<\/td>\n<\/tr>\n<tr style=\"height: 24px;\">\n<td style=\"width: 33.3333%; height: 24px;\"><a href=\"https:\/\/ship-tracker.org\/tr\/grand-princess\/\">Grand Princess<\/a><\/td>\n<td style=\"width: 33.3333%; height: 24px;\">9104005<\/td>\n<td style=\"width: 33.3333%; height: 24px;\">310327000<\/td>\n<\/tr>\n<tr style=\"height: 24px;\">\n<td style=\"width: 33.3333%; height: 24px;\"><a href=\"https:\/\/ship-tracker.org\/tr\/sun-princess\/\">Sun Princess<\/a><\/td>\n<td style=\"width: 33.3333%; height: 24px;\">9000259<\/td>\n<td style=\"width: 33.3333%; height: 24px;\">310438000<\/td>\n<\/tr>\n<tr style=\"height: 24px;\">\n<td style=\"width: 33.3333%; height: 24px;\"><a href=\"https:\/\/ship-tracker.org\/tr\/sky-princess\/\">Sky Princess<\/a><\/td>\n<td style=\"width: 33.3333%; height: 24px;\">9802396<\/td>\n<td style=\"width: 33.3333%; height: 24px;\">310780000<\/td>\n<\/tr>\n<tr style=\"height: 24px;\">\n<td style=\"width: 33.3333%; height: 24px;\"><a href=\"https:\/\/ship-tracker.org\/tr\/enchanted-princess\/\">Enchanted Princess<\/a><\/td>\n<td style=\"width: 33.3333%; height: 24px;\">9807126<\/td>\n<td style=\"width: 33.3333%; height: 24px;\">247431900<\/td>\n<\/tr>\n<\/tbody>\n<\/table>\n<h2>Princes Cruises Hakk\u0131nda<\/h2>\n<p>Princess Cruises, 18 birinci s\u0131n\u0131f gemi (yeni Sky Princess dahil) ile d\u00fcnyan\u0131n t\u00fcm okyanuslar\u0131nda yolculuklar sunuyor. Son 2 milyon yolcu, gemideki en b\u00fcy\u00fck konforun ve ola\u011fan\u00fcst\u00fc atmosferin tad\u0131n\u0131 \u00e7\u0131kar\u0131yor. Prenses filosu 680 ve 3.660 misafir kapasiteli modern gemilerden olu\u015fuyor ve yedi k\u0131tada 170 farkl\u0131 rotada 380 limana \u00e7a\u011fr\u0131 yap\u0131yor.<\/p>\n<p>Sky Princess&#039;in ilk seferinin Ekim 2019&#039;da yap\u0131lmas\u0131 planlan\u0131yor. Yeni Sky Suites, denizdeki en b\u00fcy\u00fck balkonlar\u0131 sunuyor. Haziran 2020 ve 2022&#039;de Kraliyet S\u0131n\u0131f\u0131n\u0131n son iki binas\u0131 B\u00fcy\u00fcl\u00fc Prenses ve hen\u00fcz isimsiz bir gemi ile devam edecek.<\/p>\n<p>Buna ek olarak, yakla\u015f\u0131k 4.300 yolcu i\u00e7in alan sunan ve s\u0131v\u0131la\u015ft\u0131r\u0131lm\u0131\u015f do\u011fal gaz (LNG) motorlar\u0131yla donat\u0131lm\u0131\u015f yeni bir platforma dayanan iki \u00fcnite i\u00e7in s\u00f6zle\u015fmeler var. S\u0131ras\u0131yla 2023 ve 2025 y\u0131llar\u0131nda hizmete girmeleri planlan\u0131yor. Princess Cruises, filosuna sadece alt\u0131 y\u0131l i\u00e7inde be\u015f yeni gemi ekliyor.<\/p>","protected":false},"excerpt":{"rendered":"<p>Princes Cruises Filo Konumu Gemiler, IMO numaralar\u0131, MMSI, Web kameralar\u0131 Princes Cruises Filosunun \u015fu anki konumu nerede? Gemi IMO MMSI Majestic Princess 9614141 232002990 Regal Princess 9584724 310674000 Royal Princess 9584712 310661000 Ruby Princess 9378462 310567000 Emerald Princess 9333151 310531000 Veliaht Prenses 9293399 310500000 Ada Prensesi 9230402 310384000 Mercan Prensesi 9229659 310376000 Elmas\u2026&nbsp;<a href=\"https:\/\/ship-tracker.org\/tr\/princes-cruises\/\" rel=\"bookmark\">Devam\u0131n\u0131 oku &quot;<span class=\"screen-reader-text\">Princes Cruises<\/span><\/a><\/p>","protected":false},"author":1,"featured_media":2076,"parent":0,"menu_order":0,"comment_status":"closed","ping_status":"closed","template":"","meta":{"neve_meta_sidebar":"","neve_meta_container":"","neve_meta_enable_content_width":"","neve_meta_content_width":0,"neve_meta_title_alignment":"","neve_meta_author_avatar":"","neve_post_elements_order":"","neve_meta_disable_header":"","neve_meta_disable_footer":"","neve_meta_disable_title":"","neve_meta_reading_time":"","footnotes":""},"class_list":["post-2075","page","type-page","status-publish","has-post-thumbnail","hentry"],"yoast_head":"<!-- This site is optimized with the Yoast SEO plugin v26.9 - https:\/\/yoast.com\/product\/yoast-seo-wordpress\/ -->\n<title>Track Princes Cruises Fleet | Cruise Ships | Marine Vessel<\/title>\n<meta name=\"description\" content=\"Princes Cruises Fleet Location | Current Positions of Princes Cruises Ships, IMO numbers, MMSI, Webcam | Live Fleet Maps | Live Ship Tracker\" \/>\n<meta name=\"robots\" content=\"index, follow, max-snippet:-1, max-image-preview:large, max-video-preview:-1\" \/>\n<link rel=\"canonical\" href=\"https:\/\/ship-tracker.org\/tr\/princes-cruises\/\" \/>\n<meta property=\"og:locale\" content=\"tr_TR\" \/>\n<meta property=\"og:type\" content=\"article\" \/>\n<meta property=\"og:title\" content=\"Track Princes Cruises Fleet | Cruise Ships | Marine Vessel\" \/>\n<meta property=\"og:description\" content=\"Princes Cruises Fleet Location | Current Positions of Princes Cruises Ships, IMO numbers, MMSI, Webcam | Live Fleet Maps | Live Ship Tracker\" \/>\n<meta property=\"og:url\" content=\"https:\/\/ship-tracker.org\/tr\/princes-cruises\/\" \/>\n<meta property=\"og:site_name\" content=\"Ship-tracker.org\" \/>\n<meta property=\"article:modified_time\" content=\"2021-11-08T20:44:48+00:00\" \/>\n<meta property=\"og:image\" content=\"https:\/\/ship-tracker.org\/wp-content\/uploads\/2020\/04\/cache_35623044.jpg\" \/>\n\t<meta property=\"og:image:width\" content=\"345\" \/>\n\t<meta property=\"og:image:height\" content=\"258\" \/>\n\t<meta property=\"og:image:type\" content=\"image\/jpeg\" \/>\n<meta name=\"twitter:card\" content=\"summary_large_image\" \/>\n<meta name=\"twitter:label1\" content=\"Tahmini okuma s\u00fcresi\" \/>\n\t<meta name=\"twitter:data1\" content=\"1 dakika\" \/>\n<script type=\"application\/ld+json\" class=\"yoast-schema-graph\">{\"@context\":\"https:\/\/schema.org\",\"@graph\":[{\"@type\":\"WebPage\",\"@id\":\"https:\/\/ship-tracker.org\/pt\/princes-cruises\/\",\"url\":\"https:\/\/ship-tracker.org\/pt\/princes-cruises\/\",\"name\":\"Track Princes Cruises Fleet | Cruise Ships | Marine Vessel\",\"isPartOf\":{\"@id\":\"https:\/\/ship-tracker.org\/#website\"},\"primaryImageOfPage\":{\"@id\":\"https:\/\/ship-tracker.org\/pt\/princes-cruises\/#primaryimage\"},\"image\":{\"@id\":\"https:\/\/ship-tracker.org\/pt\/princes-cruises\/#primaryimage\"},\"thumbnailUrl\":\"https:\/\/ship-tracker.org\/wp-content\/uploads\/2020\/04\/cache_35623044.jpg\",\"datePublished\":\"2020-04-29T12:36:23+00:00\",\"dateModified\":\"2021-11-08T20:44:48+00:00\",\"description\":\"Princes Cruises Fleet Location | Current Positions of Princes Cruises Ships, IMO numbers, MMSI, Webcam | Live Fleet Maps | Live Ship Tracker\",\"breadcrumb\":{\"@id\":\"https:\/\/ship-tracker.org\/pt\/princes-cruises\/#breadcrumb\"},\"inLanguage\":\"tr\",\"potentialAction\":[{\"@type\":\"ReadAction\",\"target\":[\"https:\/\/ship-tracker.org\/pt\/princes-cruises\/\"]}]},{\"@type\":\"ImageObject\",\"inLanguage\":\"tr\",\"@id\":\"https:\/\/ship-tracker.org\/pt\/princes-cruises\/#primaryimage\",\"url\":\"https:\/\/ship-tracker.org\/wp-content\/uploads\/2020\/04\/cache_35623044.jpg\",\"contentUrl\":\"https:\/\/ship-tracker.org\/wp-content\/uploads\/2020\/04\/cache_35623044.jpg\",\"width\":345,\"height\":258,\"caption\":\"Princes Cruises\"},{\"@type\":\"BreadcrumbList\",\"@id\":\"https:\/\/ship-tracker.org\/pt\/princes-cruises\/#breadcrumb\",\"itemListElement\":[{\"@type\":\"ListItem\",\"position\":1,\"name\":\"Startseite\",\"item\":\"https:\/\/ship-tracker.org\/\"},{\"@type\":\"ListItem\",\"position\":2,\"name\":\"Princes Cruises\"}]},{\"@type\":\"WebSite\",\"@id\":\"https:\/\/ship-tracker.org\/#website\",\"url\":\"https:\/\/ship-tracker.org\/\",\"name\":\"Ship-tracker.org\",\"description\":\"\",\"potentialAction\":[{\"@type\":\"SearchAction\",\"target\":{\"@type\":\"EntryPoint\",\"urlTemplate\":\"https:\/\/ship-tracker.org\/?s={search_term_string}\"},\"query-input\":{\"@type\":\"PropertyValueSpecification\",\"valueRequired\":true,\"valueName\":\"search_term_string\"}}],\"inLanguage\":\"tr\"}]}<\/script>\n<!-- \/ Yoast SEO plugin. -->","yoast_head_json":{"title":"Par\u00e7a Princes Cruises Filosu | Cruise Gemileri | Deniz Ara\u00e7lar\u0131","description":"Princes Cruises Filo Konumu | Princes Cruises Gemilerinin G\u00fcncel Konumlar\u0131, IMO numaralar\u0131, MMSI, Webcam | Canl\u0131 Filo Haritalar\u0131 | Canl\u0131 Gemi Takibi","robots":{"index":"index","follow":"follow","max-snippet":"max-snippet:-1","max-image-preview":"max-image-preview:large","max-video-preview":"max-video-preview:-1"},"canonical":"https:\/\/ship-tracker.org\/tr\/princes-cruises\/","og_locale":"tr_TR","og_type":"article","og_title":"Track Princes Cruises Fleet | Cruise Ships | Marine Vessel","og_description":"Princes Cruises Fleet Location | Current Positions of Princes Cruises Ships, IMO numbers, MMSI, Webcam | Live Fleet Maps | Live Ship Tracker","og_url":"https:\/\/ship-tracker.org\/tr\/princes-cruises\/","og_site_name":"Ship-tracker.org","article_modified_time":"2021-11-08T20:44:48+00:00","og_image":[{"width":345,"height":258,"url":"https:\/\/ship-tracker.org\/wp-content\/uploads\/2020\/04\/cache_35623044.jpg","type":"image\/jpeg"}],"twitter_card":"summary_large_image","twitter_misc":{"Tahmini okuma s\u00fcresi":"1 dakika"},"schema":{"@context":"https:\/\/schema.org","@graph":[{"@type":"WebPage","@id":"https:\/\/ship-tracker.org\/pt\/princes-cruises\/","url":"https:\/\/ship-tracker.org\/pt\/princes-cruises\/","name":"Par\u00e7a Princes Cruises Filosu | Cruise Gemileri | Deniz Ara\u00e7lar\u0131","isPartOf":{"@id":"https:\/\/ship-tracker.org\/#website"},"primaryImageOfPage":{"@id":"https:\/\/ship-tracker.org\/pt\/princes-cruises\/#primaryimage"},"image":{"@id":"https:\/\/ship-tracker.org\/pt\/princes-cruises\/#primaryimage"},"thumbnailUrl":"https:\/\/ship-tracker.org\/wp-content\/uploads\/2020\/04\/cache_35623044.jpg","datePublished":"2020-04-29T12:36:23+00:00","dateModified":"2021-11-08T20:44:48+00:00","description":"Princes Cruises Filo Konumu | Princes Cruises Gemilerinin G\u00fcncel Konumlar\u0131, IMO numaralar\u0131, MMSI, Webcam | Canl\u0131 Filo Haritalar\u0131 | Canl\u0131 Gemi Takibi","breadcrumb":{"@id":"https:\/\/ship-tracker.org\/pt\/princes-cruises\/#breadcrumb"},"inLanguage":"tr","potentialAction":[{"@type":"ReadAction","target":["https:\/\/ship-tracker.org\/pt\/princes-cruises\/"]}]},{"@type":"ImageObject","inLanguage":"tr","@id":"https:\/\/ship-tracker.org\/pt\/princes-cruises\/#primaryimage","url":"https:\/\/ship-tracker.org\/wp-content\/uploads\/2020\/04\/cache_35623044.jpg","contentUrl":"https:\/\/ship-tracker.org\/wp-content\/uploads\/2020\/04\/cache_35623044.jpg","width":345,"height":258,"caption":"Princes Cruises"},{"@type":"BreadcrumbList","@id":"https:\/\/ship-tracker.org\/pt\/princes-cruises\/#breadcrumb","itemListElement":[{"@type":"ListItem","position":1,"name":"Startseite","item":"https:\/\/ship-tracker.org\/"},{"@type":"ListItem","position":2,"name":"Princes Cruises"}]},{"@type":"WebSite","@id":"https:\/\/ship-tracker.org\/#website","url":"https:\/\/ship-tracker.org\/","name":"Ship-tracker.org","description":"","potentialAction":[{"@type":"SearchAction","target":{"@type":"EntryPoint","urlTemplate":"https:\/\/ship-tracker.org\/?s={search_term_string}"},"query-input":{"@type":"PropertyValueSpecification","valueRequired":true,"valueName":"search_term_string"}}],"inLanguage":"tr"}]}},"_links":{"self":[{"href":"https:\/\/ship-tracker.org\/tr\/wp-json\/wp\/v2\/pages\/2075","targetHints":{"allow":["GET"]}}],"collection":[{"href":"https:\/\/ship-tracker.org\/tr\/wp-json\/wp\/v2\/pages"}],"about":[{"href":"https:\/\/ship-tracker.org\/tr\/wp-json\/wp\/v2\/types\/page"}],"author":[{"embeddable":true,"href":"https:\/\/ship-tracker.org\/tr\/wp-json\/wp\/v2\/users\/1"}],"replies":[{"embeddable":true,"href":"https:\/\/ship-tracker.org\/tr\/wp-json\/wp\/v2\/comments?post=2075"}],"version-history":[{"count":5,"href":"https:\/\/ship-tracker.org\/tr\/wp-json\/wp\/v2\/pages\/2075\/revisions"}],"predecessor-version":[{"id":2459,"href":"https:\/\/ship-tracker.org\/tr\/wp-json\/wp\/v2\/pages\/2075\/revisions\/2459"}],"wp:featuredmedia":[{"embeddable":true,"href":"https:\/\/ship-tracker.org\/tr\/wp-json\/wp\/v2\/media\/2076"}],"wp:attachment":[{"href":"https:\/\/ship-tracker.org\/tr\/wp-json\/wp\/v2\/media?parent=2075"}],"curies":[{"name":"wp","href":"https:\/\/api.w.org\/{rel}","templated":true}]}}