{"id":2070,"date":"2020-04-29T14:35:01","date_gmt":"2020-04-29T12:35:01","guid":{"rendered":"https:\/\/ship-tracker.org\/?page_id=2070"},"modified":"2022-11-01T13:22:27","modified_gmt":"2022-11-01T12:22:27","slug":"celebrity-cruises","status":"publish","type":"page","link":"https:\/\/ship-tracker.org\/tr\/celebrity-cruises\/","title":{"rendered":"Celebrity Cruises"},"content":{"rendered":"<h2>Celebrity Cruises Fleet Location Gemiler, IMO numaralar\u0131, MMSI, Webcam<\/h2>\n<p>Celebrity Cruises Fleet&#039;in \u015fu anki konumu nerededir?<\/p>\n<table style=\"border-collapse: collapse; width: 100%; height: 336px;\">\n<tbody>\n<tr style=\"height: 24px;\">\n<td style=\"width: 33.3333%; height: 24px;\"><span style=\"color: #1f405b;\"><strong>Gemi<\/strong><\/span><\/td>\n<td style=\"width: 33.3333%; height: 24px;\"><span style=\"color: #1f405b;\"><strong>IMO<\/strong><\/span><\/td>\n<td style=\"width: 33.3333%; height: 24px;\"><span style=\"color: #1f405b;\"><strong>MMSI<\/strong><\/span><\/td>\n<\/tr>\n<tr style=\"height: 24px;\">\n<td style=\"width: 33.3333%; height: 24px;\"><a href=\"https:\/\/ship-tracker.org\/tr\/celebrity-apex\/\">Celebrity Apex<\/a><\/td>\n<td style=\"width: 33.3333%; height: 24px;\">9838383<\/td>\n<td style=\"width: 33.3333%; height: 24px;\">215105000<\/td>\n<\/tr>\n<tr style=\"height: 24px;\">\n<td style=\"width: 33.3333%; height: 24px;\"><a href=\"https:\/\/ship-tracker.org\/tr\/celebrity-flora\/\">Celebrity Flora<\/a><\/td>\n<td style=\"width: 33.3333%; height: 24px;\">9837925<\/td>\n<td style=\"width: 33.3333%; height: 24px;\">735059945<\/td>\n<\/tr>\n<tr style=\"height: 24px;\">\n<td style=\"width: 33.3333%; height: 24px;\"><a href=\"https:\/\/ship-tracker.org\/tr\/celebrity-edge\/\">Celebrity Edge<\/a><\/td>\n<td style=\"width: 33.3333%; height: 24px;\">9812705<\/td>\n<td style=\"width: 33.3333%; height: 24px;\">248325000<\/td>\n<\/tr>\n<tr style=\"height: 24px;\">\n<td style=\"width: 33.3333%; height: 24px;\"><a href=\"https:\/\/ship-tracker.org\/tr\/celebrity-silhouette\/\">Celebrity Silhouette<\/a><\/td>\n<td style=\"width: 33.3333%; height: 24px;\">9451094<\/td>\n<td style=\"width: 33.3333%; height: 24px;\">248939000<\/td>\n<\/tr>\n<tr style=\"height: 24px;\">\n<td style=\"width: 33.3333%; height: 24px;\"><a href=\"https:\/\/ship-tracker.org\/tr\/celebrity-millennium\/\">Celebrity Millennium<\/a><\/td>\n<td style=\"width: 33.3333%; height: 24px;\">9189419<\/td>\n<td style=\"width: 33.3333%; height: 24px;\">249055000<\/td>\n<\/tr>\n<tr style=\"height: 24px;\">\n<td style=\"width: 33.3333%; height: 24px;\"><a href=\"https:\/\/ship-tracker.org\/tr\/celebrity-eclipse\/\">Celebrity Eclipse<\/a><\/td>\n<td style=\"width: 33.3333%; height: 24px;\">9404314<\/td>\n<td style=\"width: 33.3333%; height: 24px;\">249666000<\/td>\n<\/tr>\n<tr style=\"height: 24px;\">\n<td style=\"width: 33.3333%; height: 24px;\"><a href=\"https:\/\/ship-tracker.org\/tr\/celebrity-infinity\/\">Celebrity Infinity<\/a><\/td>\n<td style=\"width: 33.3333%; height: 24px;\">9189421<\/td>\n<td style=\"width: 33.3333%; height: 24px;\">249048000<\/td>\n<\/tr>\n<tr style=\"height: 24px;\">\n<td style=\"width: 33.3333%; height: 24px;\"><a href=\"https:\/\/ship-tracker.org\/tr\/celebrity-solstice\/\">Celebrity Solstice<\/a><\/td>\n<td style=\"width: 33.3333%; height: 24px;\">9362530<\/td>\n<td style=\"width: 33.3333%; height: 24px;\">249409000<\/td>\n<\/tr>\n<tr class=\"alt\" style=\"height: 24px;\">\n<td style=\"width: 33.3333%; height: 24px;\"><a href=\"https:\/\/ship-tracker.org\/tr\/celebrity-reflection\/\">Celebrity Reflection<\/a><\/td>\n<td style=\"width: 33.3333%; height: 24px;\">9506459<\/td>\n<td style=\"width: 33.3333%; height: 24px;\">229074000<\/td>\n<\/tr>\n<tr style=\"height: 24px;\">\n<td style=\"width: 33.3333%; height: 24px;\"><a href=\"https:\/\/ship-tracker.org\/tr\/celebrity-summit\/\">Celebrity Summit<\/a><\/td>\n<td style=\"width: 33.3333%; height: 24px;\">9192387<\/td>\n<td style=\"width: 33.3333%; height: 24px;\">249047000<\/td>\n<\/tr>\n<tr style=\"height: 24px;\">\n<td style=\"width: 33.3333%; height: 24px;\"><a href=\"https:\/\/ship-tracker.org\/tr\/celebrity-equinox\/\">Celebrity Equinox<\/a><\/td>\n<td style=\"width: 33.3333%; height: 24px;\">9372456<\/td>\n<td style=\"width: 33.3333%; height: 24px;\">249667000<\/td>\n<\/tr>\n<tr style=\"height: 24px;\">\n<td style=\"width: 33.3333%; height: 24px;\"><a href=\"https:\/\/ship-tracker.org\/tr\/celebrity-constellation\/\">Celebrity Constellation<\/a><\/td>\n<td style=\"width: 33.3333%; height: 24px;\">9192399<\/td>\n<td style=\"width: 33.3333%; height: 24px;\">249046000<\/td>\n<\/tr>\n<tr style=\"height: 24px;\">\n<td style=\"width: 33.3333%; height: 24px;\"><a href=\"https:\/\/ship-tracker.org\/tr\/celebrity-xpedition\/\">Celebrity Xpedition<\/a><\/td>\n<td style=\"width: 33.3333%; height: 24px;\">9228368<\/td>\n<td style=\"width: 33.3333%; height: 24px;\">735023483<\/td>\n<\/tr>\n<tr>\n<td style=\"width: 33.3333%;\"><a href=\"https:\/\/ship-tracker.org\/tr\/celebrity-beyond\/\">Celebrity Beyond<\/a><\/td>\n<td style=\"width: 33.3333%;\">9838395<\/td>\n<td style=\"width: 33.3333%;\">215808000<\/td>\n<\/tr>\n<tr>\n<td style=\"width: 33.3333%;\"><a href=\"https:\/\/ship-tracker.org\/tr\/celebrity-ascent\/\">\u00fcnl\u00fc t\u0131rman\u0131\u015f\u0131<\/a><\/td>\n<td style=\"width: 33.3333%;\">2023<\/td>\n<td style=\"width: 33.3333%;\"><\/td>\n<\/tr>\n<\/tbody>\n<\/table>\n<h2>Celebrity Cruises Hakk\u0131nda<\/h2>\n<p>Celebrity Cruises l\u00fcks ve en iyi hizmeti temsil eder - \u00f6zel nakliye \u015firketi Celebrity Cruises bunu temsil eder. 1989 y\u0131l\u0131nda Yunan \u201cChandris Group\u201d taraf\u0131ndan kurulan Celebrity Cruises, 1997 y\u0131l\u0131nda Royel Caribbean International ile birle\u015fti. Konuklar\u0131n refah\u0131 Celebrity Cruises i\u00e7in en \u00f6nemli \u00f6nceliktir ve her zaman \u00f6n plandad\u0131r. Konuk: personel oran\u0131 2: 1, her yolcunun birinci s\u0131n\u0131f hizmetten faydalanmas\u0131n\u0131 m\u00fcmk\u00fcn k\u0131lar ve hi\u00e7bir dile\u011fin yerine getirilmedi\u011fini garanti eder. Kabin hizmeti ve s\u00fcitler i\u00e7in bir u\u015fak hizmeti bile konuklar\u0131n kabin veya balkonun \u00e7ok \u00f6zel atmosferinde bile yemek ve i\u00e7eceklerin tad\u0131n\u0131 \u00e7\u0131karmas\u0131n\u0131 sa\u011flayan en y\u00fcksek l\u00fcks\u00fc temsil eder.<\/p>\n<p>Celebrity Cruises kendi s\u0131n\u0131f\u0131nda e\u015fsiz bir e\u011flence program\u0131 sunuyor. Konserler, tiyatro g\u00f6sterileri ve canl\u0131 \u015fovlar kimseyi etkilemez. Broadway g\u00f6sterileri ve \u00f6d\u00fcll\u00fc sirk g\u00f6sterileri Celebrity Cruises&#039;taki d\u00fczenli konuklard\u0131r. Ayn\u0131 zamanda aktif ve yarat\u0131c\u0131 yolcular da paralar\u0131n\u0131n kar\u015f\u0131l\u0131\u011f\u0131n\u0131 al\u0131r, \u00e7\u00fcnk\u00fc m\u00fccevher, resim, dans veya \u015farap gibi konulardaki at\u00f6lyeler de \u00e7e\u015fitli \u00dcnl\u00fc Cruises program\u0131n\u0131n bir par\u00e7as\u0131d\u0131r. Sanatla ilgilenenler kesinlikle gemideki galeri ve sanat st\u00fcdyosunun tad\u0131n\u0131 \u00e7\u0131karacaklar.<\/p>\n<p>Celebrity Cruises gemileri yolculara modern donan\u0131ml\u0131 bir spor salonunun yan\u0131 s\u0131ra aerobik, pilates, spinning ve yoga gibi farkl\u0131 kurslara kat\u0131lma imkan\u0131 sunar. Konuklar ayr\u0131ca Avrupa, Avustralya ve Karayipler&#039;de yap\u0131lan geziler i\u00e7in kano, stand-up k\u00fcrek veya hidrobik gibi aktif geziler i\u00e7in rezervasyon yapt\u0131rabilirler.<\/p>","protected":false},"excerpt":{"rendered":"<p>Celebrity Cruises Filo Lokasyonu Gemiler, IMO numaralar\u0131, MMSI, Web kameralar\u0131 Celebrity Cruises Filosunun \u015fu anda mevcut konumu nerede? Gemi IMO MMSI Celebrity Apex 9838383 215105000 Celebrity Flora 9837925 735059945 Celebrity Edge 9812705 248325000 Celebrity Silhouette 9451094 248939000 Celebrity Millennium 9189419 249055 000 \u00dcnl\u00fc Tutulmas\u0131 9404314 249666000 \u00dcnl\u00fc Sonsuzlu\u011fu 9189421 249048000 \u00dcnl\u00fc G\u00fcnd\u00f6n\u00fcm\u00fc 9362530 249409000 \u00dcnl\u00fc\u2026&nbsp;<a href=\"https:\/\/ship-tracker.org\/tr\/celebrity-cruises\/\" rel=\"bookmark\">Devam\u0131n\u0131 oku &quot;<span class=\"screen-reader-text\">Celebrity Cruises<\/span><\/a><\/p>","protected":false},"author":1,"featured_media":2071,"parent":0,"menu_order":0,"comment_status":"closed","ping_status":"closed","template":"","meta":{"neve_meta_sidebar":"","neve_meta_container":"","neve_meta_enable_content_width":"","neve_meta_content_width":0,"neve_meta_title_alignment":"","neve_meta_author_avatar":"","neve_post_elements_order":"","neve_meta_disable_header":"","neve_meta_disable_footer":"","neve_meta_disable_title":"","neve_meta_reading_time":"","footnotes":""},"class_list":["post-2070","page","type-page","status-publish","has-post-thumbnail","hentry"],"yoast_head":"<!-- This site is optimized with the Yoast SEO plugin v27.4 - https:\/\/yoast.com\/product\/yoast-seo-wordpress\/ -->\n<title>Track Celebrity Cruises Fleet | Cruise Ships | Marine Vessel<\/title>\n<meta name=\"description\" content=\"Celebrity Cruises Fleet Location | Current Positions of Celebrity Cruises Ships, IMO numbers, MMSI, Webcam | Live Fleet Maps | Ship Tracker\" \/>\n<meta name=\"robots\" content=\"index, follow, max-snippet:-1, max-image-preview:large, max-video-preview:-1\" \/>\n<link rel=\"canonical\" href=\"https:\/\/ship-tracker.org\/tr\/celebrity-cruises\/\" \/>\n<meta property=\"og:locale\" content=\"tr_TR\" \/>\n<meta property=\"og:type\" content=\"article\" \/>\n<meta property=\"og:title\" content=\"Track Celebrity Cruises Fleet | Cruise Ships | Marine Vessel\" \/>\n<meta property=\"og:description\" content=\"Celebrity Cruises Fleet Location | Current Positions of Celebrity Cruises Ships, IMO numbers, MMSI, Webcam | Live Fleet Maps | Ship Tracker\" \/>\n<meta property=\"og:url\" content=\"https:\/\/ship-tracker.org\/tr\/celebrity-cruises\/\" \/>\n<meta property=\"og:site_name\" content=\"Ship-tracker.org\" \/>\n<meta property=\"article:modified_time\" content=\"2022-11-01T12:22:27+00:00\" \/>\n<meta property=\"og:image\" content=\"https:\/\/ship-tracker.org\/wp-content\/uploads\/2020\/04\/celebrity-cruises.jpg\" \/>\n\t<meta property=\"og:image:width\" content=\"400\" \/>\n\t<meta property=\"og:image:height\" content=\"281\" \/>\n\t<meta property=\"og:image:type\" content=\"image\/jpeg\" \/>\n<meta name=\"twitter:card\" content=\"summary_large_image\" \/>\n<meta name=\"twitter:label1\" content=\"Tahmini okuma s\u00fcresi\" \/>\n\t<meta name=\"twitter:data1\" content=\"2 dakika\" \/>\n<script type=\"application\/ld+json\" class=\"yoast-schema-graph\">{\"@context\":\"https:\\\/\\\/schema.org\",\"@graph\":[{\"@type\":\"WebPage\",\"@id\":\"https:\\\/\\\/ship-tracker.org\\\/celebrity-cruises\\\/\",\"url\":\"https:\\\/\\\/ship-tracker.org\\\/celebrity-cruises\\\/\",\"name\":\"Track Celebrity Cruises Fleet | Cruise Ships | Marine Vessel\",\"isPartOf\":{\"@id\":\"https:\\\/\\\/ship-tracker.org\\\/#website\"},\"primaryImageOfPage\":{\"@id\":\"https:\\\/\\\/ship-tracker.org\\\/celebrity-cruises\\\/#primaryimage\"},\"image\":{\"@id\":\"https:\\\/\\\/ship-tracker.org\\\/celebrity-cruises\\\/#primaryimage\"},\"thumbnailUrl\":\"https:\\\/\\\/ship-tracker.org\\\/wp-content\\\/uploads\\\/2020\\\/04\\\/celebrity-cruises.jpg\",\"datePublished\":\"2020-04-29T12:35:01+00:00\",\"dateModified\":\"2022-11-01T12:22:27+00:00\",\"description\":\"Celebrity Cruises Fleet Location | Current Positions of Celebrity Cruises Ships, IMO numbers, MMSI, Webcam | Live Fleet Maps | Ship Tracker\",\"breadcrumb\":{\"@id\":\"https:\\\/\\\/ship-tracker.org\\\/celebrity-cruises\\\/#breadcrumb\"},\"inLanguage\":\"tr\",\"potentialAction\":[{\"@type\":\"ReadAction\",\"target\":[\"https:\\\/\\\/ship-tracker.org\\\/celebrity-cruises\\\/\"]}]},{\"@type\":\"ImageObject\",\"inLanguage\":\"tr\",\"@id\":\"https:\\\/\\\/ship-tracker.org\\\/celebrity-cruises\\\/#primaryimage\",\"url\":\"https:\\\/\\\/ship-tracker.org\\\/wp-content\\\/uploads\\\/2020\\\/04\\\/celebrity-cruises.jpg\",\"contentUrl\":\"https:\\\/\\\/ship-tracker.org\\\/wp-content\\\/uploads\\\/2020\\\/04\\\/celebrity-cruises.jpg\",\"width\":400,\"height\":281,\"caption\":\"Celebrity Cruises\"},{\"@type\":\"BreadcrumbList\",\"@id\":\"https:\\\/\\\/ship-tracker.org\\\/celebrity-cruises\\\/#breadcrumb\",\"itemListElement\":[{\"@type\":\"ListItem\",\"position\":1,\"name\":\"Startseite\",\"item\":\"https:\\\/\\\/ship-tracker.org\\\/\"},{\"@type\":\"ListItem\",\"position\":2,\"name\":\"Celebrity Cruises\"}]},{\"@type\":\"WebSite\",\"@id\":\"https:\\\/\\\/ship-tracker.org\\\/#website\",\"url\":\"https:\\\/\\\/ship-tracker.org\\\/\",\"name\":\"Ship-tracker.org\",\"description\":\"\",\"potentialAction\":[{\"@type\":\"SearchAction\",\"target\":{\"@type\":\"EntryPoint\",\"urlTemplate\":\"https:\\\/\\\/ship-tracker.org\\\/?s={search_term_string}\"},\"query-input\":{\"@type\":\"PropertyValueSpecification\",\"valueRequired\":true,\"valueName\":\"search_term_string\"}}],\"inLanguage\":\"tr\"}]}<\/script>\n<!-- \/ Yoast SEO plugin. -->","yoast_head_json":{"title":"\u00dcnl\u00fc Cruises Filosu Par\u00e7a | Cruise Gemileri | Deniz Ara\u00e7lar\u0131","description":"\u00dcnl\u00fc Yolculuklar\u0131 Filo Konumu | Celebrity Cruises Gemilerinin G\u00fcncel Konumlar\u0131, IMO numaralar\u0131, MMSI, Webcam | Canl\u0131 Filo Haritalar\u0131 | Gemi Takip\u00e7isi","robots":{"index":"index","follow":"follow","max-snippet":"max-snippet:-1","max-image-preview":"max-image-preview:large","max-video-preview":"max-video-preview:-1"},"canonical":"https:\/\/ship-tracker.org\/tr\/celebrity-cruises\/","og_locale":"tr_TR","og_type":"article","og_title":"Track Celebrity Cruises Fleet | Cruise Ships | Marine Vessel","og_description":"Celebrity Cruises Fleet Location | Current Positions of Celebrity Cruises Ships, IMO numbers, MMSI, Webcam | Live Fleet Maps | Ship Tracker","og_url":"https:\/\/ship-tracker.org\/tr\/celebrity-cruises\/","og_site_name":"Ship-tracker.org","article_modified_time":"2022-11-01T12:22:27+00:00","og_image":[{"width":400,"height":281,"url":"https:\/\/ship-tracker.org\/wp-content\/uploads\/2020\/04\/celebrity-cruises.jpg","type":"image\/jpeg"}],"twitter_card":"summary_large_image","twitter_misc":{"Tahmini okuma s\u00fcresi":"2 dakika"},"schema":{"@context":"https:\/\/schema.org","@graph":[{"@type":"WebPage","@id":"https:\/\/ship-tracker.org\/celebrity-cruises\/","url":"https:\/\/ship-tracker.org\/celebrity-cruises\/","name":"\u00dcnl\u00fc Cruises Filosu Par\u00e7a | Cruise Gemileri | Deniz Ara\u00e7lar\u0131","isPartOf":{"@id":"https:\/\/ship-tracker.org\/#website"},"primaryImageOfPage":{"@id":"https:\/\/ship-tracker.org\/celebrity-cruises\/#primaryimage"},"image":{"@id":"https:\/\/ship-tracker.org\/celebrity-cruises\/#primaryimage"},"thumbnailUrl":"https:\/\/ship-tracker.org\/wp-content\/uploads\/2020\/04\/celebrity-cruises.jpg","datePublished":"2020-04-29T12:35:01+00:00","dateModified":"2022-11-01T12:22:27+00:00","description":"\u00dcnl\u00fc Yolculuklar\u0131 Filo Konumu | Celebrity Cruises Gemilerinin G\u00fcncel Konumlar\u0131, IMO numaralar\u0131, MMSI, Webcam | Canl\u0131 Filo Haritalar\u0131 | Gemi Takip\u00e7isi","breadcrumb":{"@id":"https:\/\/ship-tracker.org\/celebrity-cruises\/#breadcrumb"},"inLanguage":"tr","potentialAction":[{"@type":"ReadAction","target":["https:\/\/ship-tracker.org\/celebrity-cruises\/"]}]},{"@type":"ImageObject","inLanguage":"tr","@id":"https:\/\/ship-tracker.org\/celebrity-cruises\/#primaryimage","url":"https:\/\/ship-tracker.org\/wp-content\/uploads\/2020\/04\/celebrity-cruises.jpg","contentUrl":"https:\/\/ship-tracker.org\/wp-content\/uploads\/2020\/04\/celebrity-cruises.jpg","width":400,"height":281,"caption":"Celebrity Cruises"},{"@type":"BreadcrumbList","@id":"https:\/\/ship-tracker.org\/celebrity-cruises\/#breadcrumb","itemListElement":[{"@type":"ListItem","position":1,"name":"Startseite","item":"https:\/\/ship-tracker.org\/"},{"@type":"ListItem","position":2,"name":"Celebrity Cruises"}]},{"@type":"WebSite","@id":"https:\/\/ship-tracker.org\/#website","url":"https:\/\/ship-tracker.org\/","name":"Ship-tracker.org","description":"","potentialAction":[{"@type":"SearchAction","target":{"@type":"EntryPoint","urlTemplate":"https:\/\/ship-tracker.org\/?s={search_term_string}"},"query-input":{"@type":"PropertyValueSpecification","valueRequired":true,"valueName":"search_term_string"}}],"inLanguage":"tr"}]}},"_links":{"self":[{"href":"https:\/\/ship-tracker.org\/tr\/wp-json\/wp\/v2\/pages\/2070","targetHints":{"allow":["GET"]}}],"collection":[{"href":"https:\/\/ship-tracker.org\/tr\/wp-json\/wp\/v2\/pages"}],"about":[{"href":"https:\/\/ship-tracker.org\/tr\/wp-json\/wp\/v2\/types\/page"}],"author":[{"embeddable":true,"href":"https:\/\/ship-tracker.org\/tr\/wp-json\/wp\/v2\/users\/1"}],"replies":[{"embeddable":true,"href":"https:\/\/ship-tracker.org\/tr\/wp-json\/wp\/v2\/comments?post=2070"}],"version-history":[{"count":8,"href":"https:\/\/ship-tracker.org\/tr\/wp-json\/wp\/v2\/pages\/2070\/revisions"}],"predecessor-version":[{"id":3532,"href":"https:\/\/ship-tracker.org\/tr\/wp-json\/wp\/v2\/pages\/2070\/revisions\/3532"}],"wp:featuredmedia":[{"embeddable":true,"href":"https:\/\/ship-tracker.org\/tr\/wp-json\/wp\/v2\/media\/2071"}],"wp:attachment":[{"href":"https:\/\/ship-tracker.org\/tr\/wp-json\/wp\/v2\/media?parent=2070"}],"curies":[{"name":"wp","href":"https:\/\/api.w.org\/{rel}","templated":true}]}}