{"id":2056,"date":"2020-04-29T14:29:44","date_gmt":"2020-04-29T12:29:44","guid":{"rendered":"https:\/\/ship-tracker.org\/?page_id=2056"},"modified":"2022-10-27T16:00:27","modified_gmt":"2022-10-27T14:00:27","slug":"hurtigruten","status":"publish","type":"page","link":"https:\/\/ship-tracker.org\/tr\/hurtigruten\/","title":{"rendered":"Hurtigruten"},"content":{"rendered":"<h2>Hurtigruten Fleet Location Gemiler, IMO numaralar\u0131, MMSI, Webcam<\/h2>\n<p>Hurtigruten Fleet&#039;in \u015fu anki konumu nerededir?<\/p>\n<table style=\"border-collapse: collapse; width: 100%; height: 384px;\">\n<tbody>\n<tr style=\"height: 24px;\">\n<td style=\"width: 33.3333%; height: 24px;\"><span style=\"color: #1f405b;\"><strong>Gemi<\/strong><\/span><\/td>\n<td style=\"width: 33.3333%; height: 24px;\"><span style=\"color: #1f405b;\"><strong>IMO<\/strong><\/span><\/td>\n<td style=\"width: 33.3333%; height: 24px;\"><span style=\"color: #1f405b;\"><strong>MMSI<\/strong><\/span><\/td>\n<\/tr>\n<tr style=\"height: 24px;\">\n<td style=\"width: 33.3333%; height: 24px;\"><a href=\"https:\/\/ship-tracker.org\/tr\/ms-lofoten\/\">MS Lofoten<\/a><\/td>\n<td style=\"width: 33.3333%; height: 24px;\">5424562<\/td>\n<td style=\"width: 33.3333%; height: 24px;\">258477000<\/td>\n<\/tr>\n<tr style=\"height: 24px;\">\n<td style=\"width: 33.3333%; height: 24px;\"><a href=\"https:\/\/ship-tracker.org\/tr\/ms-fridtjof-nansen\/\">MS Fridtjof Nansen<\/a><\/td>\n<td style=\"width: 33.3333%; height: 24px;\">9813084<\/td>\n<td style=\"width: 33.3333%; height: 24px;\">257088070<\/td>\n<\/tr>\n<tr style=\"height: 24px;\">\n<td style=\"width: 33.3333%; height: 24px;\"><a href=\"https:\/\/ship-tracker.org\/tr\/ms-roald-amundsen\/\">MS Roald Amundsen<\/a><\/td>\n<td style=\"width: 33.3333%; height: 24px;\">9813072<\/td>\n<td style=\"width: 33.3333%; height: 24px;\">257425000<\/td>\n<\/tr>\n<tr style=\"height: 24px;\">\n<td style=\"width: 33.3333%; height: 24px;\"><a href=\"https:\/\/ship-tracker.org\/tr\/ms-spitsbergen\/\">MS Spitsbergen<\/a><\/td>\n<td style=\"width: 33.3333%; height: 24px;\">9434060<\/td>\n<td style=\"width: 33.3333%; height: 24px;\">258157000<\/td>\n<\/tr>\n<tr style=\"height: 24px;\">\n<td style=\"width: 33.3333%; height: 24px;\"><a href=\"https:\/\/ship-tracker.org\/tr\/ms-fram\/\">MS Fram<\/a><\/td>\n<td style=\"width: 33.3333%; height: 24px;\">9370018<\/td>\n<td style=\"width: 33.3333%; height: 24px;\">258932000<\/td>\n<\/tr>\n<tr style=\"height: 24px;\">\n<td style=\"width: 33.3333%; height: 24px;\"><a href=\"https:\/\/ship-tracker.org\/tr\/ms-midnatsol\/\">MS Midnatsol<\/a><\/td>\n<td style=\"width: 33.3333%; height: 24px;\">9247728<\/td>\n<td style=\"width: 33.3333%; height: 24px;\">258595000<\/td>\n<\/tr>\n<tr style=\"height: 24px;\">\n<td style=\"width: 33.3333%; height: 24px;\"><a href=\"https:\/\/ship-tracker.org\/tr\/ms-trollfjord\/\">MS Trollfjord<\/a><\/td>\n<td style=\"width: 33.3333%; height: 24px;\">9233258<\/td>\n<td style=\"width: 33.3333%; height: 24px;\">258465000<\/td>\n<\/tr>\n<tr style=\"height: 24px;\">\n<td style=\"width: 33.3333%; height: 24px;\"><a href=\"https:\/\/ship-tracker.org\/tr\/ms-nordnorge\/\">MS Nordnorge<\/a><\/td>\n<td style=\"width: 33.3333%; height: 24px;\">9107784<\/td>\n<td style=\"width: 33.3333%; height: 24px;\">259371000<\/td>\n<\/tr>\n<tr style=\"height: 24px;\">\n<td style=\"width: 33.3333%; height: 24px;\"><a href=\"https:\/\/ship-tracker.org\/tr\/ms-polarlys\/\">MS Polarlys<\/a><\/td>\n<td style=\"width: 33.3333%; height: 24px;\">9107796<\/td>\n<td style=\"width: 33.3333%; height: 24px;\">259322000<\/td>\n<\/tr>\n<tr style=\"height: 24px;\">\n<td style=\"width: 33.3333%; height: 24px;\"><a href=\"https:\/\/ship-tracker.org\/tr\/ms-nordkapp\/\">MS Nordkapp<\/a><\/td>\n<td style=\"width: 33.3333%; height: 24px;\">9107772<\/td>\n<td style=\"width: 33.3333%; height: 24px;\">259330000<\/td>\n<\/tr>\n<tr style=\"height: 24px;\">\n<td style=\"width: 33.3333%; height: 24px;\"><a href=\"https:\/\/ship-tracker.org\/tr\/ms-nordlys\/\">MS Nordlys<\/a><\/td>\n<td style=\"width: 33.3333%; height: 24px;\">9048914<\/td>\n<td style=\"width: 33.3333%; height: 24px;\">259139000<\/td>\n<\/tr>\n<tr style=\"height: 24px;\">\n<td style=\"width: 33.3333%; height: 24px;\"><a href=\"https:\/\/ship-tracker.org\/tr\/ms-richard-with\/\">MS Richard With<\/a><\/td>\n<td style=\"width: 33.3333%; height: 24px;\">9040429<\/td>\n<td style=\"width: 33.3333%; height: 24px;\">258500000<\/td>\n<\/tr>\n<tr style=\"height: 24px;\">\n<td style=\"width: 33.3333%; height: 24px;\"><a href=\"https:\/\/ship-tracker.org\/tr\/ms-kong-harald\/\">MS Kong Harald<\/a><\/td>\n<td style=\"width: 33.3333%; height: 24px;\">9039119<\/td>\n<td style=\"width: 33.3333%; height: 24px;\">257200000<\/td>\n<\/tr>\n<tr style=\"height: 24px;\">\n<td style=\"width: 33.3333%; height: 24px;\"><a href=\"https:\/\/ship-tracker.org\/tr\/ms-vesteralen\/\">MS Vesteralen<\/a><\/td>\n<td style=\"width: 33.3333%; height: 24px;\">8019368<\/td>\n<td style=\"width: 33.3333%; height: 24px;\">258478000<\/td>\n<\/tr>\n<tr style=\"height: 24px;\">\n<td style=\"width: 33.3333%; height: 24px;\"><a href=\"https:\/\/ship-tracker.org\/tr\/ms-lofoten\/\">MS Lofoten<\/a><\/td>\n<td style=\"width: 33.3333%; height: 24px;\">5424562<\/td>\n<td style=\"width: 33.3333%; height: 24px;\">258477000<\/td>\n<\/tr>\n<\/tbody>\n<\/table>\n<h2>Hurtigruten hakk\u0131nda<\/h2>\n<p>Hurtigruten, sizi y\u0131l boyunca Norve\u00e7 fiyortlar\u0131n\u0131n ve Kuzey Cape&#039;nin masal\u0131na g\u00f6t\u00fcren birka\u00e7 nakliye \u015firketinden biridir. Hurtigruten&#039;in baz\u0131 gemileri, insan ve arabalar\u0131 g\u00fcneyden Norve\u00e7&#039;in kuzey ucuna kadar ta\u015f\u0131ma ve ayn\u0131 zamanda bir seyirde bekledi\u011finiz t\u00fcm konforu sunuyor. Norve\u00e7 sahilindeki d\u00fczenli nakliye hatlar\u0131na ve yolculuklar\u0131na ek olarak, rotalar\u0131m\u0131z Svalbard, \u0130zlanda, Gr\u00f6nland ve Antarktika gibi d\u00fcnyan\u0131n en uzak b\u00f6lgelerine en ilgin\u00e7 seyir programlar\u0131ndan baz\u0131lar\u0131n\u0131 i\u00e7erir. Hurtigruten \u201cd\u00fcnyan\u0131n en g\u00fczel gezisi\u201d olarak tan\u0131mlanmaktad\u0131r. Bu a\u00e7\u0131klama do\u011fruysa, kendiniz \u00f6\u011frenmelisiniz.<\/p>\n<p>Hurtigruten \u00f6zel bir deneyim! Yolculuk eski hansa kenti Bergen&#039;de ba\u015fl\u0131yor ve Rusya s\u0131n\u0131r\u0131na yak\u0131n olan Kirkenes&#039;e ve ard\u0131ndan Bergen&#039;e geri d\u00f6n\u00fcyor. 12 g\u00fcnl\u00fck deniz yolculu\u011fu, bu sefer d\u0131\u015fa yolculukta en az 34 liman ziyaret edilir. D\u00f6n\u00fc\u015f yolculu\u011funda, ayn\u0131 limanlar tekrar g\u00f6r\u00fcnecek, ancak g\u00fcn boyunca limanlara varacaks\u0131n\u0131z, d\u0131\u015f yolculuk ise gece ger\u00e7ekle\u015fecek. Farkl\u0131 limanlardan geziler d\u00fczenlenmektedir.<\/p>\n<p>Her geminin kendine \u00f6zg\u00fc bir karakteri vard\u0131r ve keyifli bir yolculuk sa\u011flamak i\u00e7in t\u00fcm modern kolayl\u0131klar ve konforla donat\u0131lm\u0131\u015ft\u0131r. 4 farkl\u0131 gemi tipi vard\u0131r. Daha fazla veya daha az l\u00fcks olan birka\u00e7 kabin tipi aras\u0131ndan se\u00e7im yapabilirsiniz, ancak her yerde t\u00fcm gemilerde ayn\u0131 kaliteyi ya\u015fayacaks\u0131n\u0131z. B\u00f6ylece Hurtigruten&#039;in her gemisinde lezzetli b\u00fcfelerin ve yemeklerin tad\u0131n\u0131 \u00e7\u0131karabilirsiniz: et ve bal\u0131k, so\u011fuk ve s\u0131cak.<\/p>\n<p>&nbsp;<\/p>","protected":false},"excerpt":{"rendered":"<p>Hurtigruten Filo Lokasyonu Gemiler, IMO numaralar\u0131, MMSI, Web kameralar\u0131 Hurtigruten Filosunun \u015fu anki konumu nerede? Gemi IMO MMSI MS Lofoten 5424562 258477000 MS Fridtjof Nansen 9813084 257088070 MS Roald Amundsen 9813072 257425000 MS Spitsbergen 9434060 258157000 MS Fram 9370018 25893200 0 MS Midnatsol 9247728 258595000 MS Trollfjord 9233258 258465000 MS Nordnorge 9107784 259371000 MS\u2026&nbsp;<a href=\"https:\/\/ship-tracker.org\/tr\/hurtigruten\/\" rel=\"bookmark\">Devam\u0131n\u0131 oku &quot;<span class=\"screen-reader-text\">Hurtigruten<\/span><\/a><\/p>","protected":false},"author":1,"featured_media":2057,"parent":0,"menu_order":0,"comment_status":"closed","ping_status":"closed","template":"","meta":{"neve_meta_sidebar":"","neve_meta_container":"","neve_meta_enable_content_width":"","neve_meta_content_width":0,"neve_meta_title_alignment":"","neve_meta_author_avatar":"","neve_post_elements_order":"","neve_meta_disable_header":"","neve_meta_disable_footer":"","neve_meta_disable_title":"","neve_meta_reading_time":"","footnotes":""},"class_list":["post-2056","page","type-page","status-publish","has-post-thumbnail","hentry"],"yoast_head":"<!-- This site is optimized with the Yoast SEO plugin v26.9 - https:\/\/yoast.com\/product\/yoast-seo-wordpress\/ -->\n<title>Track Hurtigruten Fleet | Cruise Ships | Marine Vessel<\/title>\n<meta name=\"description\" content=\"Hurtigruten Fleet Location | Current Positions of Hurtigruten Ships, IMO numbers, MMSI, Webcam | Live Fleet Maps | Live Ship Tracker\" \/>\n<meta name=\"robots\" content=\"index, follow, max-snippet:-1, max-image-preview:large, max-video-preview:-1\" \/>\n<link rel=\"canonical\" href=\"https:\/\/ship-tracker.org\/tr\/hurtigruten\/\" \/>\n<meta property=\"og:locale\" content=\"tr_TR\" \/>\n<meta property=\"og:type\" content=\"article\" \/>\n<meta property=\"og:title\" content=\"Track Hurtigruten Fleet | Cruise Ships | Marine Vessel\" \/>\n<meta property=\"og:description\" content=\"Hurtigruten Fleet Location | Current Positions of Hurtigruten Ships, IMO numbers, MMSI, Webcam | Live Fleet Maps | Live Ship Tracker\" \/>\n<meta property=\"og:url\" content=\"https:\/\/ship-tracker.org\/tr\/hurtigruten\/\" \/>\n<meta property=\"og:site_name\" content=\"Ship-tracker.org\" \/>\n<meta property=\"article:modified_time\" content=\"2022-10-27T14:00:27+00:00\" \/>\n<meta property=\"og:image\" content=\"https:\/\/ship-tracker.org\/wp-content\/uploads\/2020\/04\/hurtigruten-web.jpg\" \/>\n\t<meta property=\"og:image:width\" content=\"1000\" \/>\n\t<meta property=\"og:image:height\" content=\"682\" \/>\n\t<meta property=\"og:image:type\" content=\"image\/jpeg\" \/>\n<meta name=\"twitter:card\" content=\"summary_large_image\" \/>\n<meta name=\"twitter:label1\" content=\"Tahmini okuma s\u00fcresi\" \/>\n\t<meta name=\"twitter:data1\" content=\"2 dakika\" \/>\n<script type=\"application\/ld+json\" class=\"yoast-schema-graph\">{\"@context\":\"https:\/\/schema.org\",\"@graph\":[{\"@type\":\"WebPage\",\"@id\":\"https:\/\/ship-tracker.org\/hurtigruten\/\",\"url\":\"https:\/\/ship-tracker.org\/hurtigruten\/\",\"name\":\"Track Hurtigruten Fleet | Cruise Ships | Marine Vessel\",\"isPartOf\":{\"@id\":\"https:\/\/ship-tracker.org\/#website\"},\"primaryImageOfPage\":{\"@id\":\"https:\/\/ship-tracker.org\/hurtigruten\/#primaryimage\"},\"image\":{\"@id\":\"https:\/\/ship-tracker.org\/hurtigruten\/#primaryimage\"},\"thumbnailUrl\":\"https:\/\/ship-tracker.org\/wp-content\/uploads\/2020\/04\/hurtigruten-web.jpg\",\"datePublished\":\"2020-04-29T12:29:44+00:00\",\"dateModified\":\"2022-10-27T14:00:27+00:00\",\"description\":\"Hurtigruten Fleet Location | Current Positions of Hurtigruten Ships, IMO numbers, MMSI, Webcam | Live Fleet Maps | Live Ship Tracker\",\"breadcrumb\":{\"@id\":\"https:\/\/ship-tracker.org\/hurtigruten\/#breadcrumb\"},\"inLanguage\":\"tr\",\"potentialAction\":[{\"@type\":\"ReadAction\",\"target\":[\"https:\/\/ship-tracker.org\/hurtigruten\/\"]}]},{\"@type\":\"ImageObject\",\"inLanguage\":\"tr\",\"@id\":\"https:\/\/ship-tracker.org\/hurtigruten\/#primaryimage\",\"url\":\"https:\/\/ship-tracker.org\/wp-content\/uploads\/2020\/04\/hurtigruten-web.jpg\",\"contentUrl\":\"https:\/\/ship-tracker.org\/wp-content\/uploads\/2020\/04\/hurtigruten-web.jpg\",\"width\":1000,\"height\":682,\"caption\":\"Hurtigruten\"},{\"@type\":\"BreadcrumbList\",\"@id\":\"https:\/\/ship-tracker.org\/hurtigruten\/#breadcrumb\",\"itemListElement\":[{\"@type\":\"ListItem\",\"position\":1,\"name\":\"Startseite\",\"item\":\"https:\/\/ship-tracker.org\/\"},{\"@type\":\"ListItem\",\"position\":2,\"name\":\"Hurtigruten\"}]},{\"@type\":\"WebSite\",\"@id\":\"https:\/\/ship-tracker.org\/#website\",\"url\":\"https:\/\/ship-tracker.org\/\",\"name\":\"Ship-tracker.org\",\"description\":\"\",\"potentialAction\":[{\"@type\":\"SearchAction\",\"target\":{\"@type\":\"EntryPoint\",\"urlTemplate\":\"https:\/\/ship-tracker.org\/?s={search_term_string}\"},\"query-input\":{\"@type\":\"PropertyValueSpecification\",\"valueRequired\":true,\"valueName\":\"search_term_string\"}}],\"inLanguage\":\"tr\"}]}<\/script>\n<!-- \/ Yoast SEO plugin. -->","yoast_head_json":{"title":"Hurtigruten Filosunu \u0130zleyin | Yolcu Gemileri | deniz arac\u0131","description":"Hurtigruten Filo Konumu | Hurtigruten Gemilerinin Mevcut Konumlar\u0131, IMO numaralar\u0131, MMSI, Web Kameras\u0131 | Canl\u0131 Filo Haritalar\u0131 | Canl\u0131 Gemi Takibi","robots":{"index":"index","follow":"follow","max-snippet":"max-snippet:-1","max-image-preview":"max-image-preview:large","max-video-preview":"max-video-preview:-1"},"canonical":"https:\/\/ship-tracker.org\/tr\/hurtigruten\/","og_locale":"tr_TR","og_type":"article","og_title":"Track Hurtigruten Fleet | Cruise Ships | Marine Vessel","og_description":"Hurtigruten Fleet Location | Current Positions of Hurtigruten Ships, IMO numbers, MMSI, Webcam | Live Fleet Maps | Live Ship Tracker","og_url":"https:\/\/ship-tracker.org\/tr\/hurtigruten\/","og_site_name":"Ship-tracker.org","article_modified_time":"2022-10-27T14:00:27+00:00","og_image":[{"width":1000,"height":682,"url":"https:\/\/ship-tracker.org\/wp-content\/uploads\/2020\/04\/hurtigruten-web.jpg","type":"image\/jpeg"}],"twitter_card":"summary_large_image","twitter_misc":{"Tahmini okuma s\u00fcresi":"2 dakika"},"schema":{"@context":"https:\/\/schema.org","@graph":[{"@type":"WebPage","@id":"https:\/\/ship-tracker.org\/hurtigruten\/","url":"https:\/\/ship-tracker.org\/hurtigruten\/","name":"Hurtigruten Filosunu \u0130zleyin | Yolcu Gemileri | deniz arac\u0131","isPartOf":{"@id":"https:\/\/ship-tracker.org\/#website"},"primaryImageOfPage":{"@id":"https:\/\/ship-tracker.org\/hurtigruten\/#primaryimage"},"image":{"@id":"https:\/\/ship-tracker.org\/hurtigruten\/#primaryimage"},"thumbnailUrl":"https:\/\/ship-tracker.org\/wp-content\/uploads\/2020\/04\/hurtigruten-web.jpg","datePublished":"2020-04-29T12:29:44+00:00","dateModified":"2022-10-27T14:00:27+00:00","description":"Hurtigruten Filo Konumu | Hurtigruten Gemilerinin Mevcut Konumlar\u0131, IMO numaralar\u0131, MMSI, Web Kameras\u0131 | Canl\u0131 Filo Haritalar\u0131 | Canl\u0131 Gemi Takibi","breadcrumb":{"@id":"https:\/\/ship-tracker.org\/hurtigruten\/#breadcrumb"},"inLanguage":"tr","potentialAction":[{"@type":"ReadAction","target":["https:\/\/ship-tracker.org\/hurtigruten\/"]}]},{"@type":"ImageObject","inLanguage":"tr","@id":"https:\/\/ship-tracker.org\/hurtigruten\/#primaryimage","url":"https:\/\/ship-tracker.org\/wp-content\/uploads\/2020\/04\/hurtigruten-web.jpg","contentUrl":"https:\/\/ship-tracker.org\/wp-content\/uploads\/2020\/04\/hurtigruten-web.jpg","width":1000,"height":682,"caption":"Hurtigruten"},{"@type":"BreadcrumbList","@id":"https:\/\/ship-tracker.org\/hurtigruten\/#breadcrumb","itemListElement":[{"@type":"ListItem","position":1,"name":"Startseite","item":"https:\/\/ship-tracker.org\/"},{"@type":"ListItem","position":2,"name":"Hurtigruten"}]},{"@type":"WebSite","@id":"https:\/\/ship-tracker.org\/#website","url":"https:\/\/ship-tracker.org\/","name":"Ship-tracker.org","description":"","potentialAction":[{"@type":"SearchAction","target":{"@type":"EntryPoint","urlTemplate":"https:\/\/ship-tracker.org\/?s={search_term_string}"},"query-input":{"@type":"PropertyValueSpecification","valueRequired":true,"valueName":"search_term_string"}}],"inLanguage":"tr"}]}},"_links":{"self":[{"href":"https:\/\/ship-tracker.org\/tr\/wp-json\/wp\/v2\/pages\/2056","targetHints":{"allow":["GET"]}}],"collection":[{"href":"https:\/\/ship-tracker.org\/tr\/wp-json\/wp\/v2\/pages"}],"about":[{"href":"https:\/\/ship-tracker.org\/tr\/wp-json\/wp\/v2\/types\/page"}],"author":[{"embeddable":true,"href":"https:\/\/ship-tracker.org\/tr\/wp-json\/wp\/v2\/users\/1"}],"replies":[{"embeddable":true,"href":"https:\/\/ship-tracker.org\/tr\/wp-json\/wp\/v2\/comments?post=2056"}],"version-history":[{"count":5,"href":"https:\/\/ship-tracker.org\/tr\/wp-json\/wp\/v2\/pages\/2056\/revisions"}],"predecessor-version":[{"id":2475,"href":"https:\/\/ship-tracker.org\/tr\/wp-json\/wp\/v2\/pages\/2056\/revisions\/2475"}],"wp:featuredmedia":[{"embeddable":true,"href":"https:\/\/ship-tracker.org\/tr\/wp-json\/wp\/v2\/media\/2057"}],"wp:attachment":[{"href":"https:\/\/ship-tracker.org\/tr\/wp-json\/wp\/v2\/media?parent=2056"}],"curies":[{"name":"wp","href":"https:\/\/api.w.org\/{rel}","templated":true}]}}