{"id":2049,"date":"2020-04-29T14:38:31","date_gmt":"2020-04-29T12:38:31","guid":{"rendered":"https:\/\/ship-tracker.org\/?page_id=2049"},"modified":"2022-11-01T13:43:29","modified_gmt":"2022-11-01T12:43:29","slug":"cunard-line","status":"publish","type":"page","link":"https:\/\/ship-tracker.org\/tr\/cunard-line\/","title":{"rendered":"Cunard Line"},"content":{"rendered":"<h2>Cunard Line Fleet Location Gemiler, IMO numaralar\u0131, MMSI, Webcam<\/h2>\n<p>Cunard Line Fleet&#039;in \u015fu anki konumu nerededir?<\/p>\n<table style=\"border-collapse: collapse; width: 100%; height: 96px;\">\n<tbody>\n<tr style=\"height: 24px;\">\n<td style=\"width: 33.3333%; height: 24px;\"><span style=\"color: #1f405b;\"><strong>Gemi<\/strong><\/span><\/td>\n<td style=\"width: 33.3333%; height: 24px;\"><span style=\"color: #1f405b;\"><strong>IMO<\/strong><\/span><\/td>\n<td style=\"width: 33.3333%; height: 24px;\"><span style=\"color: #1f405b;\"><strong>MMSI<\/strong><\/span><\/td>\n<\/tr>\n<tr style=\"height: 24px;\">\n<td style=\"width: 33.3333%; height: 24px;\"><a href=\"https:\/\/ship-tracker.org\/tr\/queen-elizabeth\/\">Queen Elizabeth<\/a><\/td>\n<td style=\"width: 33.3333%; height: 24px;\">9477438<\/td>\n<td style=\"width: 33.3333%; height: 24px;\">310625000<\/td>\n<\/tr>\n<tr style=\"height: 24px;\">\n<td style=\"width: 33.3333%; height: 24px;\"><a href=\"https:\/\/ship-tracker.org\/tr\/queen-victoria\/\">Queen Victoria<\/a><\/td>\n<td style=\"width: 33.3333%; height: 24px;\">9320556<\/td>\n<td style=\"width: 33.3333%; height: 24px;\">310624000<\/td>\n<\/tr>\n<tr style=\"height: 24px;\">\n<td style=\"width: 33.3333%; height: 24px;\"><a href=\"https:\/\/ship-tracker.org\/tr\/queen-mary-2\/\">Queen Mary 2<\/a><\/td>\n<td style=\"width: 33.3333%; height: 24px;\">9241061<\/td>\n<td style=\"width: 33.3333%; height: 24px;\">310627000<\/td>\n<\/tr>\n<tr>\n<td style=\"width: 33.3333%;\"><a href=\"https:\/\/ship-tracker.org\/tr\/queen-anne\/\">Krali\u00e7e Anne<\/a><\/td>\n<td style=\"width: 33.3333%;\">2024<\/td>\n<td style=\"width: 33.3333%;\"><\/td>\n<\/tr>\n<\/tbody>\n<\/table>\n<h2>Cunard Line hakk\u0131nda<\/h2>\n<p>Cunard Line, klasik \u0130ngiliz l\u00fcks\u00fcn\u00fc ve zarafetini temsil eder. Cunard filosu \u00fc\u00e7 \u015f\u0131k 5 y\u0131ld\u0131zl\u0131 yolcu gemisinden olu\u015fur: Krali\u00e7e Elizabeth, Krali\u00e7e Victoria ve Krali\u00e7e Mary 2. 150 y\u0131l boyunca, Cunard Line gemileri okyanuslara yelken a\u00e7t\u0131. Krali\u00e7e Mary ve Krali\u00e7e Elizabeth gibi gemilerle, nakliye \u015firketimiz Southampton ve New York aras\u0131ndaki rotada d\u00fcnyaca \u00fcnl\u00fc oldu. Bug\u00fcn bile, 6 g\u00fcnl\u00fck l\u00fcks bir deniz yolculu\u011fundan sonra \u00d6zg\u00fcrl\u00fck Heykeli&#039;ni ve Manhattan&#039;\u0131n sil\u00fcetini g\u00f6rmenin nas\u0131l bir \u015fey oldu\u011funu kendiniz deneyimleyebilirsiniz.<\/p>\n<p>Ola\u011fan\u00fcst\u00fc maceralar\u0131 deneyimlemek ve t\u00fcm d\u00fcnyay\u0131 ke\u015ffetmek i\u00e7in \u015fimdi Cunard Line ile bir yolculuk se\u00e7in. \u00d6zenle tasarlanm\u0131\u015f g\u00fczergahlar seyahat s\u00fcrenizden en iyi \u015fekilde yararlanman\u0131z\u0131 sa\u011flayacakt\u0131r. Cunard filosu sizi Norve\u00e7, Girit, Bermuda ve Avustralya gibi d\u00fcnyan\u0131n en g\u00fczel yerlerine g\u00f6t\u00fcrecek. Ayr\u0131ca 4 aya kadar olan yolculuklarda d\u00fcnyay\u0131 dola\u015fabilirsiniz. Cunard Line, yolculuklar\u0131n\u0131z\u0131n \u00e7ok y\u00f6nl\u00fcl\u00fc\u011f\u00fcn\u00fc sunar, b\u00f6ylece t\u00fcm istekleriniz yerine getirilebilir.<\/p>\n<p>Cunard Line gemilerinde, ana restoran ve a\u00e7\u0131k b\u00fcfe restoranlardaki yemeklerin yan\u0131 s\u0131ra b\u00fcfe restorandaki otomatlardan gelen \u00e7ay ve kahve fiyata dahildir. Kapu\u00e7ino, espresso ve alkols\u00fcz i\u00e7ecekler gibi kahve spesiyaliteleri i\u00e7in ek \u00fccret al\u0131n\u0131r. Verandah Grill gibi \u00f6zel restoranlarda ek \u00fccret \u00f6dersiniz ve rezervasyon yap\u0131lmas\u0131 \u00f6nerilir.<\/p>\n<p>\u00d6rne\u011fin, k\u00fct\u00fcphanedeki iyi yerle\u015ftirilmi\u015f bir okuma sandalyesinde rahatlay\u0131n. Ayr\u0131ca gezinti g\u00fcvertesinde canland\u0131r\u0131c\u0131 bir sabah\u0131n yan\u0131 s\u0131ra, aralar\u0131ndan se\u00e7im yapabilece\u011finiz \u00e7ok \u00e7e\u015fitli restoran ve bar deneyimlerine de sahipsiniz. Kruvaziyer gemilerimiz, dikkatle tasarlanm\u0131\u015f odalar, geni\u015f kabinler ve g\u00fczel, dinlendirici restoranlara sahiptir; Gemide, nostalji modernite ile birle\u015ftirilir. Klasik karaktere ra\u011fmen, her zamanki modern tesisler hizmetinizdedir.<\/p>","protected":false},"excerpt":{"rendered":"<p>Cunard Line Filo Lokasyonu Gemiler, IMO numaralar\u0131, MMSI, Web kameralar\u0131 Cunard Line Filosunun \u015fu anki konumu nerede? Gemi IMO MMSI Queen Elizabeth 9477438 310625000 Queen Victoria 9320556 310624000 Queen Mary 2 9241061 310627000 Queen Anne 2024 Cunard Line Hakk\u0131nda Cunard Line, klasik \u0130ngiliz l\u00fcks\u00fcn\u00fc ve zarafetini temsil eder. Cunard filosu \u015funlardan olu\u015fur:&nbsp;<a href=\"https:\/\/ship-tracker.org\/tr\/cunard-line\/\" rel=\"bookmark\">Devam\u0131n\u0131 oku &quot;<span class=\"screen-reader-text\">Cunard Line<\/span><\/a><\/p>","protected":false},"author":1,"featured_media":2055,"parent":0,"menu_order":0,"comment_status":"closed","ping_status":"closed","template":"","meta":{"neve_meta_sidebar":"","neve_meta_container":"","neve_meta_enable_content_width":"","neve_meta_content_width":0,"neve_meta_title_alignment":"","neve_meta_author_avatar":"","neve_post_elements_order":"","neve_meta_disable_header":"","neve_meta_disable_footer":"","neve_meta_disable_title":"","neve_meta_reading_time":"","footnotes":""},"class_list":["post-2049","page","type-page","status-publish","has-post-thumbnail","hentry"],"yoast_head":"<!-- This site is optimized with the Yoast SEO plugin v26.9 - https:\/\/yoast.com\/product\/yoast-seo-wordpress\/ -->\n<title>Track Cunard Line Fleet | Cruise Ships | Marine Vessel<\/title>\n<meta name=\"description\" content=\"Cunard Line Fleet Location | Current Positions of Cunard Line Ships, IMO numbers, MMSI, Webcam | Live Fleet Maps | Live Ship Tracker\" \/>\n<meta name=\"robots\" content=\"index, follow, max-snippet:-1, max-image-preview:large, max-video-preview:-1\" \/>\n<link rel=\"canonical\" href=\"https:\/\/ship-tracker.org\/tr\/cunard-line\/\" \/>\n<meta property=\"og:locale\" content=\"tr_TR\" \/>\n<meta property=\"og:type\" content=\"article\" \/>\n<meta property=\"og:title\" content=\"Track Cunard Line Fleet | Cruise Ships | Marine Vessel\" \/>\n<meta property=\"og:description\" content=\"Cunard Line Fleet Location | Current Positions of Cunard Line Ships, IMO numbers, MMSI, Webcam | Live Fleet Maps | Live Ship Tracker\" \/>\n<meta property=\"og:url\" content=\"https:\/\/ship-tracker.org\/tr\/cunard-line\/\" \/>\n<meta property=\"og:site_name\" content=\"Ship-tracker.org\" \/>\n<meta property=\"article:modified_time\" content=\"2022-11-01T12:43:29+00:00\" \/>\n<meta property=\"og:image\" content=\"https:\/\/ship-tracker.org\/wp-content\/uploads\/2020\/04\/reederei-cunard.jpg\" \/>\n\t<meta property=\"og:image:width\" content=\"325\" \/>\n\t<meta property=\"og:image:height\" content=\"245\" \/>\n\t<meta property=\"og:image:type\" content=\"image\/jpeg\" \/>\n<meta name=\"twitter:card\" content=\"summary_large_image\" \/>\n<meta name=\"twitter:label1\" content=\"Tahmini okuma s\u00fcresi\" \/>\n\t<meta name=\"twitter:data1\" content=\"2 dakika\" \/>\n<script type=\"application\/ld+json\" class=\"yoast-schema-graph\">{\"@context\":\"https:\/\/schema.org\",\"@graph\":[{\"@type\":\"WebPage\",\"@id\":\"https:\/\/ship-tracker.org\/cunard-line\/\",\"url\":\"https:\/\/ship-tracker.org\/cunard-line\/\",\"name\":\"Track Cunard Line Fleet | Cruise Ships | Marine Vessel\",\"isPartOf\":{\"@id\":\"https:\/\/ship-tracker.org\/#website\"},\"primaryImageOfPage\":{\"@id\":\"https:\/\/ship-tracker.org\/cunard-line\/#primaryimage\"},\"image\":{\"@id\":\"https:\/\/ship-tracker.org\/cunard-line\/#primaryimage\"},\"thumbnailUrl\":\"https:\/\/ship-tracker.org\/wp-content\/uploads\/2020\/04\/reederei-cunard.jpg\",\"datePublished\":\"2020-04-29T12:38:31+00:00\",\"dateModified\":\"2022-11-01T12:43:29+00:00\",\"description\":\"Cunard Line Fleet Location | Current Positions of Cunard Line Ships, IMO numbers, MMSI, Webcam | Live Fleet Maps | Live Ship Tracker\",\"breadcrumb\":{\"@id\":\"https:\/\/ship-tracker.org\/cunard-line\/#breadcrumb\"},\"inLanguage\":\"tr\",\"potentialAction\":[{\"@type\":\"ReadAction\",\"target\":[\"https:\/\/ship-tracker.org\/cunard-line\/\"]}]},{\"@type\":\"ImageObject\",\"inLanguage\":\"tr\",\"@id\":\"https:\/\/ship-tracker.org\/cunard-line\/#primaryimage\",\"url\":\"https:\/\/ship-tracker.org\/wp-content\/uploads\/2020\/04\/reederei-cunard.jpg\",\"contentUrl\":\"https:\/\/ship-tracker.org\/wp-content\/uploads\/2020\/04\/reederei-cunard.jpg\",\"width\":325,\"height\":245,\"caption\":\"Cunard Line\"},{\"@type\":\"BreadcrumbList\",\"@id\":\"https:\/\/ship-tracker.org\/cunard-line\/#breadcrumb\",\"itemListElement\":[{\"@type\":\"ListItem\",\"position\":1,\"name\":\"Startseite\",\"item\":\"https:\/\/ship-tracker.org\/\"},{\"@type\":\"ListItem\",\"position\":2,\"name\":\"Cunard Line\"}]},{\"@type\":\"WebSite\",\"@id\":\"https:\/\/ship-tracker.org\/#website\",\"url\":\"https:\/\/ship-tracker.org\/\",\"name\":\"Ship-tracker.org\",\"description\":\"\",\"potentialAction\":[{\"@type\":\"SearchAction\",\"target\":{\"@type\":\"EntryPoint\",\"urlTemplate\":\"https:\/\/ship-tracker.org\/?s={search_term_string}\"},\"query-input\":{\"@type\":\"PropertyValueSpecification\",\"valueRequired\":true,\"valueName\":\"search_term_string\"}}],\"inLanguage\":\"tr\"}]}<\/script>\n<!-- \/ Yoast SEO plugin. -->","yoast_head_json":{"title":"Par\u00e7a Cunard Hatt\u0131 Filosu | Cruise Gemileri | Deniz Ara\u00e7lar\u0131","description":"Cunard Line Filo Konumu | Cunard Line Gemilerinin G\u00fcncel Konumlar\u0131, IMO numaralar\u0131, MMSI, Webcam | Canl\u0131 Filo Haritalar\u0131 | Canl\u0131 Gemi Takibi","robots":{"index":"index","follow":"follow","max-snippet":"max-snippet:-1","max-image-preview":"max-image-preview:large","max-video-preview":"max-video-preview:-1"},"canonical":"https:\/\/ship-tracker.org\/tr\/cunard-line\/","og_locale":"tr_TR","og_type":"article","og_title":"Track Cunard Line Fleet | Cruise Ships | Marine Vessel","og_description":"Cunard Line Fleet Location | Current Positions of Cunard Line Ships, IMO numbers, MMSI, Webcam | Live Fleet Maps | Live Ship Tracker","og_url":"https:\/\/ship-tracker.org\/tr\/cunard-line\/","og_site_name":"Ship-tracker.org","article_modified_time":"2022-11-01T12:43:29+00:00","og_image":[{"width":325,"height":245,"url":"https:\/\/ship-tracker.org\/wp-content\/uploads\/2020\/04\/reederei-cunard.jpg","type":"image\/jpeg"}],"twitter_card":"summary_large_image","twitter_misc":{"Tahmini okuma s\u00fcresi":"2 dakika"},"schema":{"@context":"https:\/\/schema.org","@graph":[{"@type":"WebPage","@id":"https:\/\/ship-tracker.org\/cunard-line\/","url":"https:\/\/ship-tracker.org\/cunard-line\/","name":"Par\u00e7a Cunard Hatt\u0131 Filosu | Cruise Gemileri | Deniz Ara\u00e7lar\u0131","isPartOf":{"@id":"https:\/\/ship-tracker.org\/#website"},"primaryImageOfPage":{"@id":"https:\/\/ship-tracker.org\/cunard-line\/#primaryimage"},"image":{"@id":"https:\/\/ship-tracker.org\/cunard-line\/#primaryimage"},"thumbnailUrl":"https:\/\/ship-tracker.org\/wp-content\/uploads\/2020\/04\/reederei-cunard.jpg","datePublished":"2020-04-29T12:38:31+00:00","dateModified":"2022-11-01T12:43:29+00:00","description":"Cunard Line Filo Konumu | Cunard Line Gemilerinin G\u00fcncel Konumlar\u0131, IMO numaralar\u0131, MMSI, Webcam | Canl\u0131 Filo Haritalar\u0131 | Canl\u0131 Gemi Takibi","breadcrumb":{"@id":"https:\/\/ship-tracker.org\/cunard-line\/#breadcrumb"},"inLanguage":"tr","potentialAction":[{"@type":"ReadAction","target":["https:\/\/ship-tracker.org\/cunard-line\/"]}]},{"@type":"ImageObject","inLanguage":"tr","@id":"https:\/\/ship-tracker.org\/cunard-line\/#primaryimage","url":"https:\/\/ship-tracker.org\/wp-content\/uploads\/2020\/04\/reederei-cunard.jpg","contentUrl":"https:\/\/ship-tracker.org\/wp-content\/uploads\/2020\/04\/reederei-cunard.jpg","width":325,"height":245,"caption":"Cunard Line"},{"@type":"BreadcrumbList","@id":"https:\/\/ship-tracker.org\/cunard-line\/#breadcrumb","itemListElement":[{"@type":"ListItem","position":1,"name":"Startseite","item":"https:\/\/ship-tracker.org\/"},{"@type":"ListItem","position":2,"name":"Cunard Line"}]},{"@type":"WebSite","@id":"https:\/\/ship-tracker.org\/#website","url":"https:\/\/ship-tracker.org\/","name":"Ship-tracker.org","description":"","potentialAction":[{"@type":"SearchAction","target":{"@type":"EntryPoint","urlTemplate":"https:\/\/ship-tracker.org\/?s={search_term_string}"},"query-input":{"@type":"PropertyValueSpecification","valueRequired":true,"valueName":"search_term_string"}}],"inLanguage":"tr"}]}},"_links":{"self":[{"href":"https:\/\/ship-tracker.org\/tr\/wp-json\/wp\/v2\/pages\/2049","targetHints":{"allow":["GET"]}}],"collection":[{"href":"https:\/\/ship-tracker.org\/tr\/wp-json\/wp\/v2\/pages"}],"about":[{"href":"https:\/\/ship-tracker.org\/tr\/wp-json\/wp\/v2\/types\/page"}],"author":[{"embeddable":true,"href":"https:\/\/ship-tracker.org\/tr\/wp-json\/wp\/v2\/users\/1"}],"replies":[{"embeddable":true,"href":"https:\/\/ship-tracker.org\/tr\/wp-json\/wp\/v2\/comments?post=2049"}],"version-history":[{"count":10,"href":"https:\/\/ship-tracker.org\/tr\/wp-json\/wp\/v2\/pages\/2049\/revisions"}],"predecessor-version":[{"id":3541,"href":"https:\/\/ship-tracker.org\/tr\/wp-json\/wp\/v2\/pages\/2049\/revisions\/3541"}],"wp:featuredmedia":[{"embeddable":true,"href":"https:\/\/ship-tracker.org\/tr\/wp-json\/wp\/v2\/media\/2055"}],"wp:attachment":[{"href":"https:\/\/ship-tracker.org\/tr\/wp-json\/wp\/v2\/media?parent=2049"}],"curies":[{"name":"wp","href":"https:\/\/api.w.org\/{rel}","templated":true}]}}