{"id":1955,"date":"2020-03-27T20:31:06","date_gmt":"2020-03-27T19:31:06","guid":{"rendered":"https:\/\/ship-tracker.org\/?page_id=1955"},"modified":"2020-03-27T20:31:06","modified_gmt":"2020-03-27T19:31:06","slug":"usns-mercy","status":"publish","type":"page","link":"https:\/\/ship-tracker.org\/tr\/usns-mercy\/","title":{"rendered":"USNS Mercy"},"content":{"rendered":"<p><script async=\"\" src=\"https:\/\/pagead2.googlesyndication.com\/pagead\/js\/adsbygoogle.js\"><\/script><br \/>\n<!-- Ship-Tracker Display --><br \/>\n<ins class=\"adsbygoogle\" style=\"display: block;\" data-ad-client=\"ca-pub-1316785063791781\" data-ad-slot=\"8075999632\" data-ad-format=\"auto\" data-full-width-responsive=\"true\"><\/ins><br \/>\n<script>\n     (adsbygoogle = window.adsbygoogle || []).push({});\n<\/script><\/p>\n<p><img loading=\"lazy\" decoding=\"async\" class=\"aligncenter size-full wp-image-1957\" src=\"https:\/\/ship-tracker.org\/wp-content\/uploads\/2020\/03\/Bildschirmfoto-2020-03-27-um-20.05.39-e1585336997789.png\" alt=\"USNS Mercy\" width=\"900\" height=\"377\" \/><\/p>\n<h2><span style=\"color: #000000;\">Ge\u00e7erli konum ve <\/span><span style=\"color: #000000;\">USNS Mercy&#039;in pozisyonu (T-AH-19)<\/span><\/h2>\n<p>USNS Mercy&#039;in \u015fu anki konumu nerededir?<br \/>\n<script async=\"\" src=\"https:\/\/pagead2.googlesyndication.com\/pagead\/js\/adsbygoogle.js\"><\/script><br \/>\n<!-- Schip-Tracker Linkanzeigen --><br \/>\n<ins class=\"adsbygoogle\" style=\"display: block;\" data-ad-client=\"ca-pub-1316785063791781\" data-ad-slot=\"3429004156\" data-ad-format=\"link\" data-full-width-responsive=\"true\"><\/ins><br \/>\n<script>\n     (adsbygoogle = window.adsbygoogle || []).push({});\n<\/script><br \/>\n<script type=\"text\/javascript\">\n  var width=\"100%\";var height=\"400\";\n  var mmsi=367816000;\n<\/script><script type=\"text\/javascript\" src=\"https:\/\/www.vesselfinder.com\/aismap.js\"><\/script><\/p>\n<p><script async=\"\" src=\"https:\/\/pagead2.googlesyndication.com\/pagead\/js\/adsbygoogle.js\"><\/script><br \/>\n<!-- Ship-Tracker Display --><br \/>\n<ins class=\"adsbygoogle\" style=\"display: block;\" data-ad-client=\"ca-pub-1316785063791781\" data-ad-slot=\"8075999632\" data-ad-format=\"auto\" data-full-width-responsive=\"true\"><\/ins><br \/>\n<script>\n     (adsbygoogle = window.adsbygoogle || []).push({});\n<\/script><\/p>\n<p>USNS Mercy\u00b4&#039;n\u0131n mevcut konumunu g\u00f6r\u00fcnt\u00fcleyin.SNSNS Mercy&#039;in pozisyonu VesselFinder ve MarineTraffic haritalar\u0131 taraf\u0131ndan do\u011fru bir \u015fekilde belirlenebilir. B\u00f6ylece en sevdi\u011finiz geminin \u015fu anda nerede oldu\u011fu her zaman iyi bilgilendirilirsiniz.<\/p>\n<h2 class=\"title\"><span style=\"color: #000000;\">USNS Mercy \u0130ncelemesi ve \u00d6zellikleri<\/span><\/h2>\n<table style=\"height: 294px;\" width=\"400\">\n<tbody>\n<tr>\n<td style=\"width: 192px;\"><span style=\"color: #000000;\"><strong>B\u0131rakt\u0131<\/strong><\/span><\/td>\n<td style=\"width: 192px;\"><span style=\"color: #000000;\">12 Haziran 1974<\/span><\/td>\n<\/tr>\n<tr>\n<td style=\"width: 192px;\"><span style=\"color: #000000;\"><strong>ba\u015flat\u0131lan<\/strong><\/span><\/td>\n<td style=\"width: 192px;\"><span style=\"color: #000000;\">1 Temmuz 1975<\/span><\/td>\n<\/tr>\n<tr>\n<td style=\"width: 192px;\"><span style=\"color: #000000;\"><strong>Flagg<\/strong><\/span><\/td>\n<td style=\"width: 192px;\"><span style=\"color: #000000;\">Amerika Birle\u015fik Devletleri<\/span><\/td>\n<\/tr>\n<tr>\n<td style=\"width: 192px;\"><span style=\"color: #000000;\"><strong>in\u015faat\u00e7\u0131<\/strong><\/span><\/td>\n<td style=\"width: 192px;\"><span style=\"color: #000000;\">Ulusal \u00c7elik ve Gemi \u0130n\u015fa \u015eirketi<\/span><\/td>\n<\/tr>\n<tr>\n<td style=\"width: 192px;\"><span style=\"color: #000000;\"><strong>uzunluk<\/strong><\/span><\/td>\n<td style=\"width: 192px;\"><span style=\"color: #000000;\">894 ayak<\/span><\/td>\n<\/tr>\n<tr>\n<td style=\"width: 192px;\"><span style=\"color: #000000;\"><strong>kiri\u015f<\/strong><\/span><\/td>\n<td style=\"width: 192px;\"><span style=\"color: #000000;\">106 ayak<\/span><\/td>\n<\/tr>\n<tr>\n<td style=\"width: 192px;\"><span style=\"color: #000000;\"><strong>Yer de\u011fi\u015ftirme<\/strong><\/span><\/td>\n<td style=\"width: 192px;\"><span style=\"color: #000000;\">65.552 ton<\/span><\/td>\n<\/tr>\n<tr>\n<td style=\"width: 192px;\"><span style=\"color: #000000;\"><strong>itme<\/strong><\/span><\/td>\n<td style=\"width: 192px;\"><span style=\"color: #000000;\">wo kazanlar, iki GE t\u00fcrbini, bir \u015faft, 24.500hp<\/span><\/td>\n<\/tr>\n<tr>\n<td style=\"width: 192px;\"><span style=\"color: #000000;\"><strong>m\u00fcrettebat<\/strong><\/span><\/td>\n<td style=\"width: 192px;\"><span style=\"color: #000000;\">321 ila 1.277\u00a0<\/span><\/td>\n<\/tr>\n<tr>\n<td style=\"width: 192px;\"><span style=\"color: #000000;\"><strong>h\u0131z<\/strong><\/span><\/td>\n<td style=\"width: 192px;\"><span style=\"color: #000000;\">17 deniz mili<\/span><\/td>\n<\/tr>\n<tr>\n<td style=\"width: 192px;\"><span style=\"color: #000000;\"><strong><b>itme<\/b><\/strong><\/span><\/td>\n<td style=\"width: 192px;\"><span style=\"color: #000000;\">Dizel-elektrik<\/span><\/td>\n<\/tr>\n<\/tbody>\n<\/table>\n<p>&nbsp;<\/p>\n<p><script async=\"\" src=\"https:\/\/pagead2.googlesyndication.com\/pagead\/js\/adsbygoogle.js\"><\/script><br \/>\n<!-- Schip-Tracker Linkanzeigen --><br \/>\n<ins class=\"adsbygoogle\" style=\"display: block;\" data-ad-client=\"ca-pub-1316785063791781\" data-ad-slot=\"3429004156\" data-ad-format=\"link\" data-full-width-responsive=\"true\"><\/ins><br \/>\n<script>\n     (adsbygoogle = window.adsbygoogle || []).push({});\n<\/script><\/p>\n<h4><span style=\"color: #000000;\">USNS Mercy Videosu<\/span><\/h4>\n<div class=\"su-youtube su-u-responsive-media-yes\"><iframe loading=\"lazy\" width=\"600\" height=\"400\" src=\"https:\/\/www.youtube.com\/embed\/YnBucju7o7Y?\" frameborder=\"0\" allowfullscreen allow=\"autoplay; encrypted-media; picture-in-picture\" title=\"\"><\/iframe><\/div>","protected":false},"excerpt":{"rendered":"<p>USNS Mercy&#039;nin (T-AH-19) g\u00fcncel konumu ve pozisyonu USNS Mercy&#039;nin \u015fu anki konumu nerede? USNS Mercy&#039;nin g\u00fcncel konumunu g\u00f6r\u00fcnt\u00fcleyin. USNS Mercy&#039;nin konumu VesselFinder ve MarineTraffic haritalar\u0131 ile do\u011fru bir \u015fekilde belirlenebilir. B\u00f6ylece en sevdi\u011finiz geminin \u015fu anda nerede oldu\u011funu her zaman iyi bir \u015fekilde bilirsiniz. USNS Mercy \u0130ncelemesi ve \u00d6zellikleri Yay\u0131mland\u0131\u2026&nbsp;<a href=\"https:\/\/ship-tracker.org\/tr\/usns-mercy\/\" rel=\"bookmark\">Devam\u0131n\u0131 oku &quot;<span class=\"screen-reader-text\">USNS Mercy<\/span><\/a><\/p>","protected":false},"author":1,"featured_media":0,"parent":0,"menu_order":0,"comment_status":"closed","ping_status":"closed","template":"","meta":{"neve_meta_sidebar":"","neve_meta_container":"","neve_meta_enable_content_width":"","neve_meta_content_width":0,"neve_meta_title_alignment":"","neve_meta_author_avatar":"","neve_post_elements_order":"","neve_meta_disable_header":"","neve_meta_disable_footer":"","neve_meta_disable_title":"","neve_meta_reading_time":"","footnotes":""},"class_list":["post-1955","page","type-page","status-publish","hentry"],"yoast_head":"<!-- This site is optimized with the Yoast SEO plugin v26.9 - https:\/\/yoast.com\/product\/yoast-seo-wordpress\/ -->\n<title>USNS Mercy \u2503 Current location and position of the Hospital ship<\/title>\n<meta name=\"description\" content=\"ll\u2b50\u27a4 USNS Mercy \u2693 \u2705 Current location and position of USNS Mercy (T-AH-19) \u2705 Cruise Ship Tracker \u2705 Live Ship Tracker \u25034. Nisan 2026 \u2503Hospital ship\" \/>\n<meta name=\"robots\" content=\"index, follow, max-snippet:-1, max-image-preview:large, max-video-preview:-1\" \/>\n<link rel=\"canonical\" href=\"https:\/\/ship-tracker.org\/tr\/usns-mercy\/\" \/>\n<meta property=\"og:locale\" content=\"tr_TR\" \/>\n<meta property=\"og:type\" content=\"article\" \/>\n<meta property=\"og:title\" content=\"USNS Mercy \u2503 Current location and position of the Hospital ship\" \/>\n<meta property=\"og:description\" content=\"ll\u2b50\u27a4 USNS Mercy \u2693 \u2705 Current location and position of USNS Mercy (T-AH-19) \u2705 Cruise Ship Tracker \u2705 Live Ship Tracker \u25034. Nisan 2026 \u2503Hospital ship\" \/>\n<meta property=\"og:url\" content=\"https:\/\/ship-tracker.org\/tr\/usns-mercy\/\" \/>\n<meta property=\"og:site_name\" content=\"Ship-tracker.org\" \/>\n<meta property=\"og:image\" content=\"https:\/\/ship-tracker.org\/wp-content\/uploads\/2020\/03\/Bildschirmfoto-2020-03-27-um-20.05.39-e1585336997789.png\" \/>\n<meta name=\"twitter:card\" content=\"summary_large_image\" \/>\n<meta name=\"twitter:label1\" content=\"Tahmini okuma s\u00fcresi\" \/>\n\t<meta name=\"twitter:data1\" content=\"1 dakika\" \/>\n<script type=\"application\/ld+json\" class=\"yoast-schema-graph\">{\"@context\":\"https:\/\/schema.org\",\"@graph\":[{\"@type\":\"WebPage\",\"@id\":\"https:\/\/ship-tracker.org\/usns-mercy\/\",\"url\":\"https:\/\/ship-tracker.org\/usns-mercy\/\",\"name\":\"USNS Mercy \u2503 Current location and position of the Hospital ship\",\"isPartOf\":{\"@id\":\"https:\/\/ship-tracker.org\/#website\"},\"primaryImageOfPage\":{\"@id\":\"https:\/\/ship-tracker.org\/usns-mercy\/#primaryimage\"},\"image\":{\"@id\":\"https:\/\/ship-tracker.org\/usns-mercy\/#primaryimage\"},\"thumbnailUrl\":\"https:\/\/ship-tracker.org\/wp-content\/uploads\/2020\/03\/Bildschirmfoto-2020-03-27-um-20.05.39-e1585336997789.png\",\"datePublished\":\"2020-03-27T19:31:06+00:00\",\"description\":\"ll\u2b50\u27a4 USNS Mercy \u2693 \u2705 Current location and position of USNS Mercy (T-AH-19) \u2705 Cruise Ship Tracker \u2705 Live Ship Tracker \u25034. Nisan 2026 \u2503Hospital ship\",\"breadcrumb\":{\"@id\":\"https:\/\/ship-tracker.org\/usns-mercy\/#breadcrumb\"},\"inLanguage\":\"tr\",\"potentialAction\":[{\"@type\":\"ReadAction\",\"target\":[\"https:\/\/ship-tracker.org\/usns-mercy\/\"]}]},{\"@type\":\"ImageObject\",\"inLanguage\":\"tr\",\"@id\":\"https:\/\/ship-tracker.org\/usns-mercy\/#primaryimage\",\"url\":\"https:\/\/ship-tracker.org\/wp-content\/uploads\/2020\/03\/Bildschirmfoto-2020-03-27-um-20.05.39-e1585336997789.png\",\"contentUrl\":\"https:\/\/ship-tracker.org\/wp-content\/uploads\/2020\/03\/Bildschirmfoto-2020-03-27-um-20.05.39-e1585336997789.png\"},{\"@type\":\"BreadcrumbList\",\"@id\":\"https:\/\/ship-tracker.org\/usns-mercy\/#breadcrumb\",\"itemListElement\":[{\"@type\":\"ListItem\",\"position\":1,\"name\":\"Startseite\",\"item\":\"https:\/\/ship-tracker.org\/\"},{\"@type\":\"ListItem\",\"position\":2,\"name\":\"USNS Mercy\"}]},{\"@type\":\"WebSite\",\"@id\":\"https:\/\/ship-tracker.org\/#website\",\"url\":\"https:\/\/ship-tracker.org\/\",\"name\":\"Ship-tracker.org\",\"description\":\"\",\"potentialAction\":[{\"@type\":\"SearchAction\",\"target\":{\"@type\":\"EntryPoint\",\"urlTemplate\":\"https:\/\/ship-tracker.org\/?s={search_term_string}\"},\"query-input\":{\"@type\":\"PropertyValueSpecification\",\"valueRequired\":true,\"valueName\":\"search_term_string\"}}],\"inLanguage\":\"tr\"}]}<\/script>\n<!-- \/ Yoast SEO plugin. -->","yoast_head_json":{"title":"USNS Mercy \u2503 Hastane gemisinin ge\u00e7erli konumu ve konumu","description":"ll\u2b50\u27a4 USNS Mercy \u2693 \u2705 Current location and position of USNS Mercy (T-AH-19) \u2705 Cruise Ship Tracker \u2705 Live Ship Tracker \u25034. Nisan 2026 \u2503Hospital ship","robots":{"index":"index","follow":"follow","max-snippet":"max-snippet:-1","max-image-preview":"max-image-preview:large","max-video-preview":"max-video-preview:-1"},"canonical":"https:\/\/ship-tracker.org\/tr\/usns-mercy\/","og_locale":"tr_TR","og_type":"article","og_title":"USNS Mercy \u2503 Current location and position of the Hospital ship","og_description":"ll\u2b50\u27a4 USNS Mercy \u2693 \u2705 Current location and position of USNS Mercy (T-AH-19) \u2705 Cruise Ship Tracker \u2705 Live Ship Tracker \u25034. Nisan 2026 \u2503Hospital ship","og_url":"https:\/\/ship-tracker.org\/tr\/usns-mercy\/","og_site_name":"Ship-tracker.org","og_image":[{"url":"https:\/\/ship-tracker.org\/wp-content\/uploads\/2020\/03\/Bildschirmfoto-2020-03-27-um-20.05.39-e1585336997789.png","type":"","width":"","height":""}],"twitter_card":"summary_large_image","twitter_misc":{"Tahmini okuma s\u00fcresi":"1 dakika"},"schema":{"@context":"https:\/\/schema.org","@graph":[{"@type":"WebPage","@id":"https:\/\/ship-tracker.org\/usns-mercy\/","url":"https:\/\/ship-tracker.org\/usns-mercy\/","name":"USNS Mercy \u2503 Hastane gemisinin ge\u00e7erli konumu ve konumu","isPartOf":{"@id":"https:\/\/ship-tracker.org\/#website"},"primaryImageOfPage":{"@id":"https:\/\/ship-tracker.org\/usns-mercy\/#primaryimage"},"image":{"@id":"https:\/\/ship-tracker.org\/usns-mercy\/#primaryimage"},"thumbnailUrl":"https:\/\/ship-tracker.org\/wp-content\/uploads\/2020\/03\/Bildschirmfoto-2020-03-27-um-20.05.39-e1585336997789.png","datePublished":"2020-03-27T19:31:06+00:00","description":"ll\u2b50\u27a4 USNS Mercy \u2693 \u2705 Current location and position of USNS Mercy (T-AH-19) \u2705 Cruise Ship Tracker \u2705 Live Ship Tracker \u25034. Nisan 2026 \u2503Hospital ship","breadcrumb":{"@id":"https:\/\/ship-tracker.org\/usns-mercy\/#breadcrumb"},"inLanguage":"tr","potentialAction":[{"@type":"ReadAction","target":["https:\/\/ship-tracker.org\/usns-mercy\/"]}]},{"@type":"ImageObject","inLanguage":"tr","@id":"https:\/\/ship-tracker.org\/usns-mercy\/#primaryimage","url":"https:\/\/ship-tracker.org\/wp-content\/uploads\/2020\/03\/Bildschirmfoto-2020-03-27-um-20.05.39-e1585336997789.png","contentUrl":"https:\/\/ship-tracker.org\/wp-content\/uploads\/2020\/03\/Bildschirmfoto-2020-03-27-um-20.05.39-e1585336997789.png"},{"@type":"BreadcrumbList","@id":"https:\/\/ship-tracker.org\/usns-mercy\/#breadcrumb","itemListElement":[{"@type":"ListItem","position":1,"name":"Startseite","item":"https:\/\/ship-tracker.org\/"},{"@type":"ListItem","position":2,"name":"USNS Mercy"}]},{"@type":"WebSite","@id":"https:\/\/ship-tracker.org\/#website","url":"https:\/\/ship-tracker.org\/","name":"Ship-tracker.org","description":"","potentialAction":[{"@type":"SearchAction","target":{"@type":"EntryPoint","urlTemplate":"https:\/\/ship-tracker.org\/?s={search_term_string}"},"query-input":{"@type":"PropertyValueSpecification","valueRequired":true,"valueName":"search_term_string"}}],"inLanguage":"tr"}]}},"_links":{"self":[{"href":"https:\/\/ship-tracker.org\/tr\/wp-json\/wp\/v2\/pages\/1955","targetHints":{"allow":["GET"]}}],"collection":[{"href":"https:\/\/ship-tracker.org\/tr\/wp-json\/wp\/v2\/pages"}],"about":[{"href":"https:\/\/ship-tracker.org\/tr\/wp-json\/wp\/v2\/types\/page"}],"author":[{"embeddable":true,"href":"https:\/\/ship-tracker.org\/tr\/wp-json\/wp\/v2\/users\/1"}],"replies":[{"embeddable":true,"href":"https:\/\/ship-tracker.org\/tr\/wp-json\/wp\/v2\/comments?post=1955"}],"version-history":[{"count":2,"href":"https:\/\/ship-tracker.org\/tr\/wp-json\/wp\/v2\/pages\/1955\/revisions"}],"predecessor-version":[{"id":1958,"href":"https:\/\/ship-tracker.org\/tr\/wp-json\/wp\/v2\/pages\/1955\/revisions\/1958"}],"wp:attachment":[{"href":"https:\/\/ship-tracker.org\/tr\/wp-json\/wp\/v2\/media?parent=1955"}],"curies":[{"name":"wp","href":"https:\/\/api.w.org\/{rel}","templated":true}]}}