{"id":1635,"date":"2020-02-14T10:54:12","date_gmt":"2020-02-14T09:54:12","guid":{"rendered":"https:\/\/ship-tracker.org\/?page_id=1635"},"modified":"2022-10-27T14:25:53","modified_gmt":"2022-10-27T12:25:53","slug":"carnival-panorama","status":"publish","type":"page","link":"https:\/\/ship-tracker.org\/tr\/carnival-panorama\/","title":{"rendered":"Carnival Panorama"},"content":{"rendered":"<p><script async src=\"https:\/\/pagead2.googlesyndication.com\/pagead\/js\/adsbygoogle.js\"><\/script><br \/>\n<!-- Ship-Tracker Display --><br \/>\n<ins class=\"adsbygoogle\" style=\"display: block;\" data-ad-client=\"ca-pub-1316785063791781\" data-ad-slot=\"8075999632\" data-ad-format=\"auto\" data-full-width-responsive=\"true\"><\/ins><br \/>\n<script>\n     (adsbygoogle = window.adsbygoogle || []).push({});\n<\/script><\/p>\n<h2><span style=\"color: #000000;\">Ge\u00e7erli konum ve <\/span><span style=\"color: #000000;\">Karnaval Panoramas\u0131n\u0131n konumu<\/span><\/h2>\n<p>Carnival Panorama&#039;n\u0131n \u015fu anki konumu nerede?<br \/>\n<script async src=\"https:\/\/pagead2.googlesyndication.com\/pagead\/js\/adsbygoogle.js\"><\/script><br \/>\n<!-- Schip-Tracker Linkanzeigen --><br \/>\n<ins class=\"adsbygoogle\" style=\"display: block;\" data-ad-client=\"ca-pub-1316785063791781\" data-ad-slot=\"3429004156\" data-ad-format=\"link\" data-full-width-responsive=\"true\"><\/ins><br \/>\n<script>\n     (adsbygoogle = window.adsbygoogle || []).push({});\n<\/script><br \/>\n<script type=\"text\/javascript\">  var width=\"100%\";var height=\"400\";  var mmsi=374527000;<\/script><script type=\"text\/javascript\" src=\"https:\/\/www.vesselfinder.com\/aismap.js\"><\/script><\/p>\n<p><script async src=\"https:\/\/pagead2.googlesyndication.com\/pagead\/js\/adsbygoogle.js\"><\/script><br \/>\n<!-- Ship-Tracker Display --><br \/>\n<ins class=\"adsbygoogle\" style=\"display: block;\" data-ad-client=\"ca-pub-1316785063791781\" data-ad-slot=\"8075999632\" data-ad-format=\"auto\" data-full-width-responsive=\"true\"><\/ins><br \/>\n<script>\n     (adsbygoogle = window.adsbygoogle || []).push({});\n<\/script><\/p>\n<p>Carnival Panorama&#039;nin mevcut konumunu g\u00f6r\u00fcnt\u00fcleyin.Carnival Panorama konumu VesselFinder ve MarineTraffic haritalar\u0131 taraf\u0131ndan do\u011fru bir \u015fekilde belirlenebilir. Yani en sevdi\u011finiz geminizin \u015fu anda nerede oldu\u011fu konusunda her zaman iyi bilgilendirilirsiniz.<\/p>\n<h2 class=\"pageTitle shipItemTitle\"><span style=\"color: #000000;\">Karnaval Panorama \u0130ncelemesi ve Teknik \u00d6zellikleri<\/span><\/h2>\n<table style=\"height: 294px;\" width=\"400\">\n<tbody>\n<tr>\n<td style=\"width: 192px;\"><strong><span style=\"color: #000000;\">S\u0131n\u0131f<\/span><\/strong><\/td>\n<td style=\"width: 192px;\"><span style=\"color: #000000;\">manzara<\/span><\/td>\n<\/tr>\n<tr>\n<td style=\"width: 192px;\"><span style=\"color: #000000;\"><strong>Kurulu\u015f y\u0131l\u0131<\/strong><\/span><\/td>\n<td style=\"width: 192px;\"><span style=\"color: #000000;\">2019<\/span><\/td>\n<\/tr>\n<tr>\n<td style=\"width: 192px;\"><span style=\"color: #000000;\"><strong>in\u015faat\u00e7\u0131<\/strong><\/span><\/td>\n<td style=\"width: 192px;\"><span style=\"color: #000000;\">Fincantieri&#039;nin<\/span><\/td>\n<\/tr>\n<tr>\n<td style=\"width: 192px;\"><span style=\"color: #000000;\"><strong>uzunluk<\/strong><\/span><\/td>\n<td style=\"width: 192px;\"><span style=\"color: #000000;\">322<span class=\"specificationUnit\">\u00a0m<\/span><br \/>\n<\/span><\/td>\n<\/tr>\n<tr>\n<td style=\"width: 192px;\"><span style=\"color: #000000;\"><strong>kiri\u015f<\/strong><\/span><\/td>\n<td style=\"width: 192px;\"><span style=\"color: #000000;\">37<span class=\"specificationUnit\">\u00a0m<\/span><\/span><\/td>\n<\/tr>\n<tr>\n<td style=\"width: 192px;\"><span style=\"color: #000000;\"><strong>Br\u00fct Tonaj<\/strong><\/span><\/td>\n<td style=\"width: 192px;\"><span style=\"color: #000000;\">133500<span class=\"specificationUnit\">\u00a0GT<\/span><\/span><\/td>\n<\/tr>\n<tr>\n<td style=\"width: 192px;\"><span style=\"color: #000000;\"><strong>Yolcular<\/strong><\/span><\/td>\n<td style=\"width: 192px;\"><span style=\"color: #000000;\">4716<\/span><\/td>\n<\/tr>\n<tr>\n<td style=\"width: 192px;\"><span style=\"color: #000000;\"><strong>m\u00fcrettebat<\/strong><\/span><\/td>\n<td style=\"width: 192px;\"><span style=\"color: #000000;\">1450<\/span><\/td>\n<\/tr>\n<tr>\n<td style=\"width: 192px;\"><span style=\"color: #000000;\"><strong>g\u00fcverte<\/strong>\u00a0<\/span><\/td>\n<td style=\"width: 192px;\"><span style=\"color: #000000;\">14<\/span><\/td>\n<\/tr>\n<tr>\n<td style=\"width: 192px;\"><span style=\"color: #000000;\"><strong>h\u0131z<\/strong><\/span><\/td>\n<td style=\"width: 192px;\"><span style=\"color: #000000;\">23<span class=\"specificationUnit\">\u00a0kn<\/span><\/span><\/td>\n<\/tr>\n<tr>\n<td style=\"width: 192px;\"><span style=\"color: #000000;\"><strong><b>itme<\/b><\/strong><\/span><\/td>\n<td style=\"width: 192px;\"><span style=\"color: #000000;\">Dizel-elektrik<\/span><\/td>\n<\/tr>\n<tr>\n<td style=\"width: 192px;\"><span style=\"color: #000000;\"><strong><b>Sahip<\/b><\/strong><\/span><\/td>\n<td style=\"width: 192px;\"><a href=\"https:\/\/ship-tracker.org\/tr\/carnival-cruise-line\/\">Carnival Cruise Line<\/a><\/td>\n<\/tr>\n<\/tbody>\n<\/table>\n<p>&nbsp;<\/p>\n<figure id=\"attachment_1636\" aria-describedby=\"caption-attachment-1636\" style=\"width: 780px\" class=\"wp-caption aligncenter\"><img loading=\"lazy\" decoding=\"async\" class=\"size-full wp-image-1636\" src=\"https:\/\/ship-tracker.org\/wp-content\/uploads\/2020\/02\/Carnival-Panorama.jpg\" alt=\"Carnival Panorama\" width=\"780\" height=\"373\" srcset=\"https:\/\/ship-tracker.org\/wp-content\/uploads\/2020\/02\/Carnival-Panorama.jpg 780w, https:\/\/ship-tracker.org\/wp-content\/uploads\/2020\/02\/Carnival-Panorama-300x143.jpg 300w, https:\/\/ship-tracker.org\/wp-content\/uploads\/2020\/02\/Carnival-Panorama-768x367.jpg 768w\" sizes=\"auto, (max-width: 780px) 100vw, 780px\" \/><figcaption id=\"caption-attachment-1636\" class=\"wp-caption-text\">\u00a9 Carnival Cruise Line<\/figcaption><\/figure>\n<h3 class=\"title\">Carnival Cruise Line filosu<\/h3>\n<ul>\n<li><a href=\"https:\/\/ship-tracker.org\/tr\/carnival-mardi-gras\/\">Carnival Mardi Gras<\/a><\/li>\n<li><a href=\"https:\/\/ship-tracker.org\/tr\/carnival-horizon\/\">Carnival Horizon<\/a><\/li>\n<li><a href=\"https:\/\/ship-tracker.org\/tr\/carnival-vista\/\">Carnival Vista<\/a><\/li>\n<li><a href=\"https:\/\/ship-tracker.org\/tr\/carnival-breeze\/\">Carnival Breeze<\/a><\/li>\n<li><a href=\"https:\/\/ship-tracker.org\/tr\/carnival-magic\/\">Carnival Magic<\/a><\/li>\n<li><a href=\"https:\/\/ship-tracker.org\/tr\/carnival-dream\/\">Carnival Dream<\/a><\/li>\n<li><a href=\"https:\/\/ship-tracker.org\/tr\/carnival-splendor\/\">Carnival Splendor<\/a><\/li>\n<li><a href=\"https:\/\/ship-tracker.org\/tr\/carnival-freedom\/\">Carnival Freedom<\/a><\/li>\n<li><a href=\"https:\/\/ship-tracker.org\/tr\/carnival-liberty\/\">Carnival Liberty<\/a><\/li>\n<li><a href=\"https:\/\/ship-tracker.org\/tr\/carnival-valor\/\">Carnival Valor<\/a><\/li>\n<li><a href=\"https:\/\/ship-tracker.org\/tr\/carnival-miracle\/\">Carnival Miracle<\/a><\/li>\n<li><a href=\"https:\/\/ship-tracker.org\/tr\/carnival-glory\/\">Carnival Glory<\/a><\/li>\n<li><a href=\"https:\/\/ship-tracker.org\/tr\/carnival-legend\/\">Carnival Legend<\/a><\/li>\n<li><a href=\"https:\/\/ship-tracker.org\/tr\/carnival-conquest\/\">Carnival Conquest<\/a><\/li>\n<li><a href=\"https:\/\/ship-tracker.org\/tr\/carnival-spirit\/\">Carnival Spirit<\/a><\/li>\n<li><a href=\"https:\/\/ship-tracker.org\/tr\/carnival-pride\/\">Carnival Pride<\/a><\/li>\n<li><a href=\"https:\/\/ship-tracker.org\/tr\/carnival-radiance\/\">Carnival Radiance<\/a><\/li>\n<li><a href=\"https:\/\/ship-tracker.org\/tr\/carnival-sunrise\/\">Carnival Sunrise<\/a><\/li>\n<li><a href=\"https:\/\/ship-tracker.org\/tr\/carnival-elation\/\">Carnival Elation<\/a><\/li>\n<li><a href=\"https:\/\/ship-tracker.org\/tr\/carnival-paradise\/\">Carnival Paradise<\/a><\/li>\n<li><a href=\"https:\/\/ship-tracker.org\/tr\/carnival-inspiration\/\">Carnival Inspiration<\/a><\/li>\n<li><a href=\"https:\/\/ship-tracker.org\/tr\/carnival-sunshine\/\">Carnival Sunshine<\/a><\/li>\n<li><a href=\"https:\/\/ship-tracker.org\/tr\/carnival-imagination\/\">Carnival Imagination<\/a><\/li>\n<li><a href=\"https:\/\/ship-tracker.org\/tr\/carnival-fascination\/\">Carnival Fascination<\/a><\/li>\n<li><a href=\"https:\/\/ship-tracker.org\/tr\/carnival-sensation\/\">Carnival Sensation<\/a><\/li>\n<li><a href=\"https:\/\/ship-tracker.org\/tr\/carnival-ecstasy\/\">Carnival Ecstasy<\/a><\/li>\n<li><a href=\"https:\/\/ship-tracker.org\/tr\/carnival-fantasy\/\">Carnival Fantasy<\/a><\/li>\n<\/ul>\n<p><script async src=\"https:\/\/pagead2.googlesyndication.com\/pagead\/js\/adsbygoogle.js\"><\/script><br \/>\n<!-- Schip-Tracker Linkanzeigen --><br \/>\n<ins class=\"adsbygoogle\" style=\"display: block;\" data-ad-client=\"ca-pub-1316785063791781\" data-ad-slot=\"3429004156\" data-ad-format=\"link\" data-full-width-responsive=\"true\"><\/ins><br \/>\n<script>\n     (adsbygoogle = window.adsbygoogle || []).push({});\n<\/script><\/p>\n<h4><span style=\"color: #000000;\">Karnaval Panorama Videosu<\/span><\/h4>\n<div class=\"su-youtube su-u-responsive-media-yes\"><iframe loading=\"lazy\" width=\"600\" height=\"400\" src=\"https:\/\/www.youtube.com\/embed\/E7HroKeayyA?\" frameborder=\"0\" allowfullscreen allow=\"autoplay; encrypted-media; picture-in-picture\" title=\"\"><\/iframe><\/div>","protected":false},"excerpt":{"rendered":"<p>Current location and position of Carnival Panorama Where is the current position of Carnival Panorama presently? View Carnival Panorama\u00b4s current location.The position of Carnival Panorama can be accurately determined by the maps of VesselFinder and MarineTraffic. So you are always well informed, where your favorite ship is currently. Carnival Panorama Review and Specifications Class Vista&hellip;&nbsp;<a href=\"https:\/\/ship-tracker.org\/tr\/carnival-panorama\/\" rel=\"bookmark\">Devam\u0131n\u0131 oku &quot;<span class=\"screen-reader-text\">Carnival Panorama<\/span><\/a><\/p>","protected":false},"author":1,"featured_media":0,"parent":0,"menu_order":0,"comment_status":"closed","ping_status":"closed","template":"","meta":{"neve_meta_sidebar":"","neve_meta_container":"","neve_meta_enable_content_width":"","neve_meta_content_width":0,"neve_meta_title_alignment":"","neve_meta_author_avatar":"","neve_post_elements_order":"","neve_meta_disable_header":"","neve_meta_disable_footer":"","neve_meta_disable_title":"","neve_meta_reading_time":"","footnotes":""},"class_list":["post-1635","page","type-page","status-publish","hentry"],"yoast_head":"<!-- This site is optimized with the Yoast SEO plugin v26.9 - https:\/\/yoast.com\/product\/yoast-seo-wordpress\/ -->\n<title>Carnival Panorama \u2503Current position and location of Carnival<\/title>\n<meta name=\"description\" content=\"Carnival Panorama \u2693 Current position of Carnival Panorama \u2713 Cruise Ship Tracker \u2713 Live Ship Tracker \u2713 Webcam\" \/>\n<meta name=\"robots\" content=\"index, follow, max-snippet:-1, max-image-preview:large, max-video-preview:-1\" \/>\n<link rel=\"canonical\" href=\"https:\/\/ship-tracker.org\/tr\/carnival-panorama\/\" \/>\n<meta property=\"og:locale\" content=\"tr_TR\" \/>\n<meta property=\"og:type\" content=\"article\" \/>\n<meta property=\"og:title\" content=\"Carnival Panorama \u2503Current position and location of Carnival\" \/>\n<meta property=\"og:description\" content=\"Carnival Panorama \u2693 Current position of Carnival Panorama \u2713 Cruise Ship Tracker \u2713 Live Ship Tracker \u2713 Webcam\" \/>\n<meta property=\"og:url\" content=\"https:\/\/ship-tracker.org\/tr\/carnival-panorama\/\" \/>\n<meta property=\"og:site_name\" content=\"Ship-tracker.org\" \/>\n<meta property=\"article:modified_time\" content=\"2022-10-27T12:25:53+00:00\" \/>\n<meta property=\"og:image\" content=\"https:\/\/ship-tracker.org\/wp-content\/uploads\/2020\/02\/Carnival-Panorama.jpg\" \/>\n<meta name=\"twitter:card\" content=\"summary_large_image\" \/>\n<meta name=\"twitter:label1\" content=\"Tahmini okuma s\u00fcresi\" \/>\n\t<meta name=\"twitter:data1\" content=\"1 dakika\" \/>\n<script type=\"application\/ld+json\" class=\"yoast-schema-graph\">{\"@context\":\"https:\/\/schema.org\",\"@graph\":[{\"@type\":\"WebPage\",\"@id\":\"https:\/\/ship-tracker.org\/carnival-panorama\/\",\"url\":\"https:\/\/ship-tracker.org\/carnival-panorama\/\",\"name\":\"Carnival Panorama \u2503Current position and location of Carnival\",\"isPartOf\":{\"@id\":\"https:\/\/ship-tracker.org\/#website\"},\"primaryImageOfPage\":{\"@id\":\"https:\/\/ship-tracker.org\/carnival-panorama\/#primaryimage\"},\"image\":{\"@id\":\"https:\/\/ship-tracker.org\/carnival-panorama\/#primaryimage\"},\"thumbnailUrl\":\"https:\/\/ship-tracker.org\/wp-content\/uploads\/2020\/02\/Carnival-Panorama.jpg\",\"datePublished\":\"2020-02-14T09:54:12+00:00\",\"dateModified\":\"2022-10-27T12:25:53+00:00\",\"description\":\"Carnival Panorama \u2693 Current position of Carnival Panorama \u2713 Cruise Ship Tracker \u2713 Live Ship Tracker \u2713 Webcam\",\"breadcrumb\":{\"@id\":\"https:\/\/ship-tracker.org\/carnival-panorama\/#breadcrumb\"},\"inLanguage\":\"tr\",\"potentialAction\":[{\"@type\":\"ReadAction\",\"target\":[\"https:\/\/ship-tracker.org\/carnival-panorama\/\"]}]},{\"@type\":\"ImageObject\",\"inLanguage\":\"tr\",\"@id\":\"https:\/\/ship-tracker.org\/carnival-panorama\/#primaryimage\",\"url\":\"https:\/\/ship-tracker.org\/wp-content\/uploads\/2020\/02\/Carnival-Panorama.jpg\",\"contentUrl\":\"https:\/\/ship-tracker.org\/wp-content\/uploads\/2020\/02\/Carnival-Panorama.jpg\"},{\"@type\":\"BreadcrumbList\",\"@id\":\"https:\/\/ship-tracker.org\/carnival-panorama\/#breadcrumb\",\"itemListElement\":[{\"@type\":\"ListItem\",\"position\":1,\"name\":\"Startseite\",\"item\":\"https:\/\/ship-tracker.org\/\"},{\"@type\":\"ListItem\",\"position\":2,\"name\":\"Carnival Panorama\"}]},{\"@type\":\"WebSite\",\"@id\":\"https:\/\/ship-tracker.org\/#website\",\"url\":\"https:\/\/ship-tracker.org\/\",\"name\":\"Ship-tracker.org\",\"description\":\"\",\"potentialAction\":[{\"@type\":\"SearchAction\",\"target\":{\"@type\":\"EntryPoint\",\"urlTemplate\":\"https:\/\/ship-tracker.org\/?s={search_term_string}\"},\"query-input\":{\"@type\":\"PropertyValueSpecification\",\"valueRequired\":true,\"valueName\":\"search_term_string\"}}],\"inLanguage\":\"tr\"}]}<\/script>\n<!-- \/ Yoast SEO plugin. -->","yoast_head_json":{"title":"Karnaval Panorama \u2503 Karnaval&#039;\u0131n \u015fu anki konumu ve konumu","description":"Karnaval Panoramas\u0131 \u2693 Karnaval Panoramas\u0131&#039;n\u0131n \u015fu anki konumu \u2713 Yolcu Gemisi Takibi \u2713 Canl\u0131 Gemi Takibi \u2713 Web Kameras\u0131","robots":{"index":"index","follow":"follow","max-snippet":"max-snippet:-1","max-image-preview":"max-image-preview:large","max-video-preview":"max-video-preview:-1"},"canonical":"https:\/\/ship-tracker.org\/tr\/carnival-panorama\/","og_locale":"tr_TR","og_type":"article","og_title":"Carnival Panorama \u2503Current position and location of Carnival","og_description":"Carnival Panorama \u2693 Current position of Carnival Panorama \u2713 Cruise Ship Tracker \u2713 Live Ship Tracker \u2713 Webcam","og_url":"https:\/\/ship-tracker.org\/tr\/carnival-panorama\/","og_site_name":"Ship-tracker.org","article_modified_time":"2022-10-27T12:25:53+00:00","og_image":[{"url":"https:\/\/ship-tracker.org\/wp-content\/uploads\/2020\/02\/Carnival-Panorama.jpg","type":"","width":"","height":""}],"twitter_card":"summary_large_image","twitter_misc":{"Tahmini okuma s\u00fcresi":"1 dakika"},"schema":{"@context":"https:\/\/schema.org","@graph":[{"@type":"WebPage","@id":"https:\/\/ship-tracker.org\/carnival-panorama\/","url":"https:\/\/ship-tracker.org\/carnival-panorama\/","name":"Karnaval Panorama \u2503 Karnaval&#039;\u0131n \u015fu anki konumu ve konumu","isPartOf":{"@id":"https:\/\/ship-tracker.org\/#website"},"primaryImageOfPage":{"@id":"https:\/\/ship-tracker.org\/carnival-panorama\/#primaryimage"},"image":{"@id":"https:\/\/ship-tracker.org\/carnival-panorama\/#primaryimage"},"thumbnailUrl":"https:\/\/ship-tracker.org\/wp-content\/uploads\/2020\/02\/Carnival-Panorama.jpg","datePublished":"2020-02-14T09:54:12+00:00","dateModified":"2022-10-27T12:25:53+00:00","description":"Karnaval Panoramas\u0131 \u2693 Karnaval Panoramas\u0131&#039;n\u0131n \u015fu anki konumu \u2713 Yolcu Gemisi Takibi \u2713 Canl\u0131 Gemi Takibi \u2713 Web Kameras\u0131","breadcrumb":{"@id":"https:\/\/ship-tracker.org\/carnival-panorama\/#breadcrumb"},"inLanguage":"tr","potentialAction":[{"@type":"ReadAction","target":["https:\/\/ship-tracker.org\/carnival-panorama\/"]}]},{"@type":"ImageObject","inLanguage":"tr","@id":"https:\/\/ship-tracker.org\/carnival-panorama\/#primaryimage","url":"https:\/\/ship-tracker.org\/wp-content\/uploads\/2020\/02\/Carnival-Panorama.jpg","contentUrl":"https:\/\/ship-tracker.org\/wp-content\/uploads\/2020\/02\/Carnival-Panorama.jpg"},{"@type":"BreadcrumbList","@id":"https:\/\/ship-tracker.org\/carnival-panorama\/#breadcrumb","itemListElement":[{"@type":"ListItem","position":1,"name":"Startseite","item":"https:\/\/ship-tracker.org\/"},{"@type":"ListItem","position":2,"name":"Carnival Panorama"}]},{"@type":"WebSite","@id":"https:\/\/ship-tracker.org\/#website","url":"https:\/\/ship-tracker.org\/","name":"Ship-tracker.org","description":"","potentialAction":[{"@type":"SearchAction","target":{"@type":"EntryPoint","urlTemplate":"https:\/\/ship-tracker.org\/?s={search_term_string}"},"query-input":{"@type":"PropertyValueSpecification","valueRequired":true,"valueName":"search_term_string"}}],"inLanguage":"tr"}]}},"_links":{"self":[{"href":"https:\/\/ship-tracker.org\/tr\/wp-json\/wp\/v2\/pages\/1635","targetHints":{"allow":["GET"]}}],"collection":[{"href":"https:\/\/ship-tracker.org\/tr\/wp-json\/wp\/v2\/pages"}],"about":[{"href":"https:\/\/ship-tracker.org\/tr\/wp-json\/wp\/v2\/types\/page"}],"author":[{"embeddable":true,"href":"https:\/\/ship-tracker.org\/tr\/wp-json\/wp\/v2\/users\/1"}],"replies":[{"embeddable":true,"href":"https:\/\/ship-tracker.org\/tr\/wp-json\/wp\/v2\/comments?post=1635"}],"version-history":[{"count":3,"href":"https:\/\/ship-tracker.org\/tr\/wp-json\/wp\/v2\/pages\/1635\/revisions"}],"predecessor-version":[{"id":2340,"href":"https:\/\/ship-tracker.org\/tr\/wp-json\/wp\/v2\/pages\/1635\/revisions\/2340"}],"wp:attachment":[{"href":"https:\/\/ship-tracker.org\/tr\/wp-json\/wp\/v2\/media?parent=1635"}],"curies":[{"name":"wp","href":"https:\/\/api.w.org\/{rel}","templated":true}]}}