{"id":1534,"date":"2019-10-29T11:57:40","date_gmt":"2019-10-29T10:57:40","guid":{"rendered":"https:\/\/ship-tracker.org\/?page_id=1534"},"modified":"2022-09-07T17:10:58","modified_gmt":"2022-09-07T15:10:58","slug":"hurricane-tracker","status":"publish","type":"page","link":"https:\/\/ship-tracker.org\/tr\/hurricane-tracker\/","title":{"rendered":"Kas\u0131rga Takibi"},"content":{"rendered":"<h2 class=\"cruisin-style01\">Hurricane Tracker Canl\u0131 Haritas\u0131<\/h2>\n<p><script async src=\"https:\/\/pagead2.googlesyndication.com\/pagead\/js\/adsbygoogle.js\"><\/script><br \/>\n<!-- Ship-Tracker Display --><br \/>\n<ins class=\"adsbygoogle\" style=\"display: block;\" data-ad-client=\"ca-pub-1316785063791781\" data-ad-slot=\"8075999632\" data-ad-format=\"auto\" data-full-width-responsive=\"true\"><\/ins><br \/>\n<script>\n     (adsbygoogle = window.adsbygoogle || []).push({});\n<\/script><br \/>\nKas\u0131rga ve Tropik F\u0131rt\u0131na Tracker ya\u015f\u0131yor. \u0130zleme haritas\u0131, canl\u0131 radar, tahmin konileri ve par\u00e7alar\u0131, r\u00fczgar h\u0131z\u0131 ve bas\u0131n\u00e7 \u00e7izelgeleri i\u00e7erir.<\/p>\n<p>bu <a href=\"https:\/\/weather-radar24.com\/hurricane-tracker\/\" target=\"_blank\" rel=\"noopener\">kas\u0131rga izci haritas\u0131<\/a> size d\u00fcnya \u00e7ap\u0131ndaki \u015fiddetli f\u0131rt\u0131nalar\u0131, Kas\u0131rgay\u0131, Kas\u0131rgay\u0131, Tayfun&#039;u ve \u015fim\u015fekleri g\u00f6sterir ve bir f\u0131rt\u0131nan\u0131n nas\u0131l hareket etti\u011fini size bildirir.<\/p>\n<p><strong>\u0130zlemek istedi\u011finiz f\u0131rt\u0131nay\u0131 bulmak i\u00e7in haritay\u0131 hareket ettirin.<\/strong><br \/>\n<iframe loading=\"lazy\" src=\"https:\/\/embed.windy.com\/embed2.html?lat=34.778&amp;lon=-44.648&amp;zoom=4&amp;level=surface&amp;overlay=thunder&amp;menu=&amp;message=&amp;marker=&amp;calendar=&amp;pressure=&amp;type=map&amp;location=coordinates&amp;detail=&amp;detailLat=34.778&amp;detailLon=-44.648&amp;metricWind=default&amp;metricTemp=default&amp;radarRange=-1\" width=\"650\" height=\"450\" frameborder=\"0\"><\/iframe><\/p>\n<h2>Radar Kas\u0131rgas\u0131 - Kas\u0131rga - Tayfun, F\u0131rt\u0131na Haritas\u0131<\/h2>\n<p>Oynat d\u00fc\u011fmesi ile Kas\u0131rga&#039;n\u0131n son saatteki seyri \u00e7al\u0131nabilir. Harita yak\u0131nla\u015ft\u0131r\u0131labilir veya uzakla\u015ft\u0131r\u0131labilir ve istenildi\u011fi zaman kayd\u0131r\u0131labilir. Haritadaki a\u00e7\u0131k gri b\u00f6lgeler, \u015fiddetli havan\u0131n kaydedilebilece\u011fi ve g\u00f6r\u00fcnt\u00fclenebilece\u011fi \u00f6l\u00e7\u00fcm istasyonlar\u0131 taraf\u0131ndan izlenir. Koyu gri b\u00f6lgelerde \u00f6l\u00e7\u00fcm istasyonu yoktur, bu nedenle orada \u015fiddetli hava g\u00f6r\u00fclemez. Kapsanan ba\u015fl\u0131ca alanlar Avrupa, ABD ve Asya, G\u00fcney Amerika ve Avustralya&#039;n\u0131n baz\u0131 b\u00f6lgeleridir.<\/p>\n<h3>En k\u00f6t\u00fc kas\u0131rgalar<\/h3>\n<ul>\n<li>Karl Kas\u0131rgas\u0131 - 2004<\/li>\n<li>Kas\u0131rga Nicole - 2016<\/li>\n<li>Lili Kas\u0131rgas\u0131 - 1996<\/li>\n<li>Igor Kas\u0131rgas\u0131 - 2010<\/li>\n<li>Sandy Kas\u0131rgas\u0131 - 2012<\/li>\n<li>Olga Kas\u0131rgas\u0131 - 2001<\/li>\n<li>Hurrikan Katrina - 2005<\/li>\n<li>Irma Kas\u0131rgas\u0131 - 2017<\/li>\n<li>Floransa Kas\u0131rgas\u0131 - 2018<\/li>\n<li>Tayfun Ucu - 1979<\/li>\n<\/ul>\n<p><a href=\"https:\/\/ship-tracker.org\/tr\/thunderstorm-tracker\/\">F\u0131rt\u0131na i\u00e7in buraya bak\u0131n<\/a>.<\/p>\n<p><script async src=\"https:\/\/pagead2.googlesyndication.com\/pagead\/js\/adsbygoogle.js\"><\/script><br \/>\n<!-- Ship-Tracker Display --><br \/>\n<ins class=\"adsbygoogle\" style=\"display: block;\" data-ad-client=\"ca-pub-1316785063791781\" data-ad-slot=\"8075999632\" data-ad-format=\"auto\" data-full-width-responsive=\"true\"><\/ins><br \/>\n<script>\n     (adsbygoogle = window.adsbygoogle || []).push({});\n<\/script><\/p>\n<div id=\"gtx-trans\" style=\"position: absolute; left: 204px; top: 895.031px;\">\n<div class=\"gtx-trans-icon\"><\/div>\n<\/div>","protected":false},"excerpt":{"rendered":"<p>Hurricane Tracker Canl\u0131 Harita Kas\u0131rga ve Tropikal F\u0131rt\u0131na Tracker canl\u0131. \u0130zleme haritas\u0131, canl\u0131 radar, tahmin konileri ve izleri, r\u00fczgar h\u0131z\u0131 ve bas\u0131n\u00e7 grafiklerini i\u00e7erir. Kas\u0131rga izleyici haritas\u0131 size d\u00fcnya \u00e7ap\u0131ndaki \u015fiddetli f\u0131rt\u0131nalar\u0131, Kas\u0131rgay\u0131, Kas\u0131rgay\u0131, Tayfunu ve \u015fim\u015fekleri g\u00f6sterir ve f\u0131rt\u0131nan\u0131n nas\u0131l hareket etti\u011fini size bildirir. Buldu\u011funuz f\u0131rt\u0131nay\u0131 bulmak i\u00e7in haritay\u0131 hareket ettirin\u2026&nbsp;<a href=\"https:\/\/ship-tracker.org\/tr\/hurricane-tracker\/\" rel=\"bookmark\">Devam\u0131n\u0131 oku &quot;<span class=\"screen-reader-text\">Kas\u0131rga Takibi<\/span><\/a><\/p>","protected":false},"author":1,"featured_media":3265,"parent":0,"menu_order":0,"comment_status":"closed","ping_status":"closed","template":"","meta":{"neve_meta_sidebar":"","neve_meta_container":"","neve_meta_enable_content_width":"","neve_meta_content_width":0,"neve_meta_title_alignment":"","neve_meta_author_avatar":"","neve_post_elements_order":"","neve_meta_disable_header":"","neve_meta_disable_footer":"","neve_meta_disable_title":"","neve_meta_reading_time":"","footnotes":""},"class_list":["post-1534","page","type-page","status-publish","has-post-thumbnail","hentry"],"yoast_head":"<!-- This site is optimized with the Yoast SEO plugin v26.9 - https:\/\/yoast.com\/product\/yoast-seo-wordpress\/ -->\n<title>Hurricane Tracker - Tornado - Typhoon, Storm Map<\/title>\n<meta name=\"description\" content=\"Hurricane Tracker Live \u2713 Includes tracking map, live radar, forecast cones and tracks, wind speed and pressure charts \u2713 Tropical Storms\" \/>\n<meta name=\"robots\" content=\"index, follow, max-snippet:-1, max-image-preview:large, max-video-preview:-1\" \/>\n<link rel=\"canonical\" href=\"https:\/\/ship-tracker.org\/tr\/hurricane-tracker\/\" \/>\n<meta property=\"og:locale\" content=\"tr_TR\" \/>\n<meta property=\"og:type\" content=\"article\" \/>\n<meta property=\"og:title\" content=\"Hurricane Tracker - Tornado - Typhoon, Storm Map\" \/>\n<meta property=\"og:description\" content=\"Hurricane Tracker Live \u2713 Includes tracking map, live radar, forecast cones and tracks, wind speed and pressure charts \u2713 Tropical Storms\" \/>\n<meta property=\"og:url\" content=\"https:\/\/ship-tracker.org\/tr\/hurricane-tracker\/\" \/>\n<meta property=\"og:site_name\" content=\"Ship-tracker.org\" \/>\n<meta property=\"article:modified_time\" content=\"2022-09-07T15:10:58+00:00\" \/>\n<meta property=\"og:image\" content=\"https:\/\/ship-tracker.org\/wp-content\/uploads\/2020\/05\/hurricane-67581_640.jpg\" \/>\n\t<meta property=\"og:image:width\" content=\"640\" \/>\n\t<meta property=\"og:image:height\" content=\"476\" \/>\n\t<meta property=\"og:image:type\" content=\"image\/jpeg\" \/>\n<meta name=\"twitter:card\" content=\"summary_large_image\" \/>\n<meta name=\"twitter:label1\" content=\"Tahmini okuma s\u00fcresi\" \/>\n\t<meta name=\"twitter:data1\" content=\"1 dakika\" \/>\n<script type=\"application\/ld+json\" class=\"yoast-schema-graph\">{\"@context\":\"https:\/\/schema.org\",\"@graph\":[{\"@type\":\"WebPage\",\"@id\":\"https:\/\/ship-tracker.org\/hurricane-tracker\/\",\"url\":\"https:\/\/ship-tracker.org\/hurricane-tracker\/\",\"name\":\"Hurricane Tracker - Tornado - Typhoon, Storm Map\",\"isPartOf\":{\"@id\":\"https:\/\/ship-tracker.org\/#website\"},\"primaryImageOfPage\":{\"@id\":\"https:\/\/ship-tracker.org\/hurricane-tracker\/#primaryimage\"},\"image\":{\"@id\":\"https:\/\/ship-tracker.org\/hurricane-tracker\/#primaryimage\"},\"thumbnailUrl\":\"https:\/\/ship-tracker.org\/wp-content\/uploads\/2020\/05\/hurricane-67581_640.jpg\",\"datePublished\":\"2019-10-29T10:57:40+00:00\",\"dateModified\":\"2022-09-07T15:10:58+00:00\",\"description\":\"Hurricane Tracker Live \u2713 Includes tracking map, live radar, forecast cones and tracks, wind speed and pressure charts \u2713 Tropical Storms\",\"breadcrumb\":{\"@id\":\"https:\/\/ship-tracker.org\/hurricane-tracker\/#breadcrumb\"},\"inLanguage\":\"tr\",\"potentialAction\":[{\"@type\":\"ReadAction\",\"target\":[\"https:\/\/ship-tracker.org\/hurricane-tracker\/\"]}]},{\"@type\":\"ImageObject\",\"inLanguage\":\"tr\",\"@id\":\"https:\/\/ship-tracker.org\/hurricane-tracker\/#primaryimage\",\"url\":\"https:\/\/ship-tracker.org\/wp-content\/uploads\/2020\/05\/hurricane-67581_640.jpg\",\"contentUrl\":\"https:\/\/ship-tracker.org\/wp-content\/uploads\/2020\/05\/hurricane-67581_640.jpg\",\"width\":640,\"height\":476,\"caption\":\"Hurricane Tracker\"},{\"@type\":\"BreadcrumbList\",\"@id\":\"https:\/\/ship-tracker.org\/hurricane-tracker\/#breadcrumb\",\"itemListElement\":[{\"@type\":\"ListItem\",\"position\":1,\"name\":\"Startseite\",\"item\":\"https:\/\/ship-tracker.org\/\"},{\"@type\":\"ListItem\",\"position\":2,\"name\":\"Hurricane Tracker\"}]},{\"@type\":\"WebSite\",\"@id\":\"https:\/\/ship-tracker.org\/#website\",\"url\":\"https:\/\/ship-tracker.org\/\",\"name\":\"Ship-tracker.org\",\"description\":\"\",\"potentialAction\":[{\"@type\":\"SearchAction\",\"target\":{\"@type\":\"EntryPoint\",\"urlTemplate\":\"https:\/\/ship-tracker.org\/?s={search_term_string}\"},\"query-input\":{\"@type\":\"PropertyValueSpecification\",\"valueRequired\":true,\"valueName\":\"search_term_string\"}}],\"inLanguage\":\"tr\"}]}<\/script>\n<!-- \/ Yoast SEO plugin. -->","yoast_head_json":{"title":"Kas\u0131rga \u0130zleyici - Kas\u0131rga - Tayfun, F\u0131rt\u0131na Haritas\u0131","description":"Hurricane Tracker Live \u2713 \u0130zleme haritas\u0131, canl\u0131 radar, tahmin konileri ve izleri, r\u00fczgar h\u0131z\u0131 ve bas\u0131n\u00e7 \u00e7izelgeleri i\u00e7erir \u2713 Tropik F\u0131rt\u0131nalar","robots":{"index":"index","follow":"follow","max-snippet":"max-snippet:-1","max-image-preview":"max-image-preview:large","max-video-preview":"max-video-preview:-1"},"canonical":"https:\/\/ship-tracker.org\/tr\/hurricane-tracker\/","og_locale":"tr_TR","og_type":"article","og_title":"Hurricane Tracker - Tornado - Typhoon, Storm Map","og_description":"Hurricane Tracker Live \u2713 Includes tracking map, live radar, forecast cones and tracks, wind speed and pressure charts \u2713 Tropical Storms","og_url":"https:\/\/ship-tracker.org\/tr\/hurricane-tracker\/","og_site_name":"Ship-tracker.org","article_modified_time":"2022-09-07T15:10:58+00:00","og_image":[{"width":640,"height":476,"url":"https:\/\/ship-tracker.org\/wp-content\/uploads\/2020\/05\/hurricane-67581_640.jpg","type":"image\/jpeg"}],"twitter_card":"summary_large_image","twitter_misc":{"Tahmini okuma s\u00fcresi":"1 dakika"},"schema":{"@context":"https:\/\/schema.org","@graph":[{"@type":"WebPage","@id":"https:\/\/ship-tracker.org\/hurricane-tracker\/","url":"https:\/\/ship-tracker.org\/hurricane-tracker\/","name":"Kas\u0131rga \u0130zleyici - Kas\u0131rga - Tayfun, F\u0131rt\u0131na Haritas\u0131","isPartOf":{"@id":"https:\/\/ship-tracker.org\/#website"},"primaryImageOfPage":{"@id":"https:\/\/ship-tracker.org\/hurricane-tracker\/#primaryimage"},"image":{"@id":"https:\/\/ship-tracker.org\/hurricane-tracker\/#primaryimage"},"thumbnailUrl":"https:\/\/ship-tracker.org\/wp-content\/uploads\/2020\/05\/hurricane-67581_640.jpg","datePublished":"2019-10-29T10:57:40+00:00","dateModified":"2022-09-07T15:10:58+00:00","description":"Hurricane Tracker Live \u2713 \u0130zleme haritas\u0131, canl\u0131 radar, tahmin konileri ve izleri, r\u00fczgar h\u0131z\u0131 ve bas\u0131n\u00e7 \u00e7izelgeleri i\u00e7erir \u2713 Tropik F\u0131rt\u0131nalar","breadcrumb":{"@id":"https:\/\/ship-tracker.org\/hurricane-tracker\/#breadcrumb"},"inLanguage":"tr","potentialAction":[{"@type":"ReadAction","target":["https:\/\/ship-tracker.org\/hurricane-tracker\/"]}]},{"@type":"ImageObject","inLanguage":"tr","@id":"https:\/\/ship-tracker.org\/hurricane-tracker\/#primaryimage","url":"https:\/\/ship-tracker.org\/wp-content\/uploads\/2020\/05\/hurricane-67581_640.jpg","contentUrl":"https:\/\/ship-tracker.org\/wp-content\/uploads\/2020\/05\/hurricane-67581_640.jpg","width":640,"height":476,"caption":"Hurricane Tracker"},{"@type":"BreadcrumbList","@id":"https:\/\/ship-tracker.org\/hurricane-tracker\/#breadcrumb","itemListElement":[{"@type":"ListItem","position":1,"name":"Startseite","item":"https:\/\/ship-tracker.org\/"},{"@type":"ListItem","position":2,"name":"Hurricane Tracker"}]},{"@type":"WebSite","@id":"https:\/\/ship-tracker.org\/#website","url":"https:\/\/ship-tracker.org\/","name":"Ship-tracker.org","description":"","potentialAction":[{"@type":"SearchAction","target":{"@type":"EntryPoint","urlTemplate":"https:\/\/ship-tracker.org\/?s={search_term_string}"},"query-input":{"@type":"PropertyValueSpecification","valueRequired":true,"valueName":"search_term_string"}}],"inLanguage":"tr"}]}},"_links":{"self":[{"href":"https:\/\/ship-tracker.org\/tr\/wp-json\/wp\/v2\/pages\/1534","targetHints":{"allow":["GET"]}}],"collection":[{"href":"https:\/\/ship-tracker.org\/tr\/wp-json\/wp\/v2\/pages"}],"about":[{"href":"https:\/\/ship-tracker.org\/tr\/wp-json\/wp\/v2\/types\/page"}],"author":[{"embeddable":true,"href":"https:\/\/ship-tracker.org\/tr\/wp-json\/wp\/v2\/users\/1"}],"replies":[{"embeddable":true,"href":"https:\/\/ship-tracker.org\/tr\/wp-json\/wp\/v2\/comments?post=1534"}],"version-history":[{"count":9,"href":"https:\/\/ship-tracker.org\/tr\/wp-json\/wp\/v2\/pages\/1534\/revisions"}],"predecessor-version":[{"id":3471,"href":"https:\/\/ship-tracker.org\/tr\/wp-json\/wp\/v2\/pages\/1534\/revisions\/3471"}],"wp:featuredmedia":[{"embeddable":true,"href":"https:\/\/ship-tracker.org\/tr\/wp-json\/wp\/v2\/media\/3265"}],"wp:attachment":[{"href":"https:\/\/ship-tracker.org\/tr\/wp-json\/wp\/v2\/media?parent=1534"}],"curies":[{"name":"wp","href":"https:\/\/api.w.org\/{rel}","templated":true}]}}