{"id":1273,"date":"2019-10-04T13:41:19","date_gmt":"2019-10-04T11:41:19","guid":{"rendered":"https:\/\/ship-tracker.org\/?page_id=1273"},"modified":"2025-12-30T06:32:21","modified_gmt":"2025-12-30T05:32:21","slug":"site-notice","status":"publish","type":"page","link":"https:\/\/ship-tracker.org\/tr\/site-notice\/","title":{"rendered":"Site Bildirimi"},"content":{"rendered":"<p><strong>\u00a7 5 TMG uyar\u0131nca bilgiler<\/strong><br \/>\n<strong>\u0130leti\u015fim:<\/strong><\/p>\n<p>Petros Aslanakis<br \/>\n889\/850 Moo 5<br \/>\nNong Prue, Bang Lamung<br \/>\nChon Buri 20150<br \/>\nTayland<\/p>\n<p>E-Posta: bilgi (@) ship-tracker.org<\/p>\n<p><strong>G\u00f6r\u00fcnt\u00fclerin kayna\u011f\u0131:<\/strong><\/p>\n<ul>\n<li>\u00a9 Pixabay<\/li>\n<li>\u00a9 fontawesome.com<\/li>\n<li>\u00a9 AIDA Deniz Seyahatleri<\/li>\n<li>\u00a9 TUI Cruises<\/li>\n<li>\u00a9 MSC Yolculuklar\u0131<\/li>\n<li>\u00a9 Costa Crociere<\/li>\n<li>\u00a9 Royal Karayipler Cruises Ltd<\/li>\n<li>\u00a9 Karnaval Cruise Line \u015eirketi<\/li>\n<li>\u00a9 Kristal Tur<\/li>\n<li>\u00a9 Holland Amerika Hatt\u0131<\/li>\n<li>\u00a9 \u00dcnl\u00fc Turlar\u0131<\/li>\n<li>\u00a9 R\u00fcya Turlar\u0131<\/li>\n<\/ul>\n<p><strong>AB uyu\u015fmazl\u0131k \u00e7\u00f6z\u00fcm\u00fc<\/strong><\/p>\n<p>Avrupa Komisyonu \u00e7evrimi\u00e7i anla\u015fmazl\u0131k \u00e7\u00f6z\u00fcm\u00fc (ODR) i\u00e7in bir platform sunmaktad\u0131r:\u00a0<a href=\"http:\/\/ec.europa.eu\/consumers\/odr\">http:\/\/ec.europa.eu\/consumers\/odr<\/a><br \/>\nE-posta adresimizi yukar\u0131da site bildiriminde bulabilirsiniz.<br \/>\nT\u00fcketici hakem heyeti huzurunda uyu\u015fmazl\u0131k \u00e7\u00f6z\u00fcm\u00fc i\u015flemlerine kat\u0131lmaya istekli veya mecbur de\u011filiz.<\/p>\n<div class=\"wpb_text_column wpb_content_element\">\n<div class=\"wpb_wrapper\">\n<h2>feragat<\/h2>\n<p><strong>\u0130\u00e7erik Sorumlulu\u011fu<\/strong><\/p>\n<p>Hizmet sa\u011flay\u0131c\u0131lar olarak, bu web sitelerinin kendi i\u00e7eriklerinden Sec. 7, paragraf 1 Alman Telemedia Yasas\u0131 (TMG). Ancak, Sec. 8 ila 10 Alman Telemedia Yasas\u0131 (TMG), hizmet sa\u011flay\u0131c\u0131lar\u0131n g\u00f6nderilen veya saklanan bilgileri kal\u0131c\u0131 olarak izlemek veya yasad\u0131\u015f\u0131 faaliyetleri g\u00f6steren delilleri aramakla y\u00fck\u00fcml\u00fc de\u011fildir.<\/p>\n<p><strong>Linkler Sorumlulu\u011fu<\/strong><\/p>\n<p>Teklifimiz harici \u00fc\u00e7\u00fcnc\u00fc taraf web sitelerine ba\u011flant\u0131lar i\u00e7erir. Bu web sitelerinin i\u00e7eri\u011fi \u00fczerinde hi\u00e7bir etkimiz yoktur, bu nedenle bu i\u00e7erikleri garanti edemeyiz. Ba\u011flant\u0131l\u0131 web sitelerinin sa\u011flay\u0131c\u0131lar\u0131 veya y\u00f6neticileri her zaman kendi i\u00e7eriklerinden sorumludur. Ba\u011flant\u0131 verilen web siteleri, ba\u011flant\u0131n\u0131n kurulmas\u0131 s\u0131ras\u0131nda olas\u0131 yasa ihlallerine kar\u015f\u0131 kontrol edilmi\u015ftir. Ba\u011flant\u0131 s\u0131ras\u0131nda ge\u00e7ersiz i\u00e7erik tespit edilmedi. Ba\u011flant\u0131 verilen web sitelerinin i\u00e7eri\u011finin s\u00fcrekli olarak izlenmesi, bir yasa ihlali oldu\u011funa dair makul g\u00f6stergeler olmadan dayat\u0131lamaz. Yasad\u0131\u015f\u0131 ba\u011flant\u0131lar, bunlar hakk\u0131nda bilgi sahibi oldu\u011fumuz anda derhal kald\u0131r\u0131lacakt\u0131r.<\/p>\n<p><strong>telif hakk\u0131<\/strong><\/p>\n<p>Bu web sitelerinde sa\u011flay\u0131c\u0131lar taraf\u0131ndan yay\u0131nlanan i\u00e7erik ve derlemeler Alman telif hakk\u0131 yasalar\u0131na tabidir. \u00c7o\u011faltma, d\u00fczenleme, da\u011f\u0131t\u0131m ve telif hakk\u0131 yasas\u0131n\u0131n kapsam\u0131 d\u0131\u015f\u0131ndaki herhangi bir t\u00fcr\u00fcn kullan\u0131m\u0131, yazar\u0131n veya g\u00f6ndericinin yaz\u0131l\u0131 iznini gerektirir. Bu web sitelerinin indirilmesine ve kopyalanmas\u0131na yaln\u0131zca \u00f6zel kullan\u0131m i\u00e7in izin verilir. \u0130\u00e7erik sahibinin izni olmadan i\u00e7eri\u011fimizin ticari kullan\u0131m\u0131 yasakt\u0131r. Bu web sitelerindeki i\u00e7erik sa\u011flay\u0131c\u0131dan gelmedi\u011fi s\u00fcrece \u00fc\u00e7\u00fcnc\u00fc taraflar\u0131n telif hakk\u0131 yasalar\u0131na uyulur. \u00dc\u00e7\u00fcnc\u00fc taraflar\u0131n bu siteye katk\u0131lar\u0131 bu \u015fekilde belirtilmi\u015ftir. Bununla birlikte, herhangi bir telif hakk\u0131 yasas\u0131 ihlali fark ederseniz, l\u00fctfen bizi bilgilendirin. Bu t\u00fcr i\u00e7erikler derhal kald\u0131r\u0131lacakt\u0131r.<\/p>\n<\/div>\n<\/div>","protected":false},"excerpt":{"rendered":"<p>\u00a7 5 TMG uyar\u0131nca bilgi: \u0130leti\u015fim: Petros Aslanakis 889\/850 Moo 5 Nong Prue, Bang Lamung Chon Buri 20150 Tayland E-posta: info(@)ship-tracker.org G\u00f6rsel kaynaklar\u0131: \u00a9 Pixabay \u00a9 fontawesome.com \u00a9 AIDA Cruises \u00a9 TUI Cruises \u00a9 MSC Cruises \u00a9 Costa Cruises \u00a9 Royal Caribbean Cruises Ltd \u00a9 Carnival Cruise Line Corporation \u00a9 Crystal Cruises \u00a9\u2026&nbsp;<a href=\"https:\/\/ship-tracker.org\/tr\/site-notice\/\" rel=\"bookmark\">Devam\u0131n\u0131 oku &quot;<span class=\"screen-reader-text\">Site Bildirimi<\/span><\/a><\/p>","protected":false},"author":1,"featured_media":0,"parent":0,"menu_order":0,"comment_status":"closed","ping_status":"closed","template":"","meta":{"neve_meta_sidebar":"","neve_meta_container":"","neve_meta_enable_content_width":"off","neve_meta_content_width":100,"neve_meta_title_alignment":"","neve_meta_author_avatar":"","neve_post_elements_order":"","neve_meta_disable_header":"","neve_meta_disable_footer":"","neve_meta_disable_title":"","neve_meta_reading_time":"","footnotes":""},"class_list":["post-1273","page","type-page","status-publish","hentry"],"yoast_head":"<!-- This site is optimized with the Yoast SEO plugin v26.9 - https:\/\/yoast.com\/product\/yoast-seo-wordpress\/ -->\n<title>Site Notice - Ship-tracker.org<\/title>\n<meta name=\"robots\" content=\"noindex, follow\" \/>\n<meta property=\"og:locale\" content=\"tr_TR\" \/>\n<meta property=\"og:type\" content=\"article\" \/>\n<meta property=\"og:title\" content=\"Site Notice - Ship-tracker.org\" \/>\n<meta property=\"og:description\" content=\"Information pursuant to \u00a7 5 TMG Contact: Petros Aslanakis 889\/850 Moo 5 Nong Prue, Bang Lamung Chon Buri 20150 Thailand E-Mail: info(@)ship-tracker.org Source of images: \u00a9 Pixabay \u00a9 fontawesome.com \u00a9 AIDA Cruises \u00a9 TUI Cruises \u00a9 MSC Cruises \u00a9 Costa Crociere \u00a9 Royal Caribbean Cruises Ltd \u00a9 Carnival Cruise Line Corporation \u00a9 Crystal Cruises \u00a9&hellip;&nbsp;Read More &raquo;Site Notice\" \/>\n<meta property=\"og:url\" content=\"https:\/\/ship-tracker.org\/tr\/site-notice\/\" \/>\n<meta property=\"og:site_name\" content=\"Ship-tracker.org\" \/>\n<meta property=\"article:modified_time\" content=\"2025-12-30T05:32:21+00:00\" \/>\n<meta name=\"twitter:card\" content=\"summary_large_image\" \/>\n<meta name=\"twitter:label1\" content=\"Tahmini okuma s\u00fcresi\" \/>\n\t<meta name=\"twitter:data1\" content=\"2 dakika\" \/>\n<script type=\"application\/ld+json\" class=\"yoast-schema-graph\">{\"@context\":\"https:\/\/schema.org\",\"@graph\":[{\"@type\":\"WebPage\",\"@id\":\"https:\/\/ship-tracker.org\/site-notice\/\",\"url\":\"https:\/\/ship-tracker.org\/site-notice\/\",\"name\":\"Site Notice - Ship-tracker.org\",\"isPartOf\":{\"@id\":\"https:\/\/ship-tracker.org\/#website\"},\"datePublished\":\"2019-10-04T11:41:19+00:00\",\"dateModified\":\"2025-12-30T05:32:21+00:00\",\"breadcrumb\":{\"@id\":\"https:\/\/ship-tracker.org\/site-notice\/#breadcrumb\"},\"inLanguage\":\"tr\",\"potentialAction\":[{\"@type\":\"ReadAction\",\"target\":[\"https:\/\/ship-tracker.org\/site-notice\/\"]}]},{\"@type\":\"BreadcrumbList\",\"@id\":\"https:\/\/ship-tracker.org\/site-notice\/#breadcrumb\",\"itemListElement\":[{\"@type\":\"ListItem\",\"position\":1,\"name\":\"Startseite\",\"item\":\"https:\/\/ship-tracker.org\/\"},{\"@type\":\"ListItem\",\"position\":2,\"name\":\"Site Notice\"}]},{\"@type\":\"WebSite\",\"@id\":\"https:\/\/ship-tracker.org\/#website\",\"url\":\"https:\/\/ship-tracker.org\/\",\"name\":\"Ship-tracker.org\",\"description\":\"\",\"potentialAction\":[{\"@type\":\"SearchAction\",\"target\":{\"@type\":\"EntryPoint\",\"urlTemplate\":\"https:\/\/ship-tracker.org\/?s={search_term_string}\"},\"query-input\":{\"@type\":\"PropertyValueSpecification\",\"valueRequired\":true,\"valueName\":\"search_term_string\"}}],\"inLanguage\":\"tr\"}]}<\/script>\n<!-- \/ Yoast SEO plugin. -->","yoast_head_json":{"title":"Site Bildirimi - Ship-tracker.org","robots":{"index":"noindex","follow":"follow"},"og_locale":"tr_TR","og_type":"article","og_title":"Site Notice - Ship-tracker.org","og_description":"Information pursuant to \u00a7 5 TMG Contact: Petros Aslanakis 889\/850 Moo 5 Nong Prue, Bang Lamung Chon Buri 20150 Thailand E-Mail: info(@)ship-tracker.org Source of images: \u00a9 Pixabay \u00a9 fontawesome.com \u00a9 AIDA Cruises \u00a9 TUI Cruises \u00a9 MSC Cruises \u00a9 Costa Crociere \u00a9 Royal Caribbean Cruises Ltd \u00a9 Carnival Cruise Line Corporation \u00a9 Crystal Cruises \u00a9&hellip;&nbsp;Read More &raquo;Site Notice","og_url":"https:\/\/ship-tracker.org\/tr\/site-notice\/","og_site_name":"Ship-tracker.org","article_modified_time":"2025-12-30T05:32:21+00:00","twitter_card":"summary_large_image","twitter_misc":{"Tahmini okuma s\u00fcresi":"2 dakika"},"schema":{"@context":"https:\/\/schema.org","@graph":[{"@type":"WebPage","@id":"https:\/\/ship-tracker.org\/site-notice\/","url":"https:\/\/ship-tracker.org\/site-notice\/","name":"Site Bildirimi - Ship-tracker.org","isPartOf":{"@id":"https:\/\/ship-tracker.org\/#website"},"datePublished":"2019-10-04T11:41:19+00:00","dateModified":"2025-12-30T05:32:21+00:00","breadcrumb":{"@id":"https:\/\/ship-tracker.org\/site-notice\/#breadcrumb"},"inLanguage":"tr","potentialAction":[{"@type":"ReadAction","target":["https:\/\/ship-tracker.org\/site-notice\/"]}]},{"@type":"BreadcrumbList","@id":"https:\/\/ship-tracker.org\/site-notice\/#breadcrumb","itemListElement":[{"@type":"ListItem","position":1,"name":"Startseite","item":"https:\/\/ship-tracker.org\/"},{"@type":"ListItem","position":2,"name":"Site Notice"}]},{"@type":"WebSite","@id":"https:\/\/ship-tracker.org\/#website","url":"https:\/\/ship-tracker.org\/","name":"Ship-tracker.org","description":"","potentialAction":[{"@type":"SearchAction","target":{"@type":"EntryPoint","urlTemplate":"https:\/\/ship-tracker.org\/?s={search_term_string}"},"query-input":{"@type":"PropertyValueSpecification","valueRequired":true,"valueName":"search_term_string"}}],"inLanguage":"tr"}]}},"_links":{"self":[{"href":"https:\/\/ship-tracker.org\/tr\/wp-json\/wp\/v2\/pages\/1273","targetHints":{"allow":["GET"]}}],"collection":[{"href":"https:\/\/ship-tracker.org\/tr\/wp-json\/wp\/v2\/pages"}],"about":[{"href":"https:\/\/ship-tracker.org\/tr\/wp-json\/wp\/v2\/types\/page"}],"author":[{"embeddable":true,"href":"https:\/\/ship-tracker.org\/tr\/wp-json\/wp\/v2\/users\/1"}],"replies":[{"embeddable":true,"href":"https:\/\/ship-tracker.org\/tr\/wp-json\/wp\/v2\/comments?post=1273"}],"version-history":[{"count":6,"href":"https:\/\/ship-tracker.org\/tr\/wp-json\/wp\/v2\/pages\/1273\/revisions"}],"predecessor-version":[{"id":5376,"href":"https:\/\/ship-tracker.org\/tr\/wp-json\/wp\/v2\/pages\/1273\/revisions\/5376"}],"wp:attachment":[{"href":"https:\/\/ship-tracker.org\/tr\/wp-json\/wp\/v2\/media?parent=1273"}],"curies":[{"name":"wp","href":"https:\/\/api.w.org\/{rel}","templated":true}]}}