{"id":1043,"date":"2019-10-01T15:10:22","date_gmt":"2019-10-01T13:10:22","guid":{"rendered":"https:\/\/ship-tracker.org\/?page_id=1043"},"modified":"2024-09-20T14:52:01","modified_gmt":"2024-09-20T12:52:01","slug":"norwegian-epic","status":"publish","type":"page","link":"https:\/\/ship-tracker.org\/tr\/norwegian-epic\/","title":{"rendered":"Norwegian Epic"},"content":{"rendered":"<p><script async src=\"https:\/\/pagead2.googlesyndication.com\/pagead\/js\/adsbygoogle.js\"><\/script><br \/>\n<!-- Ship-Tracker Display --><br \/>\n<ins class=\"adsbygoogle\" style=\"display: block;\" data-ad-client=\"ca-pub-1316785063791781\" data-ad-slot=\"8075999632\" data-ad-format=\"auto\" data-full-width-responsive=\"true\"><\/ins><br \/>\n<script>\n     (adsbygoogle = window.adsbygoogle || []).push({});\n<\/script><\/p>\n<h2><span style=\"color: #000000;\">Ge\u00e7erli konum ve <\/span><span style=\"color: #000000;\">Norve\u00e7 Destan\u0131n\u0131n konumu <\/span><\/h2>\n<p>Norve\u00e7 Destan\u0131&#039;n\u0131n \u015fu anki konumu \u015fu anda nerede?<br \/>\n<script async src=\"https:\/\/pagead2.googlesyndication.com\/pagead\/js\/adsbygoogle.js\"><\/script><br \/>\n<!-- Schip-Tracker Linkanzeigen --><br \/>\n<ins class=\"adsbygoogle\" style=\"display: block;\" data-ad-client=\"ca-pub-1316785063791781\" data-ad-slot=\"3429004156\" data-ad-format=\"link\" data-full-width-responsive=\"true\"><\/ins><br \/>\n<script>\n     (adsbygoogle = window.adsbygoogle || []).push({});\n<\/script><br \/>\n<script type=\"text\/javascript\">var width=\"100%\";var height=\"400\";var mmsi=311018500;<\/script><script type=\"text\/javascript\" src=\"https:\/\/www.vesselfinder.com\/aismap.js\"><\/script><br \/>\n<script async src=\"https:\/\/pagead2.googlesyndication.com\/pagead\/js\/adsbygoogle.js\"><\/script><br \/>\n<!-- Ship-Tracker Display --><br \/>\n<ins class=\"adsbygoogle\" style=\"display: block;\" data-ad-client=\"ca-pub-1316785063791781\" data-ad-slot=\"8075999632\" data-ad-format=\"auto\" data-full-width-responsive=\"true\"><\/ins><br \/>\n<script>\n     (adsbygoogle = window.adsbygoogle || []).push({});\n<\/script><br \/>\nNorwegian Epic ge\u00e7erli konumunu g\u00f6r\u00fcnt\u00fcleyin.Norwegian Epic&#039;nin konumu VesselFinder ve MarineTraffic haritalar\u0131ndan do\u011fru bir \u015fekilde belirlenebilir. Yani en sevdi\u011finiz geminizin \u015fu anda nerede oldu\u011fu konusunda her zaman iyi bilgilendirilirsiniz.<\/p>\n<h2 class=\"title\"><span style=\"color: #000000;\">Norve\u00e7 Destan\u0131 \u0130ncelemesi ve \u00d6zellikleri<\/span><\/h2>\n<table style=\"height: 296px;\" width=\"400\">\n<tbody>\n<tr>\n<td style=\"width: 192px;\"><span style=\"color: #000000;\"><strong>Bayrak devleti<\/strong><\/span><\/td>\n<td style=\"width: 192px;\"><span style=\"color: #000000;\">Bahamalar<\/span><\/td>\n<\/tr>\n<tr>\n<td style=\"width: 192px;\"><span style=\"color: #000000;\"><strong>Kurulu\u015f y\u0131l\u0131<\/strong><\/span><\/td>\n<td style=\"width: 192px;\"><span style=\"color: #000000;\">2010<\/span><\/td>\n<\/tr>\n<tr>\n<td style=\"width: 192px;\"><span style=\"color: #000000;\"><strong>in\u015faat\u00e7\u0131<\/strong><\/span><\/td>\n<td style=\"width: 192px;\"><span style=\"color: #000000;\">Chantiers de l&#039;Atlantique<\/span><\/td>\n<\/tr>\n<tr>\n<td style=\"width: 192px;\"><span style=\"color: #000000;\"><strong>uzunluk<\/strong><\/span><\/td>\n<td style=\"width: 192px;\"><span style=\"color: #000000;\">329<span class=\"specificationUnit\">\u00a0m<\/span><\/span><\/td>\n<\/tr>\n<tr>\n<td style=\"width: 192px;\"><span style=\"color: #000000;\"><strong>kiri\u015f<\/strong><\/span><\/td>\n<td style=\"width: 192px;\"><span style=\"color: #000000;\"><span class=\"specificationUnit\">40 m<\/span><\/span><\/td>\n<\/tr>\n<tr>\n<td style=\"width: 192px;\"><span style=\"color: #000000;\"><strong>Br\u00fct Tonaj<\/strong><\/span><\/td>\n<td style=\"width: 192px;\"><span style=\"color: #000000;\">155873<span class=\"specificationUnit\">\u00a0GT<\/span><\/span><\/td>\n<\/tr>\n<tr>\n<td style=\"width: 192px;\"><span style=\"color: #000000;\"><strong>Yolcular<\/strong><\/span><\/td>\n<td style=\"width: 192px;\"><span style=\"color: #000000;\">5074<\/span><\/td>\n<\/tr>\n<tr>\n<td style=\"width: 192px;\"><span style=\"color: #000000;\"><strong>m\u00fcrettebat<\/strong><\/span><\/td>\n<td style=\"width: 192px;\"><span style=\"color: #000000;\">1404<\/span><\/td>\n<\/tr>\n<tr>\n<td style=\"width: 192px;\"><span style=\"color: #000000;\"><strong>g\u00fcverte<\/strong>\u00a0<\/span><\/td>\n<td style=\"width: 192px;\"><span style=\"color: #000000;\">19<\/span><\/td>\n<\/tr>\n<tr>\n<td style=\"width: 192px;\"><span style=\"color: #000000;\"><strong>h\u0131z<\/strong><\/span><\/td>\n<td style=\"width: 192px;\"><span style=\"color: #000000;\">23<span class=\"specificationUnit\">\u00a0kn<\/span><\/span><\/td>\n<\/tr>\n<tr>\n<td style=\"width: 192px;\"><span style=\"color: #000000;\"><strong><b>Kay\u0131t Liman\u0131<\/b><\/strong><\/span><\/td>\n<td style=\"width: 192px;\"><span style=\"color: #000000;\">Nassau<\/span><\/td>\n<\/tr>\n<tr>\n<td style=\"width: 192px;\"><span style=\"color: #000000;\"><strong><b>itme<\/b><\/strong><\/span><\/td>\n<td style=\"width: 192px;\"><span style=\"color: #000000;\">Dizel-elektrik<\/span><\/td>\n<\/tr>\n<tr>\n<td style=\"width: 192px;\"><span style=\"color: #000000;\"><strong><b>Sahip<\/b><\/strong><\/span><\/td>\n<td style=\"width: 192px;\"><a href=\"https:\/\/ship-tracker.org\/tr\/norwegian-cruise-line\/\"><span style=\"color: #000000;\">Norwegian Cruise Line<\/span><\/a><\/td>\n<\/tr>\n<\/tbody>\n<\/table>\n<p><script async src=\"https:\/\/pagead2.googlesyndication.com\/pagead\/js\/adsbygoogle.js\"><\/script><br \/>\n<!-- Schip-Tracker Linkanzeigen --><br \/>\n<ins class=\"adsbygoogle\" style=\"display: block;\" data-ad-client=\"ca-pub-1316785063791781\" data-ad-slot=\"3429004156\" data-ad-format=\"link\" data-full-width-responsive=\"true\"><\/ins><br \/>\n<script>\n     (adsbygoogle = window.adsbygoogle || []).push({});\n<\/script><br \/>\n<img loading=\"lazy\" decoding=\"async\" class=\"aligncenter wp-image-746 size-full\" src=\"https:\/\/ship-tracker.org\/wp-content\/uploads\/2019\/03\/cruise-ship-615116_640-1.jpg\" alt=\"Norwegian Epic \" width=\"640\" height=\"357\" srcset=\"https:\/\/ship-tracker.org\/wp-content\/uploads\/2019\/03\/cruise-ship-615116_640-1.jpg 640w, https:\/\/ship-tracker.org\/wp-content\/uploads\/2019\/03\/cruise-ship-615116_640-1-300x167.jpg 300w\" sizes=\"auto, (max-width: 640px) 100vw, 640px\" \/><\/p>\n<h3 class=\"title\">Norve\u00e7 Cruise Line filosu<\/h3>\n<ul>\n<li><a href=\"https:\/\/ship-tracker.org\/tr\/norwegian-encore\/\">Norwegian Encore<\/a><\/li>\n<li><a href=\"https:\/\/ship-tracker.org\/tr\/norwegian-bliss\/\">Norwegian Bliss<\/a><\/li>\n<li><a href=\"https:\/\/ship-tracker.org\/tr\/norwegian-escape\/\">Norwegian Escape<\/a><\/li>\n<li><a href=\"https:\/\/ship-tracker.org\/tr\/norwegian-getaway\/\">Norwegian Getaway<\/a><\/li>\n<li><a href=\"https:\/\/ship-tracker.org\/tr\/norwegian-breakaway\/\">Norwegian Breakaway<\/a><\/li>\n<li><a href=\"https:\/\/ship-tracker.org\/tr\/norwegian-gem\/\">Norwegian Gem<\/a><\/li>\n<li><a href=\"https:\/\/ship-tracker.org\/tr\/norwegian-jade\/\">Norwegian Jade<\/a><\/li>\n<li><a href=\"https:\/\/ship-tracker.org\/tr\/norwegian-joy\/\">Norwegian Joy<\/a><\/li>\n<li><a href=\"https:\/\/ship-tracker.org\/tr\/norwegian-pearl\/\">Norwegian Pearl<\/a><\/li>\n<li><a href=\"https:\/\/ship-tracker.org\/tr\/norwegian-jewel\/\">Norwegian Jewel<\/a><\/li>\n<li><a href=\"https:\/\/ship-tracker.org\/tr\/pride-of-america\/\">Pride of America<\/a><\/li>\n<li><a href=\"https:\/\/ship-tracker.org\/tr\/norwegian-dawn\/\">Norwegian Dawn<\/a><\/li>\n<li><a href=\"https:\/\/ship-tracker.org\/tr\/norwegian-star\/\">Norwegian Star<\/a><\/li>\n<li><a href=\"https:\/\/ship-tracker.org\/tr\/norwegian-sun\/\">Norwegian Sun<\/a><\/li>\n<li><a href=\"https:\/\/ship-tracker.org\/tr\/norwegian-sky\/\">Norwegian Sky<\/a><\/li>\n<li><a href=\"https:\/\/ship-tracker.org\/tr\/norwegian-spirit\/\">Norwegian Spirit<\/a><\/li>\n<li><a href=\"https:\/\/ship-tracker.org\/tr\/norwegian-prima\/\">Norve\u00e7 Primas\u0131<\/a><\/li>\n<li><a href=\"https:\/\/ship-tracker.org\/tr\/norwegian-viva\/\">Norve\u00e7 Vivas\u0131<\/a><\/li>\n<li><a href=\"https:\/\/ship-tracker.org\/tr\/norwegian-aqua\/\">Norve\u00e7 Su<\/a><\/li>\n<li><a href=\"https:\/\/ship-tracker.org\/tr\/norwegian-luna\/\">Norve\u00e7 Luna<\/a><\/li>\n<\/ul>","protected":false},"excerpt":{"rendered":"<p>Norwegian Epic&#039;in g\u00fcncel konumu ve pozisyonu Norwegian Epic&#039;in g\u00fcncel konumu \u015fu anda nerede? Norwegian Epic&#039;in g\u00fcncel konumunu g\u00f6r\u00fcnt\u00fcleyin. Norwegian Epic&#039;in konumu VesselFinder ve MarineTraffic haritalar\u0131 taraf\u0131ndan do\u011fru bir \u015fekilde belirlenebilir. B\u00f6ylece favori geminizin \u015fu anda nerede oldu\u011funu her zaman iyi bir \u015fekilde bilirsiniz. Norwegian Epic \u0130ncelemesi ve \u00d6zellikleri Bayrak eyaleti\u2026&nbsp;<a href=\"https:\/\/ship-tracker.org\/tr\/norwegian-epic\/\" rel=\"bookmark\">Devam\u0131n\u0131 oku &quot;<span class=\"screen-reader-text\">Norwegian Epic<\/span><\/a><\/p>","protected":false},"author":1,"featured_media":0,"parent":0,"menu_order":0,"comment_status":"closed","ping_status":"closed","template":"","meta":{"neve_meta_sidebar":"","neve_meta_container":"","neve_meta_enable_content_width":"off","neve_meta_content_width":100,"neve_meta_title_alignment":"","neve_meta_author_avatar":"","neve_post_elements_order":"","neve_meta_disable_header":"","neve_meta_disable_footer":"","neve_meta_disable_title":"","neve_meta_reading_time":"","footnotes":""},"class_list":["post-1043","page","type-page","status-publish","hentry"],"yoast_head":"<!-- This site is optimized with the Yoast SEO plugin v27.4 - https:\/\/yoast.com\/product\/yoast-seo-wordpress\/ -->\n<title>Norwegian Epic\u2503Current location and position of Norwegian<\/title>\n<meta name=\"description\" content=\"Norwegian Epic \u2693 Current location and position of Norwegian Epic \u2713 Cruise Ship Tracker \u2713 Live Ship Tracker \u2713 Review and Specifications\" \/>\n<meta name=\"robots\" content=\"index, follow, max-snippet:-1, max-image-preview:large, max-video-preview:-1\" \/>\n<link rel=\"canonical\" href=\"https:\/\/ship-tracker.org\/tr\/norwegian-epic\/\" \/>\n<meta property=\"og:locale\" content=\"tr_TR\" \/>\n<meta property=\"og:type\" content=\"article\" \/>\n<meta property=\"og:title\" content=\"Norwegian Epic\u2503Current location and position of Norwegian\" \/>\n<meta property=\"og:description\" content=\"Norwegian Epic \u2693 Current location and position of Norwegian Epic \u2713 Cruise Ship Tracker \u2713 Live Ship Tracker \u2713 Review and Specifications\" \/>\n<meta property=\"og:url\" content=\"https:\/\/ship-tracker.org\/tr\/norwegian-epic\/\" \/>\n<meta property=\"og:site_name\" content=\"Ship-tracker.org\" \/>\n<meta property=\"article:modified_time\" content=\"2024-09-20T12:52:01+00:00\" \/>\n<meta property=\"og:image\" content=\"https:\/\/ship-tracker.org\/wp-content\/uploads\/2019\/03\/cruise-ship-615116_640-1.jpg\" \/>\n<meta name=\"twitter:card\" content=\"summary_large_image\" \/>\n<meta name=\"twitter:label1\" content=\"Tahmini okuma s\u00fcresi\" \/>\n\t<meta name=\"twitter:data1\" content=\"1 dakika\" \/>\n<script type=\"application\/ld+json\" class=\"yoast-schema-graph\">{\"@context\":\"https:\\\/\\\/schema.org\",\"@graph\":[{\"@type\":\"WebPage\",\"@id\":\"https:\\\/\\\/ship-tracker.org\\\/norwegian-epic\\\/\",\"url\":\"https:\\\/\\\/ship-tracker.org\\\/norwegian-epic\\\/\",\"name\":\"Norwegian Epic\u2503Current location and position of Norwegian\",\"isPartOf\":{\"@id\":\"https:\\\/\\\/ship-tracker.org\\\/#website\"},\"primaryImageOfPage\":{\"@id\":\"https:\\\/\\\/ship-tracker.org\\\/norwegian-epic\\\/#primaryimage\"},\"image\":{\"@id\":\"https:\\\/\\\/ship-tracker.org\\\/norwegian-epic\\\/#primaryimage\"},\"thumbnailUrl\":\"https:\\\/\\\/ship-tracker.org\\\/wp-content\\\/uploads\\\/2019\\\/03\\\/cruise-ship-615116_640-1.jpg\",\"datePublished\":\"2019-10-01T13:10:22+00:00\",\"dateModified\":\"2024-09-20T12:52:01+00:00\",\"description\":\"Norwegian Epic \u2693 Current location and position of Norwegian Epic \u2713 Cruise Ship Tracker \u2713 Live Ship Tracker \u2713 Review and Specifications\",\"breadcrumb\":{\"@id\":\"https:\\\/\\\/ship-tracker.org\\\/norwegian-epic\\\/#breadcrumb\"},\"inLanguage\":\"tr\",\"potentialAction\":[{\"@type\":\"ReadAction\",\"target\":[\"https:\\\/\\\/ship-tracker.org\\\/norwegian-epic\\\/\"]}]},{\"@type\":\"ImageObject\",\"inLanguage\":\"tr\",\"@id\":\"https:\\\/\\\/ship-tracker.org\\\/norwegian-epic\\\/#primaryimage\",\"url\":\"https:\\\/\\\/ship-tracker.org\\\/wp-content\\\/uploads\\\/2019\\\/03\\\/cruise-ship-615116_640-1.jpg\",\"contentUrl\":\"https:\\\/\\\/ship-tracker.org\\\/wp-content\\\/uploads\\\/2019\\\/03\\\/cruise-ship-615116_640-1.jpg\"},{\"@type\":\"BreadcrumbList\",\"@id\":\"https:\\\/\\\/ship-tracker.org\\\/norwegian-epic\\\/#breadcrumb\",\"itemListElement\":[{\"@type\":\"ListItem\",\"position\":1,\"name\":\"Startseite\",\"item\":\"https:\\\/\\\/ship-tracker.org\\\/\"},{\"@type\":\"ListItem\",\"position\":2,\"name\":\"Norwegian Epic\"}]},{\"@type\":\"WebSite\",\"@id\":\"https:\\\/\\\/ship-tracker.org\\\/#website\",\"url\":\"https:\\\/\\\/ship-tracker.org\\\/\",\"name\":\"Ship-tracker.org\",\"description\":\"\",\"potentialAction\":[{\"@type\":\"SearchAction\",\"target\":{\"@type\":\"EntryPoint\",\"urlTemplate\":\"https:\\\/\\\/ship-tracker.org\\\/?s={search_term_string}\"},\"query-input\":{\"@type\":\"PropertyValueSpecification\",\"valueRequired\":true,\"valueName\":\"search_term_string\"}}],\"inLanguage\":\"tr\"}]}<\/script>\n<!-- \/ Yoast SEO plugin. -->","yoast_head_json":{"title":"Norve\u00e7 Destan\u0131\u2503Norve\u00e7\u00e7e&#039;nin \u015fu anki konumu ve konumu","description":"Norve\u00e7 Destan\u0131 \u2693 Norve\u00e7 Destan\u0131n\u0131n \u015fu anki konumu ve konumu \u2713 Yolcu Gemisi Takibi \u2713 Canl\u0131 Gemi Takibi \u2713 \u0130nceleme ve \u00d6zellikler","robots":{"index":"index","follow":"follow","max-snippet":"max-snippet:-1","max-image-preview":"max-image-preview:large","max-video-preview":"max-video-preview:-1"},"canonical":"https:\/\/ship-tracker.org\/tr\/norwegian-epic\/","og_locale":"tr_TR","og_type":"article","og_title":"Norwegian Epic\u2503Current location and position of Norwegian","og_description":"Norwegian Epic \u2693 Current location and position of Norwegian Epic \u2713 Cruise Ship Tracker \u2713 Live Ship Tracker \u2713 Review and Specifications","og_url":"https:\/\/ship-tracker.org\/tr\/norwegian-epic\/","og_site_name":"Ship-tracker.org","article_modified_time":"2024-09-20T12:52:01+00:00","og_image":[{"url":"https:\/\/ship-tracker.org\/wp-content\/uploads\/2019\/03\/cruise-ship-615116_640-1.jpg","type":"","width":"","height":""}],"twitter_card":"summary_large_image","twitter_misc":{"Tahmini okuma s\u00fcresi":"1 dakika"},"schema":{"@context":"https:\/\/schema.org","@graph":[{"@type":"WebPage","@id":"https:\/\/ship-tracker.org\/norwegian-epic\/","url":"https:\/\/ship-tracker.org\/norwegian-epic\/","name":"Norve\u00e7 Destan\u0131\u2503Norve\u00e7\u00e7e&#039;nin \u015fu anki konumu ve konumu","isPartOf":{"@id":"https:\/\/ship-tracker.org\/#website"},"primaryImageOfPage":{"@id":"https:\/\/ship-tracker.org\/norwegian-epic\/#primaryimage"},"image":{"@id":"https:\/\/ship-tracker.org\/norwegian-epic\/#primaryimage"},"thumbnailUrl":"https:\/\/ship-tracker.org\/wp-content\/uploads\/2019\/03\/cruise-ship-615116_640-1.jpg","datePublished":"2019-10-01T13:10:22+00:00","dateModified":"2024-09-20T12:52:01+00:00","description":"Norve\u00e7 Destan\u0131 \u2693 Norve\u00e7 Destan\u0131n\u0131n \u015fu anki konumu ve konumu \u2713 Yolcu Gemisi Takibi \u2713 Canl\u0131 Gemi Takibi \u2713 \u0130nceleme ve \u00d6zellikler","breadcrumb":{"@id":"https:\/\/ship-tracker.org\/norwegian-epic\/#breadcrumb"},"inLanguage":"tr","potentialAction":[{"@type":"ReadAction","target":["https:\/\/ship-tracker.org\/norwegian-epic\/"]}]},{"@type":"ImageObject","inLanguage":"tr","@id":"https:\/\/ship-tracker.org\/norwegian-epic\/#primaryimage","url":"https:\/\/ship-tracker.org\/wp-content\/uploads\/2019\/03\/cruise-ship-615116_640-1.jpg","contentUrl":"https:\/\/ship-tracker.org\/wp-content\/uploads\/2019\/03\/cruise-ship-615116_640-1.jpg"},{"@type":"BreadcrumbList","@id":"https:\/\/ship-tracker.org\/norwegian-epic\/#breadcrumb","itemListElement":[{"@type":"ListItem","position":1,"name":"Startseite","item":"https:\/\/ship-tracker.org\/"},{"@type":"ListItem","position":2,"name":"Norwegian Epic"}]},{"@type":"WebSite","@id":"https:\/\/ship-tracker.org\/#website","url":"https:\/\/ship-tracker.org\/","name":"Ship-tracker.org","description":"","potentialAction":[{"@type":"SearchAction","target":{"@type":"EntryPoint","urlTemplate":"https:\/\/ship-tracker.org\/?s={search_term_string}"},"query-input":{"@type":"PropertyValueSpecification","valueRequired":true,"valueName":"search_term_string"}}],"inLanguage":"tr"}]}},"_links":{"self":[{"href":"https:\/\/ship-tracker.org\/tr\/wp-json\/wp\/v2\/pages\/1043","targetHints":{"allow":["GET"]}}],"collection":[{"href":"https:\/\/ship-tracker.org\/tr\/wp-json\/wp\/v2\/pages"}],"about":[{"href":"https:\/\/ship-tracker.org\/tr\/wp-json\/wp\/v2\/types\/page"}],"author":[{"embeddable":true,"href":"https:\/\/ship-tracker.org\/tr\/wp-json\/wp\/v2\/users\/1"}],"replies":[{"embeddable":true,"href":"https:\/\/ship-tracker.org\/tr\/wp-json\/wp\/v2\/comments?post=1043"}],"version-history":[{"count":6,"href":"https:\/\/ship-tracker.org\/tr\/wp-json\/wp\/v2\/pages\/1043\/revisions"}],"predecessor-version":[{"id":5364,"href":"https:\/\/ship-tracker.org\/tr\/wp-json\/wp\/v2\/pages\/1043\/revisions\/5364"}],"wp:attachment":[{"href":"https:\/\/ship-tracker.org\/tr\/wp-json\/wp\/v2\/media?parent=1043"}],"curies":[{"name":"wp","href":"https:\/\/api.w.org\/{rel}","templated":true}]}}