{"id":745,"date":"2019-03-28T16:16:09","date_gmt":"2019-03-28T15:16:09","guid":{"rendered":"https:\/\/ship-tracker.org\/?page_id=745"},"modified":"2021-11-08T21:05:13","modified_gmt":"2021-11-08T20:05:13","slug":"cruise-ship-tracker","status":"publish","type":"page","link":"https:\/\/ship-tracker.org\/pt\/cruise-ship-tracker\/","title":{"rendered":"Rastreador de navios de cruzeiro"},"content":{"rendered":"<p><script async src=\"https:\/\/pagead2.googlesyndication.com\/pagead\/js\/adsbygoogle.js\"><span data-mce-type=\"bookmark\" style=\"display: inline-block; width: 0px; overflow: hidden; line-height: 0;\" class=\"mce_SELRES_start\">\ufeff<\/span><span data-mce-type=\"bookmark\" style=\"display: inline-block; width: 0px; overflow: hidden; line-height: 0;\" class=\"mce_SELRES_start\">\ufeff<\/span><\/script><br \/>\n<!-- Ship-Tracker Display --><br \/>\n<ins class=\"adsbygoogle\" style=\"display: block;\" data-ad-client=\"ca-pub-1316785063791781\" data-ad-slot=\"8075999632\" data-ad-format=\"auto\" data-full-width-responsive=\"true\"><\/ins><br \/>\n<script>\n     (adsbygoogle = window.adsbygoogle || []).push({});\n<\/script><\/p>\n<h2 class=\"p1\"><span class=\"s1\">Rastreador de navios de cruzeiro - <\/span>Localiza\u00e7\u00e3o do navio em tempo real<\/h2>\n<p><script type=\"text\/javascript\">\nwidth='100%';\nheight='450';\n<\/script><br \/>\n<script type=\"text\/javascript\" src=\"\/\/www.marinetraffic.com\/js\/embed.js\"><\/script><\/p>\n<p><script async src=\"https:\/\/pagead2.googlesyndication.com\/pagead\/js\/adsbygoogle.js\"><\/script><br \/>\n<!-- Schip-Tracker Linkanzeigen --><br \/>\n<ins class=\"adsbygoogle\" style=\"display: block;\" data-ad-client=\"ca-pub-1316785063791781\" data-ad-slot=\"3429004156\" data-ad-format=\"link\" data-full-width-responsive=\"true\"><\/ins><br \/>\n<script>\n     (adsbygoogle = window.adsbygoogle || []).push({});\n<\/script><\/p>\n<p style=\"text-align: justify;\">O rastreamento de navios \u00e9 o local de navio de cruzeiro mais popular. Os parentes geralmente querem saber se a viagem do navio de cruzeiro est\u00e1 indo bem ou se o navio chegar\u00e1 ao porto ou ao destino a tempo.<\/p>\n<p class=\"p1\" style=\"text-align: justify;\"><span class=\"s1\">H\u00e1 certas coisas que voc\u00ea precisa saber sobre o rastreamento de v\u00f4o de cruzeiro. N\u00e3o importa que tipo de navio seja que sua companhia est\u00e1 dirigindo, \u00e9 importante saber que \u00e9 seguro e fora do caminho. Com a ajuda do AIS global, voc\u00ea pode ter certeza de que voc\u00ea sabe exatamente para onde est\u00e1 indo e que os pilotos do navio tamb\u00e9m est\u00e3o seguros. <\/span><\/p>\n<p class=\"p1\" style=\"text-align: justify;\"><span class=\"s1\">Esse \u00e9 o tipo de negocia\u00e7\u00e3o mais eficiente, porque \u00e9 o que acontece com o uso de alguns exemplos, e sempre \u00e9 o que acontece. Voc\u00ea pode estar longe do trabalho e fazer o download para o seu telefone como um aplicativo - e checar o que voc\u00ea pensa sobre o cruzeiro para garantir que tudo esteja certo, de acordo com o que for de melhor\u00a0<\/span><\/p>\n<h2>Como localizar navios de cruzeiro?<\/h2>\n<p style=\"text-align: justify;\">A posi\u00e7\u00e3o dos navios de cruzeiro \u00e9 a mais procurada. Os parentes geralmente querem saber se a viagem do navio de cruzeiro est\u00e1 indo bem ou se o navio chegar\u00e1 ao porto ou ao destino no hor\u00e1rio planejado. Para visualizar a posi\u00e7\u00e3o de um navio de cruzeiro espec\u00edfico, basta clicar no \u00edcone da lupa no canto superior esquerdo. Depois, voc\u00ea pode inserir o nome do navio que est\u00e1 procurando. Em seguida, o navio ser\u00e1 exibido na sua posi\u00e7\u00e3o atual com todas as informa\u00e7\u00f5es.<\/p>\n<figure id=\"attachment_2025\" aria-describedby=\"caption-attachment-2025\" style=\"width: 768px\" class=\"wp-caption aligncenter\"><img loading=\"lazy\" decoding=\"async\" class=\"wp-image-2025 size-full\" src=\"https:\/\/ship-tracker.org\/wp-content\/uploads\/2020\/04\/karte-kreuzfahrt-kreuzfahrtschiff-schiffsposition-schiffsradar-768x388-1.jpg\" alt=\"Como localizar navios de cruzeiro?\" width=\"768\" height=\"388\" srcset=\"https:\/\/ship-tracker.org\/wp-content\/uploads\/2020\/04\/karte-kreuzfahrt-kreuzfahrtschiff-schiffsposition-schiffsradar-768x388-1.jpg 768w, https:\/\/ship-tracker.org\/wp-content\/uploads\/2020\/04\/karte-kreuzfahrt-kreuzfahrtschiff-schiffsposition-schiffsradar-768x388-1-300x152.jpg 300w\" sizes=\"auto, (max-width: 768px) 100vw, 768px\" \/><figcaption id=\"caption-attachment-2025\" class=\"wp-caption-text\">Captura de tela \u00a9 Marinetraffic.com<\/figcaption><\/figure>\n<p style=\"text-align: justify;\">Em Marinetraffic, os navios de passageiros s\u00e3o representados por s\u00edmbolos azuis. Aqui todos os navios de cruzeiro podem ser facilmente selecionados para manter uma vis\u00e3o geral e realizar pesquisas espec\u00edficas.<\/p>\n<h2>Localiza\u00e7\u00e3o de navios de cruzeiro em todo o mundo<\/h2>\n<p style=\"text-align: justify;\">Especialmente em navios de grande porte, \u00e9 muito importante que a posi\u00e7\u00e3o mais atual seja conhecida o tempo todo. Gra\u00e7as \u00e0 tecnologia moderna, isso n\u00e3o \u00e9 mais um problema. Para esse efeito, o chamado <a href=\"https:\/\/en.wikipedia.org\/wiki\/Automatic_identification_system\" target=\"_blank\" rel=\"noopener noreferrer\">Sistema de identifica\u00e7\u00e3o autom\u00e1tica<\/a> \u00e9 usado, que envia permanentemente o local atual do navio para as esta\u00e7\u00f5es base necess\u00e1rias, distribu\u00eddas em todo o mundo. De fato, existe uma regulamenta\u00e7\u00e3o mundial referente ao equipamento de navios com este sistema.<\/p>\n<p style=\"text-align: justify;\">Portanto, esse sistema deve sempre estar a bordo e, \u00e9 claro, ativo. Os dados do sistema s\u00e3o avaliados e processados graficamente para que possam ser disponibilizados para voc\u00ea.<\/p>\n<p>Do cl\u00e1ssico navio de cruzeiro Mariner Of The Seas, no qual centenas de turistas aproveitam o sol e se deixam mimar pela equipe, ao grande navio porta-cont\u00eainer, no qual as mercadorias s\u00e3o transportadas para todos os pa\u00edses do mundo, a escolha de navios dificilmente poderia ser maior.<\/p>\n<h2>Como \u00e9 determinada a posi\u00e7\u00e3o do navio?<\/h2>\n<p style=\"text-align: justify;\">Se voc\u00ea est\u00e1 se perguntando como exatamente a investiga\u00e7\u00e3o sobre o AIS funciona, aqui est\u00e1 a explica\u00e7\u00e3o. AIS \u00e9 a forma abreviada de Sistema de Identifica\u00e7\u00e3o Autom\u00e1tica. \u00c9 um sistema de r\u00e1dio usado para transmitir dados de navios e navega\u00e7\u00e3o. Ele permite que os navios sejam identificados com precis\u00e3o. Essa possibilidade aumenta muito a seguran\u00e7a do navio. Os navios transmitem dados estat\u00edsticos e relacionados \u00e0 viagem importantes via AIS em intervalos regulares de 2 segundos a 3 minutos, todos via transmissores e receptores especiais.<\/p>\n<h2>Este radar de navio de cruzeiro est\u00e1 \u00e0 sua disposi\u00e7\u00e3o gratuitamente<\/h2>\n<p style=\"text-align: justify;\">Se voc\u00ea est\u00e1 interessado no rastreamento de navios de cruzeiro e deseja determinar uma posi\u00e7\u00e3o espec\u00edfica do navio, est\u00e1 no lugar certo nas p\u00e1ginas Marinetraffic.com ou Vesselfinder.com. Atualmente, todos os navios est\u00e3o equipados com o chamado sistema AIS, que lhes permite transmitir continuamente sua posi\u00e7\u00e3o atual.<\/p>\n<p style=\"text-align: justify;\">Isso permite que os dados sejam inseridos no mapa em tempo real, para que voc\u00ea possa acompanhar a posi\u00e7\u00e3o do navio ao vivo em casa - seja um navio de cruzeiro, um cont\u00eainer, um rebocador ou at\u00e9 um iate. Todos os navios do mundo podem ser discutidos no mapa, gra\u00e7as ao sistema AIS, esteja voc\u00ea procurando um navio espec\u00edfico ou simplesmente interessado no envio. Explorar os oceanos \u00e9 divertido, revela novos detalhes todos os dias e tamb\u00e9m \u00e9 absolutamente gratuito para todos.<\/p>\n<p><script async src=\"https:\/\/pagead2.googlesyndication.com\/pagead\/js\/adsbygoogle.js\"><\/script><br \/>\n<!-- Ship-Tracker Display --><br \/>\n<ins class=\"adsbygoogle\" style=\"display: block;\" data-ad-client=\"ca-pub-1316785063791781\" data-ad-slot=\"8075999632\" data-ad-format=\"auto\" data-full-width-responsive=\"true\"><\/ins><br \/>\n<script>\n     (adsbygoogle = window.adsbygoogle || []).push({});\n<\/script><\/p>\n<h2 class=\"p1\"><span class=\"s1\">Seguran\u00e7a atrav\u00e9s da sele\u00e7\u00e3o de navios de cruzeiro\u00a0<\/span><\/h2>\n<p class=\"p1\" style=\"text-align: justify;\"><span class=\"s1\">A classifica\u00e7\u00e3o de choques em quest\u00e3o \u00e9 especialmente importante porque a seguran\u00e7a de todos os outros no visor est\u00e1 em suas m\u00e3os. O rastreamento de navios tamb\u00e9m \u00e9 uma obriga\u00e7\u00e3o legal; existem alguns requisitos necess\u00e1rios para garantir que tudo corra bem. A execu\u00e7\u00e3o de um grande evento \u00e9 t\u00e3o importante quanto o grande tr\u00e1fego, porque \u00e9 sobre a seguran\u00e7a das pessoas que est\u00e3o no caminho certo e nas melhores opera\u00e7\u00f5es.\u00a0<\/span><\/p>\n<p class=\"p1\" style=\"text-align: justify;\"><span class=\"s1\">Com as atualiza\u00e7\u00f5es do clima, voc\u00ea pode coincidir com os motoristas do carro para dar-lhes uma ajuda sobre o que \u00e9 mais adequado para evitar a quem estiver viajando. Com o aux\u00edlio de outras coisas, as coisas no barco tamb\u00e9m sabem que eles devem evitar a passagem de navios mais baratos. Isso \u00e9 f\u00e1cil de usar e \u00e9 uma \u00f3tima maneira de garantir que cada rotina esteja sendo executada de alguma maneira.<\/span><\/p>\n<h3 class=\"p1\"><span class=\"s1\">Veja as instru\u00e7\u00f5es\u00a0<\/span><\/h3>\n<p class=\"p1\" style=\"text-align: justify;\"><span class=\"s1\">Somente voc\u00ea ser\u00e1 capaz de ver seu pr\u00f3prio an\u00fancio, mas a dire\u00e7\u00e3o de outros an\u00fancios ao seu redor. <a href=\"https:\/\/ship-tracker.org\/pt\/vesselfinder\/\">Vesselfindr<\/a> voc\u00ea nunca ver\u00e1 que existe outro navio e que o seu deve mudar as dire\u00e7\u00f5es imediatamente ou n\u00e3o o outro para garantir que os caminhos de travessia sejam feitos dessa maneira. Todos os slides que tamb\u00e9m est\u00e3o dispon\u00edveis ter\u00e3o acesso a eles e ser\u00e3o capazes de ver cada um, em qualquer condi\u00e7\u00e3o, velocidade e quanto tempo eles levar\u00e3o para o seu destino. <\/span><\/p>\n<p class=\"p1\" style=\"text-align: justify;\"><span class=\"s1\">Este \u00e9 um plano que n\u00e3o vai deixar voc\u00ea aparecer ou trabalhar em um instante. \u00c9 muito consistente e muitas coisas dependem delas para garantir que sua apar\u00eancia seja certa ou exista no seu destino.\u00a0<\/span><\/p>\n<p><img loading=\"lazy\" decoding=\"async\" class=\"wp-image-746 size-full aligncenter\" src=\"https:\/\/ship-tracker.org\/wp-content\/uploads\/2019\/03\/cruise-ship-615116_640-1.jpg\" alt=\"Rastreador de navios de cruzeiro\" width=\"640\" height=\"357\" srcset=\"https:\/\/ship-tracker.org\/wp-content\/uploads\/2019\/03\/cruise-ship-615116_640-1.jpg 640w, https:\/\/ship-tracker.org\/wp-content\/uploads\/2019\/03\/cruise-ship-615116_640-1-300x167.jpg 300w\" sizes=\"auto, (max-width: 640px) 100vw, 640px\" \/><\/p>","protected":false},"excerpt":{"rendered":"<p>Rastreador de navios de cruzeiro \u2013 Localiza\u00e7\u00e3o de navios em tempo real O rastreamento de navios \u00e9 a localiza\u00e7\u00e3o de navios de cruzeiro mais popular. Os parentes muitas vezes querem saber se a viagem do navio de cruzeiro est\u00e1 indo bem ou se o navio chegar\u00e1 ao porto ou ao destino a tempo. H\u00e1 certas coisas que voc\u00ea precisa saber sobre cruzeiros\u2026&nbsp;<a href=\"https:\/\/ship-tracker.org\/pt\/cruise-ship-tracker\/\" rel=\"bookmark\">Ler mais \u00bb<span class=\"screen-reader-text\">Rastreador de navios de cruzeiro<\/span><\/a><\/p>","protected":false},"author":1,"featured_media":0,"parent":0,"menu_order":0,"comment_status":"closed","ping_status":"closed","template":"","meta":{"neve_meta_sidebar":"","neve_meta_container":"","neve_meta_enable_content_width":"","neve_meta_content_width":0,"neve_meta_title_alignment":"","neve_meta_author_avatar":"","neve_post_elements_order":"","neve_meta_disable_header":"","neve_meta_disable_footer":"","neve_meta_disable_title":"","neve_meta_reading_time":"","footnotes":""},"class_list":["post-745","page","type-page","status-publish","hentry"],"yoast_head":"<!-- This site is optimized with the Yoast SEO plugin v26.9 - https:\/\/yoast.com\/product\/yoast-seo-wordpress\/ -->\n<title>Cruise Ship Tracker\u2503Current position location and Specifications<\/title>\n<meta name=\"description\" content=\"Cruise Ship Tracker \u2693 Current position of All Cruise ships \u2713 Ship Tracker \u2713 Live Ship Tracker \u2713 Review and Specifications \u2713 Webcam\" \/>\n<meta name=\"robots\" content=\"index, follow, max-snippet:-1, max-image-preview:large, max-video-preview:-1\" \/>\n<link rel=\"canonical\" href=\"https:\/\/ship-tracker.org\/pt\/cruise-ship-tracker\/\" \/>\n<meta property=\"og:locale\" content=\"pt_PT\" \/>\n<meta property=\"og:type\" content=\"article\" \/>\n<meta property=\"og:title\" content=\"Cruise Ship Tracker\u2503Current position location and Specifications\" \/>\n<meta property=\"og:description\" content=\"Cruise Ship Tracker \u2693 Current position of All Cruise ships \u2713 Ship Tracker \u2713 Live Ship Tracker \u2713 Review and Specifications \u2713 Webcam\" \/>\n<meta property=\"og:url\" content=\"https:\/\/ship-tracker.org\/pt\/cruise-ship-tracker\/\" \/>\n<meta property=\"og:site_name\" content=\"Ship-tracker.org\" \/>\n<meta property=\"article:modified_time\" content=\"2021-11-08T20:05:13+00:00\" \/>\n<meta property=\"og:image\" content=\"https:\/\/ship-tracker.org\/wp-content\/uploads\/2020\/04\/karte-kreuzfahrt-kreuzfahrtschiff-schiffsposition-schiffsradar-768x388-1.jpg\" \/>\n<meta name=\"twitter:card\" content=\"summary_large_image\" \/>\n<meta name=\"twitter:label1\" content=\"Tempo estimado de leitura\" \/>\n\t<meta name=\"twitter:data1\" content=\"6 minutos\" \/>\n<script type=\"application\/ld+json\" class=\"yoast-schema-graph\">{\"@context\":\"https:\/\/schema.org\",\"@graph\":[{\"@type\":\"WebPage\",\"@id\":\"https:\/\/ship-tracker.org\/nl\/cruise-ship-tracker\/\",\"url\":\"https:\/\/ship-tracker.org\/nl\/cruise-ship-tracker\/\",\"name\":\"Cruise Ship Tracker\u2503Current position location and Specifications\",\"isPartOf\":{\"@id\":\"https:\/\/ship-tracker.org\/#website\"},\"primaryImageOfPage\":{\"@id\":\"https:\/\/ship-tracker.org\/nl\/cruise-ship-tracker\/#primaryimage\"},\"image\":{\"@id\":\"https:\/\/ship-tracker.org\/nl\/cruise-ship-tracker\/#primaryimage\"},\"thumbnailUrl\":\"https:\/\/ship-tracker.org\/wp-content\/uploads\/2020\/04\/karte-kreuzfahrt-kreuzfahrtschiff-schiffsposition-schiffsradar-768x388-1.jpg\",\"datePublished\":\"2019-03-28T15:16:09+00:00\",\"dateModified\":\"2021-11-08T20:05:13+00:00\",\"description\":\"Cruise Ship Tracker \u2693 Current position of All Cruise ships \u2713 Ship Tracker \u2713 Live Ship Tracker \u2713 Review and Specifications \u2713 Webcam\",\"breadcrumb\":{\"@id\":\"https:\/\/ship-tracker.org\/nl\/cruise-ship-tracker\/#breadcrumb\"},\"inLanguage\":\"pt-PT\",\"potentialAction\":[{\"@type\":\"ReadAction\",\"target\":[\"https:\/\/ship-tracker.org\/nl\/cruise-ship-tracker\/\"]}]},{\"@type\":\"ImageObject\",\"inLanguage\":\"pt-PT\",\"@id\":\"https:\/\/ship-tracker.org\/nl\/cruise-ship-tracker\/#primaryimage\",\"url\":\"https:\/\/ship-tracker.org\/wp-content\/uploads\/2020\/04\/karte-kreuzfahrt-kreuzfahrtschiff-schiffsposition-schiffsradar-768x388-1.jpg\",\"contentUrl\":\"https:\/\/ship-tracker.org\/wp-content\/uploads\/2020\/04\/karte-kreuzfahrt-kreuzfahrtschiff-schiffsposition-schiffsradar-768x388-1.jpg\"},{\"@type\":\"BreadcrumbList\",\"@id\":\"https:\/\/ship-tracker.org\/nl\/cruise-ship-tracker\/#breadcrumb\",\"itemListElement\":[{\"@type\":\"ListItem\",\"position\":1,\"name\":\"Startseite\",\"item\":\"https:\/\/ship-tracker.org\/\"},{\"@type\":\"ListItem\",\"position\":2,\"name\":\"Cruise Ship Tracker\"}]},{\"@type\":\"WebSite\",\"@id\":\"https:\/\/ship-tracker.org\/#website\",\"url\":\"https:\/\/ship-tracker.org\/\",\"name\":\"Ship-tracker.org\",\"description\":\"\",\"potentialAction\":[{\"@type\":\"SearchAction\",\"target\":{\"@type\":\"EntryPoint\",\"urlTemplate\":\"https:\/\/ship-tracker.org\/?s={search_term_string}\"},\"query-input\":{\"@type\":\"PropertyValueSpecification\",\"valueRequired\":true,\"valueName\":\"search_term_string\"}}],\"inLanguage\":\"pt-PT\"}]}<\/script>\n<!-- \/ Yoast SEO plugin. -->","yoast_head_json":{"title":"Localizador de posi\u00e7\u00e3o atual e especifica\u00e7\u00f5es","description":"Rastreador de navios de cruzeiro \u2693 Posi\u00e7\u00e3o atual de todos os navios de cruzeiro \u2713 Rastreador de navios \u2713 Rastreador de navios ao vivo \u2713 Revis\u00e3o e especifica\u00e7\u00f5es \u2713 Webcam","robots":{"index":"index","follow":"follow","max-snippet":"max-snippet:-1","max-image-preview":"max-image-preview:large","max-video-preview":"max-video-preview:-1"},"canonical":"https:\/\/ship-tracker.org\/pt\/cruise-ship-tracker\/","og_locale":"pt_PT","og_type":"article","og_title":"Cruise Ship Tracker\u2503Current position location and Specifications","og_description":"Cruise Ship Tracker \u2693 Current position of All Cruise ships \u2713 Ship Tracker \u2713 Live Ship Tracker \u2713 Review and Specifications \u2713 Webcam","og_url":"https:\/\/ship-tracker.org\/pt\/cruise-ship-tracker\/","og_site_name":"Ship-tracker.org","article_modified_time":"2021-11-08T20:05:13+00:00","og_image":[{"url":"https:\/\/ship-tracker.org\/wp-content\/uploads\/2020\/04\/karte-kreuzfahrt-kreuzfahrtschiff-schiffsposition-schiffsradar-768x388-1.jpg","type":"","width":"","height":""}],"twitter_card":"summary_large_image","twitter_misc":{"Tempo estimado de leitura":"6 minutos"},"schema":{"@context":"https:\/\/schema.org","@graph":[{"@type":"WebPage","@id":"https:\/\/ship-tracker.org\/nl\/cruise-ship-tracker\/","url":"https:\/\/ship-tracker.org\/nl\/cruise-ship-tracker\/","name":"Localizador de posi\u00e7\u00e3o atual e especifica\u00e7\u00f5es","isPartOf":{"@id":"https:\/\/ship-tracker.org\/#website"},"primaryImageOfPage":{"@id":"https:\/\/ship-tracker.org\/nl\/cruise-ship-tracker\/#primaryimage"},"image":{"@id":"https:\/\/ship-tracker.org\/nl\/cruise-ship-tracker\/#primaryimage"},"thumbnailUrl":"https:\/\/ship-tracker.org\/wp-content\/uploads\/2020\/04\/karte-kreuzfahrt-kreuzfahrtschiff-schiffsposition-schiffsradar-768x388-1.jpg","datePublished":"2019-03-28T15:16:09+00:00","dateModified":"2021-11-08T20:05:13+00:00","description":"Rastreador de navios de cruzeiro \u2693 Posi\u00e7\u00e3o atual de todos os navios de cruzeiro \u2713 Rastreador de navios \u2713 Rastreador de navios ao vivo \u2713 Revis\u00e3o e especifica\u00e7\u00f5es \u2713 Webcam","breadcrumb":{"@id":"https:\/\/ship-tracker.org\/nl\/cruise-ship-tracker\/#breadcrumb"},"inLanguage":"pt-PT","potentialAction":[{"@type":"ReadAction","target":["https:\/\/ship-tracker.org\/nl\/cruise-ship-tracker\/"]}]},{"@type":"ImageObject","inLanguage":"pt-PT","@id":"https:\/\/ship-tracker.org\/nl\/cruise-ship-tracker\/#primaryimage","url":"https:\/\/ship-tracker.org\/wp-content\/uploads\/2020\/04\/karte-kreuzfahrt-kreuzfahrtschiff-schiffsposition-schiffsradar-768x388-1.jpg","contentUrl":"https:\/\/ship-tracker.org\/wp-content\/uploads\/2020\/04\/karte-kreuzfahrt-kreuzfahrtschiff-schiffsposition-schiffsradar-768x388-1.jpg"},{"@type":"BreadcrumbList","@id":"https:\/\/ship-tracker.org\/nl\/cruise-ship-tracker\/#breadcrumb","itemListElement":[{"@type":"ListItem","position":1,"name":"Startseite","item":"https:\/\/ship-tracker.org\/"},{"@type":"ListItem","position":2,"name":"Cruise Ship Tracker"}]},{"@type":"WebSite","@id":"https:\/\/ship-tracker.org\/#website","url":"https:\/\/ship-tracker.org\/","name":"Ship-tracker.org","description":"","potentialAction":[{"@type":"SearchAction","target":{"@type":"EntryPoint","urlTemplate":"https:\/\/ship-tracker.org\/?s={search_term_string}"},"query-input":{"@type":"PropertyValueSpecification","valueRequired":true,"valueName":"search_term_string"}}],"inLanguage":"pt-PT"}]}},"_links":{"self":[{"href":"https:\/\/ship-tracker.org\/pt\/wp-json\/wp\/v2\/pages\/745","targetHints":{"allow":["GET"]}}],"collection":[{"href":"https:\/\/ship-tracker.org\/pt\/wp-json\/wp\/v2\/pages"}],"about":[{"href":"https:\/\/ship-tracker.org\/pt\/wp-json\/wp\/v2\/types\/page"}],"author":[{"embeddable":true,"href":"https:\/\/ship-tracker.org\/pt\/wp-json\/wp\/v2\/users\/1"}],"replies":[{"embeddable":true,"href":"https:\/\/ship-tracker.org\/pt\/wp-json\/wp\/v2\/comments?post=745"}],"version-history":[{"count":10,"href":"https:\/\/ship-tracker.org\/pt\/wp-json\/wp\/v2\/pages\/745\/revisions"}],"predecessor-version":[{"id":2026,"href":"https:\/\/ship-tracker.org\/pt\/wp-json\/wp\/v2\/pages\/745\/revisions\/2026"}],"wp:attachment":[{"href":"https:\/\/ship-tracker.org\/pt\/wp-json\/wp\/v2\/media?parent=745"}],"curies":[{"name":"wp","href":"https:\/\/api.w.org\/{rel}","templated":true}]}}