{"id":716,"date":"2018-05-30T18:57:30","date_gmt":"2018-05-30T16:57:30","guid":{"rendered":"http:\/\/ship-tracker.org\/?page_id=716"},"modified":"2024-05-03T22:27:09","modified_gmt":"2024-05-03T20:27:09","slug":"vesselfinder","status":"publish","type":"page","link":"https:\/\/ship-tracker.org\/pt\/vesselfinder\/","title":{"rendered":"VesselFinder"},"content":{"rendered":"<p><script async src=\"https:\/\/pagead2.googlesyndication.com\/pagead\/js\/adsbygoogle.js\"><span data-mce-type=\"bookmark\" style=\"display: inline-block; width: 0px; overflow: hidden; line-height: 0;\" class=\"mce_SELRES_start\">\ufeff<\/span><span data-mce-type=\"bookmark\" style=\"display: inline-block; width: 0px; overflow: hidden; line-height: 0;\" class=\"mce_SELRES_start\">\ufeff<\/span><\/script><br \/>\n<!-- Ship-Tracker Display --><br \/>\n<ins class=\"adsbygoogle\" style=\"display: block;\" data-ad-client=\"ca-pub-1316785063791781\" data-ad-slot=\"8075999632\" data-ad-format=\"auto\" data-full-width-responsive=\"true\"><\/ins><br \/>\n<script>\n     (adsbygoogle = window.adsbygoogle || []).push({});\n<\/script><\/p>\n<h2>Rastreamento de navios em tempo real por VesselFinder<\/h2>\n<p><script type=\"text\/javascript\">\n  var width=\"1500\";\n  var height=\"500\";\n  var zoom=\"3\";\n  var click_to_activate=false;\n<\/script><br \/>\n<script type=\"text\/javascript\" src=\"https:\/\/www.vesselfinder.com\/aismap.js\">\n<\/script><br \/>\n<script async src=\"https:\/\/pagead2.googlesyndication.com\/pagead\/js\/adsbygoogle.js\"><\/script><br \/>\n<!-- Schip-Tracker Linkanzeigen --><br \/>\n<ins class=\"adsbygoogle\" style=\"display: block;\" data-ad-client=\"ca-pub-1316785063791781\" data-ad-slot=\"3429004156\" data-ad-format=\"link\" data-full-width-responsive=\"true\"><\/ins><br \/>\n<script>\n     (adsbygoogle = window.adsbygoogle || []).push({});\n<\/script><\/p>\n<p class=\"p1\" style=\"text-align: justify;\"><span class=\"s1\">Muitas vezes, em tempo real, h\u00e1 mais de 100.000 vezes diariamente, com a ajuda de uma grande quantidade de not\u00edcias recentes sobre o AIS, almo\u00e7adas e estabelecidas em 2011.\u00a0<\/span><\/p>\n<p class=\"p1\" style=\"text-align: justify;\"><span class=\"s1\">V\u0435\u0455\u0455\u0435lfind\u0435r oferece \u0455\u0435rvi\u0441\u0435\u0455 \u0455\u0435rvi\u0441\u0435\u0455 digital, \u0455\u043e\u0441i\u0430l and mobile planf\u043erm\u0455, VesselFinder \u043eff\u0435r\u0455 \u0435ffi\u0441i\u0435nt m\u043enit\u043ering \u0455\u0435rvi\u0441\u0435\u0455, porta \u0455\u043e\u0441i\u0430l &amp; mobile \u0440l\u0430tf\u043erm\u0455, VesselFinder \u043eff\u0435r\u0455 \u0435ffi\u0441i\u0435nt m\u043enit\u043ering \u0455\u0435rvi\u0441\u0435\u0455, porta porta \u0455\u043e\u0441i\u0430tf\u043erm\u0455, vesselFinder \u043eff\u0435r\u0455 \u0435ffi\u0441i\u0435nt m\u043enit\u043ering \u0455\u0435rvi\u0441\u0435\u0455, porta porta \u0440l\u0430tf\u043erm\u0455, e master data e uma viagem de navio detalhada. Al\u00e9m disso, tamb\u00e9m fornece dados hist\u00f3ricos de dados AIS que impedem a execu\u00e7\u00e3o de relatos de movimentos de suspens\u00e3o, v\u00e1rios tipos de densidade de tr\u00e1fego e simula\u00e7\u00e3o de v\u00eddeo de movimentos de embarca\u00e7\u00f5es,<span class=\"Apple-converted-space\">\u00a0 <\/span>entre outros.<span class=\"Apple-converted-space\">\u00a0 \u00a0<\/span><\/span><\/p>\n<h2>Como funciona o VesselFinder?<\/h2>\n<p class=\"p1\" style=\"text-align: justify;\"><span class=\"s1\">AIS Live <a href=\"https:\/\/ship-tracker.org\/pt\/ship-tracker\/\">rastreamento de navios<\/a><span class=\"Apple-converted-space\">\u00a0\u00a0<\/span>\u00e9 um lugar onde muitas pessoas se destacam por sua pr\u00f3pria apar\u00eancia, embarca\u00e7\u00e3o de sua<span class=\"Apple-converted-space\">\u00a0 <\/span>Por outro lado, todas as partes, em grande parte, as novas para a ind\u00fastria majorit\u00e1ria<span class=\"Apple-converted-space\">\u00a0 <\/span>e neg\u00f3cios. O servi\u00e7o de rastreamento geral do AIS Liv\u00e9 por V\u00e9sselflindindr \u00e9 um servi\u00e7o totalmente fr\u00e1gil baseado na Internet, que n\u00e3o faz diferen\u00e7a.<\/span><span class=\"s1\">uire qualquer<span class=\"Apple-converted-space\">\u00a0 <\/span>registro, \u00e9 tamb\u00e9m com a interface mais r\u00e1pida eg<\/span><span class=\"s1\">voc\u00ea \u00e9 simples<span class=\"Apple-converted-space\">\u00a0 <\/span>inevitavelmente. Tamb\u00e9m h\u00e1 um modelo simples modificado com pouco<span class=\"Apple-converted-space\">\u00a0 <\/span>para os pontos de vista dos usu\u00e1rios, que s\u00e3o melhores para os usu\u00e1rios de seus v\u00e1rios treinamentos.\u00a0<\/span><\/p>\n<div class=\"su-youtube su-u-responsive-media-yes\"><iframe loading=\"lazy\" width=\"600\" height=\"400\" src=\"https:\/\/www.youtube.com\/embed\/fIbwRnq4jdo?\" frameborder=\"0\" allowfullscreen allow=\"autoplay; encrypted-media; picture-in-picture\" title=\"\"><\/iframe><\/div>\n<p><script async src=\"https:\/\/pagead2.googlesyndication.com\/pagead\/js\/adsbygoogle.js\"><\/script><br \/>\n<!-- Ship-Tracker Display --><br \/>\n<ins class=\"adsbygoogle\" style=\"display: block;\" data-ad-client=\"ca-pub-1316785063791781\" data-ad-slot=\"8075999632\" data-ad-format=\"auto\" data-full-width-responsive=\"true\"><\/ins><br \/>\n<script>\n     (adsbygoogle = window.adsbygoogle || []).push({});\n<\/script><\/p>\n<h2>VesselFinder Informa\u00e7\u00f5es sobre navios, carga e companhia<\/h2>\n<p style=\"text-align: justify;\">Voc\u00ea tem acesso a muito mais dados com o VesselFinder, voc\u00ea n\u00e3o pode apenas rastrear a posi\u00e7\u00e3o atual dos navios. Em alguns navios e modelos, por exemplo, as fotos est\u00e3o dispon\u00edveis. Gra\u00e7as a eles, voc\u00ea pode obter uma impress\u00e3o pessoal do navio diretamente, um simples clique ou um toque no s\u00edmbolo correspondente no mapa \u00e9 suficiente.<\/p>\n<figure id=\"attachment_2727\" aria-describedby=\"caption-attachment-2727\" style=\"width: 900px\" class=\"wp-caption aligncenter\"><img loading=\"lazy\" decoding=\"async\" class=\"wp-image-2727 size-full\" src=\"https:\/\/ship-tracker.org\/wp-content\/uploads\/2020\/05\/Unbenannt44-e1589046113367.png\" alt=\"Vesselfinder\" width=\"900\" height=\"455\" srcset=\"https:\/\/ship-tracker.org\/wp-content\/uploads\/2020\/05\/Unbenannt44-e1589046113367.png 900w, https:\/\/ship-tracker.org\/wp-content\/uploads\/2020\/05\/Unbenannt44-e1589046113367-300x152.png 300w, https:\/\/ship-tracker.org\/wp-content\/uploads\/2020\/05\/Unbenannt44-e1589046113367-768x388.png 768w\" sizes=\"auto, (max-width: 900px) 100vw, 900px\" \/><figcaption id=\"caption-attachment-2727\" class=\"wp-caption-text\">Captura de tela \u00a9 VesselFinder.com<\/figcaption><\/figure>\n<p style=\"text-align: justify;\">Al\u00e9m disso, informa\u00e7\u00f5es sobre a carga e o destino do navio est\u00e3o \u00e0 sua disposi\u00e7\u00e3o. Se voc\u00ea tamb\u00e9m quiser saber onde o navio come\u00e7ou e quanto tempo leva a viagem, mesmo isso n\u00e3o \u00e9 um problema. E por \u00faltimo mas n\u00e3o menos importante, a velocidade atual dos navios tamb\u00e9m deve ser interessante para muitos. Voc\u00ea pode at\u00e9 v\u00ea-los, eles s\u00e3o atualizados em intervalos regulares.<\/p>\n<p style=\"text-align: justify;\">Experimente voc\u00ea mesmo o localizador de embarca\u00e7\u00f5es e deixe-se convencer pela funcionalidade e opera\u00e7\u00e3o simples. Desejamos-lhe muita divers\u00e3o!<\/p>\n<p>Se voc\u00ea estiver procurando dados adicionais em tempo real de v\u00e1rios tipos de radar, incluindo voo, mar\u00edtimo, meteorol\u00f3gico e muito mais, poder\u00e1 encontr\u00e1-los no site <a href=\"https:\/\/live-radar.org\/\" target=\"_blank\" rel=\"noopener noreferrer\">https:\/\/live-radar.org\/<\/a>.<\/p>\n<h3>Os diferentes tipos de navios no VesselFinder<\/h3>\n<p>H\u00e1 um grande n\u00famero de navios que podem ser rastreados usando o VesselFinder. Em nossa tabela, resumimos todos os tipos de navios com os s\u00edmbolos e o significado no radar do navio. Com a ajuda da tabela voc\u00ea pode ver facilmente a localiza\u00e7\u00e3o do navio.<\/p>\n<table style=\"border-collapse: collapse; width: 100%;\">\n<tbody>\n<tr>\n<td style=\"width: 33.3333%;\"><strong>TIPO DE NAVIO<\/strong><\/td>\n<td style=\"width: 33.3333%; text-align: center;\"><strong>TIPO DE NAVIO<\/strong><\/td>\n<td style=\"width: 33.3333%; text-align: center;\"><strong>TIPO DE NAVIO<\/strong><\/td>\n<\/tr>\n<tr>\n<td style=\"width: 33.3333%;\">Navio mercante<\/td>\n<td style=\"width: 33.3333%; text-align: left;\"><img loading=\"lazy\" decoding=\"async\" class=\"aligncenter wp-image-2709 size-full\" src=\"https:\/\/ship-tracker.org\/wp-content\/uploads\/2020\/05\/icon_4_8.png\" alt=\"Navio mercante\" width=\"32\" height=\"32\" \/><\/td>\n<td style=\"width: 33.3333%; text-align: left;\"><img loading=\"lazy\" decoding=\"async\" class=\"aligncenter size-full wp-image-2718\" src=\"https:\/\/ship-tracker.org\/wp-content\/uploads\/2020\/05\/icon_4_32.png\" alt=\"\" width=\"32\" height=\"32\" \/><\/td>\n<\/tr>\n<tr>\n<td style=\"width: 33.3333%;\">Tanker<\/td>\n<td style=\"width: 33.3333%; text-align: left;\"><img loading=\"lazy\" decoding=\"async\" class=\"aligncenter size-full wp-image-2710\" src=\"https:\/\/ship-tracker.org\/wp-content\/uploads\/2020\/05\/icon_6_8.png\" alt=\"Tanker\" width=\"32\" height=\"32\" \/><\/td>\n<td style=\"width: 33.3333%; text-align: left;\"><img loading=\"lazy\" decoding=\"async\" class=\"aligncenter size-full wp-image-2719\" src=\"https:\/\/ship-tracker.org\/wp-content\/uploads\/2020\/05\/icon_6_32.png\" alt=\"\" width=\"32\" height=\"32\" \/><\/td>\n<\/tr>\n<tr>\n<td style=\"width: 33.3333%;\">Navios militares<\/td>\n<td style=\"width: 33.3333%; text-align: left;\"><img loading=\"lazy\" decoding=\"async\" class=\"aligncenter wp-image-2711 size-full\" src=\"https:\/\/ship-tracker.org\/wp-content\/uploads\/2020\/05\/icon_7_8.png\" alt=\"Navios militares\" width=\"32\" height=\"32\" \/><\/td>\n<td style=\"width: 33.3333%; text-align: left;\"><img loading=\"lazy\" decoding=\"async\" class=\"aligncenter size-full wp-image-2720\" src=\"https:\/\/ship-tracker.org\/wp-content\/uploads\/2020\/05\/icon_7_32.png\" alt=\"\" width=\"32\" height=\"32\" \/><\/td>\n<\/tr>\n<tr>\n<td style=\"width: 33.3333%;\">Navio de passageiros<\/td>\n<td style=\"width: 33.3333%; text-align: left;\"><img loading=\"lazy\" decoding=\"async\" class=\"aligncenter size-full wp-image-2712\" src=\"https:\/\/ship-tracker.org\/wp-content\/uploads\/2020\/05\/icon_3_8.png\" alt=\"Navio de passageiros\" width=\"32\" height=\"32\" \/><\/td>\n<td style=\"width: 33.3333%; text-align: left;\"><img loading=\"lazy\" decoding=\"async\" class=\"aligncenter size-full wp-image-2721\" src=\"https:\/\/ship-tracker.org\/wp-content\/uploads\/2020\/05\/icon_3_32.png\" alt=\"\" width=\"32\" height=\"32\" \/><\/td>\n<\/tr>\n<tr>\n<td style=\"width: 33.3333%;\">Barco de pesca<\/td>\n<td style=\"width: 33.3333%; text-align: left;\"><img loading=\"lazy\" decoding=\"async\" class=\"aligncenter size-full wp-image-2713\" src=\"https:\/\/ship-tracker.org\/wp-content\/uploads\/2020\/05\/icon_5_8.png\" alt=\"Barco de pesca\" width=\"32\" height=\"32\" \/><\/td>\n<td style=\"width: 33.3333%; text-align: left;\"><img loading=\"lazy\" decoding=\"async\" class=\"aligncenter size-full wp-image-2722\" src=\"https:\/\/ship-tracker.org\/wp-content\/uploads\/2020\/05\/icon_5_32.png\" alt=\"\" width=\"32\" height=\"32\" \/><\/td>\n<\/tr>\n<tr>\n<td style=\"width: 33.3333%;\">Lancha<\/td>\n<td style=\"width: 33.3333%; text-align: left;\"><img loading=\"lazy\" decoding=\"async\" class=\"aligncenter size-full wp-image-2714\" src=\"https:\/\/ship-tracker.org\/wp-content\/uploads\/2020\/05\/icon_2_8.png\" alt=\"Lanchas\" width=\"32\" height=\"32\" \/><\/td>\n<td style=\"width: 33.3333%; text-align: left;\"><img loading=\"lazy\" decoding=\"async\" class=\"aligncenter size-full wp-image-2723\" src=\"https:\/\/ship-tracker.org\/wp-content\/uploads\/2020\/05\/icon_2_32.png\" alt=\"\" width=\"32\" height=\"32\" \/><\/td>\n<\/tr>\n<tr>\n<td style=\"width: 33.3333%;\">Veleiro<\/td>\n<td style=\"width: 33.3333%; text-align: left;\"><img loading=\"lazy\" decoding=\"async\" class=\"aligncenter size-full wp-image-2715\" src=\"https:\/\/ship-tracker.org\/wp-content\/uploads\/2020\/05\/icon_8_8.png\" alt=\"Veleiro\" width=\"32\" height=\"32\" \/><\/td>\n<td style=\"width: 33.3333%; text-align: left;\"><img loading=\"lazy\" decoding=\"async\" class=\"aligncenter size-full wp-image-2724\" src=\"https:\/\/ship-tracker.org\/wp-content\/uploads\/2020\/05\/icon_8_32.png\" alt=\"\" width=\"32\" height=\"32\" \/><\/td>\n<\/tr>\n<tr>\n<td style=\"width: 33.3333%;\">outro navio<\/td>\n<td style=\"width: 33.3333%; text-align: left;\"><img loading=\"lazy\" decoding=\"async\" class=\"aligncenter size-full wp-image-2716\" src=\"https:\/\/ship-tracker.org\/wp-content\/uploads\/2020\/05\/icon_1_8.png\" alt=\"outro navio\" width=\"32\" height=\"32\" \/><\/td>\n<td style=\"width: 33.3333%; text-align: left;\"><img loading=\"lazy\" decoding=\"async\" class=\"aligncenter size-full wp-image-2725\" src=\"https:\/\/ship-tracker.org\/wp-content\/uploads\/2020\/05\/icon_1_32.png\" alt=\"\" width=\"32\" height=\"32\" \/><\/td>\n<\/tr>\n<tr>\n<td style=\"width: 33.3333%;\">outros objetos<\/td>\n<td style=\"width: 33.3333%; text-align: left;\"><img loading=\"lazy\" decoding=\"async\" class=\"aligncenter size-full wp-image-2717\" src=\"https:\/\/ship-tracker.org\/wp-content\/uploads\/2020\/05\/andere-Objekte.png\" alt=\"outros objetos\" width=\"32\" height=\"32\" \/><\/td>\n<td style=\"width: 33.3333%; text-align: left;\"><img loading=\"lazy\" decoding=\"async\" class=\"aligncenter size-full wp-image-2726\" src=\"https:\/\/ship-tracker.org\/wp-content\/uploads\/2020\/05\/icon_0_32.png\" alt=\"\" width=\"32\" height=\"32\" \/><\/td>\n<\/tr>\n<\/tbody>\n<\/table>\n<h2 class=\"p1\"><span class=\"s1\">PRINCIPAIS CARACTER\u00cdSTICAS DOS V\u00c1RIOS SHIELD TRANSFERIDOS DA SISTURA:<\/span><\/h2>\n<p>O VesselFinder \u00e9 baseado no sistema de identifica\u00e7\u00e3o autom\u00e1tica (AIS). Uma extensa rede de receptores em todo o mundo envia constantemente sinais que o servi\u00e7o de rastreamento decodifica e converte no material que voc\u00ea pode ver no site.<\/p>\n<ul class=\"ul1\">\n<li class=\"li1\"><span class=\"s1\">\u00c9 uma medida geral <\/span><\/li>\n<li class=\"li1\"><span class=\"s1\">Ele pode ser visto por muitos, como n\u00famero IMO, MMSI. \u00c9 realmente f\u00e1cil para os usu\u00e1rios encontrarem os detalhes da embarca\u00e7\u00e3o em breve e encontrar as informa\u00e7\u00f5es desejadas. <\/span><\/li>\n<li class=\"li1\"><span class=\"s1\">H\u00e1 informa\u00e7\u00f5es no local em que h\u00e1 mais de 150 mil embarca\u00e7\u00f5es, como: Im, Im, Tyre, Destestination <\/span><\/li>\n<li class=\"li1\"><span class=\"s1\">Para todas as embarca\u00e7\u00f5es, \u00e9 poss\u00edvel encontrar as posi\u00e7\u00f5es, a carga e a hist\u00f3ria do carro. <\/span><\/li>\n<li class=\"li1\"><span class=\"s1\">Pelo menos, foi o que aconteceu entre alguns casos, algumas partes, algumas novas embarca\u00e7\u00f5es, partes e muitos outros eventos. <\/span><\/li>\n<li class=\"li1\"><span class=\"s1\">Com o porto do Observador, os usu\u00e1rios podem buscar por qualquer embarca\u00e7\u00e3o que esteja chegando ou saindo <\/span><\/li>\n<li class=\"li1\"><span class=\"s1\">Tamb\u00e9m h\u00e1 uma galeria com v\u00e1rias fotografias. <\/span><\/li>\n<li class=\"li1\"><span class=\"s1\">O Finder Geral \u00e9 muito amig\u00e1vel, com design realmente simples e f\u00e1cil de usar. <\/span><\/li>\n<li class=\"li1\"><span class=\"s1\">Cont\u00ednua e abrangente cobertura para portos e navios.<\/span><\/li>\n<\/ul>\n<p>O AIS Live Vessel Tracking System \u00e9 usado para identificar com precis\u00e3o a posi\u00e7\u00e3o dos navios e exibe sua posi\u00e7\u00e3o atual, velocidade, tipo, movimento etc. Este sistema de rastreamento de navios foi criado principalmente para evitar colis\u00f5es de navios no tr\u00e1fego de navios.<\/p>\n<h3>Aplicativos m\u00f3veis do VesselFinder<\/h3>\n<p>A vers\u00e3o m\u00f3vel da observa\u00e7\u00e3o VesselFinder tamb\u00e9m \u00e9 gratuita e pode ser <a href=\"https:\/\/play.google.com\/store\/apps\/details?id=com.astrapaging.vff&amp;hl=de\" target=\"_blank\" rel=\"noopener noreferrer\">baixado como aplicativo para Android<\/a> e iOS. Isso permite que voc\u00ea acompanhe muito bem os movimentos dos navios, mesmo quando estiver em movimento. Voc\u00ea pode acessar facilmente a vers\u00e3o m\u00f3vel clicando no link correspondente no mapa do radar no canto inferior direito.<\/p>\n<h3>Use o grande mapa do VesselFinder<\/h3>\n<p>Milhares de navios, que se movem ao mesmo tempo e navegam por todos os mares do mundo. Aqui voc\u00ea pode rapidamente perder o controle. Para que isso n\u00e3o aconte\u00e7a com voc\u00ea com o VesselFinder, voc\u00ea pode ver todas as informa\u00e7\u00f5es diretamente em um mapa mundial completo. Aqui voc\u00ea n\u00e3o apenas v\u00ea todos os navios, continentes e oceanos \u00e0 primeira vista, mas tamb\u00e9m tem a possibilidade de se concentrar em uma determinada \u00e1rea. Especialmente para este prop\u00f3sito, o radar do navio tem uma possibilidade simples de aumentar e diminuir o zoom neste mapa.<\/p>\n<p class=\"p1\"><span class=\"s1\">Em muitos casos, o rastreamento e <a href=\"https:\/\/ship-tracker.org\/pt\/marinetraffic\/\">MarineTraffic<\/a> est\u00e1 usando Oran Street Street - o que traz uma experi\u00eancia incr\u00edvel e parece realmente libertar dados sobre a Terra e mapear para o mundo inteiro.<\/span><\/p>","protected":false},"excerpt":{"rendered":"<p>Rastreamento de navios em tempo real pelo VesselFinder O V\u0435\u0455\u0455\u0435lfind\u0435r oferece dados em tempo real de mais de 100.000 navios diariamente com a ajuda de uma grande rede de receptores AIS terrestres, lan\u00e7ada e estabelecida em 2011 .V\u0435\u0455\u0455\u0435lfind\u0435r oferece servi\u00e7os em plataformas digitais, sociais e m\u00f3veis, O VesselFinder oferece servi\u00e7os de monitoramento eficientes, chamadas de porta e dados mestre e\u2026&nbsp;<a href=\"https:\/\/ship-tracker.org\/pt\/vesselfinder\/\" rel=\"bookmark\">Ler mais \u00bb<span class=\"screen-reader-text\">VesselFinder<\/span><\/a><\/p>","protected":false},"author":1,"featured_media":0,"parent":0,"menu_order":0,"comment_status":"closed","ping_status":"closed","template":"","meta":{"neve_meta_sidebar":"","neve_meta_container":"","neve_meta_enable_content_width":"off","neve_meta_content_width":100,"neve_meta_title_alignment":"","neve_meta_author_avatar":"","neve_post_elements_order":"","neve_meta_disable_header":"","neve_meta_disable_footer":"","neve_meta_disable_title":"","neve_meta_reading_time":"","footnotes":""},"class_list":["post-716","page","type-page","status-publish","hentry"],"yoast_head":"<!-- This site is optimized with the Yoast SEO plugin v26.9 - https:\/\/yoast.com\/product\/yoast-seo-wordpress\/ -->\n<title>VesselFinder | Worldwide Ship Tracking In Real-time<\/title>\n<meta name=\"description\" content=\"VesselFinder for tracking Ships with live tracking maps based on Global AIS Network Data \u2713Current location and position \u2713 Ship Tracker\" \/>\n<meta name=\"robots\" content=\"index, follow, max-snippet:-1, max-image-preview:large, max-video-preview:-1\" \/>\n<link rel=\"canonical\" href=\"https:\/\/ship-tracker.org\/pt\/vesselfinder\/\" \/>\n<meta property=\"og:locale\" content=\"pt_PT\" \/>\n<meta property=\"og:type\" content=\"article\" \/>\n<meta property=\"og:title\" content=\"VesselFinder | Worldwide Ship Tracking In Real-time\" \/>\n<meta property=\"og:description\" content=\"VesselFinder for tracking Ships with live tracking maps based on Global AIS Network Data \u2713Current location and position \u2713 Ship Tracker\" \/>\n<meta property=\"og:url\" content=\"https:\/\/ship-tracker.org\/pt\/vesselfinder\/\" \/>\n<meta property=\"og:site_name\" content=\"Ship-tracker.org\" \/>\n<meta property=\"article:modified_time\" content=\"2024-05-03T20:27:09+00:00\" \/>\n<meta property=\"og:image\" content=\"https:\/\/ship-tracker.org\/wp-content\/uploads\/2020\/05\/Unbenannt44-e1589046113367.png\" \/>\n<meta name=\"twitter:card\" content=\"summary_large_image\" \/>\n<meta name=\"twitter:label1\" content=\"Tempo estimado de leitura\" \/>\n\t<meta name=\"twitter:data1\" content=\"8 minutos\" \/>\n<script type=\"application\/ld+json\" class=\"yoast-schema-graph\">{\"@context\":\"https:\/\/schema.org\",\"@graph\":[{\"@type\":\"WebPage\",\"@id\":\"https:\/\/ship-tracker.org\/vesselfinder\/\",\"url\":\"https:\/\/ship-tracker.org\/vesselfinder\/\",\"name\":\"VesselFinder | Worldwide Ship Tracking In Real-time\",\"isPartOf\":{\"@id\":\"https:\/\/ship-tracker.org\/#website\"},\"primaryImageOfPage\":{\"@id\":\"https:\/\/ship-tracker.org\/vesselfinder\/#primaryimage\"},\"image\":{\"@id\":\"https:\/\/ship-tracker.org\/vesselfinder\/#primaryimage\"},\"thumbnailUrl\":\"https:\/\/ship-tracker.org\/wp-content\/uploads\/2020\/05\/Unbenannt44-e1589046113367.png\",\"datePublished\":\"2018-05-30T16:57:30+00:00\",\"dateModified\":\"2024-05-03T20:27:09+00:00\",\"description\":\"VesselFinder for tracking Ships with live tracking maps based on Global AIS Network Data \u2713Current location and position \u2713 Ship Tracker\",\"breadcrumb\":{\"@id\":\"https:\/\/ship-tracker.org\/vesselfinder\/#breadcrumb\"},\"inLanguage\":\"pt-PT\",\"potentialAction\":[{\"@type\":\"ReadAction\",\"target\":[\"https:\/\/ship-tracker.org\/vesselfinder\/\"]}]},{\"@type\":\"ImageObject\",\"inLanguage\":\"pt-PT\",\"@id\":\"https:\/\/ship-tracker.org\/vesselfinder\/#primaryimage\",\"url\":\"https:\/\/ship-tracker.org\/wp-content\/uploads\/2020\/05\/Unbenannt44-e1589046113367.png\",\"contentUrl\":\"https:\/\/ship-tracker.org\/wp-content\/uploads\/2020\/05\/Unbenannt44-e1589046113367.png\"},{\"@type\":\"BreadcrumbList\",\"@id\":\"https:\/\/ship-tracker.org\/vesselfinder\/#breadcrumb\",\"itemListElement\":[{\"@type\":\"ListItem\",\"position\":1,\"name\":\"Startseite\",\"item\":\"https:\/\/ship-tracker.org\/\"},{\"@type\":\"ListItem\",\"position\":2,\"name\":\"VesselFinder\"}]},{\"@type\":\"WebSite\",\"@id\":\"https:\/\/ship-tracker.org\/#website\",\"url\":\"https:\/\/ship-tracker.org\/\",\"name\":\"Ship-tracker.org\",\"description\":\"\",\"potentialAction\":[{\"@type\":\"SearchAction\",\"target\":{\"@type\":\"EntryPoint\",\"urlTemplate\":\"https:\/\/ship-tracker.org\/?s={search_term_string}\"},\"query-input\":{\"@type\":\"PropertyValueSpecification\",\"valueRequired\":true,\"valueName\":\"search_term_string\"}}],\"inLanguage\":\"pt-PT\"}]}<\/script>\n<!-- \/ Yoast SEO plugin. -->","yoast_head_json":{"title":"VesselFinder | Rastreamento de navios em todo o mundo em tempo real","description":"VesselFinder para rastreamento de navios com mapas de rastreamento ao vivo baseados em dados da rede AIS global \u2713 Localiza\u00e7\u00e3o e posi\u00e7\u00e3o atuais \u2713 Rastreador de navio","robots":{"index":"index","follow":"follow","max-snippet":"max-snippet:-1","max-image-preview":"max-image-preview:large","max-video-preview":"max-video-preview:-1"},"canonical":"https:\/\/ship-tracker.org\/pt\/vesselfinder\/","og_locale":"pt_PT","og_type":"article","og_title":"VesselFinder | Worldwide Ship Tracking In Real-time","og_description":"VesselFinder for tracking Ships with live tracking maps based on Global AIS Network Data \u2713Current location and position \u2713 Ship Tracker","og_url":"https:\/\/ship-tracker.org\/pt\/vesselfinder\/","og_site_name":"Ship-tracker.org","article_modified_time":"2024-05-03T20:27:09+00:00","og_image":[{"url":"https:\/\/ship-tracker.org\/wp-content\/uploads\/2020\/05\/Unbenannt44-e1589046113367.png","type":"","width":"","height":""}],"twitter_card":"summary_large_image","twitter_misc":{"Tempo estimado de leitura":"8 minutos"},"schema":{"@context":"https:\/\/schema.org","@graph":[{"@type":"WebPage","@id":"https:\/\/ship-tracker.org\/vesselfinder\/","url":"https:\/\/ship-tracker.org\/vesselfinder\/","name":"VesselFinder | Rastreamento de navios em todo o mundo em tempo real","isPartOf":{"@id":"https:\/\/ship-tracker.org\/#website"},"primaryImageOfPage":{"@id":"https:\/\/ship-tracker.org\/vesselfinder\/#primaryimage"},"image":{"@id":"https:\/\/ship-tracker.org\/vesselfinder\/#primaryimage"},"thumbnailUrl":"https:\/\/ship-tracker.org\/wp-content\/uploads\/2020\/05\/Unbenannt44-e1589046113367.png","datePublished":"2018-05-30T16:57:30+00:00","dateModified":"2024-05-03T20:27:09+00:00","description":"VesselFinder para rastreamento de navios com mapas de rastreamento ao vivo baseados em dados da rede AIS global \u2713 Localiza\u00e7\u00e3o e posi\u00e7\u00e3o atuais \u2713 Rastreador de navio","breadcrumb":{"@id":"https:\/\/ship-tracker.org\/vesselfinder\/#breadcrumb"},"inLanguage":"pt-PT","potentialAction":[{"@type":"ReadAction","target":["https:\/\/ship-tracker.org\/vesselfinder\/"]}]},{"@type":"ImageObject","inLanguage":"pt-PT","@id":"https:\/\/ship-tracker.org\/vesselfinder\/#primaryimage","url":"https:\/\/ship-tracker.org\/wp-content\/uploads\/2020\/05\/Unbenannt44-e1589046113367.png","contentUrl":"https:\/\/ship-tracker.org\/wp-content\/uploads\/2020\/05\/Unbenannt44-e1589046113367.png"},{"@type":"BreadcrumbList","@id":"https:\/\/ship-tracker.org\/vesselfinder\/#breadcrumb","itemListElement":[{"@type":"ListItem","position":1,"name":"Startseite","item":"https:\/\/ship-tracker.org\/"},{"@type":"ListItem","position":2,"name":"VesselFinder"}]},{"@type":"WebSite","@id":"https:\/\/ship-tracker.org\/#website","url":"https:\/\/ship-tracker.org\/","name":"Ship-tracker.org","description":"","potentialAction":[{"@type":"SearchAction","target":{"@type":"EntryPoint","urlTemplate":"https:\/\/ship-tracker.org\/?s={search_term_string}"},"query-input":{"@type":"PropertyValueSpecification","valueRequired":true,"valueName":"search_term_string"}}],"inLanguage":"pt-PT"}]}},"_links":{"self":[{"href":"https:\/\/ship-tracker.org\/pt\/wp-json\/wp\/v2\/pages\/716","targetHints":{"allow":["GET"]}}],"collection":[{"href":"https:\/\/ship-tracker.org\/pt\/wp-json\/wp\/v2\/pages"}],"about":[{"href":"https:\/\/ship-tracker.org\/pt\/wp-json\/wp\/v2\/types\/page"}],"author":[{"embeddable":true,"href":"https:\/\/ship-tracker.org\/pt\/wp-json\/wp\/v2\/users\/1"}],"replies":[{"embeddable":true,"href":"https:\/\/ship-tracker.org\/pt\/wp-json\/wp\/v2\/comments?post=716"}],"version-history":[{"count":10,"href":"https:\/\/ship-tracker.org\/pt\/wp-json\/wp\/v2\/pages\/716\/revisions"}],"predecessor-version":[{"id":5321,"href":"https:\/\/ship-tracker.org\/pt\/wp-json\/wp\/v2\/pages\/716\/revisions\/5321"}],"wp:attachment":[{"href":"https:\/\/ship-tracker.org\/pt\/wp-json\/wp\/v2\/media?parent=716"}],"curies":[{"name":"wp","href":"https:\/\/api.w.org\/{rel}","templated":true}]}}