{"id":5327,"date":"2024-09-20T14:11:56","date_gmt":"2024-09-20T12:11:56","guid":{"rendered":"https:\/\/ship-tracker.org\/?page_id=5327"},"modified":"2024-09-20T14:50:19","modified_gmt":"2024-09-20T12:50:19","slug":"norwegian-aqua","status":"publish","type":"page","link":"https:\/\/ship-tracker.org\/pt\/norwegian-aqua\/","title":{"rendered":"Norwegian Aqua"},"content":{"rendered":"<h2><span style=\"color: #000000;\">Localiza\u00e7\u00e3o atual e <\/span><span style=\"color: #000000;\">posi\u00e7\u00e3o da Norwegian Aqua<\/span><\/h2>\n<p>Qual \u00e9 a posi\u00e7\u00e3o atual da Norwegian Aqua?<br \/>\n<div class=\"su-gmap su-u-responsive-media-yes\"><iframe loading=\"lazy\" width=\"600\" height=\"400\" src=\"\/\/maps.google.com\/maps?q=Fincantieri%20Triest&amp;output=embed\" title=\"\"><\/iframe><\/div>\nVeja a localiza\u00e7\u00e3o atual do Norwegian Aqua. A posi\u00e7\u00e3o do Norwegian Aqua pode ser determinada com precis\u00e3o pelos mapas do VesselFinder e do MarineTraffic. Ent\u00e3o voc\u00ea est\u00e1 sempre bem informado, onde seu navio favorito est\u00e1 atualmente.<\/p>\n<h2 class=\"title\"><span style=\"color: #000000;\">An\u00e1lise e especifica\u00e7\u00f5es do Norwegian Aqua<\/span><\/h2>\n<table style=\"height: 296px;\" width=\"400\">\n<tbody>\n<tr>\n<td style=\"width: 192px;\"><span style=\"color: #000000;\"><strong>Estado da bandeira<\/strong><\/span><\/td>\n<td style=\"width: 192px;\">Bahamas<\/td>\n<\/tr>\n<tr>\n<td style=\"width: 192px;\"><span style=\"color: #000000;\"><strong>Ano de constru\u00e7\u00e3o<\/strong><\/span><\/td>\n<td style=\"width: 192px;\"><span style=\"color: #000000;\">2025<\/span><\/td>\n<\/tr>\n<tr>\n<td style=\"width: 192px;\"><span style=\"color: #000000;\"><strong>Construtor<\/strong><\/span><\/td>\n<td style=\"width: 192px;\"><span style=\"color: #000000;\">Fincantieri<\/span><\/td>\n<\/tr>\n<tr>\n<td style=\"width: 192px;\"><span style=\"color: #000000;\"><strong>comprimento<\/strong><\/span><\/td>\n<td style=\"width: 192px;\"><span style=\"color: #000000;\"><span class=\"specificationUnit\">322 metros<\/span><\/span><\/td>\n<\/tr>\n<tr>\n<td style=\"width: 192px;\"><span style=\"color: #000000;\"><strong>Feixe<\/strong><\/span><\/td>\n<td style=\"width: 192px;\"><span style=\"color: #000000;\"><span class=\"specificationUnit\">44 m<\/span><\/span><\/td>\n<\/tr>\n<tr>\n<td style=\"width: 192px;\"><span style=\"color: #000000;\"><strong>Tonelagem Bruta<\/strong><\/span><\/td>\n<td style=\"width: 192px;\"><span style=\"color: #000000;\"><span class=\"specificationUnit\">156300 toneladas brutas<\/span><\/span><\/td>\n<\/tr>\n<tr>\n<td style=\"width: 192px;\"><span style=\"color: #000000;\"><strong>Passageiros<\/strong><\/span><\/td>\n<td style=\"width: 192px;\">3571 \u2013 4224<\/td>\n<\/tr>\n<tr>\n<td style=\"width: 192px;\"><span style=\"color: #000000;\"><strong>Equipe t\u00e9cnica<\/strong><\/span><\/td>\n<td style=\"width: 192px;\"><span style=\"color: #000000;\">1388<\/span><\/td>\n<\/tr>\n<tr>\n<td style=\"width: 192px;\"><span style=\"color: #000000;\"><strong>Decks<\/strong>\u00a0<\/span><\/td>\n<td style=\"width: 192px;\"><span style=\"color: #000000;\">20<\/span><\/td>\n<\/tr>\n<tr>\n<td style=\"width: 192px;\"><span style=\"color: #000000;\"><strong>Rapidez<\/strong><\/span><\/td>\n<td style=\"width: 192px;\"><span style=\"color: #000000;\">22<span class=\"specificationUnit\">\u00a0kn<\/span><\/span><\/td>\n<\/tr>\n<tr>\n<td style=\"width: 192px;\"><span style=\"color: #000000;\"><strong><b>Porto de registro<\/b><\/strong><\/span><\/td>\n<td style=\"width: 192px;\">Nassau<\/td>\n<\/tr>\n<tr>\n<td style=\"width: 192px;\"><span style=\"color: #000000;\"><strong>Cabines<\/strong><\/span><\/td>\n<td style=\"width: 192px;\">1760<\/td>\n<\/tr>\n<tr>\n<td style=\"width: 192px;\"><span style=\"color: #000000;\"><strong><b>Propriet\u00e1rio<\/b><\/strong><\/span><\/td>\n<td style=\"width: 192px;\"><a href=\"https:\/\/ship-tracker.org\/pt\/norwegian-cruise-line\/\"><span style=\"color: #000000;\">Norwegian Cruise Line<\/span><\/a><\/td>\n<\/tr>\n<\/tbody>\n<\/table>\n<p><script async src=\"https:\/\/pagead2.googlesyndication.com\/pagead\/js\/adsbygoogle.js\"><\/script><br \/>\n<!-- Schip-Tracker Linkanzeigen --><br \/>\n<ins class=\"adsbygoogle\" style=\"display: block;\" data-ad-client=\"ca-pub-1316785063791781\" data-ad-slot=\"3429004156\" data-ad-format=\"link\" data-full-width-responsive=\"true\"><\/ins><br \/>\n<script>\n     (adsbygoogle = window.adsbygoogle || []).push({});\n<\/script><\/p>\n<figure id=\"attachment_3534\" aria-describedby=\"caption-attachment-3534\" style=\"width: 900px\" class=\"wp-caption aligncenter\"><img loading=\"lazy\" decoding=\"async\" class=\"wp-image-3534 size-full\" src=\"https:\/\/ship-tracker.org\/wp-content\/uploads\/2022\/11\/208806-PR-Prima-Act_ssets_Carousel2-e1632326284334.jpg\" alt=\"Noruegu\u00eas Viva\" width=\"900\" height=\"506\" srcset=\"https:\/\/ship-tracker.org\/wp-content\/uploads\/2022\/11\/208806-PR-Prima-Act_ssets_Carousel2-e1632326284334.jpg 900w, https:\/\/ship-tracker.org\/wp-content\/uploads\/2022\/11\/208806-PR-Prima-Act_ssets_Carousel2-e1632326284334-300x169.jpg 300w, https:\/\/ship-tracker.org\/wp-content\/uploads\/2022\/11\/208806-PR-Prima-Act_ssets_Carousel2-e1632326284334-768x432.jpg 768w, https:\/\/ship-tracker.org\/wp-content\/uploads\/2022\/11\/208806-PR-Prima-Act_ssets_Carousel2-e1632326284334-18x10.jpg 18w, https:\/\/ship-tracker.org\/wp-content\/uploads\/2022\/11\/208806-PR-Prima-Act_ssets_Carousel2-e1632326284334-800x450.jpg 800w\" sizes=\"auto, (max-width: 900px) 100vw, 900px\" \/><figcaption id=\"caption-attachment-3534\" class=\"wp-caption-text\">\u00a9 Norwegian Cruise Line<\/figcaption><\/figure>\n<h3 class=\"title\">Frota da Norwegian Cruise Line<\/h3>\n<ul>\n<li><a href=\"https:\/\/ship-tracker.org\/pt\/norwegian-encore\/\">Norwegian Encore<\/a><\/li>\n<li><a href=\"https:\/\/ship-tracker.org\/pt\/norwegian-bliss\/\">Norwegian Bliss<\/a><\/li>\n<li><a href=\"https:\/\/ship-tracker.org\/pt\/norwegian-escape\/\">Norwegian Escape<\/a><\/li>\n<li><a href=\"https:\/\/ship-tracker.org\/pt\/norwegian-getaway\/\">Norwegian Getaway<\/a><\/li>\n<li><a href=\"https:\/\/ship-tracker.org\/pt\/norwegian-breakaway\/\">Norwegian Breakaway<\/a><\/li>\n<li><a href=\"https:\/\/ship-tracker.org\/pt\/norwegian-epic\/\">Norwegian Epic<\/a><\/li>\n<li><a href=\"https:\/\/ship-tracker.org\/pt\/norwegian-gem\/\">Norwegian Gem<\/a><\/li>\n<li><a href=\"https:\/\/ship-tracker.org\/pt\/norwegian-jade\/\">Norwegian Jade<\/a><\/li>\n<li><a href=\"https:\/\/ship-tracker.org\/pt\/norwegian-joy\/\">Norwegian Joy<\/a><\/li>\n<li><a href=\"https:\/\/ship-tracker.org\/pt\/norwegian-pearl\/\">Norwegian Pearl<\/a><\/li>\n<li><a href=\"https:\/\/ship-tracker.org\/pt\/norwegian-jewel\/\">Norwegian Jewel<\/a><\/li>\n<li><a href=\"https:\/\/ship-tracker.org\/pt\/pride-of-america\/\">Pride of America<\/a><\/li>\n<li><a href=\"https:\/\/ship-tracker.org\/pt\/norwegian-dawn\/\">Norwegian Dawn<\/a><\/li>\n<li><a href=\"https:\/\/ship-tracker.org\/pt\/norwegian-star\/\">Norwegian Star<\/a><\/li>\n<li><a href=\"https:\/\/ship-tracker.org\/pt\/norwegian-sun\/\">Norwegian Sun<\/a><\/li>\n<li><a href=\"https:\/\/ship-tracker.org\/pt\/norwegian-sky\/\">Norwegian Sky<\/a><\/li>\n<li><a href=\"https:\/\/ship-tracker.org\/pt\/norwegian-spirit\/\">Norwegian Spirit<\/a><\/li>\n<li><a href=\"https:\/\/ship-tracker.org\/pt\/norwegian-prima\/\">Prima norueguesa<\/a><\/li>\n<li><a href=\"https:\/\/ship-tracker.org\/pt\/norwegian-viva\/\">Noruegu\u00eas Viva<\/a><\/li>\n<li><a href=\"https:\/\/ship-tracker.org\/pt\/norwegian-luna\/\">Luna norueguesa<\/a><\/li>\n<\/ul>\n<div id=\"gtx-trans\" style=\"position: absolute; left: 32px; top: 1772.28px;\">\n<div class=\"gtx-trans-icon\"><\/div>\n<\/div>","protected":false},"excerpt":{"rendered":"<p>Localiza\u00e7\u00e3o atual e posi\u00e7\u00e3o do Norwegian Aqua. Onde est\u00e1 a posi\u00e7\u00e3o atual do Norwegian Aqua? Veja a localiza\u00e7\u00e3o atual do Norwegian Aqua. A posi\u00e7\u00e3o do Norwegian Aqua pode ser determinada com precis\u00e3o pelos mapas do VesselFinder e do MarineTraffic. Assim, voc\u00ea estar\u00e1 sempre bem informado sobre onde seu navio favorito est\u00e1 atualmente. An\u00e1lise e especifica\u00e7\u00f5es do Norwegian Aqua. Estado de bandeira\u2026&nbsp;<a href=\"https:\/\/ship-tracker.org\/pt\/norwegian-aqua\/\" rel=\"bookmark\">Ler mais \u00bb<span class=\"screen-reader-text\">Norwegian Aqua<\/span><\/a><\/p>","protected":false},"author":1,"featured_media":5328,"parent":0,"menu_order":0,"comment_status":"closed","ping_status":"closed","template":"","meta":{"neve_meta_sidebar":"","neve_meta_container":"","neve_meta_enable_content_width":"off","neve_meta_content_width":100,"neve_meta_title_alignment":"","neve_meta_author_avatar":"","neve_post_elements_order":"","neve_meta_disable_header":"","neve_meta_disable_footer":"","neve_meta_disable_title":"","neve_meta_reading_time":"","footnotes":""},"class_list":["post-5327","page","type-page","status-publish","has-post-thumbnail","hentry"],"yoast_head":"<!-- This site is optimized with the Yoast SEO plugin v26.9 - https:\/\/yoast.com\/product\/yoast-seo-wordpress\/ -->\n<title>Norwegian Aqua \u2503 Current location and position of Norwegian<\/title>\n<meta name=\"description\" content=\"Norwegian Aqua \u2693 Current location and position of Norwegian Viva \u2713 Cruise Ship Tracker \u2713 Live Ship Tracker \u2713 Review and Specifications\" \/>\n<meta name=\"robots\" content=\"index, follow, max-snippet:-1, max-image-preview:large, max-video-preview:-1\" \/>\n<link rel=\"canonical\" href=\"https:\/\/ship-tracker.org\/pt\/norwegian-aqua\/\" \/>\n<meta property=\"og:locale\" content=\"pt_PT\" \/>\n<meta property=\"og:type\" content=\"article\" \/>\n<meta property=\"og:title\" content=\"Norwegian Aqua \u2503 Current location and position of Norwegian\" \/>\n<meta property=\"og:description\" content=\"Norwegian Aqua \u2693 Current location and position of Norwegian Viva \u2713 Cruise Ship Tracker \u2713 Live Ship Tracker \u2713 Review and Specifications\" \/>\n<meta property=\"og:url\" content=\"https:\/\/ship-tracker.org\/pt\/norwegian-aqua\/\" \/>\n<meta property=\"og:site_name\" content=\"Ship-tracker.org\" \/>\n<meta property=\"article:modified_time\" content=\"2024-09-20T12:50:19+00:00\" \/>\n<meta property=\"og:image\" content=\"https:\/\/ship-tracker.org\/wp-content\/uploads\/2024\/09\/norwegian-aqua.jpg-qeru89wo0wf2v70w37sn5wj0kkd5sscmft8wdmpooy-1.webp\" \/>\n\t<meta property=\"og:image:width\" content=\"500\" \/>\n\t<meta property=\"og:image:height\" content=\"365\" \/>\n\t<meta property=\"og:image:type\" content=\"image\/webp\" \/>\n<meta name=\"twitter:card\" content=\"summary_large_image\" \/>\n<meta name=\"twitter:label1\" content=\"Tempo estimado de leitura\" \/>\n\t<meta name=\"twitter:data1\" content=\"2 minutos\" \/>\n<script type=\"application\/ld+json\" class=\"yoast-schema-graph\">{\"@context\":\"https:\/\/schema.org\",\"@graph\":[{\"@type\":\"WebPage\",\"@id\":\"https:\/\/ship-tracker.org\/norwegian-aqua\/\",\"url\":\"https:\/\/ship-tracker.org\/norwegian-aqua\/\",\"name\":\"Norwegian Aqua \u2503 Current location and position of Norwegian\",\"isPartOf\":{\"@id\":\"https:\/\/ship-tracker.org\/#website\"},\"primaryImageOfPage\":{\"@id\":\"https:\/\/ship-tracker.org\/norwegian-aqua\/#primaryimage\"},\"image\":{\"@id\":\"https:\/\/ship-tracker.org\/norwegian-aqua\/#primaryimage\"},\"thumbnailUrl\":\"https:\/\/ship-tracker.org\/wp-content\/uploads\/2024\/09\/norwegian-aqua.jpg-qeru89wo0wf2v70w37sn5wj0kkd5sscmft8wdmpooy-1.webp\",\"datePublished\":\"2024-09-20T12:11:56+00:00\",\"dateModified\":\"2024-09-20T12:50:19+00:00\",\"description\":\"Norwegian Aqua \u2693 Current location and position of Norwegian Viva \u2713 Cruise Ship Tracker \u2713 Live Ship Tracker \u2713 Review and Specifications\",\"breadcrumb\":{\"@id\":\"https:\/\/ship-tracker.org\/norwegian-aqua\/#breadcrumb\"},\"inLanguage\":\"pt-PT\",\"potentialAction\":[{\"@type\":\"ReadAction\",\"target\":[\"https:\/\/ship-tracker.org\/norwegian-aqua\/\"]}]},{\"@type\":\"ImageObject\",\"inLanguage\":\"pt-PT\",\"@id\":\"https:\/\/ship-tracker.org\/norwegian-aqua\/#primaryimage\",\"url\":\"https:\/\/ship-tracker.org\/wp-content\/uploads\/2024\/09\/norwegian-aqua.jpg-qeru89wo0wf2v70w37sn5wj0kkd5sscmft8wdmpooy-1.webp\",\"contentUrl\":\"https:\/\/ship-tracker.org\/wp-content\/uploads\/2024\/09\/norwegian-aqua.jpg-qeru89wo0wf2v70w37sn5wj0kkd5sscmft8wdmpooy-1.webp\",\"width\":500,\"height\":365,\"caption\":\"Norwegian Aqua\"},{\"@type\":\"BreadcrumbList\",\"@id\":\"https:\/\/ship-tracker.org\/norwegian-aqua\/#breadcrumb\",\"itemListElement\":[{\"@type\":\"ListItem\",\"position\":1,\"name\":\"Startseite\",\"item\":\"https:\/\/ship-tracker.org\/\"},{\"@type\":\"ListItem\",\"position\":2,\"name\":\"Norwegian Aqua\"}]},{\"@type\":\"WebSite\",\"@id\":\"https:\/\/ship-tracker.org\/#website\",\"url\":\"https:\/\/ship-tracker.org\/\",\"name\":\"Ship-tracker.org\",\"description\":\"\",\"potentialAction\":[{\"@type\":\"SearchAction\",\"target\":{\"@type\":\"EntryPoint\",\"urlTemplate\":\"https:\/\/ship-tracker.org\/?s={search_term_string}\"},\"query-input\":{\"@type\":\"PropertyValueSpecification\",\"valueRequired\":true,\"valueName\":\"search_term_string\"}}],\"inLanguage\":\"pt-PT\"}]}<\/script>\n<!-- \/ Yoast SEO plugin. -->","yoast_head_json":{"title":"Norwegian Aqua \u2503 Localiza\u00e7\u00e3o atual e posi\u00e7\u00e3o do Norwegian","description":"Norwegian Aqua \u2693 Localiza\u00e7\u00e3o atual e posi\u00e7\u00e3o do Norwegian Viva \u2713 Rastreador de navios de cruzeiro \u2713 Rastreador de navios ao vivo \u2713 Revis\u00e3o e especifica\u00e7\u00f5es","robots":{"index":"index","follow":"follow","max-snippet":"max-snippet:-1","max-image-preview":"max-image-preview:large","max-video-preview":"max-video-preview:-1"},"canonical":"https:\/\/ship-tracker.org\/pt\/norwegian-aqua\/","og_locale":"pt_PT","og_type":"article","og_title":"Norwegian Aqua \u2503 Current location and position of Norwegian","og_description":"Norwegian Aqua \u2693 Current location and position of Norwegian Viva \u2713 Cruise Ship Tracker \u2713 Live Ship Tracker \u2713 Review and Specifications","og_url":"https:\/\/ship-tracker.org\/pt\/norwegian-aqua\/","og_site_name":"Ship-tracker.org","article_modified_time":"2024-09-20T12:50:19+00:00","og_image":[{"width":500,"height":365,"url":"https:\/\/ship-tracker.org\/wp-content\/uploads\/2024\/09\/norwegian-aqua.jpg-qeru89wo0wf2v70w37sn5wj0kkd5sscmft8wdmpooy-1.webp","type":"image\/webp"}],"twitter_card":"summary_large_image","twitter_misc":{"Tempo estimado de leitura":"2 minutos"},"schema":{"@context":"https:\/\/schema.org","@graph":[{"@type":"WebPage","@id":"https:\/\/ship-tracker.org\/norwegian-aqua\/","url":"https:\/\/ship-tracker.org\/norwegian-aqua\/","name":"Norwegian Aqua \u2503 Localiza\u00e7\u00e3o atual e posi\u00e7\u00e3o do Norwegian","isPartOf":{"@id":"https:\/\/ship-tracker.org\/#website"},"primaryImageOfPage":{"@id":"https:\/\/ship-tracker.org\/norwegian-aqua\/#primaryimage"},"image":{"@id":"https:\/\/ship-tracker.org\/norwegian-aqua\/#primaryimage"},"thumbnailUrl":"https:\/\/ship-tracker.org\/wp-content\/uploads\/2024\/09\/norwegian-aqua.jpg-qeru89wo0wf2v70w37sn5wj0kkd5sscmft8wdmpooy-1.webp","datePublished":"2024-09-20T12:11:56+00:00","dateModified":"2024-09-20T12:50:19+00:00","description":"Norwegian Aqua \u2693 Localiza\u00e7\u00e3o atual e posi\u00e7\u00e3o do Norwegian Viva \u2713 Rastreador de navios de cruzeiro \u2713 Rastreador de navios ao vivo \u2713 Revis\u00e3o e especifica\u00e7\u00f5es","breadcrumb":{"@id":"https:\/\/ship-tracker.org\/norwegian-aqua\/#breadcrumb"},"inLanguage":"pt-PT","potentialAction":[{"@type":"ReadAction","target":["https:\/\/ship-tracker.org\/norwegian-aqua\/"]}]},{"@type":"ImageObject","inLanguage":"pt-PT","@id":"https:\/\/ship-tracker.org\/norwegian-aqua\/#primaryimage","url":"https:\/\/ship-tracker.org\/wp-content\/uploads\/2024\/09\/norwegian-aqua.jpg-qeru89wo0wf2v70w37sn5wj0kkd5sscmft8wdmpooy-1.webp","contentUrl":"https:\/\/ship-tracker.org\/wp-content\/uploads\/2024\/09\/norwegian-aqua.jpg-qeru89wo0wf2v70w37sn5wj0kkd5sscmft8wdmpooy-1.webp","width":500,"height":365,"caption":"Norwegian Aqua"},{"@type":"BreadcrumbList","@id":"https:\/\/ship-tracker.org\/norwegian-aqua\/#breadcrumb","itemListElement":[{"@type":"ListItem","position":1,"name":"Startseite","item":"https:\/\/ship-tracker.org\/"},{"@type":"ListItem","position":2,"name":"Norwegian Aqua"}]},{"@type":"WebSite","@id":"https:\/\/ship-tracker.org\/#website","url":"https:\/\/ship-tracker.org\/","name":"Ship-tracker.org","description":"","potentialAction":[{"@type":"SearchAction","target":{"@type":"EntryPoint","urlTemplate":"https:\/\/ship-tracker.org\/?s={search_term_string}"},"query-input":{"@type":"PropertyValueSpecification","valueRequired":true,"valueName":"search_term_string"}}],"inLanguage":"pt-PT"}]}},"_links":{"self":[{"href":"https:\/\/ship-tracker.org\/pt\/wp-json\/wp\/v2\/pages\/5327","targetHints":{"allow":["GET"]}}],"collection":[{"href":"https:\/\/ship-tracker.org\/pt\/wp-json\/wp\/v2\/pages"}],"about":[{"href":"https:\/\/ship-tracker.org\/pt\/wp-json\/wp\/v2\/types\/page"}],"author":[{"embeddable":true,"href":"https:\/\/ship-tracker.org\/pt\/wp-json\/wp\/v2\/users\/1"}],"replies":[{"embeddable":true,"href":"https:\/\/ship-tracker.org\/pt\/wp-json\/wp\/v2\/comments?post=5327"}],"version-history":[{"count":2,"href":"https:\/\/ship-tracker.org\/pt\/wp-json\/wp\/v2\/pages\/5327\/revisions"}],"predecessor-version":[{"id":5360,"href":"https:\/\/ship-tracker.org\/pt\/wp-json\/wp\/v2\/pages\/5327\/revisions\/5360"}],"wp:featuredmedia":[{"embeddable":true,"href":"https:\/\/ship-tracker.org\/pt\/wp-json\/wp\/v2\/media\/5328"}],"wp:attachment":[{"href":"https:\/\/ship-tracker.org\/pt\/wp-json\/wp\/v2\/media?parent=5327"}],"curies":[{"name":"wp","href":"https:\/\/api.w.org\/{rel}","templated":true}]}}