{"id":3944,"date":"2023-06-21T16:57:33","date_gmt":"2023-06-21T14:57:33","guid":{"rendered":"https:\/\/ship-tracker.org\/?page_id=3944"},"modified":"2023-06-21T16:57:33","modified_gmt":"2023-06-21T14:57:33","slug":"maersk-colombo","status":"publish","type":"page","link":"https:\/\/ship-tracker.org\/pt\/maersk-colombo\/","title":{"rendered":"MAERSK COLOMBO"},"content":{"rendered":"<h2><span style=\"color: #000000;\">Localiza\u00e7\u00e3o atual e <\/span><span style=\"color: #000000;\">posi\u00e7\u00e3o da MAERSK COLOMBO<\/span><\/h2>\n<p>Onde est\u00e1 a localiza\u00e7\u00e3o atual do MAERSK COLOMBO atualmente?<br \/>\n<script type=\"text\/javascript\">\n  var width=\"100%\";var height=\"400\";\n  var mmsi=566492000;\n<\/script><script type=\"text\/javascript\" src=\"https:\/\/www.vesselfinder.com\/aismap.js\"><\/script><\/p>\n<p>O MAERSK COLOMBO, um cargueiro registrado sob bandeira de Cingapura, est\u00e1 atualmente navegando nos mares. O navio, com n\u00famero IMO 9525390 e n\u00famero MMSI 566492000, mede 249 metros de comprimento e 37 metros de boca. Os mapas fornecidos abaixo detalham informa\u00e7\u00f5es pertinentes \u00e0 viagem, incluindo a localiza\u00e7\u00e3o atual do navio, seu pr\u00f3ximo porto de escala programado, hora estimada de chegada (ETA), hora prevista de chegada (PTA), velocidade, rumo e calado. Recursos adicionais como fotos, v\u00eddeos, hor\u00e1rio local e hor\u00e1rio UTC tamb\u00e9m s\u00e3o fornecidos.<\/p>\n<h2 class=\"pageTitle shipItemTitle\"><span style=\"color: #000000;\">An\u00e1lise e especifica\u00e7\u00f5es do MAERSK COLOMBO<\/span><\/h2>\n<table>\n<tbody>\n<tr>\n<td style=\"width: 192px;\">Estado da bandeira<\/td>\n<td style=\"width: 192px;\">Cingapura<\/td>\n<\/tr>\n<tr>\n<td style=\"width: 192px;\">Ano de constru\u00e7\u00e3o<strong><br \/>\n<\/strong><\/td>\n<td style=\"width: 192px;\">2012<\/td>\n<\/tr>\n<tr>\n<td style=\"width: 192px;\">Tipo de navio<\/td>\n<td style=\"width: 192px;\">Navio porta-contentores<\/td>\n<\/tr>\n<tr>\n<td style=\"width: 192px;\">Indicativo de chamada<\/td>\n<td style=\"width: 192px;\">S6AN5<\/td>\n<\/tr>\n<tr>\n<td style=\"width: 192px;\">Tonelagem Bruta<\/td>\n<td style=\"width: 192px;\">50714<\/td>\n<\/tr>\n<tr>\n<td style=\"width: 192px;\">peso morto de ver\u00e3o<\/td>\n<td style=\"width: 192px;\">61614<\/td>\n<\/tr>\n<tr>\n<td style=\"width: 192px;\">comprimento<\/td>\n<td style=\"width: 192px;\"><span class=\"specificationUnit\">249m<\/span><\/td>\n<\/tr>\n<tr>\n<td style=\"width: 192px;\">Feixe<\/td>\n<td style=\"width: 192px;\"><span class=\"specificationUnit\">37 m<\/span><\/td>\n<\/tr>\n<tr>\n<td style=\"width: 192px;\">IMO<\/td>\n<td style=\"width: 192px;\">9525390<\/td>\n<\/tr>\n<tr>\n<td style=\"width: 192px;\">MMSI<\/td>\n<td style=\"width: 192px;\">566492000<\/td>\n<\/tr>\n<tr>\n<td style=\"width: 192px;\">Propriet\u00e1rio<\/td>\n<td style=\"width: 192px;\"><a href=\"https:\/\/ship-tracker.org\/pt\/maersk\/\">Maersk<\/a><\/td>\n<\/tr>\n<\/tbody>\n<\/table>","protected":false},"excerpt":{"rendered":"<p>Current location and position of MAERSK COLOMBO Where is the current location of MAERSK COLOMBO presently? The MAERSK COLOMBO, a cargo vessel registered under the flag of Singapore, is currently navigating the seas. The ship, bearing IMO number 9525390 and MMSI number 566492000, measures 249 meters in length and 37 meters in beam. The maps&hellip;&nbsp;<a href=\"https:\/\/ship-tracker.org\/pt\/maersk-colombo\/\" rel=\"bookmark\">Ler mais \u00bb<span class=\"screen-reader-text\">MAERSK COLOMBO<\/span><\/a><\/p>","protected":false},"author":1,"featured_media":3637,"parent":0,"menu_order":0,"comment_status":"closed","ping_status":"closed","template":"","meta":{"neve_meta_sidebar":"","neve_meta_container":"","neve_meta_enable_content_width":"off","neve_meta_content_width":100,"neve_meta_title_alignment":"","neve_meta_author_avatar":"","neve_post_elements_order":"","neve_meta_disable_header":"","neve_meta_disable_footer":"","neve_meta_disable_title":"","neve_meta_reading_time":"","footnotes":""},"class_list":["post-3944","page","type-page","status-publish","has-post-thumbnail","hentry"],"yoast_head":"<!-- This site is optimized with the Yoast SEO plugin v27.4 - https:\/\/yoast.com\/product\/yoast-seo-wordpress\/ -->\n<title>MAERSK COLOMBO\u2503Current location and position (cargo ship)<\/title>\n<meta name=\"description\" content=\"MAERSK COLOMBO \u2693 Current location and position of MAERSK Vessel \u2713 Maersk container tracking \u2713 Live Ship Tracker \u2713 Container ship\" \/>\n<meta name=\"robots\" content=\"index, follow, max-snippet:-1, max-image-preview:large, max-video-preview:-1\" \/>\n<link rel=\"canonical\" href=\"https:\/\/ship-tracker.org\/pt\/maersk-colombo\/\" \/>\n<meta property=\"og:locale\" content=\"pt_PT\" \/>\n<meta property=\"og:type\" content=\"article\" \/>\n<meta property=\"og:title\" content=\"MAERSK COLOMBO\u2503Current location and position (cargo ship)\" \/>\n<meta property=\"og:description\" content=\"MAERSK COLOMBO \u2693 Current location and position of MAERSK Vessel \u2713 Maersk container tracking \u2713 Live Ship Tracker \u2713 Container ship\" \/>\n<meta property=\"og:url\" content=\"https:\/\/ship-tracker.org\/pt\/maersk-colombo\/\" \/>\n<meta property=\"og:site_name\" content=\"Ship-tracker.org\" \/>\n<meta property=\"og:image\" content=\"https:\/\/ship-tracker.org\/wp-content\/uploads\/2023\/06\/maersk-tanjong-g275700498_640.jpg\" \/>\n\t<meta property=\"og:image:width\" content=\"640\" \/>\n\t<meta property=\"og:image:height\" content=\"446\" \/>\n\t<meta property=\"og:image:type\" content=\"image\/jpeg\" \/>\n<meta name=\"twitter:card\" content=\"summary_large_image\" \/>\n<meta name=\"twitter:label1\" content=\"Tempo estimado de leitura\" \/>\n\t<meta name=\"twitter:data1\" content=\"1 minuto\" \/>\n<script type=\"application\/ld+json\" class=\"yoast-schema-graph\">{\"@context\":\"https:\\\/\\\/schema.org\",\"@graph\":[{\"@type\":\"WebPage\",\"@id\":\"https:\\\/\\\/ship-tracker.org\\\/maersk-colombo\\\/\",\"url\":\"https:\\\/\\\/ship-tracker.org\\\/maersk-colombo\\\/\",\"name\":\"MAERSK COLOMBO\u2503Current location and position (cargo ship)\",\"isPartOf\":{\"@id\":\"https:\\\/\\\/ship-tracker.org\\\/#website\"},\"primaryImageOfPage\":{\"@id\":\"https:\\\/\\\/ship-tracker.org\\\/maersk-colombo\\\/#primaryimage\"},\"image\":{\"@id\":\"https:\\\/\\\/ship-tracker.org\\\/maersk-colombo\\\/#primaryimage\"},\"thumbnailUrl\":\"https:\\\/\\\/ship-tracker.org\\\/wp-content\\\/uploads\\\/2023\\\/06\\\/maersk-tanjong-g275700498_640.jpg\",\"datePublished\":\"2023-06-21T14:57:33+00:00\",\"description\":\"MAERSK COLOMBO \u2693 Current location and position of MAERSK Vessel \u2713 Maersk container tracking \u2713 Live Ship Tracker \u2713 Container ship\",\"breadcrumb\":{\"@id\":\"https:\\\/\\\/ship-tracker.org\\\/maersk-colombo\\\/#breadcrumb\"},\"inLanguage\":\"pt-PT\",\"potentialAction\":[{\"@type\":\"ReadAction\",\"target\":[\"https:\\\/\\\/ship-tracker.org\\\/maersk-colombo\\\/\"]}]},{\"@type\":\"ImageObject\",\"inLanguage\":\"pt-PT\",\"@id\":\"https:\\\/\\\/ship-tracker.org\\\/maersk-colombo\\\/#primaryimage\",\"url\":\"https:\\\/\\\/ship-tracker.org\\\/wp-content\\\/uploads\\\/2023\\\/06\\\/maersk-tanjong-g275700498_640.jpg\",\"contentUrl\":\"https:\\\/\\\/ship-tracker.org\\\/wp-content\\\/uploads\\\/2023\\\/06\\\/maersk-tanjong-g275700498_640.jpg\",\"width\":640,\"height\":446,\"caption\":\"MAERSK ABERDEEN\"},{\"@type\":\"BreadcrumbList\",\"@id\":\"https:\\\/\\\/ship-tracker.org\\\/maersk-colombo\\\/#breadcrumb\",\"itemListElement\":[{\"@type\":\"ListItem\",\"position\":1,\"name\":\"Startseite\",\"item\":\"https:\\\/\\\/ship-tracker.org\\\/\"},{\"@type\":\"ListItem\",\"position\":2,\"name\":\"MAERSK COLOMBO\"}]},{\"@type\":\"WebSite\",\"@id\":\"https:\\\/\\\/ship-tracker.org\\\/#website\",\"url\":\"https:\\\/\\\/ship-tracker.org\\\/\",\"name\":\"Ship-tracker.org\",\"description\":\"\",\"potentialAction\":[{\"@type\":\"SearchAction\",\"target\":{\"@type\":\"EntryPoint\",\"urlTemplate\":\"https:\\\/\\\/ship-tracker.org\\\/?s={search_term_string}\"},\"query-input\":{\"@type\":\"PropertyValueSpecification\",\"valueRequired\":true,\"valueName\":\"search_term_string\"}}],\"inLanguage\":\"pt-PT\"}]}<\/script>\n<!-- \/ Yoast SEO plugin. -->","yoast_head_json":{"title":"MAERSK COLOMBO\u2503Localiza\u00e7\u00e3o e posi\u00e7\u00e3o atual (navio de carga)","description":"MAERSK COLOMBO \u2693 Localiza\u00e7\u00e3o e posi\u00e7\u00e3o atual do navio MAERSK \u2713 Rastreamento de cont\u00eainer Maersk \u2713 Rastreador de navio ao vivo \u2713 Navio porta-cont\u00eaineres","robots":{"index":"index","follow":"follow","max-snippet":"max-snippet:-1","max-image-preview":"max-image-preview:large","max-video-preview":"max-video-preview:-1"},"canonical":"https:\/\/ship-tracker.org\/pt\/maersk-colombo\/","og_locale":"pt_PT","og_type":"article","og_title":"MAERSK COLOMBO\u2503Current location and position (cargo ship)","og_description":"MAERSK COLOMBO \u2693 Current location and position of MAERSK Vessel \u2713 Maersk container tracking \u2713 Live Ship Tracker \u2713 Container ship","og_url":"https:\/\/ship-tracker.org\/pt\/maersk-colombo\/","og_site_name":"Ship-tracker.org","og_image":[{"width":640,"height":446,"url":"https:\/\/ship-tracker.org\/wp-content\/uploads\/2023\/06\/maersk-tanjong-g275700498_640.jpg","type":"image\/jpeg"}],"twitter_card":"summary_large_image","twitter_misc":{"Tempo estimado de leitura":"1 minuto"},"schema":{"@context":"https:\/\/schema.org","@graph":[{"@type":"WebPage","@id":"https:\/\/ship-tracker.org\/maersk-colombo\/","url":"https:\/\/ship-tracker.org\/maersk-colombo\/","name":"MAERSK COLOMBO\u2503Localiza\u00e7\u00e3o e posi\u00e7\u00e3o atual (navio de carga)","isPartOf":{"@id":"https:\/\/ship-tracker.org\/#website"},"primaryImageOfPage":{"@id":"https:\/\/ship-tracker.org\/maersk-colombo\/#primaryimage"},"image":{"@id":"https:\/\/ship-tracker.org\/maersk-colombo\/#primaryimage"},"thumbnailUrl":"https:\/\/ship-tracker.org\/wp-content\/uploads\/2023\/06\/maersk-tanjong-g275700498_640.jpg","datePublished":"2023-06-21T14:57:33+00:00","description":"MAERSK COLOMBO \u2693 Localiza\u00e7\u00e3o e posi\u00e7\u00e3o atual do navio MAERSK \u2713 Rastreamento de cont\u00eainer Maersk \u2713 Rastreador de navio ao vivo \u2713 Navio porta-cont\u00eaineres","breadcrumb":{"@id":"https:\/\/ship-tracker.org\/maersk-colombo\/#breadcrumb"},"inLanguage":"pt-PT","potentialAction":[{"@type":"ReadAction","target":["https:\/\/ship-tracker.org\/maersk-colombo\/"]}]},{"@type":"ImageObject","inLanguage":"pt-PT","@id":"https:\/\/ship-tracker.org\/maersk-colombo\/#primaryimage","url":"https:\/\/ship-tracker.org\/wp-content\/uploads\/2023\/06\/maersk-tanjong-g275700498_640.jpg","contentUrl":"https:\/\/ship-tracker.org\/wp-content\/uploads\/2023\/06\/maersk-tanjong-g275700498_640.jpg","width":640,"height":446,"caption":"MAERSK ABERDEEN"},{"@type":"BreadcrumbList","@id":"https:\/\/ship-tracker.org\/maersk-colombo\/#breadcrumb","itemListElement":[{"@type":"ListItem","position":1,"name":"Startseite","item":"https:\/\/ship-tracker.org\/"},{"@type":"ListItem","position":2,"name":"MAERSK COLOMBO"}]},{"@type":"WebSite","@id":"https:\/\/ship-tracker.org\/#website","url":"https:\/\/ship-tracker.org\/","name":"Ship-tracker.org","description":"","potentialAction":[{"@type":"SearchAction","target":{"@type":"EntryPoint","urlTemplate":"https:\/\/ship-tracker.org\/?s={search_term_string}"},"query-input":{"@type":"PropertyValueSpecification","valueRequired":true,"valueName":"search_term_string"}}],"inLanguage":"pt-PT"}]}},"_links":{"self":[{"href":"https:\/\/ship-tracker.org\/pt\/wp-json\/wp\/v2\/pages\/3944","targetHints":{"allow":["GET"]}}],"collection":[{"href":"https:\/\/ship-tracker.org\/pt\/wp-json\/wp\/v2\/pages"}],"about":[{"href":"https:\/\/ship-tracker.org\/pt\/wp-json\/wp\/v2\/types\/page"}],"author":[{"embeddable":true,"href":"https:\/\/ship-tracker.org\/pt\/wp-json\/wp\/v2\/users\/1"}],"replies":[{"embeddable":true,"href":"https:\/\/ship-tracker.org\/pt\/wp-json\/wp\/v2\/comments?post=3944"}],"version-history":[{"count":1,"href":"https:\/\/ship-tracker.org\/pt\/wp-json\/wp\/v2\/pages\/3944\/revisions"}],"predecessor-version":[{"id":3945,"href":"https:\/\/ship-tracker.org\/pt\/wp-json\/wp\/v2\/pages\/3944\/revisions\/3945"}],"wp:featuredmedia":[{"embeddable":true,"href":"https:\/\/ship-tracker.org\/pt\/wp-json\/wp\/v2\/media\/3637"}],"wp:attachment":[{"href":"https:\/\/ship-tracker.org\/pt\/wp-json\/wp\/v2\/media?parent=3944"}],"curies":[{"name":"wp","href":"https:\/\/api.w.org\/{rel}","templated":true}]}}