{"id":3741,"date":"2023-06-20T14:19:13","date_gmt":"2023-06-20T12:19:13","guid":{"rendered":"https:\/\/ship-tracker.org\/?page_id=3741"},"modified":"2023-06-20T14:19:13","modified_gmt":"2023-06-20T12:19:13","slug":"maersk-dhaka","status":"publish","type":"page","link":"https:\/\/ship-tracker.org\/pt\/maersk-dhaka\/","title":{"rendered":"MAERSK DHAKA"},"content":{"rendered":"<h2><span style=\"color: #000000;\">Localiza\u00e7\u00e3o atual e <\/span><span style=\"color: #000000;\">posi\u00e7\u00e3o da MAERSK DHAKA<\/span><\/h2>\n<p>Onde est\u00e1 a localiza\u00e7\u00e3o atual da MAERSK DHAKA atualmente?<br \/>\n<script type=\"text\/javascript\">\n  var width=\"100%\";var height=\"400\";\n  var mmsi=351678000;\n<\/script><script type=\"text\/javascript\" src=\"https:\/\/www.vesselfinder.com\/aismap.js\"><\/script><\/p>\n<p>O MAERSK DHAKA, um cargueiro registrado sob a bandeira do Panam\u00e1, est\u00e1 atualmente navegando nos mares. O navio, com n\u00famero IMO 9871165 e n\u00famero MMSI 351678000, mede 186 metros de comprimento e 36 metros de boca. Os mapas fornecidos abaixo detalham informa\u00e7\u00f5es pertinentes \u00e0 viagem, incluindo a localiza\u00e7\u00e3o atual do navio, seu pr\u00f3ximo porto de escala programado, hora estimada de chegada (ETA), hora prevista de chegada (PTA), velocidade, rumo e calado. Recursos adicionais, como fotos, v\u00eddeos, hora local e hora UTC tamb\u00e9m s\u00e3o fornecidos.<\/p>\n<h2 class=\"pageTitle shipItemTitle\"><span style=\"color: #000000;\">Revis\u00e3o e especifica\u00e7\u00f5es da MAERSK DHAKA<\/span><\/h2>\n<table>\n<tbody>\n<tr>\n<td style=\"width: 192px;\">Estado da bandeira<\/td>\n<td style=\"width: 192px;\">Panam\u00e1<\/td>\n<\/tr>\n<tr>\n<td style=\"width: 192px;\">Ano de constru\u00e7\u00e3o<strong><br \/>\n<\/strong><\/td>\n<td style=\"width: 192px;\">2020<\/td>\n<\/tr>\n<tr>\n<td style=\"width: 192px;\">Tipo de navio<\/td>\n<td style=\"width: 192px;\">Navio porta-contentores<\/td>\n<\/tr>\n<tr>\n<td style=\"width: 192px;\">Indicativo de chamada<\/td>\n<td style=\"width: 192px;\">3FKF4<\/td>\n<\/tr>\n<tr>\n<td style=\"width: 192px;\">Tonelagem Bruta<\/td>\n<td style=\"width: 192px;\">32965<\/td>\n<\/tr>\n<tr>\n<td style=\"width: 192px;\">peso morto de ver\u00e3o<\/td>\n<td style=\"width: 192px;\">37510<\/td>\n<\/tr>\n<tr>\n<td style=\"width: 192px;\">comprimento<\/td>\n<td style=\"width: 192px;\"><span class=\"specificationUnit\">186m<\/span><\/td>\n<\/tr>\n<tr>\n<td style=\"width: 192px;\">Feixe<\/td>\n<td style=\"width: 192px;\"><span class=\"specificationUnit\">36m<\/span><\/td>\n<\/tr>\n<tr>\n<td style=\"width: 192px;\">IMO<\/td>\n<td style=\"width: 192px;\">9871165<\/td>\n<\/tr>\n<tr>\n<td style=\"width: 192px;\">MMSI<\/td>\n<td style=\"width: 192px;\">351678000<\/td>\n<\/tr>\n<tr>\n<td style=\"width: 192px;\">Propriet\u00e1rio<\/td>\n<td style=\"width: 192px;\"><a href=\"https:\/\/ship-tracker.org\/pt\/maersk\/\">Maersk<\/a><\/td>\n<\/tr>\n<\/tbody>\n<\/table>","protected":false},"excerpt":{"rendered":"<p>Current location and position of MAERSK DHAKA Where is the current location of MAERSK DHAKA presently? The MAERSK DHAKA, a cargo vessel registered under the flag of Panama, is currently navigating the seas. The ship, bearing IMO number 9871165 and MMSI number 351678000, measures 186 meters in length and 36 meters in beam. The maps&hellip;&nbsp;<a href=\"https:\/\/ship-tracker.org\/pt\/maersk-dhaka\/\" rel=\"bookmark\">Ler mais \u00bb<span class=\"screen-reader-text\">MAERSK DHAKA<\/span><\/a><\/p>","protected":false},"author":1,"featured_media":3637,"parent":0,"menu_order":0,"comment_status":"closed","ping_status":"closed","template":"","meta":{"neve_meta_sidebar":"","neve_meta_container":"","neve_meta_enable_content_width":"off","neve_meta_content_width":100,"neve_meta_title_alignment":"","neve_meta_author_avatar":"","neve_post_elements_order":"","neve_meta_disable_header":"","neve_meta_disable_footer":"","neve_meta_disable_title":"","neve_meta_reading_time":"","footnotes":""},"class_list":["post-3741","page","type-page","status-publish","has-post-thumbnail","hentry"],"yoast_head":"<!-- This site is optimized with the Yoast SEO plugin v27.4 - https:\/\/yoast.com\/product\/yoast-seo-wordpress\/ -->\n<title>MAERSK DHAKA\u2503Current location and position (cargo ship)<\/title>\n<meta name=\"description\" content=\"MAERSK DHAKA \u2693 Current location and position of MAERSK Vessel \u2713 Maersk container tracking \u2713 Live Ship Tracker \u2713 cargo ship\" \/>\n<meta name=\"robots\" content=\"index, follow, max-snippet:-1, max-image-preview:large, max-video-preview:-1\" \/>\n<link rel=\"canonical\" href=\"https:\/\/ship-tracker.org\/pt\/maersk-dhaka\/\" \/>\n<meta property=\"og:locale\" content=\"pt_PT\" \/>\n<meta property=\"og:type\" content=\"article\" \/>\n<meta property=\"og:title\" content=\"MAERSK DHAKA\u2503Current location and position (cargo ship)\" \/>\n<meta property=\"og:description\" content=\"MAERSK DHAKA \u2693 Current location and position of MAERSK Vessel \u2713 Maersk container tracking \u2713 Live Ship Tracker \u2713 cargo ship\" \/>\n<meta property=\"og:url\" content=\"https:\/\/ship-tracker.org\/pt\/maersk-dhaka\/\" \/>\n<meta property=\"og:site_name\" content=\"Ship-tracker.org\" \/>\n<meta property=\"og:image\" content=\"https:\/\/ship-tracker.org\/wp-content\/uploads\/2023\/06\/maersk-tanjong-g275700498_640.jpg\" \/>\n\t<meta property=\"og:image:width\" content=\"640\" \/>\n\t<meta property=\"og:image:height\" content=\"446\" \/>\n\t<meta property=\"og:image:type\" content=\"image\/jpeg\" \/>\n<meta name=\"twitter:card\" content=\"summary_large_image\" \/>\n<meta name=\"twitter:label1\" content=\"Tempo estimado de leitura\" \/>\n\t<meta name=\"twitter:data1\" content=\"1 minuto\" \/>\n<script type=\"application\/ld+json\" class=\"yoast-schema-graph\">{\"@context\":\"https:\\\/\\\/schema.org\",\"@graph\":[{\"@type\":\"WebPage\",\"@id\":\"https:\\\/\\\/ship-tracker.org\\\/maersk-dhaka\\\/\",\"url\":\"https:\\\/\\\/ship-tracker.org\\\/maersk-dhaka\\\/\",\"name\":\"MAERSK DHAKA\u2503Current location and position (cargo ship)\",\"isPartOf\":{\"@id\":\"https:\\\/\\\/ship-tracker.org\\\/#website\"},\"primaryImageOfPage\":{\"@id\":\"https:\\\/\\\/ship-tracker.org\\\/maersk-dhaka\\\/#primaryimage\"},\"image\":{\"@id\":\"https:\\\/\\\/ship-tracker.org\\\/maersk-dhaka\\\/#primaryimage\"},\"thumbnailUrl\":\"https:\\\/\\\/ship-tracker.org\\\/wp-content\\\/uploads\\\/2023\\\/06\\\/maersk-tanjong-g275700498_640.jpg\",\"datePublished\":\"2023-06-20T12:19:13+00:00\",\"description\":\"MAERSK DHAKA \u2693 Current location and position of MAERSK Vessel \u2713 Maersk container tracking \u2713 Live Ship Tracker \u2713 cargo ship\",\"breadcrumb\":{\"@id\":\"https:\\\/\\\/ship-tracker.org\\\/maersk-dhaka\\\/#breadcrumb\"},\"inLanguage\":\"pt-PT\",\"potentialAction\":[{\"@type\":\"ReadAction\",\"target\":[\"https:\\\/\\\/ship-tracker.org\\\/maersk-dhaka\\\/\"]}]},{\"@type\":\"ImageObject\",\"inLanguage\":\"pt-PT\",\"@id\":\"https:\\\/\\\/ship-tracker.org\\\/maersk-dhaka\\\/#primaryimage\",\"url\":\"https:\\\/\\\/ship-tracker.org\\\/wp-content\\\/uploads\\\/2023\\\/06\\\/maersk-tanjong-g275700498_640.jpg\",\"contentUrl\":\"https:\\\/\\\/ship-tracker.org\\\/wp-content\\\/uploads\\\/2023\\\/06\\\/maersk-tanjong-g275700498_640.jpg\",\"width\":640,\"height\":446,\"caption\":\"MAERSK ABERDEEN\"},{\"@type\":\"BreadcrumbList\",\"@id\":\"https:\\\/\\\/ship-tracker.org\\\/maersk-dhaka\\\/#breadcrumb\",\"itemListElement\":[{\"@type\":\"ListItem\",\"position\":1,\"name\":\"Startseite\",\"item\":\"https:\\\/\\\/ship-tracker.org\\\/\"},{\"@type\":\"ListItem\",\"position\":2,\"name\":\"MAERSK DHAKA\"}]},{\"@type\":\"WebSite\",\"@id\":\"https:\\\/\\\/ship-tracker.org\\\/#website\",\"url\":\"https:\\\/\\\/ship-tracker.org\\\/\",\"name\":\"Ship-tracker.org\",\"description\":\"\",\"potentialAction\":[{\"@type\":\"SearchAction\",\"target\":{\"@type\":\"EntryPoint\",\"urlTemplate\":\"https:\\\/\\\/ship-tracker.org\\\/?s={search_term_string}\"},\"query-input\":{\"@type\":\"PropertyValueSpecification\",\"valueRequired\":true,\"valueName\":\"search_term_string\"}}],\"inLanguage\":\"pt-PT\"}]}<\/script>\n<!-- \/ Yoast SEO plugin. -->","yoast_head_json":{"title":"MAERSK DHAKA\u2503Localiza\u00e7\u00e3o e posi\u00e7\u00e3o atual (navio de carga)","description":"MAERSK DHAKA \u2693 Localiza\u00e7\u00e3o atual e posi\u00e7\u00e3o da embarca\u00e7\u00e3o MAERSK \u2713 Rastreamento de cont\u00eainer Maersk \u2713 Rastreador de navio ao vivo \u2713 navio de carga","robots":{"index":"index","follow":"follow","max-snippet":"max-snippet:-1","max-image-preview":"max-image-preview:large","max-video-preview":"max-video-preview:-1"},"canonical":"https:\/\/ship-tracker.org\/pt\/maersk-dhaka\/","og_locale":"pt_PT","og_type":"article","og_title":"MAERSK DHAKA\u2503Current location and position (cargo ship)","og_description":"MAERSK DHAKA \u2693 Current location and position of MAERSK Vessel \u2713 Maersk container tracking \u2713 Live Ship Tracker \u2713 cargo ship","og_url":"https:\/\/ship-tracker.org\/pt\/maersk-dhaka\/","og_site_name":"Ship-tracker.org","og_image":[{"width":640,"height":446,"url":"https:\/\/ship-tracker.org\/wp-content\/uploads\/2023\/06\/maersk-tanjong-g275700498_640.jpg","type":"image\/jpeg"}],"twitter_card":"summary_large_image","twitter_misc":{"Tempo estimado de leitura":"1 minuto"},"schema":{"@context":"https:\/\/schema.org","@graph":[{"@type":"WebPage","@id":"https:\/\/ship-tracker.org\/maersk-dhaka\/","url":"https:\/\/ship-tracker.org\/maersk-dhaka\/","name":"MAERSK DHAKA\u2503Localiza\u00e7\u00e3o e posi\u00e7\u00e3o atual (navio de carga)","isPartOf":{"@id":"https:\/\/ship-tracker.org\/#website"},"primaryImageOfPage":{"@id":"https:\/\/ship-tracker.org\/maersk-dhaka\/#primaryimage"},"image":{"@id":"https:\/\/ship-tracker.org\/maersk-dhaka\/#primaryimage"},"thumbnailUrl":"https:\/\/ship-tracker.org\/wp-content\/uploads\/2023\/06\/maersk-tanjong-g275700498_640.jpg","datePublished":"2023-06-20T12:19:13+00:00","description":"MAERSK DHAKA \u2693 Localiza\u00e7\u00e3o atual e posi\u00e7\u00e3o da embarca\u00e7\u00e3o MAERSK \u2713 Rastreamento de cont\u00eainer Maersk \u2713 Rastreador de navio ao vivo \u2713 navio de carga","breadcrumb":{"@id":"https:\/\/ship-tracker.org\/maersk-dhaka\/#breadcrumb"},"inLanguage":"pt-PT","potentialAction":[{"@type":"ReadAction","target":["https:\/\/ship-tracker.org\/maersk-dhaka\/"]}]},{"@type":"ImageObject","inLanguage":"pt-PT","@id":"https:\/\/ship-tracker.org\/maersk-dhaka\/#primaryimage","url":"https:\/\/ship-tracker.org\/wp-content\/uploads\/2023\/06\/maersk-tanjong-g275700498_640.jpg","contentUrl":"https:\/\/ship-tracker.org\/wp-content\/uploads\/2023\/06\/maersk-tanjong-g275700498_640.jpg","width":640,"height":446,"caption":"MAERSK ABERDEEN"},{"@type":"BreadcrumbList","@id":"https:\/\/ship-tracker.org\/maersk-dhaka\/#breadcrumb","itemListElement":[{"@type":"ListItem","position":1,"name":"Startseite","item":"https:\/\/ship-tracker.org\/"},{"@type":"ListItem","position":2,"name":"MAERSK DHAKA"}]},{"@type":"WebSite","@id":"https:\/\/ship-tracker.org\/#website","url":"https:\/\/ship-tracker.org\/","name":"Ship-tracker.org","description":"","potentialAction":[{"@type":"SearchAction","target":{"@type":"EntryPoint","urlTemplate":"https:\/\/ship-tracker.org\/?s={search_term_string}"},"query-input":{"@type":"PropertyValueSpecification","valueRequired":true,"valueName":"search_term_string"}}],"inLanguage":"pt-PT"}]}},"_links":{"self":[{"href":"https:\/\/ship-tracker.org\/pt\/wp-json\/wp\/v2\/pages\/3741","targetHints":{"allow":["GET"]}}],"collection":[{"href":"https:\/\/ship-tracker.org\/pt\/wp-json\/wp\/v2\/pages"}],"about":[{"href":"https:\/\/ship-tracker.org\/pt\/wp-json\/wp\/v2\/types\/page"}],"author":[{"embeddable":true,"href":"https:\/\/ship-tracker.org\/pt\/wp-json\/wp\/v2\/users\/1"}],"replies":[{"embeddable":true,"href":"https:\/\/ship-tracker.org\/pt\/wp-json\/wp\/v2\/comments?post=3741"}],"version-history":[{"count":1,"href":"https:\/\/ship-tracker.org\/pt\/wp-json\/wp\/v2\/pages\/3741\/revisions"}],"predecessor-version":[{"id":3743,"href":"https:\/\/ship-tracker.org\/pt\/wp-json\/wp\/v2\/pages\/3741\/revisions\/3743"}],"wp:featuredmedia":[{"embeddable":true,"href":"https:\/\/ship-tracker.org\/pt\/wp-json\/wp\/v2\/media\/3637"}],"wp:attachment":[{"href":"https:\/\/ship-tracker.org\/pt\/wp-json\/wp\/v2\/media?parent=3741"}],"curies":[{"name":"wp","href":"https:\/\/api.w.org\/{rel}","templated":true}]}}