{"id":3597,"date":"2023-06-14T15:13:28","date_gmt":"2023-06-14T13:13:28","guid":{"rendered":"https:\/\/ship-tracker.org\/?page_id=3597"},"modified":"2024-11-10T22:20:54","modified_gmt":"2024-11-10T21:20:54","slug":"military-ship-tracker","status":"publish","type":"page","link":"https:\/\/ship-tracker.org\/pt\/military-ship-tracker\/","title":{"rendered":"Rastreador Navio Militar"},"content":{"rendered":"<p>Rastreie todos os navios de guerra em todo o mundo com nosso rastreador de navios militares 24 horas por dia, 7 dias por semana, em tempo real! Obtenha v\u00e1rias informa\u00e7\u00f5es adicionais clicando em um \u00edcone de navio no mapa.<\/p>\n<h2>Mapa ao vivo de navios de guerra globais<\/h2>\n<p><iframe loading=\"lazy\" id=\"vesselfinder\" src=\"https:\/\/www.vesselfinder.com\/aismap?zoom=undefined&amp;lat=49&amp;lon=6.3&amp;width=100%25&amp;height=736&amp;names=true&amp;track=false&amp;fleet=&amp;fleet_name=false&amp;fleet_hide_old_positions=false&amp;clicktoact=false&amp;store_pos=true&amp;fil=4&amp;ra=https%3A%2F%2Fwww.marinevesseltraffic.com%2F2013%2F02%2Fmilitary-ship-track.html%3Ffull_screen%3Dyes\" name=\"vesselfinder\" width=\"100%\" height=\"736\" frameborder=\"0\" data-dashlane-frameid=\"382\">O navegador n\u00e3o oferece suporte a objetos incorporados.<br \/>\nVisite diretamente <a href=\"https:\/\/www.vesselfinder.com\" target=\"_blank\" rel=\"noopener\">www.vesselfinder.com<\/a><\/iframe><br \/>\nO rastreamento de navios militares desempenha um papel cr\u00edtico nas opera\u00e7\u00f5es estrat\u00e9gicas das marinhas em todo o mundo. Ele permite que as marinhas monitorem as posi\u00e7\u00f5es de suas embarca\u00e7\u00f5es, melhorem a efici\u00eancia operacional e garantam a seguran\u00e7a mar\u00edtima.<\/p>\n<h2>Import\u00e2ncia do Rastreamento de Navios Militares<\/h2>\n<p>O rastreamento de navios no contexto militar \u00e9 vital por v\u00e1rios motivos:<\/p>\n<ol>\n<li><strong>Consci\u00eancia T\u00e1tica:<\/strong> O rastreamento em tempo real fornece \u00e0s marinhas uma imagem precisa da localiza\u00e7\u00e3o de seus ativos, contribuindo para melhorar a consci\u00eancia t\u00e1tica e a tomada de decis\u00f5es.<\/li>\n<li><strong>Efici\u00eancia operacional:<\/strong> Auxilia na otimiza\u00e7\u00e3o da implanta\u00e7\u00e3o e roteamento de embarca\u00e7\u00f5es navais, aumentando assim a efici\u00eancia operacional e conservando recursos.<\/li>\n<li><strong>Seguran\u00e7a e Seguran\u00e7a:<\/strong> O rastreamento pode ajudar a prevenir acidentes ao identificar poss\u00edveis rotas de colis\u00e3o. Ele tamb\u00e9m aumenta a seguran\u00e7a ao alertar os centros de comando sobre desvios n\u00e3o programados, que podem indicar uma poss\u00edvel amea\u00e7a ou emerg\u00eancia.<\/li>\n<\/ol>\n<h2>Tecnologia<\/h2>\n<p>V\u00e1rias tecnologias permitem o rastreamento de navios militares:<\/p>\n<ol>\n<li><strong>Sistemas de Radar:<\/strong> Sistemas de radar, como o Sistema de Identifica\u00e7\u00e3o Autom\u00e1tica (AIS), s\u00e3o comumente usados para rastrear navios. No entanto, as embarca\u00e7\u00f5es militares geralmente desligam seus transponders AIS por motivos de seguran\u00e7a, pois tamb\u00e9m podem ser detectados por advers\u00e1rios.<\/li>\n<li><strong>Vigil\u00e2ncia por sat\u00e9lite:<\/strong> Os sat\u00e9lites fornecem uma vis\u00e3o global dos oceanos, permitindo que os militares monitorem suas embarca\u00e7\u00f5es, especialmente em \u00e1reas remotas.<\/li>\n<li><strong>Sistemas de sonar:<\/strong> Os sistemas de sonar subaqu\u00e1tico podem rastrear submarinos e outros recursos militares subaqu\u00e1ticos.<\/li>\n<\/ol>\n<p>Desafios e Desenvolvimentos Futuros:<\/p>\n<p>Embora o rastreamento de navios militares ofere\u00e7a in\u00fameros benef\u00edcios, ele tamb\u00e9m vem com seu conjunto de desafios. As informa\u00e7\u00f5es estrat\u00e9gicas envolvidas tornam a seguran\u00e7a uma prioridade. Criptografia avan\u00e7ada e outras medidas de seguran\u00e7a cibern\u00e9tica s\u00e3o necess\u00e1rias para impedir que advers\u00e1rios interceptem dados de rastreamento.<\/p>\n<p>Al\u00e9m disso, o rastreamento em \u00e1reas remotas, como o \u00c1rtico, pode ser desafiador devido \u00e0 falta de infraestrutura e condi\u00e7\u00f5es ambientais adversas. Espera-se que tecnologias emergentes, como drones n\u00e3o tripulados e IA, melhorem os recursos de rastreamento nessas regi\u00f5es.<\/p>\n<h3>Conclus\u00e3o<\/h3>\n<p>As for\u00e7as Armadas <a href=\"https:\/\/ship-tracker.org\/pt\/\">rastreador de navio<\/a> \u00e9 uma necessidade estrat\u00e9gica que contribui significativamente para a efici\u00eancia operacional, seguran\u00e7a e prote\u00e7\u00e3o de uma marinha. \u00c0 medida que os avan\u00e7os tecnol\u00f3gicos continuam, os sistemas de rastreamento se tornar\u00e3o ainda mais precisos, confi\u00e1veis e seguros, aumentando ainda mais seu valor estrat\u00e9gico nas opera\u00e7\u00f5es mar\u00edtimas.<\/p>","protected":false},"excerpt":{"rendered":"<p>Rastreie todos os navios de guerra em todo o mundo com nosso rastreador de navios militares 24 horas por dia, 7 dias por semana, em tempo real! Obtenha v\u00e1rias informa\u00e7\u00f5es adicionais clicando no \u00edcone de um navio no mapa. O Global Warships Live Map Browser n\u00e3o suporta objetos incorporados. Visite diretamente www.vesselfinder.com O rastreamento militar de navios desempenha um papel cr\u00edtico nas opera\u00e7\u00f5es estrat\u00e9gicas das marinhas em todo o mundo. Ele permite\u2026&nbsp;<a href=\"https:\/\/ship-tracker.org\/pt\/military-ship-tracker\/\" rel=\"bookmark\">Ler mais \u00bb<span class=\"screen-reader-text\">Rastreador Navio Militar<\/span><\/a><\/p>","protected":false},"author":1,"featured_media":3599,"parent":0,"menu_order":0,"comment_status":"closed","ping_status":"closed","template":"","meta":{"neve_meta_sidebar":"","neve_meta_container":"","neve_meta_enable_content_width":"off","neve_meta_content_width":100,"neve_meta_title_alignment":"","neve_meta_author_avatar":"","neve_post_elements_order":"","neve_meta_disable_header":"","neve_meta_disable_footer":"","neve_meta_disable_title":"","neve_meta_reading_time":"","footnotes":""},"class_list":["post-3597","page","type-page","status-publish","has-post-thumbnail","hentry"],"yoast_head":"<!-- This site is optimized with the Yoast SEO plugin v27.4 - https:\/\/yoast.com\/product\/yoast-seo-wordpress\/ -->\n<title>Military Ship Tracker - Ship-tracker.org<\/title>\n<meta name=\"description\" content=\"Military Ship Tracker \u2693 Current position of All warships \u2713 Live Ship Tracker \u2713 IMO, MMSI and Specifications \u2713 Live Map by country\" \/>\n<meta name=\"robots\" content=\"index, follow, max-snippet:-1, max-image-preview:large, max-video-preview:-1\" \/>\n<link rel=\"canonical\" href=\"https:\/\/ship-tracker.org\/pt\/military-ship-tracker\/\" \/>\n<meta property=\"og:locale\" content=\"pt_PT\" \/>\n<meta property=\"og:type\" content=\"article\" \/>\n<meta property=\"og:title\" content=\"Military Ship Tracker - Ship-tracker.org\" \/>\n<meta property=\"og:description\" content=\"Military Ship Tracker \u2693 Current position of All warships \u2713 Live Ship Tracker \u2713 IMO, MMSI and Specifications \u2713 Live Map by country\" \/>\n<meta property=\"og:url\" content=\"https:\/\/ship-tracker.org\/pt\/military-ship-tracker\/\" \/>\n<meta property=\"og:site_name\" content=\"Ship-tracker.org\" \/>\n<meta property=\"article:modified_time\" content=\"2024-11-10T21:20:54+00:00\" \/>\n<meta property=\"og:image\" content=\"https:\/\/ship-tracker.org\/wp-content\/uploads\/2023\/06\/ships-g5e179667c_640.jpg\" \/>\n\t<meta property=\"og:image:width\" content=\"640\" \/>\n\t<meta property=\"og:image:height\" content=\"420\" \/>\n\t<meta property=\"og:image:type\" content=\"image\/jpeg\" \/>\n<meta name=\"twitter:card\" content=\"summary_large_image\" \/>\n<meta name=\"twitter:label1\" content=\"Tempo estimado de leitura\" \/>\n\t<meta name=\"twitter:data1\" content=\"2 minutos\" \/>\n<script type=\"application\/ld+json\" class=\"yoast-schema-graph\">{\"@context\":\"https:\\\/\\\/schema.org\",\"@graph\":[{\"@type\":\"WebPage\",\"@id\":\"https:\\\/\\\/ship-tracker.org\\\/military-ship-tracker\\\/\",\"url\":\"https:\\\/\\\/ship-tracker.org\\\/military-ship-tracker\\\/\",\"name\":\"Military Ship Tracker - Ship-tracker.org\",\"isPartOf\":{\"@id\":\"https:\\\/\\\/ship-tracker.org\\\/#website\"},\"primaryImageOfPage\":{\"@id\":\"https:\\\/\\\/ship-tracker.org\\\/military-ship-tracker\\\/#primaryimage\"},\"image\":{\"@id\":\"https:\\\/\\\/ship-tracker.org\\\/military-ship-tracker\\\/#primaryimage\"},\"thumbnailUrl\":\"https:\\\/\\\/ship-tracker.org\\\/wp-content\\\/uploads\\\/2023\\\/06\\\/ships-g5e179667c_640.jpg\",\"datePublished\":\"2023-06-14T13:13:28+00:00\",\"dateModified\":\"2024-11-10T21:20:54+00:00\",\"description\":\"Military Ship Tracker \u2693 Current position of All warships \u2713 Live Ship Tracker \u2713 IMO, MMSI and Specifications \u2713 Live Map by country\",\"breadcrumb\":{\"@id\":\"https:\\\/\\\/ship-tracker.org\\\/military-ship-tracker\\\/#breadcrumb\"},\"inLanguage\":\"pt-PT\",\"potentialAction\":[{\"@type\":\"ReadAction\",\"target\":[\"https:\\\/\\\/ship-tracker.org\\\/military-ship-tracker\\\/\"]}]},{\"@type\":\"ImageObject\",\"inLanguage\":\"pt-PT\",\"@id\":\"https:\\\/\\\/ship-tracker.org\\\/military-ship-tracker\\\/#primaryimage\",\"url\":\"https:\\\/\\\/ship-tracker.org\\\/wp-content\\\/uploads\\\/2023\\\/06\\\/ships-g5e179667c_640.jpg\",\"contentUrl\":\"https:\\\/\\\/ship-tracker.org\\\/wp-content\\\/uploads\\\/2023\\\/06\\\/ships-g5e179667c_640.jpg\",\"width\":640,\"height\":420,\"caption\":\"Military Ship Tracker\"},{\"@type\":\"BreadcrumbList\",\"@id\":\"https:\\\/\\\/ship-tracker.org\\\/military-ship-tracker\\\/#breadcrumb\",\"itemListElement\":[{\"@type\":\"ListItem\",\"position\":1,\"name\":\"Startseite\",\"item\":\"https:\\\/\\\/ship-tracker.org\\\/\"},{\"@type\":\"ListItem\",\"position\":2,\"name\":\"Military Ship Tracker\"}]},{\"@type\":\"WebSite\",\"@id\":\"https:\\\/\\\/ship-tracker.org\\\/#website\",\"url\":\"https:\\\/\\\/ship-tracker.org\\\/\",\"name\":\"Ship-tracker.org\",\"description\":\"\",\"potentialAction\":[{\"@type\":\"SearchAction\",\"target\":{\"@type\":\"EntryPoint\",\"urlTemplate\":\"https:\\\/\\\/ship-tracker.org\\\/?s={search_term_string}\"},\"query-input\":{\"@type\":\"PropertyValueSpecification\",\"valueRequired\":true,\"valueName\":\"search_term_string\"}}],\"inLanguage\":\"pt-PT\"}]}<\/script>\n<!-- \/ Yoast SEO plugin. -->","yoast_head_json":{"title":"Rastreador de navios militares - Ship-tracker.org","description":"Rastreador de navios militares \u2693 Posi\u00e7\u00e3o atual de todos os navios de guerra \u2713 Rastreador de navios ao vivo \u2713 IMO, MMSI e especifica\u00e7\u00f5es \u2713 Mapa ao vivo por pa\u00eds","robots":{"index":"index","follow":"follow","max-snippet":"max-snippet:-1","max-image-preview":"max-image-preview:large","max-video-preview":"max-video-preview:-1"},"canonical":"https:\/\/ship-tracker.org\/pt\/military-ship-tracker\/","og_locale":"pt_PT","og_type":"article","og_title":"Military Ship Tracker - Ship-tracker.org","og_description":"Military Ship Tracker \u2693 Current position of All warships \u2713 Live Ship Tracker \u2713 IMO, MMSI and Specifications \u2713 Live Map by country","og_url":"https:\/\/ship-tracker.org\/pt\/military-ship-tracker\/","og_site_name":"Ship-tracker.org","article_modified_time":"2024-11-10T21:20:54+00:00","og_image":[{"width":640,"height":420,"url":"https:\/\/ship-tracker.org\/wp-content\/uploads\/2023\/06\/ships-g5e179667c_640.jpg","type":"image\/jpeg"}],"twitter_card":"summary_large_image","twitter_misc":{"Tempo estimado de leitura":"2 minutos"},"schema":{"@context":"https:\/\/schema.org","@graph":[{"@type":"WebPage","@id":"https:\/\/ship-tracker.org\/military-ship-tracker\/","url":"https:\/\/ship-tracker.org\/military-ship-tracker\/","name":"Rastreador de navios militares - Ship-tracker.org","isPartOf":{"@id":"https:\/\/ship-tracker.org\/#website"},"primaryImageOfPage":{"@id":"https:\/\/ship-tracker.org\/military-ship-tracker\/#primaryimage"},"image":{"@id":"https:\/\/ship-tracker.org\/military-ship-tracker\/#primaryimage"},"thumbnailUrl":"https:\/\/ship-tracker.org\/wp-content\/uploads\/2023\/06\/ships-g5e179667c_640.jpg","datePublished":"2023-06-14T13:13:28+00:00","dateModified":"2024-11-10T21:20:54+00:00","description":"Rastreador de navios militares \u2693 Posi\u00e7\u00e3o atual de todos os navios de guerra \u2713 Rastreador de navios ao vivo \u2713 IMO, MMSI e especifica\u00e7\u00f5es \u2713 Mapa ao vivo por pa\u00eds","breadcrumb":{"@id":"https:\/\/ship-tracker.org\/military-ship-tracker\/#breadcrumb"},"inLanguage":"pt-PT","potentialAction":[{"@type":"ReadAction","target":["https:\/\/ship-tracker.org\/military-ship-tracker\/"]}]},{"@type":"ImageObject","inLanguage":"pt-PT","@id":"https:\/\/ship-tracker.org\/military-ship-tracker\/#primaryimage","url":"https:\/\/ship-tracker.org\/wp-content\/uploads\/2023\/06\/ships-g5e179667c_640.jpg","contentUrl":"https:\/\/ship-tracker.org\/wp-content\/uploads\/2023\/06\/ships-g5e179667c_640.jpg","width":640,"height":420,"caption":"Military Ship Tracker"},{"@type":"BreadcrumbList","@id":"https:\/\/ship-tracker.org\/military-ship-tracker\/#breadcrumb","itemListElement":[{"@type":"ListItem","position":1,"name":"Startseite","item":"https:\/\/ship-tracker.org\/"},{"@type":"ListItem","position":2,"name":"Military Ship Tracker"}]},{"@type":"WebSite","@id":"https:\/\/ship-tracker.org\/#website","url":"https:\/\/ship-tracker.org\/","name":"Ship-tracker.org","description":"","potentialAction":[{"@type":"SearchAction","target":{"@type":"EntryPoint","urlTemplate":"https:\/\/ship-tracker.org\/?s={search_term_string}"},"query-input":{"@type":"PropertyValueSpecification","valueRequired":true,"valueName":"search_term_string"}}],"inLanguage":"pt-PT"}]}},"_links":{"self":[{"href":"https:\/\/ship-tracker.org\/pt\/wp-json\/wp\/v2\/pages\/3597","targetHints":{"allow":["GET"]}}],"collection":[{"href":"https:\/\/ship-tracker.org\/pt\/wp-json\/wp\/v2\/pages"}],"about":[{"href":"https:\/\/ship-tracker.org\/pt\/wp-json\/wp\/v2\/types\/page"}],"author":[{"embeddable":true,"href":"https:\/\/ship-tracker.org\/pt\/wp-json\/wp\/v2\/users\/1"}],"replies":[{"embeddable":true,"href":"https:\/\/ship-tracker.org\/pt\/wp-json\/wp\/v2\/comments?post=3597"}],"version-history":[{"count":6,"href":"https:\/\/ship-tracker.org\/pt\/wp-json\/wp\/v2\/pages\/3597\/revisions"}],"predecessor-version":[{"id":5369,"href":"https:\/\/ship-tracker.org\/pt\/wp-json\/wp\/v2\/pages\/3597\/revisions\/5369"}],"wp:featuredmedia":[{"embeddable":true,"href":"https:\/\/ship-tracker.org\/pt\/wp-json\/wp\/v2\/media\/3599"}],"wp:attachment":[{"href":"https:\/\/ship-tracker.org\/pt\/wp-json\/wp\/v2\/media?parent=3597"}],"curies":[{"name":"wp","href":"https:\/\/api.w.org\/{rel}","templated":true}]}}