{"id":3583,"date":"2023-06-14T14:44:14","date_gmt":"2023-06-14T12:44:14","guid":{"rendered":"https:\/\/ship-tracker.org\/?page_id=3583"},"modified":"2023-06-14T14:44:14","modified_gmt":"2023-06-14T12:44:14","slug":"tracking-ship-container","status":"publish","type":"page","link":"https:\/\/ship-tracker.org\/pt\/tracking-ship-container\/","title":{"rendered":"Rastreamento de Navio Cont\u00eainer"},"content":{"rendered":"<p><strong>O Live Container Tracker inclui carga a\u00e9rea, encomendas de correio e correio<\/strong><\/p>\n<p>Por favor, insira o n\u00famero da remessa que voc\u00ea deseja rastrear:<br \/>\n<iframe loading=\"lazy\" class=\"tracking-form\" src=\"https:\/\/os.freightamigo.com\/wp\/v2\/tracking\" width=\"100%\" height=\"600px\" data-dashlane-rid=\"169e7ea8ce2cc400\" data-form-type=\"other\" data-dashlane-frameid=\"20497\"><\/iframe><\/p>\n<p><a href=\"https:\/\/ship-tracker.org\/pt\/\">Navio de rastreamento<\/a> cont\u00eaineres \u00e9 um aspecto vital do com\u00e9rcio e log\u00edstica globais. \u00c0 medida que as mercadorias atravessam oceanos e continentes, a capacidade de monitorar sua jornada em tempo real oferece benef\u00edcios a todas as partes interessadas \u2013 das empresas de navega\u00e7\u00e3o aos consumidores finais.<\/p>\n<h2>Tecnologia<\/h2>\n<p>O rastreamento moderno de cont\u00eaineres utiliza v\u00e1rias tecnologias, incluindo GPS via sat\u00e9lite, tags RFID e dispositivos IoT. Essas tecnologias fornecem informa\u00e7\u00f5es em tempo real sobre a localiza\u00e7\u00e3o do cont\u00eainer, condi\u00e7\u00f5es ambientais e at\u00e9 mesmo o status de seguran\u00e7a do cont\u00eainer.<\/p>\n<ol>\n<li><strong>Rastreamento GPS:<\/strong> O Sistema de Posicionamento Global (GPS) \u00e9 uma das tecnologias mais usadas para rastreamento de cont\u00eaineres. Ao instalar dispositivos GPS em cont\u00eaineres, as empresas de navega\u00e7\u00e3o podem rastrear a localiza\u00e7\u00e3o dos cont\u00eaineres em tempo real em qualquer lugar do mundo.<\/li>\n<li><strong>Etiquetas RFID:<\/strong> As etiquetas de identifica\u00e7\u00e3o por radiofrequ\u00eancia (RFID) s\u00e3o outra tecnologia popular. Essas tags podem armazenar informa\u00e7\u00f5es detalhadas sobre o cont\u00eainer e seu conte\u00fado. Leitores RFID instalados em v\u00e1rios pontos da cadeia de suprimentos, como portos e centros de distribui\u00e7\u00e3o, podem digitalizar rapidamente essas etiquetas e atualizar o status do cont\u00eainer.<\/li>\n<li><strong>Dispositivos IoT:<\/strong> Os dispositivos da Internet das Coisas (IoT) oferecem recursos avan\u00e7ados de rastreamento. Eles podem monitorar n\u00e3o apenas a localiza\u00e7\u00e3o do cont\u00eainer, mas tamb\u00e9m as condi\u00e7\u00f5es ambientais, como temperatura e umidade, tornando-os essenciais para o transporte de mercadorias sens\u00edveis, como alimentos ou produtos farmac\u00eauticos.<\/li>\n<\/ol>\n<h2>Benef\u00edcios<\/h2>\n<p>O rastreamento de cont\u00eaineres em tempo real oferece in\u00fameros benef\u00edcios.<\/p>\n<ol>\n<li><strong>Visibilidade:<\/strong> O rastreamento fornece visibilidade total do processo de remessa, permitindo que as empresas de transporte e os clientes saibam onde as mercadorias est\u00e3o a qualquer momento. Essa transpar\u00eancia pode reduzir a incerteza e melhorar o planejamento.<\/li>\n<li><strong>Efici\u00eancia:<\/strong> O rastreamento em tempo real pode identificar gargalos e inefici\u00eancias no processo de remessa, levando a melhorias no roteamento e manuseio e, por fim, reduzindo custos.<\/li>\n<li><strong>Seguran\u00e7a:<\/strong> Os dispositivos de rastreamento podem alertar as empresas sobre qualquer acesso n\u00e3o autorizado aos cont\u00eaineres, aumentando a seguran\u00e7a das mercadorias dentro deles.<\/li>\n<\/ol>\n<h3>Futuro do Rastreamento de Cont\u00eaineres:<\/h3>\n<p>O futuro do rastreamento de cont\u00eaineres provavelmente ser\u00e1 moldado por novos avan\u00e7os na tecnologia. A tecnologia Blockchain, por exemplo, pode aumentar a transpar\u00eancia e a seguran\u00e7a do rastreamento de cont\u00eaineres. Ele pode criar um registro imut\u00e1vel da jornada de cada cont\u00eainer, acess\u00edvel a todas as partes interessadas.<\/p>\n<p>A IA e o aprendizado de m\u00e1quina podem analisar dados de rastreamento para prever atrasos e otimizar rotas. Al\u00e9m disso, os avan\u00e7os nos dispositivos IoT podem fornecer informa\u00e7\u00f5es ainda mais detalhadas em tempo real sobre cont\u00eaineres e seus conte\u00fados.<\/p>\n<h3>Conclus\u00e3o<\/h3>\n<p>O rastreamento de cont\u00eaineres est\u00e1 no centro da revolu\u00e7\u00e3o digital no com\u00e9rcio global. \u00c0 medida que a tecnologia continua a evoluir, sem d\u00favida trar\u00e1 melhorias ainda mais significativas na forma como rastreamos e gerenciamos os bilh\u00f5es de cont\u00eaineres que cruzam nossos oceanos todos os anos, tornando o com\u00e9rcio global mais eficiente, seguro e transparente.<\/p>","protected":false},"excerpt":{"rendered":"<p>Live Container Tracker Inclui carga a\u00e9rea, encomendas de correio e correio. Insira o n\u00famero da remessa que deseja rastrear: Rastrear cont\u00eaineres de navios \u00e9 um aspecto vital do com\u00e9rcio e da log\u00edstica globais. \u00c0 medida que as mercadorias atravessam oceanos e continentes, a capacidade de monitorizar a sua viagem em tempo real oferece benef\u00edcios a todas as partes interessadas \u2013 desde companhias de navega\u00e7\u00e3o at\u00e9\u2026&nbsp;<a href=\"https:\/\/ship-tracker.org\/pt\/tracking-ship-container\/\" rel=\"bookmark\">Ler mais \u00bb<span class=\"screen-reader-text\">Rastreamento de Navio Cont\u00eainer<\/span><\/a><\/p>","protected":false},"author":1,"featured_media":3594,"parent":0,"menu_order":0,"comment_status":"closed","ping_status":"closed","template":"","meta":{"neve_meta_sidebar":"","neve_meta_container":"","neve_meta_enable_content_width":"","neve_meta_content_width":0,"neve_meta_title_alignment":"","neve_meta_author_avatar":"","neve_post_elements_order":"","neve_meta_disable_header":"","neve_meta_disable_footer":"","neve_meta_disable_title":"","neve_meta_reading_time":"","footnotes":""},"class_list":["post-3583","page","type-page","status-publish","has-post-thumbnail","hentry"],"yoast_head":"<!-- This site is optimized with the Yoast SEO plugin v26.9 - https:\/\/yoast.com\/product\/yoast-seo-wordpress\/ -->\n<title>Tracking Ship Container - Ship-tracker.org<\/title>\n<meta name=\"description\" content=\"Explore the revolution in global trade with real-time ship container tracking. Dive into the technologies enabling transparency.\" \/>\n<meta name=\"robots\" content=\"index, follow, max-snippet:-1, max-image-preview:large, max-video-preview:-1\" \/>\n<link rel=\"canonical\" href=\"https:\/\/ship-tracker.org\/pt\/tracking-ship-container\/\" \/>\n<meta property=\"og:locale\" content=\"pt_PT\" \/>\n<meta property=\"og:type\" content=\"article\" \/>\n<meta property=\"og:title\" content=\"Tracking Ship Container - Ship-tracker.org\" \/>\n<meta property=\"og:description\" content=\"Explore the revolution in global trade with real-time ship container tracking. Dive into the technologies enabling transparency.\" \/>\n<meta property=\"og:url\" content=\"https:\/\/ship-tracker.org\/pt\/tracking-ship-container\/\" \/>\n<meta property=\"og:site_name\" content=\"Ship-tracker.org\" \/>\n<meta property=\"og:image\" content=\"https:\/\/ship-tracker.org\/wp-content\/uploads\/2023\/06\/container-ship-g9d93bfd74_640.jpg\" \/>\n\t<meta property=\"og:image:width\" content=\"640\" \/>\n\t<meta property=\"og:image:height\" content=\"427\" \/>\n\t<meta property=\"og:image:type\" content=\"image\/jpeg\" \/>\n<meta name=\"twitter:card\" content=\"summary_large_image\" \/>\n<meta name=\"twitter:label1\" content=\"Tempo estimado de leitura\" \/>\n\t<meta name=\"twitter:data1\" content=\"2 minutos\" \/>\n<script type=\"application\/ld+json\" class=\"yoast-schema-graph\">{\"@context\":\"https:\/\/schema.org\",\"@graph\":[{\"@type\":\"WebPage\",\"@id\":\"https:\/\/ship-tracker.org\/tracking-ship-container\/\",\"url\":\"https:\/\/ship-tracker.org\/tracking-ship-container\/\",\"name\":\"Tracking Ship Container - Ship-tracker.org\",\"isPartOf\":{\"@id\":\"https:\/\/ship-tracker.org\/#website\"},\"primaryImageOfPage\":{\"@id\":\"https:\/\/ship-tracker.org\/tracking-ship-container\/#primaryimage\"},\"image\":{\"@id\":\"https:\/\/ship-tracker.org\/tracking-ship-container\/#primaryimage\"},\"thumbnailUrl\":\"https:\/\/ship-tracker.org\/wp-content\/uploads\/2023\/06\/container-ship-g9d93bfd74_640.jpg\",\"datePublished\":\"2023-06-14T12:44:14+00:00\",\"description\":\"Explore the revolution in global trade with real-time ship container tracking. Dive into the technologies enabling transparency.\",\"breadcrumb\":{\"@id\":\"https:\/\/ship-tracker.org\/tracking-ship-container\/#breadcrumb\"},\"inLanguage\":\"pt-PT\",\"potentialAction\":[{\"@type\":\"ReadAction\",\"target\":[\"https:\/\/ship-tracker.org\/tracking-ship-container\/\"]}]},{\"@type\":\"ImageObject\",\"inLanguage\":\"pt-PT\",\"@id\":\"https:\/\/ship-tracker.org\/tracking-ship-container\/#primaryimage\",\"url\":\"https:\/\/ship-tracker.org\/wp-content\/uploads\/2023\/06\/container-ship-g9d93bfd74_640.jpg\",\"contentUrl\":\"https:\/\/ship-tracker.org\/wp-content\/uploads\/2023\/06\/container-ship-g9d93bfd74_640.jpg\",\"width\":640,\"height\":427,\"caption\":\"Tracking Ship Container\"},{\"@type\":\"BreadcrumbList\",\"@id\":\"https:\/\/ship-tracker.org\/tracking-ship-container\/#breadcrumb\",\"itemListElement\":[{\"@type\":\"ListItem\",\"position\":1,\"name\":\"Startseite\",\"item\":\"https:\/\/ship-tracker.org\/\"},{\"@type\":\"ListItem\",\"position\":2,\"name\":\"Tracking Ship Container\"}]},{\"@type\":\"WebSite\",\"@id\":\"https:\/\/ship-tracker.org\/#website\",\"url\":\"https:\/\/ship-tracker.org\/\",\"name\":\"Ship-tracker.org\",\"description\":\"\",\"potentialAction\":[{\"@type\":\"SearchAction\",\"target\":{\"@type\":\"EntryPoint\",\"urlTemplate\":\"https:\/\/ship-tracker.org\/?s={search_term_string}\"},\"query-input\":{\"@type\":\"PropertyValueSpecification\",\"valueRequired\":true,\"valueName\":\"search_term_string\"}}],\"inLanguage\":\"pt-PT\"}]}<\/script>\n<!-- \/ Yoast SEO plugin. -->","yoast_head_json":{"title":"Rastreamento de cont\u00eainer de navio - Ship-tracker.org","description":"Explore a revolu\u00e7\u00e3o no com\u00e9rcio global com rastreamento de cont\u00eaineres de navios em tempo real. Mergulhe nas tecnologias que permitem a transpar\u00eancia.","robots":{"index":"index","follow":"follow","max-snippet":"max-snippet:-1","max-image-preview":"max-image-preview:large","max-video-preview":"max-video-preview:-1"},"canonical":"https:\/\/ship-tracker.org\/pt\/tracking-ship-container\/","og_locale":"pt_PT","og_type":"article","og_title":"Tracking Ship Container - Ship-tracker.org","og_description":"Explore the revolution in global trade with real-time ship container tracking. Dive into the technologies enabling transparency.","og_url":"https:\/\/ship-tracker.org\/pt\/tracking-ship-container\/","og_site_name":"Ship-tracker.org","og_image":[{"width":640,"height":427,"url":"https:\/\/ship-tracker.org\/wp-content\/uploads\/2023\/06\/container-ship-g9d93bfd74_640.jpg","type":"image\/jpeg"}],"twitter_card":"summary_large_image","twitter_misc":{"Tempo estimado de leitura":"2 minutos"},"schema":{"@context":"https:\/\/schema.org","@graph":[{"@type":"WebPage","@id":"https:\/\/ship-tracker.org\/tracking-ship-container\/","url":"https:\/\/ship-tracker.org\/tracking-ship-container\/","name":"Rastreamento de cont\u00eainer de navio - Ship-tracker.org","isPartOf":{"@id":"https:\/\/ship-tracker.org\/#website"},"primaryImageOfPage":{"@id":"https:\/\/ship-tracker.org\/tracking-ship-container\/#primaryimage"},"image":{"@id":"https:\/\/ship-tracker.org\/tracking-ship-container\/#primaryimage"},"thumbnailUrl":"https:\/\/ship-tracker.org\/wp-content\/uploads\/2023\/06\/container-ship-g9d93bfd74_640.jpg","datePublished":"2023-06-14T12:44:14+00:00","description":"Explore a revolu\u00e7\u00e3o no com\u00e9rcio global com rastreamento de cont\u00eaineres de navios em tempo real. Mergulhe nas tecnologias que permitem a transpar\u00eancia.","breadcrumb":{"@id":"https:\/\/ship-tracker.org\/tracking-ship-container\/#breadcrumb"},"inLanguage":"pt-PT","potentialAction":[{"@type":"ReadAction","target":["https:\/\/ship-tracker.org\/tracking-ship-container\/"]}]},{"@type":"ImageObject","inLanguage":"pt-PT","@id":"https:\/\/ship-tracker.org\/tracking-ship-container\/#primaryimage","url":"https:\/\/ship-tracker.org\/wp-content\/uploads\/2023\/06\/container-ship-g9d93bfd74_640.jpg","contentUrl":"https:\/\/ship-tracker.org\/wp-content\/uploads\/2023\/06\/container-ship-g9d93bfd74_640.jpg","width":640,"height":427,"caption":"Tracking Ship Container"},{"@type":"BreadcrumbList","@id":"https:\/\/ship-tracker.org\/tracking-ship-container\/#breadcrumb","itemListElement":[{"@type":"ListItem","position":1,"name":"Startseite","item":"https:\/\/ship-tracker.org\/"},{"@type":"ListItem","position":2,"name":"Tracking Ship Container"}]},{"@type":"WebSite","@id":"https:\/\/ship-tracker.org\/#website","url":"https:\/\/ship-tracker.org\/","name":"Ship-tracker.org","description":"","potentialAction":[{"@type":"SearchAction","target":{"@type":"EntryPoint","urlTemplate":"https:\/\/ship-tracker.org\/?s={search_term_string}"},"query-input":{"@type":"PropertyValueSpecification","valueRequired":true,"valueName":"search_term_string"}}],"inLanguage":"pt-PT"}]}},"_links":{"self":[{"href":"https:\/\/ship-tracker.org\/pt\/wp-json\/wp\/v2\/pages\/3583","targetHints":{"allow":["GET"]}}],"collection":[{"href":"https:\/\/ship-tracker.org\/pt\/wp-json\/wp\/v2\/pages"}],"about":[{"href":"https:\/\/ship-tracker.org\/pt\/wp-json\/wp\/v2\/types\/page"}],"author":[{"embeddable":true,"href":"https:\/\/ship-tracker.org\/pt\/wp-json\/wp\/v2\/users\/1"}],"replies":[{"embeddable":true,"href":"https:\/\/ship-tracker.org\/pt\/wp-json\/wp\/v2\/comments?post=3583"}],"version-history":[{"count":10,"href":"https:\/\/ship-tracker.org\/pt\/wp-json\/wp\/v2\/pages\/3583\/revisions"}],"predecessor-version":[{"id":3595,"href":"https:\/\/ship-tracker.org\/pt\/wp-json\/wp\/v2\/pages\/3583\/revisions\/3595"}],"wp:featuredmedia":[{"embeddable":true,"href":"https:\/\/ship-tracker.org\/pt\/wp-json\/wp\/v2\/media\/3594"}],"wp:attachment":[{"href":"https:\/\/ship-tracker.org\/pt\/wp-json\/wp\/v2\/media?parent=3583"}],"curies":[{"name":"wp","href":"https:\/\/api.w.org\/{rel}","templated":true}]}}